{"id":24945,"date":"2023-12-04T15:58:13","date_gmt":"2023-12-04T15:58:13","guid":{"rendered":"https:\/\/zamphelmets.co\/product\/zr-72-preto-vermelho-azul\/"},"modified":"2026-02-16T15:56:27","modified_gmt":"2026-02-16T15:56:27","slug":"zr-72-preto-vermelho-azul","status":"publish","type":"product","link":"https:\/\/zamphelmets.co\/pt-pt\/produto\/zr-72-preto-vermelho-azul\/","title":{"rendered":"ZR-72 Preto \/ Vermelho \/ Azul"},"content":{"rendered":"<p>A Zamp orgulha-se de anunciar o novo e deslumbrante capacete ZR-72 <strong>fabricado em It\u00e1lia<\/strong>. Com um design aerodin\u00e2mico \u00fanico e incr\u00edvel, com as normas de seguran\u00e7a Advanced FIA 8859-2015 e Snell SA2020 e com uma estrutura super leve. O capacete ZR 72 possui um grande fluxo de ar e inclui um escudo anti-embaciamento transparente.<\/p>\n<p>As caracter\u00edsticas incluem:<\/p>\n<ul>\n<li>Design avan\u00e7ado para um <strong>revestimento incrivelmente leve<\/strong><\/li>\n<li><strong>Concha aerodin\u00e2mica<\/strong> &#8211; mais uma linha de op\u00e7\u00f5es de acess\u00f3rios, incluindo um spoiler traseiro ajust\u00e1vel<\/li>\n<li>A entrada de ar superior permite-te utilizar ar natural, ar for\u00e7ado ou tomadas de ar. Inclui duas pe\u00e7as de ventila\u00e7\u00e3o central que te permitem ter o fluxo de ar ventilado ou fechado.<\/li>\n<li>Interior macio, <strong>amov\u00edvel\/lav\u00e1vel<\/strong>, retardador de fogo e ultra-suave com espuma EPS para o queixo<\/li>\n<li><strong>Escudo anti-embaciamento transparente<\/strong> com postes destac\u00e1veis em postes centrais de 12,125 pol., utilizando Tear Offs tipo banana<\/li>\n<li>Compat\u00edvel com todos os escudos da s\u00e9rie Z20.<\/li>\n<li><strong>Inser\u00e7\u00f5es M6<\/strong> para apoios de cabe\u00e7a e pesco\u00e7o<\/li>\n<li>Fabricado em It\u00e1lia<\/li>\n<li><strong>FIA 8859-2015<\/strong> e <strong>Snell SA2020<\/strong><\/li>\n<\/ul>\n<p><a href=\"https:\/\/zamphelmets.co\/pt-pt\/explicacao-da-homologacao\/\"><strong>Homologa\u00e7\u00e3o explicada<\/strong> &#8211; descobre de que homologa\u00e7\u00e3o precisas<\/a><\/p>\n<p><a href=\"https:\/\/zamphelmets.co\/pt-pt\/postes-hans-dispositivos-hans-e-fhr\/\"><strong>Dispositivo FHR \/ HANS<\/strong> &#8211; quando \u00e9 que \u00e9 necess\u00e1rio?<\/a><\/p>\n<p>Tem em aten\u00e7\u00e3o que este capacete tem um revestimento exterior mais oval e, por isso, ajusta-se ligeiramente mais pequeno do que o nosso guia de tamanhos de capacetes habitual pode indicar.<\/p>\n<p>&nbsp;<\/p>\n<p><img decoding=\"async\" class=\"alignnone wp-image-26355 size-full lazyload\" data-src=\"https:\/\/zamphelmets.co\/wp-content\/uploads\/2024\/03\/Zamp-Helmets-sizing-guide-4166-x-4166-px-1.png\" alt=\"\" width=\"500\" height=\"500\" data-srcset=\"https:\/\/zamphelmets.co\/wp-content\/uploads\/2024\/03\/Zamp-Helmets-sizing-guide-4166-x-4166-px-1.png 500w, https:\/\/zamphelmets.co\/wp-content\/uploads\/2024\/03\/Zamp-Helmets-sizing-guide-4166-x-4166-px-1-300x300.png 300w, https:\/\/zamphelmets.co\/wp-content\/uploads\/2024\/03\/Zamp-Helmets-sizing-guide-4166-x-4166-px-1-150x150.png 150w, https:\/\/zamphelmets.co\/wp-content\/uploads\/2024\/03\/Zamp-Helmets-sizing-guide-4166-x-4166-px-1-100x100.png 100w\" data-sizes=\"(max-width: 500px) 100vw, 500px\" src=\"data:image\/svg+xml;base64,PHN2ZyB3aWR0aD0iMSIgaGVpZ2h0PSIxIiB4bWxucz0iaHR0cDovL3d3dy53My5vcmcvMjAwMC9zdmciPjwvc3ZnPg==\" style=\"--smush-placeholder-width: 500px; --smush-placeholder-aspect-ratio: 500\/500;\" \/><\/p>\n<div id=\"product-10089\" class=\"product type-product post-10089 status-publish first instock product_cat-fia product_cat-snell-2020-sa2020 product_cat-zamp has-post-thumbnail taxable shipping-taxable purchasable product-type-variable\">\n<div class=\"woocommerce-tabs wc-tabs-wrapper\">\n<div id=\"tab-description\" class=\"woocommerce-Tabs-panel woocommerce-Tabs-panel--description panel entry-content wc-tab\" role=\"tabpanel\" aria-labelledby=\"tab-title-description\">\n<p><strong>N\u00e3o tens a certeza do tamanho? <\/strong> Preenche<a href=\"https:\/\/form.jotform.com\/251263198513053\">o nosso formul\u00e1rio de tamanhos<\/a> e um membro da nossa equipa entrar\u00e1 em contacto contigo com as nossas recomenda\u00e7\u00f5es.<\/p>\n<\/div>\n<\/div>\n<\/div>\n","protected":false},"excerpt":{"rendered":"<p>A Zamp orgulha-se de anunciar o novo e deslumbrante capacete ZR-72 fabricado em It\u00e1lia. Com um design aerodin\u00e2mico \u00fanico e incr\u00edvel, com as normas de seguran\u00e7a Advanced FIA 8859-2015 e Snell SA2020 e com uma estrutura super leve. O capacete ZR 72 possui um grande fluxo de ar e inclui um escudo anti-embaciamento transparente. As [&hellip;]<\/p>\n","protected":false},"featured_media":19628,"comment_status":"open","ping_status":"closed","template":"","meta":{"_acf_changed":false,"_iconic_wsb_product_page_order_bump_ids":[[]],"_sku":["H778C44"],"_iconic_wsb_product_page_bump_modal_ids":[[]]},"product_brand":[],"product_cat":[245,149,136],"product_tag":[],"class_list":{"0":"post-24945","1":"product","2":"type-product","3":"status-publish","4":"has-post-thumbnail","6":"product_cat-fia-8859-pt-pt","7":"product_cat-snell-2020-sa2020-pt-pt","8":"product_cat-zamp-pt-pt","10":"first","11":"instock","12":"taxable","13":"shipping-taxable","14":"purchasable","15":"product-type-variable"},"acf":[],"yoast_head":"<!-- This site is optimized with the Yoast SEO plugin v27.0 - https:\/\/yoast.com\/product\/yoast-seo-wordpress\/ -->\n<title>ZR-72 Preto \/ Vermelho \/ Azul \u20ac515.83 - Zamp Helmets | Helmet 28 EU<\/title>\n<meta name=\"description\" content=\"O novo capacete avan\u00e7ado da Zamp, de acordo com as normas FIA 8859-2015 e Snell SA2020, apresenta uma estrutura super leve e um escudo anti-embaciamento transparente.\" \/>\n<meta name=\"robots\" content=\"index, follow, max-snippet:-1, max-image-preview:large, max-video-preview:-1\" \/>\n<link rel=\"canonical\" href=\"https:\/\/zamphelmets.co\/pt-pt\/produto\/zr-72-preto-vermelho-azul\/\" \/>\n<meta property=\"og:locale\" content=\"pt_PT\" \/>\n<meta property=\"og:type\" content=\"article\" \/>\n<meta property=\"og:title\" content=\"ZR-72 Preto \/ Vermelho \/ Azul \u20ac515.83 - Zamp Helmets | Helmet 28 EU\" \/>\n<meta property=\"og:description\" content=\"O novo capacete avan\u00e7ado da Zamp, de acordo com as normas FIA 8859-2015 e Snell SA2020, apresenta uma estrutura super leve e um escudo anti-embaciamento transparente.\" \/>\n<meta property=\"og:url\" content=\"https:\/\/zamphelmets.co\/pt-pt\/produto\/zr-72-preto-vermelho-azul\/\" \/>\n<meta property=\"og:site_name\" content=\"Zamp Helmets | Helmet 28 EU\" \/>\n<meta property=\"article:modified_time\" content=\"2026-02-16T15:56:27+00:00\" \/>\n<meta property=\"og:image\" content=\"https:\/\/zamphelmets.co\/wp-content\/uploads\/2023\/12\/H778C44.jpg\" \/>\n\t<meta property=\"og:image:width\" content=\"1000\" \/>\n\t<meta property=\"og:image:height\" content=\"1000\" \/>\n\t<meta property=\"og:image:type\" content=\"image\/jpeg\" \/>\n<meta name=\"twitter:card\" content=\"summary_large_image\" \/>\n<meta name=\"twitter:label1\" content=\"Est. reading time\" \/>\n\t<meta name=\"twitter:data1\" content=\"1 minuto\" \/>\n<script type=\"application\/ld+json\" class=\"yoast-schema-graph\">{\"@context\":\"https:\/\/schema.org\",\"@graph\":[{\"@type\":\"WebPage\",\"@id\":\"https:\/\/zamphelmets.co\/pt-pt\/produto\/zr-72-preto-vermelho-azul\/\",\"url\":\"https:\/\/zamphelmets.co\/pt-pt\/produto\/zr-72-preto-vermelho-azul\/\",\"name\":\"ZR-72 Preto \/ Vermelho \/ Azul \u20ac515.83 - Zamp Helmets | Helmet 28 EU\",\"isPartOf\":{\"@id\":\"https:\/\/zamphelmets.co\/pt-pt\/#website\"},\"primaryImageOfPage\":{\"@id\":\"https:\/\/zamphelmets.co\/pt-pt\/produto\/zr-72-preto-vermelho-azul\/#primaryimage\"},\"image\":{\"@id\":\"https:\/\/zamphelmets.co\/pt-pt\/produto\/zr-72-preto-vermelho-azul\/#primaryimage\"},\"thumbnailUrl\":\"https:\/\/zamphelmets.co\/wp-content\/uploads\/2023\/12\/H778C44.jpg\",\"datePublished\":\"2023-12-04T15:58:13+00:00\",\"dateModified\":\"2026-02-16T15:56:27+00:00\",\"description\":\"O novo capacete avan\u00e7ado da Zamp, de acordo com as normas FIA 8859-2015 e Snell SA2020, apresenta uma estrutura super leve e um escudo anti-embaciamento transparente.\",\"breadcrumb\":{\"@id\":\"https:\/\/zamphelmets.co\/pt-pt\/produto\/zr-72-preto-vermelho-azul\/#breadcrumb\"},\"inLanguage\":\"pt-PT\",\"potentialAction\":[{\"@type\":\"ReadAction\",\"target\":[\"https:\/\/zamphelmets.co\/pt-pt\/produto\/zr-72-preto-vermelho-azul\/\"]}]},{\"@type\":\"ImageObject\",\"inLanguage\":\"pt-PT\",\"@id\":\"https:\/\/zamphelmets.co\/pt-pt\/produto\/zr-72-preto-vermelho-azul\/#primaryimage\",\"url\":\"https:\/\/zamphelmets.co\/wp-content\/uploads\/2023\/12\/H778C44.jpg\",\"contentUrl\":\"https:\/\/zamphelmets.co\/wp-content\/uploads\/2023\/12\/H778C44.jpg\",\"width\":1000,\"height\":1000},{\"@type\":\"BreadcrumbList\",\"@id\":\"https:\/\/zamphelmets.co\/pt-pt\/produto\/zr-72-preto-vermelho-azul\/#breadcrumb\",\"itemListElement\":[{\"@type\":\"ListItem\",\"position\":1,\"name\":\"Shop\",\"item\":\"https:\/\/zamphelmets.co\/pt-pt\/shop\/\"},{\"@type\":\"ListItem\",\"position\":2,\"name\":\"ZR-72 Preto \/ Vermelho \/ Azul\"}]},{\"@type\":\"WebSite\",\"@id\":\"https:\/\/zamphelmets.co\/pt-pt\/#website\",\"url\":\"https:\/\/zamphelmets.co\/pt-pt\/\",\"name\":\"Zamp Helmets | Helmet 28 EU\",\"description\":\"High Quality Motorsport Helmets\",\"potentialAction\":[{\"@type\":\"SearchAction\",\"target\":{\"@type\":\"EntryPoint\",\"urlTemplate\":\"https:\/\/zamphelmets.co\/pt-pt\/?s={search_term_string}\"},\"query-input\":{\"@type\":\"PropertyValueSpecification\",\"valueRequired\":true,\"valueName\":\"search_term_string\"}}],\"inLanguage\":\"pt-PT\"}]}<\/script>\n<!-- \/ Yoast SEO plugin. -->","yoast_head_json":{"title":"ZR-72 Preto \/ Vermelho \/ Azul \u20ac515.83 - Zamp Helmets | Helmet 28 EU","description":"O novo capacete avan\u00e7ado da Zamp, de acordo com as normas FIA 8859-2015 e Snell SA2020, apresenta uma estrutura super leve e um escudo anti-embaciamento transparente.","robots":{"index":"index","follow":"follow","max-snippet":"max-snippet:-1","max-image-preview":"max-image-preview:large","max-video-preview":"max-video-preview:-1"},"canonical":"https:\/\/zamphelmets.co\/pt-pt\/produto\/zr-72-preto-vermelho-azul\/","og_locale":"pt_PT","og_type":"article","og_title":"ZR-72 Preto \/ Vermelho \/ Azul \u20ac515.83 - Zamp Helmets | Helmet 28 EU","og_description":"O novo capacete avan\u00e7ado da Zamp, de acordo com as normas FIA 8859-2015 e Snell SA2020, apresenta uma estrutura super leve e um escudo anti-embaciamento transparente.","og_url":"https:\/\/zamphelmets.co\/pt-pt\/produto\/zr-72-preto-vermelho-azul\/","og_site_name":"Zamp Helmets | Helmet 28 EU","article_modified_time":"2026-02-16T15:56:27+00:00","og_image":[{"width":1000,"height":1000,"url":"https:\/\/zamphelmets.co\/wp-content\/uploads\/2023\/12\/H778C44.jpg","type":"image\/jpeg"}],"twitter_card":"summary_large_image","twitter_misc":{"Est. reading time":"1 minuto"},"schema":{"@context":"https:\/\/schema.org","@graph":[{"@type":"WebPage","@id":"https:\/\/zamphelmets.co\/pt-pt\/produto\/zr-72-preto-vermelho-azul\/","url":"https:\/\/zamphelmets.co\/pt-pt\/produto\/zr-72-preto-vermelho-azul\/","name":"ZR-72 Preto \/ Vermelho \/ Azul \u20ac515.83 - Zamp Helmets | Helmet 28 EU","isPartOf":{"@id":"https:\/\/zamphelmets.co\/pt-pt\/#website"},"primaryImageOfPage":{"@id":"https:\/\/zamphelmets.co\/pt-pt\/produto\/zr-72-preto-vermelho-azul\/#primaryimage"},"image":{"@id":"https:\/\/zamphelmets.co\/pt-pt\/produto\/zr-72-preto-vermelho-azul\/#primaryimage"},"thumbnailUrl":"https:\/\/zamphelmets.co\/wp-content\/uploads\/2023\/12\/H778C44.jpg","datePublished":"2023-12-04T15:58:13+00:00","dateModified":"2026-02-16T15:56:27+00:00","description":"O novo capacete avan\u00e7ado da Zamp, de acordo com as normas FIA 8859-2015 e Snell SA2020, apresenta uma estrutura super leve e um escudo anti-embaciamento transparente.","breadcrumb":{"@id":"https:\/\/zamphelmets.co\/pt-pt\/produto\/zr-72-preto-vermelho-azul\/#breadcrumb"},"inLanguage":"pt-PT","potentialAction":[{"@type":"ReadAction","target":["https:\/\/zamphelmets.co\/pt-pt\/produto\/zr-72-preto-vermelho-azul\/"]}]},{"@type":"ImageObject","inLanguage":"pt-PT","@id":"https:\/\/zamphelmets.co\/pt-pt\/produto\/zr-72-preto-vermelho-azul\/#primaryimage","url":"https:\/\/zamphelmets.co\/wp-content\/uploads\/2023\/12\/H778C44.jpg","contentUrl":"https:\/\/zamphelmets.co\/wp-content\/uploads\/2023\/12\/H778C44.jpg","width":1000,"height":1000},{"@type":"BreadcrumbList","@id":"https:\/\/zamphelmets.co\/pt-pt\/produto\/zr-72-preto-vermelho-azul\/#breadcrumb","itemListElement":[{"@type":"ListItem","position":1,"name":"Shop","item":"https:\/\/zamphelmets.co\/pt-pt\/shop\/"},{"@type":"ListItem","position":2,"name":"ZR-72 Preto \/ Vermelho \/ Azul"}]},{"@type":"WebSite","@id":"https:\/\/zamphelmets.co\/pt-pt\/#website","url":"https:\/\/zamphelmets.co\/pt-pt\/","name":"Zamp Helmets | Helmet 28 EU","description":"High Quality Motorsport Helmets","potentialAction":[{"@type":"SearchAction","target":{"@type":"EntryPoint","urlTemplate":"https:\/\/zamphelmets.co\/pt-pt\/?s={search_term_string}"},"query-input":{"@type":"PropertyValueSpecification","valueRequired":true,"valueName":"search_term_string"}}],"inLanguage":"pt-PT"}]}},"_links":{"self":[{"href":"https:\/\/zamphelmets.co\/pt-pt\/wp-json\/wp\/v2\/product\/24945","targetHints":{"allow":["GET"]}}],"collection":[{"href":"https:\/\/zamphelmets.co\/pt-pt\/wp-json\/wp\/v2\/product"}],"about":[{"href":"https:\/\/zamphelmets.co\/pt-pt\/wp-json\/wp\/v2\/types\/product"}],"replies":[{"embeddable":true,"href":"https:\/\/zamphelmets.co\/pt-pt\/wp-json\/wp\/v2\/comments?post=24945"}],"wp:featuredmedia":[{"embeddable":true,"href":"https:\/\/zamphelmets.co\/pt-pt\/wp-json\/wp\/v2\/media\/19628"}],"wp:attachment":[{"href":"https:\/\/zamphelmets.co\/pt-pt\/wp-json\/wp\/v2\/media?parent=24945"}],"wp:term":[{"taxonomy":"product_brand","embeddable":true,"href":"https:\/\/zamphelmets.co\/pt-pt\/wp-json\/wp\/v2\/product_brand?post=24945"},{"taxonomy":"product_cat","embeddable":true,"href":"https:\/\/zamphelmets.co\/pt-pt\/wp-json\/wp\/v2\/product_cat?post=24945"},{"taxonomy":"product_tag","embeddable":true,"href":"https:\/\/zamphelmets.co\/pt-pt\/wp-json\/wp\/v2\/product_tag?post=24945"}],"curies":[{"name":"wp","href":"https:\/\/api.w.org\/{rel}","templated":true}]}}