{"id":24596,"date":"2023-11-23T12:52:34","date_gmt":"2023-11-23T12:52:34","guid":{"rendered":"https:\/\/zamphelmets.co\/product\/conjunto-de-almofadas-cover-exgel\/"},"modified":"2025-02-07T17:29:57","modified_gmt":"2025-02-07T17:29:57","slug":"conjunto-de-almofadas-cover-exgel","status":"publish","type":"product","link":"https:\/\/zamphelmets.co\/pt-pt\/produto\/conjunto-de-almofadas-cover-exgel\/","title":{"rendered":"Conjunto de almofadas COVER Exgel"},"content":{"rendered":"<p>O Exgel Cover Padding d\u00e1-te a oportunidade de mudares o aspeto do teu Hans System e de o fazeres condizer com o teu equipamento para o dia da corrida. Dispon\u00edvel em 9 cores, o acolchoamento Exgel permite-te combinar o teu fato de corrida com o teu dispositivo de cabe\u00e7a e pesco\u00e7o.<\/p>\n<p>Compat\u00edveis com o sistema de apoio do pesco\u00e7o HANS, estas elegantes capas s\u00e3o lav\u00e1veis e feitas de algod\u00e3o ign\u00edfugo.<\/p>\n<p>&nbsp;<\/p>\n","protected":false},"excerpt":{"rendered":"<p>O Exgel Cover Padding d\u00e1-te a oportunidade de mudares o aspeto do teu Hans System e de o fazeres condizer com o teu equipamento para o dia da corrida. Dispon\u00edvel em 9 cores, o acolchoamento Exgel permite-te combinar o teu fato de corrida com o teu dispositivo de cabe\u00e7a e pesco\u00e7o. Compat\u00edveis com o sistema [&hellip;]<\/p>\n","protected":false},"featured_media":19383,"comment_status":"open","ping_status":"closed","template":"","meta":{"_acf_changed":false,"_iconic_wsb_product_page_order_bump_ids":[[]],"_sku":["HANS01"],"_iconic_wsb_product_page_bump_modal_ids":[[]]},"product_brand":[],"product_cat":[137,213,295,175],"product_tag":[],"class_list":{"0":"post-24596","1":"product","2":"type-product","3":"status-publish","4":"has-post-thumbnail","6":"product_cat-acessorios","7":"product_cat-outros","8":"product_cat-protecao","9":"product_cat-protecao-vestuario","11":"first","12":"instock","13":"taxable","14":"shipping-taxable","15":"purchasable","16":"product-type-variable"},"acf":[],"yoast_head":"<!-- This site is optimized with the Yoast SEO plugin v27.0 - https:\/\/yoast.com\/product\/yoast-seo-wordpress\/ -->\n<title>Conjunto de almofadas COVER Exgel - Zamp Helmets | Helmet 28 EU<\/title>\n<meta name=\"description\" content=\"O Exgel Cover Padding d\u00e1-te a oportunidade de mudares o aspeto do teu Hans System e de o fazeres condizer com o teu equipamento para o dia da corrida.\" \/>\n<meta name=\"robots\" content=\"index, follow, max-snippet:-1, max-image-preview:large, max-video-preview:-1\" \/>\n<link rel=\"canonical\" href=\"https:\/\/zamphelmets.co\/pt-pt\/produto\/conjunto-de-almofadas-cover-exgel\/\" \/>\n<meta property=\"og:locale\" content=\"pt_PT\" \/>\n<meta property=\"og:type\" content=\"article\" \/>\n<meta property=\"og:title\" content=\"Conjunto de almofadas COVER Exgel - Zamp Helmets | Helmet 28 EU\" \/>\n<meta property=\"og:description\" content=\"O Exgel Cover Padding d\u00e1-te a oportunidade de mudares o aspeto do teu Hans System e de o fazeres condizer com o teu equipamento para o dia da corrida.\" \/>\n<meta property=\"og:url\" content=\"https:\/\/zamphelmets.co\/pt-pt\/produto\/conjunto-de-almofadas-cover-exgel\/\" \/>\n<meta property=\"og:site_name\" content=\"Zamp Helmets | Helmet 28 EU\" \/>\n<meta property=\"article:modified_time\" content=\"2025-02-07T17:29:57+00:00\" \/>\n<meta property=\"og:image\" content=\"https:\/\/zamphelmets.co\/wp-content\/uploads\/2023\/11\/red.png\" \/>\n\t<meta property=\"og:image:width\" content=\"290\" \/>\n\t<meta property=\"og:image:height\" content=\"201\" \/>\n\t<meta property=\"og:image:type\" content=\"image\/png\" \/>\n<meta name=\"twitter:card\" content=\"summary_large_image\" \/>\n<script type=\"application\/ld+json\" class=\"yoast-schema-graph\">{\"@context\":\"https:\/\/schema.org\",\"@graph\":[{\"@type\":\"WebPage\",\"@id\":\"https:\/\/zamphelmets.co\/pt-pt\/produto\/conjunto-de-almofadas-cover-exgel\/\",\"url\":\"https:\/\/zamphelmets.co\/pt-pt\/produto\/conjunto-de-almofadas-cover-exgel\/\",\"name\":\"Conjunto de almofadas COVER Exgel - Zamp Helmets | Helmet 28 EU\",\"isPartOf\":{\"@id\":\"https:\/\/zamphelmets.co\/pt-pt\/#website\"},\"primaryImageOfPage\":{\"@id\":\"https:\/\/zamphelmets.co\/pt-pt\/produto\/conjunto-de-almofadas-cover-exgel\/#primaryimage\"},\"image\":{\"@id\":\"https:\/\/zamphelmets.co\/pt-pt\/produto\/conjunto-de-almofadas-cover-exgel\/#primaryimage\"},\"thumbnailUrl\":\"https:\/\/zamphelmets.co\/wp-content\/uploads\/2023\/11\/red.png\",\"datePublished\":\"2023-11-23T12:52:34+00:00\",\"dateModified\":\"2025-02-07T17:29:57+00:00\",\"description\":\"O Exgel Cover Padding d\u00e1-te a oportunidade de mudares o aspeto do teu Hans System e de o fazeres condizer com o teu equipamento para o dia da corrida.\",\"breadcrumb\":{\"@id\":\"https:\/\/zamphelmets.co\/pt-pt\/produto\/conjunto-de-almofadas-cover-exgel\/#breadcrumb\"},\"inLanguage\":\"pt-PT\",\"potentialAction\":[{\"@type\":\"ReadAction\",\"target\":[\"https:\/\/zamphelmets.co\/pt-pt\/produto\/conjunto-de-almofadas-cover-exgel\/\"]}]},{\"@type\":\"ImageObject\",\"inLanguage\":\"pt-PT\",\"@id\":\"https:\/\/zamphelmets.co\/pt-pt\/produto\/conjunto-de-almofadas-cover-exgel\/#primaryimage\",\"url\":\"https:\/\/zamphelmets.co\/wp-content\/uploads\/2023\/11\/red.png\",\"contentUrl\":\"https:\/\/zamphelmets.co\/wp-content\/uploads\/2023\/11\/red.png\",\"width\":290,\"height\":201},{\"@type\":\"BreadcrumbList\",\"@id\":\"https:\/\/zamphelmets.co\/pt-pt\/produto\/conjunto-de-almofadas-cover-exgel\/#breadcrumb\",\"itemListElement\":[{\"@type\":\"ListItem\",\"position\":1,\"name\":\"Shop\",\"item\":\"https:\/\/zamphelmets.co\/pt-pt\/shop\/\"},{\"@type\":\"ListItem\",\"position\":2,\"name\":\"Conjunto de almofadas COVER Exgel\"}]},{\"@type\":\"WebSite\",\"@id\":\"https:\/\/zamphelmets.co\/pt-pt\/#website\",\"url\":\"https:\/\/zamphelmets.co\/pt-pt\/\",\"name\":\"Zamp Helmets | Helmet 28 EU\",\"description\":\"High Quality Motorsport Helmets\",\"potentialAction\":[{\"@type\":\"SearchAction\",\"target\":{\"@type\":\"EntryPoint\",\"urlTemplate\":\"https:\/\/zamphelmets.co\/pt-pt\/?s={search_term_string}\"},\"query-input\":{\"@type\":\"PropertyValueSpecification\",\"valueRequired\":true,\"valueName\":\"search_term_string\"}}],\"inLanguage\":\"pt-PT\"}]}<\/script>\n<!-- \/ Yoast SEO plugin. -->","yoast_head_json":{"title":"Conjunto de almofadas COVER Exgel - Zamp Helmets | Helmet 28 EU","description":"O Exgel Cover Padding d\u00e1-te a oportunidade de mudares o aspeto do teu Hans System e de o fazeres condizer com o teu equipamento para o dia da corrida.","robots":{"index":"index","follow":"follow","max-snippet":"max-snippet:-1","max-image-preview":"max-image-preview:large","max-video-preview":"max-video-preview:-1"},"canonical":"https:\/\/zamphelmets.co\/pt-pt\/produto\/conjunto-de-almofadas-cover-exgel\/","og_locale":"pt_PT","og_type":"article","og_title":"Conjunto de almofadas COVER Exgel - Zamp Helmets | Helmet 28 EU","og_description":"O Exgel Cover Padding d\u00e1-te a oportunidade de mudares o aspeto do teu Hans System e de o fazeres condizer com o teu equipamento para o dia da corrida.","og_url":"https:\/\/zamphelmets.co\/pt-pt\/produto\/conjunto-de-almofadas-cover-exgel\/","og_site_name":"Zamp Helmets | Helmet 28 EU","article_modified_time":"2025-02-07T17:29:57+00:00","og_image":[{"width":290,"height":201,"url":"https:\/\/zamphelmets.co\/wp-content\/uploads\/2023\/11\/red.png","type":"image\/png"}],"twitter_card":"summary_large_image","schema":{"@context":"https:\/\/schema.org","@graph":[{"@type":"WebPage","@id":"https:\/\/zamphelmets.co\/pt-pt\/produto\/conjunto-de-almofadas-cover-exgel\/","url":"https:\/\/zamphelmets.co\/pt-pt\/produto\/conjunto-de-almofadas-cover-exgel\/","name":"Conjunto de almofadas COVER Exgel - Zamp Helmets | Helmet 28 EU","isPartOf":{"@id":"https:\/\/zamphelmets.co\/pt-pt\/#website"},"primaryImageOfPage":{"@id":"https:\/\/zamphelmets.co\/pt-pt\/produto\/conjunto-de-almofadas-cover-exgel\/#primaryimage"},"image":{"@id":"https:\/\/zamphelmets.co\/pt-pt\/produto\/conjunto-de-almofadas-cover-exgel\/#primaryimage"},"thumbnailUrl":"https:\/\/zamphelmets.co\/wp-content\/uploads\/2023\/11\/red.png","datePublished":"2023-11-23T12:52:34+00:00","dateModified":"2025-02-07T17:29:57+00:00","description":"O Exgel Cover Padding d\u00e1-te a oportunidade de mudares o aspeto do teu Hans System e de o fazeres condizer com o teu equipamento para o dia da corrida.","breadcrumb":{"@id":"https:\/\/zamphelmets.co\/pt-pt\/produto\/conjunto-de-almofadas-cover-exgel\/#breadcrumb"},"inLanguage":"pt-PT","potentialAction":[{"@type":"ReadAction","target":["https:\/\/zamphelmets.co\/pt-pt\/produto\/conjunto-de-almofadas-cover-exgel\/"]}]},{"@type":"ImageObject","inLanguage":"pt-PT","@id":"https:\/\/zamphelmets.co\/pt-pt\/produto\/conjunto-de-almofadas-cover-exgel\/#primaryimage","url":"https:\/\/zamphelmets.co\/wp-content\/uploads\/2023\/11\/red.png","contentUrl":"https:\/\/zamphelmets.co\/wp-content\/uploads\/2023\/11\/red.png","width":290,"height":201},{"@type":"BreadcrumbList","@id":"https:\/\/zamphelmets.co\/pt-pt\/produto\/conjunto-de-almofadas-cover-exgel\/#breadcrumb","itemListElement":[{"@type":"ListItem","position":1,"name":"Shop","item":"https:\/\/zamphelmets.co\/pt-pt\/shop\/"},{"@type":"ListItem","position":2,"name":"Conjunto de almofadas COVER Exgel"}]},{"@type":"WebSite","@id":"https:\/\/zamphelmets.co\/pt-pt\/#website","url":"https:\/\/zamphelmets.co\/pt-pt\/","name":"Zamp Helmets | Helmet 28 EU","description":"High Quality Motorsport Helmets","potentialAction":[{"@type":"SearchAction","target":{"@type":"EntryPoint","urlTemplate":"https:\/\/zamphelmets.co\/pt-pt\/?s={search_term_string}"},"query-input":{"@type":"PropertyValueSpecification","valueRequired":true,"valueName":"search_term_string"}}],"inLanguage":"pt-PT"}]}},"_links":{"self":[{"href":"https:\/\/zamphelmets.co\/pt-pt\/wp-json\/wp\/v2\/product\/24596","targetHints":{"allow":["GET"]}}],"collection":[{"href":"https:\/\/zamphelmets.co\/pt-pt\/wp-json\/wp\/v2\/product"}],"about":[{"href":"https:\/\/zamphelmets.co\/pt-pt\/wp-json\/wp\/v2\/types\/product"}],"replies":[{"embeddable":true,"href":"https:\/\/zamphelmets.co\/pt-pt\/wp-json\/wp\/v2\/comments?post=24596"}],"wp:featuredmedia":[{"embeddable":true,"href":"https:\/\/zamphelmets.co\/pt-pt\/wp-json\/wp\/v2\/media\/19383"}],"wp:attachment":[{"href":"https:\/\/zamphelmets.co\/pt-pt\/wp-json\/wp\/v2\/media?parent=24596"}],"wp:term":[{"taxonomy":"product_brand","embeddable":true,"href":"https:\/\/zamphelmets.co\/pt-pt\/wp-json\/wp\/v2\/product_brand?post=24596"},{"taxonomy":"product_cat","embeddable":true,"href":"https:\/\/zamphelmets.co\/pt-pt\/wp-json\/wp\/v2\/product_cat?post=24596"},{"taxonomy":"product_tag","embeddable":true,"href":"https:\/\/zamphelmets.co\/pt-pt\/wp-json\/wp\/v2\/product_tag?post=24596"}],"curies":[{"name":"wp","href":"https:\/\/api.w.org\/{rel}","templated":true}]}}