{"id":24566,"date":"2022-02-15T11:40:28","date_gmt":"2022-02-15T11:40:28","guid":{"rendered":"https:\/\/zamphelmets.co\/product\/kit-de-poste-destacavel\/"},"modified":"2026-02-16T16:01:10","modified_gmt":"2026-02-16T16:01:10","slug":"kit-de-poste-destacavel","status":"publish","type":"product","link":"https:\/\/zamphelmets.co\/pt-pt\/produto\/kit-de-poste-destacavel\/","title":{"rendered":"Kit de poste destac\u00e1vel"},"content":{"rendered":"<p>Dispon\u00edveis em 6 cores diferentes, estes parafusos de substitui\u00e7\u00e3o anodizados Tear Off Post Screws oferecem outra forma fant\u00e1stica de personalizar o teu capacete Zamp e de o fazer sobressair na grelha. Com estes postes de remo\u00e7\u00e3o de capacetes, podes desenhar o teu capacete at\u00e9 ao mais \u00ednfimo pormenor.<\/p>\n<p><iframe title=\"How to Install Z Optics Sealed Tear Offs\" width=\"500\" height=\"281\" data-src=\"https:\/\/www.youtube.com\/embed\/jtlzo7s2iMg?feature=oembed\" frameborder=\"0\" allow=\"accelerometer; autoplay; clipboard-write; encrypted-media; gyroscope; picture-in-picture; web-share\" referrerpolicy=\"strict-origin-when-cross-origin\" allowfullscreen src=\"data:image\/svg+xml;base64,PHN2ZyB3aWR0aD0iMSIgaGVpZ2h0PSIxIiB4bWxucz0iaHR0cDovL3d3dy53My5vcmcvMjAwMC9zdmciPjwvc3ZnPg==\" class=\"lazyload\" data-load-mode=\"1\"><\/iframe><\/p>\n","protected":false},"excerpt":{"rendered":"<p>Dispon\u00edveis em 6 cores diferentes, estes parafusos de substitui\u00e7\u00e3o anodizados Tear Off Post Screws oferecem outra forma fant\u00e1stica de personalizar o teu capacete Zamp e de o fazer sobressair na grelha. Com estes postes de remo\u00e7\u00e3o de capacetes, podes desenhar o teu capacete at\u00e9 ao mais \u00ednfimo pormenor.<\/p>\n","protected":false},"featured_media":14861,"comment_status":"open","ping_status":"closed","template":"","meta":{"_acf_changed":false,"_iconic_wsb_product_page_order_bump_ids":[[]],"_sku":[],"_iconic_wsb_product_page_bump_modal_ids":[[]]},"product_brand":[],"product_cat":[137,138,278,136],"product_tag":[],"class_list":{"0":"post-24566","1":"product","2":"type-product","3":"status-publish","4":"has-post-thumbnail","6":"product_cat-acessorios","7":"product_cat-acessorios-para-capacetes","8":"product_cat-viseiras","9":"product_cat-zamp-pt-pt","11":"first","12":"instock","13":"taxable","14":"shipping-taxable","15":"purchasable","16":"product-type-variable"},"acf":[],"yoast_head":"<!-- This site is optimized with the Yoast SEO plugin v27.0 - https:\/\/yoast.com\/product\/yoast-seo-wordpress\/ -->\n<title>Kit de poste destac\u00e1vel - Zamp Helmets | Helmet 28 EU<\/title>\n<meta name=\"description\" content=\"Dispon\u00edveis em 6 cores diferentes, estes parafusos Tear Off Post de substitui\u00e7\u00e3o anodizados oferecem outra forma fant\u00e1stica de personalizar o teu capacete Zamp\" \/>\n<meta name=\"robots\" content=\"index, follow, max-snippet:-1, max-image-preview:large, max-video-preview:-1\" \/>\n<link rel=\"canonical\" href=\"https:\/\/zamphelmets.co\/pt-pt\/produto\/kit-de-poste-destacavel\/\" \/>\n<meta property=\"og:locale\" content=\"pt_PT\" \/>\n<meta property=\"og:type\" content=\"article\" \/>\n<meta property=\"og:title\" content=\"Kit de poste destac\u00e1vel - Zamp Helmets | Helmet 28 EU\" \/>\n<meta property=\"og:description\" content=\"Dispon\u00edveis em 6 cores diferentes, estes parafusos Tear Off Post de substitui\u00e7\u00e3o anodizados oferecem outra forma fant\u00e1stica de personalizar o teu capacete Zamp\" \/>\n<meta property=\"og:url\" content=\"https:\/\/zamphelmets.co\/pt-pt\/produto\/kit-de-poste-destacavel\/\" \/>\n<meta property=\"og:site_name\" content=\"Zamp Helmets | Helmet 28 EU\" \/>\n<meta property=\"article:modified_time\" content=\"2026-02-16T16:01:10+00:00\" \/>\n<meta property=\"og:image\" content=\"https:\/\/zamphelmets.co\/wp-content\/uploads\/2021\/07\/4dnIRcYSCaBT6ETUZ5bU_Tear_Offs_Post_Kit_0004.jpg\" \/>\n\t<meta property=\"og:image:width\" content=\"2048\" \/>\n\t<meta property=\"og:image:height\" content=\"1365\" \/>\n\t<meta property=\"og:image:type\" content=\"image\/jpeg\" \/>\n<meta name=\"twitter:card\" content=\"summary_large_image\" \/>\n<script type=\"application\/ld+json\" class=\"yoast-schema-graph\">{\"@context\":\"https:\/\/schema.org\",\"@graph\":[{\"@type\":\"WebPage\",\"@id\":\"https:\/\/zamphelmets.co\/pt-pt\/produto\/kit-de-poste-destacavel\/\",\"url\":\"https:\/\/zamphelmets.co\/pt-pt\/produto\/kit-de-poste-destacavel\/\",\"name\":\"Kit de poste destac\u00e1vel - Zamp Helmets | Helmet 28 EU\",\"isPartOf\":{\"@id\":\"https:\/\/zamphelmets.co\/pt-pt\/#website\"},\"primaryImageOfPage\":{\"@id\":\"https:\/\/zamphelmets.co\/pt-pt\/produto\/kit-de-poste-destacavel\/#primaryimage\"},\"image\":{\"@id\":\"https:\/\/zamphelmets.co\/pt-pt\/produto\/kit-de-poste-destacavel\/#primaryimage\"},\"thumbnailUrl\":\"https:\/\/zamphelmets.co\/wp-content\/uploads\/2021\/07\/4dnIRcYSCaBT6ETUZ5bU_Tear_Offs_Post_Kit_0004.jpg\",\"datePublished\":\"2022-02-15T11:40:28+00:00\",\"dateModified\":\"2026-02-16T16:01:10+00:00\",\"description\":\"Dispon\u00edveis em 6 cores diferentes, estes parafusos Tear Off Post de substitui\u00e7\u00e3o anodizados oferecem outra forma fant\u00e1stica de personalizar o teu capacete Zamp\",\"breadcrumb\":{\"@id\":\"https:\/\/zamphelmets.co\/pt-pt\/produto\/kit-de-poste-destacavel\/#breadcrumb\"},\"inLanguage\":\"pt-PT\",\"potentialAction\":[{\"@type\":\"ReadAction\",\"target\":[\"https:\/\/zamphelmets.co\/pt-pt\/produto\/kit-de-poste-destacavel\/\"]}]},{\"@type\":\"ImageObject\",\"inLanguage\":\"pt-PT\",\"@id\":\"https:\/\/zamphelmets.co\/pt-pt\/produto\/kit-de-poste-destacavel\/#primaryimage\",\"url\":\"https:\/\/zamphelmets.co\/wp-content\/uploads\/2021\/07\/4dnIRcYSCaBT6ETUZ5bU_Tear_Offs_Post_Kit_0004.jpg\",\"contentUrl\":\"https:\/\/zamphelmets.co\/wp-content\/uploads\/2021\/07\/4dnIRcYSCaBT6ETUZ5bU_Tear_Offs_Post_Kit_0004.jpg\",\"width\":2048,\"height\":1365,\"caption\":\"Parafuso de viseira azul para capacetes Zamp\"},{\"@type\":\"BreadcrumbList\",\"@id\":\"https:\/\/zamphelmets.co\/pt-pt\/produto\/kit-de-poste-destacavel\/#breadcrumb\",\"itemListElement\":[{\"@type\":\"ListItem\",\"position\":1,\"name\":\"Shop\",\"item\":\"https:\/\/zamphelmets.co\/pt-pt\/shop\/\"},{\"@type\":\"ListItem\",\"position\":2,\"name\":\"Kit de poste destac\u00e1vel\"}]},{\"@type\":\"WebSite\",\"@id\":\"https:\/\/zamphelmets.co\/pt-pt\/#website\",\"url\":\"https:\/\/zamphelmets.co\/pt-pt\/\",\"name\":\"Zamp Helmets | Helmet 28 EU\",\"description\":\"High Quality Motorsport Helmets\",\"potentialAction\":[{\"@type\":\"SearchAction\",\"target\":{\"@type\":\"EntryPoint\",\"urlTemplate\":\"https:\/\/zamphelmets.co\/pt-pt\/?s={search_term_string}\"},\"query-input\":{\"@type\":\"PropertyValueSpecification\",\"valueRequired\":true,\"valueName\":\"search_term_string\"}}],\"inLanguage\":\"pt-PT\"}]}<\/script>\n<!-- \/ Yoast SEO plugin. -->","yoast_head_json":{"title":"Kit de poste destac\u00e1vel - Zamp Helmets | Helmet 28 EU","description":"Dispon\u00edveis em 6 cores diferentes, estes parafusos Tear Off Post de substitui\u00e7\u00e3o anodizados oferecem outra forma fant\u00e1stica de personalizar o teu capacete Zamp","robots":{"index":"index","follow":"follow","max-snippet":"max-snippet:-1","max-image-preview":"max-image-preview:large","max-video-preview":"max-video-preview:-1"},"canonical":"https:\/\/zamphelmets.co\/pt-pt\/produto\/kit-de-poste-destacavel\/","og_locale":"pt_PT","og_type":"article","og_title":"Kit de poste destac\u00e1vel - Zamp Helmets | Helmet 28 EU","og_description":"Dispon\u00edveis em 6 cores diferentes, estes parafusos Tear Off Post de substitui\u00e7\u00e3o anodizados oferecem outra forma fant\u00e1stica de personalizar o teu capacete Zamp","og_url":"https:\/\/zamphelmets.co\/pt-pt\/produto\/kit-de-poste-destacavel\/","og_site_name":"Zamp Helmets | Helmet 28 EU","article_modified_time":"2026-02-16T16:01:10+00:00","og_image":[{"width":2048,"height":1365,"url":"https:\/\/zamphelmets.co\/wp-content\/uploads\/2021\/07\/4dnIRcYSCaBT6ETUZ5bU_Tear_Offs_Post_Kit_0004.jpg","type":"image\/jpeg"}],"twitter_card":"summary_large_image","schema":{"@context":"https:\/\/schema.org","@graph":[{"@type":"WebPage","@id":"https:\/\/zamphelmets.co\/pt-pt\/produto\/kit-de-poste-destacavel\/","url":"https:\/\/zamphelmets.co\/pt-pt\/produto\/kit-de-poste-destacavel\/","name":"Kit de poste destac\u00e1vel - Zamp Helmets | Helmet 28 EU","isPartOf":{"@id":"https:\/\/zamphelmets.co\/pt-pt\/#website"},"primaryImageOfPage":{"@id":"https:\/\/zamphelmets.co\/pt-pt\/produto\/kit-de-poste-destacavel\/#primaryimage"},"image":{"@id":"https:\/\/zamphelmets.co\/pt-pt\/produto\/kit-de-poste-destacavel\/#primaryimage"},"thumbnailUrl":"https:\/\/zamphelmets.co\/wp-content\/uploads\/2021\/07\/4dnIRcYSCaBT6ETUZ5bU_Tear_Offs_Post_Kit_0004.jpg","datePublished":"2022-02-15T11:40:28+00:00","dateModified":"2026-02-16T16:01:10+00:00","description":"Dispon\u00edveis em 6 cores diferentes, estes parafusos Tear Off Post de substitui\u00e7\u00e3o anodizados oferecem outra forma fant\u00e1stica de personalizar o teu capacete Zamp","breadcrumb":{"@id":"https:\/\/zamphelmets.co\/pt-pt\/produto\/kit-de-poste-destacavel\/#breadcrumb"},"inLanguage":"pt-PT","potentialAction":[{"@type":"ReadAction","target":["https:\/\/zamphelmets.co\/pt-pt\/produto\/kit-de-poste-destacavel\/"]}]},{"@type":"ImageObject","inLanguage":"pt-PT","@id":"https:\/\/zamphelmets.co\/pt-pt\/produto\/kit-de-poste-destacavel\/#primaryimage","url":"https:\/\/zamphelmets.co\/wp-content\/uploads\/2021\/07\/4dnIRcYSCaBT6ETUZ5bU_Tear_Offs_Post_Kit_0004.jpg","contentUrl":"https:\/\/zamphelmets.co\/wp-content\/uploads\/2021\/07\/4dnIRcYSCaBT6ETUZ5bU_Tear_Offs_Post_Kit_0004.jpg","width":2048,"height":1365,"caption":"Parafuso de viseira azul para capacetes Zamp"},{"@type":"BreadcrumbList","@id":"https:\/\/zamphelmets.co\/pt-pt\/produto\/kit-de-poste-destacavel\/#breadcrumb","itemListElement":[{"@type":"ListItem","position":1,"name":"Shop","item":"https:\/\/zamphelmets.co\/pt-pt\/shop\/"},{"@type":"ListItem","position":2,"name":"Kit de poste destac\u00e1vel"}]},{"@type":"WebSite","@id":"https:\/\/zamphelmets.co\/pt-pt\/#website","url":"https:\/\/zamphelmets.co\/pt-pt\/","name":"Zamp Helmets | Helmet 28 EU","description":"High Quality Motorsport Helmets","potentialAction":[{"@type":"SearchAction","target":{"@type":"EntryPoint","urlTemplate":"https:\/\/zamphelmets.co\/pt-pt\/?s={search_term_string}"},"query-input":{"@type":"PropertyValueSpecification","valueRequired":true,"valueName":"search_term_string"}}],"inLanguage":"pt-PT"}]}},"_links":{"self":[{"href":"https:\/\/zamphelmets.co\/pt-pt\/wp-json\/wp\/v2\/product\/24566","targetHints":{"allow":["GET"]}}],"collection":[{"href":"https:\/\/zamphelmets.co\/pt-pt\/wp-json\/wp\/v2\/product"}],"about":[{"href":"https:\/\/zamphelmets.co\/pt-pt\/wp-json\/wp\/v2\/types\/product"}],"replies":[{"embeddable":true,"href":"https:\/\/zamphelmets.co\/pt-pt\/wp-json\/wp\/v2\/comments?post=24566"}],"wp:featuredmedia":[{"embeddable":true,"href":"https:\/\/zamphelmets.co\/pt-pt\/wp-json\/wp\/v2\/media\/14861"}],"wp:attachment":[{"href":"https:\/\/zamphelmets.co\/pt-pt\/wp-json\/wp\/v2\/media?parent=24566"}],"wp:term":[{"taxonomy":"product_brand","embeddable":true,"href":"https:\/\/zamphelmets.co\/pt-pt\/wp-json\/wp\/v2\/product_brand?post=24566"},{"taxonomy":"product_cat","embeddable":true,"href":"https:\/\/zamphelmets.co\/pt-pt\/wp-json\/wp\/v2\/product_cat?post=24566"},{"taxonomy":"product_tag","embeddable":true,"href":"https:\/\/zamphelmets.co\/pt-pt\/wp-json\/wp\/v2\/product_tag?post=24566"}],"curies":[{"name":"wp","href":"https:\/\/api.w.org\/{rel}","templated":true}]}}