{"id":24256,"date":"2021-04-13T08:22:37","date_gmt":"2021-04-13T08:22:37","guid":{"rendered":"https:\/\/zamphelmets.co\/product\/rz-42-youth-preto\/"},"modified":"2026-02-16T16:00:38","modified_gmt":"2026-02-16T16:00:38","slug":"rz-42-youth-preto","status":"publish","type":"product","link":"https:\/\/zamphelmets.co\/pt-pt\/produto\/rz-42-youth-preto\/","title":{"rendered":"RZ 42 Youth Preto"},"content":{"rendered":"<p class=\"_3vFF3xH4Yd\" dir=\"ltr\">O Zamp RZ-42Y CMR Youth Black \u00e9 o melhor capacete de Karting com CMR2016. Concebido para os jovens pilotos de karting que necessitam da homologa\u00e7\u00e3o CMR standard. Com caracter\u00edsticas actualizadas, o RZ-42Y \u00e9 <strong>mais pequeno<\/strong> e <strong>mais leve<\/strong>, mas continua a ter todas as especifica\u00e7\u00f5es e caracter\u00edsticas de topo do capacete para adultos.<\/p>\n<p dir=\"ltr\"><strong>Trata-se de um capacete concebido especificamente para as crian\u00e7as. N\u00e3o \u00e9 apropriado usar este capacete como adulto, v\u00ea o <a href=\"https:\/\/zamphelmets.co\/faqs\/#:~:text=I%20Have%20A%20Small%20Head%2C%20Can%20I%20Wear%20A%20Youth%20Helmet%3F\">LINK AQUI<\/a> para mais detalhes.<\/strong><\/p>\n<p dir=\"ltr\">Constru\u00eddo a partir de um inv\u00f3lucro de fibra de vidro composto super leve com v\u00e1rias aberturas para uma ventila\u00e7\u00e3o \u00f3ptima. O capacete tamb\u00e9m vem com forros amov\u00edveis para tornar a lavagem do capacete f\u00e1cil e eficiente, para que se mantenha em perfeitas condi\u00e7\u00f5es durante ainda mais tempo.<\/p>\n<ul>\n<li class=\"_3vFF3xH4Yd\">Casco mais pequeno e mais leve<\/li>\n<li class=\"_3vFF3xH4Yd\">Casco leve com mistura de Kevlar<\/li>\n<li class=\"_3vFF3xH4Yd\">Interior de pel\u00facia retardador de fogo<\/li>\n<li class=\"_3vFF3xH4Yd\">S\u00e9rie Z-20 Escudo transparente de 2,5 mm<\/li>\n<li>Spoiler traseiro inclu\u00eddo<\/li>\n<li class=\"_3vFF3xH4Yd\">Forro de conforto amov\u00edvel\/lav\u00e1vel<\/li>\n<li>Abertura da entrada de ar superior e aberturas da barra de queixo. Permite a op\u00e7\u00e3o de funcionamento do acess\u00f3rio de ar for\u00e7ado<\/li>\n<li class=\"_3vFF3xH4Yd\">Norma SNELL CMR2016<\/li>\n<li class=\"_3vFF3xH4Yd\">Tamanhos dispon\u00edveis: 52cm, 54cm, 56cm, 57cm, 59cm<\/li>\n<\/ul>\n<p>&nbsp;<\/p>\n<p>Nota: se estiveres a medir entre tamanhos, recomendamos que escolhas um tamanho maior do que o teu ajuste habitual para um conforto ideal e uma coloca\u00e7\u00e3o adequada do capacete.<\/p>\n<p><img decoding=\"async\" class=\"alignnone wp-image-202049 lazyload\" data-src=\"https:\/\/zamphelmets.co\/wp-content\/uploads\/2025\/05\/Zamp-Helmets-sizing-guide-scaled.png\" alt=\"\" width=\"518\" height=\"518\" data-srcset=\"https:\/\/zamphelmets.co\/wp-content\/uploads\/2025\/05\/Zamp-Helmets-sizing-guide-scaled.png 2560w, https:\/\/zamphelmets.co\/wp-content\/uploads\/2025\/05\/Zamp-Helmets-sizing-guide-300x300.png 300w, https:\/\/zamphelmets.co\/wp-content\/uploads\/2025\/05\/Zamp-Helmets-sizing-guide-1024x1024.png 1024w, https:\/\/zamphelmets.co\/wp-content\/uploads\/2025\/05\/Zamp-Helmets-sizing-guide-150x150.png 150w, https:\/\/zamphelmets.co\/wp-content\/uploads\/2025\/05\/Zamp-Helmets-sizing-guide-768x768.png 768w, https:\/\/zamphelmets.co\/wp-content\/uploads\/2025\/05\/Zamp-Helmets-sizing-guide-1536x1536.png 1536w, https:\/\/zamphelmets.co\/wp-content\/uploads\/2025\/05\/Zamp-Helmets-sizing-guide-2048x2048.png 2048w, https:\/\/zamphelmets.co\/wp-content\/uploads\/2025\/05\/Zamp-Helmets-sizing-guide-600x600.png 600w, https:\/\/zamphelmets.co\/wp-content\/uploads\/2025\/05\/Zamp-Helmets-sizing-guide-100x100.png 100w\" data-sizes=\"(max-width: 518px) 100vw, 518px\" src=\"data:image\/svg+xml;base64,PHN2ZyB3aWR0aD0iMSIgaGVpZ2h0PSIxIiB4bWxucz0iaHR0cDovL3d3dy53My5vcmcvMjAwMC9zdmciPjwvc3ZnPg==\" style=\"--smush-placeholder-width: 518px; --smush-placeholder-aspect-ratio: 518\/518;\" \/><\/p>\n<div id=\"product-10089\" class=\"product type-product post-10089 status-publish first instock product_cat-fia product_cat-snell-2020-sa2020 product_cat-zamp has-post-thumbnail taxable shipping-taxable purchasable product-type-variable\">\n<div class=\"woocommerce-tabs wc-tabs-wrapper\">\n<div id=\"tab-description\" class=\"woocommerce-Tabs-panel woocommerce-Tabs-panel--description panel entry-content wc-tab\" role=\"tabpanel\" aria-labelledby=\"tab-title-description\">\n<p><strong>N\u00e3o tens a certeza do tamanho? <\/strong> Preenche<a href=\"https:\/\/form.jotform.com\/251263198513053\">o nosso formul\u00e1rio de tamanhos<\/a> e um membro da nossa equipa entrar\u00e1 em contacto contigo com as nossas recomenda\u00e7\u00f5es.<\/p>\n<\/div>\n<\/div>\n<\/div>\n","protected":false},"excerpt":{"rendered":"<p>O Zamp RZ-42Y CMR Youth Black \u00e9 o melhor capacete de Karting com CMR2016. Concebido para os jovens pilotos de karting que necessitam da homologa\u00e7\u00e3o CMR standard. Com caracter\u00edsticas actualizadas, o RZ-42Y \u00e9 mais pequeno e mais leve, mas continua a ter todas as especifica\u00e7\u00f5es e caracter\u00edsticas de topo do capacete para adultos. Trata-se de [&hellip;]<\/p>\n","protected":false},"featured_media":19180,"comment_status":"open","ping_status":"closed","template":"","meta":{"_acf_changed":false,"_iconic_wsb_product_page_order_bump_ids":[[]],"_sku":["HE753003"],"_iconic_wsb_product_page_bump_modal_ids":[[]]},"product_brand":[],"product_cat":[148,274,136],"product_tag":[],"class_list":{"0":"post-24256","1":"product","2":"type-product","3":"status-publish","4":"has-post-thumbnail","6":"product_cat-capacetes-zamp","7":"product_cat-juventude-cmr-2016","8":"product_cat-zamp-pt-pt","10":"first","11":"instock","12":"taxable","13":"shipping-taxable","14":"purchasable","15":"product-type-variable"},"acf":[],"yoast_head":"<!-- This site is optimized with the Yoast SEO plugin v27.0 - https:\/\/yoast.com\/product\/yoast-seo-wordpress\/ -->\n<title>RZ 42Y Youth Black Junior Karting Helmet - Zamp Helmets | Helmet 28 EU<\/title>\n<meta name=\"description\" content=\"O Capacete de Corrida Zamp RZ-42Y Preto CMR Youth \u00e9 o melhor capacete de Karting com CMR2016. Com uma excelente rela\u00e7\u00e3o qualidade\/pre\u00e7o e concebido para os jovens do karting.\" \/>\n<meta name=\"robots\" content=\"index, follow, max-snippet:-1, max-image-preview:large, max-video-preview:-1\" \/>\n<link rel=\"canonical\" href=\"https:\/\/zamphelmets.co\/pt-pt\/produto\/rz-42-youth-preto\/\" \/>\n<meta property=\"og:locale\" content=\"pt_PT\" \/>\n<meta property=\"og:type\" content=\"article\" \/>\n<meta property=\"og:title\" content=\"RZ 42Y Youth Black Junior Karting Helmet - Zamp Helmets | Helmet 28 EU\" \/>\n<meta property=\"og:description\" content=\"O Capacete de Corrida Zamp RZ-42Y Preto CMR Youth \u00e9 o melhor capacete de Karting com CMR2016. Com uma excelente rela\u00e7\u00e3o qualidade\/pre\u00e7o e concebido para os jovens do karting.\" \/>\n<meta property=\"og:url\" content=\"https:\/\/zamphelmets.co\/pt-pt\/produto\/rz-42-youth-preto\/\" \/>\n<meta property=\"og:site_name\" content=\"Zamp Helmets | Helmet 28 EU\" \/>\n<meta property=\"article:modified_time\" content=\"2026-02-16T16:00:38+00:00\" \/>\n<meta property=\"og:image\" content=\"https:\/\/zamphelmets.co\/wp-content\/uploads\/2021\/08\/H753003.jpg\" \/>\n\t<meta property=\"og:image:width\" content=\"1500\" \/>\n\t<meta property=\"og:image:height\" content=\"1500\" \/>\n\t<meta property=\"og:image:type\" content=\"image\/jpeg\" \/>\n<meta name=\"twitter:card\" content=\"summary_large_image\" \/>\n<meta name=\"twitter:label1\" content=\"Est. reading time\" \/>\n\t<meta name=\"twitter:data1\" content=\"1 minuto\" \/>\n<script type=\"application\/ld+json\" class=\"yoast-schema-graph\">{\"@context\":\"https:\/\/schema.org\",\"@graph\":[{\"@type\":\"WebPage\",\"@id\":\"https:\/\/zamphelmets.co\/pt-pt\/produto\/rz-42-youth-preto\/\",\"url\":\"https:\/\/zamphelmets.co\/pt-pt\/produto\/rz-42-youth-preto\/\",\"name\":\"RZ 42Y Youth Black Junior Karting Helmet - Zamp Helmets | Helmet 28 EU\",\"isPartOf\":{\"@id\":\"https:\/\/zamphelmets.co\/pt-pt\/#website\"},\"primaryImageOfPage\":{\"@id\":\"https:\/\/zamphelmets.co\/pt-pt\/produto\/rz-42-youth-preto\/#primaryimage\"},\"image\":{\"@id\":\"https:\/\/zamphelmets.co\/pt-pt\/produto\/rz-42-youth-preto\/#primaryimage\"},\"thumbnailUrl\":\"https:\/\/zamphelmets.co\/wp-content\/uploads\/2021\/08\/H753003.jpg\",\"datePublished\":\"2021-04-13T08:22:37+00:00\",\"dateModified\":\"2026-02-16T16:00:38+00:00\",\"description\":\"O Capacete de Corrida Zamp RZ-42Y Preto CMR Youth \u00e9 o melhor capacete de Karting com CMR2016. Com uma excelente rela\u00e7\u00e3o qualidade\/pre\u00e7o e concebido para os jovens do karting.\",\"breadcrumb\":{\"@id\":\"https:\/\/zamphelmets.co\/pt-pt\/produto\/rz-42-youth-preto\/#breadcrumb\"},\"inLanguage\":\"pt-PT\",\"potentialAction\":[{\"@type\":\"ReadAction\",\"target\":[\"https:\/\/zamphelmets.co\/pt-pt\/produto\/rz-42-youth-preto\/\"]}]},{\"@type\":\"ImageObject\",\"inLanguage\":\"pt-PT\",\"@id\":\"https:\/\/zamphelmets.co\/pt-pt\/produto\/rz-42-youth-preto\/#primaryimage\",\"url\":\"https:\/\/zamphelmets.co\/wp-content\/uploads\/2021\/08\/H753003.jpg\",\"contentUrl\":\"https:\/\/zamphelmets.co\/wp-content\/uploads\/2021\/08\/H753003.jpg\",\"width\":1500,\"height\":1500},{\"@type\":\"BreadcrumbList\",\"@id\":\"https:\/\/zamphelmets.co\/pt-pt\/produto\/rz-42-youth-preto\/#breadcrumb\",\"itemListElement\":[{\"@type\":\"ListItem\",\"position\":1,\"name\":\"Shop\",\"item\":\"https:\/\/zamphelmets.co\/pt-pt\/shop\/\"},{\"@type\":\"ListItem\",\"position\":2,\"name\":\"RZ 42 Youth Preto\"}]},{\"@type\":\"WebSite\",\"@id\":\"https:\/\/zamphelmets.co\/pt-pt\/#website\",\"url\":\"https:\/\/zamphelmets.co\/pt-pt\/\",\"name\":\"Zamp Helmets | Helmet 28 EU\",\"description\":\"High Quality Motorsport Helmets\",\"potentialAction\":[{\"@type\":\"SearchAction\",\"target\":{\"@type\":\"EntryPoint\",\"urlTemplate\":\"https:\/\/zamphelmets.co\/pt-pt\/?s={search_term_string}\"},\"query-input\":{\"@type\":\"PropertyValueSpecification\",\"valueRequired\":true,\"valueName\":\"search_term_string\"}}],\"inLanguage\":\"pt-PT\"}]}<\/script>\n<!-- \/ Yoast SEO plugin. -->","yoast_head_json":{"title":"RZ 42Y Youth Black Junior Karting Helmet - Zamp Helmets | Helmet 28 EU","description":"O Capacete de Corrida Zamp RZ-42Y Preto CMR Youth \u00e9 o melhor capacete de Karting com CMR2016. Com uma excelente rela\u00e7\u00e3o qualidade\/pre\u00e7o e concebido para os jovens do karting.","robots":{"index":"index","follow":"follow","max-snippet":"max-snippet:-1","max-image-preview":"max-image-preview:large","max-video-preview":"max-video-preview:-1"},"canonical":"https:\/\/zamphelmets.co\/pt-pt\/produto\/rz-42-youth-preto\/","og_locale":"pt_PT","og_type":"article","og_title":"RZ 42Y Youth Black Junior Karting Helmet - Zamp Helmets | Helmet 28 EU","og_description":"O Capacete de Corrida Zamp RZ-42Y Preto CMR Youth \u00e9 o melhor capacete de Karting com CMR2016. Com uma excelente rela\u00e7\u00e3o qualidade\/pre\u00e7o e concebido para os jovens do karting.","og_url":"https:\/\/zamphelmets.co\/pt-pt\/produto\/rz-42-youth-preto\/","og_site_name":"Zamp Helmets | Helmet 28 EU","article_modified_time":"2026-02-16T16:00:38+00:00","og_image":[{"width":1500,"height":1500,"url":"https:\/\/zamphelmets.co\/wp-content\/uploads\/2021\/08\/H753003.jpg","type":"image\/jpeg"}],"twitter_card":"summary_large_image","twitter_misc":{"Est. reading time":"1 minuto"},"schema":{"@context":"https:\/\/schema.org","@graph":[{"@type":"WebPage","@id":"https:\/\/zamphelmets.co\/pt-pt\/produto\/rz-42-youth-preto\/","url":"https:\/\/zamphelmets.co\/pt-pt\/produto\/rz-42-youth-preto\/","name":"RZ 42Y Youth Black Junior Karting Helmet - Zamp Helmets | Helmet 28 EU","isPartOf":{"@id":"https:\/\/zamphelmets.co\/pt-pt\/#website"},"primaryImageOfPage":{"@id":"https:\/\/zamphelmets.co\/pt-pt\/produto\/rz-42-youth-preto\/#primaryimage"},"image":{"@id":"https:\/\/zamphelmets.co\/pt-pt\/produto\/rz-42-youth-preto\/#primaryimage"},"thumbnailUrl":"https:\/\/zamphelmets.co\/wp-content\/uploads\/2021\/08\/H753003.jpg","datePublished":"2021-04-13T08:22:37+00:00","dateModified":"2026-02-16T16:00:38+00:00","description":"O Capacete de Corrida Zamp RZ-42Y Preto CMR Youth \u00e9 o melhor capacete de Karting com CMR2016. Com uma excelente rela\u00e7\u00e3o qualidade\/pre\u00e7o e concebido para os jovens do karting.","breadcrumb":{"@id":"https:\/\/zamphelmets.co\/pt-pt\/produto\/rz-42-youth-preto\/#breadcrumb"},"inLanguage":"pt-PT","potentialAction":[{"@type":"ReadAction","target":["https:\/\/zamphelmets.co\/pt-pt\/produto\/rz-42-youth-preto\/"]}]},{"@type":"ImageObject","inLanguage":"pt-PT","@id":"https:\/\/zamphelmets.co\/pt-pt\/produto\/rz-42-youth-preto\/#primaryimage","url":"https:\/\/zamphelmets.co\/wp-content\/uploads\/2021\/08\/H753003.jpg","contentUrl":"https:\/\/zamphelmets.co\/wp-content\/uploads\/2021\/08\/H753003.jpg","width":1500,"height":1500},{"@type":"BreadcrumbList","@id":"https:\/\/zamphelmets.co\/pt-pt\/produto\/rz-42-youth-preto\/#breadcrumb","itemListElement":[{"@type":"ListItem","position":1,"name":"Shop","item":"https:\/\/zamphelmets.co\/pt-pt\/shop\/"},{"@type":"ListItem","position":2,"name":"RZ 42 Youth Preto"}]},{"@type":"WebSite","@id":"https:\/\/zamphelmets.co\/pt-pt\/#website","url":"https:\/\/zamphelmets.co\/pt-pt\/","name":"Zamp Helmets | Helmet 28 EU","description":"High Quality Motorsport Helmets","potentialAction":[{"@type":"SearchAction","target":{"@type":"EntryPoint","urlTemplate":"https:\/\/zamphelmets.co\/pt-pt\/?s={search_term_string}"},"query-input":{"@type":"PropertyValueSpecification","valueRequired":true,"valueName":"search_term_string"}}],"inLanguage":"pt-PT"}]}},"_links":{"self":[{"href":"https:\/\/zamphelmets.co\/pt-pt\/wp-json\/wp\/v2\/product\/24256","targetHints":{"allow":["GET"]}}],"collection":[{"href":"https:\/\/zamphelmets.co\/pt-pt\/wp-json\/wp\/v2\/product"}],"about":[{"href":"https:\/\/zamphelmets.co\/pt-pt\/wp-json\/wp\/v2\/types\/product"}],"replies":[{"embeddable":true,"href":"https:\/\/zamphelmets.co\/pt-pt\/wp-json\/wp\/v2\/comments?post=24256"}],"wp:featuredmedia":[{"embeddable":true,"href":"https:\/\/zamphelmets.co\/pt-pt\/wp-json\/wp\/v2\/media\/19180"}],"wp:attachment":[{"href":"https:\/\/zamphelmets.co\/pt-pt\/wp-json\/wp\/v2\/media?parent=24256"}],"wp:term":[{"taxonomy":"product_brand","embeddable":true,"href":"https:\/\/zamphelmets.co\/pt-pt\/wp-json\/wp\/v2\/product_brand?post=24256"},{"taxonomy":"product_cat","embeddable":true,"href":"https:\/\/zamphelmets.co\/pt-pt\/wp-json\/wp\/v2\/product_cat?post=24256"},{"taxonomy":"product_tag","embeddable":true,"href":"https:\/\/zamphelmets.co\/pt-pt\/wp-json\/wp\/v2\/product_tag?post=24256"}],"curies":[{"name":"wp","href":"https:\/\/api.w.org\/{rel}","templated":true}]}}