{"id":24223,"date":"2021-02-25T10:08:07","date_gmt":"2021-02-25T10:08:07","guid":{"rendered":"https:\/\/zamphelmets.co\/product\/rz-59-preto-mate\/"},"modified":"2026-02-16T15:19:11","modified_gmt":"2026-02-16T15:19:11","slug":"rz-59-preto-mate","status":"publish","type":"product","link":"https:\/\/zamphelmets.co\/pt-pt\/produto\/rz-59-preto-mate\/","title":{"rendered":"RZ 59 Preto mate"},"content":{"rendered":"<p><strong>O capacete Zamp RZ-59 Matte Black combina a mais recente tecnologia de capacetes Snell SA2020 com um design de qualidade para oferecer o capacete com a melhor rela\u00e7\u00e3o qualidade\/pre\u00e7o do mercado! Este modelo proporciona uma grande ventila\u00e7\u00e3o e conforto  <\/strong><strong>com um design elegante e simples para ajudar a manter a frescura e evitar o embaciamento em condi\u00e7\u00f5es de corrida extremas. O RZ-59 oferece um excelente ajuste, um acabamento de alto n\u00edvel e o pre\u00e7o mais competitivo dispon\u00edvel na ind\u00fastria. O deslumbrante acabamento em preto mate proporciona um excelente capacete de n\u00edvel de entrada para dias de pista, karting e outras corridas regidas pela SA2020.<\/strong><\/p>\n<p><strong>As caracter\u00edsticas incluem:<\/strong><\/p>\n<ul>\n<li>Concha leve em <strong>fibra de vidro composta <\/strong><\/li>\n<li><strong>Ventila\u00e7\u00e3o frontal m\u00ednima<\/strong> com aberturas para o couro cabeludo e para o escape<\/li>\n<li><strong>Interior de pel\u00facia retardador de fogo<\/strong><\/li>\n<li><strong>Escudo de 3 mm da s\u00e9rie Z-20 <\/strong>com postes destac\u00e1veis, postes centrais de 12,25 pol.<\/li>\n<li><strong>Inser\u00e7\u00f5es M6 <\/strong>para apoios de cabe\u00e7a e pesco\u00e7o<\/li>\n<li><strong>Aprova\u00e7\u00e3o Snell SA2020<\/strong><\/li>\n<li><strong>Peso: 1440 g no tamanho M<\/strong><\/li>\n<\/ul>\n<p>Como \u00e9 comum nos desportos motorizados, o nosso tamanho varia consoante o modelo do capacete. Para saberes mais sobre como dimensionar o teu capacete, <a href=\"https:\/\/zamphelmets.co\/pt-pt\/como-escolher-o-tamanho-correto-do-capacete\/\">consulta aqui<\/a>.<\/p>\n<p><a href=\"https:\/\/zamphelmets.co\/pt-pt\/explicacao-da-homologacao\/\"><strong>Homologa\u00e7\u00e3o explicada<\/strong> &#8211; descobre de que homologa\u00e7\u00e3o precisas<\/a><\/p>\n<p><a href=\"https:\/\/zamphelmets.co\/pt-pt\/postes-hans-dispositivos-hans-e-fhr\/\"><strong>Dispositivo FHR \/ HANS<\/strong> &#8211; quando \u00e9 que \u00e9 necess\u00e1rio?<\/a><\/p>\n<p>&nbsp;<\/p>\n<p><img decoding=\"async\" class=\"alignnone wp-image-26355 size-full lazyload\" data-src=\"https:\/\/zamphelmets.co\/wp-content\/uploads\/2024\/03\/Zamp-Helmets-sizing-guide-4166-x-4166-px-1.png\" alt=\"\" width=\"500\" height=\"500\" data-srcset=\"https:\/\/zamphelmets.co\/wp-content\/uploads\/2024\/03\/Zamp-Helmets-sizing-guide-4166-x-4166-px-1.png 500w, https:\/\/zamphelmets.co\/wp-content\/uploads\/2024\/03\/Zamp-Helmets-sizing-guide-4166-x-4166-px-1-300x300.png 300w, https:\/\/zamphelmets.co\/wp-content\/uploads\/2024\/03\/Zamp-Helmets-sizing-guide-4166-x-4166-px-1-150x150.png 150w, https:\/\/zamphelmets.co\/wp-content\/uploads\/2024\/03\/Zamp-Helmets-sizing-guide-4166-x-4166-px-1-100x100.png 100w\" data-sizes=\"(max-width: 500px) 100vw, 500px\" src=\"data:image\/svg+xml;base64,PHN2ZyB3aWR0aD0iMSIgaGVpZ2h0PSIxIiB4bWxucz0iaHR0cDovL3d3dy53My5vcmcvMjAwMC9zdmciPjwvc3ZnPg==\" style=\"--smush-placeholder-width: 500px; --smush-placeholder-aspect-ratio: 500\/500;\" \/><\/p>\n<div id=\"product-10089\" class=\"product type-product post-10089 status-publish first instock product_cat-fia product_cat-snell-2020-sa2020 product_cat-zamp has-post-thumbnail taxable shipping-taxable purchasable product-type-variable\">\n<div class=\"woocommerce-tabs wc-tabs-wrapper\">\n<div id=\"tab-description\" class=\"woocommerce-Tabs-panel woocommerce-Tabs-panel--description panel entry-content wc-tab\" role=\"tabpanel\" aria-labelledby=\"tab-title-description\">\n<p><strong>N\u00e3o tens a certeza do tamanho? <\/strong> Preenche<a href=\"https:\/\/form.jotform.com\/251263198513053\">o nosso formul\u00e1rio de tamanhos<\/a> e um membro da nossa equipa entrar\u00e1 em contacto contigo com as nossas recomenda\u00e7\u00f5es.<\/p>\n<\/div>\n<\/div>\n<\/div>\n","protected":false},"excerpt":{"rendered":"<p>O capacete Zamp RZ-59 Matte Black combina a mais recente tecnologia de capacetes Snell SA2020 com um design de qualidade para oferecer o capacete com a melhor rela\u00e7\u00e3o qualidade\/pre\u00e7o do mercado! Este modelo proporciona uma grande ventila\u00e7\u00e3o e conforto com um design elegante e simples para ajudar a manter a frescura e evitar o embaciamento [&hellip;]<\/p>\n","protected":false},"featured_media":13783,"comment_status":"open","ping_status":"closed","template":"","meta":{"_acf_changed":false,"_iconic_wsb_product_page_order_bump_ids":[[]],"_sku":[],"_iconic_wsb_product_page_bump_modal_ids":[[]]},"product_brand":[],"product_cat":[148,190,150,149,136],"product_tag":[],"class_list":{"0":"post-24223","1":"product","2":"type-product","3":"status-publish","4":"has-post-thumbnail","6":"product_cat-capacetes-zamp","7":"product_cat-padrao","8":"product_cat-snell-pt-pt","9":"product_cat-snell-2020-sa2020-pt-pt","10":"product_cat-zamp-pt-pt","12":"first","13":"outofstock","14":"taxable","15":"shipping-taxable","16":"purchasable","17":"product-type-variable"},"acf":[],"yoast_head":"<!-- This site is optimized with the Yoast SEO plugin v27.0 - https:\/\/yoast.com\/product\/yoast-seo-wordpress\/ -->\n<title>RZ 59 Preto mate Capacete de corrida - Zamp Helmets | Helmet 28 EU<\/title>\n<meta name=\"description\" content=\"O capacete Zamp RZ 59 Matte Black combina a mais recente tecnologia de homologa\u00e7\u00e3o Snell com um design de qualidade para oferecer o capacete de corrida com a melhor rela\u00e7\u00e3o qualidade\/pre\u00e7o!\" \/>\n<meta name=\"robots\" content=\"index, follow, max-snippet:-1, max-image-preview:large, max-video-preview:-1\" \/>\n<link rel=\"canonical\" href=\"https:\/\/zamphelmets.co\/pt-pt\/produto\/rz-59-preto-mate\/\" \/>\n<meta property=\"og:locale\" content=\"pt_PT\" \/>\n<meta property=\"og:type\" content=\"article\" \/>\n<meta property=\"og:title\" content=\"RZ 59 Preto mate Capacete de corrida - Zamp Helmets | Helmet 28 EU\" \/>\n<meta property=\"og:description\" content=\"O capacete Zamp RZ 59 Matte Black combina a mais recente tecnologia de homologa\u00e7\u00e3o Snell com um design de qualidade para oferecer o capacete de corrida com a melhor rela\u00e7\u00e3o qualidade\/pre\u00e7o!\" \/>\n<meta property=\"og:url\" content=\"https:\/\/zamphelmets.co\/pt-pt\/produto\/rz-59-preto-mate\/\" \/>\n<meta property=\"og:site_name\" content=\"Zamp Helmets | Helmet 28 EU\" \/>\n<meta property=\"article:modified_time\" content=\"2026-02-16T15:19:11+00:00\" \/>\n<meta property=\"og:image\" content=\"https:\/\/zamphelmets.co\/wp-content\/uploads\/2021\/02\/H77203F.jpg\" \/>\n\t<meta property=\"og:image:width\" content=\"1500\" \/>\n\t<meta property=\"og:image:height\" content=\"1500\" \/>\n\t<meta property=\"og:image:type\" content=\"image\/jpeg\" \/>\n<meta name=\"twitter:card\" content=\"summary_large_image\" \/>\n<meta name=\"twitter:label1\" content=\"Est. reading time\" \/>\n\t<meta name=\"twitter:data1\" content=\"1 minuto\" \/>\n<script type=\"application\/ld+json\" class=\"yoast-schema-graph\">{\"@context\":\"https:\/\/schema.org\",\"@graph\":[{\"@type\":\"WebPage\",\"@id\":\"https:\/\/zamphelmets.co\/pt-pt\/produto\/rz-59-preto-mate\/\",\"url\":\"https:\/\/zamphelmets.co\/pt-pt\/produto\/rz-59-preto-mate\/\",\"name\":\"RZ 59 Preto mate Capacete de corrida - Zamp Helmets | Helmet 28 EU\",\"isPartOf\":{\"@id\":\"https:\/\/zamphelmets.co\/pt-pt\/#website\"},\"primaryImageOfPage\":{\"@id\":\"https:\/\/zamphelmets.co\/pt-pt\/produto\/rz-59-preto-mate\/#primaryimage\"},\"image\":{\"@id\":\"https:\/\/zamphelmets.co\/pt-pt\/produto\/rz-59-preto-mate\/#primaryimage\"},\"thumbnailUrl\":\"https:\/\/zamphelmets.co\/wp-content\/uploads\/2021\/02\/H77203F.jpg\",\"datePublished\":\"2021-02-25T10:08:07+00:00\",\"dateModified\":\"2026-02-16T15:19:11+00:00\",\"description\":\"O capacete Zamp RZ 59 Matte Black combina a mais recente tecnologia de homologa\u00e7\u00e3o Snell com um design de qualidade para oferecer o capacete de corrida com a melhor rela\u00e7\u00e3o qualidade\/pre\u00e7o!\",\"breadcrumb\":{\"@id\":\"https:\/\/zamphelmets.co\/pt-pt\/produto\/rz-59-preto-mate\/#breadcrumb\"},\"inLanguage\":\"pt-PT\",\"potentialAction\":[{\"@type\":\"ReadAction\",\"target\":[\"https:\/\/zamphelmets.co\/pt-pt\/produto\/rz-59-preto-mate\/\"]}]},{\"@type\":\"ImageObject\",\"inLanguage\":\"pt-PT\",\"@id\":\"https:\/\/zamphelmets.co\/pt-pt\/produto\/rz-59-preto-mate\/#primaryimage\",\"url\":\"https:\/\/zamphelmets.co\/wp-content\/uploads\/2021\/02\/H77203F.jpg\",\"contentUrl\":\"https:\/\/zamphelmets.co\/wp-content\/uploads\/2021\/02\/H77203F.jpg\",\"width\":1500,\"height\":1500,\"caption\":\"Capacete de corrida RZ 59 Matte Black da Zamp Helmets\"},{\"@type\":\"BreadcrumbList\",\"@id\":\"https:\/\/zamphelmets.co\/pt-pt\/produto\/rz-59-preto-mate\/#breadcrumb\",\"itemListElement\":[{\"@type\":\"ListItem\",\"position\":1,\"name\":\"Shop\",\"item\":\"https:\/\/zamphelmets.co\/pt-pt\/shop\/\"},{\"@type\":\"ListItem\",\"position\":2,\"name\":\"RZ 59 Preto mate\"}]},{\"@type\":\"WebSite\",\"@id\":\"https:\/\/zamphelmets.co\/pt-pt\/#website\",\"url\":\"https:\/\/zamphelmets.co\/pt-pt\/\",\"name\":\"Zamp Helmets | Helmet 28 EU\",\"description\":\"High Quality Motorsport Helmets\",\"potentialAction\":[{\"@type\":\"SearchAction\",\"target\":{\"@type\":\"EntryPoint\",\"urlTemplate\":\"https:\/\/zamphelmets.co\/pt-pt\/?s={search_term_string}\"},\"query-input\":{\"@type\":\"PropertyValueSpecification\",\"valueRequired\":true,\"valueName\":\"search_term_string\"}}],\"inLanguage\":\"pt-PT\"}]}<\/script>\n<!-- \/ Yoast SEO plugin. -->","yoast_head_json":{"title":"RZ 59 Preto mate Capacete de corrida - Zamp Helmets | Helmet 28 EU","description":"O capacete Zamp RZ 59 Matte Black combina a mais recente tecnologia de homologa\u00e7\u00e3o Snell com um design de qualidade para oferecer o capacete de corrida com a melhor rela\u00e7\u00e3o qualidade\/pre\u00e7o!","robots":{"index":"index","follow":"follow","max-snippet":"max-snippet:-1","max-image-preview":"max-image-preview:large","max-video-preview":"max-video-preview:-1"},"canonical":"https:\/\/zamphelmets.co\/pt-pt\/produto\/rz-59-preto-mate\/","og_locale":"pt_PT","og_type":"article","og_title":"RZ 59 Preto mate Capacete de corrida - Zamp Helmets | Helmet 28 EU","og_description":"O capacete Zamp RZ 59 Matte Black combina a mais recente tecnologia de homologa\u00e7\u00e3o Snell com um design de qualidade para oferecer o capacete de corrida com a melhor rela\u00e7\u00e3o qualidade\/pre\u00e7o!","og_url":"https:\/\/zamphelmets.co\/pt-pt\/produto\/rz-59-preto-mate\/","og_site_name":"Zamp Helmets | Helmet 28 EU","article_modified_time":"2026-02-16T15:19:11+00:00","og_image":[{"width":1500,"height":1500,"url":"https:\/\/zamphelmets.co\/wp-content\/uploads\/2021\/02\/H77203F.jpg","type":"image\/jpeg"}],"twitter_card":"summary_large_image","twitter_misc":{"Est. reading time":"1 minuto"},"schema":{"@context":"https:\/\/schema.org","@graph":[{"@type":"WebPage","@id":"https:\/\/zamphelmets.co\/pt-pt\/produto\/rz-59-preto-mate\/","url":"https:\/\/zamphelmets.co\/pt-pt\/produto\/rz-59-preto-mate\/","name":"RZ 59 Preto mate Capacete de corrida - Zamp Helmets | Helmet 28 EU","isPartOf":{"@id":"https:\/\/zamphelmets.co\/pt-pt\/#website"},"primaryImageOfPage":{"@id":"https:\/\/zamphelmets.co\/pt-pt\/produto\/rz-59-preto-mate\/#primaryimage"},"image":{"@id":"https:\/\/zamphelmets.co\/pt-pt\/produto\/rz-59-preto-mate\/#primaryimage"},"thumbnailUrl":"https:\/\/zamphelmets.co\/wp-content\/uploads\/2021\/02\/H77203F.jpg","datePublished":"2021-02-25T10:08:07+00:00","dateModified":"2026-02-16T15:19:11+00:00","description":"O capacete Zamp RZ 59 Matte Black combina a mais recente tecnologia de homologa\u00e7\u00e3o Snell com um design de qualidade para oferecer o capacete de corrida com a melhor rela\u00e7\u00e3o qualidade\/pre\u00e7o!","breadcrumb":{"@id":"https:\/\/zamphelmets.co\/pt-pt\/produto\/rz-59-preto-mate\/#breadcrumb"},"inLanguage":"pt-PT","potentialAction":[{"@type":"ReadAction","target":["https:\/\/zamphelmets.co\/pt-pt\/produto\/rz-59-preto-mate\/"]}]},{"@type":"ImageObject","inLanguage":"pt-PT","@id":"https:\/\/zamphelmets.co\/pt-pt\/produto\/rz-59-preto-mate\/#primaryimage","url":"https:\/\/zamphelmets.co\/wp-content\/uploads\/2021\/02\/H77203F.jpg","contentUrl":"https:\/\/zamphelmets.co\/wp-content\/uploads\/2021\/02\/H77203F.jpg","width":1500,"height":1500,"caption":"Capacete de corrida RZ 59 Matte Black da Zamp Helmets"},{"@type":"BreadcrumbList","@id":"https:\/\/zamphelmets.co\/pt-pt\/produto\/rz-59-preto-mate\/#breadcrumb","itemListElement":[{"@type":"ListItem","position":1,"name":"Shop","item":"https:\/\/zamphelmets.co\/pt-pt\/shop\/"},{"@type":"ListItem","position":2,"name":"RZ 59 Preto mate"}]},{"@type":"WebSite","@id":"https:\/\/zamphelmets.co\/pt-pt\/#website","url":"https:\/\/zamphelmets.co\/pt-pt\/","name":"Zamp Helmets | Helmet 28 EU","description":"High Quality Motorsport Helmets","potentialAction":[{"@type":"SearchAction","target":{"@type":"EntryPoint","urlTemplate":"https:\/\/zamphelmets.co\/pt-pt\/?s={search_term_string}"},"query-input":{"@type":"PropertyValueSpecification","valueRequired":true,"valueName":"search_term_string"}}],"inLanguage":"pt-PT"}]}},"_links":{"self":[{"href":"https:\/\/zamphelmets.co\/pt-pt\/wp-json\/wp\/v2\/product\/24223","targetHints":{"allow":["GET"]}}],"collection":[{"href":"https:\/\/zamphelmets.co\/pt-pt\/wp-json\/wp\/v2\/product"}],"about":[{"href":"https:\/\/zamphelmets.co\/pt-pt\/wp-json\/wp\/v2\/types\/product"}],"replies":[{"embeddable":true,"href":"https:\/\/zamphelmets.co\/pt-pt\/wp-json\/wp\/v2\/comments?post=24223"}],"wp:featuredmedia":[{"embeddable":true,"href":"https:\/\/zamphelmets.co\/pt-pt\/wp-json\/wp\/v2\/media\/13783"}],"wp:attachment":[{"href":"https:\/\/zamphelmets.co\/pt-pt\/wp-json\/wp\/v2\/media?parent=24223"}],"wp:term":[{"taxonomy":"product_brand","embeddable":true,"href":"https:\/\/zamphelmets.co\/pt-pt\/wp-json\/wp\/v2\/product_brand?post=24223"},{"taxonomy":"product_cat","embeddable":true,"href":"https:\/\/zamphelmets.co\/pt-pt\/wp-json\/wp\/v2\/product_cat?post=24223"},{"taxonomy":"product_tag","embeddable":true,"href":"https:\/\/zamphelmets.co\/pt-pt\/wp-json\/wp\/v2\/product_tag?post=24223"}],"curies":[{"name":"wp","href":"https:\/\/api.w.org\/{rel}","templated":true}]}}