{"id":23900,"date":"2020-01-30T12:50:44","date_gmt":"2020-01-30T12:50:44","guid":{"rendered":"https:\/\/zamphelmets.co\/product\/interruptor-rz-70e-azul-azul-claro\/"},"modified":"2026-04-07T10:12:26","modified_gmt":"2026-04-07T10:12:26","slug":"interruptor-rz-70e-azul-azul-claro","status":"publish","type":"product","link":"https:\/\/zamphelmets.co\/pt-pt\/produto\/interruptor-rz-70e-azul-azul-claro\/","title":{"rendered":"Interruptor RZ 70E Azul \/ Azul claro"},"content":{"rendered":"<p>Apresentamos-te o nosso revolucion\u00e1rio capacete <strong>RZ-70E SWITCH <\/strong>. O nosso sistema \u00fanico permite-te configurar facilmente o teu capacete para uma variedade de configura\u00e7\u00f5es de corrida.  <strong>Adicionar comunica\u00e7\u00e3o ou hidrata\u00e7\u00e3o ao teu capacete nunca foi t\u00e3o f\u00e1cil!  <\/strong><\/p>\n<p>&nbsp;<\/p>\n<p>Este capacete possui o novo DDAIR-SYSTEM, um novo sistema de al\u00edvio de integra\u00e7\u00e3o de ar de dupla densidade. Canaliza o ar a 360 graus, proporcionando o m\u00e1ximo fluxo de ar. O ar frio entra no capacete, o ar quente sai do capacete.<\/p>\n<ul>\n<li>Casco leve de mistura de <strong>aramida<\/strong> composta<\/li>\n<li><strong>O<\/strong><strong>Z-Design<\/strong> no casco faz circular o ar por todo o casco utilizando grandes canais internos<\/li>\n<li><strong>Os canais no EPS da barra de que <\/strong>ixo permitem a montagem f\u00e1cil de comunica\u00e7\u00f5es\/microfone, tubo de bebida.<\/li>\n<li>Escudo transparente de 3 mm <strong>da s\u00e9rie ZF-20<\/strong> com postes de arrancamento que utilizam arrancadores tipo banana de 12,125 polegadas<\/li>\n<li><strong>Inser\u00e7\u00f5es M6 <\/strong>para o sistema de reten\u00e7\u00e3o de cabe\u00e7a e pesco\u00e7o<\/li>\n<li><strong>Instala\u00e7\u00e3o dispon\u00edvel para comunica\u00e7\u00f5es e hidrata\u00e7\u00e3o<\/strong><\/li>\n<li><strong>Aprovado pela FIA 8859-2015\/Snell SA-2020<\/strong><\/li>\n<li><strong>Peso: aproximadamente 1510 g +\/-30 g no tamanho M<\/strong><\/li>\n<\/ul>\n<p>Como \u00e9 comum nos desportos motorizados, o nosso tamanho varia consoante o modelo do capacete. Para saberes mais sobre como dimensionar o teu capacete, <a href=\"https:\/\/zamphelmets.co\/pt-pt\/como-escolher-o-tamanho-correto-do-capacete\/\">consulta aqui<\/a>.<\/p>\n<p><a href=\"https:\/\/zamphelmets.co\/pt-pt\/explicacao-da-homologacao\/\"><strong>Homologa\u00e7\u00e3o explicada<\/strong> &#8211; descobre de que homologa\u00e7\u00e3o precisas<\/a><\/p>\n<p><a href=\"https:\/\/zamphelmets.co\/pt-pt\/postes-hans-dispositivos-hans-e-fhr\/\"><strong>Dispositivo FHR \/ HANS<\/strong> &#8211; quando \u00e9 que \u00e9 necess\u00e1rio?<\/a><\/p>\n<p>&nbsp;<\/p>\n<p><img decoding=\"async\" class=\"alignnone wp-image-26355 size-full lazyload\" data-src=\"https:\/\/zamphelmets.co\/wp-content\/uploads\/2024\/03\/Zamp-Helmets-sizing-guide-4166-x-4166-px-1.png\" alt=\"\" width=\"500\" height=\"500\" data-srcset=\"https:\/\/zamphelmets.co\/wp-content\/uploads\/2024\/03\/Zamp-Helmets-sizing-guide-4166-x-4166-px-1.png 500w, https:\/\/zamphelmets.co\/wp-content\/uploads\/2024\/03\/Zamp-Helmets-sizing-guide-4166-x-4166-px-1-300x300.png 300w, https:\/\/zamphelmets.co\/wp-content\/uploads\/2024\/03\/Zamp-Helmets-sizing-guide-4166-x-4166-px-1-150x150.png 150w, https:\/\/zamphelmets.co\/wp-content\/uploads\/2024\/03\/Zamp-Helmets-sizing-guide-4166-x-4166-px-1-100x100.png 100w\" data-sizes=\"(max-width: 500px) 100vw, 500px\" src=\"data:image\/svg+xml;base64,PHN2ZyB3aWR0aD0iMSIgaGVpZ2h0PSIxIiB4bWxucz0iaHR0cDovL3d3dy53My5vcmcvMjAwMC9zdmciPjwvc3ZnPg==\" style=\"--smush-placeholder-width: 500px; --smush-placeholder-aspect-ratio: 500\/500;\" \/><\/p>\n<div id=\"product-10089\" class=\"product type-product post-10089 status-publish first instock product_cat-fia product_cat-snell-2020-sa2020 product_cat-zamp has-post-thumbnail taxable shipping-taxable purchasable product-type-variable\">\n<div class=\"woocommerce-tabs wc-tabs-wrapper\">\n<div id=\"tab-description\" class=\"woocommerce-Tabs-panel woocommerce-Tabs-panel--description panel entry-content wc-tab\" role=\"tabpanel\" aria-labelledby=\"tab-title-description\">\n<p><strong>N\u00e3o tens a certeza do tamanho? <\/strong> Preenche<a href=\"https:\/\/form.jotform.com\/251263198513053\">o nosso formul\u00e1rio de tamanhos<\/a> e um membro da nossa equipa entrar\u00e1 em contacto contigo com as nossas recomenda\u00e7\u00f5es.<\/p>\n<\/div>\n<\/div>\n<\/div>\n","protected":false},"excerpt":{"rendered":"<p>Apresentamos-te o nosso revolucion\u00e1rio capacete RZ-70E SWITCH . O nosso sistema \u00fanico permite-te configurar facilmente o teu capacete para uma variedade de configura\u00e7\u00f5es de corrida. Adicionar comunica\u00e7\u00e3o ou hidrata\u00e7\u00e3o ao teu capacete nunca foi t\u00e3o f\u00e1cil! &nbsp; Este capacete possui o novo DDAIR-SYSTEM, um novo sistema de al\u00edvio de integra\u00e7\u00e3o de ar de dupla densidade. [&hellip;]<\/p>\n","protected":false},"featured_media":11263,"comment_status":"open","ping_status":"closed","template":"","meta":{"_acf_changed":false,"_iconic_wsb_product_page_order_bump_ids":[[]],"_sku":[],"_iconic_wsb_product_page_bump_modal_ids":[[]]},"product_brand":[],"product_cat":[148,245,151,150,149,136],"product_tag":[],"class_list":{"0":"post-23900","1":"product","2":"type-product","3":"status-publish","4":"has-post-thumbnail","6":"product_cat-capacetes-zamp","7":"product_cat-fia-8859-pt-pt","8":"product_cat-premio","9":"product_cat-snell-pt-pt","10":"product_cat-snell-2020-sa2020-pt-pt","11":"product_cat-zamp-pt-pt","13":"first","14":"instock","15":"taxable","16":"shipping-taxable","17":"product-type-variable"},"acf":[],"yoast_head":"<!-- This site is optimized with the Yoast SEO plugin v27.0 - https:\/\/yoast.com\/product\/yoast-seo-wordpress\/ -->\n<title>Interruptor RZ 70E Azul \/ Azul claro 515, \u20acpage - Zamp Helmets | Helmet 28 EU<\/title>\n<meta name=\"description\" content=\"O Zamp RZ 70E Azul\/Azul Claro \u00e9 o melhor capacete para todas as situa\u00e7\u00f5es. Capacete leve FIA 8859 com v\u00e1rias configura\u00e7\u00f5es dispon\u00edveis para o dia da corrida.\" \/>\n<meta name=\"robots\" content=\"index, follow, max-snippet:-1, max-image-preview:large, max-video-preview:-1\" \/>\n<link rel=\"canonical\" href=\"https:\/\/zamphelmets.co\/pt-pt\/produto\/interruptor-rz-70e-azul-azul-claro\/\" \/>\n<meta property=\"og:locale\" content=\"pt_PT\" \/>\n<meta property=\"og:type\" content=\"article\" \/>\n<meta property=\"og:title\" content=\"Interruptor RZ 70E Azul \/ Azul claro 515, \u20acpage - Zamp Helmets | Helmet 28 EU\" \/>\n<meta property=\"og:description\" content=\"O Zamp RZ 70E Azul\/Azul Claro \u00e9 o melhor capacete para todas as situa\u00e7\u00f5es. Capacete leve FIA 8859 com v\u00e1rias configura\u00e7\u00f5es dispon\u00edveis para o dia da corrida.\" \/>\n<meta property=\"og:url\" content=\"https:\/\/zamphelmets.co\/pt-pt\/produto\/interruptor-rz-70e-azul-azul-claro\/\" \/>\n<meta property=\"og:site_name\" content=\"Zamp Helmets | Helmet 28 EU\" \/>\n<meta property=\"article:modified_time\" content=\"2026-04-07T10:12:26+00:00\" \/>\n<meta property=\"og:image\" content=\"https:\/\/zamphelmets.co\/wp-content\/uploads\/2020\/01\/H760C31300dpi.jpg\" \/>\n\t<meta property=\"og:image:width\" content=\"1500\" \/>\n\t<meta property=\"og:image:height\" content=\"1500\" \/>\n\t<meta property=\"og:image:type\" content=\"image\/jpeg\" \/>\n<meta name=\"twitter:card\" content=\"summary_large_image\" \/>\n<meta name=\"twitter:label1\" content=\"Est. reading time\" \/>\n\t<meta name=\"twitter:data1\" content=\"1 minuto\" \/>\n<script type=\"application\/ld+json\" class=\"yoast-schema-graph\">{\"@context\":\"https:\/\/schema.org\",\"@graph\":[{\"@type\":\"WebPage\",\"@id\":\"https:\/\/zamphelmets.co\/pt-pt\/produto\/interruptor-rz-70e-azul-azul-claro\/\",\"url\":\"https:\/\/zamphelmets.co\/pt-pt\/produto\/interruptor-rz-70e-azul-azul-claro\/\",\"name\":\"Interruptor RZ 70E Azul \/ Azul claro 515, \u20acpage - Zamp Helmets | Helmet 28 EU\",\"isPartOf\":{\"@id\":\"https:\/\/zamphelmets.co\/pt-pt\/#website\"},\"primaryImageOfPage\":{\"@id\":\"https:\/\/zamphelmets.co\/pt-pt\/produto\/interruptor-rz-70e-azul-azul-claro\/#primaryimage\"},\"image\":{\"@id\":\"https:\/\/zamphelmets.co\/pt-pt\/produto\/interruptor-rz-70e-azul-azul-claro\/#primaryimage\"},\"thumbnailUrl\":\"https:\/\/zamphelmets.co\/wp-content\/uploads\/2020\/01\/H760C31300dpi.jpg\",\"datePublished\":\"2020-01-30T12:50:44+00:00\",\"dateModified\":\"2026-04-07T10:12:26+00:00\",\"description\":\"O Zamp RZ 70E Azul\/Azul Claro \u00e9 o melhor capacete para todas as situa\u00e7\u00f5es. Capacete leve FIA 8859 com v\u00e1rias configura\u00e7\u00f5es dispon\u00edveis para o dia da corrida.\",\"breadcrumb\":{\"@id\":\"https:\/\/zamphelmets.co\/pt-pt\/produto\/interruptor-rz-70e-azul-azul-claro\/#breadcrumb\"},\"inLanguage\":\"pt-PT\",\"potentialAction\":[{\"@type\":\"ReadAction\",\"target\":[\"https:\/\/zamphelmets.co\/pt-pt\/produto\/interruptor-rz-70e-azul-azul-claro\/\"]}]},{\"@type\":\"ImageObject\",\"inLanguage\":\"pt-PT\",\"@id\":\"https:\/\/zamphelmets.co\/pt-pt\/produto\/interruptor-rz-70e-azul-azul-claro\/#primaryimage\",\"url\":\"https:\/\/zamphelmets.co\/wp-content\/uploads\/2020\/01\/H760C31300dpi.jpg\",\"contentUrl\":\"https:\/\/zamphelmets.co\/wp-content\/uploads\/2020\/01\/H760C31300dpi.jpg\",\"width\":1500,\"height\":1500,\"caption\":\"Capacete de corrida azul Zamp RZ 70E\"},{\"@type\":\"BreadcrumbList\",\"@id\":\"https:\/\/zamphelmets.co\/pt-pt\/produto\/interruptor-rz-70e-azul-azul-claro\/#breadcrumb\",\"itemListElement\":[{\"@type\":\"ListItem\",\"position\":1,\"name\":\"Shop\",\"item\":\"https:\/\/zamphelmets.co\/pt-pt\/shop\/\"},{\"@type\":\"ListItem\",\"position\":2,\"name\":\"Interruptor RZ 70E Azul \/ Azul claro\"}]},{\"@type\":\"WebSite\",\"@id\":\"https:\/\/zamphelmets.co\/pt-pt\/#website\",\"url\":\"https:\/\/zamphelmets.co\/pt-pt\/\",\"name\":\"Zamp Helmets | Helmet 28 EU\",\"description\":\"High Quality Motorsport Helmets\",\"potentialAction\":[{\"@type\":\"SearchAction\",\"target\":{\"@type\":\"EntryPoint\",\"urlTemplate\":\"https:\/\/zamphelmets.co\/pt-pt\/?s={search_term_string}\"},\"query-input\":{\"@type\":\"PropertyValueSpecification\",\"valueRequired\":true,\"valueName\":\"search_term_string\"}}],\"inLanguage\":\"pt-PT\"}]}<\/script>\n<!-- \/ Yoast SEO plugin. -->","yoast_head_json":{"title":"Interruptor RZ 70E Azul \/ Azul claro 515, \u20acpage - Zamp Helmets | Helmet 28 EU","description":"O Zamp RZ 70E Azul\/Azul Claro \u00e9 o melhor capacete para todas as situa\u00e7\u00f5es. Capacete leve FIA 8859 com v\u00e1rias configura\u00e7\u00f5es dispon\u00edveis para o dia da corrida.","robots":{"index":"index","follow":"follow","max-snippet":"max-snippet:-1","max-image-preview":"max-image-preview:large","max-video-preview":"max-video-preview:-1"},"canonical":"https:\/\/zamphelmets.co\/pt-pt\/produto\/interruptor-rz-70e-azul-azul-claro\/","og_locale":"pt_PT","og_type":"article","og_title":"Interruptor RZ 70E Azul \/ Azul claro 515, \u20acpage - Zamp Helmets | Helmet 28 EU","og_description":"O Zamp RZ 70E Azul\/Azul Claro \u00e9 o melhor capacete para todas as situa\u00e7\u00f5es. Capacete leve FIA 8859 com v\u00e1rias configura\u00e7\u00f5es dispon\u00edveis para o dia da corrida.","og_url":"https:\/\/zamphelmets.co\/pt-pt\/produto\/interruptor-rz-70e-azul-azul-claro\/","og_site_name":"Zamp Helmets | Helmet 28 EU","article_modified_time":"2026-04-07T10:12:26+00:00","og_image":[{"width":1500,"height":1500,"url":"https:\/\/zamphelmets.co\/wp-content\/uploads\/2020\/01\/H760C31300dpi.jpg","type":"image\/jpeg"}],"twitter_card":"summary_large_image","twitter_misc":{"Est. reading time":"1 minuto"},"schema":{"@context":"https:\/\/schema.org","@graph":[{"@type":"WebPage","@id":"https:\/\/zamphelmets.co\/pt-pt\/produto\/interruptor-rz-70e-azul-azul-claro\/","url":"https:\/\/zamphelmets.co\/pt-pt\/produto\/interruptor-rz-70e-azul-azul-claro\/","name":"Interruptor RZ 70E Azul \/ Azul claro 515, \u20acpage - Zamp Helmets | Helmet 28 EU","isPartOf":{"@id":"https:\/\/zamphelmets.co\/pt-pt\/#website"},"primaryImageOfPage":{"@id":"https:\/\/zamphelmets.co\/pt-pt\/produto\/interruptor-rz-70e-azul-azul-claro\/#primaryimage"},"image":{"@id":"https:\/\/zamphelmets.co\/pt-pt\/produto\/interruptor-rz-70e-azul-azul-claro\/#primaryimage"},"thumbnailUrl":"https:\/\/zamphelmets.co\/wp-content\/uploads\/2020\/01\/H760C31300dpi.jpg","datePublished":"2020-01-30T12:50:44+00:00","dateModified":"2026-04-07T10:12:26+00:00","description":"O Zamp RZ 70E Azul\/Azul Claro \u00e9 o melhor capacete para todas as situa\u00e7\u00f5es. Capacete leve FIA 8859 com v\u00e1rias configura\u00e7\u00f5es dispon\u00edveis para o dia da corrida.","breadcrumb":{"@id":"https:\/\/zamphelmets.co\/pt-pt\/produto\/interruptor-rz-70e-azul-azul-claro\/#breadcrumb"},"inLanguage":"pt-PT","potentialAction":[{"@type":"ReadAction","target":["https:\/\/zamphelmets.co\/pt-pt\/produto\/interruptor-rz-70e-azul-azul-claro\/"]}]},{"@type":"ImageObject","inLanguage":"pt-PT","@id":"https:\/\/zamphelmets.co\/pt-pt\/produto\/interruptor-rz-70e-azul-azul-claro\/#primaryimage","url":"https:\/\/zamphelmets.co\/wp-content\/uploads\/2020\/01\/H760C31300dpi.jpg","contentUrl":"https:\/\/zamphelmets.co\/wp-content\/uploads\/2020\/01\/H760C31300dpi.jpg","width":1500,"height":1500,"caption":"Capacete de corrida azul Zamp RZ 70E"},{"@type":"BreadcrumbList","@id":"https:\/\/zamphelmets.co\/pt-pt\/produto\/interruptor-rz-70e-azul-azul-claro\/#breadcrumb","itemListElement":[{"@type":"ListItem","position":1,"name":"Shop","item":"https:\/\/zamphelmets.co\/pt-pt\/shop\/"},{"@type":"ListItem","position":2,"name":"Interruptor RZ 70E Azul \/ Azul claro"}]},{"@type":"WebSite","@id":"https:\/\/zamphelmets.co\/pt-pt\/#website","url":"https:\/\/zamphelmets.co\/pt-pt\/","name":"Zamp Helmets | Helmet 28 EU","description":"High Quality Motorsport Helmets","potentialAction":[{"@type":"SearchAction","target":{"@type":"EntryPoint","urlTemplate":"https:\/\/zamphelmets.co\/pt-pt\/?s={search_term_string}"},"query-input":{"@type":"PropertyValueSpecification","valueRequired":true,"valueName":"search_term_string"}}],"inLanguage":"pt-PT"}]}},"_links":{"self":[{"href":"https:\/\/zamphelmets.co\/pt-pt\/wp-json\/wp\/v2\/product\/23900","targetHints":{"allow":["GET"]}}],"collection":[{"href":"https:\/\/zamphelmets.co\/pt-pt\/wp-json\/wp\/v2\/product"}],"about":[{"href":"https:\/\/zamphelmets.co\/pt-pt\/wp-json\/wp\/v2\/types\/product"}],"replies":[{"embeddable":true,"href":"https:\/\/zamphelmets.co\/pt-pt\/wp-json\/wp\/v2\/comments?post=23900"}],"wp:featuredmedia":[{"embeddable":true,"href":"https:\/\/zamphelmets.co\/pt-pt\/wp-json\/wp\/v2\/media\/11263"}],"wp:attachment":[{"href":"https:\/\/zamphelmets.co\/pt-pt\/wp-json\/wp\/v2\/media?parent=23900"}],"wp:term":[{"taxonomy":"product_brand","embeddable":true,"href":"https:\/\/zamphelmets.co\/pt-pt\/wp-json\/wp\/v2\/product_brand?post=23900"},{"taxonomy":"product_cat","embeddable":true,"href":"https:\/\/zamphelmets.co\/pt-pt\/wp-json\/wp\/v2\/product_cat?post=23900"},{"taxonomy":"product_tag","embeddable":true,"href":"https:\/\/zamphelmets.co\/pt-pt\/wp-json\/wp\/v2\/product_tag?post=23900"}],"curies":[{"name":"wp","href":"https:\/\/api.w.org\/{rel}","templated":true}]}}