{"id":23840,"date":"2022-02-23T16:32:59","date_gmt":"2022-02-23T16:32:59","guid":{"rendered":"https:\/\/zamphelmets.co\/product\/serie-z20-visors-antifog\/"},"modified":"2026-04-02T16:35:49","modified_gmt":"2026-04-02T16:35:49","slug":"serie-z20-visors-antifog","status":"publish","type":"product","link":"https:\/\/zamphelmets.co\/pt-pt\/produto\/serie-z20-visors-antifog\/","title":{"rendered":"S\u00e9rie Z20 Visors AntiFog"},"content":{"rendered":"<p class=\"_3vFF3xH4Yd\">Os escudos da s\u00e9rie Zamp Z-20 foram concebidos para se adaptarem a todos os capacetes da s\u00e9rie Zamp RZ. Os escudos Zamp Z-20 t\u00eam uma espessura de 3 mm e t\u00eam postes destac\u00e1veis. Todas as Z-20 Visors tamb\u00e9m v\u00eam com um revestimento anti-embaciamento de primeira qualidade <a href=\"https:\/\/youtu.be\/4oJ1dM1s-HE\">https:\/\/youtu.be\/4oJ1dM1s-HE<\/a><\/p>\n<p><strong><span style=\"color: black; font-size: 10pt;\">Substitui\u00e7\u00e3o do escudo Zamp Z-20:<\/span><\/strong><\/p>\n<p><span style=\"color: black; font-size: 10pt;\">NOTA: \u00c9 importante N\u00c3O UTILIZAR ferramentas el\u00e9ctricas nem apertar demasiado os parafusos ao mudar as protec\u00e7\u00f5es.<\/span><\/p>\n<p><strong><br \/>\n  <span style=\"color: black; font-size: 10pt;\">Passo 1 <\/span><br \/>\n<\/strong><span style=\"color: black; font-size: 10pt;\">Coloca uma toalha numa superf\u00edcie plana e coloca o capacete sobre ela.<\/span><\/p>\n<p><strong><span style=\"color: black; font-size: 10pt;\">Passo 2  <\/span><\/strong><span style=\"color: black; font-size: 10pt;\">Retira os tensores do piv\u00f4 da blindagem de cada lado. Este \u00e9 o parafuso mais pequeno nos lados da prote\u00e7\u00e3o.<\/span><\/p>\n<p><strong><span style=\"color: black; font-size: 10pt;\">Passo 3  <\/span><\/strong><span style=\"color: black; font-size: 10pt;\">Retira os parafusos de fixa\u00e7\u00e3o da blindagem de cada lado. Este \u00e9 o parafuso maior no lado da prote\u00e7\u00e3o. Para obteres os melhores resultados, sugerimos que utilizes uma moeda para soltar ou apertar.<\/span><\/p>\n<p><strong><span style=\"color: black; font-size: 10pt;\">Passo 4  <\/span><\/strong><span style=\"color: black; font-size: 10pt;\">Retira a prote\u00e7\u00e3o. Sugerimos que utilizes uma toalha de pano para limpar o vedante de borracha, bem como o local onde o escudo \u00e9 montado no capacete, para obteres melhores resultados.<\/span><\/p>\n<p><strong><span style=\"color: black; font-size: 10pt;\">Passo 5  <\/span><\/strong><span style=\"color: black; font-size: 10pt;\">Coloca o escudo no capacete. H\u00e1 duas anilhas brancas entre o escudo e o capacete; certifica-te de que est\u00e3o no lugar antes de voltares a instalar o escudo.<\/span><\/p>\n<p><strong><span style=\"color: black; font-size: 10pt;\">Passo 6  <\/span><\/strong><span style=\"color: black; font-size: 10pt;\">Enrosca manualmente os piv\u00f4s da prote\u00e7\u00e3o (parafuso maior) para manter a prote\u00e7\u00e3o no lugar. Depois de enfiadas \u00e0 m\u00e3o, utiliza uma moeda e aperta-as at\u00e9 ficarem bem ajustadas ao casco do capacete. N\u00e3o apertes demasiado.<\/span><\/p>\n<p><strong><br \/>\n  <span style=\"color: black; font-size: 10pt;\">Passo 7 <\/span><br \/>\n<\/strong><span style=\"color: black; font-size: 10pt;\">Enrosca manualmente os tensores do piv\u00f4 da blindagem e, em seguida, aperta at\u00e9 \u00e0 tens\u00e3o desejada para o movimento da blindagem.<\/span><\/p>\n<p>&nbsp;<\/p>\n","protected":false},"excerpt":{"rendered":"[embed]https:\/\/www.youtube.com\/watch?v=DAw7PA8v1I0&amp;feature=emb_title[\/embed]\n","protected":false},"featured_media":18543,"comment_status":"open","ping_status":"closed","template":"","meta":{"_acf_changed":false,"_iconic_wsb_product_page_order_bump_ids":[[]],"_sku":[],"_iconic_wsb_product_page_bump_modal_ids":[[]]},"product_brand":[],"product_cat":[137,278,136],"product_tag":[],"class_list":{"0":"post-23840","1":"product","2":"type-product","3":"status-publish","4":"has-post-thumbnail","6":"product_cat-acessorios","7":"product_cat-viseiras","8":"product_cat-zamp-pt-pt","10":"first","11":"onbackorder","12":"taxable","13":"shipping-taxable","14":"purchasable","15":"product-type-variable"},"acf":[],"yoast_head":"<!-- This site is optimized with the Yoast SEO plugin v27.0 - https:\/\/yoast.com\/product\/yoast-seo-wordpress\/ -->\n<title>S\u00e9rie Z20 Visors AntiFog - Perfeito no Wet - Zamp Helmets | Helmet 28 EU<\/title>\n<meta name=\"description\" content=\"A s\u00e9rie de viseiras anti-embaciamento Zamp foi concebida para funcionar nas condi\u00e7\u00f5es mais dif\u00edceis, gra\u00e7as ao nosso revestimento de primeira qualidade que garante condi\u00e7\u00f5es de corrida \u00f3ptimas.\" \/>\n<meta name=\"robots\" content=\"index, follow, max-snippet:-1, max-image-preview:large, max-video-preview:-1\" \/>\n<link rel=\"canonical\" href=\"https:\/\/zamphelmets.co\/pt-pt\/produto\/serie-z20-visors-antifog\/\" \/>\n<meta property=\"og:locale\" content=\"pt_PT\" \/>\n<meta property=\"og:type\" content=\"article\" \/>\n<meta property=\"og:title\" content=\"S\u00e9rie Z20 Visors AntiFog - Perfeito no Wet - Zamp Helmets | Helmet 28 EU\" \/>\n<meta property=\"og:description\" content=\"A s\u00e9rie de viseiras anti-embaciamento Zamp foi concebida para funcionar nas condi\u00e7\u00f5es mais dif\u00edceis, gra\u00e7as ao nosso revestimento de primeira qualidade que garante condi\u00e7\u00f5es de corrida \u00f3ptimas.\" \/>\n<meta property=\"og:url\" content=\"https:\/\/zamphelmets.co\/pt-pt\/produto\/serie-z20-visors-antifog\/\" \/>\n<meta property=\"og:site_name\" content=\"Zamp Helmets | Helmet 28 EU\" \/>\n<meta property=\"article:modified_time\" content=\"2026-04-02T16:35:49+00:00\" \/>\n<meta property=\"og:image\" content=\"https:\/\/zamphelmets.co\/wp-content\/uploads\/2022\/02\/HASZF20CL.jpg\" \/>\n\t<meta property=\"og:image:width\" content=\"1500\" \/>\n\t<meta property=\"og:image:height\" content=\"1500\" \/>\n\t<meta property=\"og:image:type\" content=\"image\/jpeg\" \/>\n<meta name=\"twitter:card\" content=\"summary_large_image\" \/>\n<meta name=\"twitter:label1\" content=\"Est. reading time\" \/>\n\t<meta name=\"twitter:data1\" content=\"1 minuto\" \/>\n<script type=\"application\/ld+json\" class=\"yoast-schema-graph\">{\"@context\":\"https:\/\/schema.org\",\"@graph\":[{\"@type\":\"WebPage\",\"@id\":\"https:\/\/zamphelmets.co\/pt-pt\/produto\/serie-z20-visors-antifog\/\",\"url\":\"https:\/\/zamphelmets.co\/pt-pt\/produto\/serie-z20-visors-antifog\/\",\"name\":\"S\u00e9rie Z20 Visors AntiFog - Perfeito no Wet - Zamp Helmets | Helmet 28 EU\",\"isPartOf\":{\"@id\":\"https:\/\/zamphelmets.co\/pt-pt\/#website\"},\"primaryImageOfPage\":{\"@id\":\"https:\/\/zamphelmets.co\/pt-pt\/produto\/serie-z20-visors-antifog\/#primaryimage\"},\"image\":{\"@id\":\"https:\/\/zamphelmets.co\/pt-pt\/produto\/serie-z20-visors-antifog\/#primaryimage\"},\"thumbnailUrl\":\"https:\/\/zamphelmets.co\/wp-content\/uploads\/2022\/02\/HASZF20CL.jpg\",\"datePublished\":\"2022-02-23T16:32:59+00:00\",\"dateModified\":\"2026-04-02T16:35:49+00:00\",\"description\":\"A s\u00e9rie de viseiras anti-embaciamento Zamp foi concebida para funcionar nas condi\u00e7\u00f5es mais dif\u00edceis, gra\u00e7as ao nosso revestimento de primeira qualidade que garante condi\u00e7\u00f5es de corrida \u00f3ptimas.\",\"breadcrumb\":{\"@id\":\"https:\/\/zamphelmets.co\/pt-pt\/produto\/serie-z20-visors-antifog\/#breadcrumb\"},\"inLanguage\":\"pt-PT\",\"potentialAction\":[{\"@type\":\"ReadAction\",\"target\":[\"https:\/\/zamphelmets.co\/pt-pt\/produto\/serie-z20-visors-antifog\/\"]}]},{\"@type\":\"ImageObject\",\"inLanguage\":\"pt-PT\",\"@id\":\"https:\/\/zamphelmets.co\/pt-pt\/produto\/serie-z20-visors-antifog\/#primaryimage\",\"url\":\"https:\/\/zamphelmets.co\/wp-content\/uploads\/2022\/02\/HASZF20CL.jpg\",\"contentUrl\":\"https:\/\/zamphelmets.co\/wp-content\/uploads\/2022\/02\/HASZF20CL.jpg\",\"width\":1500,\"height\":1500},{\"@type\":\"BreadcrumbList\",\"@id\":\"https:\/\/zamphelmets.co\/pt-pt\/produto\/serie-z20-visors-antifog\/#breadcrumb\",\"itemListElement\":[{\"@type\":\"ListItem\",\"position\":1,\"name\":\"Shop\",\"item\":\"https:\/\/zamphelmets.co\/pt-pt\/shop\/\"},{\"@type\":\"ListItem\",\"position\":2,\"name\":\"S\u00e9rie Z20 Visors AntiFog\"}]},{\"@type\":\"WebSite\",\"@id\":\"https:\/\/zamphelmets.co\/pt-pt\/#website\",\"url\":\"https:\/\/zamphelmets.co\/pt-pt\/\",\"name\":\"Zamp Helmets | Helmet 28 EU\",\"description\":\"High Quality Motorsport Helmets\",\"potentialAction\":[{\"@type\":\"SearchAction\",\"target\":{\"@type\":\"EntryPoint\",\"urlTemplate\":\"https:\/\/zamphelmets.co\/pt-pt\/?s={search_term_string}\"},\"query-input\":{\"@type\":\"PropertyValueSpecification\",\"valueRequired\":true,\"valueName\":\"search_term_string\"}}],\"inLanguage\":\"pt-PT\"}]}<\/script>\n<!-- \/ Yoast SEO plugin. -->","yoast_head_json":{"title":"S\u00e9rie Z20 Visors AntiFog - Perfeito no Wet - Zamp Helmets | Helmet 28 EU","description":"A s\u00e9rie de viseiras anti-embaciamento Zamp foi concebida para funcionar nas condi\u00e7\u00f5es mais dif\u00edceis, gra\u00e7as ao nosso revestimento de primeira qualidade que garante condi\u00e7\u00f5es de corrida \u00f3ptimas.","robots":{"index":"index","follow":"follow","max-snippet":"max-snippet:-1","max-image-preview":"max-image-preview:large","max-video-preview":"max-video-preview:-1"},"canonical":"https:\/\/zamphelmets.co\/pt-pt\/produto\/serie-z20-visors-antifog\/","og_locale":"pt_PT","og_type":"article","og_title":"S\u00e9rie Z20 Visors AntiFog - Perfeito no Wet - Zamp Helmets | Helmet 28 EU","og_description":"A s\u00e9rie de viseiras anti-embaciamento Zamp foi concebida para funcionar nas condi\u00e7\u00f5es mais dif\u00edceis, gra\u00e7as ao nosso revestimento de primeira qualidade que garante condi\u00e7\u00f5es de corrida \u00f3ptimas.","og_url":"https:\/\/zamphelmets.co\/pt-pt\/produto\/serie-z20-visors-antifog\/","og_site_name":"Zamp Helmets | Helmet 28 EU","article_modified_time":"2026-04-02T16:35:49+00:00","og_image":[{"width":1500,"height":1500,"url":"https:\/\/zamphelmets.co\/wp-content\/uploads\/2022\/02\/HASZF20CL.jpg","type":"image\/jpeg"}],"twitter_card":"summary_large_image","twitter_misc":{"Est. reading time":"1 minuto"},"schema":{"@context":"https:\/\/schema.org","@graph":[{"@type":"WebPage","@id":"https:\/\/zamphelmets.co\/pt-pt\/produto\/serie-z20-visors-antifog\/","url":"https:\/\/zamphelmets.co\/pt-pt\/produto\/serie-z20-visors-antifog\/","name":"S\u00e9rie Z20 Visors AntiFog - Perfeito no Wet - Zamp Helmets | Helmet 28 EU","isPartOf":{"@id":"https:\/\/zamphelmets.co\/pt-pt\/#website"},"primaryImageOfPage":{"@id":"https:\/\/zamphelmets.co\/pt-pt\/produto\/serie-z20-visors-antifog\/#primaryimage"},"image":{"@id":"https:\/\/zamphelmets.co\/pt-pt\/produto\/serie-z20-visors-antifog\/#primaryimage"},"thumbnailUrl":"https:\/\/zamphelmets.co\/wp-content\/uploads\/2022\/02\/HASZF20CL.jpg","datePublished":"2022-02-23T16:32:59+00:00","dateModified":"2026-04-02T16:35:49+00:00","description":"A s\u00e9rie de viseiras anti-embaciamento Zamp foi concebida para funcionar nas condi\u00e7\u00f5es mais dif\u00edceis, gra\u00e7as ao nosso revestimento de primeira qualidade que garante condi\u00e7\u00f5es de corrida \u00f3ptimas.","breadcrumb":{"@id":"https:\/\/zamphelmets.co\/pt-pt\/produto\/serie-z20-visors-antifog\/#breadcrumb"},"inLanguage":"pt-PT","potentialAction":[{"@type":"ReadAction","target":["https:\/\/zamphelmets.co\/pt-pt\/produto\/serie-z20-visors-antifog\/"]}]},{"@type":"ImageObject","inLanguage":"pt-PT","@id":"https:\/\/zamphelmets.co\/pt-pt\/produto\/serie-z20-visors-antifog\/#primaryimage","url":"https:\/\/zamphelmets.co\/wp-content\/uploads\/2022\/02\/HASZF20CL.jpg","contentUrl":"https:\/\/zamphelmets.co\/wp-content\/uploads\/2022\/02\/HASZF20CL.jpg","width":1500,"height":1500},{"@type":"BreadcrumbList","@id":"https:\/\/zamphelmets.co\/pt-pt\/produto\/serie-z20-visors-antifog\/#breadcrumb","itemListElement":[{"@type":"ListItem","position":1,"name":"Shop","item":"https:\/\/zamphelmets.co\/pt-pt\/shop\/"},{"@type":"ListItem","position":2,"name":"S\u00e9rie Z20 Visors AntiFog"}]},{"@type":"WebSite","@id":"https:\/\/zamphelmets.co\/pt-pt\/#website","url":"https:\/\/zamphelmets.co\/pt-pt\/","name":"Zamp Helmets | Helmet 28 EU","description":"High Quality Motorsport Helmets","potentialAction":[{"@type":"SearchAction","target":{"@type":"EntryPoint","urlTemplate":"https:\/\/zamphelmets.co\/pt-pt\/?s={search_term_string}"},"query-input":{"@type":"PropertyValueSpecification","valueRequired":true,"valueName":"search_term_string"}}],"inLanguage":"pt-PT"}]}},"_links":{"self":[{"href":"https:\/\/zamphelmets.co\/pt-pt\/wp-json\/wp\/v2\/product\/23840","targetHints":{"allow":["GET"]}}],"collection":[{"href":"https:\/\/zamphelmets.co\/pt-pt\/wp-json\/wp\/v2\/product"}],"about":[{"href":"https:\/\/zamphelmets.co\/pt-pt\/wp-json\/wp\/v2\/types\/product"}],"replies":[{"embeddable":true,"href":"https:\/\/zamphelmets.co\/pt-pt\/wp-json\/wp\/v2\/comments?post=23840"}],"wp:featuredmedia":[{"embeddable":true,"href":"https:\/\/zamphelmets.co\/pt-pt\/wp-json\/wp\/v2\/media\/18543"}],"wp:attachment":[{"href":"https:\/\/zamphelmets.co\/pt-pt\/wp-json\/wp\/v2\/media?parent=23840"}],"wp:term":[{"taxonomy":"product_brand","embeddable":true,"href":"https:\/\/zamphelmets.co\/pt-pt\/wp-json\/wp\/v2\/product_brand?post=23840"},{"taxonomy":"product_cat","embeddable":true,"href":"https:\/\/zamphelmets.co\/pt-pt\/wp-json\/wp\/v2\/product_cat?post=23840"},{"taxonomy":"product_tag","embeddable":true,"href":"https:\/\/zamphelmets.co\/pt-pt\/wp-json\/wp\/v2\/product_tag?post=23840"}],"curies":[{"name":"wp","href":"https:\/\/api.w.org\/{rel}","templated":true}]}}