{"id":23572,"date":"2022-02-23T09:47:38","date_gmt":"2022-02-23T09:47:38","guid":{"rendered":"https:\/\/zamphelmets.co\/product\/viseiras-z20\/"},"modified":"2026-04-10T09:07:01","modified_gmt":"2026-04-10T09:07:01","slug":"viseiras-z20","status":"publish","type":"product","link":"https:\/\/zamphelmets.co\/pt-pt\/produto\/viseiras-z20\/","title":{"rendered":"Viseiras Z20"},"content":{"rendered":"<p class=\"_3vFF3xH4Yd\">Os escudos da s\u00e9rie Zamp Z-20 foram concebidos para se adaptarem a todos os capacetes da s\u00e9rie Zamp RZ. Os escudos Zamp Z-20 t\u00eam uma espessura de 3 mm e t\u00eam postes destac\u00e1veis. Todas as viseiras Z-20 v\u00eam tamb\u00e9m com um revestimento anti-embaciamento.<\/p>\n<p>Tem em aten\u00e7\u00e3o que os clientes n\u00e3o devem colocar a pel\u00edcula transparente (que vem em todas as viseiras normais) em cima das viseiras Prism. Isto n\u00e3o protege a viseira e pode danificar o seu revestimento.<\/p>\n<p><strong><span style=\"color: black; font-size: 10pt;\">Substitui\u00e7\u00e3o do escudo Zamp Z-20:<\/span><\/strong><\/p>\n<p><span style=\"color: black; font-size: 10pt;\">NOTA: \u00c9 importante N\u00c3O UTILIZAR ferramentas el\u00e9ctricas nem apertar demasiado os parafusos ao mudar as protec\u00e7\u00f5es.<\/span><\/p>\n<p><strong><br \/>\n  <span style=\"color: black; font-size: 10pt;\">Passo 1 <\/span><br \/>\n<\/strong><span style=\"color: black; font-size: 10pt;\">Coloca uma toalha numa superf\u00edcie plana e coloca o capacete sobre ela.<\/span><\/p>\n<p><strong><span style=\"color: black; font-size: 10pt;\">Passo 2  <\/span><\/strong><span style=\"color: black; font-size: 10pt;\">Retira os tensores do piv\u00f4 da blindagem de cada lado. Este \u00e9 o parafuso mais pequeno nos lados da prote\u00e7\u00e3o.<\/span><\/p>\n<p><strong><span style=\"color: black; font-size: 10pt;\">Passo 3  <\/span><\/strong><span style=\"color: black; font-size: 10pt;\">Retira os parafusos de fixa\u00e7\u00e3o da blindagem de cada lado. Este \u00e9 o parafuso maior no lado da prote\u00e7\u00e3o. Para obteres os melhores resultados, sugerimos que utilizes uma moeda para soltar ou apertar.<\/span><\/p>\n<p><strong><span style=\"color: black; font-size: 10pt;\">Passo 4  <\/span><\/strong><span style=\"color: black; font-size: 10pt;\">Retira a prote\u00e7\u00e3o. Sugerimos que utilizes uma toalha de pano para limpar o vedante de borracha, bem como o local onde o escudo \u00e9 montado no capacete, para obteres melhores resultados.<\/span><\/p>\n<p><strong><span style=\"color: black; font-size: 10pt;\">Passo 5  <\/span><\/strong><span style=\"color: black; font-size: 10pt;\">Coloca o escudo no capacete. H\u00e1 duas anilhas brancas entre o escudo e o capacete; certifica-te de que est\u00e3o no lugar antes de voltares a instalar o escudo.<\/span><\/p>\n<p><strong><span style=\"color: black; font-size: 10pt;\">Passo 6  <\/span><\/strong><span style=\"color: black; font-size: 10pt;\">Enrosca manualmente os piv\u00f4s da prote\u00e7\u00e3o (parafuso maior) para manter a prote\u00e7\u00e3o no lugar. Depois de enfiadas \u00e0 m\u00e3o, utiliza uma moeda e aperta-as at\u00e9 ficarem bem ajustadas ao casco do capacete. N\u00e3o apertes demasiado.<\/span><\/p>\n<p><strong><br \/>\n  <span style=\"color: black; font-size: 10pt;\">Passo 7 <\/span><br \/>\n<\/strong><span style=\"color: black; font-size: 10pt;\">Enrosca manualmente os tensores do piv\u00f4 da blindagem e, em seguida, aperta at\u00e9 \u00e0 tens\u00e3o desejada para o movimento da blindagem.<\/span><\/p>\n<p>&nbsp;<\/p>\n","protected":false},"excerpt":{"rendered":"<p>Os escudos da s\u00e9rie Zamp Z-20 foram concebidos para se adaptarem a todos os capacetes da s\u00e9rie Zamp RZ. Os escudos Zamp Z-20 t\u00eam uma espessura de 3 mm e t\u00eam postes destac\u00e1veis. Todas as viseiras Z-20 v\u00eam tamb\u00e9m com um revestimento anti-embaciamento. Tem em aten\u00e7\u00e3o que os clientes n\u00e3o devem colocar a pel\u00edcula transparente [&hellip;]<\/p>\n","protected":false},"featured_media":10220,"comment_status":"closed","ping_status":"closed","template":"","meta":{"_acf_changed":false,"_iconic_wsb_product_page_order_bump_ids":[[]],"_sku":[""],"_iconic_wsb_product_page_bump_modal_ids":[[]]},"product_brand":[],"product_cat":[137,278,136],"product_tag":[],"class_list":{"0":"post-23572","1":"product","2":"type-product","3":"status-publish","4":"has-post-thumbnail","6":"product_cat-acessorios","7":"product_cat-viseiras","8":"product_cat-zamp-pt-pt","10":"first","11":"instock","12":"taxable","13":"shipping-taxable","14":"purchasable","15":"product-type-variable"},"acf":[],"yoast_head":"<!-- This site is optimized with the Yoast SEO plugin v27.0 - https:\/\/yoast.com\/product\/yoast-seo-wordpress\/ -->\n<title>Viseiras Z20 for Zamp Racing - Zamp Helmets | Helmet 28 EU - A partir de \u20ac37,49<\/title>\n<meta name=\"description\" content=\"Os escudos da s\u00e9rie de viseiras Zamp Z20 foram concebidos para se adaptarem a todos os capacetes da s\u00e9rie Zamp RZ. Dispon\u00edvel em 9 varia\u00e7\u00f5es, tens a garantia de encontrar a op\u00e7\u00e3o certa.\" \/>\n<meta name=\"robots\" content=\"index, follow, max-snippet:-1, max-image-preview:large, max-video-preview:-1\" \/>\n<link rel=\"canonical\" href=\"https:\/\/zamphelmets.co\/pt-pt\/produto\/viseiras-z20\/\" \/>\n<meta property=\"og:locale\" content=\"pt_PT\" \/>\n<meta property=\"og:type\" content=\"article\" \/>\n<meta property=\"og:title\" content=\"Viseiras Z20 for Zamp Racing - Zamp Helmets | Helmet 28 EU - A partir de \u20ac37,49\" \/>\n<meta property=\"og:description\" content=\"Os escudos da s\u00e9rie de viseiras Zamp Z20 foram concebidos para se adaptarem a todos os capacetes da s\u00e9rie Zamp RZ. Dispon\u00edvel em 9 varia\u00e7\u00f5es, tens a garantia de encontrar a op\u00e7\u00e3o certa.\" \/>\n<meta property=\"og:url\" content=\"https:\/\/zamphelmets.co\/pt-pt\/produto\/viseiras-z20\/\" \/>\n<meta property=\"og:site_name\" content=\"Zamp Helmets | Helmet 28 EU\" \/>\n<meta property=\"article:modified_time\" content=\"2026-04-10T09:07:01+00:00\" \/>\n<meta property=\"og:image\" content=\"https:\/\/zamphelmets.co\/wp-content\/uploads\/2019\/11\/HASZ20RP-1.jpg\" \/>\n\t<meta property=\"og:image:width\" content=\"1000\" \/>\n\t<meta property=\"og:image:height\" content=\"1000\" \/>\n\t<meta property=\"og:image:type\" content=\"image\/jpeg\" \/>\n<meta name=\"twitter:card\" content=\"summary_large_image\" \/>\n<meta name=\"twitter:label1\" content=\"Est. reading time\" \/>\n\t<meta name=\"twitter:data1\" content=\"2 minutos\" \/>\n<script type=\"application\/ld+json\" class=\"yoast-schema-graph\">{\"@context\":\"https:\/\/schema.org\",\"@graph\":[{\"@type\":\"WebPage\",\"@id\":\"https:\/\/zamphelmets.co\/pt-pt\/produto\/viseiras-z20\/\",\"url\":\"https:\/\/zamphelmets.co\/pt-pt\/produto\/viseiras-z20\/\",\"name\":\"Viseiras Z20 for Zamp Racing - Zamp Helmets | Helmet 28 EU - A partir de \u20ac37,49\",\"isPartOf\":{\"@id\":\"https:\/\/zamphelmets.co\/pt-pt\/#website\"},\"primaryImageOfPage\":{\"@id\":\"https:\/\/zamphelmets.co\/pt-pt\/produto\/viseiras-z20\/#primaryimage\"},\"image\":{\"@id\":\"https:\/\/zamphelmets.co\/pt-pt\/produto\/viseiras-z20\/#primaryimage\"},\"thumbnailUrl\":\"https:\/\/zamphelmets.co\/wp-content\/uploads\/2019\/11\/HASZ20RP-1.jpg\",\"datePublished\":\"2022-02-23T09:47:38+00:00\",\"dateModified\":\"2026-04-10T09:07:01+00:00\",\"description\":\"Os escudos da s\u00e9rie de viseiras Zamp Z20 foram concebidos para se adaptarem a todos os capacetes da s\u00e9rie Zamp RZ. Dispon\u00edvel em 9 varia\u00e7\u00f5es, tens a garantia de encontrar a op\u00e7\u00e3o certa.\",\"breadcrumb\":{\"@id\":\"https:\/\/zamphelmets.co\/pt-pt\/produto\/viseiras-z20\/#breadcrumb\"},\"inLanguage\":\"pt-PT\",\"potentialAction\":[{\"@type\":\"ReadAction\",\"target\":[\"https:\/\/zamphelmets.co\/pt-pt\/produto\/viseiras-z20\/\"]}]},{\"@type\":\"ImageObject\",\"inLanguage\":\"pt-PT\",\"@id\":\"https:\/\/zamphelmets.co\/pt-pt\/produto\/viseiras-z20\/#primaryimage\",\"url\":\"https:\/\/zamphelmets.co\/wp-content\/uploads\/2019\/11\/HASZ20RP-1.jpg\",\"contentUrl\":\"https:\/\/zamphelmets.co\/wp-content\/uploads\/2019\/11\/HASZ20RP-1.jpg\",\"width\":1000,\"height\":1000,\"caption\":\"Viseiras Zamp Z20 para capacetes de corrida Zamp\"},{\"@type\":\"BreadcrumbList\",\"@id\":\"https:\/\/zamphelmets.co\/pt-pt\/produto\/viseiras-z20\/#breadcrumb\",\"itemListElement\":[{\"@type\":\"ListItem\",\"position\":1,\"name\":\"Shop\",\"item\":\"https:\/\/zamphelmets.co\/pt-pt\/shop\/\"},{\"@type\":\"ListItem\",\"position\":2,\"name\":\"Viseiras Z20\"}]},{\"@type\":\"WebSite\",\"@id\":\"https:\/\/zamphelmets.co\/pt-pt\/#website\",\"url\":\"https:\/\/zamphelmets.co\/pt-pt\/\",\"name\":\"Zamp Helmets | Helmet 28 EU\",\"description\":\"High Quality Motorsport Helmets\",\"potentialAction\":[{\"@type\":\"SearchAction\",\"target\":{\"@type\":\"EntryPoint\",\"urlTemplate\":\"https:\/\/zamphelmets.co\/pt-pt\/?s={search_term_string}\"},\"query-input\":{\"@type\":\"PropertyValueSpecification\",\"valueRequired\":true,\"valueName\":\"search_term_string\"}}],\"inLanguage\":\"pt-PT\"}]}<\/script>\n<!-- \/ Yoast SEO plugin. -->","yoast_head_json":{"title":"Viseiras Z20 for Zamp Racing - Zamp Helmets | Helmet 28 EU - A partir de \u20ac37,49","description":"Os escudos da s\u00e9rie de viseiras Zamp Z20 foram concebidos para se adaptarem a todos os capacetes da s\u00e9rie Zamp RZ. Dispon\u00edvel em 9 varia\u00e7\u00f5es, tens a garantia de encontrar a op\u00e7\u00e3o certa.","robots":{"index":"index","follow":"follow","max-snippet":"max-snippet:-1","max-image-preview":"max-image-preview:large","max-video-preview":"max-video-preview:-1"},"canonical":"https:\/\/zamphelmets.co\/pt-pt\/produto\/viseiras-z20\/","og_locale":"pt_PT","og_type":"article","og_title":"Viseiras Z20 for Zamp Racing - Zamp Helmets | Helmet 28 EU - A partir de \u20ac37,49","og_description":"Os escudos da s\u00e9rie de viseiras Zamp Z20 foram concebidos para se adaptarem a todos os capacetes da s\u00e9rie Zamp RZ. Dispon\u00edvel em 9 varia\u00e7\u00f5es, tens a garantia de encontrar a op\u00e7\u00e3o certa.","og_url":"https:\/\/zamphelmets.co\/pt-pt\/produto\/viseiras-z20\/","og_site_name":"Zamp Helmets | Helmet 28 EU","article_modified_time":"2026-04-10T09:07:01+00:00","og_image":[{"width":1000,"height":1000,"url":"https:\/\/zamphelmets.co\/wp-content\/uploads\/2019\/11\/HASZ20RP-1.jpg","type":"image\/jpeg"}],"twitter_card":"summary_large_image","twitter_misc":{"Est. reading time":"2 minutos"},"schema":{"@context":"https:\/\/schema.org","@graph":[{"@type":"WebPage","@id":"https:\/\/zamphelmets.co\/pt-pt\/produto\/viseiras-z20\/","url":"https:\/\/zamphelmets.co\/pt-pt\/produto\/viseiras-z20\/","name":"Viseiras Z20 for Zamp Racing - Zamp Helmets | Helmet 28 EU - A partir de \u20ac37,49","isPartOf":{"@id":"https:\/\/zamphelmets.co\/pt-pt\/#website"},"primaryImageOfPage":{"@id":"https:\/\/zamphelmets.co\/pt-pt\/produto\/viseiras-z20\/#primaryimage"},"image":{"@id":"https:\/\/zamphelmets.co\/pt-pt\/produto\/viseiras-z20\/#primaryimage"},"thumbnailUrl":"https:\/\/zamphelmets.co\/wp-content\/uploads\/2019\/11\/HASZ20RP-1.jpg","datePublished":"2022-02-23T09:47:38+00:00","dateModified":"2026-04-10T09:07:01+00:00","description":"Os escudos da s\u00e9rie de viseiras Zamp Z20 foram concebidos para se adaptarem a todos os capacetes da s\u00e9rie Zamp RZ. Dispon\u00edvel em 9 varia\u00e7\u00f5es, tens a garantia de encontrar a op\u00e7\u00e3o certa.","breadcrumb":{"@id":"https:\/\/zamphelmets.co\/pt-pt\/produto\/viseiras-z20\/#breadcrumb"},"inLanguage":"pt-PT","potentialAction":[{"@type":"ReadAction","target":["https:\/\/zamphelmets.co\/pt-pt\/produto\/viseiras-z20\/"]}]},{"@type":"ImageObject","inLanguage":"pt-PT","@id":"https:\/\/zamphelmets.co\/pt-pt\/produto\/viseiras-z20\/#primaryimage","url":"https:\/\/zamphelmets.co\/wp-content\/uploads\/2019\/11\/HASZ20RP-1.jpg","contentUrl":"https:\/\/zamphelmets.co\/wp-content\/uploads\/2019\/11\/HASZ20RP-1.jpg","width":1000,"height":1000,"caption":"Viseiras Zamp Z20 para capacetes de corrida Zamp"},{"@type":"BreadcrumbList","@id":"https:\/\/zamphelmets.co\/pt-pt\/produto\/viseiras-z20\/#breadcrumb","itemListElement":[{"@type":"ListItem","position":1,"name":"Shop","item":"https:\/\/zamphelmets.co\/pt-pt\/shop\/"},{"@type":"ListItem","position":2,"name":"Viseiras Z20"}]},{"@type":"WebSite","@id":"https:\/\/zamphelmets.co\/pt-pt\/#website","url":"https:\/\/zamphelmets.co\/pt-pt\/","name":"Zamp Helmets | Helmet 28 EU","description":"High Quality Motorsport Helmets","potentialAction":[{"@type":"SearchAction","target":{"@type":"EntryPoint","urlTemplate":"https:\/\/zamphelmets.co\/pt-pt\/?s={search_term_string}"},"query-input":{"@type":"PropertyValueSpecification","valueRequired":true,"valueName":"search_term_string"}}],"inLanguage":"pt-PT"}]}},"_links":{"self":[{"href":"https:\/\/zamphelmets.co\/pt-pt\/wp-json\/wp\/v2\/product\/23572","targetHints":{"allow":["GET"]}}],"collection":[{"href":"https:\/\/zamphelmets.co\/pt-pt\/wp-json\/wp\/v2\/product"}],"about":[{"href":"https:\/\/zamphelmets.co\/pt-pt\/wp-json\/wp\/v2\/types\/product"}],"replies":[{"embeddable":true,"href":"https:\/\/zamphelmets.co\/pt-pt\/wp-json\/wp\/v2\/comments?post=23572"}],"wp:featuredmedia":[{"embeddable":true,"href":"https:\/\/zamphelmets.co\/pt-pt\/wp-json\/wp\/v2\/media\/10220"}],"wp:attachment":[{"href":"https:\/\/zamphelmets.co\/pt-pt\/wp-json\/wp\/v2\/media?parent=23572"}],"wp:term":[{"taxonomy":"product_brand","embeddable":true,"href":"https:\/\/zamphelmets.co\/pt-pt\/wp-json\/wp\/v2\/product_brand?post=23572"},{"taxonomy":"product_cat","embeddable":true,"href":"https:\/\/zamphelmets.co\/pt-pt\/wp-json\/wp\/v2\/product_cat?post=23572"},{"taxonomy":"product_tag","embeddable":true,"href":"https:\/\/zamphelmets.co\/pt-pt\/wp-json\/wp\/v2\/product_tag?post=23572"}],"curies":[{"name":"wp","href":"https:\/\/api.w.org\/{rel}","templated":true}]}}