{"id":23170,"date":"2023-10-23T15:04:04","date_gmt":"2023-10-23T15:04:04","guid":{"rendered":"https:\/\/zamphelmets.co\/product\/kit-de-retencao-do-escudo-z-20\/"},"modified":"2026-02-16T15:54:46","modified_gmt":"2026-02-16T15:54:46","slug":"kit-de-retencao-do-escudo-z-20","status":"publish","type":"product","link":"https:\/\/zamphelmets.co\/pt-pt\/produto\/kit-de-retencao-do-escudo-z-20\/","title":{"rendered":"Kit de reten\u00e7\u00e3o do escudo Z-20"},"content":{"rendered":"<p data-start=\"216\" data-end=\"562\">Mant\u00e9m o teu capacete a funcionar no seu melhor com o Kit de Reten\u00e7\u00e3o da Viseira Zamp Z20, concebido para todos os capacetes ZAMP da s\u00e9rie RZ. Quer estejas a substituir componentes gastos ou a personalizar o teu capacete com parafusos coloridos, este kit \u00e9 um complemento essencial para o teu equipamento de corrida. <\/p>\n<p data-start=\"564\" data-end=\"736\">Ter um kit de reten\u00e7\u00e3o sobresselente no teu saco de equipamento garante que est\u00e1s sempre preparado para repara\u00e7\u00f5es ou ajustes r\u00e1pidos na pista &#8211; porque quando est\u00e1s a correr, todos os detalhes s\u00e3o importantes.<\/p>\n<p data-start=\"738\" data-end=\"758\"><strong data-start=\"738\" data-end=\"758\">O que \u00e9 que inclui:<\/strong><\/p>\n<ul data-start=\"759\" data-end=\"857\">\n<li data-start=\"759\" data-end=\"788\">\n<p data-start=\"761\" data-end=\"788\">2 x parafusos de fixa\u00e7\u00e3o da viseira<\/p>\n<\/li>\n<li data-start=\"789\" data-end=\"857\">\n<p data-start=\"791\" data-end=\"857\"><em>(Apenas op\u00e7\u00e3o prateada)<\/em> 2 x parafusos de coluna adicionais + 2 x anilhas de coluna<\/p>\n<\/li>\n<\/ul>\n<p data-start=\"859\" data-end=\"1006\">Dispon\u00edvel numa gama de cores, este kit \u00e9 tamb\u00e9m perfeito para dar um aspeto personalizado \u00e0 configura\u00e7\u00e3o do teu capacete, mantendo a viseira firmemente no lugar.<\/p>\n","protected":false},"excerpt":{"rendered":"<p>Mant\u00e9m o teu capacete a funcionar no seu melhor com o Kit de Reten\u00e7\u00e3o da Viseira Zamp Z20, concebido para todos os capacetes ZAMP da s\u00e9rie RZ. Quer estejas a substituir componentes gastos ou a personalizar o teu capacete com parafusos coloridos, este kit \u00e9 um complemento essencial para o teu equipamento de corrida. Ter [&hellip;]<\/p>\n","protected":false},"featured_media":13930,"comment_status":"open","ping_status":"closed","template":"","meta":{"_acf_changed":false,"_iconic_wsb_product_page_order_bump_ids":[[]],"_sku":["HARZ20"],"_iconic_wsb_product_page_bump_modal_ids":[[]]},"product_brand":[],"product_cat":[137,138,226,278],"product_tag":[],"class_list":{"0":"post-23170","1":"product","2":"type-product","3":"status-publish","4":"has-post-thumbnail","6":"product_cat-acessorios","7":"product_cat-acessorios-para-capacetes","8":"product_cat-nao-categorizado","9":"product_cat-viseiras","11":"first","12":"instock","13":"taxable","14":"shipping-taxable","15":"purchasable","16":"product-type-variable"},"acf":[],"yoast_head":"<!-- This site is optimized with the Yoast SEO plugin v27.0 - https:\/\/yoast.com\/product\/yoast-seo-wordpress\/ -->\n<title>Kit de reten\u00e7\u00e3o do escudo Z-20 - Zamp Helmets | Helmet 28 EU<\/title>\n<meta name=\"description\" content=\"Kit de reten\u00e7\u00e3o da viseira ZAMP Z20 genu\u00edno para todos os capacetes RZ. Substitui as pe\u00e7as gastas ou personaliza o teu capacete com parafusos coloridos. Inclui hardware de montagem.\" \/>\n<meta name=\"robots\" content=\"index, follow, max-snippet:-1, max-image-preview:large, max-video-preview:-1\" \/>\n<link rel=\"canonical\" href=\"https:\/\/zamphelmets.co\/pt-pt\/produto\/kit-de-retencao-do-escudo-z-20\/\" \/>\n<meta property=\"og:locale\" content=\"pt_PT\" \/>\n<meta property=\"og:type\" content=\"article\" \/>\n<meta property=\"og:title\" content=\"Kit de reten\u00e7\u00e3o do escudo Z-20 - Zamp Helmets | Helmet 28 EU\" \/>\n<meta property=\"og:description\" content=\"Kit de reten\u00e7\u00e3o da viseira ZAMP Z20 genu\u00edno para todos os capacetes RZ. Substitui as pe\u00e7as gastas ou personaliza o teu capacete com parafusos coloridos. Inclui hardware de montagem.\" \/>\n<meta property=\"og:url\" content=\"https:\/\/zamphelmets.co\/pt-pt\/produto\/kit-de-retencao-do-escudo-z-20\/\" \/>\n<meta property=\"og:site_name\" content=\"Zamp Helmets | Helmet 28 EU\" \/>\n<meta property=\"article:modified_time\" content=\"2026-02-16T15:54:46+00:00\" \/>\n<meta property=\"og:image\" content=\"https:\/\/zamphelmets.co\/wp-content\/uploads\/2021\/03\/Zamp-Shield-Retention-Kit_0003.jpg\" \/>\n\t<meta property=\"og:image:width\" content=\"2048\" \/>\n\t<meta property=\"og:image:height\" content=\"1365\" \/>\n\t<meta property=\"og:image:type\" content=\"image\/jpeg\" \/>\n<meta name=\"twitter:card\" content=\"summary_large_image\" \/>\n<meta name=\"twitter:label1\" content=\"Est. reading time\" \/>\n\t<meta name=\"twitter:data1\" content=\"1 minuto\" \/>\n<script type=\"application\/ld+json\" class=\"yoast-schema-graph\">{\"@context\":\"https:\/\/schema.org\",\"@graph\":[{\"@type\":\"WebPage\",\"@id\":\"https:\/\/zamphelmets.co\/pt-pt\/produto\/kit-de-retencao-do-escudo-z-20\/\",\"url\":\"https:\/\/zamphelmets.co\/pt-pt\/produto\/kit-de-retencao-do-escudo-z-20\/\",\"name\":\"Kit de reten\u00e7\u00e3o do escudo Z-20 - Zamp Helmets | Helmet 28 EU\",\"isPartOf\":{\"@id\":\"https:\/\/zamphelmets.co\/pt-pt\/#website\"},\"primaryImageOfPage\":{\"@id\":\"https:\/\/zamphelmets.co\/pt-pt\/produto\/kit-de-retencao-do-escudo-z-20\/#primaryimage\"},\"image\":{\"@id\":\"https:\/\/zamphelmets.co\/pt-pt\/produto\/kit-de-retencao-do-escudo-z-20\/#primaryimage\"},\"thumbnailUrl\":\"https:\/\/zamphelmets.co\/wp-content\/uploads\/2021\/03\/Zamp-Shield-Retention-Kit_0003.jpg\",\"datePublished\":\"2023-10-23T15:04:04+00:00\",\"dateModified\":\"2026-02-16T15:54:46+00:00\",\"description\":\"Kit de reten\u00e7\u00e3o da viseira ZAMP Z20 genu\u00edno para todos os capacetes RZ. Substitui as pe\u00e7as gastas ou personaliza o teu capacete com parafusos coloridos. Inclui hardware de montagem.\",\"breadcrumb\":{\"@id\":\"https:\/\/zamphelmets.co\/pt-pt\/produto\/kit-de-retencao-do-escudo-z-20\/#breadcrumb\"},\"inLanguage\":\"pt-PT\",\"potentialAction\":[{\"@type\":\"ReadAction\",\"target\":[\"https:\/\/zamphelmets.co\/pt-pt\/produto\/kit-de-retencao-do-escudo-z-20\/\"]}]},{\"@type\":\"ImageObject\",\"inLanguage\":\"pt-PT\",\"@id\":\"https:\/\/zamphelmets.co\/pt-pt\/produto\/kit-de-retencao-do-escudo-z-20\/#primaryimage\",\"url\":\"https:\/\/zamphelmets.co\/wp-content\/uploads\/2021\/03\/Zamp-Shield-Retention-Kit_0003.jpg\",\"contentUrl\":\"https:\/\/zamphelmets.co\/wp-content\/uploads\/2021\/03\/Zamp-Shield-Retention-Kit_0003.jpg\",\"width\":2048,\"height\":1365},{\"@type\":\"BreadcrumbList\",\"@id\":\"https:\/\/zamphelmets.co\/pt-pt\/produto\/kit-de-retencao-do-escudo-z-20\/#breadcrumb\",\"itemListElement\":[{\"@type\":\"ListItem\",\"position\":1,\"name\":\"Shop\",\"item\":\"https:\/\/zamphelmets.co\/pt-pt\/shop\/\"},{\"@type\":\"ListItem\",\"position\":2,\"name\":\"Kit de reten\u00e7\u00e3o do escudo Z-20\"}]},{\"@type\":\"WebSite\",\"@id\":\"https:\/\/zamphelmets.co\/pt-pt\/#website\",\"url\":\"https:\/\/zamphelmets.co\/pt-pt\/\",\"name\":\"Zamp Helmets | Helmet 28 EU\",\"description\":\"High Quality Motorsport Helmets\",\"potentialAction\":[{\"@type\":\"SearchAction\",\"target\":{\"@type\":\"EntryPoint\",\"urlTemplate\":\"https:\/\/zamphelmets.co\/pt-pt\/?s={search_term_string}\"},\"query-input\":{\"@type\":\"PropertyValueSpecification\",\"valueRequired\":true,\"valueName\":\"search_term_string\"}}],\"inLanguage\":\"pt-PT\"}]}<\/script>\n<!-- \/ Yoast SEO plugin. -->","yoast_head_json":{"title":"Kit de reten\u00e7\u00e3o do escudo Z-20 - Zamp Helmets | Helmet 28 EU","description":"Kit de reten\u00e7\u00e3o da viseira ZAMP Z20 genu\u00edno para todos os capacetes RZ. Substitui as pe\u00e7as gastas ou personaliza o teu capacete com parafusos coloridos. Inclui hardware de montagem.","robots":{"index":"index","follow":"follow","max-snippet":"max-snippet:-1","max-image-preview":"max-image-preview:large","max-video-preview":"max-video-preview:-1"},"canonical":"https:\/\/zamphelmets.co\/pt-pt\/produto\/kit-de-retencao-do-escudo-z-20\/","og_locale":"pt_PT","og_type":"article","og_title":"Kit de reten\u00e7\u00e3o do escudo Z-20 - Zamp Helmets | Helmet 28 EU","og_description":"Kit de reten\u00e7\u00e3o da viseira ZAMP Z20 genu\u00edno para todos os capacetes RZ. Substitui as pe\u00e7as gastas ou personaliza o teu capacete com parafusos coloridos. Inclui hardware de montagem.","og_url":"https:\/\/zamphelmets.co\/pt-pt\/produto\/kit-de-retencao-do-escudo-z-20\/","og_site_name":"Zamp Helmets | Helmet 28 EU","article_modified_time":"2026-02-16T15:54:46+00:00","og_image":[{"width":2048,"height":1365,"url":"https:\/\/zamphelmets.co\/wp-content\/uploads\/2021\/03\/Zamp-Shield-Retention-Kit_0003.jpg","type":"image\/jpeg"}],"twitter_card":"summary_large_image","twitter_misc":{"Est. reading time":"1 minuto"},"schema":{"@context":"https:\/\/schema.org","@graph":[{"@type":"WebPage","@id":"https:\/\/zamphelmets.co\/pt-pt\/produto\/kit-de-retencao-do-escudo-z-20\/","url":"https:\/\/zamphelmets.co\/pt-pt\/produto\/kit-de-retencao-do-escudo-z-20\/","name":"Kit de reten\u00e7\u00e3o do escudo Z-20 - Zamp Helmets | Helmet 28 EU","isPartOf":{"@id":"https:\/\/zamphelmets.co\/pt-pt\/#website"},"primaryImageOfPage":{"@id":"https:\/\/zamphelmets.co\/pt-pt\/produto\/kit-de-retencao-do-escudo-z-20\/#primaryimage"},"image":{"@id":"https:\/\/zamphelmets.co\/pt-pt\/produto\/kit-de-retencao-do-escudo-z-20\/#primaryimage"},"thumbnailUrl":"https:\/\/zamphelmets.co\/wp-content\/uploads\/2021\/03\/Zamp-Shield-Retention-Kit_0003.jpg","datePublished":"2023-10-23T15:04:04+00:00","dateModified":"2026-02-16T15:54:46+00:00","description":"Kit de reten\u00e7\u00e3o da viseira ZAMP Z20 genu\u00edno para todos os capacetes RZ. Substitui as pe\u00e7as gastas ou personaliza o teu capacete com parafusos coloridos. Inclui hardware de montagem.","breadcrumb":{"@id":"https:\/\/zamphelmets.co\/pt-pt\/produto\/kit-de-retencao-do-escudo-z-20\/#breadcrumb"},"inLanguage":"pt-PT","potentialAction":[{"@type":"ReadAction","target":["https:\/\/zamphelmets.co\/pt-pt\/produto\/kit-de-retencao-do-escudo-z-20\/"]}]},{"@type":"ImageObject","inLanguage":"pt-PT","@id":"https:\/\/zamphelmets.co\/pt-pt\/produto\/kit-de-retencao-do-escudo-z-20\/#primaryimage","url":"https:\/\/zamphelmets.co\/wp-content\/uploads\/2021\/03\/Zamp-Shield-Retention-Kit_0003.jpg","contentUrl":"https:\/\/zamphelmets.co\/wp-content\/uploads\/2021\/03\/Zamp-Shield-Retention-Kit_0003.jpg","width":2048,"height":1365},{"@type":"BreadcrumbList","@id":"https:\/\/zamphelmets.co\/pt-pt\/produto\/kit-de-retencao-do-escudo-z-20\/#breadcrumb","itemListElement":[{"@type":"ListItem","position":1,"name":"Shop","item":"https:\/\/zamphelmets.co\/pt-pt\/shop\/"},{"@type":"ListItem","position":2,"name":"Kit de reten\u00e7\u00e3o do escudo Z-20"}]},{"@type":"WebSite","@id":"https:\/\/zamphelmets.co\/pt-pt\/#website","url":"https:\/\/zamphelmets.co\/pt-pt\/","name":"Zamp Helmets | Helmet 28 EU","description":"High Quality Motorsport Helmets","potentialAction":[{"@type":"SearchAction","target":{"@type":"EntryPoint","urlTemplate":"https:\/\/zamphelmets.co\/pt-pt\/?s={search_term_string}"},"query-input":{"@type":"PropertyValueSpecification","valueRequired":true,"valueName":"search_term_string"}}],"inLanguage":"pt-PT"}]}},"_links":{"self":[{"href":"https:\/\/zamphelmets.co\/pt-pt\/wp-json\/wp\/v2\/product\/23170","targetHints":{"allow":["GET"]}}],"collection":[{"href":"https:\/\/zamphelmets.co\/pt-pt\/wp-json\/wp\/v2\/product"}],"about":[{"href":"https:\/\/zamphelmets.co\/pt-pt\/wp-json\/wp\/v2\/types\/product"}],"replies":[{"embeddable":true,"href":"https:\/\/zamphelmets.co\/pt-pt\/wp-json\/wp\/v2\/comments?post=23170"}],"wp:featuredmedia":[{"embeddable":true,"href":"https:\/\/zamphelmets.co\/pt-pt\/wp-json\/wp\/v2\/media\/13930"}],"wp:attachment":[{"href":"https:\/\/zamphelmets.co\/pt-pt\/wp-json\/wp\/v2\/media?parent=23170"}],"wp:term":[{"taxonomy":"product_brand","embeddable":true,"href":"https:\/\/zamphelmets.co\/pt-pt\/wp-json\/wp\/v2\/product_brand?post=23170"},{"taxonomy":"product_cat","embeddable":true,"href":"https:\/\/zamphelmets.co\/pt-pt\/wp-json\/wp\/v2\/product_cat?post=23170"},{"taxonomy":"product_tag","embeddable":true,"href":"https:\/\/zamphelmets.co\/pt-pt\/wp-json\/wp\/v2\/product_tag?post=23170"}],"curies":[{"name":"wp","href":"https:\/\/api.w.org\/{rel}","templated":true}]}}