{"id":23050,"date":"2022-11-18T13:25:27","date_gmt":"2022-11-18T13:25:27","guid":{"rendered":"https:\/\/zamphelmets.co\/product\/rz-42y-revestimento-da-coroa\/"},"modified":"2022-11-18T13:25:27","modified_gmt":"2022-11-18T13:25:27","slug":"rz-42y-revestimento-da-coroa","status":"publish","type":"product","link":"https:\/\/zamphelmets.co\/pt-pt\/produto\/rz-42y-revestimento-da-coroa\/","title":{"rendered":"RZ-42Y Revestimento da coroa"},"content":{"rendered":"<p>Reposi\u00e7\u00e3o do revestimento da coroa para os populares capacetes RZ 42 Youth. Se pretendes renovar o teu capacete ou alterar o tamanho, estes forros Crown s\u00e3o uma excelente op\u00e7\u00e3o.<\/p>\n<p>Dispon\u00edvel em 5 tamanhos 52, 54, 56, 57 e 59<\/p>\n","protected":false},"excerpt":{"rendered":"<p>Reposi\u00e7\u00e3o do revestimento da coroa para os populares capacetes RZ 42 Youth. Se pretendes renovar o teu capacete ou alterar o tamanho, estes forros Crown s\u00e3o uma excelente op\u00e7\u00e3o. Dispon\u00edvel em 5 tamanhos 52, 54, 56, 57 e 59<\/p>\n","protected":false},"featured_media":17997,"comment_status":"open","ping_status":"closed","template":"","meta":{"_acf_changed":false,"_iconic_wsb_product_page_order_bump_ids":[[]],"_sku":["HALCL22Y"],"_iconic_wsb_product_page_bump_modal_ids":[[]]},"product_brand":[],"product_cat":[138,136],"product_tag":[],"class_list":{"0":"post-23050","1":"product","2":"type-product","3":"status-publish","4":"has-post-thumbnail","6":"product_cat-acessorios-para-capacetes","7":"product_cat-zamp-pt-pt","9":"first","10":"instock","11":"taxable","12":"shipping-taxable","13":"purchasable","14":"product-type-variable"},"acf":[],"yoast_head":"<!-- This site is optimized with the Yoast SEO plugin v27.0 - https:\/\/yoast.com\/product\/yoast-seo-wordpress\/ -->\n<title>RZ-42Y Revestimento da coroa - Zamp Helmets | Helmet 28 EU<\/title>\n<meta name=\"description\" content=\"Se pretendes renovar o teu capacete ou alterar o tamanho, estes forros Crown s\u00e3o uma excelente op\u00e7\u00e3o.\" \/>\n<meta name=\"robots\" content=\"index, follow, max-snippet:-1, max-image-preview:large, max-video-preview:-1\" \/>\n<link rel=\"canonical\" href=\"https:\/\/zamphelmets.co\/pt-pt\/produto\/rz-42y-revestimento-da-coroa\/\" \/>\n<meta property=\"og:locale\" content=\"pt_PT\" \/>\n<meta property=\"og:type\" content=\"article\" \/>\n<meta property=\"og:title\" content=\"RZ-42Y Revestimento da coroa - Zamp Helmets | Helmet 28 EU\" \/>\n<meta property=\"og:description\" content=\"Se pretendes renovar o teu capacete ou alterar o tamanho, estes forros Crown s\u00e3o uma excelente op\u00e7\u00e3o.\" \/>\n<meta property=\"og:url\" content=\"https:\/\/zamphelmets.co\/pt-pt\/produto\/rz-42y-revestimento-da-coroa\/\" \/>\n<meta property=\"og:site_name\" content=\"Zamp Helmets | Helmet 28 EU\" \/>\n<meta property=\"og:image\" content=\"https:\/\/zamphelmets.co\/wp-content\/uploads\/2022\/11\/HALCL22Y.jpeg\" \/>\n\t<meta property=\"og:image:width\" content=\"1000\" \/>\n\t<meta property=\"og:image:height\" content=\"1000\" \/>\n\t<meta property=\"og:image:type\" content=\"image\/jpeg\" \/>\n<meta name=\"twitter:card\" content=\"summary_large_image\" \/>\n<script type=\"application\/ld+json\" class=\"yoast-schema-graph\">{\"@context\":\"https:\/\/schema.org\",\"@graph\":[{\"@type\":\"WebPage\",\"@id\":\"https:\/\/zamphelmets.co\/pt-pt\/produto\/rz-42y-revestimento-da-coroa\/\",\"url\":\"https:\/\/zamphelmets.co\/pt-pt\/produto\/rz-42y-revestimento-da-coroa\/\",\"name\":\"RZ-42Y Revestimento da coroa - Zamp Helmets | Helmet 28 EU\",\"isPartOf\":{\"@id\":\"https:\/\/zamphelmets.co\/pt-pt\/#website\"},\"primaryImageOfPage\":{\"@id\":\"https:\/\/zamphelmets.co\/pt-pt\/produto\/rz-42y-revestimento-da-coroa\/#primaryimage\"},\"image\":{\"@id\":\"https:\/\/zamphelmets.co\/pt-pt\/produto\/rz-42y-revestimento-da-coroa\/#primaryimage\"},\"thumbnailUrl\":\"https:\/\/zamphelmets.co\/wp-content\/uploads\/2022\/11\/HALCL22Y.jpeg\",\"datePublished\":\"2022-11-18T13:25:27+00:00\",\"description\":\"Se pretendes renovar o teu capacete ou alterar o tamanho, estes forros Crown s\u00e3o uma excelente op\u00e7\u00e3o.\",\"breadcrumb\":{\"@id\":\"https:\/\/zamphelmets.co\/pt-pt\/produto\/rz-42y-revestimento-da-coroa\/#breadcrumb\"},\"inLanguage\":\"pt-PT\",\"potentialAction\":[{\"@type\":\"ReadAction\",\"target\":[\"https:\/\/zamphelmets.co\/pt-pt\/produto\/rz-42y-revestimento-da-coroa\/\"]}]},{\"@type\":\"ImageObject\",\"inLanguage\":\"pt-PT\",\"@id\":\"https:\/\/zamphelmets.co\/pt-pt\/produto\/rz-42y-revestimento-da-coroa\/#primaryimage\",\"url\":\"https:\/\/zamphelmets.co\/wp-content\/uploads\/2022\/11\/HALCL22Y.jpeg\",\"contentUrl\":\"https:\/\/zamphelmets.co\/wp-content\/uploads\/2022\/11\/HALCL22Y.jpeg\",\"width\":1000,\"height\":1000},{\"@type\":\"BreadcrumbList\",\"@id\":\"https:\/\/zamphelmets.co\/pt-pt\/produto\/rz-42y-revestimento-da-coroa\/#breadcrumb\",\"itemListElement\":[{\"@type\":\"ListItem\",\"position\":1,\"name\":\"Shop\",\"item\":\"https:\/\/zamphelmets.co\/pt-pt\/shop\/\"},{\"@type\":\"ListItem\",\"position\":2,\"name\":\"RZ-42Y Revestimento da coroa\"}]},{\"@type\":\"WebSite\",\"@id\":\"https:\/\/zamphelmets.co\/pt-pt\/#website\",\"url\":\"https:\/\/zamphelmets.co\/pt-pt\/\",\"name\":\"Zamp Helmets | Helmet 28 EU\",\"description\":\"High Quality Motorsport Helmets\",\"potentialAction\":[{\"@type\":\"SearchAction\",\"target\":{\"@type\":\"EntryPoint\",\"urlTemplate\":\"https:\/\/zamphelmets.co\/pt-pt\/?s={search_term_string}\"},\"query-input\":{\"@type\":\"PropertyValueSpecification\",\"valueRequired\":true,\"valueName\":\"search_term_string\"}}],\"inLanguage\":\"pt-PT\"}]}<\/script>\n<!-- \/ Yoast SEO plugin. -->","yoast_head_json":{"title":"RZ-42Y Revestimento da coroa - Zamp Helmets | Helmet 28 EU","description":"Se pretendes renovar o teu capacete ou alterar o tamanho, estes forros Crown s\u00e3o uma excelente op\u00e7\u00e3o.","robots":{"index":"index","follow":"follow","max-snippet":"max-snippet:-1","max-image-preview":"max-image-preview:large","max-video-preview":"max-video-preview:-1"},"canonical":"https:\/\/zamphelmets.co\/pt-pt\/produto\/rz-42y-revestimento-da-coroa\/","og_locale":"pt_PT","og_type":"article","og_title":"RZ-42Y Revestimento da coroa - Zamp Helmets | Helmet 28 EU","og_description":"Se pretendes renovar o teu capacete ou alterar o tamanho, estes forros Crown s\u00e3o uma excelente op\u00e7\u00e3o.","og_url":"https:\/\/zamphelmets.co\/pt-pt\/produto\/rz-42y-revestimento-da-coroa\/","og_site_name":"Zamp Helmets | Helmet 28 EU","og_image":[{"width":1000,"height":1000,"url":"https:\/\/zamphelmets.co\/wp-content\/uploads\/2022\/11\/HALCL22Y.jpeg","type":"image\/jpeg"}],"twitter_card":"summary_large_image","schema":{"@context":"https:\/\/schema.org","@graph":[{"@type":"WebPage","@id":"https:\/\/zamphelmets.co\/pt-pt\/produto\/rz-42y-revestimento-da-coroa\/","url":"https:\/\/zamphelmets.co\/pt-pt\/produto\/rz-42y-revestimento-da-coroa\/","name":"RZ-42Y Revestimento da coroa - Zamp Helmets | Helmet 28 EU","isPartOf":{"@id":"https:\/\/zamphelmets.co\/pt-pt\/#website"},"primaryImageOfPage":{"@id":"https:\/\/zamphelmets.co\/pt-pt\/produto\/rz-42y-revestimento-da-coroa\/#primaryimage"},"image":{"@id":"https:\/\/zamphelmets.co\/pt-pt\/produto\/rz-42y-revestimento-da-coroa\/#primaryimage"},"thumbnailUrl":"https:\/\/zamphelmets.co\/wp-content\/uploads\/2022\/11\/HALCL22Y.jpeg","datePublished":"2022-11-18T13:25:27+00:00","description":"Se pretendes renovar o teu capacete ou alterar o tamanho, estes forros Crown s\u00e3o uma excelente op\u00e7\u00e3o.","breadcrumb":{"@id":"https:\/\/zamphelmets.co\/pt-pt\/produto\/rz-42y-revestimento-da-coroa\/#breadcrumb"},"inLanguage":"pt-PT","potentialAction":[{"@type":"ReadAction","target":["https:\/\/zamphelmets.co\/pt-pt\/produto\/rz-42y-revestimento-da-coroa\/"]}]},{"@type":"ImageObject","inLanguage":"pt-PT","@id":"https:\/\/zamphelmets.co\/pt-pt\/produto\/rz-42y-revestimento-da-coroa\/#primaryimage","url":"https:\/\/zamphelmets.co\/wp-content\/uploads\/2022\/11\/HALCL22Y.jpeg","contentUrl":"https:\/\/zamphelmets.co\/wp-content\/uploads\/2022\/11\/HALCL22Y.jpeg","width":1000,"height":1000},{"@type":"BreadcrumbList","@id":"https:\/\/zamphelmets.co\/pt-pt\/produto\/rz-42y-revestimento-da-coroa\/#breadcrumb","itemListElement":[{"@type":"ListItem","position":1,"name":"Shop","item":"https:\/\/zamphelmets.co\/pt-pt\/shop\/"},{"@type":"ListItem","position":2,"name":"RZ-42Y Revestimento da coroa"}]},{"@type":"WebSite","@id":"https:\/\/zamphelmets.co\/pt-pt\/#website","url":"https:\/\/zamphelmets.co\/pt-pt\/","name":"Zamp Helmets | Helmet 28 EU","description":"High Quality Motorsport Helmets","potentialAction":[{"@type":"SearchAction","target":{"@type":"EntryPoint","urlTemplate":"https:\/\/zamphelmets.co\/pt-pt\/?s={search_term_string}"},"query-input":{"@type":"PropertyValueSpecification","valueRequired":true,"valueName":"search_term_string"}}],"inLanguage":"pt-PT"}]}},"_links":{"self":[{"href":"https:\/\/zamphelmets.co\/pt-pt\/wp-json\/wp\/v2\/product\/23050","targetHints":{"allow":["GET"]}}],"collection":[{"href":"https:\/\/zamphelmets.co\/pt-pt\/wp-json\/wp\/v2\/product"}],"about":[{"href":"https:\/\/zamphelmets.co\/pt-pt\/wp-json\/wp\/v2\/types\/product"}],"replies":[{"embeddable":true,"href":"https:\/\/zamphelmets.co\/pt-pt\/wp-json\/wp\/v2\/comments?post=23050"}],"wp:featuredmedia":[{"embeddable":true,"href":"https:\/\/zamphelmets.co\/pt-pt\/wp-json\/wp\/v2\/media\/17997"}],"wp:attachment":[{"href":"https:\/\/zamphelmets.co\/pt-pt\/wp-json\/wp\/v2\/media?parent=23050"}],"wp:term":[{"taxonomy":"product_brand","embeddable":true,"href":"https:\/\/zamphelmets.co\/pt-pt\/wp-json\/wp\/v2\/product_brand?post=23050"},{"taxonomy":"product_cat","embeddable":true,"href":"https:\/\/zamphelmets.co\/pt-pt\/wp-json\/wp\/v2\/product_cat?post=23050"},{"taxonomy":"product_tag","embeddable":true,"href":"https:\/\/zamphelmets.co\/pt-pt\/wp-json\/wp\/v2\/product_tag?post=23050"}],"curies":[{"name":"wp","href":"https:\/\/api.w.org\/{rel}","templated":true}]}}