{"id":23006,"date":"2022-11-18T11:32:54","date_gmt":"2022-11-18T11:32:54","guid":{"rendered":"https:\/\/zamphelmets.co\/product\/rz-88c\/"},"modified":"2026-02-16T15:10:00","modified_gmt":"2026-02-16T15:10:00","slug":"rz-88c","status":"publish","type":"product","link":"https:\/\/zamphelmets.co\/pt-pt\/produto\/rz-88c\/","title":{"rendered":"RZ 88C"},"content":{"rendered":"<p><strong>A ZAMP orgulha-se de apresentar o novo <\/strong> capacete<strong>RZ-88C<\/strong> com a avan\u00e7ada norma de seguran\u00e7a FIA 8860.<\/p>\n<p>Esta <strong>vers\u00e3o RZ-88C Closed Cockpit Gloss Carbon<\/strong> \u00e9 o capacete premium da gama Zamp. Com uma visibilidade incr\u00edvel e um fluxo de ar sem paralelo, o RZ 88C \u00e9 o capacete FIA 8860 com a melhor rela\u00e7\u00e3o qualidade\/pre\u00e7o do mercado.<\/p>\n<p><strong>As caracter\u00edsticas incluem:<\/strong><\/p>\n<ul>\n<li>Avan\u00e7ado tecido de carbono brilhante para uma estrutura incrivelmente leve<\/li>\n<li>Configurado para Cockpit Fechado e Corridas de Sujidade &#8211; Spoiler de queixo mais curto para dar mais espa\u00e7o e menos aberturas de ventila\u00e7\u00e3o no casco para permitir um melhor fluxo de ar usando o Forced Air, al\u00e9m de manter a sujidade afastada nas Corridas de Sujidade<\/li>\n<li>A entrada de ar superior permite-te utilizar ar natural, ar for\u00e7ado ou tomadas de ar<\/li>\n<li>Interior macio, amov\u00edvel\/lav\u00e1vel, retardador de fogo e ultra-suave com espuma EPS para o queixo<\/li>\n<li>Escudo antiembaciamento transparente da s\u00e9rie Z-24 com postes destac\u00e1veis com 12,125 pol. de centro<\/li>\n<li>As comunica\u00e7\u00f5es s\u00e3o f\u00e1ceis de instalar com canais EPS no capacete<\/li>\n<li>Inser\u00e7\u00f5es M6 para o sistema de reten\u00e7\u00e3o de cabe\u00e7a e pesco\u00e7o<\/li>\n<li>FIA 8860-2018 <strong>sem<\/strong> ABS<\/li>\n<\/ul>\n<p>Como \u00e9 comum nos desportos motorizados, o nosso tamanho varia consoante o modelo do capacete. Para mais informa\u00e7\u00f5es, l\u00ea a nossa publica\u00e7\u00e3o no blogue sobre <a href=\"https:\/\/zamphelmets.co\/pt-pt\/como-escolher-o-tamanho-correto-do-capacete\/\">Como escolher o tamanho correto do capacete<\/a>.<\/p>\n<p><a href=\"https:\/\/zamphelmets.co\/pt-pt\/explicacao-da-homologacao\/\"><strong>Homologa\u00e7\u00e3o explicada<\/strong> &#8211; descobre de que homologa\u00e7\u00e3o precisas<\/a><\/p>\n<p><a href=\"https:\/\/zamphelmets.co\/pt-pt\/postes-hans-dispositivos-hans-e-fhr\/\"><strong>Dispositivo FHR \/ HANS<\/strong> &#8211; quando \u00e9 que \u00e9 necess\u00e1rio?<\/a><\/p>\n<p>&nbsp;<\/p>\n<p><img decoding=\"async\" class=\"alignnone wp-image-26355 size-full lazyload\" data-src=\"https:\/\/zamphelmets.co\/wp-content\/uploads\/2024\/03\/Zamp-Helmets-sizing-guide-4166-x-4166-px-1.png\" alt=\"\" width=\"500\" height=\"500\" data-srcset=\"https:\/\/zamphelmets.co\/wp-content\/uploads\/2024\/03\/Zamp-Helmets-sizing-guide-4166-x-4166-px-1.png 500w, https:\/\/zamphelmets.co\/wp-content\/uploads\/2024\/03\/Zamp-Helmets-sizing-guide-4166-x-4166-px-1-300x300.png 300w, https:\/\/zamphelmets.co\/wp-content\/uploads\/2024\/03\/Zamp-Helmets-sizing-guide-4166-x-4166-px-1-150x150.png 150w, https:\/\/zamphelmets.co\/wp-content\/uploads\/2024\/03\/Zamp-Helmets-sizing-guide-4166-x-4166-px-1-100x100.png 100w\" data-sizes=\"(max-width: 500px) 100vw, 500px\" src=\"data:image\/svg+xml;base64,PHN2ZyB3aWR0aD0iMSIgaGVpZ2h0PSIxIiB4bWxucz0iaHR0cDovL3d3dy53My5vcmcvMjAwMC9zdmciPjwvc3ZnPg==\" style=\"--smush-placeholder-width: 500px; --smush-placeholder-aspect-ratio: 500\/500;\" \/><\/p>\n<div id=\"product-10089\" class=\"product type-product post-10089 status-publish first instock product_cat-fia product_cat-snell-2020-sa2020 product_cat-zamp has-post-thumbnail taxable shipping-taxable purchasable product-type-variable\">\n<div class=\"woocommerce-tabs wc-tabs-wrapper\">\n<div id=\"tab-description\" class=\"woocommerce-Tabs-panel woocommerce-Tabs-panel--description panel entry-content wc-tab\" role=\"tabpanel\" aria-labelledby=\"tab-title-description\">\n<p><strong>N\u00e3o tens a certeza do tamanho? <\/strong> Preenche<a href=\"https:\/\/form.jotform.com\/251263198513053\">o nosso formul\u00e1rio de tamanhos<\/a> e um membro da nossa equipa entrar\u00e1 em contacto contigo com as nossas recomenda\u00e7\u00f5es.<\/p>\n<\/div>\n<\/div>\n<\/div>\n","protected":false},"excerpt":{"rendered":"<p>A ZAMP orgulha-se de apresentar o novo capaceteRZ-88C com a avan\u00e7ada norma de seguran\u00e7a FIA 8860. Esta vers\u00e3o RZ-88C Closed Cockpit Gloss Carbon \u00e9 o capacete premium da gama Zamp. Com uma visibilidade incr\u00edvel e um fluxo de ar sem paralelo, o RZ 88C \u00e9 o capacete FIA 8860 com a melhor rela\u00e7\u00e3o qualidade\/pre\u00e7o do [&hellip;]<\/p>\n","protected":false},"featured_media":17990,"comment_status":"open","ping_status":"closed","template":"","meta":{"_acf_changed":false,"_iconic_wsb_product_page_order_bump_ids":[[]],"_sku":["H88602CB3"],"_iconic_wsb_product_page_bump_modal_ids":[[]]},"product_brand":[],"product_cat":[245,246,151,136],"product_tag":[],"class_list":{"0":"post-23006","1":"product","2":"type-product","3":"status-publish","4":"has-post-thumbnail","6":"product_cat-fia-8859-pt-pt","7":"product_cat-fia-8860-pt-pt","8":"product_cat-premio","9":"product_cat-zamp-pt-pt","11":"first","12":"onbackorder","13":"taxable","14":"shipping-taxable","15":"purchasable","16":"product-type-variable"},"acf":[],"yoast_head":"<!-- This site is optimized with the Yoast SEO plugin v27.0 - https:\/\/yoast.com\/product\/yoast-seo-wordpress\/ -->\n<title>RZ 88C - Zamp Helmets | Helmet 28 EU - FIA 8860 \u20ac1,720<\/title>\n<meta name=\"description\" content=\"Esta vers\u00e3o RZ-88C Closed Cockpit Gloss Carbon \u00e9 o capacete premium da gama Zamp. Com uma visibilidade incr\u00edvel e um fluxo de ar sem paralelo, o RZ 88C \u00e9 o capacete FIA 8860 com a melhor rela\u00e7\u00e3o qualidade\/pre\u00e7o do mercado.\" \/>\n<meta name=\"robots\" content=\"index, follow, max-snippet:-1, max-image-preview:large, max-video-preview:-1\" \/>\n<link rel=\"canonical\" href=\"https:\/\/zamphelmets.co\/pt-pt\/produto\/rz-88c\/\" \/>\n<meta property=\"og:locale\" content=\"pt_PT\" \/>\n<meta property=\"og:type\" content=\"article\" \/>\n<meta property=\"og:title\" content=\"RZ 88C - Zamp Helmets | Helmet 28 EU - FIA 8860 \u20ac1,720\" \/>\n<meta property=\"og:description\" content=\"Esta vers\u00e3o RZ-88C Closed Cockpit Gloss Carbon \u00e9 o capacete premium da gama Zamp. Com uma visibilidade incr\u00edvel e um fluxo de ar sem paralelo, o RZ 88C \u00e9 o capacete FIA 8860 com a melhor rela\u00e7\u00e3o qualidade\/pre\u00e7o do mercado.\" \/>\n<meta property=\"og:url\" content=\"https:\/\/zamphelmets.co\/pt-pt\/produto\/rz-88c\/\" \/>\n<meta property=\"og:site_name\" content=\"Zamp Helmets | Helmet 28 EU\" \/>\n<meta property=\"article:modified_time\" content=\"2026-02-16T15:10:00+00:00\" \/>\n<meta property=\"og:image\" content=\"https:\/\/zamphelmets.co\/wp-content\/uploads\/2022\/11\/H88602CB3.jpeg\" \/>\n\t<meta property=\"og:image:width\" content=\"1000\" \/>\n\t<meta property=\"og:image:height\" content=\"1000\" \/>\n\t<meta property=\"og:image:type\" content=\"image\/jpeg\" \/>\n<meta name=\"twitter:card\" content=\"summary_large_image\" \/>\n<meta name=\"twitter:label1\" content=\"Est. reading time\" \/>\n\t<meta name=\"twitter:data1\" content=\"1 minuto\" \/>\n<script type=\"application\/ld+json\" class=\"yoast-schema-graph\">{\"@context\":\"https:\/\/schema.org\",\"@graph\":[{\"@type\":\"WebPage\",\"@id\":\"https:\/\/zamphelmets.co\/pt-pt\/produto\/rz-88c\/\",\"url\":\"https:\/\/zamphelmets.co\/pt-pt\/produto\/rz-88c\/\",\"name\":\"RZ 88C - Zamp Helmets | Helmet 28 EU - FIA 8860 \u20ac1,720\",\"isPartOf\":{\"@id\":\"https:\/\/zamphelmets.co\/pt-pt\/#website\"},\"primaryImageOfPage\":{\"@id\":\"https:\/\/zamphelmets.co\/pt-pt\/produto\/rz-88c\/#primaryimage\"},\"image\":{\"@id\":\"https:\/\/zamphelmets.co\/pt-pt\/produto\/rz-88c\/#primaryimage\"},\"thumbnailUrl\":\"https:\/\/zamphelmets.co\/wp-content\/uploads\/2022\/11\/H88602CB3.jpeg\",\"datePublished\":\"2022-11-18T11:32:54+00:00\",\"dateModified\":\"2026-02-16T15:10:00+00:00\",\"description\":\"Esta vers\u00e3o RZ-88C Closed Cockpit Gloss Carbon \u00e9 o capacete premium da gama Zamp. Com uma visibilidade incr\u00edvel e um fluxo de ar sem paralelo, o RZ 88C \u00e9 o capacete FIA 8860 com a melhor rela\u00e7\u00e3o qualidade\/pre\u00e7o do mercado.\",\"breadcrumb\":{\"@id\":\"https:\/\/zamphelmets.co\/pt-pt\/produto\/rz-88c\/#breadcrumb\"},\"inLanguage\":\"pt-PT\",\"potentialAction\":[{\"@type\":\"ReadAction\",\"target\":[\"https:\/\/zamphelmets.co\/pt-pt\/produto\/rz-88c\/\"]}]},{\"@type\":\"ImageObject\",\"inLanguage\":\"pt-PT\",\"@id\":\"https:\/\/zamphelmets.co\/pt-pt\/produto\/rz-88c\/#primaryimage\",\"url\":\"https:\/\/zamphelmets.co\/wp-content\/uploads\/2022\/11\/H88602CB3.jpeg\",\"contentUrl\":\"https:\/\/zamphelmets.co\/wp-content\/uploads\/2022\/11\/H88602CB3.jpeg\",\"width\":1000,\"height\":1000},{\"@type\":\"BreadcrumbList\",\"@id\":\"https:\/\/zamphelmets.co\/pt-pt\/produto\/rz-88c\/#breadcrumb\",\"itemListElement\":[{\"@type\":\"ListItem\",\"position\":1,\"name\":\"Shop\",\"item\":\"https:\/\/zamphelmets.co\/pt-pt\/shop\/\"},{\"@type\":\"ListItem\",\"position\":2,\"name\":\"RZ 88C\"}]},{\"@type\":\"WebSite\",\"@id\":\"https:\/\/zamphelmets.co\/pt-pt\/#website\",\"url\":\"https:\/\/zamphelmets.co\/pt-pt\/\",\"name\":\"Zamp Helmets | Helmet 28 EU\",\"description\":\"High Quality Motorsport Helmets\",\"potentialAction\":[{\"@type\":\"SearchAction\",\"target\":{\"@type\":\"EntryPoint\",\"urlTemplate\":\"https:\/\/zamphelmets.co\/pt-pt\/?s={search_term_string}\"},\"query-input\":{\"@type\":\"PropertyValueSpecification\",\"valueRequired\":true,\"valueName\":\"search_term_string\"}}],\"inLanguage\":\"pt-PT\"}]}<\/script>\n<!-- \/ Yoast SEO plugin. -->","yoast_head_json":{"title":"RZ 88C - Zamp Helmets | Helmet 28 EU - FIA 8860 \u20ac1,720","description":"Esta vers\u00e3o RZ-88C Closed Cockpit Gloss Carbon \u00e9 o capacete premium da gama Zamp. Com uma visibilidade incr\u00edvel e um fluxo de ar sem paralelo, o RZ 88C \u00e9 o capacete FIA 8860 com a melhor rela\u00e7\u00e3o qualidade\/pre\u00e7o do mercado.","robots":{"index":"index","follow":"follow","max-snippet":"max-snippet:-1","max-image-preview":"max-image-preview:large","max-video-preview":"max-video-preview:-1"},"canonical":"https:\/\/zamphelmets.co\/pt-pt\/produto\/rz-88c\/","og_locale":"pt_PT","og_type":"article","og_title":"RZ 88C - Zamp Helmets | Helmet 28 EU - FIA 8860 \u20ac1,720","og_description":"Esta vers\u00e3o RZ-88C Closed Cockpit Gloss Carbon \u00e9 o capacete premium da gama Zamp. Com uma visibilidade incr\u00edvel e um fluxo de ar sem paralelo, o RZ 88C \u00e9 o capacete FIA 8860 com a melhor rela\u00e7\u00e3o qualidade\/pre\u00e7o do mercado.","og_url":"https:\/\/zamphelmets.co\/pt-pt\/produto\/rz-88c\/","og_site_name":"Zamp Helmets | Helmet 28 EU","article_modified_time":"2026-02-16T15:10:00+00:00","og_image":[{"width":1000,"height":1000,"url":"https:\/\/zamphelmets.co\/wp-content\/uploads\/2022\/11\/H88602CB3.jpeg","type":"image\/jpeg"}],"twitter_card":"summary_large_image","twitter_misc":{"Est. reading time":"1 minuto"},"schema":{"@context":"https:\/\/schema.org","@graph":[{"@type":"WebPage","@id":"https:\/\/zamphelmets.co\/pt-pt\/produto\/rz-88c\/","url":"https:\/\/zamphelmets.co\/pt-pt\/produto\/rz-88c\/","name":"RZ 88C - Zamp Helmets | Helmet 28 EU - FIA 8860 \u20ac1,720","isPartOf":{"@id":"https:\/\/zamphelmets.co\/pt-pt\/#website"},"primaryImageOfPage":{"@id":"https:\/\/zamphelmets.co\/pt-pt\/produto\/rz-88c\/#primaryimage"},"image":{"@id":"https:\/\/zamphelmets.co\/pt-pt\/produto\/rz-88c\/#primaryimage"},"thumbnailUrl":"https:\/\/zamphelmets.co\/wp-content\/uploads\/2022\/11\/H88602CB3.jpeg","datePublished":"2022-11-18T11:32:54+00:00","dateModified":"2026-02-16T15:10:00+00:00","description":"Esta vers\u00e3o RZ-88C Closed Cockpit Gloss Carbon \u00e9 o capacete premium da gama Zamp. Com uma visibilidade incr\u00edvel e um fluxo de ar sem paralelo, o RZ 88C \u00e9 o capacete FIA 8860 com a melhor rela\u00e7\u00e3o qualidade\/pre\u00e7o do mercado.","breadcrumb":{"@id":"https:\/\/zamphelmets.co\/pt-pt\/produto\/rz-88c\/#breadcrumb"},"inLanguage":"pt-PT","potentialAction":[{"@type":"ReadAction","target":["https:\/\/zamphelmets.co\/pt-pt\/produto\/rz-88c\/"]}]},{"@type":"ImageObject","inLanguage":"pt-PT","@id":"https:\/\/zamphelmets.co\/pt-pt\/produto\/rz-88c\/#primaryimage","url":"https:\/\/zamphelmets.co\/wp-content\/uploads\/2022\/11\/H88602CB3.jpeg","contentUrl":"https:\/\/zamphelmets.co\/wp-content\/uploads\/2022\/11\/H88602CB3.jpeg","width":1000,"height":1000},{"@type":"BreadcrumbList","@id":"https:\/\/zamphelmets.co\/pt-pt\/produto\/rz-88c\/#breadcrumb","itemListElement":[{"@type":"ListItem","position":1,"name":"Shop","item":"https:\/\/zamphelmets.co\/pt-pt\/shop\/"},{"@type":"ListItem","position":2,"name":"RZ 88C"}]},{"@type":"WebSite","@id":"https:\/\/zamphelmets.co\/pt-pt\/#website","url":"https:\/\/zamphelmets.co\/pt-pt\/","name":"Zamp Helmets | Helmet 28 EU","description":"High Quality Motorsport Helmets","potentialAction":[{"@type":"SearchAction","target":{"@type":"EntryPoint","urlTemplate":"https:\/\/zamphelmets.co\/pt-pt\/?s={search_term_string}"},"query-input":{"@type":"PropertyValueSpecification","valueRequired":true,"valueName":"search_term_string"}}],"inLanguage":"pt-PT"}]}},"_links":{"self":[{"href":"https:\/\/zamphelmets.co\/pt-pt\/wp-json\/wp\/v2\/product\/23006","targetHints":{"allow":["GET"]}}],"collection":[{"href":"https:\/\/zamphelmets.co\/pt-pt\/wp-json\/wp\/v2\/product"}],"about":[{"href":"https:\/\/zamphelmets.co\/pt-pt\/wp-json\/wp\/v2\/types\/product"}],"replies":[{"embeddable":true,"href":"https:\/\/zamphelmets.co\/pt-pt\/wp-json\/wp\/v2\/comments?post=23006"}],"wp:featuredmedia":[{"embeddable":true,"href":"https:\/\/zamphelmets.co\/pt-pt\/wp-json\/wp\/v2\/media\/17990"}],"wp:attachment":[{"href":"https:\/\/zamphelmets.co\/pt-pt\/wp-json\/wp\/v2\/media?parent=23006"}],"wp:term":[{"taxonomy":"product_brand","embeddable":true,"href":"https:\/\/zamphelmets.co\/pt-pt\/wp-json\/wp\/v2\/product_brand?post=23006"},{"taxonomy":"product_cat","embeddable":true,"href":"https:\/\/zamphelmets.co\/pt-pt\/wp-json\/wp\/v2\/product_cat?post=23006"},{"taxonomy":"product_tag","embeddable":true,"href":"https:\/\/zamphelmets.co\/pt-pt\/wp-json\/wp\/v2\/product_tag?post=23006"}],"curies":[{"name":"wp","href":"https:\/\/api.w.org\/{rel}","templated":true}]}}