{"id":22647,"date":"2022-02-18T14:29:23","date_gmt":"2022-02-18T14:29:23","guid":{"rendered":"https:\/\/zamphelmets.co\/product\/escopa-de-ventilacao-superior-transparente\/"},"modified":"2026-02-16T15:53:33","modified_gmt":"2026-02-16T15:53:33","slug":"escopa-de-ventilacao-superior-transparente","status":"publish","type":"product","link":"https:\/\/zamphelmets.co\/pt-pt\/produto\/escopa-de-ventilacao-superior-transparente\/","title":{"rendered":"Escopa de ventila\u00e7\u00e3o superior transparente"},"content":{"rendered":"<p>O Top Vent Scoop Clear pode ser instalado em todos os capacetes RZ da gama Zamp que est\u00e3o equipados com o sistema de ar superior. Este coletor superior leve e f\u00e1cil de instalar pode ser adquirido com ou sem o tamp\u00e3o para impedir a entrada de ar e \u00e1gua no capacete.<\/p>\n<p>&nbsp;<\/p>\n<p>Se n\u00e3o tiveres a certeza de que o teu capacete \u00e9 compat\u00edvel com o Top Vent Scoop, contacta um membro da equipa e poderemos esclarecer-te.<\/p>\n","protected":false},"excerpt":{"rendered":"<p>O Top Vent Scoop Clear pode ser instalado em todos os capacetes RZ da gama Zamp que est\u00e3o equipados com o sistema de ar superior. Este coletor superior leve e f\u00e1cil de instalar pode ser adquirido com ou sem o tamp\u00e3o para impedir a entrada de ar e \u00e1gua no capacete. &nbsp; Se n\u00e3o tiveres [&hellip;]<\/p>\n","protected":false},"featured_media":12418,"comment_status":"open","ping_status":"closed","template":"","meta":{"_acf_changed":false,"_iconic_wsb_product_page_order_bump_ids":[[]],"_sku":["HTV200CL"],"_iconic_wsb_product_page_bump_modal_ids":[[]]},"product_brand":[],"product_cat":[137,138,213,136],"product_tag":[],"class_list":{"0":"post-22647","1":"product","2":"type-product","3":"status-publish","4":"has-post-thumbnail","6":"product_cat-acessorios","7":"product_cat-acessorios-para-capacetes","8":"product_cat-outros","9":"product_cat-zamp-pt-pt","11":"first","12":"onbackorder","13":"taxable","14":"shipping-taxable","15":"purchasable","16":"product-type-simple"},"acf":[],"yoast_head":"<!-- This site is optimized with the Yoast SEO plugin v27.0 - https:\/\/yoast.com\/product\/yoast-seo-wordpress\/ -->\n<title>Escopa de ventila\u00e7\u00e3o superior transparente para a Zamp Helmets - Zamp Helmets | Helmet 28 EU<\/title>\n<meta name=\"description\" content=\"O Top Vent Scoop Clear pode ser instalado em todos os capacetes da gama Zamp que est\u00e3o equipados com o sistema de ar superior. Consulta a gama completa da Zamp para mais informa\u00e7\u00f5es.\" \/>\n<meta name=\"robots\" content=\"index, follow, max-snippet:-1, max-image-preview:large, max-video-preview:-1\" \/>\n<link rel=\"canonical\" href=\"https:\/\/zamphelmets.co\/pt-pt\/produto\/escopa-de-ventilacao-superior-transparente\/\" \/>\n<meta property=\"og:locale\" content=\"pt_PT\" \/>\n<meta property=\"og:type\" content=\"article\" \/>\n<meta property=\"og:title\" content=\"Escopa de ventila\u00e7\u00e3o superior transparente para a Zamp Helmets - Zamp Helmets | Helmet 28 EU\" \/>\n<meta property=\"og:description\" content=\"O Top Vent Scoop Clear pode ser instalado em todos os capacetes da gama Zamp que est\u00e3o equipados com o sistema de ar superior. Consulta a gama completa da Zamp para mais informa\u00e7\u00f5es.\" \/>\n<meta property=\"og:url\" content=\"https:\/\/zamphelmets.co\/pt-pt\/produto\/escopa-de-ventilacao-superior-transparente\/\" \/>\n<meta property=\"og:site_name\" content=\"Zamp Helmets | Helmet 28 EU\" \/>\n<meta property=\"article:modified_time\" content=\"2026-02-16T15:53:33+00:00\" \/>\n<meta property=\"og:image\" content=\"https:\/\/zamphelmets.co\/wp-content\/uploads\/2020\/09\/HTV200CL.jpg\" \/>\n\t<meta property=\"og:image:width\" content=\"1000\" \/>\n\t<meta property=\"og:image:height\" content=\"1000\" \/>\n\t<meta property=\"og:image:type\" content=\"image\/jpeg\" \/>\n<meta name=\"twitter:card\" content=\"summary_large_image\" \/>\n<script type=\"application\/ld+json\" class=\"yoast-schema-graph\">{\"@context\":\"https:\/\/schema.org\",\"@graph\":[{\"@type\":\"WebPage\",\"@id\":\"https:\/\/zamphelmets.co\/pt-pt\/produto\/escopa-de-ventilacao-superior-transparente\/\",\"url\":\"https:\/\/zamphelmets.co\/pt-pt\/produto\/escopa-de-ventilacao-superior-transparente\/\",\"name\":\"Escopa de ventila\u00e7\u00e3o superior transparente para a Zamp Helmets - Zamp Helmets | Helmet 28 EU\",\"isPartOf\":{\"@id\":\"https:\/\/zamphelmets.co\/pt-pt\/#website\"},\"primaryImageOfPage\":{\"@id\":\"https:\/\/zamphelmets.co\/pt-pt\/produto\/escopa-de-ventilacao-superior-transparente\/#primaryimage\"},\"image\":{\"@id\":\"https:\/\/zamphelmets.co\/pt-pt\/produto\/escopa-de-ventilacao-superior-transparente\/#primaryimage\"},\"thumbnailUrl\":\"https:\/\/zamphelmets.co\/wp-content\/uploads\/2020\/09\/HTV200CL.jpg\",\"datePublished\":\"2022-02-18T14:29:23+00:00\",\"dateModified\":\"2026-02-16T15:53:33+00:00\",\"description\":\"O Top Vent Scoop Clear pode ser instalado em todos os capacetes da gama Zamp que est\u00e3o equipados com o sistema de ar superior. Consulta a gama completa da Zamp para mais informa\u00e7\u00f5es.\",\"breadcrumb\":{\"@id\":\"https:\/\/zamphelmets.co\/pt-pt\/produto\/escopa-de-ventilacao-superior-transparente\/#breadcrumb\"},\"inLanguage\":\"pt-PT\",\"potentialAction\":[{\"@type\":\"ReadAction\",\"target\":[\"https:\/\/zamphelmets.co\/pt-pt\/produto\/escopa-de-ventilacao-superior-transparente\/\"]}]},{\"@type\":\"ImageObject\",\"inLanguage\":\"pt-PT\",\"@id\":\"https:\/\/zamphelmets.co\/pt-pt\/produto\/escopa-de-ventilacao-superior-transparente\/#primaryimage\",\"url\":\"https:\/\/zamphelmets.co\/wp-content\/uploads\/2020\/09\/HTV200CL.jpg\",\"contentUrl\":\"https:\/\/zamphelmets.co\/wp-content\/uploads\/2020\/09\/HTV200CL.jpg\",\"width\":1000,\"height\":1000,\"caption\":\"Zamp Top Vent Scoop Clear para Capacetes Zamp\"},{\"@type\":\"BreadcrumbList\",\"@id\":\"https:\/\/zamphelmets.co\/pt-pt\/produto\/escopa-de-ventilacao-superior-transparente\/#breadcrumb\",\"itemListElement\":[{\"@type\":\"ListItem\",\"position\":1,\"name\":\"Shop\",\"item\":\"https:\/\/zamphelmets.co\/pt-pt\/shop\/\"},{\"@type\":\"ListItem\",\"position\":2,\"name\":\"Escopa de ventila\u00e7\u00e3o superior transparente\"}]},{\"@type\":\"WebSite\",\"@id\":\"https:\/\/zamphelmets.co\/pt-pt\/#website\",\"url\":\"https:\/\/zamphelmets.co\/pt-pt\/\",\"name\":\"Zamp Helmets | Helmet 28 EU\",\"description\":\"High Quality Motorsport Helmets\",\"potentialAction\":[{\"@type\":\"SearchAction\",\"target\":{\"@type\":\"EntryPoint\",\"urlTemplate\":\"https:\/\/zamphelmets.co\/pt-pt\/?s={search_term_string}\"},\"query-input\":{\"@type\":\"PropertyValueSpecification\",\"valueRequired\":true,\"valueName\":\"search_term_string\"}}],\"inLanguage\":\"pt-PT\"}]}<\/script>\n<!-- \/ Yoast SEO plugin. -->","yoast_head_json":{"title":"Escopa de ventila\u00e7\u00e3o superior transparente para a Zamp Helmets - Zamp Helmets | Helmet 28 EU","description":"O Top Vent Scoop Clear pode ser instalado em todos os capacetes da gama Zamp que est\u00e3o equipados com o sistema de ar superior. Consulta a gama completa da Zamp para mais informa\u00e7\u00f5es.","robots":{"index":"index","follow":"follow","max-snippet":"max-snippet:-1","max-image-preview":"max-image-preview:large","max-video-preview":"max-video-preview:-1"},"canonical":"https:\/\/zamphelmets.co\/pt-pt\/produto\/escopa-de-ventilacao-superior-transparente\/","og_locale":"pt_PT","og_type":"article","og_title":"Escopa de ventila\u00e7\u00e3o superior transparente para a Zamp Helmets - Zamp Helmets | Helmet 28 EU","og_description":"O Top Vent Scoop Clear pode ser instalado em todos os capacetes da gama Zamp que est\u00e3o equipados com o sistema de ar superior. Consulta a gama completa da Zamp para mais informa\u00e7\u00f5es.","og_url":"https:\/\/zamphelmets.co\/pt-pt\/produto\/escopa-de-ventilacao-superior-transparente\/","og_site_name":"Zamp Helmets | Helmet 28 EU","article_modified_time":"2026-02-16T15:53:33+00:00","og_image":[{"width":1000,"height":1000,"url":"https:\/\/zamphelmets.co\/wp-content\/uploads\/2020\/09\/HTV200CL.jpg","type":"image\/jpeg"}],"twitter_card":"summary_large_image","schema":{"@context":"https:\/\/schema.org","@graph":[{"@type":"WebPage","@id":"https:\/\/zamphelmets.co\/pt-pt\/produto\/escopa-de-ventilacao-superior-transparente\/","url":"https:\/\/zamphelmets.co\/pt-pt\/produto\/escopa-de-ventilacao-superior-transparente\/","name":"Escopa de ventila\u00e7\u00e3o superior transparente para a Zamp Helmets - Zamp Helmets | Helmet 28 EU","isPartOf":{"@id":"https:\/\/zamphelmets.co\/pt-pt\/#website"},"primaryImageOfPage":{"@id":"https:\/\/zamphelmets.co\/pt-pt\/produto\/escopa-de-ventilacao-superior-transparente\/#primaryimage"},"image":{"@id":"https:\/\/zamphelmets.co\/pt-pt\/produto\/escopa-de-ventilacao-superior-transparente\/#primaryimage"},"thumbnailUrl":"https:\/\/zamphelmets.co\/wp-content\/uploads\/2020\/09\/HTV200CL.jpg","datePublished":"2022-02-18T14:29:23+00:00","dateModified":"2026-02-16T15:53:33+00:00","description":"O Top Vent Scoop Clear pode ser instalado em todos os capacetes da gama Zamp que est\u00e3o equipados com o sistema de ar superior. Consulta a gama completa da Zamp para mais informa\u00e7\u00f5es.","breadcrumb":{"@id":"https:\/\/zamphelmets.co\/pt-pt\/produto\/escopa-de-ventilacao-superior-transparente\/#breadcrumb"},"inLanguage":"pt-PT","potentialAction":[{"@type":"ReadAction","target":["https:\/\/zamphelmets.co\/pt-pt\/produto\/escopa-de-ventilacao-superior-transparente\/"]}]},{"@type":"ImageObject","inLanguage":"pt-PT","@id":"https:\/\/zamphelmets.co\/pt-pt\/produto\/escopa-de-ventilacao-superior-transparente\/#primaryimage","url":"https:\/\/zamphelmets.co\/wp-content\/uploads\/2020\/09\/HTV200CL.jpg","contentUrl":"https:\/\/zamphelmets.co\/wp-content\/uploads\/2020\/09\/HTV200CL.jpg","width":1000,"height":1000,"caption":"Zamp Top Vent Scoop Clear para Capacetes Zamp"},{"@type":"BreadcrumbList","@id":"https:\/\/zamphelmets.co\/pt-pt\/produto\/escopa-de-ventilacao-superior-transparente\/#breadcrumb","itemListElement":[{"@type":"ListItem","position":1,"name":"Shop","item":"https:\/\/zamphelmets.co\/pt-pt\/shop\/"},{"@type":"ListItem","position":2,"name":"Escopa de ventila\u00e7\u00e3o superior transparente"}]},{"@type":"WebSite","@id":"https:\/\/zamphelmets.co\/pt-pt\/#website","url":"https:\/\/zamphelmets.co\/pt-pt\/","name":"Zamp Helmets | Helmet 28 EU","description":"High Quality Motorsport Helmets","potentialAction":[{"@type":"SearchAction","target":{"@type":"EntryPoint","urlTemplate":"https:\/\/zamphelmets.co\/pt-pt\/?s={search_term_string}"},"query-input":{"@type":"PropertyValueSpecification","valueRequired":true,"valueName":"search_term_string"}}],"inLanguage":"pt-PT"}]}},"_links":{"self":[{"href":"https:\/\/zamphelmets.co\/pt-pt\/wp-json\/wp\/v2\/product\/22647","targetHints":{"allow":["GET"]}}],"collection":[{"href":"https:\/\/zamphelmets.co\/pt-pt\/wp-json\/wp\/v2\/product"}],"about":[{"href":"https:\/\/zamphelmets.co\/pt-pt\/wp-json\/wp\/v2\/types\/product"}],"replies":[{"embeddable":true,"href":"https:\/\/zamphelmets.co\/pt-pt\/wp-json\/wp\/v2\/comments?post=22647"}],"wp:featuredmedia":[{"embeddable":true,"href":"https:\/\/zamphelmets.co\/pt-pt\/wp-json\/wp\/v2\/media\/12418"}],"wp:attachment":[{"href":"https:\/\/zamphelmets.co\/pt-pt\/wp-json\/wp\/v2\/media?parent=22647"}],"wp:term":[{"taxonomy":"product_brand","embeddable":true,"href":"https:\/\/zamphelmets.co\/pt-pt\/wp-json\/wp\/v2\/product_brand?post=22647"},{"taxonomy":"product_cat","embeddable":true,"href":"https:\/\/zamphelmets.co\/pt-pt\/wp-json\/wp\/v2\/product_cat?post=22647"},{"taxonomy":"product_tag","embeddable":true,"href":"https:\/\/zamphelmets.co\/pt-pt\/wp-json\/wp\/v2\/product_tag?post=22647"}],"curies":[{"name":"wp","href":"https:\/\/api.w.org\/{rel}","templated":true}]}}