{"id":22470,"date":"2020-08-07T12:00:41","date_gmt":"2020-08-07T12:00:41","guid":{"rendered":"https:\/\/zamphelmets.co\/product\/rz-65d\/"},"modified":"2026-02-16T15:09:45","modified_gmt":"2026-02-16T15:09:45","slug":"rz-65d","status":"publish","type":"product","link":"https:\/\/zamphelmets.co\/pt-pt\/produto\/rz-65d\/","title":{"rendered":"RZ 65D"},"content":{"rendered":"<p><strong>O RZ-65D \u00e9 um capacete de carbono de alta qualidade capaz de executar uma s\u00e9rie de configura\u00e7\u00f5es de corrida diferentes. Com uma atraente trama de carbono espesso, ser\u00e1 notada em qualquer pista do mundo. Completa com a nova classifica\u00e7\u00e3o Snell SA2020 num tecido ultra-leve de fibra de carbono de grandes dimens\u00f5es, a RZ 65D oferece o m\u00e1ximo conforto e seguran\u00e7a para os condutores com tempo quente ou em longos per\u00edodos.<\/strong><\/p>\n<p><strong>As caracter\u00edsticas incluem:  <\/strong><\/p>\n<ul>\n<li>Concha com <strong>mistura de carbono de trama larga<\/strong> para uma concha super leve<\/li>\n<li><strong>Cortinas de queixo DUAL<\/strong> montadas na parte superior e inferior da barra de queixo. <strong>Ambas podem ser removidas (v\u00ea o v\u00eddeo abaixo)<\/strong><\/li>\n<li><strong>Aerodin\u00e2mica <\/strong>optimizada para uma maior estabilidade. Inclui spoiler traseiro<\/li>\n<li>O <strong>sistema Top Air <\/strong>permite-te utilizar ar natural, ar for\u00e7ado ou tomadas de ar<\/li>\n<li>Interior ultra-suave<strong>, <\/strong>amov\u00edvel\/lav\u00e1vel, com espuma EPS para o queixo<\/li>\n<li><strong>Escudo transparente de 3 mm da s\u00e9rie Z-20 <\/strong>com tensores Tear Offs Postes com centros de 12,25 usando Tear Offs estilo banana<\/li>\n<li><strong>Orif\u00edcio\/Plug de hidrata\u00e7\u00e3o<\/strong> \u00e0 frente e ao centro na barra de queixo para uma f\u00e1cil instala\u00e7\u00e3o. Retira a ficha para instalar o kit de hidrata\u00e7\u00e3o acess\u00f3rio.<\/li>\n<li><strong>Copos para os ouvidos e almofadas para os ouvidos<\/strong> para proporcionar ao condutor um ambiente mais silencioso para ouvires o que precisas de ouvir. Integra\u00e7\u00e3o f\u00e1cil do equipamento de comunica\u00e7\u00e3o com o EPS para as bochechas e o Comfort Liner.<\/li>\n<li><strong>Inser\u00e7\u00f5es M6<\/strong> para apoios de cabe\u00e7a e pesco\u00e7o<\/li>\n<li><strong>Aprova\u00e7\u00e3o Snell SA2020<\/strong><\/li>\n<li><strong>Peso: aproximadamente 1360 g +\/-20 g no tamanho M<\/strong><\/li>\n<\/ul>\n<p>Como \u00e9 comum nos desportos motorizados, o nosso tamanho varia consoante o modelo do capacete. Para saberes mais sobre como dimensionar o teu capacete, <a href=\"https:\/\/zamphelmets.co\/pt-pt\/como-escolher-o-tamanho-correto-do-capacete\/\">consulta aqui<\/a>.<\/p>\n<p>A saia para o queixo e os deflectores de respira\u00e7\u00e3o podem ser facilmente removidos. V\u00ea o v\u00eddeo aqui para saberes como instalar, pois tamb\u00e9m fornece um guia para a remo\u00e7\u00e3o:<\/p>\n<p><iframe title=\"How to Install the Fabric Breath Deflector\/Chin Curtain on your Zamp Helmet\" width=\"500\" height=\"281\" data-src=\"https:\/\/www.youtube.com\/embed\/aKc17YTgtSA?start=32&#038;feature=oembed\" frameborder=\"0\" allow=\"accelerometer; autoplay; clipboard-write; encrypted-media; gyroscope; picture-in-picture; web-share\" referrerpolicy=\"strict-origin-when-cross-origin\" allowfullscreen src=\"data:image\/svg+xml;base64,PHN2ZyB3aWR0aD0iMSIgaGVpZ2h0PSIxIiB4bWxucz0iaHR0cDovL3d3dy53My5vcmcvMjAwMC9zdmciPjwvc3ZnPg==\" class=\"lazyload\" data-load-mode=\"1\"><\/iframe><\/p>\n<p><a href=\"https:\/\/zamphelmets.co\/pt-pt\/explicacao-da-homologacao\/\"><strong>Homologa\u00e7\u00e3o explicada<\/strong> &#8211; descobre de que homologa\u00e7\u00e3o precisas<\/a><\/p>\n<p><a href=\"https:\/\/zamphelmets.co\/pt-pt\/postes-hans-dispositivos-hans-e-fhr\/\"><strong>Dispositivo FHR \/ HANS<\/strong> &#8211; quando \u00e9 que \u00e9 necess\u00e1rio?<\/a><\/p>\n<p>&nbsp;<\/p>\n<p><img decoding=\"async\" class=\"alignnone wp-image-26355 size-full lazyload\" data-src=\"https:\/\/zamphelmets.co\/wp-content\/uploads\/2024\/03\/Zamp-Helmets-sizing-guide-4166-x-4166-px-1.png\" alt=\"\" width=\"500\" height=\"500\" data-srcset=\"https:\/\/zamphelmets.co\/wp-content\/uploads\/2024\/03\/Zamp-Helmets-sizing-guide-4166-x-4166-px-1.png 500w, https:\/\/zamphelmets.co\/wp-content\/uploads\/2024\/03\/Zamp-Helmets-sizing-guide-4166-x-4166-px-1-300x300.png 300w, https:\/\/zamphelmets.co\/wp-content\/uploads\/2024\/03\/Zamp-Helmets-sizing-guide-4166-x-4166-px-1-150x150.png 150w, https:\/\/zamphelmets.co\/wp-content\/uploads\/2024\/03\/Zamp-Helmets-sizing-guide-4166-x-4166-px-1-100x100.png 100w\" data-sizes=\"(max-width: 500px) 100vw, 500px\" src=\"data:image\/svg+xml;base64,PHN2ZyB3aWR0aD0iMSIgaGVpZ2h0PSIxIiB4bWxucz0iaHR0cDovL3d3dy53My5vcmcvMjAwMC9zdmciPjwvc3ZnPg==\" style=\"--smush-placeholder-width: 500px; --smush-placeholder-aspect-ratio: 500\/500;\" \/><\/p>\n<div id=\"product-10089\" class=\"product type-product post-10089 status-publish first instock product_cat-fia product_cat-snell-2020-sa2020 product_cat-zamp has-post-thumbnail taxable shipping-taxable purchasable product-type-variable\">\n<div class=\"woocommerce-tabs wc-tabs-wrapper\">\n<div id=\"tab-description\" class=\"woocommerce-Tabs-panel woocommerce-Tabs-panel--description panel entry-content wc-tab\" role=\"tabpanel\" aria-labelledby=\"tab-title-description\">\n<p><strong>N\u00e3o tens a certeza do tamanho? <\/strong> Preenche<a href=\"https:\/\/form.jotform.com\/251263198513053\">o nosso formul\u00e1rio de tamanhos<\/a> e um membro da nossa equipa entrar\u00e1 em contacto contigo com as nossas recomenda\u00e7\u00f5es.<\/p>\n<\/div>\n<\/div>\n<\/div>\n","protected":false},"excerpt":{"rendered":"<p><strong>O RZ-65D da Zamp \u00e9 um capacete de carbono de alta qualidade capaz de executar uma s\u00e9rie de configura\u00e7\u00f5es de corrida diferentes. Com uma atraente trama de carbono espesso, ser\u00e1 notada em qualquer pista do mundo. Completa com a nova classifica\u00e7\u00e3o Snell SA2020 num tecido ultra-leve de fibra de carbono de grandes dimens\u00f5es, a RZ 65D oferece o m\u00e1ximo conforto e seguran\u00e7a para os condutores com tempo quente ou em longos per\u00edodos.  <\/strong><\/p>\n","protected":false},"featured_media":11970,"comment_status":"open","ping_status":"closed","template":"","meta":{"_acf_changed":false,"_iconic_wsb_product_page_order_bump_ids":[[]],"_sku":[],"_iconic_wsb_product_page_bump_modal_ids":[[]]},"product_brand":[],"product_cat":[148,151,150,149,136],"product_tag":[],"class_list":{"0":"post-22470","1":"product","2":"type-product","3":"status-publish","4":"has-post-thumbnail","6":"product_cat-capacetes-zamp","7":"product_cat-premio","8":"product_cat-snell-pt-pt","9":"product_cat-snell-2020-sa2020-pt-pt","10":"product_cat-zamp-pt-pt","12":"first","13":"outofstock","14":"taxable","15":"shipping-taxable","16":"product-type-variable"},"acf":[],"yoast_head":"<!-- This site is optimized with the Yoast SEO plugin v27.0 - https:\/\/yoast.com\/product\/yoast-seo-wordpress\/ -->\n<title>RZ 65D - Zamp Helmets | Helmet 28 EU - Atrativo tecido de carbono espesso<\/title>\n<meta name=\"description\" content=\"O RZ-65D \u00e9 um capacete de carbono de qualidade superior com homologa\u00e7\u00e3o SA2020. Um design de tecido de carbono incrivelmente espesso, que n\u00e3o deixar\u00e1 de ser notado em qualquer pista do mundo.\" \/>\n<meta name=\"robots\" content=\"index, follow, max-snippet:-1, max-image-preview:large, max-video-preview:-1\" \/>\n<link rel=\"canonical\" href=\"https:\/\/zamphelmets.co\/pt-pt\/produto\/rz-65d\/\" \/>\n<meta property=\"og:locale\" content=\"pt_PT\" \/>\n<meta property=\"og:type\" content=\"article\" \/>\n<meta property=\"og:title\" content=\"RZ 65D - Zamp Helmets | Helmet 28 EU - Atrativo tecido de carbono espesso\" \/>\n<meta property=\"og:description\" content=\"O RZ-65D \u00e9 um capacete de carbono de qualidade superior com homologa\u00e7\u00e3o SA2020. Um design de tecido de carbono incrivelmente espesso, que n\u00e3o deixar\u00e1 de ser notado em qualquer pista do mundo.\" \/>\n<meta property=\"og:url\" content=\"https:\/\/zamphelmets.co\/pt-pt\/produto\/rz-65d\/\" \/>\n<meta property=\"og:site_name\" content=\"Zamp Helmets | Helmet 28 EU\" \/>\n<meta property=\"article:modified_time\" content=\"2026-02-16T15:09:45+00:00\" \/>\n<meta property=\"og:image\" content=\"https:\/\/zamphelmets.co\/wp-content\/uploads\/2020\/08\/PHVNFawhRyihuCOyCPvc_H775CA3.jpg\" \/>\n\t<meta property=\"og:image:width\" content=\"1500\" \/>\n\t<meta property=\"og:image:height\" content=\"1500\" \/>\n\t<meta property=\"og:image:type\" content=\"image\/jpeg\" \/>\n<meta name=\"twitter:card\" content=\"summary_large_image\" \/>\n<meta name=\"twitter:label1\" content=\"Est. reading time\" \/>\n\t<meta name=\"twitter:data1\" content=\"2 minutos\" \/>\n<script type=\"application\/ld+json\" class=\"yoast-schema-graph\">{\"@context\":\"https:\/\/schema.org\",\"@graph\":[{\"@type\":\"WebPage\",\"@id\":\"https:\/\/zamphelmets.co\/pt-pt\/produto\/rz-65d\/\",\"url\":\"https:\/\/zamphelmets.co\/pt-pt\/produto\/rz-65d\/\",\"name\":\"RZ 65D - Zamp Helmets | Helmet 28 EU - Atrativo tecido de carbono espesso\",\"isPartOf\":{\"@id\":\"https:\/\/zamphelmets.co\/pt-pt\/#website\"},\"primaryImageOfPage\":{\"@id\":\"https:\/\/zamphelmets.co\/pt-pt\/produto\/rz-65d\/#primaryimage\"},\"image\":{\"@id\":\"https:\/\/zamphelmets.co\/pt-pt\/produto\/rz-65d\/#primaryimage\"},\"thumbnailUrl\":\"https:\/\/zamphelmets.co\/wp-content\/uploads\/2020\/08\/PHVNFawhRyihuCOyCPvc_H775CA3.jpg\",\"datePublished\":\"2020-08-07T12:00:41+00:00\",\"dateModified\":\"2026-02-16T15:09:45+00:00\",\"description\":\"O RZ-65D \u00e9 um capacete de carbono de qualidade superior com homologa\u00e7\u00e3o SA2020. Um design de tecido de carbono incrivelmente espesso, que n\u00e3o deixar\u00e1 de ser notado em qualquer pista do mundo.\",\"breadcrumb\":{\"@id\":\"https:\/\/zamphelmets.co\/pt-pt\/produto\/rz-65d\/#breadcrumb\"},\"inLanguage\":\"pt-PT\",\"potentialAction\":[{\"@type\":\"ReadAction\",\"target\":[\"https:\/\/zamphelmets.co\/pt-pt\/produto\/rz-65d\/\"]}]},{\"@type\":\"ImageObject\",\"inLanguage\":\"pt-PT\",\"@id\":\"https:\/\/zamphelmets.co\/pt-pt\/produto\/rz-65d\/#primaryimage\",\"url\":\"https:\/\/zamphelmets.co\/wp-content\/uploads\/2020\/08\/PHVNFawhRyihuCOyCPvc_H775CA3.jpg\",\"contentUrl\":\"https:\/\/zamphelmets.co\/wp-content\/uploads\/2020\/08\/PHVNFawhRyihuCOyCPvc_H775CA3.jpg\",\"width\":1500,\"height\":1500,\"caption\":\"Capacete de corrida RZ 65D Carbono\"},{\"@type\":\"BreadcrumbList\",\"@id\":\"https:\/\/zamphelmets.co\/pt-pt\/produto\/rz-65d\/#breadcrumb\",\"itemListElement\":[{\"@type\":\"ListItem\",\"position\":1,\"name\":\"Shop\",\"item\":\"https:\/\/zamphelmets.co\/pt-pt\/shop\/\"},{\"@type\":\"ListItem\",\"position\":2,\"name\":\"RZ 65D\"}]},{\"@type\":\"WebSite\",\"@id\":\"https:\/\/zamphelmets.co\/pt-pt\/#website\",\"url\":\"https:\/\/zamphelmets.co\/pt-pt\/\",\"name\":\"Zamp Helmets | Helmet 28 EU\",\"description\":\"High Quality Motorsport Helmets\",\"potentialAction\":[{\"@type\":\"SearchAction\",\"target\":{\"@type\":\"EntryPoint\",\"urlTemplate\":\"https:\/\/zamphelmets.co\/pt-pt\/?s={search_term_string}\"},\"query-input\":{\"@type\":\"PropertyValueSpecification\",\"valueRequired\":true,\"valueName\":\"search_term_string\"}}],\"inLanguage\":\"pt-PT\"}]}<\/script>\n<!-- \/ Yoast SEO plugin. -->","yoast_head_json":{"title":"RZ 65D - Zamp Helmets | Helmet 28 EU - Atrativo tecido de carbono espesso","description":"O RZ-65D \u00e9 um capacete de carbono de qualidade superior com homologa\u00e7\u00e3o SA2020. Um design de tecido de carbono incrivelmente espesso, que n\u00e3o deixar\u00e1 de ser notado em qualquer pista do mundo.","robots":{"index":"index","follow":"follow","max-snippet":"max-snippet:-1","max-image-preview":"max-image-preview:large","max-video-preview":"max-video-preview:-1"},"canonical":"https:\/\/zamphelmets.co\/pt-pt\/produto\/rz-65d\/","og_locale":"pt_PT","og_type":"article","og_title":"RZ 65D - Zamp Helmets | Helmet 28 EU - Atrativo tecido de carbono espesso","og_description":"O RZ-65D \u00e9 um capacete de carbono de qualidade superior com homologa\u00e7\u00e3o SA2020. Um design de tecido de carbono incrivelmente espesso, que n\u00e3o deixar\u00e1 de ser notado em qualquer pista do mundo.","og_url":"https:\/\/zamphelmets.co\/pt-pt\/produto\/rz-65d\/","og_site_name":"Zamp Helmets | Helmet 28 EU","article_modified_time":"2026-02-16T15:09:45+00:00","og_image":[{"width":1500,"height":1500,"url":"https:\/\/zamphelmets.co\/wp-content\/uploads\/2020\/08\/PHVNFawhRyihuCOyCPvc_H775CA3.jpg","type":"image\/jpeg"}],"twitter_card":"summary_large_image","twitter_misc":{"Est. reading time":"2 minutos"},"schema":{"@context":"https:\/\/schema.org","@graph":[{"@type":"WebPage","@id":"https:\/\/zamphelmets.co\/pt-pt\/produto\/rz-65d\/","url":"https:\/\/zamphelmets.co\/pt-pt\/produto\/rz-65d\/","name":"RZ 65D - Zamp Helmets | Helmet 28 EU - Atrativo tecido de carbono espesso","isPartOf":{"@id":"https:\/\/zamphelmets.co\/pt-pt\/#website"},"primaryImageOfPage":{"@id":"https:\/\/zamphelmets.co\/pt-pt\/produto\/rz-65d\/#primaryimage"},"image":{"@id":"https:\/\/zamphelmets.co\/pt-pt\/produto\/rz-65d\/#primaryimage"},"thumbnailUrl":"https:\/\/zamphelmets.co\/wp-content\/uploads\/2020\/08\/PHVNFawhRyihuCOyCPvc_H775CA3.jpg","datePublished":"2020-08-07T12:00:41+00:00","dateModified":"2026-02-16T15:09:45+00:00","description":"O RZ-65D \u00e9 um capacete de carbono de qualidade superior com homologa\u00e7\u00e3o SA2020. Um design de tecido de carbono incrivelmente espesso, que n\u00e3o deixar\u00e1 de ser notado em qualquer pista do mundo.","breadcrumb":{"@id":"https:\/\/zamphelmets.co\/pt-pt\/produto\/rz-65d\/#breadcrumb"},"inLanguage":"pt-PT","potentialAction":[{"@type":"ReadAction","target":["https:\/\/zamphelmets.co\/pt-pt\/produto\/rz-65d\/"]}]},{"@type":"ImageObject","inLanguage":"pt-PT","@id":"https:\/\/zamphelmets.co\/pt-pt\/produto\/rz-65d\/#primaryimage","url":"https:\/\/zamphelmets.co\/wp-content\/uploads\/2020\/08\/PHVNFawhRyihuCOyCPvc_H775CA3.jpg","contentUrl":"https:\/\/zamphelmets.co\/wp-content\/uploads\/2020\/08\/PHVNFawhRyihuCOyCPvc_H775CA3.jpg","width":1500,"height":1500,"caption":"Capacete de corrida RZ 65D Carbono"},{"@type":"BreadcrumbList","@id":"https:\/\/zamphelmets.co\/pt-pt\/produto\/rz-65d\/#breadcrumb","itemListElement":[{"@type":"ListItem","position":1,"name":"Shop","item":"https:\/\/zamphelmets.co\/pt-pt\/shop\/"},{"@type":"ListItem","position":2,"name":"RZ 65D"}]},{"@type":"WebSite","@id":"https:\/\/zamphelmets.co\/pt-pt\/#website","url":"https:\/\/zamphelmets.co\/pt-pt\/","name":"Zamp Helmets | Helmet 28 EU","description":"High Quality Motorsport Helmets","potentialAction":[{"@type":"SearchAction","target":{"@type":"EntryPoint","urlTemplate":"https:\/\/zamphelmets.co\/pt-pt\/?s={search_term_string}"},"query-input":{"@type":"PropertyValueSpecification","valueRequired":true,"valueName":"search_term_string"}}],"inLanguage":"pt-PT"}]}},"_links":{"self":[{"href":"https:\/\/zamphelmets.co\/pt-pt\/wp-json\/wp\/v2\/product\/22470","targetHints":{"allow":["GET"]}}],"collection":[{"href":"https:\/\/zamphelmets.co\/pt-pt\/wp-json\/wp\/v2\/product"}],"about":[{"href":"https:\/\/zamphelmets.co\/pt-pt\/wp-json\/wp\/v2\/types\/product"}],"replies":[{"embeddable":true,"href":"https:\/\/zamphelmets.co\/pt-pt\/wp-json\/wp\/v2\/comments?post=22470"}],"wp:featuredmedia":[{"embeddable":true,"href":"https:\/\/zamphelmets.co\/pt-pt\/wp-json\/wp\/v2\/media\/11970"}],"wp:attachment":[{"href":"https:\/\/zamphelmets.co\/pt-pt\/wp-json\/wp\/v2\/media?parent=22470"}],"wp:term":[{"taxonomy":"product_brand","embeddable":true,"href":"https:\/\/zamphelmets.co\/pt-pt\/wp-json\/wp\/v2\/product_brand?post=22470"},{"taxonomy":"product_cat","embeddable":true,"href":"https:\/\/zamphelmets.co\/pt-pt\/wp-json\/wp\/v2\/product_cat?post=22470"},{"taxonomy":"product_tag","embeddable":true,"href":"https:\/\/zamphelmets.co\/pt-pt\/wp-json\/wp\/v2\/product_tag?post=22470"}],"curies":[{"name":"wp","href":"https:\/\/api.w.org\/{rel}","templated":true}]}}