{"id":22462,"date":"2022-02-19T16:39:18","date_gmt":"2022-02-19T16:39:18","guid":{"rendered":"https:\/\/zamphelmets.co\/product\/chin-spoiler\/"},"modified":"2026-02-16T15:58:54","modified_gmt":"2026-02-16T15:58:54","slug":"chin-spoiler","status":"publish","type":"product","link":"https:\/\/zamphelmets.co\/pt-pt\/produto\/chin-spoiler\/","title":{"rendered":"Chin Spoiler"},"content":{"rendered":"<p>O Chin Spoiler \u00e9 perfeito para corridas de cock-pit aberto para evitar que o capacete se levante a alta velocidade e para reduzir a resist\u00eancia. Isto far\u00e1 com que as tens\u00f5es e as for\u00e7as sobre a tua cabe\u00e7a e pesco\u00e7o sejam drasticamente reduzidas ao longo de uma corrida ou de uma sess\u00e3o.<\/p>\n<p>O Chin Spoiler \u00e9 compat\u00edvel com os seguintes capacetes:<\/p>\n<ul>\n<li>Gr\u00e1ficos RZ 44CE \/ RZ 44CE<\/li>\n<li>RZ 70E<\/li>\n<li>RZ 65D \/ RZ 65D Cinzento\/Preto<\/li>\n<li>RZ 62<\/li>\n<\/ul>\n<p><iframe title=\"Leitor de v\u00eddeo do YouTube\" data-src=\"https:\/\/www.youtube.com\/embed\/O3_PtsyDxTA\" width=\"560\" height=\"315\" frameborder=\"0\" allowfullscreen=\"allowfullscreen\" src=\"data:image\/svg+xml;base64,PHN2ZyB3aWR0aD0iMSIgaGVpZ2h0PSIxIiB4bWxucz0iaHR0cDovL3d3dy53My5vcmcvMjAwMC9zdmciPjwvc3ZnPg==\" class=\"lazyload\" data-load-mode=\"1\"><\/iframe><\/p>\n","protected":false},"excerpt":{"rendered":"<p>O Chin Spoiler \u00e9 perfeito para corridas de cock-pit aberto para evitar que o capacete se levante a alta velocidade e para reduzir a resist\u00eancia. Isto far\u00e1 com que as tens\u00f5es e as for\u00e7as sobre a tua cabe\u00e7a e pesco\u00e7o sejam drasticamente reduzidas ao longo de uma corrida ou de uma sess\u00e3o. O Chin Spoiler [&hellip;]<\/p>\n","protected":false},"featured_media":12369,"comment_status":"open","ping_status":"closed","template":"","meta":{"_acf_changed":false,"_iconic_wsb_product_page_order_bump_ids":[],"_sku":["HSZ210CL"],"_iconic_wsb_product_page_bump_modal_ids":[]},"product_brand":[],"product_cat":[137,138,136],"product_tag":[],"class_list":{"0":"post-22462","1":"product","2":"type-product","3":"status-publish","4":"has-post-thumbnail","6":"product_cat-acessorios","7":"product_cat-acessorios-para-capacetes","8":"product_cat-zamp-pt-pt","10":"first","11":"onbackorder","12":"taxable","13":"shipping-taxable","14":"purchasable","15":"product-type-simple"},"acf":[],"yoast_head":"<!-- This site is optimized with the Yoast SEO plugin v27.0 - https:\/\/yoast.com\/product\/yoast-seo-wordpress\/ -->\n<title>Chin Spoiler for Capacetes de corrida \u20ac24.99 - Zamp Helmets | Helmet 28 EU<\/title>\n<meta name=\"description\" content=\"O Chin Spoiler \u00e9 perfeito para corridas de cock-pit aberto para evitar que o capacete se levante a alta velocidade e para reduzir a resist\u00eancia.\" \/>\n<meta name=\"robots\" content=\"index, follow, max-snippet:-1, max-image-preview:large, max-video-preview:-1\" \/>\n<link rel=\"canonical\" href=\"https:\/\/zamphelmets.co\/pt-pt\/produto\/chin-spoiler\/\" \/>\n<meta property=\"og:locale\" content=\"pt_PT\" \/>\n<meta property=\"og:type\" content=\"article\" \/>\n<meta property=\"og:title\" content=\"Chin Spoiler for Capacetes de corrida \u20ac24.99 - Zamp Helmets | Helmet 28 EU\" \/>\n<meta property=\"og:description\" content=\"O Chin Spoiler \u00e9 perfeito para corridas de cock-pit aberto para evitar que o capacete se levante a alta velocidade e para reduzir a resist\u00eancia.\" \/>\n<meta property=\"og:url\" content=\"https:\/\/zamphelmets.co\/pt-pt\/produto\/chin-spoiler\/\" \/>\n<meta property=\"og:site_name\" content=\"Zamp Helmets | Helmet 28 EU\" \/>\n<meta property=\"article:modified_time\" content=\"2026-02-16T15:58:54+00:00\" \/>\n<meta property=\"og:image\" content=\"https:\/\/zamphelmets.co\/wp-content\/uploads\/2020\/08\/mPxzSzaATTy9bX8I8AvZ_HSZ210CL_89a84e9d-3ee0-4c97-8a12-a1e8fd5bee45.jpg\" \/>\n\t<meta property=\"og:image:width\" content=\"1000\" \/>\n\t<meta property=\"og:image:height\" content=\"1000\" \/>\n\t<meta property=\"og:image:type\" content=\"image\/jpeg\" \/>\n<meta name=\"twitter:card\" content=\"summary_large_image\" \/>\n<script type=\"application\/ld+json\" class=\"yoast-schema-graph\">{\"@context\":\"https:\/\/schema.org\",\"@graph\":[{\"@type\":\"WebPage\",\"@id\":\"https:\/\/zamphelmets.co\/pt-pt\/produto\/chin-spoiler\/\",\"url\":\"https:\/\/zamphelmets.co\/pt-pt\/produto\/chin-spoiler\/\",\"name\":\"Chin Spoiler for Capacetes de corrida \u20ac24.99 - Zamp Helmets | Helmet 28 EU\",\"isPartOf\":{\"@id\":\"https:\/\/zamphelmets.co\/pt-pt\/#website\"},\"primaryImageOfPage\":{\"@id\":\"https:\/\/zamphelmets.co\/pt-pt\/produto\/chin-spoiler\/#primaryimage\"},\"image\":{\"@id\":\"https:\/\/zamphelmets.co\/pt-pt\/produto\/chin-spoiler\/#primaryimage\"},\"thumbnailUrl\":\"https:\/\/zamphelmets.co\/wp-content\/uploads\/2020\/08\/mPxzSzaATTy9bX8I8AvZ_HSZ210CL_89a84e9d-3ee0-4c97-8a12-a1e8fd5bee45.jpg\",\"datePublished\":\"2022-02-19T16:39:18+00:00\",\"dateModified\":\"2026-02-16T15:58:54+00:00\",\"description\":\"O Chin Spoiler \u00e9 perfeito para corridas de cock-pit aberto para evitar que o capacete se levante a alta velocidade e para reduzir a resist\u00eancia.\",\"breadcrumb\":{\"@id\":\"https:\/\/zamphelmets.co\/pt-pt\/produto\/chin-spoiler\/#breadcrumb\"},\"inLanguage\":\"pt-PT\",\"potentialAction\":[{\"@type\":\"ReadAction\",\"target\":[\"https:\/\/zamphelmets.co\/pt-pt\/produto\/chin-spoiler\/\"]}]},{\"@type\":\"ImageObject\",\"inLanguage\":\"pt-PT\",\"@id\":\"https:\/\/zamphelmets.co\/pt-pt\/produto\/chin-spoiler\/#primaryimage\",\"url\":\"https:\/\/zamphelmets.co\/wp-content\/uploads\/2020\/08\/mPxzSzaATTy9bX8I8AvZ_HSZ210CL_89a84e9d-3ee0-4c97-8a12-a1e8fd5bee45.jpg\",\"contentUrl\":\"https:\/\/zamphelmets.co\/wp-content\/uploads\/2020\/08\/mPxzSzaATTy9bX8I8AvZ_HSZ210CL_89a84e9d-3ee0-4c97-8a12-a1e8fd5bee45.jpg\",\"width\":1000,\"height\":1000,\"caption\":\"Spoiler de queixo para capacetes de corrida da Zamp Helmets\"},{\"@type\":\"BreadcrumbList\",\"@id\":\"https:\/\/zamphelmets.co\/pt-pt\/produto\/chin-spoiler\/#breadcrumb\",\"itemListElement\":[{\"@type\":\"ListItem\",\"position\":1,\"name\":\"Shop\",\"item\":\"https:\/\/zamphelmets.co\/pt-pt\/shop\/\"},{\"@type\":\"ListItem\",\"position\":2,\"name\":\"Chin Spoiler\"}]},{\"@type\":\"WebSite\",\"@id\":\"https:\/\/zamphelmets.co\/pt-pt\/#website\",\"url\":\"https:\/\/zamphelmets.co\/pt-pt\/\",\"name\":\"Zamp Helmets | Helmet 28 EU\",\"description\":\"High Quality Motorsport Helmets\",\"potentialAction\":[{\"@type\":\"SearchAction\",\"target\":{\"@type\":\"EntryPoint\",\"urlTemplate\":\"https:\/\/zamphelmets.co\/pt-pt\/?s={search_term_string}\"},\"query-input\":{\"@type\":\"PropertyValueSpecification\",\"valueRequired\":true,\"valueName\":\"search_term_string\"}}],\"inLanguage\":\"pt-PT\"}]}<\/script>\n<!-- \/ Yoast SEO plugin. -->","yoast_head_json":{"title":"Chin Spoiler for Capacetes de corrida \u20ac24.99 - Zamp Helmets | Helmet 28 EU","description":"O Chin Spoiler \u00e9 perfeito para corridas de cock-pit aberto para evitar que o capacete se levante a alta velocidade e para reduzir a resist\u00eancia.","robots":{"index":"index","follow":"follow","max-snippet":"max-snippet:-1","max-image-preview":"max-image-preview:large","max-video-preview":"max-video-preview:-1"},"canonical":"https:\/\/zamphelmets.co\/pt-pt\/produto\/chin-spoiler\/","og_locale":"pt_PT","og_type":"article","og_title":"Chin Spoiler for Capacetes de corrida \u20ac24.99 - Zamp Helmets | Helmet 28 EU","og_description":"O Chin Spoiler \u00e9 perfeito para corridas de cock-pit aberto para evitar que o capacete se levante a alta velocidade e para reduzir a resist\u00eancia.","og_url":"https:\/\/zamphelmets.co\/pt-pt\/produto\/chin-spoiler\/","og_site_name":"Zamp Helmets | Helmet 28 EU","article_modified_time":"2026-02-16T15:58:54+00:00","og_image":[{"width":1000,"height":1000,"url":"https:\/\/zamphelmets.co\/wp-content\/uploads\/2020\/08\/mPxzSzaATTy9bX8I8AvZ_HSZ210CL_89a84e9d-3ee0-4c97-8a12-a1e8fd5bee45.jpg","type":"image\/jpeg"}],"twitter_card":"summary_large_image","schema":{"@context":"https:\/\/schema.org","@graph":[{"@type":"WebPage","@id":"https:\/\/zamphelmets.co\/pt-pt\/produto\/chin-spoiler\/","url":"https:\/\/zamphelmets.co\/pt-pt\/produto\/chin-spoiler\/","name":"Chin Spoiler for Capacetes de corrida \u20ac24.99 - Zamp Helmets | Helmet 28 EU","isPartOf":{"@id":"https:\/\/zamphelmets.co\/pt-pt\/#website"},"primaryImageOfPage":{"@id":"https:\/\/zamphelmets.co\/pt-pt\/produto\/chin-spoiler\/#primaryimage"},"image":{"@id":"https:\/\/zamphelmets.co\/pt-pt\/produto\/chin-spoiler\/#primaryimage"},"thumbnailUrl":"https:\/\/zamphelmets.co\/wp-content\/uploads\/2020\/08\/mPxzSzaATTy9bX8I8AvZ_HSZ210CL_89a84e9d-3ee0-4c97-8a12-a1e8fd5bee45.jpg","datePublished":"2022-02-19T16:39:18+00:00","dateModified":"2026-02-16T15:58:54+00:00","description":"O Chin Spoiler \u00e9 perfeito para corridas de cock-pit aberto para evitar que o capacete se levante a alta velocidade e para reduzir a resist\u00eancia.","breadcrumb":{"@id":"https:\/\/zamphelmets.co\/pt-pt\/produto\/chin-spoiler\/#breadcrumb"},"inLanguage":"pt-PT","potentialAction":[{"@type":"ReadAction","target":["https:\/\/zamphelmets.co\/pt-pt\/produto\/chin-spoiler\/"]}]},{"@type":"ImageObject","inLanguage":"pt-PT","@id":"https:\/\/zamphelmets.co\/pt-pt\/produto\/chin-spoiler\/#primaryimage","url":"https:\/\/zamphelmets.co\/wp-content\/uploads\/2020\/08\/mPxzSzaATTy9bX8I8AvZ_HSZ210CL_89a84e9d-3ee0-4c97-8a12-a1e8fd5bee45.jpg","contentUrl":"https:\/\/zamphelmets.co\/wp-content\/uploads\/2020\/08\/mPxzSzaATTy9bX8I8AvZ_HSZ210CL_89a84e9d-3ee0-4c97-8a12-a1e8fd5bee45.jpg","width":1000,"height":1000,"caption":"Spoiler de queixo para capacetes de corrida da Zamp Helmets"},{"@type":"BreadcrumbList","@id":"https:\/\/zamphelmets.co\/pt-pt\/produto\/chin-spoiler\/#breadcrumb","itemListElement":[{"@type":"ListItem","position":1,"name":"Shop","item":"https:\/\/zamphelmets.co\/pt-pt\/shop\/"},{"@type":"ListItem","position":2,"name":"Chin Spoiler"}]},{"@type":"WebSite","@id":"https:\/\/zamphelmets.co\/pt-pt\/#website","url":"https:\/\/zamphelmets.co\/pt-pt\/","name":"Zamp Helmets | Helmet 28 EU","description":"High Quality Motorsport Helmets","potentialAction":[{"@type":"SearchAction","target":{"@type":"EntryPoint","urlTemplate":"https:\/\/zamphelmets.co\/pt-pt\/?s={search_term_string}"},"query-input":{"@type":"PropertyValueSpecification","valueRequired":true,"valueName":"search_term_string"}}],"inLanguage":"pt-PT"}]}},"_links":{"self":[{"href":"https:\/\/zamphelmets.co\/pt-pt\/wp-json\/wp\/v2\/product\/22462","targetHints":{"allow":["GET"]}}],"collection":[{"href":"https:\/\/zamphelmets.co\/pt-pt\/wp-json\/wp\/v2\/product"}],"about":[{"href":"https:\/\/zamphelmets.co\/pt-pt\/wp-json\/wp\/v2\/types\/product"}],"replies":[{"embeddable":true,"href":"https:\/\/zamphelmets.co\/pt-pt\/wp-json\/wp\/v2\/comments?post=22462"}],"wp:featuredmedia":[{"embeddable":true,"href":"https:\/\/zamphelmets.co\/pt-pt\/wp-json\/wp\/v2\/media\/12369"}],"wp:attachment":[{"href":"https:\/\/zamphelmets.co\/pt-pt\/wp-json\/wp\/v2\/media?parent=22462"}],"wp:term":[{"taxonomy":"product_brand","embeddable":true,"href":"https:\/\/zamphelmets.co\/pt-pt\/wp-json\/wp\/v2\/product_brand?post=22462"},{"taxonomy":"product_cat","embeddable":true,"href":"https:\/\/zamphelmets.co\/pt-pt\/wp-json\/wp\/v2\/product_cat?post=22462"},{"taxonomy":"product_tag","embeddable":true,"href":"https:\/\/zamphelmets.co\/pt-pt\/wp-json\/wp\/v2\/product_tag?post=22462"}],"curies":[{"name":"wp","href":"https:\/\/api.w.org\/{rel}","templated":true}]}}