{"id":206997,"date":"2026-01-26T11:24:16","date_gmt":"2026-01-26T11:24:16","guid":{"rendered":"https:\/\/zamphelmets.co\/product\/unleash-vermelho\/"},"modified":"2026-02-27T11:17:05","modified_gmt":"2026-02-27T11:17:05","slug":"unleash-vermelho","status":"publish","type":"product","link":"https:\/\/zamphelmets.co\/pt-pt\/produto\/unleash-vermelho\/","title":{"rendered":"UNLEASH &#8211; Vermelho"},"content":{"rendered":"<p data-start=\"561\" data-end=\"923\">Desenvolvidas com <strong data-start=\"577\" data-end=\"595\">costuras externas<\/strong>, um <strong data-start=\"600\" data-end=\"628\">ajuste ergon\u00f3mico pr\u00e9-curvado<\/strong> e a assinatura <strong data-start=\"648\" data-end=\"665\">ponta do dedo vermelha<\/strong> que define a 32Five, cada par \u00e9 feito para render e para se destacar. A parte superior leve e respir\u00e1vel mant\u00e9m as tuas m\u00e3os frescas sob press\u00e3o, enquanto a avan\u00e7ada <strong data-start=\"831\" data-end=\"860\">tecnologia de palma DriveSkin<\/strong> garante sensa\u00e7\u00e3o de dire\u00e7\u00e3o imbat\u00edvel, precis\u00e3o e durabilidade. <\/p>\n<p data-start=\"925\" data-end=\"1081\">Nascidas da paix\u00e3o e apuradas pela performance, <strong data-start=\"976\" data-end=\"1038\">as luvas 32Five tornaram-se uma refer\u00eancia no mundo do karting<\/strong> \u2014 e a UNLEASH vai ainda mais longe.<\/p>\n<ul>\n<li data-start=\"1083\" data-end=\"1543\"><strong data-start=\"1085\" data-end=\"1103\">Costuras Externas<\/strong> \u2013 Minimiza a fric\u00e7\u00e3o e os pontos de press\u00e3o para maior conforto e durabilidade a longo prazo.<\/li>\n<li data-start=\"1083\" data-end=\"1543\"><strong data-start=\"1198\" data-end=\"1225\">Tecido Superior Respir\u00e1vel<\/strong> \u2013 Leve, macio e ventilado para conforto o dia todo e uma cor vibrante, de alto impacto.<\/li>\n<li data-start=\"1083\" data-end=\"1543\"><strong data-start=\"1319\" data-end=\"1348\">Tecnologia de Palma DriveSkin<\/strong> \u2013 Ader\u00eancia avan\u00e7ada e controlo t\u00e1til, desenvolvidos para karting de alta intensidade.<\/li>\n<li data-start=\"1083\" data-end=\"1543\"><strong data-start=\"1429\" data-end=\"1457\">Ajuste Ergon\u00f3mico Pr\u00e9-Curvado<\/strong> \u2013 Apoia o movimento natural da m\u00e3o para mais precis\u00e3o e foco ao volante.<\/li>\n<li data-start=\"1083\" data-end=\"1543\"><strong>Dispon\u00edvel nos tamanhos XXXS a Large<\/strong><\/li>\n<\/ul>\n<p data-start=\"1545\" data-end=\"1742\">Da ic\u00f3nica ponta do dedo vermelha a cada detalhe cuidadosamente trabalhado, as <strong data-start=\"1614\" data-end=\"1639\">Luvas 32Five UNLEASH<\/strong> s\u00e3o <strong data-start=\"1644\" data-end=\"1740\">luvas premium de karting feitas para pilotos que exigem controlo, conforto e um estilo inconfund\u00edvel.<\/strong><\/p>\n<p data-start=\"1744\" data-end=\"1777\"><strong data-start=\"1744\" data-end=\"1777\">Segue o vermelho. Conduz 32Five. <\/strong><\/p>\n<p data-start=\"1744\" data-end=\"1777\"><img decoding=\"async\" data-src=\"https:\/\/shop.32five.me\/cdn\/shop\/files\/32F-SizeGuide-25-V1.png?v=1751196689&amp;width=3840\" width=\"603\" height=\"324\" src=\"data:image\/svg+xml;base64,PHN2ZyB3aWR0aD0iMSIgaGVpZ2h0PSIxIiB4bWxucz0iaHR0cDovL3d3dy53My5vcmcvMjAwMC9zdmciPjwvc3ZnPg==\" class=\"lazyload\" style=\"--smush-placeholder-width: 603px; --smush-placeholder-aspect-ratio: 603\/324;\"><\/p>\n","protected":false},"excerpt":{"rendered":"<p>Desenvolvidas com costuras externas, um ajuste ergon\u00f3mico pr\u00e9-curvado e a assinatura ponta do dedo vermelha que define a 32Five, cada par \u00e9 feito para render e para se destacar. A parte superior leve e respir\u00e1vel mant\u00e9m as tuas m\u00e3os frescas sob press\u00e3o, enquanto a avan\u00e7ada tecnologia de palma DriveSkin garante sensa\u00e7\u00e3o de dire\u00e7\u00e3o imbat\u00edvel, precis\u00e3o [&hellip;]<\/p>\n","protected":false},"featured_media":189846,"comment_status":"open","ping_status":"closed","template":"","meta":{"_acf_changed":false,"_iconic_wsb_product_page_order_bump_ids":[[]],"_sku":[],"_iconic_wsb_product_page_bump_modal_ids":[[]]},"product_brand":[],"product_cat":[490,176,175],"product_tag":[],"class_list":{"0":"post-206997","1":"product","2":"type-product","3":"status-publish","4":"has-post-thumbnail","6":"product_cat-32five","7":"product_cat-luvas","8":"product_cat-protecao-vestuario","10":"first","11":"instock","12":"taxable","13":"shipping-taxable","14":"purchasable","15":"product-type-variable"},"acf":[],"yoast_head":"<!-- This site is optimized with the Yoast SEO plugin v27.0 - https:\/\/yoast.com\/product\/yoast-seo-wordpress\/ -->\n<title>UNLEASH - Vermelho - Luvas Premium de Karting<\/title>\n<meta name=\"robots\" content=\"index, follow, max-snippet:-1, max-image-preview:large, max-video-preview:-1\" \/>\n<link rel=\"canonical\" href=\"https:\/\/zamphelmets.co\/pt-pt\/produto\/unleash-vermelho\/\" \/>\n<meta property=\"og:locale\" content=\"pt_PT\" \/>\n<meta property=\"og:type\" content=\"article\" \/>\n<meta property=\"og:title\" content=\"UNLEASH - Vermelho - Luvas Premium de Karting\" \/>\n<meta property=\"og:description\" content=\"Desenvolvidas com costuras externas, um ajuste ergon\u00f3mico pr\u00e9-curvado e a assinatura ponta do dedo vermelha que define a 32Five, cada par \u00e9 feito para render e para se destacar. A parte superior leve e respir\u00e1vel mant\u00e9m as tuas m\u00e3os frescas sob press\u00e3o, enquanto a avan\u00e7ada tecnologia de palma DriveSkin garante sensa\u00e7\u00e3o de dire\u00e7\u00e3o imbat\u00edvel, precis\u00e3o [&hellip;]\" \/>\n<meta property=\"og:url\" content=\"https:\/\/zamphelmets.co\/pt-pt\/produto\/unleash-vermelho\/\" \/>\n<meta property=\"og:site_name\" content=\"Zamp Helmets | Helmet 28 EU\" \/>\n<meta property=\"article:modified_time\" content=\"2026-02-27T11:17:05+00:00\" \/>\n<meta property=\"og:image\" content=\"https:\/\/zamphelmets.co\/wp-content\/uploads\/2026\/01\/unleash_red.jpeg\" \/>\n\t<meta property=\"og:image:width\" content=\"978\" \/>\n\t<meta property=\"og:image:height\" content=\"1000\" \/>\n\t<meta property=\"og:image:type\" content=\"image\/jpeg\" \/>\n<meta name=\"twitter:card\" content=\"summary_large_image\" \/>\n<meta name=\"twitter:label1\" content=\"Est. reading time\" \/>\n\t<meta name=\"twitter:data1\" content=\"1 minuto\" \/>\n<script type=\"application\/ld+json\" class=\"yoast-schema-graph\">{\"@context\":\"https:\/\/schema.org\",\"@graph\":[{\"@type\":\"WebPage\",\"@id\":\"https:\/\/zamphelmets.co\/pt-pt\/produto\/unleash-vermelho\/\",\"url\":\"https:\/\/zamphelmets.co\/pt-pt\/produto\/unleash-vermelho\/\",\"name\":\"UNLEASH - Vermelho - Luvas Premium de Karting\",\"isPartOf\":{\"@id\":\"https:\/\/zamphelmets.co\/pt-pt\/#website\"},\"primaryImageOfPage\":{\"@id\":\"https:\/\/zamphelmets.co\/pt-pt\/produto\/unleash-vermelho\/#primaryimage\"},\"image\":{\"@id\":\"https:\/\/zamphelmets.co\/pt-pt\/produto\/unleash-vermelho\/#primaryimage\"},\"thumbnailUrl\":\"https:\/\/zamphelmets.co\/wp-content\/uploads\/2026\/01\/unleash_red.jpeg\",\"datePublished\":\"2026-01-26T11:24:16+00:00\",\"dateModified\":\"2026-02-27T11:17:05+00:00\",\"breadcrumb\":{\"@id\":\"https:\/\/zamphelmets.co\/pt-pt\/produto\/unleash-vermelho\/#breadcrumb\"},\"inLanguage\":\"pt-PT\",\"potentialAction\":[{\"@type\":\"ReadAction\",\"target\":[\"https:\/\/zamphelmets.co\/pt-pt\/produto\/unleash-vermelho\/\"]}]},{\"@type\":\"ImageObject\",\"inLanguage\":\"pt-PT\",\"@id\":\"https:\/\/zamphelmets.co\/pt-pt\/produto\/unleash-vermelho\/#primaryimage\",\"url\":\"https:\/\/zamphelmets.co\/wp-content\/uploads\/2026\/01\/unleash_red.jpeg\",\"contentUrl\":\"https:\/\/zamphelmets.co\/wp-content\/uploads\/2026\/01\/unleash_red.jpeg\",\"width\":978,\"height\":1000},{\"@type\":\"BreadcrumbList\",\"@id\":\"https:\/\/zamphelmets.co\/pt-pt\/produto\/unleash-vermelho\/#breadcrumb\",\"itemListElement\":[{\"@type\":\"ListItem\",\"position\":1,\"name\":\"Shop\",\"item\":\"https:\/\/zamphelmets.co\/pt-pt\/shop\/\"},{\"@type\":\"ListItem\",\"position\":2,\"name\":\"UNLEASH &#8211; Vermelho\"}]},{\"@type\":\"WebSite\",\"@id\":\"https:\/\/zamphelmets.co\/pt-pt\/#website\",\"url\":\"https:\/\/zamphelmets.co\/pt-pt\/\",\"name\":\"Zamp Helmets | Helmet 28 EU\",\"description\":\"High Quality Motorsport Helmets\",\"potentialAction\":[{\"@type\":\"SearchAction\",\"target\":{\"@type\":\"EntryPoint\",\"urlTemplate\":\"https:\/\/zamphelmets.co\/pt-pt\/?s={search_term_string}\"},\"query-input\":{\"@type\":\"PropertyValueSpecification\",\"valueRequired\":true,\"valueName\":\"search_term_string\"}}],\"inLanguage\":\"pt-PT\"}]}<\/script>\n<!-- \/ Yoast SEO plugin. -->","yoast_head_json":{"title":"UNLEASH - Vermelho - Luvas Premium de Karting","robots":{"index":"index","follow":"follow","max-snippet":"max-snippet:-1","max-image-preview":"max-image-preview:large","max-video-preview":"max-video-preview:-1"},"canonical":"https:\/\/zamphelmets.co\/pt-pt\/produto\/unleash-vermelho\/","og_locale":"pt_PT","og_type":"article","og_title":"UNLEASH - Vermelho - Luvas Premium de Karting","og_description":"Desenvolvidas com costuras externas, um ajuste ergon\u00f3mico pr\u00e9-curvado e a assinatura ponta do dedo vermelha que define a 32Five, cada par \u00e9 feito para render e para se destacar. A parte superior leve e respir\u00e1vel mant\u00e9m as tuas m\u00e3os frescas sob press\u00e3o, enquanto a avan\u00e7ada tecnologia de palma DriveSkin garante sensa\u00e7\u00e3o de dire\u00e7\u00e3o imbat\u00edvel, precis\u00e3o [&hellip;]","og_url":"https:\/\/zamphelmets.co\/pt-pt\/produto\/unleash-vermelho\/","og_site_name":"Zamp Helmets | Helmet 28 EU","article_modified_time":"2026-02-27T11:17:05+00:00","og_image":[{"width":978,"height":1000,"url":"https:\/\/zamphelmets.co\/wp-content\/uploads\/2026\/01\/unleash_red.jpeg","type":"image\/jpeg"}],"twitter_card":"summary_large_image","twitter_misc":{"Est. reading time":"1 minuto"},"schema":{"@context":"https:\/\/schema.org","@graph":[{"@type":"WebPage","@id":"https:\/\/zamphelmets.co\/pt-pt\/produto\/unleash-vermelho\/","url":"https:\/\/zamphelmets.co\/pt-pt\/produto\/unleash-vermelho\/","name":"UNLEASH - Vermelho - Luvas Premium de Karting","isPartOf":{"@id":"https:\/\/zamphelmets.co\/pt-pt\/#website"},"primaryImageOfPage":{"@id":"https:\/\/zamphelmets.co\/pt-pt\/produto\/unleash-vermelho\/#primaryimage"},"image":{"@id":"https:\/\/zamphelmets.co\/pt-pt\/produto\/unleash-vermelho\/#primaryimage"},"thumbnailUrl":"https:\/\/zamphelmets.co\/wp-content\/uploads\/2026\/01\/unleash_red.jpeg","datePublished":"2026-01-26T11:24:16+00:00","dateModified":"2026-02-27T11:17:05+00:00","breadcrumb":{"@id":"https:\/\/zamphelmets.co\/pt-pt\/produto\/unleash-vermelho\/#breadcrumb"},"inLanguage":"pt-PT","potentialAction":[{"@type":"ReadAction","target":["https:\/\/zamphelmets.co\/pt-pt\/produto\/unleash-vermelho\/"]}]},{"@type":"ImageObject","inLanguage":"pt-PT","@id":"https:\/\/zamphelmets.co\/pt-pt\/produto\/unleash-vermelho\/#primaryimage","url":"https:\/\/zamphelmets.co\/wp-content\/uploads\/2026\/01\/unleash_red.jpeg","contentUrl":"https:\/\/zamphelmets.co\/wp-content\/uploads\/2026\/01\/unleash_red.jpeg","width":978,"height":1000},{"@type":"BreadcrumbList","@id":"https:\/\/zamphelmets.co\/pt-pt\/produto\/unleash-vermelho\/#breadcrumb","itemListElement":[{"@type":"ListItem","position":1,"name":"Shop","item":"https:\/\/zamphelmets.co\/pt-pt\/shop\/"},{"@type":"ListItem","position":2,"name":"UNLEASH &#8211; Vermelho"}]},{"@type":"WebSite","@id":"https:\/\/zamphelmets.co\/pt-pt\/#website","url":"https:\/\/zamphelmets.co\/pt-pt\/","name":"Zamp Helmets | Helmet 28 EU","description":"High Quality Motorsport Helmets","potentialAction":[{"@type":"SearchAction","target":{"@type":"EntryPoint","urlTemplate":"https:\/\/zamphelmets.co\/pt-pt\/?s={search_term_string}"},"query-input":{"@type":"PropertyValueSpecification","valueRequired":true,"valueName":"search_term_string"}}],"inLanguage":"pt-PT"}]}},"_links":{"self":[{"href":"https:\/\/zamphelmets.co\/pt-pt\/wp-json\/wp\/v2\/product\/206997","targetHints":{"allow":["GET"]}}],"collection":[{"href":"https:\/\/zamphelmets.co\/pt-pt\/wp-json\/wp\/v2\/product"}],"about":[{"href":"https:\/\/zamphelmets.co\/pt-pt\/wp-json\/wp\/v2\/types\/product"}],"replies":[{"embeddable":true,"href":"https:\/\/zamphelmets.co\/pt-pt\/wp-json\/wp\/v2\/comments?post=206997"}],"wp:featuredmedia":[{"embeddable":true,"href":"https:\/\/zamphelmets.co\/pt-pt\/wp-json\/wp\/v2\/media\/189846"}],"wp:attachment":[{"href":"https:\/\/zamphelmets.co\/pt-pt\/wp-json\/wp\/v2\/media?parent=206997"}],"wp:term":[{"taxonomy":"product_brand","embeddable":true,"href":"https:\/\/zamphelmets.co\/pt-pt\/wp-json\/wp\/v2\/product_brand?post=206997"},{"taxonomy":"product_cat","embeddable":true,"href":"https:\/\/zamphelmets.co\/pt-pt\/wp-json\/wp\/v2\/product_cat?post=206997"},{"taxonomy":"product_tag","embeddable":true,"href":"https:\/\/zamphelmets.co\/pt-pt\/wp-json\/wp\/v2\/product_tag?post=206997"}],"curies":[{"name":"wp","href":"https:\/\/api.w.org\/{rel}","templated":true}]}}