{"id":206911,"date":"2026-01-26T11:24:26","date_gmt":"2026-01-26T11:24:26","guid":{"rendered":"https:\/\/zamphelmets.co\/product\/unleash-azul\/"},"modified":"2026-02-27T11:17:00","modified_gmt":"2026-02-27T11:17:00","slug":"unleash-azul","status":"publish","type":"product","link":"https:\/\/zamphelmets.co\/pt-pt\/produto\/unleash-azul\/","title":{"rendered":"UNLEASH &#8211; Azul"},"content":{"rendered":"<div class=\"container\">\n<div id=\"content\" class=\"site-content\">\n<div id=\"primary\" class=\"content-area\">\n<p><span style=\"font-weight: 400;\"><strong>Conhece a cole\u00e7\u00e3o UNLEASH da 32Five<\/strong> \u2013 criada para pilotos que exigem mais, conduzem mais r\u00e1pido e recusam conformar-se. Concebidas para pilotos profissionais e amadores de karting, estas luvas combinam materiais premium, design arrojado e desempenho vencedor num pacote inconfund\u00edvel. <\/span><\/p>\n<p><span style=\"font-weight: 400;\">Com a <strong>ic\u00f3nica ponta dos dedos vermelha<\/strong>, costuras externas e ajuste ergon\u00f3mico pr\u00e9-curvado, cada detalhe \u00e9 desenvolvido para controlo e conforto. O tecido superior respir\u00e1vel mant\u00e9m as tuas m\u00e3os frescas sob press\u00e3o, enquanto a inovadora tecnologia DriveSkin na palma oferece ader\u00eancia incompar\u00e1vel, precis\u00e3o na dire\u00e7\u00e3o e durabilidade a longo prazo. <\/span><\/p>\n<p><span style=\"font-weight: 400;\">Nascidas da mentalidade de um piloto e aperfei\u00e7oadas atrav\u00e9s da competi\u00e7\u00e3o, as <strong>luvas 32Five UNLEASH<\/strong> s\u00e3o criadas para desempenhar ao mais alto n\u00edvel \u2014 independentemente da intensidade da corrida.<\/span><\/p>\n<ul>\n<li><span style=\"font-weight: 400;\"><strong>Costuras Externas<\/strong> \u2013 Menos fric\u00e7\u00e3o e pontos de press\u00e3o para conforto e resist\u00eancia superiores.<\/span><\/li>\n<li><span style=\"font-weight: 400;\"><strong>Tecido Superior Respir\u00e1vel<\/strong> \u2013 Leve, macio e ventilado para um ajuste fresco e confort\u00e1vel volta ap\u00f3s volta.<\/span><\/li>\n<li><span style=\"font-weight: 400;\"><strong>Tecnologia de Palma DriveSkin<\/strong> \u2013 Ader\u00eancia m\u00e1xima, sensibilidade na dire\u00e7\u00e3o e durabilidade para controlo total no volante.<\/span><\/li>\n<li><span style=\"font-weight: 400;\"><strong>Ajuste Ergon\u00f3mico Pr\u00e9-Curvado<\/strong> \u2013 Apoia a posi\u00e7\u00e3o natural da tua m\u00e3o para mais foco e precis\u00e3o sem esfor\u00e7o.<\/span><\/li>\n<li><strong>Dispon\u00edvel nos tamanhos XXXS a XL<\/strong><\/li>\n<\/ul>\n<p><span style=\"font-weight: 400;\">Desde a ic\u00f3nica ponta dos dedos vermelha at\u00e9 ao \u00faltimo ponto, a cole\u00e7\u00e3o <strong>UNLEASH<\/strong> incorpora a filosofia 32Five: corre com intensidade, destaca-te e nunca recues.<\/span><\/p>\n<p><strong>Segue o vermelho. Conduz 32Five. <\/strong><\/p>\n<p><img decoding=\"async\" class=\"alignnone wp-image-222671 lazyload\" data-src=\"https:\/\/zamphelmets.co\/wp-content\/uploads\/2026\/01\/32F-SizeGuide-25-V1-scaled.webp\" alt=\"\" width=\"643\" height=\"346\" data-srcset=\"https:\/\/zamphelmets.co\/wp-content\/uploads\/2026\/01\/32F-SizeGuide-25-V1-scaled.webp 2560w, https:\/\/zamphelmets.co\/wp-content\/uploads\/2026\/01\/32F-SizeGuide-25-V1-300x161.webp 300w, https:\/\/zamphelmets.co\/wp-content\/uploads\/2026\/01\/32F-SizeGuide-25-V1-1024x551.webp 1024w, https:\/\/zamphelmets.co\/wp-content\/uploads\/2026\/01\/32F-SizeGuide-25-V1-768x413.webp 768w, https:\/\/zamphelmets.co\/wp-content\/uploads\/2026\/01\/32F-SizeGuide-25-V1-1536x826.webp 1536w, https:\/\/zamphelmets.co\/wp-content\/uploads\/2026\/01\/32F-SizeGuide-25-V1-2048x1101.webp 2048w, https:\/\/zamphelmets.co\/wp-content\/uploads\/2026\/01\/32F-SizeGuide-25-V1-600x323.webp 600w\" data-sizes=\"(max-width: 643px) 100vw, 643px\" src=\"data:image\/svg+xml;base64,PHN2ZyB3aWR0aD0iMSIgaGVpZ2h0PSIxIiB4bWxucz0iaHR0cDovL3d3dy53My5vcmcvMjAwMC9zdmciPjwvc3ZnPg==\" style=\"--smush-placeholder-width: 643px; --smush-placeholder-aspect-ratio: 643\/346;\" \/><\/p>\n<\/div>\n<\/div>\n<\/div>\n","protected":false},"excerpt":{"rendered":"<p>Conhece a cole\u00e7\u00e3o UNLEASH da 32Five \u2013 criada para pilotos que exigem mais, conduzem mais r\u00e1pido e recusam conformar-se. Concebidas para pilotos profissionais e amadores de karting, estas luvas combinam materiais premium, design arrojado e desempenho vencedor num pacote inconfund\u00edvel. Com a ic\u00f3nica ponta dos dedos vermelha, costuras externas e ajuste ergon\u00f3mico pr\u00e9-curvado, cada detalhe [&hellip;]<\/p>\n","protected":false},"featured_media":189868,"comment_status":"open","ping_status":"closed","template":"","meta":{"_acf_changed":false,"_iconic_wsb_product_page_order_bump_ids":[[]],"_sku":[],"_iconic_wsb_product_page_bump_modal_ids":[[]]},"product_brand":[],"product_cat":[490,176,175],"product_tag":[],"class_list":{"0":"post-206911","1":"product","2":"type-product","3":"status-publish","4":"has-post-thumbnail","6":"product_cat-32five","7":"product_cat-luvas","8":"product_cat-protecao-vestuario","10":"first","11":"instock","12":"taxable","13":"shipping-taxable","14":"purchasable","15":"product-type-variable"},"acf":[],"yoast_head":"<!-- This site is optimized with the Yoast SEO plugin v27.0 - https:\/\/yoast.com\/product\/yoast-seo-wordpress\/ -->\n<title>UNLEASH - Azul - Luvas Premium de Karting<\/title>\n<meta name=\"description\" content=\"As luvas de karting 32Five UNLEASH oferecem m\u00e1xima ader\u00eancia, conforto respir\u00e1vel e controlo preciso. Feitas para render e destacar-se em pista.\" \/>\n<meta name=\"robots\" content=\"index, follow, max-snippet:-1, max-image-preview:large, max-video-preview:-1\" \/>\n<link rel=\"canonical\" href=\"https:\/\/zamphelmets.co\/pt-pt\/produto\/unleash-azul\/\" \/>\n<meta property=\"og:locale\" content=\"pt_PT\" \/>\n<meta property=\"og:type\" content=\"article\" \/>\n<meta property=\"og:title\" content=\"UNLEASH - Azul - Luvas Premium de Karting\" \/>\n<meta property=\"og:description\" content=\"As luvas de karting 32Five UNLEASH oferecem m\u00e1xima ader\u00eancia, conforto respir\u00e1vel e controlo preciso. Feitas para render e destacar-se em pista.\" \/>\n<meta property=\"og:url\" content=\"https:\/\/zamphelmets.co\/pt-pt\/produto\/unleash-azul\/\" \/>\n<meta property=\"og:site_name\" content=\"Zamp Helmets | Helmet 28 EU\" \/>\n<meta property=\"article:modified_time\" content=\"2026-02-27T11:17:00+00:00\" \/>\n<meta property=\"og:image\" content=\"https:\/\/zamphelmets.co\/wp-content\/uploads\/2026\/01\/unleash_blue.jpeg\" \/>\n\t<meta property=\"og:image:width\" content=\"984\" \/>\n\t<meta property=\"og:image:height\" content=\"1000\" \/>\n\t<meta property=\"og:image:type\" content=\"image\/jpeg\" \/>\n<meta name=\"twitter:card\" content=\"summary_large_image\" \/>\n<meta name=\"twitter:label1\" content=\"Est. reading time\" \/>\n\t<meta name=\"twitter:data1\" content=\"1 minuto\" \/>\n<script type=\"application\/ld+json\" class=\"yoast-schema-graph\">{\"@context\":\"https:\/\/schema.org\",\"@graph\":[{\"@type\":\"WebPage\",\"@id\":\"https:\/\/zamphelmets.co\/pt-pt\/produto\/unleash-azul\/\",\"url\":\"https:\/\/zamphelmets.co\/pt-pt\/produto\/unleash-azul\/\",\"name\":\"UNLEASH - Azul - Luvas Premium de Karting\",\"isPartOf\":{\"@id\":\"https:\/\/zamphelmets.co\/pt-pt\/#website\"},\"primaryImageOfPage\":{\"@id\":\"https:\/\/zamphelmets.co\/pt-pt\/produto\/unleash-azul\/#primaryimage\"},\"image\":{\"@id\":\"https:\/\/zamphelmets.co\/pt-pt\/produto\/unleash-azul\/#primaryimage\"},\"thumbnailUrl\":\"https:\/\/zamphelmets.co\/wp-content\/uploads\/2026\/01\/unleash_blue.jpeg\",\"datePublished\":\"2026-01-26T11:24:26+00:00\",\"dateModified\":\"2026-02-27T11:17:00+00:00\",\"description\":\"As luvas de karting 32Five UNLEASH oferecem m\u00e1xima ader\u00eancia, conforto respir\u00e1vel e controlo preciso. Feitas para render e destacar-se em pista.\",\"breadcrumb\":{\"@id\":\"https:\/\/zamphelmets.co\/pt-pt\/produto\/unleash-azul\/#breadcrumb\"},\"inLanguage\":\"pt-PT\",\"potentialAction\":[{\"@type\":\"ReadAction\",\"target\":[\"https:\/\/zamphelmets.co\/pt-pt\/produto\/unleash-azul\/\"]}]},{\"@type\":\"ImageObject\",\"inLanguage\":\"pt-PT\",\"@id\":\"https:\/\/zamphelmets.co\/pt-pt\/produto\/unleash-azul\/#primaryimage\",\"url\":\"https:\/\/zamphelmets.co\/wp-content\/uploads\/2026\/01\/unleash_blue.jpeg\",\"contentUrl\":\"https:\/\/zamphelmets.co\/wp-content\/uploads\/2026\/01\/unleash_blue.jpeg\",\"width\":984,\"height\":1000},{\"@type\":\"BreadcrumbList\",\"@id\":\"https:\/\/zamphelmets.co\/pt-pt\/produto\/unleash-azul\/#breadcrumb\",\"itemListElement\":[{\"@type\":\"ListItem\",\"position\":1,\"name\":\"Shop\",\"item\":\"https:\/\/zamphelmets.co\/pt-pt\/shop\/\"},{\"@type\":\"ListItem\",\"position\":2,\"name\":\"UNLEASH &#8211; Azul\"}]},{\"@type\":\"WebSite\",\"@id\":\"https:\/\/zamphelmets.co\/pt-pt\/#website\",\"url\":\"https:\/\/zamphelmets.co\/pt-pt\/\",\"name\":\"Zamp Helmets | Helmet 28 EU\",\"description\":\"High Quality Motorsport Helmets\",\"potentialAction\":[{\"@type\":\"SearchAction\",\"target\":{\"@type\":\"EntryPoint\",\"urlTemplate\":\"https:\/\/zamphelmets.co\/pt-pt\/?s={search_term_string}\"},\"query-input\":{\"@type\":\"PropertyValueSpecification\",\"valueRequired\":true,\"valueName\":\"search_term_string\"}}],\"inLanguage\":\"pt-PT\"}]}<\/script>\n<!-- \/ Yoast SEO plugin. -->","yoast_head_json":{"title":"UNLEASH - Azul - Luvas Premium de Karting","description":"As luvas de karting 32Five UNLEASH oferecem m\u00e1xima ader\u00eancia, conforto respir\u00e1vel e controlo preciso. Feitas para render e destacar-se em pista.","robots":{"index":"index","follow":"follow","max-snippet":"max-snippet:-1","max-image-preview":"max-image-preview:large","max-video-preview":"max-video-preview:-1"},"canonical":"https:\/\/zamphelmets.co\/pt-pt\/produto\/unleash-azul\/","og_locale":"pt_PT","og_type":"article","og_title":"UNLEASH - Azul - Luvas Premium de Karting","og_description":"As luvas de karting 32Five UNLEASH oferecem m\u00e1xima ader\u00eancia, conforto respir\u00e1vel e controlo preciso. Feitas para render e destacar-se em pista.","og_url":"https:\/\/zamphelmets.co\/pt-pt\/produto\/unleash-azul\/","og_site_name":"Zamp Helmets | Helmet 28 EU","article_modified_time":"2026-02-27T11:17:00+00:00","og_image":[{"width":984,"height":1000,"url":"https:\/\/zamphelmets.co\/wp-content\/uploads\/2026\/01\/unleash_blue.jpeg","type":"image\/jpeg"}],"twitter_card":"summary_large_image","twitter_misc":{"Est. reading time":"1 minuto"},"schema":{"@context":"https:\/\/schema.org","@graph":[{"@type":"WebPage","@id":"https:\/\/zamphelmets.co\/pt-pt\/produto\/unleash-azul\/","url":"https:\/\/zamphelmets.co\/pt-pt\/produto\/unleash-azul\/","name":"UNLEASH - Azul - Luvas Premium de Karting","isPartOf":{"@id":"https:\/\/zamphelmets.co\/pt-pt\/#website"},"primaryImageOfPage":{"@id":"https:\/\/zamphelmets.co\/pt-pt\/produto\/unleash-azul\/#primaryimage"},"image":{"@id":"https:\/\/zamphelmets.co\/pt-pt\/produto\/unleash-azul\/#primaryimage"},"thumbnailUrl":"https:\/\/zamphelmets.co\/wp-content\/uploads\/2026\/01\/unleash_blue.jpeg","datePublished":"2026-01-26T11:24:26+00:00","dateModified":"2026-02-27T11:17:00+00:00","description":"As luvas de karting 32Five UNLEASH oferecem m\u00e1xima ader\u00eancia, conforto respir\u00e1vel e controlo preciso. Feitas para render e destacar-se em pista.","breadcrumb":{"@id":"https:\/\/zamphelmets.co\/pt-pt\/produto\/unleash-azul\/#breadcrumb"},"inLanguage":"pt-PT","potentialAction":[{"@type":"ReadAction","target":["https:\/\/zamphelmets.co\/pt-pt\/produto\/unleash-azul\/"]}]},{"@type":"ImageObject","inLanguage":"pt-PT","@id":"https:\/\/zamphelmets.co\/pt-pt\/produto\/unleash-azul\/#primaryimage","url":"https:\/\/zamphelmets.co\/wp-content\/uploads\/2026\/01\/unleash_blue.jpeg","contentUrl":"https:\/\/zamphelmets.co\/wp-content\/uploads\/2026\/01\/unleash_blue.jpeg","width":984,"height":1000},{"@type":"BreadcrumbList","@id":"https:\/\/zamphelmets.co\/pt-pt\/produto\/unleash-azul\/#breadcrumb","itemListElement":[{"@type":"ListItem","position":1,"name":"Shop","item":"https:\/\/zamphelmets.co\/pt-pt\/shop\/"},{"@type":"ListItem","position":2,"name":"UNLEASH &#8211; Azul"}]},{"@type":"WebSite","@id":"https:\/\/zamphelmets.co\/pt-pt\/#website","url":"https:\/\/zamphelmets.co\/pt-pt\/","name":"Zamp Helmets | Helmet 28 EU","description":"High Quality Motorsport Helmets","potentialAction":[{"@type":"SearchAction","target":{"@type":"EntryPoint","urlTemplate":"https:\/\/zamphelmets.co\/pt-pt\/?s={search_term_string}"},"query-input":{"@type":"PropertyValueSpecification","valueRequired":true,"valueName":"search_term_string"}}],"inLanguage":"pt-PT"}]}},"_links":{"self":[{"href":"https:\/\/zamphelmets.co\/pt-pt\/wp-json\/wp\/v2\/product\/206911","targetHints":{"allow":["GET"]}}],"collection":[{"href":"https:\/\/zamphelmets.co\/pt-pt\/wp-json\/wp\/v2\/product"}],"about":[{"href":"https:\/\/zamphelmets.co\/pt-pt\/wp-json\/wp\/v2\/types\/product"}],"replies":[{"embeddable":true,"href":"https:\/\/zamphelmets.co\/pt-pt\/wp-json\/wp\/v2\/comments?post=206911"}],"wp:featuredmedia":[{"embeddable":true,"href":"https:\/\/zamphelmets.co\/pt-pt\/wp-json\/wp\/v2\/media\/189868"}],"wp:attachment":[{"href":"https:\/\/zamphelmets.co\/pt-pt\/wp-json\/wp\/v2\/media?parent=206911"}],"wp:term":[{"taxonomy":"product_brand","embeddable":true,"href":"https:\/\/zamphelmets.co\/pt-pt\/wp-json\/wp\/v2\/product_brand?post=206911"},{"taxonomy":"product_cat","embeddable":true,"href":"https:\/\/zamphelmets.co\/pt-pt\/wp-json\/wp\/v2\/product_cat?post=206911"},{"taxonomy":"product_tag","embeddable":true,"href":"https:\/\/zamphelmets.co\/pt-pt\/wp-json\/wp\/v2\/product_tag?post=206911"}],"curies":[{"name":"wp","href":"https:\/\/api.w.org\/{rel}","templated":true}]}}