{"id":206713,"date":"2026-01-26T11:25:08","date_gmt":"2026-01-26T11:25:08","guid":{"rendered":"https:\/\/zamphelmets.co\/product\/balaclava-smile-to-win-azul-rosa-fluo\/"},"modified":"2026-02-27T11:06:11","modified_gmt":"2026-02-27T11:06:11","slug":"balaclava-smile-to-win-azul-rosa-fluo","status":"publish","type":"product","link":"https:\/\/zamphelmets.co\/pt-pt\/produto\/balaclava-smile-to-win-azul-rosa-fluo\/","title":{"rendered":"Balaclava SMILE TO WIN &#8211; Azul \/ Rosa Fluo"},"content":{"rendered":"<div class=\"container\">\n<div id=\"content\" class=\"site-content\">\n<div id=\"primary\" class=\"content-area\">\n<p><span style=\"font-weight: 400;\">Completa o teu look de corrida com a <strong>32Five Balaclava<\/strong> \u2014 concebida para combinar na perfei\u00e7\u00e3o com o teu par favorito de <strong>Luvas de Karting 32Five.<\/strong> Quer sejas f\u00e3 de cores arrojadas ou de um estilo performance mais clean, esta balaclava d\u00e1 o toque final de identidade e funcionalidade ao teu equipamento de corrida.<\/span><\/p>\n<p><span style=\"font-weight: 400;\">Fabricada em <strong>poli\u00e9ster de performance 100%<\/strong>, \u00e9 ultraleve, respir\u00e1vel e feita para o m\u00e1ximo conforto debaixo do capacete. Mant\u00e9m-te fresco, seco e focado \u2014 volta ap\u00f3s volta. <\/span><\/p>\n<p><strong>Principais caracter\u00edsticas:<\/strong><\/p>\n<ul>\n<li><span style=\"font-weight: 400;\">Design a condizer para cada estilo de luva (<strong>Smile to Win, UNLEASH, NO LIMITS<\/strong>)<\/span><\/li>\n<li><span style=\"font-weight: 400;\">Fabricada em <strong>poli\u00e9ster de performance 100%<\/strong><\/span><\/li>\n<li><span style=\"font-weight: 400;\"><strong>Respir\u00e1vel<\/strong> e <strong>com evacua\u00e7\u00e3o da humidade<\/strong> para conforto o dia todo<\/span><\/li>\n<li><span style=\"font-weight: 400;\"><strong>Ajuste<\/strong> <strong>sem costuras<\/strong> debaixo de qualquer capacete<\/span><\/li>\n<li><span style=\"font-weight: 400;\"><strong>Dur\u00e1vel<\/strong> e pronta para a corrida<\/span><\/li>\n<li><strong>Unissexo &amp; Tamanho \u00fanico<\/strong><\/li>\n<\/ul>\n<p><strong>Equipa-te da cabe\u00e7a aos p\u00e9s \u2013 porque os detalhes fazem a diferen\u00e7a.<\/strong><\/p>\n<\/div>\n<\/div>\n<\/div>\n","protected":false},"excerpt":{"rendered":"<p>Completa o teu look de corrida com a 32Five Balaclava \u2014 concebida para combinar na perfei\u00e7\u00e3o com o teu par favorito de Luvas de Karting 32Five. Quer sejas f\u00e3 de cores arrojadas ou de um estilo performance mais clean, esta balaclava d\u00e1 o toque final de identidade e funcionalidade ao teu equipamento de corrida. Fabricada [&hellip;]<\/p>\n","protected":false},"featured_media":189961,"comment_status":"open","ping_status":"closed","template":"","meta":{"_acf_changed":false,"_iconic_wsb_product_page_order_bump_ids":[[]],"_sku":["32F-Balaclava-Smile2Win-02"],"_iconic_wsb_product_page_bump_modal_ids":[[]]},"product_brand":[],"product_cat":[490,295,175],"product_tag":[],"class_list":{"0":"post-206713","1":"product","2":"type-product","3":"status-publish","4":"has-post-thumbnail","6":"product_cat-32five","7":"product_cat-protecao","8":"product_cat-protecao-vestuario","10":"first","11":"instock","12":"taxable","13":"shipping-taxable","14":"purchasable","15":"product-type-simple"},"acf":[],"yoast_head":"<!-- This site is optimized with the Yoast SEO plugin v27.0 - https:\/\/yoast.com\/product\/yoast-seo-wordpress\/ -->\n<title>Balaclava SMILE TO WIN - Azul \/ Rosa Fluo - Zamp Helmets | Helmet 28 EU<\/title>\n<meta name=\"description\" content=\"Balaclava de karting 32Five em poli\u00e9ster respir\u00e1vel e leve, para conforto o dia todo. Ajuste sem costuras concebido para combinar com as tuas luvas de corrida.\" \/>\n<meta name=\"robots\" content=\"index, follow, max-snippet:-1, max-image-preview:large, max-video-preview:-1\" \/>\n<link rel=\"canonical\" href=\"https:\/\/zamphelmets.co\/pt-pt\/produto\/balaclava-smile-to-win-azul-rosa-fluo\/\" \/>\n<meta property=\"og:locale\" content=\"pt_PT\" \/>\n<meta property=\"og:type\" content=\"article\" \/>\n<meta property=\"og:title\" content=\"Balaclava SMILE TO WIN - Azul \/ Rosa Fluo - Zamp Helmets | Helmet 28 EU\" \/>\n<meta property=\"og:description\" content=\"Balaclava de karting 32Five em poli\u00e9ster respir\u00e1vel e leve, para conforto o dia todo. Ajuste sem costuras concebido para combinar com as tuas luvas de corrida.\" \/>\n<meta property=\"og:url\" content=\"https:\/\/zamphelmets.co\/pt-pt\/produto\/balaclava-smile-to-win-azul-rosa-fluo\/\" \/>\n<meta property=\"og:site_name\" content=\"Zamp Helmets | Helmet 28 EU\" \/>\n<meta property=\"article:modified_time\" content=\"2026-02-27T11:06:11+00:00\" \/>\n<meta property=\"og:image\" content=\"https:\/\/zamphelmets.co\/wp-content\/uploads\/2026\/01\/32Five-Balaclava-SmileToWin-blue2pink-Titel.jpg\" \/>\n\t<meta property=\"og:image:width\" content=\"1000\" \/>\n\t<meta property=\"og:image:height\" content=\"1000\" \/>\n\t<meta property=\"og:image:type\" content=\"image\/jpeg\" \/>\n<meta name=\"twitter:card\" content=\"summary_large_image\" \/>\n<meta name=\"twitter:label1\" content=\"Est. reading time\" \/>\n\t<meta name=\"twitter:data1\" content=\"1 minuto\" \/>\n<script type=\"application\/ld+json\" class=\"yoast-schema-graph\">{\"@context\":\"https:\/\/schema.org\",\"@graph\":[{\"@type\":\"WebPage\",\"@id\":\"https:\/\/zamphelmets.co\/pt-pt\/produto\/balaclava-smile-to-win-azul-rosa-fluo\/\",\"url\":\"https:\/\/zamphelmets.co\/pt-pt\/produto\/balaclava-smile-to-win-azul-rosa-fluo\/\",\"name\":\"Balaclava SMILE TO WIN - Azul \/ Rosa Fluo - Zamp Helmets | Helmet 28 EU\",\"isPartOf\":{\"@id\":\"https:\/\/zamphelmets.co\/pt-pt\/#website\"},\"primaryImageOfPage\":{\"@id\":\"https:\/\/zamphelmets.co\/pt-pt\/produto\/balaclava-smile-to-win-azul-rosa-fluo\/#primaryimage\"},\"image\":{\"@id\":\"https:\/\/zamphelmets.co\/pt-pt\/produto\/balaclava-smile-to-win-azul-rosa-fluo\/#primaryimage\"},\"thumbnailUrl\":\"https:\/\/zamphelmets.co\/wp-content\/uploads\/2026\/01\/32Five-Balaclava-SmileToWin-blue2pink-Titel.jpg\",\"datePublished\":\"2026-01-26T11:25:08+00:00\",\"dateModified\":\"2026-02-27T11:06:11+00:00\",\"description\":\"Balaclava de karting 32Five em poli\u00e9ster respir\u00e1vel e leve, para conforto o dia todo. Ajuste sem costuras concebido para combinar com as tuas luvas de corrida.\",\"breadcrumb\":{\"@id\":\"https:\/\/zamphelmets.co\/pt-pt\/produto\/balaclava-smile-to-win-azul-rosa-fluo\/#breadcrumb\"},\"inLanguage\":\"pt-PT\",\"potentialAction\":[{\"@type\":\"ReadAction\",\"target\":[\"https:\/\/zamphelmets.co\/pt-pt\/produto\/balaclava-smile-to-win-azul-rosa-fluo\/\"]}]},{\"@type\":\"ImageObject\",\"inLanguage\":\"pt-PT\",\"@id\":\"https:\/\/zamphelmets.co\/pt-pt\/produto\/balaclava-smile-to-win-azul-rosa-fluo\/#primaryimage\",\"url\":\"https:\/\/zamphelmets.co\/wp-content\/uploads\/2026\/01\/32Five-Balaclava-SmileToWin-blue2pink-Titel.jpg\",\"contentUrl\":\"https:\/\/zamphelmets.co\/wp-content\/uploads\/2026\/01\/32Five-Balaclava-SmileToWin-blue2pink-Titel.jpg\",\"width\":1000,\"height\":1000},{\"@type\":\"BreadcrumbList\",\"@id\":\"https:\/\/zamphelmets.co\/pt-pt\/produto\/balaclava-smile-to-win-azul-rosa-fluo\/#breadcrumb\",\"itemListElement\":[{\"@type\":\"ListItem\",\"position\":1,\"name\":\"Shop\",\"item\":\"https:\/\/zamphelmets.co\/pt-pt\/shop\/\"},{\"@type\":\"ListItem\",\"position\":2,\"name\":\"Balaclava SMILE TO WIN &#8211; Azul \/ Rosa Fluo\"}]},{\"@type\":\"WebSite\",\"@id\":\"https:\/\/zamphelmets.co\/pt-pt\/#website\",\"url\":\"https:\/\/zamphelmets.co\/pt-pt\/\",\"name\":\"Zamp Helmets | Helmet 28 EU\",\"description\":\"High Quality Motorsport Helmets\",\"potentialAction\":[{\"@type\":\"SearchAction\",\"target\":{\"@type\":\"EntryPoint\",\"urlTemplate\":\"https:\/\/zamphelmets.co\/pt-pt\/?s={search_term_string}\"},\"query-input\":{\"@type\":\"PropertyValueSpecification\",\"valueRequired\":true,\"valueName\":\"search_term_string\"}}],\"inLanguage\":\"pt-PT\"}]}<\/script>\n<!-- \/ Yoast SEO plugin. -->","yoast_head_json":{"title":"Balaclava SMILE TO WIN - Azul \/ Rosa Fluo - Zamp Helmets | Helmet 28 EU","description":"Balaclava de karting 32Five em poli\u00e9ster respir\u00e1vel e leve, para conforto o dia todo. Ajuste sem costuras concebido para combinar com as tuas luvas de corrida.","robots":{"index":"index","follow":"follow","max-snippet":"max-snippet:-1","max-image-preview":"max-image-preview:large","max-video-preview":"max-video-preview:-1"},"canonical":"https:\/\/zamphelmets.co\/pt-pt\/produto\/balaclava-smile-to-win-azul-rosa-fluo\/","og_locale":"pt_PT","og_type":"article","og_title":"Balaclava SMILE TO WIN - Azul \/ Rosa Fluo - Zamp Helmets | Helmet 28 EU","og_description":"Balaclava de karting 32Five em poli\u00e9ster respir\u00e1vel e leve, para conforto o dia todo. Ajuste sem costuras concebido para combinar com as tuas luvas de corrida.","og_url":"https:\/\/zamphelmets.co\/pt-pt\/produto\/balaclava-smile-to-win-azul-rosa-fluo\/","og_site_name":"Zamp Helmets | Helmet 28 EU","article_modified_time":"2026-02-27T11:06:11+00:00","og_image":[{"width":1000,"height":1000,"url":"https:\/\/zamphelmets.co\/wp-content\/uploads\/2026\/01\/32Five-Balaclava-SmileToWin-blue2pink-Titel.jpg","type":"image\/jpeg"}],"twitter_card":"summary_large_image","twitter_misc":{"Est. reading time":"1 minuto"},"schema":{"@context":"https:\/\/schema.org","@graph":[{"@type":"WebPage","@id":"https:\/\/zamphelmets.co\/pt-pt\/produto\/balaclava-smile-to-win-azul-rosa-fluo\/","url":"https:\/\/zamphelmets.co\/pt-pt\/produto\/balaclava-smile-to-win-azul-rosa-fluo\/","name":"Balaclava SMILE TO WIN - Azul \/ Rosa Fluo - Zamp Helmets | Helmet 28 EU","isPartOf":{"@id":"https:\/\/zamphelmets.co\/pt-pt\/#website"},"primaryImageOfPage":{"@id":"https:\/\/zamphelmets.co\/pt-pt\/produto\/balaclava-smile-to-win-azul-rosa-fluo\/#primaryimage"},"image":{"@id":"https:\/\/zamphelmets.co\/pt-pt\/produto\/balaclava-smile-to-win-azul-rosa-fluo\/#primaryimage"},"thumbnailUrl":"https:\/\/zamphelmets.co\/wp-content\/uploads\/2026\/01\/32Five-Balaclava-SmileToWin-blue2pink-Titel.jpg","datePublished":"2026-01-26T11:25:08+00:00","dateModified":"2026-02-27T11:06:11+00:00","description":"Balaclava de karting 32Five em poli\u00e9ster respir\u00e1vel e leve, para conforto o dia todo. Ajuste sem costuras concebido para combinar com as tuas luvas de corrida.","breadcrumb":{"@id":"https:\/\/zamphelmets.co\/pt-pt\/produto\/balaclava-smile-to-win-azul-rosa-fluo\/#breadcrumb"},"inLanguage":"pt-PT","potentialAction":[{"@type":"ReadAction","target":["https:\/\/zamphelmets.co\/pt-pt\/produto\/balaclava-smile-to-win-azul-rosa-fluo\/"]}]},{"@type":"ImageObject","inLanguage":"pt-PT","@id":"https:\/\/zamphelmets.co\/pt-pt\/produto\/balaclava-smile-to-win-azul-rosa-fluo\/#primaryimage","url":"https:\/\/zamphelmets.co\/wp-content\/uploads\/2026\/01\/32Five-Balaclava-SmileToWin-blue2pink-Titel.jpg","contentUrl":"https:\/\/zamphelmets.co\/wp-content\/uploads\/2026\/01\/32Five-Balaclava-SmileToWin-blue2pink-Titel.jpg","width":1000,"height":1000},{"@type":"BreadcrumbList","@id":"https:\/\/zamphelmets.co\/pt-pt\/produto\/balaclava-smile-to-win-azul-rosa-fluo\/#breadcrumb","itemListElement":[{"@type":"ListItem","position":1,"name":"Shop","item":"https:\/\/zamphelmets.co\/pt-pt\/shop\/"},{"@type":"ListItem","position":2,"name":"Balaclava SMILE TO WIN &#8211; Azul \/ Rosa Fluo"}]},{"@type":"WebSite","@id":"https:\/\/zamphelmets.co\/pt-pt\/#website","url":"https:\/\/zamphelmets.co\/pt-pt\/","name":"Zamp Helmets | Helmet 28 EU","description":"High Quality Motorsport Helmets","potentialAction":[{"@type":"SearchAction","target":{"@type":"EntryPoint","urlTemplate":"https:\/\/zamphelmets.co\/pt-pt\/?s={search_term_string}"},"query-input":{"@type":"PropertyValueSpecification","valueRequired":true,"valueName":"search_term_string"}}],"inLanguage":"pt-PT"}]}},"_links":{"self":[{"href":"https:\/\/zamphelmets.co\/pt-pt\/wp-json\/wp\/v2\/product\/206713","targetHints":{"allow":["GET"]}}],"collection":[{"href":"https:\/\/zamphelmets.co\/pt-pt\/wp-json\/wp\/v2\/product"}],"about":[{"href":"https:\/\/zamphelmets.co\/pt-pt\/wp-json\/wp\/v2\/types\/product"}],"replies":[{"embeddable":true,"href":"https:\/\/zamphelmets.co\/pt-pt\/wp-json\/wp\/v2\/comments?post=206713"}],"wp:featuredmedia":[{"embeddable":true,"href":"https:\/\/zamphelmets.co\/pt-pt\/wp-json\/wp\/v2\/media\/189961"}],"wp:attachment":[{"href":"https:\/\/zamphelmets.co\/pt-pt\/wp-json\/wp\/v2\/media?parent=206713"}],"wp:term":[{"taxonomy":"product_brand","embeddable":true,"href":"https:\/\/zamphelmets.co\/pt-pt\/wp-json\/wp\/v2\/product_brand?post=206713"},{"taxonomy":"product_cat","embeddable":true,"href":"https:\/\/zamphelmets.co\/pt-pt\/wp-json\/wp\/v2\/product_cat?post=206713"},{"taxonomy":"product_tag","embeddable":true,"href":"https:\/\/zamphelmets.co\/pt-pt\/wp-json\/wp\/v2\/product_tag?post=206713"}],"curies":[{"name":"wp","href":"https:\/\/api.w.org\/{rel}","templated":true}]}}