{"id":206605,"date":"2026-01-26T11:26:37","date_gmt":"2026-01-26T11:26:37","guid":{"rendered":"https:\/\/zamphelmets.co\/product\/balaclava-no-limits-amarelo-verde-fluo\/"},"modified":"2026-02-27T10:42:46","modified_gmt":"2026-02-27T10:42:46","slug":"balaclava-no-limits-amarelo-verde-fluo","status":"publish","type":"product","link":"https:\/\/zamphelmets.co\/pt-pt\/produto\/balaclava-no-limits-amarelo-verde-fluo\/","title":{"rendered":"Balaclava NO LIMITS &#8211; Amarelo\/Verde Fluo"},"content":{"rendered":"<p><span style=\"font-weight: 400;\">Completa o teu look de corrida com a <strong>balaclava 32Five PUSH YOUR LIMIT<\/strong> \u2014 uma novidade na gama 32Five e na linha Helmet 28.<\/span><\/p>\n<p><span style=\"font-weight: 400;\">Concebida para <strong>complementar na perfei\u00e7\u00e3o as tuas luvas de karting 32Five favoritas<\/strong>, esta balaclava oferece o equil\u00edbrio ideal entre desempenho, conforto e estilo. Quer corras com cores arrojadas ou prefiras uma est\u00e9tica limpa e focada na performance, \u00e9 o toque final que eleva o teu equipamento e te mant\u00e9m concentrado quando mais importa. <\/span><\/p>\n<p><span style=\"font-weight: 400;\">Fabricada em <strong>100% poli\u00e9ster de performance<\/strong>, \u00e9 ultraleve e respir\u00e1vel, assentando na perfei\u00e7\u00e3o por baixo do capacete para te manter fresco, seco e confort\u00e1vel \u2014 volta ap\u00f3s volta.<\/span><\/p>\n<p><strong>Principais caracter\u00edsticas<\/strong><\/p>\n<ul>\n<li><span style=\"font-weight: 400;\">100% poli\u00e9ster de performance \u2013 leve, macio e pronto para a corrida<\/span><\/li>\n<li><span style=\"font-weight: 400;\">Respir\u00e1vel e com absor\u00e7\u00e3o de humidade \u2013 ajuda a regular a temperatura e a gerir o suor<\/span><\/li>\n<li><span style=\"font-weight: 400;\">Ajuste sem costuras por baixo do capacete \u2013 concebida para conforto com qualquer capacete<\/span><\/li>\n<li><span style=\"font-weight: 400;\">Constru\u00e7\u00e3o dur\u00e1vel \u2013 feita para aguentar as exig\u00eancias do dia de corrida<\/span><\/li>\n<li><span style=\"font-weight: 400;\">Unissexo | Tamanho \u00fanico (serve \u00e0 maioria)<\/span><\/li>\n<\/ul>\n<p><span style=\"font-weight: 400;\">Perfeita para pilotos de karting e desportos motorizados que querem que o seu equipamento de corrida trabalhe t\u00e3o duro como eles \u2014 a <strong>balaclava 32Five PUSH YOUR LIMIT<\/strong> foi feita para ir at\u00e9 ao fim.<\/span><\/p>\n","protected":false},"excerpt":{"rendered":"<p>Completa o teu look de corrida com a balaclava 32Five PUSH YOUR LIMIT \u2014 uma novidade na gama 32Five e na linha Helmet 28. Concebida para complementar na perfei\u00e7\u00e3o as tuas luvas de karting 32Five favoritas, esta balaclava oferece o equil\u00edbrio ideal entre desempenho, conforto e estilo. Quer corras com cores arrojadas ou prefiras uma [&hellip;]<\/p>\n","protected":false},"featured_media":190153,"comment_status":"open","ping_status":"closed","template":"","meta":{"_acf_changed":false,"_iconic_wsb_product_page_order_bump_ids":[[]],"_sku":["32Five-Balaclava-006-C"],"_iconic_wsb_product_page_bump_modal_ids":[[]]},"product_brand":[],"product_cat":[490,295,175],"product_tag":[],"class_list":{"0":"post-206605","1":"product","2":"type-product","3":"status-publish","4":"has-post-thumbnail","6":"product_cat-32five","7":"product_cat-protecao","8":"product_cat-protecao-vestuario","10":"first","11":"instock","12":"taxable","13":"shipping-taxable","14":"purchasable","15":"product-type-simple"},"acf":[],"yoast_head":"<!-- This site is optimized with the Yoast SEO plugin v27.0 - https:\/\/yoast.com\/product\/yoast-seo-wordpress\/ -->\n<title>Balaclava NO LIMITS - Amarelo\/Verde Fluo - Zamp Helmets | Helmet 28 EU<\/title>\n<meta name=\"description\" content=\"Balaclava 32Five PUSH YOUR LIMIT em poli\u00e9ster respir\u00e1vel e leve para conforto durante todo o dia. Ajuste sem costuras para karting e desporto motorizado.\" \/>\n<meta name=\"robots\" content=\"index, follow, max-snippet:-1, max-image-preview:large, max-video-preview:-1\" \/>\n<link rel=\"canonical\" href=\"https:\/\/zamphelmets.co\/pt-pt\/produto\/balaclava-no-limits-amarelo-verde-fluo\/\" \/>\n<meta property=\"og:locale\" content=\"pt_PT\" \/>\n<meta property=\"og:type\" content=\"article\" \/>\n<meta property=\"og:title\" content=\"Balaclava NO LIMITS - Amarelo\/Verde Fluo - Zamp Helmets | Helmet 28 EU\" \/>\n<meta property=\"og:description\" content=\"Balaclava 32Five PUSH YOUR LIMIT em poli\u00e9ster respir\u00e1vel e leve para conforto durante todo o dia. Ajuste sem costuras para karting e desporto motorizado.\" \/>\n<meta property=\"og:url\" content=\"https:\/\/zamphelmets.co\/pt-pt\/produto\/balaclava-no-limits-amarelo-verde-fluo\/\" \/>\n<meta property=\"og:site_name\" content=\"Zamp Helmets | Helmet 28 EU\" \/>\n<meta property=\"article:modified_time\" content=\"2026-02-27T10:42:46+00:00\" \/>\n<meta property=\"og:image\" content=\"https:\/\/zamphelmets.co\/wp-content\/uploads\/2026\/01\/Unknown.jpeg\" \/>\n\t<meta property=\"og:image:width\" content=\"960\" \/>\n\t<meta property=\"og:image:height\" content=\"960\" \/>\n\t<meta property=\"og:image:type\" content=\"image\/jpeg\" \/>\n<meta name=\"twitter:card\" content=\"summary_large_image\" \/>\n<meta name=\"twitter:label1\" content=\"Est. reading time\" \/>\n\t<meta name=\"twitter:data1\" content=\"1 minuto\" \/>\n<script type=\"application\/ld+json\" class=\"yoast-schema-graph\">{\"@context\":\"https:\/\/schema.org\",\"@graph\":[{\"@type\":\"WebPage\",\"@id\":\"https:\/\/zamphelmets.co\/pt-pt\/produto\/balaclava-no-limits-amarelo-verde-fluo\/\",\"url\":\"https:\/\/zamphelmets.co\/pt-pt\/produto\/balaclava-no-limits-amarelo-verde-fluo\/\",\"name\":\"Balaclava NO LIMITS - Amarelo\/Verde Fluo - Zamp Helmets | Helmet 28 EU\",\"isPartOf\":{\"@id\":\"https:\/\/zamphelmets.co\/pt-pt\/#website\"},\"primaryImageOfPage\":{\"@id\":\"https:\/\/zamphelmets.co\/pt-pt\/produto\/balaclava-no-limits-amarelo-verde-fluo\/#primaryimage\"},\"image\":{\"@id\":\"https:\/\/zamphelmets.co\/pt-pt\/produto\/balaclava-no-limits-amarelo-verde-fluo\/#primaryimage\"},\"thumbnailUrl\":\"https:\/\/zamphelmets.co\/wp-content\/uploads\/2026\/01\/Unknown.jpeg\",\"datePublished\":\"2026-01-26T11:26:37+00:00\",\"dateModified\":\"2026-02-27T10:42:46+00:00\",\"description\":\"Balaclava 32Five PUSH YOUR LIMIT em poli\u00e9ster respir\u00e1vel e leve para conforto durante todo o dia. Ajuste sem costuras para karting e desporto motorizado.\",\"breadcrumb\":{\"@id\":\"https:\/\/zamphelmets.co\/pt-pt\/produto\/balaclava-no-limits-amarelo-verde-fluo\/#breadcrumb\"},\"inLanguage\":\"pt-PT\",\"potentialAction\":[{\"@type\":\"ReadAction\",\"target\":[\"https:\/\/zamphelmets.co\/pt-pt\/produto\/balaclava-no-limits-amarelo-verde-fluo\/\"]}]},{\"@type\":\"ImageObject\",\"inLanguage\":\"pt-PT\",\"@id\":\"https:\/\/zamphelmets.co\/pt-pt\/produto\/balaclava-no-limits-amarelo-verde-fluo\/#primaryimage\",\"url\":\"https:\/\/zamphelmets.co\/wp-content\/uploads\/2026\/01\/Unknown.jpeg\",\"contentUrl\":\"https:\/\/zamphelmets.co\/wp-content\/uploads\/2026\/01\/Unknown.jpeg\",\"width\":960,\"height\":960},{\"@type\":\"BreadcrumbList\",\"@id\":\"https:\/\/zamphelmets.co\/pt-pt\/produto\/balaclava-no-limits-amarelo-verde-fluo\/#breadcrumb\",\"itemListElement\":[{\"@type\":\"ListItem\",\"position\":1,\"name\":\"Shop\",\"item\":\"https:\/\/zamphelmets.co\/pt-pt\/shop\/\"},{\"@type\":\"ListItem\",\"position\":2,\"name\":\"Balaclava NO LIMITS &#8211; Amarelo\/Verde Fluo\"}]},{\"@type\":\"WebSite\",\"@id\":\"https:\/\/zamphelmets.co\/pt-pt\/#website\",\"url\":\"https:\/\/zamphelmets.co\/pt-pt\/\",\"name\":\"Zamp Helmets | Helmet 28 EU\",\"description\":\"High Quality Motorsport Helmets\",\"potentialAction\":[{\"@type\":\"SearchAction\",\"target\":{\"@type\":\"EntryPoint\",\"urlTemplate\":\"https:\/\/zamphelmets.co\/pt-pt\/?s={search_term_string}\"},\"query-input\":{\"@type\":\"PropertyValueSpecification\",\"valueRequired\":true,\"valueName\":\"search_term_string\"}}],\"inLanguage\":\"pt-PT\"}]}<\/script>\n<!-- \/ Yoast SEO plugin. -->","yoast_head_json":{"title":"Balaclava NO LIMITS - Amarelo\/Verde Fluo - Zamp Helmets | Helmet 28 EU","description":"Balaclava 32Five PUSH YOUR LIMIT em poli\u00e9ster respir\u00e1vel e leve para conforto durante todo o dia. Ajuste sem costuras para karting e desporto motorizado.","robots":{"index":"index","follow":"follow","max-snippet":"max-snippet:-1","max-image-preview":"max-image-preview:large","max-video-preview":"max-video-preview:-1"},"canonical":"https:\/\/zamphelmets.co\/pt-pt\/produto\/balaclava-no-limits-amarelo-verde-fluo\/","og_locale":"pt_PT","og_type":"article","og_title":"Balaclava NO LIMITS - Amarelo\/Verde Fluo - Zamp Helmets | Helmet 28 EU","og_description":"Balaclava 32Five PUSH YOUR LIMIT em poli\u00e9ster respir\u00e1vel e leve para conforto durante todo o dia. Ajuste sem costuras para karting e desporto motorizado.","og_url":"https:\/\/zamphelmets.co\/pt-pt\/produto\/balaclava-no-limits-amarelo-verde-fluo\/","og_site_name":"Zamp Helmets | Helmet 28 EU","article_modified_time":"2026-02-27T10:42:46+00:00","og_image":[{"width":960,"height":960,"url":"https:\/\/zamphelmets.co\/wp-content\/uploads\/2026\/01\/Unknown.jpeg","type":"image\/jpeg"}],"twitter_card":"summary_large_image","twitter_misc":{"Est. reading time":"1 minuto"},"schema":{"@context":"https:\/\/schema.org","@graph":[{"@type":"WebPage","@id":"https:\/\/zamphelmets.co\/pt-pt\/produto\/balaclava-no-limits-amarelo-verde-fluo\/","url":"https:\/\/zamphelmets.co\/pt-pt\/produto\/balaclava-no-limits-amarelo-verde-fluo\/","name":"Balaclava NO LIMITS - Amarelo\/Verde Fluo - Zamp Helmets | Helmet 28 EU","isPartOf":{"@id":"https:\/\/zamphelmets.co\/pt-pt\/#website"},"primaryImageOfPage":{"@id":"https:\/\/zamphelmets.co\/pt-pt\/produto\/balaclava-no-limits-amarelo-verde-fluo\/#primaryimage"},"image":{"@id":"https:\/\/zamphelmets.co\/pt-pt\/produto\/balaclava-no-limits-amarelo-verde-fluo\/#primaryimage"},"thumbnailUrl":"https:\/\/zamphelmets.co\/wp-content\/uploads\/2026\/01\/Unknown.jpeg","datePublished":"2026-01-26T11:26:37+00:00","dateModified":"2026-02-27T10:42:46+00:00","description":"Balaclava 32Five PUSH YOUR LIMIT em poli\u00e9ster respir\u00e1vel e leve para conforto durante todo o dia. Ajuste sem costuras para karting e desporto motorizado.","breadcrumb":{"@id":"https:\/\/zamphelmets.co\/pt-pt\/produto\/balaclava-no-limits-amarelo-verde-fluo\/#breadcrumb"},"inLanguage":"pt-PT","potentialAction":[{"@type":"ReadAction","target":["https:\/\/zamphelmets.co\/pt-pt\/produto\/balaclava-no-limits-amarelo-verde-fluo\/"]}]},{"@type":"ImageObject","inLanguage":"pt-PT","@id":"https:\/\/zamphelmets.co\/pt-pt\/produto\/balaclava-no-limits-amarelo-verde-fluo\/#primaryimage","url":"https:\/\/zamphelmets.co\/wp-content\/uploads\/2026\/01\/Unknown.jpeg","contentUrl":"https:\/\/zamphelmets.co\/wp-content\/uploads\/2026\/01\/Unknown.jpeg","width":960,"height":960},{"@type":"BreadcrumbList","@id":"https:\/\/zamphelmets.co\/pt-pt\/produto\/balaclava-no-limits-amarelo-verde-fluo\/#breadcrumb","itemListElement":[{"@type":"ListItem","position":1,"name":"Shop","item":"https:\/\/zamphelmets.co\/pt-pt\/shop\/"},{"@type":"ListItem","position":2,"name":"Balaclava NO LIMITS &#8211; Amarelo\/Verde Fluo"}]},{"@type":"WebSite","@id":"https:\/\/zamphelmets.co\/pt-pt\/#website","url":"https:\/\/zamphelmets.co\/pt-pt\/","name":"Zamp Helmets | Helmet 28 EU","description":"High Quality Motorsport Helmets","potentialAction":[{"@type":"SearchAction","target":{"@type":"EntryPoint","urlTemplate":"https:\/\/zamphelmets.co\/pt-pt\/?s={search_term_string}"},"query-input":{"@type":"PropertyValueSpecification","valueRequired":true,"valueName":"search_term_string"}}],"inLanguage":"pt-PT"}]}},"_links":{"self":[{"href":"https:\/\/zamphelmets.co\/pt-pt\/wp-json\/wp\/v2\/product\/206605","targetHints":{"allow":["GET"]}}],"collection":[{"href":"https:\/\/zamphelmets.co\/pt-pt\/wp-json\/wp\/v2\/product"}],"about":[{"href":"https:\/\/zamphelmets.co\/pt-pt\/wp-json\/wp\/v2\/types\/product"}],"replies":[{"embeddable":true,"href":"https:\/\/zamphelmets.co\/pt-pt\/wp-json\/wp\/v2\/comments?post=206605"}],"wp:featuredmedia":[{"embeddable":true,"href":"https:\/\/zamphelmets.co\/pt-pt\/wp-json\/wp\/v2\/media\/190153"}],"wp:attachment":[{"href":"https:\/\/zamphelmets.co\/pt-pt\/wp-json\/wp\/v2\/media?parent=206605"}],"wp:term":[{"taxonomy":"product_brand","embeddable":true,"href":"https:\/\/zamphelmets.co\/pt-pt\/wp-json\/wp\/v2\/product_brand?post=206605"},{"taxonomy":"product_cat","embeddable":true,"href":"https:\/\/zamphelmets.co\/pt-pt\/wp-json\/wp\/v2\/product_cat?post=206605"},{"taxonomy":"product_tag","embeddable":true,"href":"https:\/\/zamphelmets.co\/pt-pt\/wp-json\/wp\/v2\/product_tag?post=206605"}],"curies":[{"name":"wp","href":"https:\/\/api.w.org\/{rel}","templated":true}]}}