{"id":205549,"date":"2026-01-26T11:26:09","date_gmt":"2026-01-26T11:26:09","guid":{"rendered":"https:\/\/zamphelmets.co\/product\/use-more-kerb-x-32five\/"},"modified":"2026-02-27T10:52:09","modified_gmt":"2026-02-27T10:52:09","slug":"use-more-kerb-x-32five","status":"publish","type":"product","link":"https:\/\/zamphelmets.co\/pt-pt\/produto\/use-more-kerb-x-32five\/","title":{"rendered":"USE.MORE.KERB x 32Five"},"content":{"rendered":"<div class=\"container\">\n<div id=\"content\" class=\"site-content\">\n<div id=\"primary\" class=\"content-area\">\n<p><span style=\"font-weight: 400;\">Para pilotos que puxam mais, travam mais tarde e vivem no limite da pista.<\/span><\/p>\n<p><span style=\"font-weight: 400;\">Desenvolvidas em colabora\u00e7\u00e3o com <strong>o piloto profissional e especialista de N\u00fcrburgring Brad Philpot<\/strong>, as <strong>luvas USE MORE KERB<\/strong> canalizam uma mentalidade agressiva de corrida numa luva constru\u00edda para verdadeiro desempenho em pista. Concebidas para se destacarem visualmente e entregarem onde mais importa, esta edi\u00e7\u00e3o combina design arrojado com constru\u00e7\u00e3o comprovada em corrida. <\/span><\/p>\n<p><strong>Caracter\u00edsticas principais &amp; detalhes<\/strong><\/p>\n<ul>\n<li><strong>Colabora\u00e7\u00e3o Brad Philpot | &#8220;USEMOREKERB&#8221;<\/strong><\/li>\n<\/ul>\n<p><span style=\"font-weight: 400;\">Criadas com contributo direto de um piloto profissional, trazendo aut\u00eantica vis\u00e3o de dia de corrida para a linguagem de design 32Five.<\/span><\/p>\n<ul>\n<li><strong>Combina\u00e7\u00e3o de Cores Arrojada<\/strong><\/li>\n<\/ul>\n<p><span style=\"font-weight: 400;\">Design verde e rosa fluorescente inspirado no inconfund\u00edvel estilo de corrida de Bradley \u2014 feitas para se destacarem na grelha e em cada apex.<\/span><\/p>\n<ul>\n<li><strong>Constru\u00e7\u00e3o com Costuras Externas<\/strong><\/li>\n<\/ul>\n<p><span style=\"font-weight: 400;\">Costuras externas reduzem pontos de press\u00e3o internos e fric\u00e7\u00e3o, proporcionando maior conforto e durabilidade durante sess\u00f5es longas.<\/span><\/p>\n<ul>\n<li><strong>Tecido Superior Respir\u00e1vel<\/strong><\/li>\n<\/ul>\n<p><span style=\"font-weight: 400;\">Leve, suave e altamente respir\u00e1vel para manter as m\u00e3os frescas enquanto mant\u00e9m cores vivas e de alto impacto.<\/span><\/p>\n<ul>\n<li><strong>Tecnologia de Palma DriveSkin\u2122<\/strong><\/li>\n<\/ul>\n<p><span style=\"font-weight: 400;\">Material de palma de alta ader\u00eancia desenvolvido para feedback preciso da dire\u00e7\u00e3o, excelente resist\u00eancia ao desgaste e controlo total.<\/span><\/p>\n<ul>\n<li><strong>Ajuste Ergon\u00f3mico Pr\u00e9-Curvado<\/strong><\/li>\n<\/ul>\n<p><span style=\"font-weight: 400;\">Forma pr\u00e9-moldada que suporta uma posi\u00e7\u00e3o natural da m\u00e3o, ajudando a reduzir a fadiga e manter o foco volta ap\u00f3s volta.<\/span><\/p>\n<ul>\n<li><strong>Detalhe Vermelho Distintivo nas Pontas dos Dedos<\/strong><\/li>\n<\/ul>\n<p><span style=\"font-weight: 400;\">Um toque final que refor\u00e7a a identidade de design premium da 32Five.<\/span><\/p>\n<p><strong>Constru\u00eddas para serem conduzidas com intensidade, estilizadas para serem inconfund\u00edveis e desenvolvidas sem compromissos.<\/strong><\/p>\n<p><img decoding=\"async\" class=\"alignnone wp-image-222671 lazyload\" data-src=\"https:\/\/zamphelmets.co\/wp-content\/uploads\/2026\/01\/32F-SizeGuide-25-V1-scaled.webp\" alt=\"\" width=\"545\" height=\"293\" data-srcset=\"https:\/\/zamphelmets.co\/wp-content\/uploads\/2026\/01\/32F-SizeGuide-25-V1-scaled.webp 2560w, https:\/\/zamphelmets.co\/wp-content\/uploads\/2026\/01\/32F-SizeGuide-25-V1-300x161.webp 300w, https:\/\/zamphelmets.co\/wp-content\/uploads\/2026\/01\/32F-SizeGuide-25-V1-1024x551.webp 1024w, https:\/\/zamphelmets.co\/wp-content\/uploads\/2026\/01\/32F-SizeGuide-25-V1-768x413.webp 768w, https:\/\/zamphelmets.co\/wp-content\/uploads\/2026\/01\/32F-SizeGuide-25-V1-1536x826.webp 1536w, https:\/\/zamphelmets.co\/wp-content\/uploads\/2026\/01\/32F-SizeGuide-25-V1-2048x1101.webp 2048w, https:\/\/zamphelmets.co\/wp-content\/uploads\/2026\/01\/32F-SizeGuide-25-V1-600x323.webp 600w\" data-sizes=\"(max-width: 545px) 100vw, 545px\" src=\"data:image\/svg+xml;base64,PHN2ZyB3aWR0aD0iMSIgaGVpZ2h0PSIxIiB4bWxucz0iaHR0cDovL3d3dy53My5vcmcvMjAwMC9zdmciPjwvc3ZnPg==\" style=\"--smush-placeholder-width: 545px; --smush-placeholder-aspect-ratio: 545\/293;\" \/><\/p>\n<\/div>\n<\/div>\n<\/div>\n","protected":false},"excerpt":{"rendered":"<p>Para pilotos que puxam mais, travam mais tarde e vivem no limite da pista. Desenvolvidas em colabora\u00e7\u00e3o com o piloto profissional e especialista de N\u00fcrburgring Brad Philpot, as luvas USE MORE KERB canalizam uma mentalidade agressiva de corrida numa luva constru\u00edda para verdadeiro desempenho em pista. Concebidas para se destacarem visualmente e entregarem onde mais [&hellip;]<\/p>\n","protected":false},"featured_media":190091,"comment_status":"open","ping_status":"closed","template":"","meta":{"_acf_changed":false,"_iconic_wsb_product_page_order_bump_ids":[[]],"_sku":[],"_iconic_wsb_product_page_bump_modal_ids":[[]]},"product_brand":[],"product_cat":[490,295,175],"product_tag":[],"class_list":{"0":"post-205549","1":"product","2":"type-product","3":"status-publish","4":"has-post-thumbnail","6":"product_cat-32five","7":"product_cat-protecao","8":"product_cat-protecao-vestuario","10":"first","11":"instock","12":"taxable","13":"shipping-taxable","14":"purchasable","15":"product-type-variable"},"acf":[],"yoast_head":"<!-- This site is optimized with the Yoast SEO plugin v27.0 - https:\/\/yoast.com\/product\/yoast-seo-wordpress\/ -->\n<title>32Five USE.MORE.KERB x 32Five - Luvas Premium de Karting<\/title>\n<meta name=\"description\" content=\"As luvas de karting 32Five x Brad Philpot USE MORE KERB oferecem um estilo agressivo, ader\u00eancia DriveSkin e conforto comprovado em corrida para pilotos que puxam mais.\" \/>\n<meta name=\"robots\" content=\"index, follow, max-snippet:-1, max-image-preview:large, max-video-preview:-1\" \/>\n<link rel=\"canonical\" href=\"https:\/\/zamphelmets.co\/pt-pt\/produto\/use-more-kerb-x-32five\/\" \/>\n<meta property=\"og:locale\" content=\"pt_PT\" \/>\n<meta property=\"og:type\" content=\"article\" \/>\n<meta property=\"og:title\" content=\"32Five USE.MORE.KERB x 32Five - Luvas Premium de Karting\" \/>\n<meta property=\"og:description\" content=\"As luvas de karting 32Five x Brad Philpot USE MORE KERB oferecem um estilo agressivo, ader\u00eancia DriveSkin e conforto comprovado em corrida para pilotos que puxam mais.\" \/>\n<meta property=\"og:url\" content=\"https:\/\/zamphelmets.co\/pt-pt\/produto\/use-more-kerb-x-32five\/\" \/>\n<meta property=\"og:site_name\" content=\"Zamp Helmets | Helmet 28 EU\" \/>\n<meta property=\"article:modified_time\" content=\"2026-02-27T10:52:09+00:00\" \/>\n<meta property=\"og:image\" content=\"https:\/\/zamphelmets.co\/wp-content\/uploads\/2026\/01\/usemorekerb.jpeg\" \/>\n\t<meta property=\"og:image:width\" content=\"943\" \/>\n\t<meta property=\"og:image:height\" content=\"1000\" \/>\n\t<meta property=\"og:image:type\" content=\"image\/jpeg\" \/>\n<meta name=\"twitter:card\" content=\"summary_large_image\" \/>\n<meta name=\"twitter:label1\" content=\"Est. reading time\" \/>\n\t<meta name=\"twitter:data1\" content=\"1 minuto\" \/>\n<script type=\"application\/ld+json\" class=\"yoast-schema-graph\">{\"@context\":\"https:\/\/schema.org\",\"@graph\":[{\"@type\":\"WebPage\",\"@id\":\"https:\/\/zamphelmets.co\/pt-pt\/produto\/use-more-kerb-x-32five\/\",\"url\":\"https:\/\/zamphelmets.co\/pt-pt\/produto\/use-more-kerb-x-32five\/\",\"name\":\"32Five USE.MORE.KERB x 32Five - Luvas Premium de Karting\",\"isPartOf\":{\"@id\":\"https:\/\/zamphelmets.co\/pt-pt\/#website\"},\"primaryImageOfPage\":{\"@id\":\"https:\/\/zamphelmets.co\/pt-pt\/produto\/use-more-kerb-x-32five\/#primaryimage\"},\"image\":{\"@id\":\"https:\/\/zamphelmets.co\/pt-pt\/produto\/use-more-kerb-x-32five\/#primaryimage\"},\"thumbnailUrl\":\"https:\/\/zamphelmets.co\/wp-content\/uploads\/2026\/01\/usemorekerb.jpeg\",\"datePublished\":\"2026-01-26T11:26:09+00:00\",\"dateModified\":\"2026-02-27T10:52:09+00:00\",\"description\":\"As luvas de karting 32Five x Brad Philpot USE MORE KERB oferecem um estilo agressivo, ader\u00eancia DriveSkin e conforto comprovado em corrida para pilotos que puxam mais.\",\"breadcrumb\":{\"@id\":\"https:\/\/zamphelmets.co\/pt-pt\/produto\/use-more-kerb-x-32five\/#breadcrumb\"},\"inLanguage\":\"pt-PT\",\"potentialAction\":[{\"@type\":\"ReadAction\",\"target\":[\"https:\/\/zamphelmets.co\/pt-pt\/produto\/use-more-kerb-x-32five\/\"]}]},{\"@type\":\"ImageObject\",\"inLanguage\":\"pt-PT\",\"@id\":\"https:\/\/zamphelmets.co\/pt-pt\/produto\/use-more-kerb-x-32five\/#primaryimage\",\"url\":\"https:\/\/zamphelmets.co\/wp-content\/uploads\/2026\/01\/usemorekerb.jpeg\",\"contentUrl\":\"https:\/\/zamphelmets.co\/wp-content\/uploads\/2026\/01\/usemorekerb.jpeg\",\"width\":943,\"height\":1000},{\"@type\":\"BreadcrumbList\",\"@id\":\"https:\/\/zamphelmets.co\/pt-pt\/produto\/use-more-kerb-x-32five\/#breadcrumb\",\"itemListElement\":[{\"@type\":\"ListItem\",\"position\":1,\"name\":\"Shop\",\"item\":\"https:\/\/zamphelmets.co\/pt-pt\/shop\/\"},{\"@type\":\"ListItem\",\"position\":2,\"name\":\"USE.MORE.KERB x 32Five\"}]},{\"@type\":\"WebSite\",\"@id\":\"https:\/\/zamphelmets.co\/pt-pt\/#website\",\"url\":\"https:\/\/zamphelmets.co\/pt-pt\/\",\"name\":\"Zamp Helmets | Helmet 28 EU\",\"description\":\"High Quality Motorsport Helmets\",\"potentialAction\":[{\"@type\":\"SearchAction\",\"target\":{\"@type\":\"EntryPoint\",\"urlTemplate\":\"https:\/\/zamphelmets.co\/pt-pt\/?s={search_term_string}\"},\"query-input\":{\"@type\":\"PropertyValueSpecification\",\"valueRequired\":true,\"valueName\":\"search_term_string\"}}],\"inLanguage\":\"pt-PT\"}]}<\/script>\n<!-- \/ Yoast SEO plugin. -->","yoast_head_json":{"title":"32Five USE.MORE.KERB x 32Five - Luvas Premium de Karting","description":"As luvas de karting 32Five x Brad Philpot USE MORE KERB oferecem um estilo agressivo, ader\u00eancia DriveSkin e conforto comprovado em corrida para pilotos que puxam mais.","robots":{"index":"index","follow":"follow","max-snippet":"max-snippet:-1","max-image-preview":"max-image-preview:large","max-video-preview":"max-video-preview:-1"},"canonical":"https:\/\/zamphelmets.co\/pt-pt\/produto\/use-more-kerb-x-32five\/","og_locale":"pt_PT","og_type":"article","og_title":"32Five USE.MORE.KERB x 32Five - Luvas Premium de Karting","og_description":"As luvas de karting 32Five x Brad Philpot USE MORE KERB oferecem um estilo agressivo, ader\u00eancia DriveSkin e conforto comprovado em corrida para pilotos que puxam mais.","og_url":"https:\/\/zamphelmets.co\/pt-pt\/produto\/use-more-kerb-x-32five\/","og_site_name":"Zamp Helmets | Helmet 28 EU","article_modified_time":"2026-02-27T10:52:09+00:00","og_image":[{"width":943,"height":1000,"url":"https:\/\/zamphelmets.co\/wp-content\/uploads\/2026\/01\/usemorekerb.jpeg","type":"image\/jpeg"}],"twitter_card":"summary_large_image","twitter_misc":{"Est. reading time":"1 minuto"},"schema":{"@context":"https:\/\/schema.org","@graph":[{"@type":"WebPage","@id":"https:\/\/zamphelmets.co\/pt-pt\/produto\/use-more-kerb-x-32five\/","url":"https:\/\/zamphelmets.co\/pt-pt\/produto\/use-more-kerb-x-32five\/","name":"32Five USE.MORE.KERB x 32Five - Luvas Premium de Karting","isPartOf":{"@id":"https:\/\/zamphelmets.co\/pt-pt\/#website"},"primaryImageOfPage":{"@id":"https:\/\/zamphelmets.co\/pt-pt\/produto\/use-more-kerb-x-32five\/#primaryimage"},"image":{"@id":"https:\/\/zamphelmets.co\/pt-pt\/produto\/use-more-kerb-x-32five\/#primaryimage"},"thumbnailUrl":"https:\/\/zamphelmets.co\/wp-content\/uploads\/2026\/01\/usemorekerb.jpeg","datePublished":"2026-01-26T11:26:09+00:00","dateModified":"2026-02-27T10:52:09+00:00","description":"As luvas de karting 32Five x Brad Philpot USE MORE KERB oferecem um estilo agressivo, ader\u00eancia DriveSkin e conforto comprovado em corrida para pilotos que puxam mais.","breadcrumb":{"@id":"https:\/\/zamphelmets.co\/pt-pt\/produto\/use-more-kerb-x-32five\/#breadcrumb"},"inLanguage":"pt-PT","potentialAction":[{"@type":"ReadAction","target":["https:\/\/zamphelmets.co\/pt-pt\/produto\/use-more-kerb-x-32five\/"]}]},{"@type":"ImageObject","inLanguage":"pt-PT","@id":"https:\/\/zamphelmets.co\/pt-pt\/produto\/use-more-kerb-x-32five\/#primaryimage","url":"https:\/\/zamphelmets.co\/wp-content\/uploads\/2026\/01\/usemorekerb.jpeg","contentUrl":"https:\/\/zamphelmets.co\/wp-content\/uploads\/2026\/01\/usemorekerb.jpeg","width":943,"height":1000},{"@type":"BreadcrumbList","@id":"https:\/\/zamphelmets.co\/pt-pt\/produto\/use-more-kerb-x-32five\/#breadcrumb","itemListElement":[{"@type":"ListItem","position":1,"name":"Shop","item":"https:\/\/zamphelmets.co\/pt-pt\/shop\/"},{"@type":"ListItem","position":2,"name":"USE.MORE.KERB x 32Five"}]},{"@type":"WebSite","@id":"https:\/\/zamphelmets.co\/pt-pt\/#website","url":"https:\/\/zamphelmets.co\/pt-pt\/","name":"Zamp Helmets | Helmet 28 EU","description":"High Quality Motorsport Helmets","potentialAction":[{"@type":"SearchAction","target":{"@type":"EntryPoint","urlTemplate":"https:\/\/zamphelmets.co\/pt-pt\/?s={search_term_string}"},"query-input":{"@type":"PropertyValueSpecification","valueRequired":true,"valueName":"search_term_string"}}],"inLanguage":"pt-PT"}]}},"_links":{"self":[{"href":"https:\/\/zamphelmets.co\/pt-pt\/wp-json\/wp\/v2\/product\/205549","targetHints":{"allow":["GET"]}}],"collection":[{"href":"https:\/\/zamphelmets.co\/pt-pt\/wp-json\/wp\/v2\/product"}],"about":[{"href":"https:\/\/zamphelmets.co\/pt-pt\/wp-json\/wp\/v2\/types\/product"}],"replies":[{"embeddable":true,"href":"https:\/\/zamphelmets.co\/pt-pt\/wp-json\/wp\/v2\/comments?post=205549"}],"wp:featuredmedia":[{"embeddable":true,"href":"https:\/\/zamphelmets.co\/pt-pt\/wp-json\/wp\/v2\/media\/190091"}],"wp:attachment":[{"href":"https:\/\/zamphelmets.co\/pt-pt\/wp-json\/wp\/v2\/media?parent=205549"}],"wp:term":[{"taxonomy":"product_brand","embeddable":true,"href":"https:\/\/zamphelmets.co\/pt-pt\/wp-json\/wp\/v2\/product_brand?post=205549"},{"taxonomy":"product_cat","embeddable":true,"href":"https:\/\/zamphelmets.co\/pt-pt\/wp-json\/wp\/v2\/product_cat?post=205549"},{"taxonomy":"product_tag","embeddable":true,"href":"https:\/\/zamphelmets.co\/pt-pt\/wp-json\/wp\/v2\/product_tag?post=205549"}],"curies":[{"name":"wp","href":"https:\/\/api.w.org\/{rel}","templated":true}]}}