{"id":204907,"date":"2026-01-26T11:24:06","date_gmt":"2026-01-26T11:24:06","guid":{"rendered":"https:\/\/zamphelmets.co\/product\/smile-to-win-arco-iris\/"},"modified":"2026-03-01T12:24:16","modified_gmt":"2026-03-01T12:24:16","slug":"smile-to-win-arco-iris","status":"publish","type":"product","link":"https:\/\/zamphelmets.co\/pt-pt\/produto\/smile-to-win-arco-iris\/","title":{"rendered":"SMILE TO WIN &#8211; Arco-\u00edris"},"content":{"rendered":"<p><strong>Segue o Dedo Vermelho \u2013 A Pr\u00f3xima Gera\u00e7\u00e3o de Luvas Premium de Karting<\/strong><\/p>\n<p>Descobre a nova <strong>cole\u00e7\u00e3o Smile to Win da 32Five<\/strong> \u2014 uma fus\u00e3o arrojada de desempenho, conforto e personalidade, criada para pilotos que exigem mais do seu equipamento. Concebidas tanto para pilotos profissionais como para entusiastas do karting, estas luvas de corrida premium combinam materiais de ponta com o estilo inconfund\u00edvel da 32Five. <\/p>\n<p>Cada par inclui a <strong>ic\u00f3nica ponta do dedo vermelha<\/strong>, <strong>costuras externas de precis\u00e3o<\/strong> e um <strong>ajuste ergon\u00f3mico pr\u00e9-curvado<\/strong> para um conforto e controlo superiores. O tecido superior respir\u00e1vel mant\u00e9m as tuas m\u00e3os frescas mesmo sob press\u00e3o, enquanto a tecnologia avan\u00e7ada DriveSkin na palma proporciona uma ader\u00eancia, sensibilidade e durabilidade inigual\u00e1veis ao volante. <\/p>\n<p>Quer estejas a lutar por p\u00f3dios ou a aperfei\u00e7oar as tuas trajet\u00f3rias, as luvas 32Five s\u00e3o feitas para render, feitas para se destacarem e feitas para durar.<\/p>\n<ul>\n<li><strong>Costuras Externas<\/strong> \u2013 Menos pontos de press\u00e3o e fric\u00e7\u00e3o para m\u00e1ximo conforto e resist\u00eancia.<\/li>\n<li><strong>Tecido Superior Respir\u00e1vel<\/strong> \u2013 Leve, macio e fresco, com cores de alto impacto que marcam a diferen\u00e7a.<\/li>\n<li><strong>Tecnologia de Palma DriveSkin<\/strong> \u2013 Ader\u00eancia melhorada, melhor sensibilidade de dire\u00e7\u00e3o e maior resist\u00eancia ao desgaste para controlo total.<\/li>\n<li><strong>Ajuste Ergon\u00f3mico Pr\u00e9-Curvado<\/strong> \u2013 Apoia a posi\u00e7\u00e3o natural da tua m\u00e3o para precis\u00e3o e foco em cada volta.<\/li>\n<li><strong>Dispon\u00edvel nos tamanhos XXXSmall a Large<\/strong><\/li>\n<\/ul>\n<p><strong>Sorri. Corre a s\u00e9rio. Ganha com a 32Five.  <\/strong><\/p>\n<p><img decoding=\"async\" class=\"alignnone wp-image-222671 lazyload\" data-src=\"https:\/\/zamphelmets.co\/wp-content\/uploads\/2026\/01\/32F-SizeGuide-25-V1-scaled.webp\" alt=\"\" width=\"573\" height=\"308\" data-srcset=\"https:\/\/zamphelmets.co\/wp-content\/uploads\/2026\/01\/32F-SizeGuide-25-V1-scaled.webp 2560w, https:\/\/zamphelmets.co\/wp-content\/uploads\/2026\/01\/32F-SizeGuide-25-V1-300x161.webp 300w, https:\/\/zamphelmets.co\/wp-content\/uploads\/2026\/01\/32F-SizeGuide-25-V1-1024x551.webp 1024w, https:\/\/zamphelmets.co\/wp-content\/uploads\/2026\/01\/32F-SizeGuide-25-V1-768x413.webp 768w, https:\/\/zamphelmets.co\/wp-content\/uploads\/2026\/01\/32F-SizeGuide-25-V1-1536x826.webp 1536w, https:\/\/zamphelmets.co\/wp-content\/uploads\/2026\/01\/32F-SizeGuide-25-V1-2048x1101.webp 2048w, https:\/\/zamphelmets.co\/wp-content\/uploads\/2026\/01\/32F-SizeGuide-25-V1-600x323.webp 600w\" data-sizes=\"(max-width: 573px) 100vw, 573px\" src=\"data:image\/svg+xml;base64,PHN2ZyB3aWR0aD0iMSIgaGVpZ2h0PSIxIiB4bWxucz0iaHR0cDovL3d3dy53My5vcmcvMjAwMC9zdmciPjwvc3ZnPg==\" style=\"--smush-placeholder-width: 573px; --smush-placeholder-aspect-ratio: 573\/308;\" \/><\/p>\n","protected":false},"excerpt":{"rendered":"<p>Segue o Dedo Vermelho \u2013 A Pr\u00f3xima Gera\u00e7\u00e3o de Luvas Premium de Karting Descobre a nova cole\u00e7\u00e3o Smile to Win da 32Five \u2014 uma fus\u00e3o arrojada de desempenho, conforto e personalidade, criada para pilotos que exigem mais do seu equipamento. Concebidas tanto para pilotos profissionais como para entusiastas do karting, estas luvas de corrida premium [&hellip;]<\/p>\n","protected":false},"featured_media":189824,"comment_status":"open","ping_status":"closed","template":"","meta":{"_acf_changed":false,"_iconic_wsb_product_page_order_bump_ids":[[]],"_sku":[],"_iconic_wsb_product_page_bump_modal_ids":[[]]},"product_brand":[],"product_cat":[490,176,175],"product_tag":[],"class_list":{"0":"post-204907","1":"product","2":"type-product","3":"status-publish","4":"has-post-thumbnail","6":"product_cat-32five","7":"product_cat-luvas","8":"product_cat-protecao-vestuario","10":"first","11":"instock","12":"taxable","13":"shipping-taxable","14":"purchasable","15":"product-type-variable"},"acf":[],"yoast_head":"<!-- This site is optimized with the Yoast SEO plugin v27.0 - https:\/\/yoast.com\/product\/yoast-seo-wordpress\/ -->\n<title>32Five SMILE TO WIN - Arco-\u00edris - Luvas Premium de Karting<\/title>\n<meta name=\"description\" content=\"Luvas de karting premium da 32Five com palma DriveSkin, tecido respir\u00e1vel e ajuste ergon\u00f3mico. Criadas para desempenho, conforto e controlo.\" \/>\n<meta name=\"robots\" content=\"index, follow, max-snippet:-1, max-image-preview:large, max-video-preview:-1\" \/>\n<link rel=\"canonical\" href=\"https:\/\/zamphelmets.co\/pt-pt\/produto\/smile-to-win-arco-iris\/\" \/>\n<meta property=\"og:locale\" content=\"pt_PT\" \/>\n<meta property=\"og:type\" content=\"article\" \/>\n<meta property=\"og:title\" content=\"32Five SMILE TO WIN - Arco-\u00edris - Luvas Premium de Karting\" \/>\n<meta property=\"og:description\" content=\"Luvas de karting premium da 32Five com palma DriveSkin, tecido respir\u00e1vel e ajuste ergon\u00f3mico. Criadas para desempenho, conforto e controlo.\" \/>\n<meta property=\"og:url\" content=\"https:\/\/zamphelmets.co\/pt-pt\/produto\/smile-to-win-arco-iris\/\" \/>\n<meta property=\"og:site_name\" content=\"Zamp Helmets | Helmet 28 EU\" \/>\n<meta property=\"article:modified_time\" content=\"2026-03-01T12:24:16+00:00\" \/>\n<meta property=\"og:image\" content=\"https:\/\/zamphelmets.co\/wp-content\/uploads\/2026\/01\/smiletowin_rainbow.jpeg\" \/>\n\t<meta property=\"og:image:width\" content=\"989\" \/>\n\t<meta property=\"og:image:height\" content=\"1000\" \/>\n\t<meta property=\"og:image:type\" content=\"image\/jpeg\" \/>\n<meta name=\"twitter:card\" content=\"summary_large_image\" \/>\n<meta name=\"twitter:label1\" content=\"Est. reading time\" \/>\n\t<meta name=\"twitter:data1\" content=\"1 minuto\" \/>\n<script type=\"application\/ld+json\" class=\"yoast-schema-graph\">{\"@context\":\"https:\/\/schema.org\",\"@graph\":[{\"@type\":\"WebPage\",\"@id\":\"https:\/\/zamphelmets.co\/pt-pt\/produto\/smile-to-win-arco-iris\/\",\"url\":\"https:\/\/zamphelmets.co\/pt-pt\/produto\/smile-to-win-arco-iris\/\",\"name\":\"32Five SMILE TO WIN - Arco-\u00edris - Luvas Premium de Karting\",\"isPartOf\":{\"@id\":\"https:\/\/zamphelmets.co\/pt-pt\/#website\"},\"primaryImageOfPage\":{\"@id\":\"https:\/\/zamphelmets.co\/pt-pt\/produto\/smile-to-win-arco-iris\/#primaryimage\"},\"image\":{\"@id\":\"https:\/\/zamphelmets.co\/pt-pt\/produto\/smile-to-win-arco-iris\/#primaryimage\"},\"thumbnailUrl\":\"https:\/\/zamphelmets.co\/wp-content\/uploads\/2026\/01\/smiletowin_rainbow.jpeg\",\"datePublished\":\"2026-01-26T11:24:06+00:00\",\"dateModified\":\"2026-03-01T12:24:16+00:00\",\"description\":\"Luvas de karting premium da 32Five com palma DriveSkin, tecido respir\u00e1vel e ajuste ergon\u00f3mico. Criadas para desempenho, conforto e controlo.\",\"breadcrumb\":{\"@id\":\"https:\/\/zamphelmets.co\/pt-pt\/produto\/smile-to-win-arco-iris\/#breadcrumb\"},\"inLanguage\":\"pt-PT\",\"potentialAction\":[{\"@type\":\"ReadAction\",\"target\":[\"https:\/\/zamphelmets.co\/pt-pt\/produto\/smile-to-win-arco-iris\/\"]}]},{\"@type\":\"ImageObject\",\"inLanguage\":\"pt-PT\",\"@id\":\"https:\/\/zamphelmets.co\/pt-pt\/produto\/smile-to-win-arco-iris\/#primaryimage\",\"url\":\"https:\/\/zamphelmets.co\/wp-content\/uploads\/2026\/01\/smiletowin_rainbow.jpeg\",\"contentUrl\":\"https:\/\/zamphelmets.co\/wp-content\/uploads\/2026\/01\/smiletowin_rainbow.jpeg\",\"width\":989,\"height\":1000},{\"@type\":\"BreadcrumbList\",\"@id\":\"https:\/\/zamphelmets.co\/pt-pt\/produto\/smile-to-win-arco-iris\/#breadcrumb\",\"itemListElement\":[{\"@type\":\"ListItem\",\"position\":1,\"name\":\"Shop\",\"item\":\"https:\/\/zamphelmets.co\/pt-pt\/shop\/\"},{\"@type\":\"ListItem\",\"position\":2,\"name\":\"SMILE TO WIN &#8211; Arco-\u00edris\"}]},{\"@type\":\"WebSite\",\"@id\":\"https:\/\/zamphelmets.co\/pt-pt\/#website\",\"url\":\"https:\/\/zamphelmets.co\/pt-pt\/\",\"name\":\"Zamp Helmets | Helmet 28 EU\",\"description\":\"High Quality Motorsport Helmets\",\"potentialAction\":[{\"@type\":\"SearchAction\",\"target\":{\"@type\":\"EntryPoint\",\"urlTemplate\":\"https:\/\/zamphelmets.co\/pt-pt\/?s={search_term_string}\"},\"query-input\":{\"@type\":\"PropertyValueSpecification\",\"valueRequired\":true,\"valueName\":\"search_term_string\"}}],\"inLanguage\":\"pt-PT\"}]}<\/script>\n<!-- \/ Yoast SEO plugin. -->","yoast_head_json":{"title":"32Five SMILE TO WIN - Arco-\u00edris - Luvas Premium de Karting","description":"Luvas de karting premium da 32Five com palma DriveSkin, tecido respir\u00e1vel e ajuste ergon\u00f3mico. Criadas para desempenho, conforto e controlo.","robots":{"index":"index","follow":"follow","max-snippet":"max-snippet:-1","max-image-preview":"max-image-preview:large","max-video-preview":"max-video-preview:-1"},"canonical":"https:\/\/zamphelmets.co\/pt-pt\/produto\/smile-to-win-arco-iris\/","og_locale":"pt_PT","og_type":"article","og_title":"32Five SMILE TO WIN - Arco-\u00edris - Luvas Premium de Karting","og_description":"Luvas de karting premium da 32Five com palma DriveSkin, tecido respir\u00e1vel e ajuste ergon\u00f3mico. Criadas para desempenho, conforto e controlo.","og_url":"https:\/\/zamphelmets.co\/pt-pt\/produto\/smile-to-win-arco-iris\/","og_site_name":"Zamp Helmets | Helmet 28 EU","article_modified_time":"2026-03-01T12:24:16+00:00","og_image":[{"width":989,"height":1000,"url":"https:\/\/zamphelmets.co\/wp-content\/uploads\/2026\/01\/smiletowin_rainbow.jpeg","type":"image\/jpeg"}],"twitter_card":"summary_large_image","twitter_misc":{"Est. reading time":"1 minuto"},"schema":{"@context":"https:\/\/schema.org","@graph":[{"@type":"WebPage","@id":"https:\/\/zamphelmets.co\/pt-pt\/produto\/smile-to-win-arco-iris\/","url":"https:\/\/zamphelmets.co\/pt-pt\/produto\/smile-to-win-arco-iris\/","name":"32Five SMILE TO WIN - Arco-\u00edris - Luvas Premium de Karting","isPartOf":{"@id":"https:\/\/zamphelmets.co\/pt-pt\/#website"},"primaryImageOfPage":{"@id":"https:\/\/zamphelmets.co\/pt-pt\/produto\/smile-to-win-arco-iris\/#primaryimage"},"image":{"@id":"https:\/\/zamphelmets.co\/pt-pt\/produto\/smile-to-win-arco-iris\/#primaryimage"},"thumbnailUrl":"https:\/\/zamphelmets.co\/wp-content\/uploads\/2026\/01\/smiletowin_rainbow.jpeg","datePublished":"2026-01-26T11:24:06+00:00","dateModified":"2026-03-01T12:24:16+00:00","description":"Luvas de karting premium da 32Five com palma DriveSkin, tecido respir\u00e1vel e ajuste ergon\u00f3mico. Criadas para desempenho, conforto e controlo.","breadcrumb":{"@id":"https:\/\/zamphelmets.co\/pt-pt\/produto\/smile-to-win-arco-iris\/#breadcrumb"},"inLanguage":"pt-PT","potentialAction":[{"@type":"ReadAction","target":["https:\/\/zamphelmets.co\/pt-pt\/produto\/smile-to-win-arco-iris\/"]}]},{"@type":"ImageObject","inLanguage":"pt-PT","@id":"https:\/\/zamphelmets.co\/pt-pt\/produto\/smile-to-win-arco-iris\/#primaryimage","url":"https:\/\/zamphelmets.co\/wp-content\/uploads\/2026\/01\/smiletowin_rainbow.jpeg","contentUrl":"https:\/\/zamphelmets.co\/wp-content\/uploads\/2026\/01\/smiletowin_rainbow.jpeg","width":989,"height":1000},{"@type":"BreadcrumbList","@id":"https:\/\/zamphelmets.co\/pt-pt\/produto\/smile-to-win-arco-iris\/#breadcrumb","itemListElement":[{"@type":"ListItem","position":1,"name":"Shop","item":"https:\/\/zamphelmets.co\/pt-pt\/shop\/"},{"@type":"ListItem","position":2,"name":"SMILE TO WIN &#8211; Arco-\u00edris"}]},{"@type":"WebSite","@id":"https:\/\/zamphelmets.co\/pt-pt\/#website","url":"https:\/\/zamphelmets.co\/pt-pt\/","name":"Zamp Helmets | Helmet 28 EU","description":"High Quality Motorsport Helmets","potentialAction":[{"@type":"SearchAction","target":{"@type":"EntryPoint","urlTemplate":"https:\/\/zamphelmets.co\/pt-pt\/?s={search_term_string}"},"query-input":{"@type":"PropertyValueSpecification","valueRequired":true,"valueName":"search_term_string"}}],"inLanguage":"pt-PT"}]}},"_links":{"self":[{"href":"https:\/\/zamphelmets.co\/pt-pt\/wp-json\/wp\/v2\/product\/204907","targetHints":{"allow":["GET"]}}],"collection":[{"href":"https:\/\/zamphelmets.co\/pt-pt\/wp-json\/wp\/v2\/product"}],"about":[{"href":"https:\/\/zamphelmets.co\/pt-pt\/wp-json\/wp\/v2\/types\/product"}],"replies":[{"embeddable":true,"href":"https:\/\/zamphelmets.co\/pt-pt\/wp-json\/wp\/v2\/comments?post=204907"}],"wp:featuredmedia":[{"embeddable":true,"href":"https:\/\/zamphelmets.co\/pt-pt\/wp-json\/wp\/v2\/media\/189824"}],"wp:attachment":[{"href":"https:\/\/zamphelmets.co\/pt-pt\/wp-json\/wp\/v2\/media?parent=204907"}],"wp:term":[{"taxonomy":"product_brand","embeddable":true,"href":"https:\/\/zamphelmets.co\/pt-pt\/wp-json\/wp\/v2\/product_brand?post=204907"},{"taxonomy":"product_cat","embeddable":true,"href":"https:\/\/zamphelmets.co\/pt-pt\/wp-json\/wp\/v2\/product_cat?post=204907"},{"taxonomy":"product_tag","embeddable":true,"href":"https:\/\/zamphelmets.co\/pt-pt\/wp-json\/wp\/v2\/product_tag?post=204907"}],"curies":[{"name":"wp","href":"https:\/\/api.w.org\/{rel}","templated":true}]}}