{"id":28416,"date":"2024-07-16T12:57:09","date_gmt":"2024-07-16T12:57:09","guid":{"rendered":"https:\/\/zamphelmets.co\/politica-de-privacidade-e-de-cookies\/"},"modified":"2026-02-16T15:06:36","modified_gmt":"2026-02-16T15:06:36","slug":"politica-de-privacidade-e-de-cookies","status":"publish","type":"page","link":"https:\/\/zamphelmets.co\/pt-pt\/politica-de-privacidade-e-de-cookies\/","title":{"rendered":"Pol\u00edtica de privacidade e de cookies"},"content":{"rendered":"<p>Estamos empenhados em salvaguardar a privacidade dos visitantes e utilizadores do nosso s\u00edtio Web; esta pol\u00edtica estabelece a forma como trataremos as tuas informa\u00e7\u00f5es pessoais.<br \/>\nEsta pol\u00edtica est\u00e1 dividida em tr\u00eas partes:<br \/>\n~ A Parte A fornece informa\u00e7\u00f5es sobre a nossa recolha e utiliza\u00e7\u00e3o de informa\u00e7\u00f5es pessoais;<br \/>\n~ A Parte B fornece informa\u00e7\u00f5es sobre os cookies utilizados neste s\u00edtio Web; e<br \/>\n~ A Parte C cont\u00e9m informa\u00e7\u00f5es sobre n\u00f3s (incluindo dados de contacto).<br \/>\nAo utilizar o nosso s\u00edtio Web e ao concordar com esta pol\u00edtica, consente com a nossa utiliza\u00e7\u00e3o de cookies de acordo com os termos desta pol\u00edtica.<br \/>\nPARTE A: AS SUAS INFORMA\u00c7\u00d5ES PESSOAIS<br \/>\n(1) Que informa\u00e7\u00f5es recolhemos?<br \/>\nPodemos recolher, armazenar e utilizar os seguintes tipos de informa\u00e7\u00f5es pessoais:<br \/>\n(a) informa\u00e7\u00f5es sobre o teu computador e sobre as tuas visitas e utiliza\u00e7\u00e3o deste s\u00edtio Web (incluindo o teu endere\u00e7o IP, localiza\u00e7\u00e3o geogr\u00e1fica, tipo e vers\u00e3o do browser, sistema operativo, fonte de refer\u00eancia, dura\u00e7\u00e3o da visita, visualiza\u00e7\u00f5es de p\u00e1ginas e navega\u00e7\u00e3o no s\u00edtio Web);<br \/>\n(b) informa\u00e7\u00f5es que nos forneces com o objetivo de te registares connosco, incluindo as informa\u00e7\u00f5es de inscri\u00e7\u00e3o fornecidas (nome, e-mail, n\u00famero de telem\u00f3vel, n\u00famero de telefone fixo, pa\u00eds, regi\u00e3o, cidade, endere\u00e7o da cidade e endere\u00e7o da rua);<br \/>\n(d) informa\u00e7\u00f5es que nos forne\u00e7as para efeitos de subscri\u00e7\u00e3o dos servi\u00e7os do nosso s\u00edtio Web, notifica\u00e7\u00f5es por correio eletr\u00f3nico e\/ou boletins informativos;<br \/>\n(e) quaisquer outras informa\u00e7\u00f5es que optes por nos enviar (atrav\u00e9s do formul\u00e1rio de contacto, por exemplo);<br \/>\nAntes de nos divulgares as informa\u00e7\u00f5es pessoais de outra pessoa, tens de obter o consentimento dessa pessoa para a divulga\u00e7\u00e3o e o processamento dessas informa\u00e7\u00f5es pessoais, de acordo com os termos da presente pol\u00edtica.<br \/>\n(2) Utiliza\u00e7\u00e3o das tuas informa\u00e7\u00f5es pessoais<br \/>\nAs informa\u00e7\u00f5es pessoais que nos forem enviadas atrav\u00e9s deste s\u00edtio Web ser\u00e3o utilizadas para os fins especificados na presente pol\u00edtica ou em partes relevantes do s\u00edtio Web.<br \/>\nPodemos utilizar as tuas informa\u00e7\u00f5es pessoais para:<br \/>\n(a) administrar o s\u00edtio Web;<br \/>\n(b) melhorar a tua experi\u00eancia de navega\u00e7\u00e3o, personalizando o s\u00edtio Web;<br \/>\n(c) permitir a tua utiliza\u00e7\u00e3o dos servi\u00e7os dispon\u00edveis no s\u00edtio Web;<br \/>\n(d) enviar-te notifica\u00e7\u00f5es por correio eletr\u00f3nico que tenhas solicitado especificamente;<br \/>\n(e) enviar-te o nosso boletim informativo e outras comunica\u00e7\u00f5es de marketing relacionadas com a nossa atividade que pensamos serem do teu interesse, por correio eletr\u00f3nico (podes optar por n\u00e3o participar atrav\u00e9s da liga\u00e7\u00e3o de anula\u00e7\u00e3o da subscri\u00e7\u00e3o na parte inferior dos nossos boletins informativos por correio eletr\u00f3nico);<br \/>\n(f) tratar de quest\u00f5es e reclama\u00e7\u00f5es feitas por ti ou sobre ti relacionadas com o s\u00edtio Web;<br \/>\n(g) manter o s\u00edtio Web seguro e evitar fraudes;<br \/>\n(h) Verifica o cumprimento dos termos e condi\u00e7\u00f5es que regem a utiliza\u00e7\u00e3o do s\u00edtio Web (incluindo a monitoriza\u00e7\u00e3o de mensagens privadas enviadas atrav\u00e9s do servi\u00e7o de mensagens privadas do nosso s\u00edtio Web);<br \/>\nSe enviares informa\u00e7\u00f5es pessoais para publica\u00e7\u00e3o no nosso s\u00edtio Web, publicaremos e utilizaremos essas informa\u00e7\u00f5es de acordo com a licen\u00e7a que nos concederes.<br \/>\nAs tuas defini\u00e7\u00f5es de privacidade podem ser utilizadas para limitar a publica\u00e7\u00e3o das tuas informa\u00e7\u00f5es no s\u00edtio Web.<br \/>\nN\u00e3o forneceremos, sem o teu consentimento expresso, as tuas informa\u00e7\u00f5es pessoais a terceiros para fins de marketing direto.<br \/>\nTodas as transac\u00e7\u00f5es financeiras efectuadas no nosso s\u00edtio Web s\u00e3o processadas atrav\u00e9s do nosso fornecedor de servi\u00e7os de pagamento, PayPal ou Stripe. Podes consultar a pol\u00edtica de privacidade do PayPal em www.paypal.com. Partilharemos informa\u00e7\u00f5es com o PayPal apenas na medida do necess\u00e1rio para processar os pagamentos que efectuares atrav\u00e9s do nosso site, reembolsar esses pagamentos e tratar de reclama\u00e7\u00f5es e consultas relacionadas com esses pagamentos e reembolsos.<br \/>\n(3) Divulga\u00e7\u00f5es<br \/>\nPodemos divulgar as tuas informa\u00e7\u00f5es pessoais a qualquer um dos nossos funcion\u00e1rios, respons\u00e1veis, agentes, fornecedores ou subcontratantes, na medida em que tal seja razoavelmente necess\u00e1rio para os fins definidos na presente pol\u00edtica.<br \/>\nPodemos divulgar as tuas informa\u00e7\u00f5es pessoais a qualquer membro do nosso grupo de empresas (isto significa as nossas filiais, a nossa empresa-m\u00e3e e todas as suas filiais) na medida do razoavelmente necess\u00e1rio para os fins definidos nesta pol\u00edtica.<br \/>\nAl\u00e9m disso, podemos divulgar as tuas informa\u00e7\u00f5es pessoais:<br \/>\n(a) na medida em que tal nos seja exigido por lei;<br \/>\n(b) em rela\u00e7\u00e3o a qualquer processo judicial em curso ou em perspetiva;<br \/>\n(c) para estabelecer, exercer ou defender os nossos direitos legais (incluindo o fornecimento de informa\u00e7\u00f5es a terceiros para efeitos de preven\u00e7\u00e3o de fraudes e redu\u00e7\u00e3o do risco de cr\u00e9dito);<br \/>\n(d) ao comprador (ou potencial comprador) de qualquer neg\u00f3cio ou ativo que estamos (ou estamos a considerar) vender; e<br \/>\n(e) a qualquer pessoa que, na nossa opini\u00e3o razo\u00e1vel, possa requerer a um tribunal ou outra autoridade competente a divulga\u00e7\u00e3o dessas informa\u00e7\u00f5es pessoais quando, na nossa opini\u00e3o razo\u00e1vel, esse tribunal ou autoridade possa ordenar a divulga\u00e7\u00e3o dessas informa\u00e7\u00f5es pessoais.<br \/>\nExceto nos casos previstos na presente pol\u00edtica, n\u00e3o forneceremos as tuas informa\u00e7\u00f5es a terceiros.<br \/>\n(4) Transfer\u00eancias internacionais de dados<br \/>\nAs informa\u00e7\u00f5es que recolhemos podem ser armazenadas e processadas e transferidas entre qualquer um dos pa\u00edses em que operamos, de modo a permitir-nos utilizar as informa\u00e7\u00f5es de acordo com esta pol\u00edtica.<br \/>\nAs informa\u00e7\u00f5es que forneces podem ser transferidas para pa\u00edses que n\u00e3o t\u00eam leis de prote\u00e7\u00e3o de dados equivalentes \u00e0s que est\u00e3o em vigor no Espa\u00e7o Econ\u00f3mico Europeu.<br \/>\nAl\u00e9m disso, as informa\u00e7\u00f5es pessoais que envias para publica\u00e7\u00e3o no s\u00edtio Web ser\u00e3o publicadas na Internet e poder\u00e3o estar dispon\u00edveis, atrav\u00e9s da Internet, em todo o mundo. N\u00e3o podemos impedir a utiliza\u00e7\u00e3o ou a utiliza\u00e7\u00e3o incorrecta dessas informa\u00e7\u00f5es por terceiros.<br \/>\nConcorda expressamente com essas transfer\u00eancias de informa\u00e7\u00f5es pessoais.<br \/>\n(5) Seguran\u00e7a das suas informa\u00e7\u00f5es pessoais<br \/>\nTomaremos precau\u00e7\u00f5es t\u00e9cnicas e organizacionais razo\u00e1veis para evitar a perda, a utiliza\u00e7\u00e3o incorrecta ou a altera\u00e7\u00e3o das suas informa\u00e7\u00f5es pessoais.<br \/>\nArmazenaremos todas as informa\u00e7\u00f5es pessoais fornecidas por ti nos nossos servidores seguros (protegidos por palavra-passe e firewall).<br \/>\nReconheces que a transmiss\u00e3o de informa\u00e7\u00f5es atrav\u00e9s da Internet \u00e9 inerentemente insegura e n\u00e3o podemos garantir a seguran\u00e7a dos dados enviados atrav\u00e9s da Internet.<br \/>\n\u00c9s respons\u00e1vel por manter a tua palavra-passe e outros detalhes de in\u00edcio de sess\u00e3o confidenciais. N\u00e3o te pediremos a tua palavra-passe (exceto quando iniciares sess\u00e3o no s\u00edtio Web).<x id=\"gid_6\"><\/x>(6) Altera\u00e7\u00f5es \u00e0 pol\u00edtica<x id=\"gid_7\"><\/x>Podemos atualizar esta pol\u00edtica periodicamente, publicando uma nova vers\u00e3o no nosso s\u00edtio Web. Deves consultar esta p\u00e1gina ocasionalmente para te certificares de que est\u00e1s satisfeito com quaisquer altera\u00e7\u00f5es.<x id=\"gid_8\"><\/x>(7) Os teus direitos<x id=\"gid_9\"><\/x>Podes dar-nos instru\u00e7\u00f5es para te fornecermos quaisquer informa\u00e7\u00f5es pessoais que tenhamos sobre ti. O fornecimento dessas informa\u00e7\u00f5es estar\u00e1 sujeito a:<x id=\"gid_10\"><\/x>(a) o pagamento de uma taxa (atualmente fixada em GBP 10); e<x id=\"gid_11\"><\/x>(b) o fornecimento de provas adequadas da tua identidade (para este efeito, aceitaremos normalmente uma fotoc\u00f3pia do teu passaporte certificada por um advogado ou banco e uma c\u00f3pia original de uma fatura de servi\u00e7os p\u00fablicos que mostre a tua morada atual).<x id=\"gid_12\"><\/x>Podemos reter essas informa\u00e7\u00f5es pessoais na medida do permitido por lei.<x id=\"gid_13\"><\/x>Podes dar-nos instru\u00e7\u00f5es para n\u00e3o processarmos as tuas informa\u00e7\u00f5es pessoais para fins de marketing.    Na pr\u00e1tica, normalmente ou concordas expressamente e de antem\u00e3o com a nossa utiliza\u00e7\u00e3o das tuas informa\u00e7\u00f5es pessoais para fins de marketing, ou damos-te a oportunidade de recusar a utiliza\u00e7\u00e3o das tuas informa\u00e7\u00f5es pessoais para fins de marketing.<br \/>\n(8) S\u00edtios Web de terceiros<br \/>\nO s\u00edtio Web cont\u00e9m liga\u00e7\u00f5es a outros s\u00edtios Web. N\u00e3o nos responsabilizamos pelas pol\u00edticas ou pr\u00e1ticas de privacidade de s\u00edtios Web de terceiros.<x id=\"gid_2\"><\/x>(9) Atualiza\u00e7\u00e3o de informa\u00e7\u00f5es<x id=\"gid_3\"><\/x>Informa-nos se as informa\u00e7\u00f5es pessoais que temos sobre ti precisarem de ser corrigidas ou actualizadas (estas informa\u00e7\u00f5es podem ser actualizadas atrav\u00e9s do teu painel de controlo de in\u00edcio de sess\u00e3o).<x id=\"gid_4\"><\/x>PARTE B: COOKIES<x id=\"gid_5\"><\/x>(10) Acerca dos cookies<x id=\"gid_6\"><\/x>Um cookie \u00e9 um ficheiro que cont\u00e9m um identificador (uma cadeia de letras e n\u00fameros) que \u00e9 enviado por um servidor Web para um navegador Web e \u00e9 armazenado pelo navegador.  O identificador \u00e9 ent\u00e3o enviado de volta para o servidor sempre que o navegador solicita uma p\u00e1gina do servidor.<br \/>\nOs cookies podem ser utilizados pelos servidores Web para identificar e seguir os utilizadores \u00e0 medida que estes navegam em diferentes p\u00e1ginas de um s\u00edtio Web e identificar os utilizadores que regressam a um s\u00edtio Web.<br \/>\nOs cookies podem ser cookies &#8220;persistentes&#8221; ou cookies &#8220;de sess\u00e3o&#8221;.<br \/>\nUm cookie persistente consiste num ficheiro de texto enviado por um servidor Web para um navegador Web, que ser\u00e1 armazenado pelo navegador e permanecer\u00e1 v\u00e1lido at\u00e9 \u00e0 data de expira\u00e7\u00e3o definida (a menos que seja apagado pelo utilizador antes da data de expira\u00e7\u00e3o).<br \/>\nUm cookie de sess\u00e3o, por outro lado, expira no final da sess\u00e3o do utilizador, quando o navegador Web \u00e9 fechado.<br \/>\n(11) Os nossos cookies<br \/>\nUtilizamos cookies de sess\u00e3o e cookies persistentes neste s\u00edtio Web.<br \/>\n(12) Cookies de terceiros e anal\u00edticos<br \/>\nQuando utilizas o nosso s\u00edtio Web, tamb\u00e9m te podem ser enviados cookies de terceiros.<br \/>\nOs nossos anunciantes podem enviar-te cookies. Podem utilizar a informa\u00e7\u00e3o que obt\u00eam da tua utiliza\u00e7\u00e3o dos seus cookies:<br \/>\n(a) para construir um perfil da tua navega\u00e7\u00e3o na Web; e<br \/>\n(b) para direcionar an\u00fancios que possam ser do teu interesse particular.<br \/>\nAl\u00e9m disso, utilizamos o Google Analytics para analisar a utiliza\u00e7\u00e3o deste s\u00edtio Web. O Google Analytics gera informa\u00e7\u00f5es estat\u00edsticas e outras sobre a utiliza\u00e7\u00e3o do s\u00edtio Web atrav\u00e9s de cookies, que s\u00e3o armazenados nos computadores dos utilizadores. As informa\u00e7\u00f5es geradas em rela\u00e7\u00e3o ao nosso s\u00edtio Web s\u00e3o utilizadas para criar relat\u00f3rios sobre a utiliza\u00e7\u00e3o do s\u00edtio Web. A Google ir\u00e1 guardar estas informa\u00e7\u00f5es. A pol\u00edtica de privacidade da Google est\u00e1 dispon\u00edvel em: http:\/\/www.google.com\/privacypolicy.html.<br \/>\nPodemos publicar an\u00fancios baseados em interesses do Google AdSense no nosso Web site. Estes s\u00e3o adaptados pelo Google para refletir os teus interesses. Para determinar os teus interesses, a Google seguir\u00e1 o teu comportamento no nosso Web site e noutros Web sites atrav\u00e9s da Web utilizando o cookie DART. Podes ver, eliminar ou adicionar categorias de interesse associadas ao teu browser utilizando o Gestor de prefer\u00eancias de an\u00fancios da Google, dispon\u00edvel em: http:\/\/www.google.com\/ads\/preferences\/. Podes optar por excluir o cookie da rede de parceiros do AdSense em: http:\/\/www.google.com\/privacy\/ads\/ ou utilizando o mecanismo de exclus\u00e3o de v\u00e1rios cookies da Iniciativa de Publicidade em Rede da NAI em: http:\/\/www.networkadvertising.org\/managing\/opt_out.asp. No entanto, estes mecanismos de auto-exclus\u00e3o utilizam cookies e, se apagares os cookies do teu browser, a tua auto-exclus\u00e3o n\u00e3o se manter\u00e1. Para garantir que uma op\u00e7\u00e3o de exclus\u00e3o \u00e9 mantida em rela\u00e7\u00e3o a um determinado navegador, deves utilizar o plug-in do navegador Google dispon\u00edvel em: http:\/\/www.google.com\/ads\/preferences\/plugin.<br \/>\n(13) Cookies e informa\u00e7\u00f5es pessoais<br \/>\nOs cookies n\u00e3o cont\u00eam quaisquer informa\u00e7\u00f5es que te identifiquem pessoalmente, mas as informa\u00e7\u00f5es pessoais que armazenamos sobre ti podem ser ligadas, por n\u00f3s, \u00e0s informa\u00e7\u00f5es armazenadas e obtidas a partir de cookies.<br \/>\n(14) Bloqueio de cookies<br \/>\nA maioria dos navegadores permite-te recusar a aceita\u00e7\u00e3o de cookies. Por exemplo:<br \/>\n(a) no Internet Explorer (vers\u00e3o 9) podes bloquear os cookies utilizando as defini\u00e7\u00f5es de anula\u00e7\u00e3o do tratamento de cookies dispon\u00edveis clicando em &#8220;Ferramentas&#8221;, &#8220;Op\u00e7\u00f5es da Internet&#8221;, &#8220;Privacidade&#8221; e depois em &#8220;Avan\u00e7adas&#8221;;<br \/>\n(b) No Firefox (vers\u00e3o 16), podes bloquear todos os cookies clicando em &#8220;Ferramentas&#8221;, &#8220;Op\u00e7\u00f5es&#8221;, &#8220;Privacidade&#8221;, seleccionando &#8220;Utilizar defini\u00e7\u00f5es personalizadas para o hist\u00f3rico&#8221; no menu pendente e desmarcando &#8220;Aceitar cookies de sites&#8221;; e<br \/>\n(c) No Chrome (vers\u00e3o 23), podes bloquear todos os cookies acedendo ao menu &#8220;Personalizar e controlar&#8221; e clicando em &#8220;Defini\u00e7\u00f5es&#8221;, &#8220;Mostrar defini\u00e7\u00f5es avan\u00e7adas&#8221; e &#8220;Defini\u00e7\u00f5es de conte\u00fado&#8221; e, em seguida, seleccionando &#8220;Impedir que os sites definam quaisquer dados&#8221; na rubrica &#8220;Cookies&#8221;.<br \/>\nBloquear todos os cookies ter\u00e1, no entanto, um impacto negativo na usabilidade de muitos s\u00edtios Web.<br \/>\nSe bloqueares os cookies, poder\u00e1s n\u00e3o conseguir utilizar todas as funcionalidades deste s\u00edtio Web.<br \/>\n(15) Apagar cookies<br \/>\nTamb\u00e9m podes apagar os cookies j\u00e1 armazenados no teu computador. Por exemplo:<br \/>\n(a) No Internet Explorer (vers\u00e3o 9), deves apagar manualmente os ficheiros cookie (podes encontrar instru\u00e7\u00f5es para o fazer em http:\/\/support.microsoft.com\/kb\/278835);<br \/>\n(b) no Firefox (vers\u00e3o 16), podes apagar os cookies clicando em &#8220;Ferramentas&#8221;, &#8220;Op\u00e7\u00f5es&#8221;, &#8220;Privacidade&#8221; e depois em &#8220;Mostrar cookies&#8221;, e depois em &#8220;Remover todos os cookies&#8221;; e<br \/>\n(c) No Chrome (vers\u00e3o 23), podes apagar todos os cookies acedendo ao menu &#8220;Personalizar e controlar&#8221; e clicando em &#8220;Defini\u00e7\u00f5es&#8221;, &#8220;Mostrar defini\u00e7\u00f5es avan\u00e7adas&#8221; e &#8220;Limpar dados de navega\u00e7\u00e3o&#8221; e, em seguida, seleccionando &#8220;Apagar cookies e outros dados de sites e plug-ins&#8221; antes de clicar em &#8220;Limpar dados de navega\u00e7\u00e3o&#8221;.<br \/>\nMais uma vez, este procedimento pode ter um impacto negativo na usabilidade de muitos s\u00edtios Web.<br \/>\nPARTE C: OS NOSSOS DADOS<br \/>\n(16) Contacta-nos<br \/>\nEste s\u00edtio Web pertence e \u00e9 gerido pela Helmet 28 LTD<br \/>\nSe tiveres alguma d\u00favida sobre os nossos cookies ou sobre esta pol\u00edtica, contacta-nos:<br \/>\n(a) por correio eletr\u00f3nico para support@helmet28.com:<br \/>\n(b) Por correio para Helmet 28 LTD Clifton Square, Alderley Edge, Cheshire, SK9 7NW<\/p>\n","protected":false},"excerpt":{"rendered":"<p>Estamos empenhados em salvaguardar a privacidade dos visitantes e utilizadores do nosso s\u00edtio Web; esta pol\u00edtica estabelece a forma como trataremos as tuas informa\u00e7\u00f5es pessoais. Esta pol\u00edtica est\u00e1 dividida em tr\u00eas partes: ~ A Parte A fornece informa\u00e7\u00f5es sobre a nossa recolha e utiliza\u00e7\u00e3o de informa\u00e7\u00f5es pessoais; ~ A Parte B fornece informa\u00e7\u00f5es sobre os [&hellip;]<\/p>\n","protected":false},"author":1,"featured_media":0,"parent":0,"menu_order":0,"comment_status":"closed","ping_status":"closed","template":"templates\/fullwidth.php","meta":{"_acf_changed":false,"footnotes":""},"class_list":["post-28416","page","type-page","status-publish","hentry"],"acf":[],"yoast_head":"<!-- This site is optimized with the Yoast SEO plugin v27.0 - https:\/\/yoast.com\/product\/yoast-seo-wordpress\/ -->\n<title>Pol\u00edtica de privacidade e de cookies - Zamp Helmets | Helmet 28 EU<\/title>\n<meta name=\"robots\" content=\"index, follow, max-snippet:-1, max-image-preview:large, max-video-preview:-1\" \/>\n<link rel=\"canonical\" href=\"https:\/\/zamphelmets.co\/pt-pt\/politica-de-privacidade-e-de-cookies\/\" \/>\n<meta property=\"og:locale\" content=\"pt_PT\" \/>\n<meta property=\"og:type\" content=\"article\" \/>\n<meta property=\"og:title\" content=\"Pol\u00edtica de privacidade e de cookies - Zamp Helmets | Helmet 28 EU\" \/>\n<meta property=\"og:description\" content=\"Estamos empenhados em salvaguardar a privacidade dos visitantes e utilizadores do nosso s\u00edtio Web; esta pol\u00edtica estabelece a forma como trataremos as tuas informa\u00e7\u00f5es pessoais. Esta pol\u00edtica est\u00e1 dividida em tr\u00eas partes: ~ A Parte A fornece informa\u00e7\u00f5es sobre a nossa recolha e utiliza\u00e7\u00e3o de informa\u00e7\u00f5es pessoais; ~ A Parte B fornece informa\u00e7\u00f5es sobre os [&hellip;]\" \/>\n<meta property=\"og:url\" content=\"https:\/\/zamphelmets.co\/pt-pt\/politica-de-privacidade-e-de-cookies\/\" \/>\n<meta property=\"og:site_name\" content=\"Zamp Helmets | Helmet 28 EU\" \/>\n<meta property=\"article:modified_time\" content=\"2026-02-16T15:06:36+00:00\" \/>\n<meta name=\"twitter:card\" content=\"summary_large_image\" \/>\n<meta name=\"twitter:label1\" content=\"Est. reading time\" \/>\n\t<meta name=\"twitter:data1\" content=\"12 minutos\" \/>\n<script type=\"application\/ld+json\" class=\"yoast-schema-graph\">{\"@context\":\"https:\/\/schema.org\",\"@graph\":[{\"@type\":\"WebPage\",\"@id\":\"https:\/\/zamphelmets.co\/pt-pt\/politica-de-privacidade-e-de-cookies\/\",\"url\":\"https:\/\/zamphelmets.co\/pt-pt\/politica-de-privacidade-e-de-cookies\/\",\"name\":\"Pol\u00edtica de privacidade e de cookies - Zamp Helmets | Helmet 28 EU\",\"isPartOf\":{\"@id\":\"https:\/\/zamphelmets.co\/pt-pt\/#website\"},\"datePublished\":\"2024-07-16T12:57:09+00:00\",\"dateModified\":\"2026-02-16T15:06:36+00:00\",\"inLanguage\":\"pt-PT\",\"potentialAction\":[{\"@type\":\"ReadAction\",\"target\":[\"https:\/\/zamphelmets.co\/pt-pt\/politica-de-privacidade-e-de-cookies\/\"]}]},{\"@type\":\"WebSite\",\"@id\":\"https:\/\/zamphelmets.co\/pt-pt\/#website\",\"url\":\"https:\/\/zamphelmets.co\/pt-pt\/\",\"name\":\"Zamp Helmets | Helmet 28 EU\",\"description\":\"High Quality Motorsport Helmets\",\"potentialAction\":[{\"@type\":\"SearchAction\",\"target\":{\"@type\":\"EntryPoint\",\"urlTemplate\":\"https:\/\/zamphelmets.co\/pt-pt\/?s={search_term_string}\"},\"query-input\":{\"@type\":\"PropertyValueSpecification\",\"valueRequired\":true,\"valueName\":\"search_term_string\"}}],\"inLanguage\":\"pt-PT\"}]}<\/script>\n<!-- \/ Yoast SEO plugin. -->","yoast_head_json":{"title":"Pol\u00edtica de privacidade e de cookies - Zamp Helmets | Helmet 28 EU","robots":{"index":"index","follow":"follow","max-snippet":"max-snippet:-1","max-image-preview":"max-image-preview:large","max-video-preview":"max-video-preview:-1"},"canonical":"https:\/\/zamphelmets.co\/pt-pt\/politica-de-privacidade-e-de-cookies\/","og_locale":"pt_PT","og_type":"article","og_title":"Pol\u00edtica de privacidade e de cookies - Zamp Helmets | Helmet 28 EU","og_description":"Estamos empenhados em salvaguardar a privacidade dos visitantes e utilizadores do nosso s\u00edtio Web; esta pol\u00edtica estabelece a forma como trataremos as tuas informa\u00e7\u00f5es pessoais. Esta pol\u00edtica est\u00e1 dividida em tr\u00eas partes: ~ A Parte A fornece informa\u00e7\u00f5es sobre a nossa recolha e utiliza\u00e7\u00e3o de informa\u00e7\u00f5es pessoais; ~ A Parte B fornece informa\u00e7\u00f5es sobre os [&hellip;]","og_url":"https:\/\/zamphelmets.co\/pt-pt\/politica-de-privacidade-e-de-cookies\/","og_site_name":"Zamp Helmets | Helmet 28 EU","article_modified_time":"2026-02-16T15:06:36+00:00","twitter_card":"summary_large_image","twitter_misc":{"Est. reading time":"12 minutos"},"schema":{"@context":"https:\/\/schema.org","@graph":[{"@type":"WebPage","@id":"https:\/\/zamphelmets.co\/pt-pt\/politica-de-privacidade-e-de-cookies\/","url":"https:\/\/zamphelmets.co\/pt-pt\/politica-de-privacidade-e-de-cookies\/","name":"Pol\u00edtica de privacidade e de cookies - Zamp Helmets | Helmet 28 EU","isPartOf":{"@id":"https:\/\/zamphelmets.co\/pt-pt\/#website"},"datePublished":"2024-07-16T12:57:09+00:00","dateModified":"2026-02-16T15:06:36+00:00","inLanguage":"pt-PT","potentialAction":[{"@type":"ReadAction","target":["https:\/\/zamphelmets.co\/pt-pt\/politica-de-privacidade-e-de-cookies\/"]}]},{"@type":"WebSite","@id":"https:\/\/zamphelmets.co\/pt-pt\/#website","url":"https:\/\/zamphelmets.co\/pt-pt\/","name":"Zamp Helmets | Helmet 28 EU","description":"High Quality Motorsport Helmets","potentialAction":[{"@type":"SearchAction","target":{"@type":"EntryPoint","urlTemplate":"https:\/\/zamphelmets.co\/pt-pt\/?s={search_term_string}"},"query-input":{"@type":"PropertyValueSpecification","valueRequired":true,"valueName":"search_term_string"}}],"inLanguage":"pt-PT"}]}},"_links":{"self":[{"href":"https:\/\/zamphelmets.co\/pt-pt\/wp-json\/wp\/v2\/pages\/28416","targetHints":{"allow":["GET"]}}],"collection":[{"href":"https:\/\/zamphelmets.co\/pt-pt\/wp-json\/wp\/v2\/pages"}],"about":[{"href":"https:\/\/zamphelmets.co\/pt-pt\/wp-json\/wp\/v2\/types\/page"}],"author":[{"embeddable":true,"href":"https:\/\/zamphelmets.co\/pt-pt\/wp-json\/wp\/v2\/users\/1"}],"replies":[{"embeddable":true,"href":"https:\/\/zamphelmets.co\/pt-pt\/wp-json\/wp\/v2\/comments?post=28416"}],"version-history":[{"count":1,"href":"https:\/\/zamphelmets.co\/pt-pt\/wp-json\/wp\/v2\/pages\/28416\/revisions"}],"predecessor-version":[{"id":203603,"href":"https:\/\/zamphelmets.co\/pt-pt\/wp-json\/wp\/v2\/pages\/28416\/revisions\/203603"}],"wp:attachment":[{"href":"https:\/\/zamphelmets.co\/pt-pt\/wp-json\/wp\/v2\/media?parent=28416"}],"curies":[{"name":"wp","href":"https:\/\/api.w.org\/{rel}","templated":true}]}}