{"id":22155,"date":"2022-07-07T08:09:09","date_gmt":"2022-07-07T08:09:09","guid":{"rendered":"https:\/\/zamphelmets.co\/politica-de-cookies\/"},"modified":"2022-07-07T08:09:09","modified_gmt":"2022-07-07T08:09:09","slug":"politica-de-cookies","status":"publish","type":"page","link":"https:\/\/zamphelmets.co\/pt-pt\/politica-de-cookies\/","title":{"rendered":"Pol\u00edtica de cookies"},"content":{"rendered":"<div class=\"cli_pg_page_contaner\"><b>Sobre esta pol\u00edtica de cookies<\/b><\/p>\n<div>Esta Pol\u00edtica de Cookies explica o que s\u00e3o cookies e como os utilizamos, os tipos de cookies que utilizamos, ou seja, as informa\u00e7\u00f5es que recolhemos utilizando cookies e como essas informa\u00e7\u00f5es s\u00e3o utilizadas, e como controlar as prefer\u00eancias dos cookies. Para mais informa\u00e7\u00f5es sobre a forma como utilizamos, armazenamos e mantemos os teus dados pessoais seguros, consulta a nossa Pol\u00edtica de Privacidade.<\/p>\n<p>Podes, a qualquer momento, alterar ou retirar o teu consentimento da Declara\u00e7\u00e3o de Cookies no nosso s\u00edtio Web<br \/>\nSabe mais sobre quem somos, como nos podes contactar e como processamos os dados pessoais na nossa Pol\u00edtica de Privacidade.<br \/>\nO teu consentimento aplica-se aos seguintes dom\u00ednios: zamphelmets.co<br \/>\n[user_consent_state]<\/p><\/div>\n<p><b>O que s\u00e3o cookies?<\/b><\/p>\n<div>Os cookies s\u00e3o pequenos ficheiros de texto que s\u00e3o utilizados para armazenar pequenas informa\u00e7\u00f5es. S\u00e3o armazenados no teu dispositivo quando o site \u00e9 carregado no teu browser. Estes cookies ajudam-nos a fazer com que o s\u00edtio Web funcione corretamente, a torn\u00e1-lo mais seguro, a proporcionar uma melhor experi\u00eancia ao utilizador e a compreender o desempenho do s\u00edtio Web, bem como a analisar o que funciona e onde \u00e9 necess\u00e1rio melhorar.<\/div>\n<p><b>Como \u00e9 que utilizamos os cookies?<\/b><\/p>\n<div>Tal como a maioria dos servi\u00e7os em linha, o nosso s\u00edtio Web utiliza cookies pr\u00f3prios e de terceiros para diversos fins. Os cookies prim\u00e1rios s\u00e3o essencialmente necess\u00e1rios para que o s\u00edtio Web funcione corretamente e n\u00e3o recolhem quaisquer dados pessoais identific\u00e1veis do utilizador.<\/p>\n<p>Os cookies de terceiros utilizados no nosso s\u00edtio Web destinam-se principalmente a compreender o desempenho do s\u00edtio Web, a forma como interage com o nosso s\u00edtio Web, a manter os nossos servi\u00e7os seguros, a fornecer an\u00fancios relevantes para si e, em suma, a proporcionar-lhe uma experi\u00eancia de utilizador melhor e mais aperfei\u00e7oada e a ajudar a acelerar as suas futuras interac\u00e7\u00f5es com o nosso s\u00edtio Web.<\/p><\/div>\n<p><b>Que tipos de cookies utilizamos?<\/b><\/p>\n<div>O que \u00e9 essencial: Alguns cookies s\u00e3o essenciais para que possas usufruir de todas as funcionalidades do nosso site. Permitem-nos manter as sess\u00f5es dos utilizadores e evitar quaisquer amea\u00e7as \u00e0 seguran\u00e7a. N\u00e3o recolhe nem armazena quaisquer informa\u00e7\u00f5es pessoais. Por exemplo, estes cookies permitem-te iniciar sess\u00e3o na tua conta, adicionar produtos ao teu cesto e finalizar a compra de forma segura.<\/p>\n<p>Estat\u00edsticas: Estes cookies armazenam informa\u00e7\u00f5es como o n\u00famero de visitantes do s\u00edtio Web, o n\u00famero de visitantes \u00fanicos, as p\u00e1ginas do s\u00edtio Web que foram visitadas, a origem da visita, etc. Estes dados ajudam-nos a compreender e a analisar o desempenho do s\u00edtio Web e os aspectos que precisam de ser melhorados.<\/p>\n<p>Marketing: O nosso s\u00edtio Web apresenta an\u00fancios. Estes cookies s\u00e3o utilizados para personalizar os an\u00fancios que te mostramos para que sejam significativos para ti. Estes cookies tamb\u00e9m nos ajudam a controlar a efic\u00e1cia destas campanhas publicit\u00e1rias.<br \/>\nAs informa\u00e7\u00f5es armazenadas nestes cookies tamb\u00e9m podem ser utilizadas pelos fornecedores de an\u00fancios de terceiros para te mostrarem an\u00fancios noutros sites no browser.<\/p>\n<p>Funcional: Estes s\u00e3o os cookies que ajudam certas funcionalidades n\u00e3o essenciais no nosso s\u00edtio Web. Estas funcionalidades incluem a incorpora\u00e7\u00e3o de conte\u00fados como v\u00eddeos ou a partilha de conte\u00fados do s\u00edtio Web em plataformas de redes sociais.<\/p>\n<p>Prefer\u00eancias: Estes cookies ajudam-nos a armazenar as tuas defini\u00e7\u00f5es e prefer\u00eancias de navega\u00e7\u00e3o, como as prefer\u00eancias de idioma, para que tenhas uma experi\u00eancia melhor e mais eficiente em futuras visitas ao s\u00edtio Web.<br \/>\n[cookie_audit columns=&#8221;cookie,description&#8221; heading=&#8221;The below list details the cookies used in our website.&#8221;]<\/p><\/div>\n<p><b>Como posso controlar as prefer\u00eancias de cookies?<\/b><\/p>\n<div>Se decidires alterar as tuas prefer\u00eancias mais tarde durante a tua sess\u00e3o de navega\u00e7\u00e3o, podes clicar no separador &#8220;Pol\u00edtica de privacidade e de cookies&#8221; no teu ecr\u00e3. Isto mostrar\u00e1 novamente o aviso de consentimento, permitindo-te alterar as tuas prefer\u00eancias ou retirar totalmente o teu consentimento.<\/p>\n<p>Al\u00e9m disso, diferentes navegadores oferecem diferentes m\u00e9todos para bloquear e apagar os cookies utilizados pelos s\u00edtios Web. Podes alterar as defini\u00e7\u00f5es do teu browser para bloquear\/eliminar os cookies. Para saberes mais sobre como gerir e eliminar cookies, visita wikipedia.org, www.allaboutcookies.org.<\/p><\/div>\n<\/div>\n","protected":false},"excerpt":{"rendered":"<p>Sobre esta pol\u00edtica de cookies Esta Pol\u00edtica de Cookies explica o que s\u00e3o cookies e como os utilizamos, os tipos de cookies que utilizamos, ou seja, as informa\u00e7\u00f5es que recolhemos utilizando cookies e como essas informa\u00e7\u00f5es s\u00e3o utilizadas, e como controlar as prefer\u00eancias dos cookies. Para mais informa\u00e7\u00f5es sobre a forma como utilizamos, armazenamos e [&hellip;]<\/p>\n","protected":false},"author":1,"featured_media":0,"parent":0,"menu_order":0,"comment_status":"closed","ping_status":"closed","template":"templates\/fullwidth.php","meta":{"_acf_changed":false,"footnotes":""},"class_list":["post-22155","page","type-page","status-publish","hentry"],"acf":[],"yoast_head":"<!-- This site is optimized with the Yoast SEO plugin v27.0 - https:\/\/yoast.com\/product\/yoast-seo-wordpress\/ -->\n<title>Pol\u00edtica de cookies - Zamp Helmets | Helmet 28 EU<\/title>\n<meta name=\"robots\" content=\"index, follow, max-snippet:-1, max-image-preview:large, max-video-preview:-1\" \/>\n<link rel=\"canonical\" href=\"https:\/\/zamphelmets.co\/pt-pt\/politica-de-cookies\/\" \/>\n<meta property=\"og:locale\" content=\"pt_PT\" \/>\n<meta property=\"og:type\" content=\"article\" \/>\n<meta property=\"og:title\" content=\"Pol\u00edtica de cookies - Zamp Helmets | Helmet 28 EU\" \/>\n<meta property=\"og:description\" content=\"Sobre esta pol\u00edtica de cookies Esta Pol\u00edtica de Cookies explica o que s\u00e3o cookies e como os utilizamos, os tipos de cookies que utilizamos, ou seja, as informa\u00e7\u00f5es que recolhemos utilizando cookies e como essas informa\u00e7\u00f5es s\u00e3o utilizadas, e como controlar as prefer\u00eancias dos cookies. Para mais informa\u00e7\u00f5es sobre a forma como utilizamos, armazenamos e [&hellip;]\" \/>\n<meta property=\"og:url\" content=\"https:\/\/zamphelmets.co\/pt-pt\/politica-de-cookies\/\" \/>\n<meta property=\"og:site_name\" content=\"Zamp Helmets | Helmet 28 EU\" \/>\n<meta name=\"twitter:card\" content=\"summary_large_image\" \/>\n<meta name=\"twitter:label1\" content=\"Est. reading time\" \/>\n\t<meta name=\"twitter:data1\" content=\"4 minutos\" \/>\n<script type=\"application\/ld+json\" class=\"yoast-schema-graph\">{\"@context\":\"https:\/\/schema.org\",\"@graph\":[{\"@type\":\"WebPage\",\"@id\":\"https:\/\/zamphelmets.co\/pt-pt\/politica-de-cookies\/\",\"url\":\"https:\/\/zamphelmets.co\/pt-pt\/politica-de-cookies\/\",\"name\":\"Pol\u00edtica de cookies - Zamp Helmets | Helmet 28 EU\",\"isPartOf\":{\"@id\":\"https:\/\/zamphelmets.co\/pt-pt\/#website\"},\"datePublished\":\"2022-07-07T08:09:09+00:00\",\"inLanguage\":\"pt-PT\",\"potentialAction\":[{\"@type\":\"ReadAction\",\"target\":[\"https:\/\/zamphelmets.co\/pt-pt\/politica-de-cookies\/\"]}]},{\"@type\":\"WebSite\",\"@id\":\"https:\/\/zamphelmets.co\/pt-pt\/#website\",\"url\":\"https:\/\/zamphelmets.co\/pt-pt\/\",\"name\":\"Zamp Helmets | Helmet 28 EU\",\"description\":\"High Quality Motorsport Helmets\",\"potentialAction\":[{\"@type\":\"SearchAction\",\"target\":{\"@type\":\"EntryPoint\",\"urlTemplate\":\"https:\/\/zamphelmets.co\/pt-pt\/?s={search_term_string}\"},\"query-input\":{\"@type\":\"PropertyValueSpecification\",\"valueRequired\":true,\"valueName\":\"search_term_string\"}}],\"inLanguage\":\"pt-PT\"}]}<\/script>\n<!-- \/ Yoast SEO plugin. -->","yoast_head_json":{"title":"Pol\u00edtica de cookies - Zamp Helmets | Helmet 28 EU","robots":{"index":"index","follow":"follow","max-snippet":"max-snippet:-1","max-image-preview":"max-image-preview:large","max-video-preview":"max-video-preview:-1"},"canonical":"https:\/\/zamphelmets.co\/pt-pt\/politica-de-cookies\/","og_locale":"pt_PT","og_type":"article","og_title":"Pol\u00edtica de cookies - Zamp Helmets | Helmet 28 EU","og_description":"Sobre esta pol\u00edtica de cookies Esta Pol\u00edtica de Cookies explica o que s\u00e3o cookies e como os utilizamos, os tipos de cookies que utilizamos, ou seja, as informa\u00e7\u00f5es que recolhemos utilizando cookies e como essas informa\u00e7\u00f5es s\u00e3o utilizadas, e como controlar as prefer\u00eancias dos cookies. Para mais informa\u00e7\u00f5es sobre a forma como utilizamos, armazenamos e [&hellip;]","og_url":"https:\/\/zamphelmets.co\/pt-pt\/politica-de-cookies\/","og_site_name":"Zamp Helmets | Helmet 28 EU","twitter_card":"summary_large_image","twitter_misc":{"Est. reading time":"4 minutos"},"schema":{"@context":"https:\/\/schema.org","@graph":[{"@type":"WebPage","@id":"https:\/\/zamphelmets.co\/pt-pt\/politica-de-cookies\/","url":"https:\/\/zamphelmets.co\/pt-pt\/politica-de-cookies\/","name":"Pol\u00edtica de cookies - Zamp Helmets | Helmet 28 EU","isPartOf":{"@id":"https:\/\/zamphelmets.co\/pt-pt\/#website"},"datePublished":"2022-07-07T08:09:09+00:00","inLanguage":"pt-PT","potentialAction":[{"@type":"ReadAction","target":["https:\/\/zamphelmets.co\/pt-pt\/politica-de-cookies\/"]}]},{"@type":"WebSite","@id":"https:\/\/zamphelmets.co\/pt-pt\/#website","url":"https:\/\/zamphelmets.co\/pt-pt\/","name":"Zamp Helmets | Helmet 28 EU","description":"High Quality Motorsport Helmets","potentialAction":[{"@type":"SearchAction","target":{"@type":"EntryPoint","urlTemplate":"https:\/\/zamphelmets.co\/pt-pt\/?s={search_term_string}"},"query-input":{"@type":"PropertyValueSpecification","valueRequired":true,"valueName":"search_term_string"}}],"inLanguage":"pt-PT"}]}},"_links":{"self":[{"href":"https:\/\/zamphelmets.co\/pt-pt\/wp-json\/wp\/v2\/pages\/22155","targetHints":{"allow":["GET"]}}],"collection":[{"href":"https:\/\/zamphelmets.co\/pt-pt\/wp-json\/wp\/v2\/pages"}],"about":[{"href":"https:\/\/zamphelmets.co\/pt-pt\/wp-json\/wp\/v2\/types\/page"}],"author":[{"embeddable":true,"href":"https:\/\/zamphelmets.co\/pt-pt\/wp-json\/wp\/v2\/users\/1"}],"replies":[{"embeddable":true,"href":"https:\/\/zamphelmets.co\/pt-pt\/wp-json\/wp\/v2\/comments?post=22155"}],"version-history":[{"count":0,"href":"https:\/\/zamphelmets.co\/pt-pt\/wp-json\/wp\/v2\/pages\/22155\/revisions"}],"wp:attachment":[{"href":"https:\/\/zamphelmets.co\/pt-pt\/wp-json\/wp\/v2\/media?parent=22155"}],"curies":[{"name":"wp","href":"https:\/\/api.w.org\/{rel}","templated":true}]}}