{"id":22150,"date":"2021-12-17T10:10:53","date_gmt":"2021-12-17T10:10:53","guid":{"rendered":"https:\/\/zamphelmets.co\/ganha-um-capacete-rz-59-cinzento-mate\/"},"modified":"2021-12-17T10:10:53","modified_gmt":"2021-12-17T10:10:53","slug":"ganha-um-capacete-rz-59-cinzento-mate","status":"publish","type":"page","link":"https:\/\/zamphelmets.co\/pt-pt\/ganha-um-capacete-rz-59-cinzento-mate\/","title":{"rendered":"Ganha um capacete RZ-59 cinzento mate!"},"content":{"rendered":"<p><strong>Fizemos uma parceria com a <a href=\"https:\/\/www.youtube.com\/channel\/UCkOKVH-H63P7yUbtbZ25yxw\">Tom Gear<\/a> para te dar a oportunidade de ganhares um <a href=\"https:\/\/zamphelmets.co\/pt-pt\/produto\/rz-59-cinzento-mate\/#description\">capacete RZ-59 Matte Grey<\/a> e um bon\u00e9 Zamp gr\u00e1tis!  <\/strong><\/p>\n<div class=\"klaviyo-form-WSmQDv\"><\/div>\n<p><img decoding=\"async\" class=\"alignleft lazyload\" data-src=\"https:\/\/zamphelmets.co\/wp-content\/uploads\/sites\/3\/2020\/08\/H77215F.jpg\" alt=\"Capacete de corrida RZ 59 Matte Grey da Zamp Helmets\" width=\"235\" height=\"235\" src=\"data:image\/svg+xml;base64,PHN2ZyB3aWR0aD0iMSIgaGVpZ2h0PSIxIiB4bWxucz0iaHR0cDovL3d3dy53My5vcmcvMjAwMC9zdmciPjwvc3ZnPg==\" style=\"--smush-placeholder-width: 235px; --smush-placeholder-aspect-ratio: 235\/235;\">O Zamp <a href=\"https:\/\/zamphelmets.co\/pt-pt\/produto\/rz-59-cinzento-mate\/#description\">RZ-59 Matte Grey <\/a> combina a mais recente tecnologia de capacete <a href=\"https:\/\/zamphelmets.co\/pt-pt\/explicacao-da-homologacao\/\">Snell SA2020<\/a> com um design de qualidade para oferecer o <em>capacete com a melhor rela\u00e7\u00e3o qualidade\/pre\u00e7o do mercado!<\/em><\/p>\n<p>Este modelo proporciona uma grande ventila\u00e7\u00e3o e conforto com um design elegante e simples para ajudar a manter a frescura e evitar o embaciamento em condi\u00e7\u00f5es de corrida extremas. O <a href=\"https:\/\/zamphelmets.co\/pt-pt\/produto\/rz-59-cinzento-mate\/#description\">RZ-59<\/a> oferece um excelente ajuste, um acabamento de alto n\u00edvel e o pre\u00e7o mais competitivo dispon\u00edvel na ind\u00fastria.<\/p>\n<p><em>Para participar, basta preencher o formul\u00e1rio acima e depois fica atento aos teus e-mails para saber se foste escolhido como o feliz vencedor! O vencedor ser\u00e1 anunciado a 28 de fevereiro de 2022.<\/em><\/p>\n<div class=\"klaviyo-form-WSmQDv\"><\/div>\n<div><\/div>\n","protected":false},"excerpt":{"rendered":"<p>Fizemos uma parceria com a Tom Gear para te dar a oportunidade de ganhares um capacete RZ-59 Matte Grey e um bon\u00e9 Zamp gr\u00e1tis! O Zamp RZ-59 Matte Grey combina a mais recente tecnologia de capacete Snell SA2020 com um design de qualidade para oferecer o capacete com a melhor rela\u00e7\u00e3o qualidade\/pre\u00e7o do mercado! Este [&hellip;]<\/p>\n","protected":false},"author":2,"featured_media":0,"parent":0,"menu_order":0,"comment_status":"closed","ping_status":"closed","template":"","meta":{"_acf_changed":false,"footnotes":""},"class_list":["post-22150","page","type-page","status-publish","hentry"],"acf":[],"yoast_head":"<!-- This site is optimized with the Yoast SEO plugin v27.0 - https:\/\/yoast.com\/product\/yoast-seo-wordpress\/ -->\n<title>Ganha um capacete RZ-59 cinzento mate! - Zamp Helmets | Helmet 28 EU<\/title>\n<meta name=\"robots\" content=\"index, follow, max-snippet:-1, max-image-preview:large, max-video-preview:-1\" \/>\n<link rel=\"canonical\" href=\"https:\/\/zamphelmets.co\/pt-pt\/ganha-um-capacete-rz-59-cinzento-mate\/\" \/>\n<meta property=\"og:locale\" content=\"pt_PT\" \/>\n<meta property=\"og:type\" content=\"article\" \/>\n<meta property=\"og:title\" content=\"Ganha um capacete RZ-59 cinzento mate! - Zamp Helmets | Helmet 28 EU\" \/>\n<meta property=\"og:description\" content=\"Fizemos uma parceria com a Tom Gear para te dar a oportunidade de ganhares um capacete RZ-59 Matte Grey e um bon\u00e9 Zamp gr\u00e1tis! O Zamp RZ-59 Matte Grey combina a mais recente tecnologia de capacete Snell SA2020 com um design de qualidade para oferecer o capacete com a melhor rela\u00e7\u00e3o qualidade\/pre\u00e7o do mercado! Este [&hellip;]\" \/>\n<meta property=\"og:url\" content=\"https:\/\/zamphelmets.co\/pt-pt\/ganha-um-capacete-rz-59-cinzento-mate\/\" \/>\n<meta property=\"og:site_name\" content=\"Zamp Helmets | Helmet 28 EU\" \/>\n<meta property=\"og:image\" content=\"https:\/\/zamphelmets.co\/wp-content\/uploads\/sites\/3\/2020\/08\/H77215F.jpg\" \/>\n<meta name=\"twitter:card\" content=\"summary_large_image\" \/>\n<meta name=\"twitter:label1\" content=\"Est. reading time\" \/>\n\t<meta name=\"twitter:data1\" content=\"1 minuto\" \/>\n<script type=\"application\/ld+json\" class=\"yoast-schema-graph\">{\"@context\":\"https:\/\/schema.org\",\"@graph\":[{\"@type\":\"WebPage\",\"@id\":\"https:\/\/zamphelmets.co\/pt-pt\/ganha-um-capacete-rz-59-cinzento-mate\/\",\"url\":\"https:\/\/zamphelmets.co\/pt-pt\/ganha-um-capacete-rz-59-cinzento-mate\/\",\"name\":\"Ganha um capacete RZ-59 cinzento mate! - Zamp Helmets | Helmet 28 EU\",\"isPartOf\":{\"@id\":\"https:\/\/zamphelmets.co\/pt-pt\/#website\"},\"primaryImageOfPage\":{\"@id\":\"https:\/\/zamphelmets.co\/pt-pt\/ganha-um-capacete-rz-59-cinzento-mate\/#primaryimage\"},\"image\":{\"@id\":\"https:\/\/zamphelmets.co\/pt-pt\/ganha-um-capacete-rz-59-cinzento-mate\/#primaryimage\"},\"thumbnailUrl\":\"https:\/\/zamphelmets.co\/wp-content\/uploads\/sites\/3\/2020\/08\/H77215F.jpg\",\"datePublished\":\"2021-12-17T10:10:53+00:00\",\"inLanguage\":\"pt-PT\",\"potentialAction\":[{\"@type\":\"ReadAction\",\"target\":[\"https:\/\/zamphelmets.co\/pt-pt\/ganha-um-capacete-rz-59-cinzento-mate\/\"]}]},{\"@type\":\"ImageObject\",\"inLanguage\":\"pt-PT\",\"@id\":\"https:\/\/zamphelmets.co\/pt-pt\/ganha-um-capacete-rz-59-cinzento-mate\/#primaryimage\",\"url\":\"https:\/\/zamphelmets.co\/wp-content\/uploads\/sites\/3\/2020\/08\/H77215F.jpg\",\"contentUrl\":\"https:\/\/zamphelmets.co\/wp-content\/uploads\/sites\/3\/2020\/08\/H77215F.jpg\"},{\"@type\":\"WebSite\",\"@id\":\"https:\/\/zamphelmets.co\/pt-pt\/#website\",\"url\":\"https:\/\/zamphelmets.co\/pt-pt\/\",\"name\":\"Zamp Helmets | Helmet 28 EU\",\"description\":\"High Quality Motorsport Helmets\",\"potentialAction\":[{\"@type\":\"SearchAction\",\"target\":{\"@type\":\"EntryPoint\",\"urlTemplate\":\"https:\/\/zamphelmets.co\/pt-pt\/?s={search_term_string}\"},\"query-input\":{\"@type\":\"PropertyValueSpecification\",\"valueRequired\":true,\"valueName\":\"search_term_string\"}}],\"inLanguage\":\"pt-PT\"}]}<\/script>\n<!-- \/ Yoast SEO plugin. -->","yoast_head_json":{"title":"Ganha um capacete RZ-59 cinzento mate! - Zamp Helmets | Helmet 28 EU","robots":{"index":"index","follow":"follow","max-snippet":"max-snippet:-1","max-image-preview":"max-image-preview:large","max-video-preview":"max-video-preview:-1"},"canonical":"https:\/\/zamphelmets.co\/pt-pt\/ganha-um-capacete-rz-59-cinzento-mate\/","og_locale":"pt_PT","og_type":"article","og_title":"Ganha um capacete RZ-59 cinzento mate! - Zamp Helmets | Helmet 28 EU","og_description":"Fizemos uma parceria com a Tom Gear para te dar a oportunidade de ganhares um capacete RZ-59 Matte Grey e um bon\u00e9 Zamp gr\u00e1tis! O Zamp RZ-59 Matte Grey combina a mais recente tecnologia de capacete Snell SA2020 com um design de qualidade para oferecer o capacete com a melhor rela\u00e7\u00e3o qualidade\/pre\u00e7o do mercado! Este [&hellip;]","og_url":"https:\/\/zamphelmets.co\/pt-pt\/ganha-um-capacete-rz-59-cinzento-mate\/","og_site_name":"Zamp Helmets | Helmet 28 EU","og_image":[{"url":"https:\/\/zamphelmets.co\/wp-content\/uploads\/sites\/3\/2020\/08\/H77215F.jpg","type":"","width":"","height":""}],"twitter_card":"summary_large_image","twitter_misc":{"Est. reading time":"1 minuto"},"schema":{"@context":"https:\/\/schema.org","@graph":[{"@type":"WebPage","@id":"https:\/\/zamphelmets.co\/pt-pt\/ganha-um-capacete-rz-59-cinzento-mate\/","url":"https:\/\/zamphelmets.co\/pt-pt\/ganha-um-capacete-rz-59-cinzento-mate\/","name":"Ganha um capacete RZ-59 cinzento mate! - Zamp Helmets | Helmet 28 EU","isPartOf":{"@id":"https:\/\/zamphelmets.co\/pt-pt\/#website"},"primaryImageOfPage":{"@id":"https:\/\/zamphelmets.co\/pt-pt\/ganha-um-capacete-rz-59-cinzento-mate\/#primaryimage"},"image":{"@id":"https:\/\/zamphelmets.co\/pt-pt\/ganha-um-capacete-rz-59-cinzento-mate\/#primaryimage"},"thumbnailUrl":"https:\/\/zamphelmets.co\/wp-content\/uploads\/sites\/3\/2020\/08\/H77215F.jpg","datePublished":"2021-12-17T10:10:53+00:00","inLanguage":"pt-PT","potentialAction":[{"@type":"ReadAction","target":["https:\/\/zamphelmets.co\/pt-pt\/ganha-um-capacete-rz-59-cinzento-mate\/"]}]},{"@type":"ImageObject","inLanguage":"pt-PT","@id":"https:\/\/zamphelmets.co\/pt-pt\/ganha-um-capacete-rz-59-cinzento-mate\/#primaryimage","url":"https:\/\/zamphelmets.co\/wp-content\/uploads\/sites\/3\/2020\/08\/H77215F.jpg","contentUrl":"https:\/\/zamphelmets.co\/wp-content\/uploads\/sites\/3\/2020\/08\/H77215F.jpg"},{"@type":"WebSite","@id":"https:\/\/zamphelmets.co\/pt-pt\/#website","url":"https:\/\/zamphelmets.co\/pt-pt\/","name":"Zamp Helmets | Helmet 28 EU","description":"High Quality Motorsport Helmets","potentialAction":[{"@type":"SearchAction","target":{"@type":"EntryPoint","urlTemplate":"https:\/\/zamphelmets.co\/pt-pt\/?s={search_term_string}"},"query-input":{"@type":"PropertyValueSpecification","valueRequired":true,"valueName":"search_term_string"}}],"inLanguage":"pt-PT"}]}},"_links":{"self":[{"href":"https:\/\/zamphelmets.co\/pt-pt\/wp-json\/wp\/v2\/pages\/22150","targetHints":{"allow":["GET"]}}],"collection":[{"href":"https:\/\/zamphelmets.co\/pt-pt\/wp-json\/wp\/v2\/pages"}],"about":[{"href":"https:\/\/zamphelmets.co\/pt-pt\/wp-json\/wp\/v2\/types\/page"}],"author":[{"embeddable":true,"href":"https:\/\/zamphelmets.co\/pt-pt\/wp-json\/wp\/v2\/users\/2"}],"replies":[{"embeddable":true,"href":"https:\/\/zamphelmets.co\/pt-pt\/wp-json\/wp\/v2\/comments?post=22150"}],"version-history":[{"count":0,"href":"https:\/\/zamphelmets.co\/pt-pt\/wp-json\/wp\/v2\/pages\/22150\/revisions"}],"wp:attachment":[{"href":"https:\/\/zamphelmets.co\/pt-pt\/wp-json\/wp\/v2\/media?parent=22150"}],"curies":[{"name":"wp","href":"https:\/\/api.w.org\/{rel}","templated":true}]}}