{"id":22132,"date":"2021-11-26T13:43:24","date_gmt":"2021-11-26T13:43:24","guid":{"rendered":"https:\/\/zamphelmets.co\/ganha-um-capacete-rz-59-preto-mate-mais-um-bone-zamp-2\/"},"modified":"2021-11-26T13:43:24","modified_gmt":"2021-11-26T13:43:24","slug":"ganha-um-capacete-rz-59-preto-mate-mais-um-bone-zamp-2","status":"publish","type":"page","link":"https:\/\/zamphelmets.co\/pt-pt\/ganha-um-capacete-rz-59-preto-mate-mais-um-bone-zamp-2\/","title":{"rendered":"GANHA um capacete RZ-59 preto mate MAIS um bon\u00e9 Zamp!"},"content":{"rendered":"<p><img decoding=\"async\" class=\"wp-image-4803 aligncenter lazyload\" data-src=\"https:\/\/zamphelmets.co\/wp-content\/uploads\/sites\/3\/2021\/11\/Untitled-design-300x50.png\" alt=\"\" width=\"762\" height=\"127\" data-srcset=\"https:\/\/zamphelmets.co\/wp-content\/uploads\/2021\/11\/Untitled-design-300x50.png 300w, https:\/\/zamphelmets.co\/wp-content\/uploads\/2021\/11\/Untitled-design-1024x171.png 1024w, https:\/\/zamphelmets.co\/wp-content\/uploads\/2021\/11\/Untitled-design-768x128.png 768w, https:\/\/zamphelmets.co\/wp-content\/uploads\/2021\/11\/Untitled-design-1536x256.png 1536w, https:\/\/zamphelmets.co\/wp-content\/uploads\/2021\/11\/Untitled-design-600x100.png 600w, https:\/\/zamphelmets.co\/wp-content\/uploads\/2021\/11\/Untitled-design.png 1800w\" data-sizes=\"(max-width: 762px) 100vw, 762px\" src=\"data:image\/svg+xml;base64,PHN2ZyB3aWR0aD0iMSIgaGVpZ2h0PSIxIiB4bWxucz0iaHR0cDovL3d3dy53My5vcmcvMjAwMC9zdmciPjwvc3ZnPg==\" style=\"--smush-placeholder-width: 762px; --smush-placeholder-aspect-ratio: 762\/127;\" \/><\/p>\n<div class=\"klaviyo-form-YanjCr\"><\/div>\n<p>&nbsp;<\/p>\n<p><strong>Fizemos uma parceria com a <a href=\"https:\/\/www.youtube.com\/channel\/UCLFEKc27sxYTT89hp3sehYg\" target=\"_blank\" rel=\"noopener\">VadoAlMax<\/a> para te dar a oportunidade de ganhares um <a href=\"https:\/\/zamphelmets.co\/pt-pt\/produto\/rz-59-preto-mate\/\">Capacete RZ-59 Preto Mate<\/a> e um Bon\u00e9 Zamp gr\u00e1tis!  <\/strong><\/p>\n<p><img decoding=\"async\" class=\"size-medium wp-image-4704 alignleft lazyload\" data-src=\"https:\/\/zamphelmets.co\/wp-content\/uploads\/sites\/3\/2021\/11\/H77203F-300x300.jpg\" alt=\"Capacete zamp preto mate RZ 59\" width=\"300\" height=\"300\" data-srcset=\"https:\/\/zamphelmets.co\/wp-content\/uploads\/2021\/11\/H77203F-300x300.jpg 300w, https:\/\/zamphelmets.co\/wp-content\/uploads\/2021\/11\/H77203F-1024x1024.jpg 1024w, https:\/\/zamphelmets.co\/wp-content\/uploads\/2021\/11\/H77203F-150x150.jpg 150w, https:\/\/zamphelmets.co\/wp-content\/uploads\/2021\/11\/H77203F-768x768.jpg 768w, https:\/\/zamphelmets.co\/wp-content\/uploads\/2021\/11\/H77203F-600x600.jpg 600w, https:\/\/zamphelmets.co\/wp-content\/uploads\/2021\/11\/H77203F-100x100.jpg 100w, https:\/\/zamphelmets.co\/wp-content\/uploads\/2021\/11\/H77203F.jpg 1500w\" data-sizes=\"(max-width: 300px) 100vw, 300px\" src=\"data:image\/svg+xml;base64,PHN2ZyB3aWR0aD0iMSIgaGVpZ2h0PSIxIiB4bWxucz0iaHR0cDovL3d3dy53My5vcmcvMjAwMC9zdmciPjwvc3ZnPg==\" style=\"--smush-placeholder-width: 300px; --smush-placeholder-aspect-ratio: 300\/300;\" \/>O Zamp <a href=\"https:\/\/zamphelmets.co\/pt-pt\/produto\/rz-59-preto-mate\/#description\">RZ-59 Matte Black <\/a> combina a mais recente tecnologia de capacete <a href=\"https:\/\/zamphelmets.co\/pt-pt\/explicacao-da-homologacao\/\">Snell SA2020<\/a> com um design de qualidade para oferecer o <em>capacete com a melhor rela\u00e7\u00e3o qualidade\/pre\u00e7o do mercado!<\/em><\/p>\n<p>Este modelo proporciona uma grande ventila\u00e7\u00e3o e conforto com um design elegante e simples para ajudar a manter a frescura e evitar o embaciamento em condi\u00e7\u00f5es de corrida extremas. O <a href=\"https:\/\/zamphelmets.co\/pt-pt\/produto\/rz-59-preto-mate\/#description\">RZ-59<\/a> oferece um excelente ajuste, um acabamento de alto n\u00edvel e o pre\u00e7o mais competitivo dispon\u00edvel na ind\u00fastria.<\/p>\n<div><\/div>\n<p>&nbsp;<\/p>\n<p><em>Para participar, basta preencher o formul\u00e1rio acima e depois fica atento aos teus e-mails para saber se foste escolhido como o feliz vencedor! O concurso ser\u00e1 encerrado na segunda-feira, 7 de fevereiro de 2022, e o vencedor ser\u00e1 anunciado e contactado no dia 8 de fevereiro de 2022.<\/em><\/p>\n<p>&nbsp;<\/p>\n<figure id=\"attachment_4723\" aria-describedby=\"caption-attachment-4723\" style=\"width: 400px\" class=\"wp-caption aligncenter\"><img decoding=\"async\" class=\"wp-image-4723 lazyload\" data-src=\"https:\/\/zamphelmets.co\/wp-content\/uploads\/sites\/3\/2021\/11\/IMG_3354-300x294.jpg\" alt=\"\" width=\"400\" height=\"392\" data-srcset=\"https:\/\/zamphelmets.co\/wp-content\/uploads\/2021\/11\/IMG_3354-300x294.jpg 300w, https:\/\/zamphelmets.co\/wp-content\/uploads\/2021\/11\/IMG_3354-1024x1005.jpg 1024w, https:\/\/zamphelmets.co\/wp-content\/uploads\/2021\/11\/IMG_3354-768x754.jpg 768w, https:\/\/zamphelmets.co\/wp-content\/uploads\/2021\/11\/IMG_3354-600x589.jpg 600w, https:\/\/zamphelmets.co\/wp-content\/uploads\/2021\/11\/IMG_3354.jpg 1242w\" data-sizes=\"(max-width: 400px) 100vw, 400px\" src=\"data:image\/svg+xml;base64,PHN2ZyB3aWR0aD0iMSIgaGVpZ2h0PSIxIiB4bWxucz0iaHR0cDovL3d3dy53My5vcmcvMjAwMC9zdmciPjwvc3ZnPg==\" style=\"--smush-placeholder-width: 400px; --smush-placeholder-aspect-ratio: 400\/392;\" \/><figcaption id=\"caption-attachment-4723\" class=\"wp-caption-text\">(cr\u00e9dito) SnappyRacers.com<\/figcaption><\/figure>\n<div class=\"klaviyo-form-YanjCr\"><\/div>\n","protected":false},"excerpt":{"rendered":"<p>&nbsp; Fizemos uma parceria com a VadoAlMax para te dar a oportunidade de ganhares um Capacete RZ-59 Preto Mate e um Bon\u00e9 Zamp gr\u00e1tis! O Zamp RZ-59 Matte Black combina a mais recente tecnologia de capacete Snell SA2020 com um design de qualidade para oferecer o capacete com a melhor rela\u00e7\u00e3o qualidade\/pre\u00e7o do mercado! Este [&hellip;]<\/p>\n","protected":false},"author":2,"featured_media":0,"parent":0,"menu_order":0,"comment_status":"closed","ping_status":"closed","template":"","meta":{"_acf_changed":false,"footnotes":""},"class_list":["post-22132","page","type-page","status-publish","hentry"],"acf":[],"yoast_head":"<!-- This site is optimized with the Yoast SEO plugin v27.0 - https:\/\/yoast.com\/product\/yoast-seo-wordpress\/ -->\n<title>GANHA um capacete RZ-59 preto mate MAIS um bon\u00e9 Zamp! - Zamp Helmets | Helmet 28 EU<\/title>\n<meta name=\"robots\" content=\"index, follow, max-snippet:-1, max-image-preview:large, max-video-preview:-1\" \/>\n<link rel=\"canonical\" href=\"https:\/\/zamphelmets.co\/pt-pt\/ganha-um-capacete-rz-59-preto-mate-mais-um-bone-zamp-2\/\" \/>\n<meta property=\"og:locale\" content=\"pt_PT\" \/>\n<meta property=\"og:type\" content=\"article\" \/>\n<meta property=\"og:title\" content=\"GANHA um capacete RZ-59 preto mate MAIS um bon\u00e9 Zamp! - Zamp Helmets | Helmet 28 EU\" \/>\n<meta property=\"og:description\" content=\"&nbsp; Fizemos uma parceria com a VadoAlMax para te dar a oportunidade de ganhares um Capacete RZ-59 Preto Mate e um Bon\u00e9 Zamp gr\u00e1tis! O Zamp RZ-59 Matte Black combina a mais recente tecnologia de capacete Snell SA2020 com um design de qualidade para oferecer o capacete com a melhor rela\u00e7\u00e3o qualidade\/pre\u00e7o do mercado! Este [&hellip;]\" \/>\n<meta property=\"og:url\" content=\"https:\/\/zamphelmets.co\/pt-pt\/ganha-um-capacete-rz-59-preto-mate-mais-um-bone-zamp-2\/\" \/>\n<meta property=\"og:site_name\" content=\"Zamp Helmets | Helmet 28 EU\" \/>\n<meta property=\"og:image\" content=\"https:\/\/zamphelmets.co\/wp-content\/uploads\/sites\/3\/2021\/11\/Untitled-design-300x50.png\" \/>\n<meta name=\"twitter:card\" content=\"summary_large_image\" \/>\n<meta name=\"twitter:label1\" content=\"Est. reading time\" \/>\n\t<meta name=\"twitter:data1\" content=\"1 minuto\" \/>\n<script type=\"application\/ld+json\" class=\"yoast-schema-graph\">{\"@context\":\"https:\/\/schema.org\",\"@graph\":[{\"@type\":\"WebPage\",\"@id\":\"https:\/\/zamphelmets.co\/pt-pt\/ganha-um-capacete-rz-59-preto-mate-mais-um-bone-zamp-2\/\",\"url\":\"https:\/\/zamphelmets.co\/pt-pt\/ganha-um-capacete-rz-59-preto-mate-mais-um-bone-zamp-2\/\",\"name\":\"GANHA um capacete RZ-59 preto mate MAIS um bon\u00e9 Zamp! - Zamp Helmets | Helmet 28 EU\",\"isPartOf\":{\"@id\":\"https:\/\/zamphelmets.co\/pt-pt\/#website\"},\"primaryImageOfPage\":{\"@id\":\"https:\/\/zamphelmets.co\/pt-pt\/ganha-um-capacete-rz-59-preto-mate-mais-um-bone-zamp-2\/#primaryimage\"},\"image\":{\"@id\":\"https:\/\/zamphelmets.co\/pt-pt\/ganha-um-capacete-rz-59-preto-mate-mais-um-bone-zamp-2\/#primaryimage\"},\"thumbnailUrl\":\"https:\/\/zamphelmets.co\/wp-content\/uploads\/sites\/3\/2021\/11\/Untitled-design-300x50.png\",\"datePublished\":\"2021-11-26T13:43:24+00:00\",\"inLanguage\":\"pt-PT\",\"potentialAction\":[{\"@type\":\"ReadAction\",\"target\":[\"https:\/\/zamphelmets.co\/pt-pt\/ganha-um-capacete-rz-59-preto-mate-mais-um-bone-zamp-2\/\"]}]},{\"@type\":\"ImageObject\",\"inLanguage\":\"pt-PT\",\"@id\":\"https:\/\/zamphelmets.co\/pt-pt\/ganha-um-capacete-rz-59-preto-mate-mais-um-bone-zamp-2\/#primaryimage\",\"url\":\"https:\/\/zamphelmets.co\/wp-content\/uploads\/sites\/3\/2021\/11\/Untitled-design-300x50.png\",\"contentUrl\":\"https:\/\/zamphelmets.co\/wp-content\/uploads\/sites\/3\/2021\/11\/Untitled-design-300x50.png\"},{\"@type\":\"WebSite\",\"@id\":\"https:\/\/zamphelmets.co\/pt-pt\/#website\",\"url\":\"https:\/\/zamphelmets.co\/pt-pt\/\",\"name\":\"Zamp Helmets | Helmet 28 EU\",\"description\":\"High Quality Motorsport Helmets\",\"potentialAction\":[{\"@type\":\"SearchAction\",\"target\":{\"@type\":\"EntryPoint\",\"urlTemplate\":\"https:\/\/zamphelmets.co\/pt-pt\/?s={search_term_string}\"},\"query-input\":{\"@type\":\"PropertyValueSpecification\",\"valueRequired\":true,\"valueName\":\"search_term_string\"}}],\"inLanguage\":\"pt-PT\"}]}<\/script>\n<!-- \/ Yoast SEO plugin. -->","yoast_head_json":{"title":"GANHA um capacete RZ-59 preto mate MAIS um bon\u00e9 Zamp! - Zamp Helmets | Helmet 28 EU","robots":{"index":"index","follow":"follow","max-snippet":"max-snippet:-1","max-image-preview":"max-image-preview:large","max-video-preview":"max-video-preview:-1"},"canonical":"https:\/\/zamphelmets.co\/pt-pt\/ganha-um-capacete-rz-59-preto-mate-mais-um-bone-zamp-2\/","og_locale":"pt_PT","og_type":"article","og_title":"GANHA um capacete RZ-59 preto mate MAIS um bon\u00e9 Zamp! - Zamp Helmets | Helmet 28 EU","og_description":"&nbsp; Fizemos uma parceria com a VadoAlMax para te dar a oportunidade de ganhares um Capacete RZ-59 Preto Mate e um Bon\u00e9 Zamp gr\u00e1tis! O Zamp RZ-59 Matte Black combina a mais recente tecnologia de capacete Snell SA2020 com um design de qualidade para oferecer o capacete com a melhor rela\u00e7\u00e3o qualidade\/pre\u00e7o do mercado! Este [&hellip;]","og_url":"https:\/\/zamphelmets.co\/pt-pt\/ganha-um-capacete-rz-59-preto-mate-mais-um-bone-zamp-2\/","og_site_name":"Zamp Helmets | Helmet 28 EU","og_image":[{"url":"https:\/\/zamphelmets.co\/wp-content\/uploads\/sites\/3\/2021\/11\/Untitled-design-300x50.png","type":"","width":"","height":""}],"twitter_card":"summary_large_image","twitter_misc":{"Est. reading time":"1 minuto"},"schema":{"@context":"https:\/\/schema.org","@graph":[{"@type":"WebPage","@id":"https:\/\/zamphelmets.co\/pt-pt\/ganha-um-capacete-rz-59-preto-mate-mais-um-bone-zamp-2\/","url":"https:\/\/zamphelmets.co\/pt-pt\/ganha-um-capacete-rz-59-preto-mate-mais-um-bone-zamp-2\/","name":"GANHA um capacete RZ-59 preto mate MAIS um bon\u00e9 Zamp! - Zamp Helmets | Helmet 28 EU","isPartOf":{"@id":"https:\/\/zamphelmets.co\/pt-pt\/#website"},"primaryImageOfPage":{"@id":"https:\/\/zamphelmets.co\/pt-pt\/ganha-um-capacete-rz-59-preto-mate-mais-um-bone-zamp-2\/#primaryimage"},"image":{"@id":"https:\/\/zamphelmets.co\/pt-pt\/ganha-um-capacete-rz-59-preto-mate-mais-um-bone-zamp-2\/#primaryimage"},"thumbnailUrl":"https:\/\/zamphelmets.co\/wp-content\/uploads\/sites\/3\/2021\/11\/Untitled-design-300x50.png","datePublished":"2021-11-26T13:43:24+00:00","inLanguage":"pt-PT","potentialAction":[{"@type":"ReadAction","target":["https:\/\/zamphelmets.co\/pt-pt\/ganha-um-capacete-rz-59-preto-mate-mais-um-bone-zamp-2\/"]}]},{"@type":"ImageObject","inLanguage":"pt-PT","@id":"https:\/\/zamphelmets.co\/pt-pt\/ganha-um-capacete-rz-59-preto-mate-mais-um-bone-zamp-2\/#primaryimage","url":"https:\/\/zamphelmets.co\/wp-content\/uploads\/sites\/3\/2021\/11\/Untitled-design-300x50.png","contentUrl":"https:\/\/zamphelmets.co\/wp-content\/uploads\/sites\/3\/2021\/11\/Untitled-design-300x50.png"},{"@type":"WebSite","@id":"https:\/\/zamphelmets.co\/pt-pt\/#website","url":"https:\/\/zamphelmets.co\/pt-pt\/","name":"Zamp Helmets | Helmet 28 EU","description":"High Quality Motorsport Helmets","potentialAction":[{"@type":"SearchAction","target":{"@type":"EntryPoint","urlTemplate":"https:\/\/zamphelmets.co\/pt-pt\/?s={search_term_string}"},"query-input":{"@type":"PropertyValueSpecification","valueRequired":true,"valueName":"search_term_string"}}],"inLanguage":"pt-PT"}]}},"_links":{"self":[{"href":"https:\/\/zamphelmets.co\/pt-pt\/wp-json\/wp\/v2\/pages\/22132","targetHints":{"allow":["GET"]}}],"collection":[{"href":"https:\/\/zamphelmets.co\/pt-pt\/wp-json\/wp\/v2\/pages"}],"about":[{"href":"https:\/\/zamphelmets.co\/pt-pt\/wp-json\/wp\/v2\/types\/page"}],"author":[{"embeddable":true,"href":"https:\/\/zamphelmets.co\/pt-pt\/wp-json\/wp\/v2\/users\/2"}],"replies":[{"embeddable":true,"href":"https:\/\/zamphelmets.co\/pt-pt\/wp-json\/wp\/v2\/comments?post=22132"}],"version-history":[{"count":0,"href":"https:\/\/zamphelmets.co\/pt-pt\/wp-json\/wp\/v2\/pages\/22132\/revisions"}],"wp:attachment":[{"href":"https:\/\/zamphelmets.co\/pt-pt\/wp-json\/wp\/v2\/media?parent=22132"}],"curies":[{"name":"wp","href":"https:\/\/api.w.org\/{rel}","templated":true}]}}