{"id":22103,"date":"2021-02-25T17:21:31","date_gmt":"2021-02-25T17:21:31","guid":{"rendered":"https:\/\/zamphelmets.co\/ofertas-zamp-2021\/"},"modified":"2024-06-15T07:35:22","modified_gmt":"2024-06-15T07:35:22","slug":"ofertas-zamp-2021","status":"publish","type":"page","link":"https:\/\/zamphelmets.co\/pt-pt\/ofertas-zamp-2021\/","title":{"rendered":"Ofertas Zamp 2021"},"content":{"rendered":"<p><img decoding=\"async\" class=\"alignnone wp-image-3202 aligncenter lazyload\" data-src=\"https:\/\/zamphelmets.co\/wp-content\/uploads\/sites\/3\/2021\/02\/Template-3_Zamp-Helmet-300x300.png\" alt=\"\" width=\"400\" height=\"400\" data-srcset=\"https:\/\/zamphelmets.co\/wp-content\/uploads\/2021\/02\/Template-3_Zamp-Helmet-300x300.png 300w, https:\/\/zamphelmets.co\/wp-content\/uploads\/2021\/02\/Template-3_Zamp-Helmet-150x150.png 150w, https:\/\/zamphelmets.co\/wp-content\/uploads\/2021\/02\/Template-3_Zamp-Helmet-768x768.png 768w, https:\/\/zamphelmets.co\/wp-content\/uploads\/2021\/02\/Template-3_Zamp-Helmet-600x600.png 600w, https:\/\/zamphelmets.co\/wp-content\/uploads\/2021\/02\/Template-3_Zamp-Helmet-100x100.png 100w, https:\/\/zamphelmets.co\/wp-content\/uploads\/2021\/02\/Template-3_Zamp-Helmet.png 1000w\" data-sizes=\"(max-width: 400px) 100vw, 400px\" src=\"data:image\/svg+xml;base64,PHN2ZyB3aWR0aD0iMSIgaGVpZ2h0PSIxIiB4bWxucz0iaHR0cDovL3d3dy53My5vcmcvMjAwMC9zdmciPjwvc3ZnPg==\" style=\"--smush-placeholder-width: 400px; --smush-placeholder-aspect-ratio: 400\/400;\" \/><\/p>\n<p><strong>Gasta \u00a3300 e recebe um <a href=\"https:\/\/zamphelmets.co\/product\/team-zamp-package\/\">pacote Zamp de equipa<\/a> gr\u00e1tis<\/strong> &#8211; Se o teu gasto for superior a \u00a3300, utiliza o c\u00f3digo <strong>ZAMPDRIVER <\/strong>no checkout e n\u00f3s fornecemos-te o pacote de condutor obrigat\u00f3rio &#8211; Saco para capacete, bon\u00e9 Zamp e kit de autocolantes com decalques.<\/p>\n<p><img decoding=\"async\" class=\"alignnone wp-image-3201 aligncenter lazyload\" data-src=\"https:\/\/zamphelmets.co\/wp-content\/uploads\/sites\/3\/2021\/02\/Template-2_Zamp-Helmet-300x300.png\" alt=\"\" width=\"400\" height=\"400\" data-srcset=\"https:\/\/zamphelmets.co\/wp-content\/uploads\/2021\/02\/Template-2_Zamp-Helmet-300x300.png 300w, https:\/\/zamphelmets.co\/wp-content\/uploads\/2021\/02\/Template-2_Zamp-Helmet-150x150.png 150w, https:\/\/zamphelmets.co\/wp-content\/uploads\/2021\/02\/Template-2_Zamp-Helmet-768x768.png 768w, https:\/\/zamphelmets.co\/wp-content\/uploads\/2021\/02\/Template-2_Zamp-Helmet-600x600.png 600w, https:\/\/zamphelmets.co\/wp-content\/uploads\/2021\/02\/Template-2_Zamp-Helmet-100x100.png 100w, https:\/\/zamphelmets.co\/wp-content\/uploads\/2021\/02\/Template-2_Zamp-Helmet.png 1000w\" data-sizes=\"(max-width: 400px) 100vw, 400px\" src=\"data:image\/svg+xml;base64,PHN2ZyB3aWR0aD0iMSIgaGVpZ2h0PSIxIiB4bWxucz0iaHR0cDovL3d3dy53My5vcmcvMjAwMC9zdmciPjwvc3ZnPg==\" style=\"--smush-placeholder-width: 400px; --smush-placeholder-aspect-ratio: 400\/400;\" \/><strong>Gasta \u00a3500 e recebe uma <a href=\"https:\/\/zamphelmets.co\/pt-pt\/produto\/viseiras-z20\/\">Viseira Prism Z20 <\/a> gr\u00e1tis<\/strong>&#8211; Se gastares mais de \u00a3500, ter\u00e1s direito a uma Viseira Prism gr\u00e1tis. Dispon\u00edvel em 3 cores deslumbrantes: dourado\/azul\/vermelho, estas viseiras s\u00e3o compat\u00edveis com todos os capacetes do site. Utiliza o c\u00f3digo <strong>FREEPRISM <\/strong>no checkout.<\/p>\n<p><strong>*A Viseira de prisma TEM de estar no teu carrinho para o c\u00f3digo funcionar.<\/strong><\/p>\n<p>&nbsp;<\/p>\n<p>EXPIRA EM BREVE!<\/p>\n","protected":false},"excerpt":{"rendered":"<p>Gasta \u00a3300 e recebe um pacote Zamp de equipa gr\u00e1tis &#8211; Se o teu gasto for superior a \u00a3300, utiliza o c\u00f3digo ZAMPDRIVER no checkout e n\u00f3s fornecemos-te o pacote de condutor obrigat\u00f3rio &#8211; Saco para capacete, bon\u00e9 Zamp e kit de autocolantes com decalques. Gasta \u00a3500 e recebe uma Viseira Prism Z20 gr\u00e1tis&#8211; Se [&hellip;]<\/p>\n","protected":false},"author":2,"featured_media":0,"parent":0,"menu_order":0,"comment_status":"closed","ping_status":"closed","template":"templates\/fullwidth.php","meta":{"_acf_changed":false,"footnotes":""},"class_list":["post-22103","page","type-page","status-publish","hentry"],"acf":[],"yoast_head":"<!-- This site is optimized with the Yoast SEO plugin v27.0 - https:\/\/yoast.com\/product\/yoast-seo-wordpress\/ -->\n<title>Ofertas Zamp 2021 - Zamp Helmets | Helmet 28 EU<\/title>\n<meta name=\"robots\" content=\"index, follow, max-snippet:-1, max-image-preview:large, max-video-preview:-1\" \/>\n<link rel=\"canonical\" href=\"https:\/\/zamphelmets.co\/pt-pt\/ofertas-zamp-2021\/\" \/>\n<meta property=\"og:locale\" content=\"pt_PT\" \/>\n<meta property=\"og:type\" content=\"article\" \/>\n<meta property=\"og:title\" content=\"Ofertas Zamp 2021 - Zamp Helmets | Helmet 28 EU\" \/>\n<meta property=\"og:description\" content=\"Gasta \u00a3300 e recebe um pacote Zamp de equipa gr\u00e1tis &#8211; Se o teu gasto for superior a \u00a3300, utiliza o c\u00f3digo ZAMPDRIVER no checkout e n\u00f3s fornecemos-te o pacote de condutor obrigat\u00f3rio &#8211; Saco para capacete, bon\u00e9 Zamp e kit de autocolantes com decalques. Gasta \u00a3500 e recebe uma Viseira Prism Z20 gr\u00e1tis&#8211; Se [&hellip;]\" \/>\n<meta property=\"og:url\" content=\"https:\/\/zamphelmets.co\/pt-pt\/ofertas-zamp-2021\/\" \/>\n<meta property=\"og:site_name\" content=\"Zamp Helmets | Helmet 28 EU\" \/>\n<meta property=\"article:modified_time\" content=\"2024-06-15T07:35:22+00:00\" \/>\n<meta property=\"og:image\" content=\"https:\/\/zamphelmets.co\/wp-content\/uploads\/sites\/3\/2021\/02\/Template-3_Zamp-Helmet-300x300.png\" \/>\n<meta name=\"twitter:card\" content=\"summary_large_image\" \/>\n<meta name=\"twitter:label1\" content=\"Est. reading time\" \/>\n\t<meta name=\"twitter:data1\" content=\"1 minuto\" \/>\n<script type=\"application\/ld+json\" class=\"yoast-schema-graph\">{\"@context\":\"https:\/\/schema.org\",\"@graph\":[{\"@type\":\"WebPage\",\"@id\":\"https:\/\/zamphelmets.co\/pt-pt\/ofertas-zamp-2021\/\",\"url\":\"https:\/\/zamphelmets.co\/pt-pt\/ofertas-zamp-2021\/\",\"name\":\"Ofertas Zamp 2021 - Zamp Helmets | Helmet 28 EU\",\"isPartOf\":{\"@id\":\"https:\/\/zamphelmets.co\/pt-pt\/#website\"},\"primaryImageOfPage\":{\"@id\":\"https:\/\/zamphelmets.co\/pt-pt\/ofertas-zamp-2021\/#primaryimage\"},\"image\":{\"@id\":\"https:\/\/zamphelmets.co\/pt-pt\/ofertas-zamp-2021\/#primaryimage\"},\"thumbnailUrl\":\"https:\/\/zamphelmets.co\/wp-content\/uploads\/sites\/3\/2021\/02\/Template-3_Zamp-Helmet-300x300.png\",\"datePublished\":\"2021-02-25T17:21:31+00:00\",\"dateModified\":\"2024-06-15T07:35:22+00:00\",\"inLanguage\":\"pt-PT\",\"potentialAction\":[{\"@type\":\"ReadAction\",\"target\":[\"https:\/\/zamphelmets.co\/pt-pt\/ofertas-zamp-2021\/\"]}]},{\"@type\":\"ImageObject\",\"inLanguage\":\"pt-PT\",\"@id\":\"https:\/\/zamphelmets.co\/pt-pt\/ofertas-zamp-2021\/#primaryimage\",\"url\":\"https:\/\/zamphelmets.co\/wp-content\/uploads\/sites\/3\/2021\/02\/Template-3_Zamp-Helmet-300x300.png\",\"contentUrl\":\"https:\/\/zamphelmets.co\/wp-content\/uploads\/sites\/3\/2021\/02\/Template-3_Zamp-Helmet-300x300.png\"},{\"@type\":\"WebSite\",\"@id\":\"https:\/\/zamphelmets.co\/pt-pt\/#website\",\"url\":\"https:\/\/zamphelmets.co\/pt-pt\/\",\"name\":\"Zamp Helmets | Helmet 28 EU\",\"description\":\"High Quality Motorsport Helmets\",\"potentialAction\":[{\"@type\":\"SearchAction\",\"target\":{\"@type\":\"EntryPoint\",\"urlTemplate\":\"https:\/\/zamphelmets.co\/pt-pt\/?s={search_term_string}\"},\"query-input\":{\"@type\":\"PropertyValueSpecification\",\"valueRequired\":true,\"valueName\":\"search_term_string\"}}],\"inLanguage\":\"pt-PT\"}]}<\/script>\n<!-- \/ Yoast SEO plugin. -->","yoast_head_json":{"title":"Ofertas Zamp 2021 - Zamp Helmets | Helmet 28 EU","robots":{"index":"index","follow":"follow","max-snippet":"max-snippet:-1","max-image-preview":"max-image-preview:large","max-video-preview":"max-video-preview:-1"},"canonical":"https:\/\/zamphelmets.co\/pt-pt\/ofertas-zamp-2021\/","og_locale":"pt_PT","og_type":"article","og_title":"Ofertas Zamp 2021 - Zamp Helmets | Helmet 28 EU","og_description":"Gasta \u00a3300 e recebe um pacote Zamp de equipa gr\u00e1tis &#8211; Se o teu gasto for superior a \u00a3300, utiliza o c\u00f3digo ZAMPDRIVER no checkout e n\u00f3s fornecemos-te o pacote de condutor obrigat\u00f3rio &#8211; Saco para capacete, bon\u00e9 Zamp e kit de autocolantes com decalques. Gasta \u00a3500 e recebe uma Viseira Prism Z20 gr\u00e1tis&#8211; Se [&hellip;]","og_url":"https:\/\/zamphelmets.co\/pt-pt\/ofertas-zamp-2021\/","og_site_name":"Zamp Helmets | Helmet 28 EU","article_modified_time":"2024-06-15T07:35:22+00:00","og_image":[{"url":"https:\/\/zamphelmets.co\/wp-content\/uploads\/sites\/3\/2021\/02\/Template-3_Zamp-Helmet-300x300.png","type":"","width":"","height":""}],"twitter_card":"summary_large_image","twitter_misc":{"Est. reading time":"1 minuto"},"schema":{"@context":"https:\/\/schema.org","@graph":[{"@type":"WebPage","@id":"https:\/\/zamphelmets.co\/pt-pt\/ofertas-zamp-2021\/","url":"https:\/\/zamphelmets.co\/pt-pt\/ofertas-zamp-2021\/","name":"Ofertas Zamp 2021 - Zamp Helmets | Helmet 28 EU","isPartOf":{"@id":"https:\/\/zamphelmets.co\/pt-pt\/#website"},"primaryImageOfPage":{"@id":"https:\/\/zamphelmets.co\/pt-pt\/ofertas-zamp-2021\/#primaryimage"},"image":{"@id":"https:\/\/zamphelmets.co\/pt-pt\/ofertas-zamp-2021\/#primaryimage"},"thumbnailUrl":"https:\/\/zamphelmets.co\/wp-content\/uploads\/sites\/3\/2021\/02\/Template-3_Zamp-Helmet-300x300.png","datePublished":"2021-02-25T17:21:31+00:00","dateModified":"2024-06-15T07:35:22+00:00","inLanguage":"pt-PT","potentialAction":[{"@type":"ReadAction","target":["https:\/\/zamphelmets.co\/pt-pt\/ofertas-zamp-2021\/"]}]},{"@type":"ImageObject","inLanguage":"pt-PT","@id":"https:\/\/zamphelmets.co\/pt-pt\/ofertas-zamp-2021\/#primaryimage","url":"https:\/\/zamphelmets.co\/wp-content\/uploads\/sites\/3\/2021\/02\/Template-3_Zamp-Helmet-300x300.png","contentUrl":"https:\/\/zamphelmets.co\/wp-content\/uploads\/sites\/3\/2021\/02\/Template-3_Zamp-Helmet-300x300.png"},{"@type":"WebSite","@id":"https:\/\/zamphelmets.co\/pt-pt\/#website","url":"https:\/\/zamphelmets.co\/pt-pt\/","name":"Zamp Helmets | Helmet 28 EU","description":"High Quality Motorsport Helmets","potentialAction":[{"@type":"SearchAction","target":{"@type":"EntryPoint","urlTemplate":"https:\/\/zamphelmets.co\/pt-pt\/?s={search_term_string}"},"query-input":{"@type":"PropertyValueSpecification","valueRequired":true,"valueName":"search_term_string"}}],"inLanguage":"pt-PT"}]}},"_links":{"self":[{"href":"https:\/\/zamphelmets.co\/pt-pt\/wp-json\/wp\/v2\/pages\/22103","targetHints":{"allow":["GET"]}}],"collection":[{"href":"https:\/\/zamphelmets.co\/pt-pt\/wp-json\/wp\/v2\/pages"}],"about":[{"href":"https:\/\/zamphelmets.co\/pt-pt\/wp-json\/wp\/v2\/types\/page"}],"author":[{"embeddable":true,"href":"https:\/\/zamphelmets.co\/pt-pt\/wp-json\/wp\/v2\/users\/2"}],"replies":[{"embeddable":true,"href":"https:\/\/zamphelmets.co\/pt-pt\/wp-json\/wp\/v2\/comments?post=22103"}],"version-history":[{"count":1,"href":"https:\/\/zamphelmets.co\/pt-pt\/wp-json\/wp\/v2\/pages\/22103\/revisions"}],"predecessor-version":[{"id":22113,"href":"https:\/\/zamphelmets.co\/pt-pt\/wp-json\/wp\/v2\/pages\/22103\/revisions\/22113"}],"wp:attachment":[{"href":"https:\/\/zamphelmets.co\/pt-pt\/wp-json\/wp\/v2\/media?parent=22103"}],"curies":[{"name":"wp","href":"https:\/\/api.w.org\/{rel}","templated":true}]}}