{"id":22056,"date":"2020-12-02T15:45:54","date_gmt":"2020-12-02T15:45:54","guid":{"rendered":"https:\/\/zamphelmets.co\/tempos-de-envio\/"},"modified":"2026-02-16T15:01:54","modified_gmt":"2026-02-16T15:01:54","slug":"tempos-de-envio","status":"publish","type":"page","link":"https:\/\/zamphelmets.co\/pt-pt\/tempos-de-envio\/","title":{"rendered":"Tempos de envio"},"content":{"rendered":"<p>Na <a href=\"https:\/\/zamphelmets.co\/pt-pt\/product-category\/zamp-pt-pt\/capacetes-zamp\/\">Zamp Helmets<\/a>, trabalhamos para que todas as encomendas sejam enviadas o mais rapidamente poss\u00edvel. Dispomos de um armaz\u00e9m sofisticado e de uma rede de expedi\u00e7\u00e3o que garante que os envios chegam at\u00e9 ti o mais rapidamente poss\u00edvel. Todas as encomendas s\u00e3o enviadas <span style=\"text-decoration: underline;\"><br \/>\n  <strong>DPD com rastreio<\/strong><br \/>\n<\/span>.<\/p>\n<p>A maior parte dos envios tem direito a ENVIO GRATUITO, no entanto, todas as outras encomendas t\u00eam direito a uma taxa de entrega normal. Depende do pa\u00eds.<strong> <\/strong><\/p>\n<table width=\"624\">\n<tbody>\n<tr>\n<td width=\"264\"><\/td>\n<td width=\"88\"><strong>ZONA 1<\/strong><\/td>\n<td width=\"88\"><strong>ZONA 2<\/strong><\/td>\n<td width=\"88\"><strong>ZONA 3<\/strong><\/td>\n<td width=\"96\"><strong>ZONA 4<\/strong><\/td>\n<\/tr>\n<tr>\n<td>Envio gratuito (se for superior)<\/td>\n<td> \u20ac 250.00<\/td>\n<td> \u20ac 300.00<\/td>\n<td> \u20ac 500.00<\/td>\n<td> \u20ac 1,500.00<\/td>\n<\/tr>\n<tr>\n<td>Custo de envio (se inferior a)<\/td>\n<td> \u20ac 7.50<\/td>\n<td> \u20ac 12.50<\/td>\n<td> \u20ac 25.00<\/td>\n<td> \u20ac 40.00<\/td>\n<\/tr>\n<\/tbody>\n<\/table>\n<p><strong>Nota: o nosso armaz\u00e9m na UE est\u00e1 encerrado \u00e0s segundas-feiras, pelo que N\u00c3O ser\u00e3o expedidas encomendas \u00e0s segundas-feiras.<\/strong><\/p>\n<table width=\"221\">\n<tbody>\n<tr>\n<td width=\"128\">PA\u00cdS<\/td>\n<td width=\"93\">TEMPO DE TR\u00c2NSITO (dias)<\/td>\n<\/tr>\n<tr>\n<td>ZONA 1<\/td>\n<td><\/td>\n<\/tr>\n<tr>\n<td>B\u00e9lgica<\/td>\n<td>1-2<\/td>\n<\/tr>\n<tr>\n<td>Pa\u00edses Baixos<\/td>\n<td>1-2<\/td>\n<\/tr>\n<tr>\n<td>Luxemburgo<\/td>\n<td>1-2<\/td>\n<\/tr>\n<tr>\n<td>Alemanha<\/td>\n<td>1-3<\/td>\n<\/tr>\n<tr>\n<td>Fran\u00e7a<\/td>\n<td>2-4<\/td>\n<\/tr>\n<tr>\n<td><\/td>\n<td><\/td>\n<\/tr>\n<tr>\n<td>ZONA 2<\/td>\n<td><\/td>\n<\/tr>\n<tr>\n<td>REINO UNIDO<\/td>\n<td>3-4<\/td>\n<\/tr>\n<tr>\n<td>Dinamarca<\/td>\n<td>2-3<\/td>\n<\/tr>\n<tr>\n<td>Espanha<\/td>\n<td>3-5<\/td>\n<\/tr>\n<tr>\n<td>Portugal<\/td>\n<td>4-5<\/td>\n<\/tr>\n<tr>\n<td>It\u00e1lia<\/td>\n<td>2-5<\/td>\n<\/tr>\n<tr>\n<td>Su\u00e9cia<\/td>\n<td>3-4<\/td>\n<\/tr>\n<tr>\n<td>\u00c1ustria<\/td>\n<td>2-3<\/td>\n<\/tr>\n<tr>\n<td><\/td>\n<td><\/td>\n<\/tr>\n<tr>\n<td>ZONA 3<\/td>\n<td><\/td>\n<\/tr>\n<tr>\n<td>Finl\u00e2ndia<\/td>\n<td>5-6<\/td>\n<\/tr>\n<tr>\n<td>Eslov\u00e9nia<\/td>\n<td>2-3<\/td>\n<\/tr>\n<tr>\n<td>Eslov\u00e1quia<\/td>\n<td>3-4<\/td>\n<\/tr>\n<tr>\n<td>Hungria<\/td>\n<td>2-4<\/td>\n<\/tr>\n<tr>\n<td>Irlanda<\/td>\n<td>3-4<\/td>\n<\/tr>\n<tr>\n<td>Rep\u00fablica Checa<\/td>\n<td>2-4<\/td>\n<\/tr>\n<tr>\n<td>Pol\u00f3nia<\/td>\n<td>2-3<\/td>\n<\/tr>\n<tr>\n<td>Est\u00f3nia<\/td>\n<td>4-5<\/td>\n<\/tr>\n<tr>\n<td>Litu\u00e2nia<\/td>\n<td>3-5<\/td>\n<\/tr>\n<tr>\n<td>Let\u00f3nia<\/td>\n<td>3-5<\/td>\n<\/tr>\n<tr>\n<td><\/td>\n<td><\/td>\n<\/tr>\n<tr>\n<td>ZONA 4 + Todos os outros<\/td>\n<td><\/td>\n<\/tr>\n<tr>\n<td>Cro\u00e1cia<\/td>\n<td>3-4<\/td>\n<\/tr>\n<tr>\n<td>Bulg\u00e1ria<\/td>\n<td>4-5<\/td>\n<\/tr>\n<tr>\n<td>Gr\u00e9cia<\/td>\n<td>5-7<\/td>\n<\/tr>\n<tr>\n<td>Rom\u00e9nia<\/td>\n<td>3-4<\/td>\n<\/tr>\n<\/tbody>\n<\/table>\n<p>Todas as encomendas s\u00e3o enviadas pelo fornecedor l\u00edder <a href=\"https:\/\/www.dpd.co.uk\/\">DPD atrav\u00e9s de um SERVI\u00c7O DE TRANSPORTE RASTREADO<\/a>. Assim que a tua encomenda for processada pelo nosso pessoal do armaz\u00e9m, receber\u00e1s um e-mail a notificar-te de que est\u00e1 a caminho. Inclu\u00eddo neste e-mail est\u00e1 um n\u00famero de rastreio que te permitir\u00e1 seguir a encomenda durante todo o percurso.<\/p>\n","protected":false},"excerpt":{"rendered":"<p>Na Zamp Helmets, trabalhamos para que todas as encomendas sejam enviadas o mais rapidamente poss\u00edvel. Dispomos de um armaz\u00e9m sofisticado e de uma rede de expedi\u00e7\u00e3o que garante que os envios chegam at\u00e9 ti o mais rapidamente poss\u00edvel. Todas as encomendas s\u00e3o enviadas DPD com rastreio . A maior parte dos envios tem direito a [&hellip;]<\/p>\n","protected":false},"author":2,"featured_media":0,"parent":0,"menu_order":0,"comment_status":"closed","ping_status":"closed","template":"","meta":{"_acf_changed":false,"footnotes":""},"class_list":["post-22056","page","type-page","status-publish","hentry"],"acf":[],"yoast_head":"<!-- This site is optimized with the Yoast SEO plugin v27.0 - https:\/\/yoast.com\/product\/yoast-seo-wordpress\/ -->\n<title>Tempos de envio - Zamp Helmets | Helmet 28 EU<\/title>\n<meta name=\"description\" content=\"Na Zamp Helmets, esfor\u00e7amo-nos por enviar todas as encomendas o mais rapidamente poss\u00edvel. Consulta os nossos prazos de envio para o teu pa\u00eds\/territ\u00f3rio.\" \/>\n<meta name=\"robots\" content=\"index, follow, max-snippet:-1, max-image-preview:large, max-video-preview:-1\" \/>\n<link rel=\"canonical\" href=\"https:\/\/zamphelmets.co\/pt-pt\/tempos-de-envio\/\" \/>\n<meta property=\"og:locale\" content=\"pt_PT\" \/>\n<meta property=\"og:type\" content=\"article\" \/>\n<meta property=\"og:title\" content=\"Tempos de envio - Zamp Helmets | Helmet 28 EU\" \/>\n<meta property=\"og:description\" content=\"Na Zamp Helmets, esfor\u00e7amo-nos por enviar todas as encomendas o mais rapidamente poss\u00edvel. Consulta os nossos prazos de envio para o teu pa\u00eds\/territ\u00f3rio.\" \/>\n<meta property=\"og:url\" content=\"https:\/\/zamphelmets.co\/pt-pt\/tempos-de-envio\/\" \/>\n<meta property=\"og:site_name\" content=\"Zamp Helmets | Helmet 28 EU\" \/>\n<meta property=\"article:modified_time\" content=\"2026-02-16T15:01:54+00:00\" \/>\n<meta name=\"twitter:card\" content=\"summary_large_image\" \/>\n<meta name=\"twitter:label1\" content=\"Est. reading time\" \/>\n\t<meta name=\"twitter:data1\" content=\"1 minuto\" \/>\n<script type=\"application\/ld+json\" class=\"yoast-schema-graph\">{\"@context\":\"https:\/\/schema.org\",\"@graph\":[{\"@type\":\"WebPage\",\"@id\":\"https:\/\/zamphelmets.co\/pt-pt\/tempos-de-envio\/\",\"url\":\"https:\/\/zamphelmets.co\/pt-pt\/tempos-de-envio\/\",\"name\":\"Tempos de envio - Zamp Helmets | Helmet 28 EU\",\"isPartOf\":{\"@id\":\"https:\/\/zamphelmets.co\/pt-pt\/#website\"},\"datePublished\":\"2020-12-02T15:45:54+00:00\",\"dateModified\":\"2026-02-16T15:01:54+00:00\",\"description\":\"Na Zamp Helmets, esfor\u00e7amo-nos por enviar todas as encomendas o mais rapidamente poss\u00edvel. Consulta os nossos prazos de envio para o teu pa\u00eds\/territ\u00f3rio.\",\"inLanguage\":\"pt-PT\",\"potentialAction\":[{\"@type\":\"ReadAction\",\"target\":[\"https:\/\/zamphelmets.co\/pt-pt\/tempos-de-envio\/\"]}]},{\"@type\":\"WebSite\",\"@id\":\"https:\/\/zamphelmets.co\/pt-pt\/#website\",\"url\":\"https:\/\/zamphelmets.co\/pt-pt\/\",\"name\":\"Zamp Helmets | Helmet 28 EU\",\"description\":\"High Quality Motorsport Helmets\",\"potentialAction\":[{\"@type\":\"SearchAction\",\"target\":{\"@type\":\"EntryPoint\",\"urlTemplate\":\"https:\/\/zamphelmets.co\/pt-pt\/?s={search_term_string}\"},\"query-input\":{\"@type\":\"PropertyValueSpecification\",\"valueRequired\":true,\"valueName\":\"search_term_string\"}}],\"inLanguage\":\"pt-PT\"}]}<\/script>\n<!-- \/ Yoast SEO plugin. -->","yoast_head_json":{"title":"Tempos de envio - Zamp Helmets | Helmet 28 EU","description":"Na Zamp Helmets, esfor\u00e7amo-nos por enviar todas as encomendas o mais rapidamente poss\u00edvel. Consulta os nossos prazos de envio para o teu pa\u00eds\/territ\u00f3rio.","robots":{"index":"index","follow":"follow","max-snippet":"max-snippet:-1","max-image-preview":"max-image-preview:large","max-video-preview":"max-video-preview:-1"},"canonical":"https:\/\/zamphelmets.co\/pt-pt\/tempos-de-envio\/","og_locale":"pt_PT","og_type":"article","og_title":"Tempos de envio - Zamp Helmets | Helmet 28 EU","og_description":"Na Zamp Helmets, esfor\u00e7amo-nos por enviar todas as encomendas o mais rapidamente poss\u00edvel. Consulta os nossos prazos de envio para o teu pa\u00eds\/territ\u00f3rio.","og_url":"https:\/\/zamphelmets.co\/pt-pt\/tempos-de-envio\/","og_site_name":"Zamp Helmets | Helmet 28 EU","article_modified_time":"2026-02-16T15:01:54+00:00","twitter_card":"summary_large_image","twitter_misc":{"Est. reading time":"1 minuto"},"schema":{"@context":"https:\/\/schema.org","@graph":[{"@type":"WebPage","@id":"https:\/\/zamphelmets.co\/pt-pt\/tempos-de-envio\/","url":"https:\/\/zamphelmets.co\/pt-pt\/tempos-de-envio\/","name":"Tempos de envio - Zamp Helmets | Helmet 28 EU","isPartOf":{"@id":"https:\/\/zamphelmets.co\/pt-pt\/#website"},"datePublished":"2020-12-02T15:45:54+00:00","dateModified":"2026-02-16T15:01:54+00:00","description":"Na Zamp Helmets, esfor\u00e7amo-nos por enviar todas as encomendas o mais rapidamente poss\u00edvel. Consulta os nossos prazos de envio para o teu pa\u00eds\/territ\u00f3rio.","inLanguage":"pt-PT","potentialAction":[{"@type":"ReadAction","target":["https:\/\/zamphelmets.co\/pt-pt\/tempos-de-envio\/"]}]},{"@type":"WebSite","@id":"https:\/\/zamphelmets.co\/pt-pt\/#website","url":"https:\/\/zamphelmets.co\/pt-pt\/","name":"Zamp Helmets | Helmet 28 EU","description":"High Quality Motorsport Helmets","potentialAction":[{"@type":"SearchAction","target":{"@type":"EntryPoint","urlTemplate":"https:\/\/zamphelmets.co\/pt-pt\/?s={search_term_string}"},"query-input":{"@type":"PropertyValueSpecification","valueRequired":true,"valueName":"search_term_string"}}],"inLanguage":"pt-PT"}]}},"_links":{"self":[{"href":"https:\/\/zamphelmets.co\/pt-pt\/wp-json\/wp\/v2\/pages\/22056","targetHints":{"allow":["GET"]}}],"collection":[{"href":"https:\/\/zamphelmets.co\/pt-pt\/wp-json\/wp\/v2\/pages"}],"about":[{"href":"https:\/\/zamphelmets.co\/pt-pt\/wp-json\/wp\/v2\/types\/page"}],"author":[{"embeddable":true,"href":"https:\/\/zamphelmets.co\/pt-pt\/wp-json\/wp\/v2\/users\/2"}],"replies":[{"embeddable":true,"href":"https:\/\/zamphelmets.co\/pt-pt\/wp-json\/wp\/v2\/comments?post=22056"}],"version-history":[{"count":1,"href":"https:\/\/zamphelmets.co\/pt-pt\/wp-json\/wp\/v2\/pages\/22056\/revisions"}],"predecessor-version":[{"id":203495,"href":"https:\/\/zamphelmets.co\/pt-pt\/wp-json\/wp\/v2\/pages\/22056\/revisions\/203495"}],"wp:attachment":[{"href":"https:\/\/zamphelmets.co\/pt-pt\/wp-json\/wp\/v2\/media?parent=22056"}],"curies":[{"name":"wp","href":"https:\/\/api.w.org\/{rel}","templated":true}]}}