{"id":22034,"date":"2020-11-24T12:30:52","date_gmt":"2020-11-24T12:30:52","guid":{"rendered":"https:\/\/zamphelmets.co\/contacto\/formulario-de-inscricao-de-embaixador\/"},"modified":"2020-11-24T12:30:52","modified_gmt":"2020-11-24T12:30:52","slug":"formulario-de-inscricao-de-embaixador","status":"publish","type":"page","link":"https:\/\/zamphelmets.co\/pt-pt\/contacto\/formulario-de-inscricao-de-embaixador\/","title":{"rendered":"Formul\u00e1rio de inscri\u00e7\u00e3o de embaixador"},"content":{"rendered":"<p><strong>Est\u00e1s interessado em trabalhar com a <a href=\"https:\/\/zamphelmets.co\/product-category\/zamp-helmets\/\">Zamp Helmets<\/a> como embaixador? Preenche o formul\u00e1rio abaixo e um membro da nossa equipa entrar\u00e1 em contacto contigo para avaliar a tua candidatura a embaixador.<\/strong><\/p>\n<p>A Zamp Helmets oferece <a href=\"https:\/\/zamphelmets.co\/product-category\/zamp-helmets\/\">capacetes de alta qualidade<\/a> com tecnologia de ponta a um pre\u00e7o acess\u00edvel.<\/p>\n<p>Fundada nos EUA, a Zamp \u00e9 conhecida por oferecer uma qualidade incr\u00edvel a um <a href=\"https:\/\/zamphelmets.co\/product-category\/zamp-helmets\/\">pre\u00e7o extremamente competitivo<\/a>. Quando comparado com outras marcas no mercado, ver\u00e1s que o nosso produto oferece o melhor valor, caracter\u00edsticas e design. \u00c9 nossa convic\u00e7\u00e3o que as corridas n\u00e3o t\u00eam de ser restritivas e proibir a participa\u00e7\u00e3o devido ao pre\u00e7o. Queremos facilitar ao m\u00e1ximo a participa\u00e7\u00e3o de um grupo t\u00e3o vasto quanto poss\u00edvel de pessoas.<\/p>\n<p>Quer estejas no desporto motorizado de clube, no karting ou nas mais prestigiadas s\u00e9ries de corridas do mundo, a Zamp tem o capacete para ti.<\/p>\n<p>A partir da entrada no mercado, o <a href=\"https:\/\/zamphelmets.co\/product\/rz-56\/\">Full Face RZ 56<\/a>, perfeito para track days e corridas em circuito fechado. Para o nosso revolucion\u00e1rio <a href=\"https:\/\/zamphelmets.co\/pt-pt\/produto\/interruptor-rz-70e-laranja-amarelo\/#description\">Capacete com Interruptor RZ 70E<\/a>, que te permite configurar facilmente o teu capacete para uma variedade de configura\u00e7\u00f5es de corrida. A gama Zamp oferece capacetes brancos e pretos normais, bem como uma impressionante variedade de capacetes pintados e gr\u00e1ficos.<\/p>\n<h5><\/h5>\n<p><div class=\"afwc_reg_form_wrapper\"><form action=\"#\" id=\"afwc_registration_form\"><div class=\"afwc_reg_field_wrapper afwc_reg_email \"><label for=\"afwc_reg_email\" class=\"afwc_required\">Email<\/label><input type=\"email\" id=\"afwc_reg_email\" name=\"afwc_reg_email\" required class=\"afwc_reg_form_field\"\/><\/div><div class=\"afwc_reg_field_wrapper afwc_reg_first_name afwc_is_half\"><label for=\"afwc_reg_first_name\" class=\"afwc_\">First Name<\/label><input type=\"text\" id=\"afwc_reg_first_name\" name=\"afwc_reg_first_name\"  class=\"afwc_reg_form_field\"\/><\/div><div class=\"afwc_reg_field_wrapper afwc_reg_last_name afwc_is_half\"><label for=\"afwc_reg_last_name\" class=\"afwc_\">Last Name<\/label><input type=\"text\" id=\"afwc_reg_last_name\" name=\"afwc_reg_last_name\"  class=\"afwc_reg_form_field\"\/><\/div><div class=\"afwc_reg_field_wrapper afwc_reg_phone_no afwc_is_half\"><label for=\"afwc_reg_phone_no\" class=\"afwc_\">Phone Number<\/label><input type=\"tel\" id=\"afwc_reg_phone_no\" name=\"afwc_reg_phone_no\"  class=\"afwc_reg_form_field\"\/><\/div><div class=\"afwc_reg_field_wrapper afwc_reg_skype afwc_is_half\"><label for=\"afwc_reg_skype\" class=\"afwc_\">Skype ID<\/label><input type=\"text\" id=\"afwc_reg_skype\" name=\"afwc_reg_skype\"  class=\"afwc_reg_form_field\"\/><\/div><div class=\"afwc_reg_field_wrapper afwc_reg_website \"><label for=\"afwc_reg_website\" class=\"afwc_\">Website<\/label><input type=\"text\" id=\"afwc_reg_website\" name=\"afwc_reg_website\"  class=\"afwc_reg_form_field\"\/><\/div><div class=\"afwc_reg_field_wrapper afwc_reg_password afwc_is_half\"><label for=\"afwc_reg_password\" class=\"afwc_required\">Password<\/label><input type=\"password\" id=\"afwc_reg_password\" name=\"afwc_reg_password\" required class=\"afwc_reg_form_field\"\/><\/div><div class=\"afwc_reg_field_wrapper afwc_reg_confirm_password afwc_is_half\"><label for=\"afwc_reg_confirm_password\" class=\"afwc_required\">Confirm Password<\/label><input type=\"password\" id=\"afwc_reg_confirm_password\" name=\"afwc_reg_confirm_password\" required class=\"afwc_reg_form_field\"\/><\/div><div class=\"afwc_reg_field_wrapper afwc_reg_desc \"><label for=\"afwc_reg_desc\" class=\"afwc_required\">Tell us more about yourself and why you'd like to partner with us (please include your social media handles, experience promoting others, tell us about your audience etc)<\/label><textarea name=\"afwc_reg_desc\" id=\"afwc_reg_desc\" required size=\"100\" rows=\"5\" cols=\"58\" class=\"afwc_reg_form_field\"><\/textarea><\/div><div class=\"afwc_reg_field_wrapper afwc_reg_terms \"><label for=\"afwc_reg_terms\" class=\"afwc_required\"><input type=\"checkbox\" id=\"afwc_reg_terms\" name=\"afwc_reg_terms\" required class=\"afwc_reg_form_field\"\/> I accept all the terms of this program<\/label><\/div><input type=\"hidden\" name=\"afwc_registration\" id=\"afwc_registration\" value=\"aa7ac78021\"\/><label style=\"position:absolute;top:-99999px;left:-99999px;z-index:-99;\"><input type=\"text\" name=\"afwc_hp_email\"  tabindex=\"-1\" autocomplete=\"-1\" value=\"\"\/><\/label><div class=\"afwc_reg_field_wrapper\"><input type=\"submit\" name=\"submit\" class=\"afwc_registration_form_submit\" id=\"afwc_registration_form_submit\" value=\"Submit\"\/><div class=\"afwc_reg_loader\"><img decoding=\"async\" data-src=\"https:\/\/zamphelmets.co\/wp-content\/plugins\/woocommerce\/assets\/images\/wpspin-2x.gif\" src=\"data:image\/svg+xml;base64,PHN2ZyB3aWR0aD0iMSIgaGVpZ2h0PSIxIiB4bWxucz0iaHR0cDovL3d3dy53My5vcmcvMjAwMC9zdmciPjwvc3ZnPg==\" class=\"lazyload\" style=\"--smush-placeholder-width: 32px; --smush-placeholder-aspect-ratio: 32\/32;\" \/><\/div><\/div><div class=\"afwc_reg_message\"><\/div><\/form><\/div><img decoding=\"async\" class=\"alignnone wp-image-2748 size-medium lazyload\" data-src=\"https:\/\/zamphelmets.co\/wp-content\/uploads\/2020\/11\/a9c4171a-b48e-419a-96b8-c046b8b23d2c-238x300.png\" alt=\"embaixador dos capacetes zamp\" width=\"238\" height=\"300\" data-srcset=\"https:\/\/zamphelmets.co\/wp-content\/uploads\/2020\/11\/a9c4171a-b48e-419a-96b8-c046b8b23d2c-238x300.png 238w, https:\/\/zamphelmets.co\/wp-content\/uploads\/2020\/11\/a9c4171a-b48e-419a-96b8-c046b8b23d2c.png 535w\" data-sizes=\"(max-width: 238px) 100vw, 238px\" src=\"data:image\/svg+xml;base64,PHN2ZyB3aWR0aD0iMSIgaGVpZ2h0PSIxIiB4bWxucz0iaHR0cDovL3d3dy53My5vcmcvMjAwMC9zdmciPjwvc3ZnPg==\" style=\"--smush-placeholder-width: 238px; --smush-placeholder-aspect-ratio: 238\/300;\" \/><\/p>\n","protected":false},"excerpt":{"rendered":"<p>Est\u00e1s interessado em trabalhar com a Zamp Helmets como embaixador? Preenche o formul\u00e1rio abaixo e um membro da nossa equipa entrar\u00e1 em contacto contigo para avaliar a tua candidatura a embaixador. A Zamp Helmets oferece capacetes de alta qualidade com tecnologia de ponta a um pre\u00e7o acess\u00edvel. Fundada nos EUA, a Zamp \u00e9 conhecida por [&hellip;]<\/p>\n","protected":false},"author":2,"featured_media":13594,"parent":22010,"menu_order":0,"comment_status":"closed","ping_status":"closed","template":"","meta":{"_acf_changed":false,"footnotes":""},"class_list":["post-22034","page","type-page","status-publish","has-post-thumbnail","hentry"],"acf":[],"yoast_head":"<!-- This site is optimized with the Yoast SEO plugin v27.0 - https:\/\/yoast.com\/product\/yoast-seo-wordpress\/ -->\n<title>Formul\u00e1rio de inscri\u00e7\u00e3o de embaixador - Zamp Helmets | Helmet 28 EU<\/title>\n<meta name=\"description\" content=\"Est\u00e1s interessado em trabalhar com a Zamp Helmets como embaixador? Preenche o nosso formul\u00e1rio abaixo e um membro da nossa equipa entrar\u00e1 em contacto contigo.\" \/>\n<meta name=\"robots\" content=\"index, follow, max-snippet:-1, max-image-preview:large, max-video-preview:-1\" \/>\n<link rel=\"canonical\" href=\"https:\/\/zamphelmets.co\/pt-pt\/contacto\/formulario-de-inscricao-de-embaixador\/\" \/>\n<meta property=\"og:locale\" content=\"pt_PT\" \/>\n<meta property=\"og:type\" content=\"article\" \/>\n<meta property=\"og:title\" content=\"Formul\u00e1rio de inscri\u00e7\u00e3o de embaixador - Zamp Helmets | Helmet 28 EU\" \/>\n<meta property=\"og:description\" content=\"Est\u00e1s interessado em trabalhar com a Zamp Helmets como embaixador? Preenche o nosso formul\u00e1rio abaixo e um membro da nossa equipa entrar\u00e1 em contacto contigo.\" \/>\n<meta property=\"og:url\" content=\"https:\/\/zamphelmets.co\/pt-pt\/contacto\/formulario-de-inscricao-de-embaixador\/\" \/>\n<meta property=\"og:site_name\" content=\"Zamp Helmets | Helmet 28 EU\" \/>\n<meta property=\"og:image\" content=\"https:\/\/zamphelmets.co\/wp-content\/uploads\/2020\/11\/a9c4171a-b48e-419a-96b8-c046b8b23d2c.png\" \/>\n\t<meta property=\"og:image:width\" content=\"535\" \/>\n\t<meta property=\"og:image:height\" content=\"674\" \/>\n\t<meta property=\"og:image:type\" content=\"image\/png\" \/>\n<meta name=\"twitter:card\" content=\"summary_large_image\" \/>\n<meta name=\"twitter:label1\" content=\"Est. reading time\" \/>\n\t<meta name=\"twitter:data1\" content=\"1 minuto\" \/>\n<script type=\"application\/ld+json\" class=\"yoast-schema-graph\">{\"@context\":\"https:\/\/schema.org\",\"@graph\":[{\"@type\":\"WebPage\",\"@id\":\"https:\/\/zamphelmets.co\/pt-pt\/contacto\/formulario-de-inscricao-de-embaixador\/\",\"url\":\"https:\/\/zamphelmets.co\/pt-pt\/contacto\/formulario-de-inscricao-de-embaixador\/\",\"name\":\"Formul\u00e1rio de inscri\u00e7\u00e3o de embaixador - Zamp Helmets | Helmet 28 EU\",\"isPartOf\":{\"@id\":\"https:\/\/zamphelmets.co\/pt-pt\/#website\"},\"primaryImageOfPage\":{\"@id\":\"https:\/\/zamphelmets.co\/pt-pt\/contacto\/formulario-de-inscricao-de-embaixador\/#primaryimage\"},\"image\":{\"@id\":\"https:\/\/zamphelmets.co\/pt-pt\/contacto\/formulario-de-inscricao-de-embaixador\/#primaryimage\"},\"thumbnailUrl\":\"https:\/\/zamphelmets.co\/wp-content\/uploads\/2020\/11\/a9c4171a-b48e-419a-96b8-c046b8b23d2c.png\",\"datePublished\":\"2020-11-24T12:30:52+00:00\",\"description\":\"Est\u00e1s interessado em trabalhar com a Zamp Helmets como embaixador? Preenche o nosso formul\u00e1rio abaixo e um membro da nossa equipa entrar\u00e1 em contacto contigo.\",\"breadcrumb\":{\"@id\":\"https:\/\/zamphelmets.co\/pt-pt\/contacto\/formulario-de-inscricao-de-embaixador\/#breadcrumb\"},\"inLanguage\":\"pt-PT\",\"potentialAction\":[{\"@type\":\"ReadAction\",\"target\":[\"https:\/\/zamphelmets.co\/pt-pt\/contacto\/formulario-de-inscricao-de-embaixador\/\"]}]},{\"@type\":\"ImageObject\",\"inLanguage\":\"pt-PT\",\"@id\":\"https:\/\/zamphelmets.co\/pt-pt\/contacto\/formulario-de-inscricao-de-embaixador\/#primaryimage\",\"url\":\"https:\/\/zamphelmets.co\/wp-content\/uploads\/2020\/11\/a9c4171a-b48e-419a-96b8-c046b8b23d2c.png\",\"contentUrl\":\"https:\/\/zamphelmets.co\/wp-content\/uploads\/2020\/11\/a9c4171a-b48e-419a-96b8-c046b8b23d2c.png\",\"width\":535,\"height\":674},{\"@type\":\"BreadcrumbList\",\"@id\":\"https:\/\/zamphelmets.co\/pt-pt\/contacto\/formulario-de-inscricao-de-embaixador\/#breadcrumb\",\"itemListElement\":[{\"@type\":\"ListItem\",\"position\":1,\"name\":\"Contacto\",\"item\":\"https:\/\/zamphelmets.co\/pt-pt\/contacto\/\"},{\"@type\":\"ListItem\",\"position\":2,\"name\":\"Formul\u00e1rio de inscri\u00e7\u00e3o de embaixador\"}]},{\"@type\":\"WebSite\",\"@id\":\"https:\/\/zamphelmets.co\/pt-pt\/#website\",\"url\":\"https:\/\/zamphelmets.co\/pt-pt\/\",\"name\":\"Zamp Helmets | Helmet 28 EU\",\"description\":\"High Quality Motorsport Helmets\",\"potentialAction\":[{\"@type\":\"SearchAction\",\"target\":{\"@type\":\"EntryPoint\",\"urlTemplate\":\"https:\/\/zamphelmets.co\/pt-pt\/?s={search_term_string}\"},\"query-input\":{\"@type\":\"PropertyValueSpecification\",\"valueRequired\":true,\"valueName\":\"search_term_string\"}}],\"inLanguage\":\"pt-PT\"}]}<\/script>\n<!-- \/ Yoast SEO plugin. -->","yoast_head_json":{"title":"Formul\u00e1rio de inscri\u00e7\u00e3o de embaixador - Zamp Helmets | Helmet 28 EU","description":"Est\u00e1s interessado em trabalhar com a Zamp Helmets como embaixador? Preenche o nosso formul\u00e1rio abaixo e um membro da nossa equipa entrar\u00e1 em contacto contigo.","robots":{"index":"index","follow":"follow","max-snippet":"max-snippet:-1","max-image-preview":"max-image-preview:large","max-video-preview":"max-video-preview:-1"},"canonical":"https:\/\/zamphelmets.co\/pt-pt\/contacto\/formulario-de-inscricao-de-embaixador\/","og_locale":"pt_PT","og_type":"article","og_title":"Formul\u00e1rio de inscri\u00e7\u00e3o de embaixador - Zamp Helmets | Helmet 28 EU","og_description":"Est\u00e1s interessado em trabalhar com a Zamp Helmets como embaixador? Preenche o nosso formul\u00e1rio abaixo e um membro da nossa equipa entrar\u00e1 em contacto contigo.","og_url":"https:\/\/zamphelmets.co\/pt-pt\/contacto\/formulario-de-inscricao-de-embaixador\/","og_site_name":"Zamp Helmets | Helmet 28 EU","og_image":[{"width":535,"height":674,"url":"https:\/\/zamphelmets.co\/wp-content\/uploads\/2020\/11\/a9c4171a-b48e-419a-96b8-c046b8b23d2c.png","type":"image\/png"}],"twitter_card":"summary_large_image","twitter_misc":{"Est. reading time":"1 minuto"},"schema":{"@context":"https:\/\/schema.org","@graph":[{"@type":"WebPage","@id":"https:\/\/zamphelmets.co\/pt-pt\/contacto\/formulario-de-inscricao-de-embaixador\/","url":"https:\/\/zamphelmets.co\/pt-pt\/contacto\/formulario-de-inscricao-de-embaixador\/","name":"Formul\u00e1rio de inscri\u00e7\u00e3o de embaixador - Zamp Helmets | Helmet 28 EU","isPartOf":{"@id":"https:\/\/zamphelmets.co\/pt-pt\/#website"},"primaryImageOfPage":{"@id":"https:\/\/zamphelmets.co\/pt-pt\/contacto\/formulario-de-inscricao-de-embaixador\/#primaryimage"},"image":{"@id":"https:\/\/zamphelmets.co\/pt-pt\/contacto\/formulario-de-inscricao-de-embaixador\/#primaryimage"},"thumbnailUrl":"https:\/\/zamphelmets.co\/wp-content\/uploads\/2020\/11\/a9c4171a-b48e-419a-96b8-c046b8b23d2c.png","datePublished":"2020-11-24T12:30:52+00:00","description":"Est\u00e1s interessado em trabalhar com a Zamp Helmets como embaixador? Preenche o nosso formul\u00e1rio abaixo e um membro da nossa equipa entrar\u00e1 em contacto contigo.","breadcrumb":{"@id":"https:\/\/zamphelmets.co\/pt-pt\/contacto\/formulario-de-inscricao-de-embaixador\/#breadcrumb"},"inLanguage":"pt-PT","potentialAction":[{"@type":"ReadAction","target":["https:\/\/zamphelmets.co\/pt-pt\/contacto\/formulario-de-inscricao-de-embaixador\/"]}]},{"@type":"ImageObject","inLanguage":"pt-PT","@id":"https:\/\/zamphelmets.co\/pt-pt\/contacto\/formulario-de-inscricao-de-embaixador\/#primaryimage","url":"https:\/\/zamphelmets.co\/wp-content\/uploads\/2020\/11\/a9c4171a-b48e-419a-96b8-c046b8b23d2c.png","contentUrl":"https:\/\/zamphelmets.co\/wp-content\/uploads\/2020\/11\/a9c4171a-b48e-419a-96b8-c046b8b23d2c.png","width":535,"height":674},{"@type":"BreadcrumbList","@id":"https:\/\/zamphelmets.co\/pt-pt\/contacto\/formulario-de-inscricao-de-embaixador\/#breadcrumb","itemListElement":[{"@type":"ListItem","position":1,"name":"Contacto","item":"https:\/\/zamphelmets.co\/pt-pt\/contacto\/"},{"@type":"ListItem","position":2,"name":"Formul\u00e1rio de inscri\u00e7\u00e3o de embaixador"}]},{"@type":"WebSite","@id":"https:\/\/zamphelmets.co\/pt-pt\/#website","url":"https:\/\/zamphelmets.co\/pt-pt\/","name":"Zamp Helmets | Helmet 28 EU","description":"High Quality Motorsport Helmets","potentialAction":[{"@type":"SearchAction","target":{"@type":"EntryPoint","urlTemplate":"https:\/\/zamphelmets.co\/pt-pt\/?s={search_term_string}"},"query-input":{"@type":"PropertyValueSpecification","valueRequired":true,"valueName":"search_term_string"}}],"inLanguage":"pt-PT"}]}},"_links":{"self":[{"href":"https:\/\/zamphelmets.co\/pt-pt\/wp-json\/wp\/v2\/pages\/22034","targetHints":{"allow":["GET"]}}],"collection":[{"href":"https:\/\/zamphelmets.co\/pt-pt\/wp-json\/wp\/v2\/pages"}],"about":[{"href":"https:\/\/zamphelmets.co\/pt-pt\/wp-json\/wp\/v2\/types\/page"}],"author":[{"embeddable":true,"href":"https:\/\/zamphelmets.co\/pt-pt\/wp-json\/wp\/v2\/users\/2"}],"replies":[{"embeddable":true,"href":"https:\/\/zamphelmets.co\/pt-pt\/wp-json\/wp\/v2\/comments?post=22034"}],"version-history":[{"count":0,"href":"https:\/\/zamphelmets.co\/pt-pt\/wp-json\/wp\/v2\/pages\/22034\/revisions"}],"up":[{"embeddable":true,"href":"https:\/\/zamphelmets.co\/pt-pt\/wp-json\/wp\/v2\/pages\/22010"}],"wp:featuredmedia":[{"embeddable":true,"href":"https:\/\/zamphelmets.co\/pt-pt\/wp-json\/wp\/v2\/media\/13594"}],"wp:attachment":[{"href":"https:\/\/zamphelmets.co\/pt-pt\/wp-json\/wp\/v2\/media?parent=22034"}],"curies":[{"name":"wp","href":"https:\/\/api.w.org\/{rel}","templated":true}]}}