{"id":22003,"date":"2020-02-06T11:04:13","date_gmt":"2020-02-06T11:04:13","guid":{"rendered":"https:\/\/zamphelmets.co\/explicacao-da-homologacao\/"},"modified":"2026-02-16T15:06:41","modified_gmt":"2026-02-16T15:06:41","slug":"explicacao-da-homologacao","status":"publish","type":"page","link":"https:\/\/zamphelmets.co\/pt-pt\/explicacao-da-homologacao\/","title":{"rendered":"Explica\u00e7\u00e3o da homologa\u00e7\u00e3o"},"content":{"rendered":"<section class=\"elementor-element elementor-element-49c97e0 elementor-section-boxed elementor-section-height-default elementor-section-height-default elementor-section elementor-top-section\" data-id=\"49c97e0\" data-element_type=\"section\">\n<div class=\"elementor-container elementor-column-gap-default\">\n<div class=\"elementor-row\">\n<div class=\"elementor-element elementor-element-a04f786 elementor-column elementor-col-100 elementor-top-column\" data-id=\"a04f786\" data-element_type=\"column\">\n<div class=\"elementor-column-wrap elementor-element-populated\">\n<div class=\"elementor-widget-wrap\">\n<div class=\"elementor-element elementor-element-d7779a7 elementor-widget elementor-widget-heading\" data-id=\"d7779a7\" data-element_type=\"widget\" data-widget_type=\"heading.default\">\n<div class=\"elementor-widget-container\">\n<section class=\"elementor-element elementor-element-49c97e0 elementor-section-boxed elementor-section-height-default elementor-section-height-default elementor-section elementor-top-section\" data-id=\"49c97e0\" data-element_type=\"section\">\n<div class=\"elementor-container elementor-column-gap-default\">\n<div class=\"elementor-row\">\n<div class=\"elementor-element elementor-element-a04f786 elementor-column elementor-col-100 elementor-top-column\" data-id=\"a04f786\" data-element_type=\"column\">\n<div class=\"elementor-column-wrap elementor-element-populated\">\n<div class=\"elementor-widget-wrap\">\n<div class=\"elementor-element elementor-element-d7779a7 elementor-widget elementor-widget-heading\" data-id=\"d7779a7\" data-element_type=\"widget\" data-widget_type=\"heading.default\">\n<div class=\"elementor-widget-container\">\n<h3 class=\"elementor-heading-title elementor-size-xxl\">De que homologa\u00e7\u00e3o necessito?<\/h3>\n<\/div>\n<\/div>\n<\/div>\n<\/div>\n<\/div>\n<\/div>\n<\/div>\n<\/section>\n<section class=\"elementor-element elementor-element-049f318 elementor-section-boxed elementor-section-height-default elementor-section-height-default elementor-section elementor-top-section\" data-id=\"049f318\" data-element_type=\"section\">\n<div class=\"elementor-container elementor-column-gap-default\">\n<div class=\"elementor-row\">\n<div class=\"elementor-element elementor-element-1083611 elementor-column elementor-col-100 elementor-top-column\" data-id=\"1083611\" data-element_type=\"column\">\n<div class=\"elementor-column-wrap elementor-element-populated\">\n<div class=\"elementor-widget-wrap\">\n<div class=\"elementor-element elementor-element-7c9e7ad elementor-widget elementor-widget-spacer\" data-id=\"7c9e7ad\" data-element_type=\"widget\" data-widget_type=\"spacer.default\">\n<div class=\"elementor-widget-container\">\n<div class=\"elementor-spacer\">\n<div class=\"elementor-spacer-inner\">A \u00faltima coisa que queres fazer \u00e9 chegar ao teu pr\u00f3ximo evento de desportos motorizados e descobrir que o teu equipamento est\u00e1 desatualizado. Sabemos que perceber qual a Homologa\u00e7\u00e3o de que necessitas (FIA \/ SNELL \/ CMR) pode por vezes parecer um campo minado. A primeira coisa que sugerimos \u00e9 que contactes os organizadores do teu campeonato de corridas e lhes perguntes exatamente qual a Homologa\u00e7\u00e3o de que necessitas. Caso contr\u00e1rio, n\u00e3o hesites em <a href=\"https:\/\/zamphelmets.co\/pt-pt\/contacto\/\">contactar-nos<\/a> e faremos o nosso melhor para ajudar.<\/div>\n<\/div>\n<\/div>\n<\/div>\n<\/div>\n<\/div>\n<\/div>\n<div class=\"elementor-element elementor-element-1083611 elementor-column elementor-col-100 elementor-top-column\" data-id=\"1083611\" data-element_type=\"column\">\n<div class=\"elementor-column-wrap elementor-element-populated\">\n<div class=\"elementor-widget-wrap\">\n<div class=\"elementor-element elementor-element-7c9e7ad elementor-widget elementor-widget-spacer\" data-id=\"7c9e7ad\" data-element_type=\"widget\" data-widget_type=\"spacer.default\">\n<div class=\"elementor-widget-container\">\n<div>\n<h3 class=\"elementor-heading-title elementor-size-xxl\">O teu capacete est\u00e1 em dia?<\/h3>\n<\/div>\n<div class=\"elementor-spacer\">\n<div class=\"elementor-spacer-inner\">Se j\u00e1 tens um capacete, mas precisas de verificar se a tua homologa\u00e7\u00e3o ainda est\u00e1 em vigor e se \u00e9 v\u00e1lida para correr, apresentamos abaixo um guia de todas as homologa\u00e7\u00f5es actuais e at\u00e9 quando s\u00e3o v\u00e1lidas:<\/div>\n<\/div>\n<\/div>\n<div>\n<h3 class=\"elementor-heading-title elementor-size-xxl\"><a href=\"https:\/\/www.fia.com\/\">FIA<\/a><\/h3>\n<p>As normas da FIA s\u00e3o amplamente reconhecidas nos eventos de desportos motorizados do Reino Unido e da Europa e s\u00e3o conhecidas pelas suas elevadas refer\u00eancias de seguran\u00e7a, excedendo frequentemente as normas SNELL.<\/p>\n<ul>\n<li><strong>FIA 8860-2004<\/strong> | Expirou em 31\/12\/2020<\/li>\n<li><strong>FIA 8858-2010<\/strong> | V\u00e1lido at\u00e9 31\/12\/2023<\/li>\n<li><strong>FIA 8860-2010<\/strong> | V\u00e1lido at\u00e9 31\/12\/2028<\/li>\n<li><strong>FIA 8859-2015<\/strong> | Atualmente v\u00e1lido (sem data de expira\u00e7\u00e3o)<\/li>\n<li><strong>FIA 8859-2024<\/strong> | Atualmente v\u00e1lido (sem data de expira\u00e7\u00e3o)<\/li>\n<li><strong>FIA 8859-2024 ABP<\/strong> | Atualmente v\u00e1lido (sem data de expira\u00e7\u00e3o)<\/li>\n<li><strong>FIA 8860-2018<\/strong> | Atualmente v\u00e1lido (sem data de expira\u00e7\u00e3o)<\/li>\n<li><strong>FIA 8860-2018 ABP<\/strong> | Atualmente v\u00e1lido (sem data de expira\u00e7\u00e3o)<\/li>\n<\/ul>\n<h3 class=\"elementor-heading-title elementor-size-xxl\"><a href=\"https:\/\/smf.org\/cert\">SNELL<\/a><\/h3>\n<p>As normas SNELL s\u00e3o reconhecidas mundialmente e s\u00e3o frequentemente utilizadas como alternativa \u00e0s normas FIA. Estes capacetes est\u00e3o amplamente dispon\u00edveis e t\u00eam a confian\u00e7a de muitas organiza\u00e7\u00f5es de corridas. <\/p>\n<ul>\n<li><strong>SA2005<\/strong> | Expirou 31\/12\/2018<\/li>\n<li><strong>SA2010<\/strong> | Expira\u00e7\u00e3o 31\/12\/2023<\/li>\n<li><strong>SAH2010<\/strong> | expira\u00e7\u00e3o 31\/12\/2023<\/li>\n<li><strong>SA2015<\/strong> | expira\u00e7\u00e3o 31\/12\/2023<\/li>\n<li><strong>SA2020<\/strong> | Atualmente v\u00e1lido (sem data de expira\u00e7\u00e3o)<\/li>\n<\/ul>\n<p><em>Nota: Os capacetes da norma SA2020 foram introduzidos em outubro de 2020 e est\u00e3o agora amplamente dispon\u00edveis. A maioria dos organismos sancionadores est\u00e1 a eliminar gradualmente as normas mais antigas, como a SA2010. <\/em><\/p>\n<h3 class=\"elementor-heading-title elementor-size-xxl\">CMR<\/h3>\n<p>As normas CMR foram especificamente concebidas para as corridas de karting de juniores (menos de 16 anos) e d\u00e3o prioridade ao baixo peso para minimizar as for\u00e7as de rota\u00e7\u00e3o em caso de acidente.<\/p>\n<ul>\n<li><strong>Snell-FIA CMR 2007<\/strong> | V\u00e1lido at\u00e9 31\/12\/2024<\/li>\n<li><strong>Snell-FIA CMR 2016<\/strong> | Atualmente v\u00e1lido (sem data de expira\u00e7\u00e3o)<\/li>\n<\/ul>\n<p>O <strong>Snell-FIA CMR 2016<\/strong> continua a ser a norma mais recente para os capacetes de karting j\u00fanior, garantindo a melhor prote\u00e7\u00e3o poss\u00edvel para os pilotos mais jovens.<\/p>\n<p>&nbsp;<\/p>\n<hr>\n<\/div>\n<p>&nbsp;<\/p>\n<p><strong>Peso &#8211; <\/strong>Os pesos admiss\u00edveis dos capacetes dependem do per\u00edmetro cef\u00e1lico mais pequeno a que o capacete se destina e do facto de o capacete estar configurado para aceitar uma prote\u00e7\u00e3o facial. O arn\u00eas deve ser pesado na configura\u00e7\u00e3o mais maci\u00e7a poss\u00edvel com a parafern\u00e1lia do capacete que o acompanha.<\/p>\n<p><img decoding=\"async\" class=\"alignnone wp-image-1441 size-full lazyload\" data-src=\"https:\/\/zamphelmets.co\/wp-content\/uploads\/2020\/03\/Screenshot-2020-03-10-at-11.14.14.png\" alt=\"tabela de pesos para homologa\u00e7\u00e3o de capacetes\" width=\"687\" height=\"202\" data-srcset=\"https:\/\/zamphelmets.co\/wp-content\/uploads\/2020\/03\/Screenshot-2020-03-10-at-11.14.14.png 687w, https:\/\/zamphelmets.co\/wp-content\/uploads\/2020\/03\/Screenshot-2020-03-10-at-11.14.14-300x88.png 300w, https:\/\/zamphelmets.co\/wp-content\/uploads\/2020\/03\/Screenshot-2020-03-10-at-11.14.14-600x176.png 600w\" data-sizes=\"(max-width: 687px) 100vw, 687px\" src=\"data:image\/svg+xml;base64,PHN2ZyB3aWR0aD0iMSIgaGVpZ2h0PSIxIiB4bWxucz0iaHR0cDovL3d3dy53My5vcmcvMjAwMC9zdmciPjwvc3ZnPg==\" style=\"--smush-placeholder-width: 687px; --smush-placeholder-aspect-ratio: 687\/202;\" \/><\/p>\n<\/div>\n<p><em>Tem em aten\u00e7\u00e3o que todas as informa\u00e7\u00f5es nesta p\u00e1gina s\u00e3o exactas em janeiro de 2025.  <\/em><\/p>\n<\/div>\n<\/div>\n<\/div>\n<\/div>\n<\/div>\n<\/section>\n<\/div>\n<\/div>\n<\/div>\n<\/div>\n<\/div>\n<\/div>\n<\/div>\n<\/section>\n","protected":false},"excerpt":{"rendered":"<p>De que homologa\u00e7\u00e3o necessito? A \u00faltima coisa que queres fazer \u00e9 chegar ao teu pr\u00f3ximo evento de desportos motorizados e descobrir que o teu equipamento est\u00e1 desatualizado. Sabemos que perceber qual a Homologa\u00e7\u00e3o de que necessitas (FIA \/ SNELL \/ CMR) pode por vezes parecer um campo minado. A primeira coisa que sugerimos \u00e9 que [&hellip;]<\/p>\n","protected":false},"author":2,"featured_media":0,"parent":0,"menu_order":0,"comment_status":"closed","ping_status":"closed","template":"templates\/fullwidth.php","meta":{"_acf_changed":false,"footnotes":""},"class_list":["post-22003","page","type-page","status-publish","hentry"],"acf":[],"yoast_head":"<!-- This site is optimized with the Yoast SEO plugin v27.0 - https:\/\/yoast.com\/product\/yoast-seo-wordpress\/ -->\n<title>Explica\u00e7\u00e3o da homologa\u00e7\u00e3o do capacete - Zamp Helmets | Helmet 28 EU Guia<\/title>\n<meta name=\"description\" content=\"Certifica-te de que tens a Homologa\u00e7\u00e3o correcta para qualquer corrida que estejas a fazer. Este guia explica-te tudo o que precisas de saber.\" \/>\n<meta name=\"robots\" content=\"index, follow, max-snippet:-1, max-image-preview:large, max-video-preview:-1\" \/>\n<link rel=\"canonical\" href=\"https:\/\/zamphelmets.co\/pt-pt\/explicacao-da-homologacao\/\" \/>\n<meta property=\"og:locale\" content=\"pt_PT\" \/>\n<meta property=\"og:type\" content=\"article\" \/>\n<meta property=\"og:title\" content=\"Explica\u00e7\u00e3o da homologa\u00e7\u00e3o do capacete - Zamp Helmets | Helmet 28 EU Guia\" \/>\n<meta property=\"og:description\" content=\"Certifica-te de que tens a Homologa\u00e7\u00e3o correcta para qualquer corrida que estejas a fazer. Este guia explica-te tudo o que precisas de saber.\" \/>\n<meta property=\"og:url\" content=\"https:\/\/zamphelmets.co\/pt-pt\/explicacao-da-homologacao\/\" \/>\n<meta property=\"og:site_name\" content=\"Zamp Helmets | Helmet 28 EU\" \/>\n<meta property=\"article:modified_time\" content=\"2026-02-16T15:06:41+00:00\" \/>\n<meta property=\"og:image\" content=\"https:\/\/zamphelmets.co\/wp-content\/uploads\/2020\/03\/Screenshot-2020-03-10-at-11.14.14.png\" \/>\n\t<meta property=\"og:image:width\" content=\"687\" \/>\n\t<meta property=\"og:image:height\" content=\"202\" \/>\n\t<meta property=\"og:image:type\" content=\"image\/png\" \/>\n<meta name=\"twitter:card\" content=\"summary_large_image\" \/>\n<meta name=\"twitter:label1\" content=\"Est. reading time\" \/>\n\t<meta name=\"twitter:data1\" content=\"2 minutos\" \/>\n<script type=\"application\/ld+json\" class=\"yoast-schema-graph\">{\"@context\":\"https:\/\/schema.org\",\"@graph\":[{\"@type\":\"WebPage\",\"@id\":\"https:\/\/zamphelmets.co\/pt-pt\/explicacao-da-homologacao\/\",\"url\":\"https:\/\/zamphelmets.co\/pt-pt\/explicacao-da-homologacao\/\",\"name\":\"Explica\u00e7\u00e3o da homologa\u00e7\u00e3o do capacete - Zamp Helmets | Helmet 28 EU Guia\",\"isPartOf\":{\"@id\":\"https:\/\/zamphelmets.co\/pt-pt\/#website\"},\"primaryImageOfPage\":{\"@id\":\"https:\/\/zamphelmets.co\/pt-pt\/explicacao-da-homologacao\/#primaryimage\"},\"image\":{\"@id\":\"https:\/\/zamphelmets.co\/pt-pt\/explicacao-da-homologacao\/#primaryimage\"},\"thumbnailUrl\":\"https:\/\/zamphelmets.co\/wp-content\/uploads\/2020\/03\/Screenshot-2020-03-10-at-11.14.14.png\",\"datePublished\":\"2020-02-06T11:04:13+00:00\",\"dateModified\":\"2026-02-16T15:06:41+00:00\",\"description\":\"Certifica-te de que tens a Homologa\u00e7\u00e3o correcta para qualquer corrida que estejas a fazer. Este guia explica-te tudo o que precisas de saber.\",\"inLanguage\":\"pt-PT\",\"potentialAction\":[{\"@type\":\"ReadAction\",\"target\":[\"https:\/\/zamphelmets.co\/pt-pt\/explicacao-da-homologacao\/\"]}]},{\"@type\":\"ImageObject\",\"inLanguage\":\"pt-PT\",\"@id\":\"https:\/\/zamphelmets.co\/pt-pt\/explicacao-da-homologacao\/#primaryimage\",\"url\":\"https:\/\/zamphelmets.co\/wp-content\/uploads\/2020\/03\/Screenshot-2020-03-10-at-11.14.14.png\",\"contentUrl\":\"https:\/\/zamphelmets.co\/wp-content\/uploads\/2020\/03\/Screenshot-2020-03-10-at-11.14.14.png\"},{\"@type\":\"WebSite\",\"@id\":\"https:\/\/zamphelmets.co\/pt-pt\/#website\",\"url\":\"https:\/\/zamphelmets.co\/pt-pt\/\",\"name\":\"Zamp Helmets | Helmet 28 EU\",\"description\":\"High Quality Motorsport Helmets\",\"potentialAction\":[{\"@type\":\"SearchAction\",\"target\":{\"@type\":\"EntryPoint\",\"urlTemplate\":\"https:\/\/zamphelmets.co\/pt-pt\/?s={search_term_string}\"},\"query-input\":{\"@type\":\"PropertyValueSpecification\",\"valueRequired\":true,\"valueName\":\"search_term_string\"}}],\"inLanguage\":\"pt-PT\"}]}<\/script>\n<!-- \/ Yoast SEO plugin. -->","yoast_head_json":{"title":"Explica\u00e7\u00e3o da homologa\u00e7\u00e3o do capacete - Zamp Helmets | Helmet 28 EU Guia","description":"Certifica-te de que tens a Homologa\u00e7\u00e3o correcta para qualquer corrida que estejas a fazer. Este guia explica-te tudo o que precisas de saber.","robots":{"index":"index","follow":"follow","max-snippet":"max-snippet:-1","max-image-preview":"max-image-preview:large","max-video-preview":"max-video-preview:-1"},"canonical":"https:\/\/zamphelmets.co\/pt-pt\/explicacao-da-homologacao\/","og_locale":"pt_PT","og_type":"article","og_title":"Explica\u00e7\u00e3o da homologa\u00e7\u00e3o do capacete - Zamp Helmets | Helmet 28 EU Guia","og_description":"Certifica-te de que tens a Homologa\u00e7\u00e3o correcta para qualquer corrida que estejas a fazer. Este guia explica-te tudo o que precisas de saber.","og_url":"https:\/\/zamphelmets.co\/pt-pt\/explicacao-da-homologacao\/","og_site_name":"Zamp Helmets | Helmet 28 EU","article_modified_time":"2026-02-16T15:06:41+00:00","og_image":[{"width":687,"height":202,"url":"https:\/\/zamphelmets.co\/wp-content\/uploads\/2020\/03\/Screenshot-2020-03-10-at-11.14.14.png","type":"image\/png"}],"twitter_card":"summary_large_image","twitter_misc":{"Est. reading time":"2 minutos"},"schema":{"@context":"https:\/\/schema.org","@graph":[{"@type":"WebPage","@id":"https:\/\/zamphelmets.co\/pt-pt\/explicacao-da-homologacao\/","url":"https:\/\/zamphelmets.co\/pt-pt\/explicacao-da-homologacao\/","name":"Explica\u00e7\u00e3o da homologa\u00e7\u00e3o do capacete - Zamp Helmets | Helmet 28 EU Guia","isPartOf":{"@id":"https:\/\/zamphelmets.co\/pt-pt\/#website"},"primaryImageOfPage":{"@id":"https:\/\/zamphelmets.co\/pt-pt\/explicacao-da-homologacao\/#primaryimage"},"image":{"@id":"https:\/\/zamphelmets.co\/pt-pt\/explicacao-da-homologacao\/#primaryimage"},"thumbnailUrl":"https:\/\/zamphelmets.co\/wp-content\/uploads\/2020\/03\/Screenshot-2020-03-10-at-11.14.14.png","datePublished":"2020-02-06T11:04:13+00:00","dateModified":"2026-02-16T15:06:41+00:00","description":"Certifica-te de que tens a Homologa\u00e7\u00e3o correcta para qualquer corrida que estejas a fazer. Este guia explica-te tudo o que precisas de saber.","inLanguage":"pt-PT","potentialAction":[{"@type":"ReadAction","target":["https:\/\/zamphelmets.co\/pt-pt\/explicacao-da-homologacao\/"]}]},{"@type":"ImageObject","inLanguage":"pt-PT","@id":"https:\/\/zamphelmets.co\/pt-pt\/explicacao-da-homologacao\/#primaryimage","url":"https:\/\/zamphelmets.co\/wp-content\/uploads\/2020\/03\/Screenshot-2020-03-10-at-11.14.14.png","contentUrl":"https:\/\/zamphelmets.co\/wp-content\/uploads\/2020\/03\/Screenshot-2020-03-10-at-11.14.14.png"},{"@type":"WebSite","@id":"https:\/\/zamphelmets.co\/pt-pt\/#website","url":"https:\/\/zamphelmets.co\/pt-pt\/","name":"Zamp Helmets | Helmet 28 EU","description":"High Quality Motorsport Helmets","potentialAction":[{"@type":"SearchAction","target":{"@type":"EntryPoint","urlTemplate":"https:\/\/zamphelmets.co\/pt-pt\/?s={search_term_string}"},"query-input":{"@type":"PropertyValueSpecification","valueRequired":true,"valueName":"search_term_string"}}],"inLanguage":"pt-PT"}]}},"_links":{"self":[{"href":"https:\/\/zamphelmets.co\/pt-pt\/wp-json\/wp\/v2\/pages\/22003","targetHints":{"allow":["GET"]}}],"collection":[{"href":"https:\/\/zamphelmets.co\/pt-pt\/wp-json\/wp\/v2\/pages"}],"about":[{"href":"https:\/\/zamphelmets.co\/pt-pt\/wp-json\/wp\/v2\/types\/page"}],"author":[{"embeddable":true,"href":"https:\/\/zamphelmets.co\/pt-pt\/wp-json\/wp\/v2\/users\/2"}],"replies":[{"embeddable":true,"href":"https:\/\/zamphelmets.co\/pt-pt\/wp-json\/wp\/v2\/comments?post=22003"}],"version-history":[{"count":1,"href":"https:\/\/zamphelmets.co\/pt-pt\/wp-json\/wp\/v2\/pages\/22003\/revisions"}],"predecessor-version":[{"id":203612,"href":"https:\/\/zamphelmets.co\/pt-pt\/wp-json\/wp\/v2\/pages\/22003\/revisions\/203612"}],"wp:attachment":[{"href":"https:\/\/zamphelmets.co\/pt-pt\/wp-json\/wp\/v2\/media?parent=22003"}],"curies":[{"name":"wp","href":"https:\/\/api.w.org\/{rel}","templated":true}]}}