{"id":21997,"date":"2019-01-08T14:25:04","date_gmt":"2019-01-08T14:25:04","guid":{"rendered":"https:\/\/zamphelmets.co\/sobre\/"},"modified":"2026-02-16T15:02:15","modified_gmt":"2026-02-16T15:02:15","slug":"sobre","status":"publish","type":"page","link":"https:\/\/zamphelmets.co\/pt-pt\/sobre\/","title":{"rendered":"Sobre"},"content":{"rendered":"<p><img decoding=\"async\" class=\"size-medium wp-image-7967 alignleft lazyload\" data-src=\"https:\/\/zamphelmets.co\/wp-content\/uploads\/2023\/04\/ZAMP-additional-product-images-Aug-23-800x800px-3-300x300.png\" alt=\"\" width=\"300\" height=\"300\" data-srcset=\"https:\/\/zamphelmets.co\/wp-content\/uploads\/2023\/04\/ZAMP-additional-product-images-Aug-23-800x800px-3-300x300.png 300w, https:\/\/zamphelmets.co\/wp-content\/uploads\/2023\/04\/ZAMP-additional-product-images-Aug-23-800x800px-3-150x150.png 150w, https:\/\/zamphelmets.co\/wp-content\/uploads\/2023\/04\/ZAMP-additional-product-images-Aug-23-800x800px-3-768x768.png 768w, https:\/\/zamphelmets.co\/wp-content\/uploads\/2023\/04\/ZAMP-additional-product-images-Aug-23-800x800px-3-600x600.png 600w, https:\/\/zamphelmets.co\/wp-content\/uploads\/2023\/04\/ZAMP-additional-product-images-Aug-23-800x800px-3-100x100.png 100w, https:\/\/zamphelmets.co\/wp-content\/uploads\/2023\/04\/ZAMP-additional-product-images-Aug-23-800x800px-3.png 800w\" data-sizes=\"(max-width: 300px) 100vw, 300px\" src=\"data:image\/svg+xml;base64,PHN2ZyB3aWR0aD0iMSIgaGVpZ2h0PSIxIiB4bWxucz0iaHR0cDovL3d3dy53My5vcmcvMjAwMC9zdmciPjwvc3ZnPg==\" style=\"--smush-placeholder-width: 300px; --smush-placeholder-aspect-ratio: 300\/300;\" \/>A Zamp Helmets oferece <a href=\"https:\/\/zamphelmets.co\/pt-pt\/product-category\/zamp-pt-pt\/capacetes-zamp\/\">capacetes de alta qualidade<\/a> com tecnologia de ponta a um pre\u00e7o acess\u00edvel.<\/p>\n<p>A Helmet 28 distribui os capacetes Zamp a partir do seu armaz\u00e9m na B\u00e9lgica.<\/p>\n<p>Fundada nos EUA, a Zamp \u00e9 conhecida por oferecer uma qualidade incr\u00edvel a um <a href=\"https:\/\/zamphelmets.co\/pt-pt\/product-category\/zamp-pt-pt\/capacetes-zamp\/\">pre\u00e7o extremamente competitivo<\/a>. Quando comparado com outras marcas no mercado, ver\u00e1s que o nosso produto oferece o melhor valor, caracter\u00edsticas e design. \u00c9 nossa convic\u00e7\u00e3o que as corridas n\u00e3o t\u00eam de ser restritivas e proibir a participa\u00e7\u00e3o devido ao pre\u00e7o. Queremos facilitar ao m\u00e1ximo a participa\u00e7\u00e3o de um grupo t\u00e3o vasto quanto poss\u00edvel de pessoas.<\/p>\n<h5>O que torna os nossos produtos diferentes<\/h5>\n<p>Os nossos <g id=\"gid_0\">capacetes<\/g>, <g id=\"gid_1\">fatos<\/g>, <g id=\"gid_2\">luvas<\/g> e <g id=\"gid_3\">outros acess\u00f3rios<\/g> cumprem todas as <g id=\"gid_4\">normas de seguran\u00e7a<\/g>, como a <g id=\"gid_5\">FIA 8859-2015<\/g>, <g id=\"gid_6\">Snell SA 2020<\/g> e <g id=\"gid_7\">CMR 2016<\/g>.     Quer estejas a iniciar-te no karting ou a competir em campeonatos internacionais de alto n\u00edvel, existe um produto que se adequa \u00e0s tuas necessidades.<\/p>\n<p>Quer estejas no desporto motorizado de clube, no karting ou nas mais prestigiadas s\u00e9ries de corridas do mundo, a Zamp tem o capacete para ti.<\/p>\n<p>A partir da entrada no mercado, o <a href=\"https:\/\/zamphelmets.co\/product\/rz-56\/\">Full Face RZ 56<\/a>, perfeito para track days e corridas em circuito fechado. Para o nosso revolucion\u00e1rio <a href=\"https:\/\/zamphelmets.co\/pt-pt\/produto\/interruptor-rz-70e-laranja-amarelo\/#description\">Capacete com Interruptor RZ 70E<\/a>, que te permite configurar facilmente o teu capacete para uma variedade de configura\u00e7\u00f5es de corrida. A gama Zamp oferece capacetes brancos e pretos normais, bem como uma impressionante variedade de capacetes pintados e gr\u00e1ficos.<\/p>\n<h5>Torn\u00e1-lo teu<\/h5>\n<p>Personalizar o teu capacete para obteres a melhor configura\u00e7\u00e3o no dia da corrida nunca foi t\u00e3o f\u00e1cil. Com a nossa gama completa de <a href=\"https:\/\/zamphelmets.co\/pt-pt\/product-category\/zamp-pt-pt\/acessorios\/\">acess\u00f3rios<\/a>, todos os capacetes Zamp podem ser equipados com uma <a href=\"https:\/\/zamphelmets.co\/pt-pt\/produto\/viseiras-z20\/\">viseira Z20 de substitui\u00e7\u00e3o .<\/a> Desde as vistosas viseiras Iridium e Prism at\u00e9 \u00e0 viseira Amber (perfeita para utiliza\u00e7\u00e3o em condi\u00e7\u00f5es de pouca luz). A Zamp tamb\u00e9m oferece uma gama de <a href=\"https:\/\/zamphelmets.co\/product\/zamp-shield-retention-kit\/\">parafusos para viseiras anodizados<\/a>, bem como de rasgadores <a href=\"https:\/\/zamphelmets.co\/product\/visor-tear-off\/\">de v<\/a>iseiras.<\/p>\n<p>Por isso, quer estejas \u00e0 procura de um caminho barato e acess\u00edvel para as corridas, quer estejas \u00e0 procura da tua pr\u00f3xima vantagem competitiva, a Zamp tem tudo o que precisas!<\/p>\n<p>Se tiveres alguma pergunta ou d\u00favida, n\u00e3o hesites em <a href=\"mailto:support@helmet28.com\">entrar em contacto.<\/a><\/p>\n<p>(Os capacetes Zamp s\u00e3o importados pela Helmet 28 Ltd)<\/p>\n","protected":false},"excerpt":{"rendered":"<p>A Zamp Helmets oferece capacetes de alta qualidade com tecnologia de ponta a um pre\u00e7o acess\u00edvel. A Helmet 28 distribui os capacetes Zamp a partir do seu armaz\u00e9m na B\u00e9lgica. Fundada nos EUA, a Zamp \u00e9 conhecida por oferecer uma qualidade incr\u00edvel a um pre\u00e7o extremamente competitivo. Quando comparado com outras marcas no mercado, ver\u00e1s [&hellip;]<\/p>\n","protected":false},"author":1,"featured_media":0,"parent":0,"menu_order":0,"comment_status":"closed","ping_status":"closed","template":"templates\/fullwidth.php","meta":{"_acf_changed":false,"footnotes":""},"class_list":["post-21997","page","type-page","status-publish","hentry"],"acf":[],"yoast_head":"<!-- This site is optimized with the Yoast SEO plugin v27.0 - https:\/\/yoast.com\/product\/yoast-seo-wordpress\/ -->\n<title>Sobre - Zamp Helmets | Helmet 28 EU<\/title>\n<meta name=\"description\" content=\"A Zamp Helmets oferece capacetes de qualidade incr\u00edvel com tecnologia de ponta a um pre\u00e7o extremamente competitivo.\" \/>\n<meta name=\"robots\" content=\"index, follow, max-snippet:-1, max-image-preview:large, max-video-preview:-1\" \/>\n<link rel=\"canonical\" href=\"https:\/\/zamphelmets.co\/pt-pt\/sobre\/\" \/>\n<meta property=\"og:locale\" content=\"pt_PT\" \/>\n<meta property=\"og:type\" content=\"article\" \/>\n<meta property=\"og:title\" content=\"Sobre - Zamp Helmets | Helmet 28 EU\" \/>\n<meta property=\"og:description\" content=\"A Zamp Helmets oferece capacetes de qualidade incr\u00edvel com tecnologia de ponta a um pre\u00e7o extremamente competitivo.\" \/>\n<meta property=\"og:url\" content=\"https:\/\/zamphelmets.co\/pt-pt\/sobre\/\" \/>\n<meta property=\"og:site_name\" content=\"Zamp Helmets | Helmet 28 EU\" \/>\n<meta property=\"article:modified_time\" content=\"2026-02-16T15:02:15+00:00\" \/>\n<meta property=\"og:image\" content=\"https:\/\/zamphelmets.co\/wp-content\/uploads\/2023\/04\/ZAMP-additional-product-images-Aug-23-800x800px-3.png\" \/>\n\t<meta property=\"og:image:width\" content=\"800\" \/>\n\t<meta property=\"og:image:height\" content=\"800\" \/>\n\t<meta property=\"og:image:type\" content=\"image\/png\" \/>\n<meta name=\"twitter:card\" content=\"summary_large_image\" \/>\n<meta name=\"twitter:label1\" content=\"Est. reading time\" \/>\n\t<meta name=\"twitter:data1\" content=\"2 minutos\" \/>\n<script type=\"application\/ld+json\" class=\"yoast-schema-graph\">{\"@context\":\"https:\/\/schema.org\",\"@graph\":[{\"@type\":\"WebPage\",\"@id\":\"https:\/\/zamphelmets.co\/pt-pt\/sobre\/\",\"url\":\"https:\/\/zamphelmets.co\/pt-pt\/sobre\/\",\"name\":\"Sobre - Zamp Helmets | Helmet 28 EU\",\"isPartOf\":{\"@id\":\"https:\/\/zamphelmets.co\/pt-pt\/#website\"},\"primaryImageOfPage\":{\"@id\":\"https:\/\/zamphelmets.co\/pt-pt\/sobre\/#primaryimage\"},\"image\":{\"@id\":\"https:\/\/zamphelmets.co\/pt-pt\/sobre\/#primaryimage\"},\"thumbnailUrl\":\"https:\/\/zamphelmets.co\/wp-content\/uploads\/2023\/04\/ZAMP-additional-product-images-Aug-23-800x800px-3-300x300.png\",\"datePublished\":\"2019-01-08T14:25:04+00:00\",\"dateModified\":\"2026-02-16T15:02:15+00:00\",\"description\":\"A Zamp Helmets oferece capacetes de qualidade incr\u00edvel com tecnologia de ponta a um pre\u00e7o extremamente competitivo.\",\"inLanguage\":\"pt-PT\",\"potentialAction\":[{\"@type\":\"ReadAction\",\"target\":[\"https:\/\/zamphelmets.co\/pt-pt\/sobre\/\"]}]},{\"@type\":\"ImageObject\",\"inLanguage\":\"pt-PT\",\"@id\":\"https:\/\/zamphelmets.co\/pt-pt\/sobre\/#primaryimage\",\"url\":\"https:\/\/zamphelmets.co\/wp-content\/uploads\/2023\/04\/ZAMP-additional-product-images-Aug-23-800x800px-3-300x300.png\",\"contentUrl\":\"https:\/\/zamphelmets.co\/wp-content\/uploads\/2023\/04\/ZAMP-additional-product-images-Aug-23-800x800px-3-300x300.png\"},{\"@type\":\"WebSite\",\"@id\":\"https:\/\/zamphelmets.co\/pt-pt\/#website\",\"url\":\"https:\/\/zamphelmets.co\/pt-pt\/\",\"name\":\"Zamp Helmets | Helmet 28 EU\",\"description\":\"High Quality Motorsport Helmets\",\"potentialAction\":[{\"@type\":\"SearchAction\",\"target\":{\"@type\":\"EntryPoint\",\"urlTemplate\":\"https:\/\/zamphelmets.co\/pt-pt\/?s={search_term_string}\"},\"query-input\":{\"@type\":\"PropertyValueSpecification\",\"valueRequired\":true,\"valueName\":\"search_term_string\"}}],\"inLanguage\":\"pt-PT\"}]}<\/script>\n<!-- \/ Yoast SEO plugin. -->","yoast_head_json":{"title":"Sobre - Zamp Helmets | Helmet 28 EU","description":"A Zamp Helmets oferece capacetes de qualidade incr\u00edvel com tecnologia de ponta a um pre\u00e7o extremamente competitivo.","robots":{"index":"index","follow":"follow","max-snippet":"max-snippet:-1","max-image-preview":"max-image-preview:large","max-video-preview":"max-video-preview:-1"},"canonical":"https:\/\/zamphelmets.co\/pt-pt\/sobre\/","og_locale":"pt_PT","og_type":"article","og_title":"Sobre - Zamp Helmets | Helmet 28 EU","og_description":"A Zamp Helmets oferece capacetes de qualidade incr\u00edvel com tecnologia de ponta a um pre\u00e7o extremamente competitivo.","og_url":"https:\/\/zamphelmets.co\/pt-pt\/sobre\/","og_site_name":"Zamp Helmets | Helmet 28 EU","article_modified_time":"2026-02-16T15:02:15+00:00","og_image":[{"width":800,"height":800,"url":"https:\/\/zamphelmets.co\/wp-content\/uploads\/2023\/04\/ZAMP-additional-product-images-Aug-23-800x800px-3.png","type":"image\/png"}],"twitter_card":"summary_large_image","twitter_misc":{"Est. reading time":"2 minutos"},"schema":{"@context":"https:\/\/schema.org","@graph":[{"@type":"WebPage","@id":"https:\/\/zamphelmets.co\/pt-pt\/sobre\/","url":"https:\/\/zamphelmets.co\/pt-pt\/sobre\/","name":"Sobre - Zamp Helmets | Helmet 28 EU","isPartOf":{"@id":"https:\/\/zamphelmets.co\/pt-pt\/#website"},"primaryImageOfPage":{"@id":"https:\/\/zamphelmets.co\/pt-pt\/sobre\/#primaryimage"},"image":{"@id":"https:\/\/zamphelmets.co\/pt-pt\/sobre\/#primaryimage"},"thumbnailUrl":"https:\/\/zamphelmets.co\/wp-content\/uploads\/2023\/04\/ZAMP-additional-product-images-Aug-23-800x800px-3-300x300.png","datePublished":"2019-01-08T14:25:04+00:00","dateModified":"2026-02-16T15:02:15+00:00","description":"A Zamp Helmets oferece capacetes de qualidade incr\u00edvel com tecnologia de ponta a um pre\u00e7o extremamente competitivo.","inLanguage":"pt-PT","potentialAction":[{"@type":"ReadAction","target":["https:\/\/zamphelmets.co\/pt-pt\/sobre\/"]}]},{"@type":"ImageObject","inLanguage":"pt-PT","@id":"https:\/\/zamphelmets.co\/pt-pt\/sobre\/#primaryimage","url":"https:\/\/zamphelmets.co\/wp-content\/uploads\/2023\/04\/ZAMP-additional-product-images-Aug-23-800x800px-3-300x300.png","contentUrl":"https:\/\/zamphelmets.co\/wp-content\/uploads\/2023\/04\/ZAMP-additional-product-images-Aug-23-800x800px-3-300x300.png"},{"@type":"WebSite","@id":"https:\/\/zamphelmets.co\/pt-pt\/#website","url":"https:\/\/zamphelmets.co\/pt-pt\/","name":"Zamp Helmets | Helmet 28 EU","description":"High Quality Motorsport Helmets","potentialAction":[{"@type":"SearchAction","target":{"@type":"EntryPoint","urlTemplate":"https:\/\/zamphelmets.co\/pt-pt\/?s={search_term_string}"},"query-input":{"@type":"PropertyValueSpecification","valueRequired":true,"valueName":"search_term_string"}}],"inLanguage":"pt-PT"}]}},"_links":{"self":[{"href":"https:\/\/zamphelmets.co\/pt-pt\/wp-json\/wp\/v2\/pages\/21997","targetHints":{"allow":["GET"]}}],"collection":[{"href":"https:\/\/zamphelmets.co\/pt-pt\/wp-json\/wp\/v2\/pages"}],"about":[{"href":"https:\/\/zamphelmets.co\/pt-pt\/wp-json\/wp\/v2\/types\/page"}],"author":[{"embeddable":true,"href":"https:\/\/zamphelmets.co\/pt-pt\/wp-json\/wp\/v2\/users\/1"}],"replies":[{"embeddable":true,"href":"https:\/\/zamphelmets.co\/pt-pt\/wp-json\/wp\/v2\/comments?post=21997"}],"version-history":[{"count":2,"href":"https:\/\/zamphelmets.co\/pt-pt\/wp-json\/wp\/v2\/pages\/21997\/revisions"}],"predecessor-version":[{"id":203530,"href":"https:\/\/zamphelmets.co\/pt-pt\/wp-json\/wp\/v2\/pages\/21997\/revisions\/203530"}],"wp:attachment":[{"href":"https:\/\/zamphelmets.co\/pt-pt\/wp-json\/wp\/v2\/media?parent=21997"}],"curies":[{"name":"wp","href":"https:\/\/api.w.org\/{rel}","templated":true}]}}