{"id":25918,"date":"2024-05-31T11:47:23","date_gmt":"2024-05-31T11:47:23","guid":{"rendered":"https:\/\/zamphelmets.co\/product\/guanti-da-kart-sparco-rush-blu-nero\/"},"modified":"2024-11-06T16:15:23","modified_gmt":"2024-11-06T16:15:23","slug":"guanti-da-kart-sparco-rush-blu-nero","status":"publish","type":"product","link":"https:\/\/zamphelmets.co\/it\/prodotto\/guanti-da-kart-sparco-rush-blu-nero\/","title":{"rendered":"Guanti da kart Sparco Rush Blu\/Nero"},"content":{"rendered":"<p>Lo Sparco Rush \u00e8 un guanto da kart entry level che include caratteristiche che di solito si trovano solo in alternative pi\u00f9 costose. Queste caratteristiche lo rendono eccellente per il rapporto qualit\u00e0-prezzo e adatto al karting a tutti i livelli.<\/p>\n<ul>\n<li>Il design precurvato riduce l&#8217;attrito del materiale durante la presa della ruota<\/li>\n<li>Il design con stampa in silicone sul palmo e sulle dita garantisce un&#8217;elevata aderenza.<\/li>\n<li>Esterno resistente alle abrasioni e palmo in pelle sintetica per proteggere le mani.<\/li>\n<li>Polso elasticizzato con tiranti in silicone per un ingresso facile e una vestibilit\u00e0 sicura.<\/li>\n<\/ul>\n<p><img decoding=\"async\" class=\"alignnone wp-image-10061 lazyload\" data-src=\"https:\/\/zamphelmets.co\/wp-content\/uploads\/2024\/05\/sparco-racekartwear-gloves-combined-nov23-159x300.webp\" alt=\"\" width=\"440\" height=\"830\" data-srcset=\"https:\/\/zamphelmets.co\/wp-content\/uploads\/2024\/05\/sparco-racekartwear-gloves-combined-nov23-159x300.webp 159w, https:\/\/zamphelmets.co\/wp-content\/uploads\/2024\/05\/sparco-racekartwear-gloves-combined-nov23-543x1024.webp 543w, https:\/\/zamphelmets.co\/wp-content\/uploads\/2024\/05\/sparco-racekartwear-gloves-combined-nov23-768x1449.webp 768w, https:\/\/zamphelmets.co\/wp-content\/uploads\/2024\/05\/sparco-racekartwear-gloves-combined-nov23-814x1536.webp 814w, https:\/\/zamphelmets.co\/wp-content\/uploads\/2024\/05\/sparco-racekartwear-gloves-combined-nov23-1085x2048.webp 1085w, https:\/\/zamphelmets.co\/wp-content\/uploads\/2024\/05\/sparco-racekartwear-gloves-combined-nov23-600x1132.webp 600w, https:\/\/zamphelmets.co\/wp-content\/uploads\/2024\/05\/sparco-racekartwear-gloves-combined-nov23-scaled.webp 1357w\" data-sizes=\"(max-width: 440px) 100vw, 440px\" src=\"data:image\/svg+xml;base64,PHN2ZyB3aWR0aD0iMSIgaGVpZ2h0PSIxIiB4bWxucz0iaHR0cDovL3d3dy53My5vcmcvMjAwMC9zdmciPjwvc3ZnPg==\" style=\"--smush-placeholder-width: 440px; --smush-placeholder-aspect-ratio: 440\/830;\" \/><\/p>\n","protected":false},"excerpt":{"rendered":"<p>Lo Sparco Rush \u00e8 un guanto da kart entry level che include caratteristiche che di solito si trovano solo in alternative pi\u00f9 costose. Queste caratteristiche lo rendono eccellente per il rapporto qualit\u00e0-prezzo e adatto al karting a tutti i livelli. Il design precurvato riduce l&#8217;attrito del materiale durante la presa della ruota Il design con [&hellip;]<\/p>\n","protected":false},"featured_media":21846,"comment_status":"open","ping_status":"closed","template":"","meta":{"_acf_changed":false,"_iconic_wsb_product_page_order_bump_ids":[[]],"_sku":["SKW002556BXBM"],"_iconic_wsb_product_page_bump_modal_ids":[[]]},"product_brand":[],"product_cat":[192,191],"product_tag":[],"class_list":{"0":"post-25918","1":"product","2":"type-product","3":"status-publish","4":"has-post-thumbnail","6":"product_cat-guanti","7":"product_cat-protezione-abbigliamento","9":"first","10":"outofstock","11":"taxable","12":"shipping-taxable","13":"purchasable","14":"product-type-variable"},"acf":[],"yoast_head":"<!-- This site is optimized with the Yoast SEO plugin v27.0 - https:\/\/yoast.com\/product\/yoast-seo-wordpress\/ -->\n<title>Guanti da kart Sparco Rush Blu\/Nero - Zamp Helmets | Helmet 28 EU<\/title>\n<meta name=\"description\" content=\"Gli Sparco Rush sono guanti da kart entry level che includono le caratteristiche delle alternative pi\u00f9 costose. Ottimo rapporto qualit\u00e0\/prezzo e adatto al karting a tutti i livelli.\" \/>\n<meta name=\"robots\" content=\"index, follow, max-snippet:-1, max-image-preview:large, max-video-preview:-1\" \/>\n<link rel=\"canonical\" href=\"https:\/\/zamphelmets.co\/it\/prodotto\/guanti-da-kart-sparco-rush-blu-nero\/\" \/>\n<meta property=\"og:locale\" content=\"it_IT\" \/>\n<meta property=\"og:type\" content=\"article\" \/>\n<meta property=\"og:title\" content=\"Guanti da kart Sparco Rush Blu\/Nero - Zamp Helmets | Helmet 28 EU\" \/>\n<meta property=\"og:description\" content=\"Gli Sparco Rush sono guanti da kart entry level che includono le caratteristiche delle alternative pi\u00f9 costose. Ottimo rapporto qualit\u00e0\/prezzo e adatto al karting a tutti i livelli.\" \/>\n<meta property=\"og:url\" content=\"https:\/\/zamphelmets.co\/it\/prodotto\/guanti-da-kart-sparco-rush-blu-nero\/\" \/>\n<meta property=\"og:site_name\" content=\"Zamp Helmets | Helmet 28 EU\" \/>\n<meta property=\"article:modified_time\" content=\"2024-11-06T16:15:23+00:00\" \/>\n<meta property=\"og:image\" content=\"https:\/\/zamphelmets.co\/wp-content\/uploads\/2024\/05\/blu20black.png\" \/>\n\t<meta property=\"og:image:width\" content=\"870\" \/>\n\t<meta property=\"og:image:height\" content=\"1000\" \/>\n\t<meta property=\"og:image:type\" content=\"image\/png\" \/>\n<meta name=\"twitter:card\" content=\"summary_large_image\" \/>\n<script type=\"application\/ld+json\" class=\"yoast-schema-graph\">{\"@context\":\"https:\/\/schema.org\",\"@graph\":[{\"@type\":\"WebPage\",\"@id\":\"https:\/\/zamphelmets.co\/it\/prodotto\/guanti-da-kart-sparco-rush-blu-nero\/\",\"url\":\"https:\/\/zamphelmets.co\/it\/prodotto\/guanti-da-kart-sparco-rush-blu-nero\/\",\"name\":\"Guanti da kart Sparco Rush Blu\/Nero - Zamp Helmets | Helmet 28 EU\",\"isPartOf\":{\"@id\":\"https:\/\/zamphelmets.co\/it\/#website\"},\"primaryImageOfPage\":{\"@id\":\"https:\/\/zamphelmets.co\/it\/prodotto\/guanti-da-kart-sparco-rush-blu-nero\/#primaryimage\"},\"image\":{\"@id\":\"https:\/\/zamphelmets.co\/it\/prodotto\/guanti-da-kart-sparco-rush-blu-nero\/#primaryimage\"},\"thumbnailUrl\":\"https:\/\/zamphelmets.co\/wp-content\/uploads\/2024\/05\/blu20black.png\",\"datePublished\":\"2024-05-31T11:47:23+00:00\",\"dateModified\":\"2024-11-06T16:15:23+00:00\",\"description\":\"Gli Sparco Rush sono guanti da kart entry level che includono le caratteristiche delle alternative pi\u00f9 costose. Ottimo rapporto qualit\u00e0\/prezzo e adatto al karting a tutti i livelli.\",\"breadcrumb\":{\"@id\":\"https:\/\/zamphelmets.co\/it\/prodotto\/guanti-da-kart-sparco-rush-blu-nero\/#breadcrumb\"},\"inLanguage\":\"it-IT\",\"potentialAction\":[{\"@type\":\"ReadAction\",\"target\":[\"https:\/\/zamphelmets.co\/it\/prodotto\/guanti-da-kart-sparco-rush-blu-nero\/\"]}]},{\"@type\":\"ImageObject\",\"inLanguage\":\"it-IT\",\"@id\":\"https:\/\/zamphelmets.co\/it\/prodotto\/guanti-da-kart-sparco-rush-blu-nero\/#primaryimage\",\"url\":\"https:\/\/zamphelmets.co\/wp-content\/uploads\/2024\/05\/blu20black.png\",\"contentUrl\":\"https:\/\/zamphelmets.co\/wp-content\/uploads\/2024\/05\/blu20black.png\",\"width\":870,\"height\":1000},{\"@type\":\"BreadcrumbList\",\"@id\":\"https:\/\/zamphelmets.co\/it\/prodotto\/guanti-da-kart-sparco-rush-blu-nero\/#breadcrumb\",\"itemListElement\":[{\"@type\":\"ListItem\",\"position\":1,\"name\":\"Negozio\",\"item\":\"https:\/\/zamphelmets.co\/it\/negozio\/\"},{\"@type\":\"ListItem\",\"position\":2,\"name\":\"Guanti da kart Sparco Rush Blu\/Nero\"}]},{\"@type\":\"WebSite\",\"@id\":\"https:\/\/zamphelmets.co\/it\/#website\",\"url\":\"https:\/\/zamphelmets.co\/it\/\",\"name\":\"Zamp Helmets | Helmet 28 EU\",\"description\":\"High Quality Motorsport Helmets\",\"potentialAction\":[{\"@type\":\"SearchAction\",\"target\":{\"@type\":\"EntryPoint\",\"urlTemplate\":\"https:\/\/zamphelmets.co\/it\/?s={search_term_string}\"},\"query-input\":{\"@type\":\"PropertyValueSpecification\",\"valueRequired\":true,\"valueName\":\"search_term_string\"}}],\"inLanguage\":\"it-IT\"}]}<\/script>\n<!-- \/ Yoast SEO plugin. -->","yoast_head_json":{"title":"Guanti da kart Sparco Rush Blu\/Nero - Zamp Helmets | Helmet 28 EU","description":"Gli Sparco Rush sono guanti da kart entry level che includono le caratteristiche delle alternative pi\u00f9 costose. Ottimo rapporto qualit\u00e0\/prezzo e adatto al karting a tutti i livelli.","robots":{"index":"index","follow":"follow","max-snippet":"max-snippet:-1","max-image-preview":"max-image-preview:large","max-video-preview":"max-video-preview:-1"},"canonical":"https:\/\/zamphelmets.co\/it\/prodotto\/guanti-da-kart-sparco-rush-blu-nero\/","og_locale":"it_IT","og_type":"article","og_title":"Guanti da kart Sparco Rush Blu\/Nero - Zamp Helmets | Helmet 28 EU","og_description":"Gli Sparco Rush sono guanti da kart entry level che includono le caratteristiche delle alternative pi\u00f9 costose. Ottimo rapporto qualit\u00e0\/prezzo e adatto al karting a tutti i livelli.","og_url":"https:\/\/zamphelmets.co\/it\/prodotto\/guanti-da-kart-sparco-rush-blu-nero\/","og_site_name":"Zamp Helmets | Helmet 28 EU","article_modified_time":"2024-11-06T16:15:23+00:00","og_image":[{"width":870,"height":1000,"url":"https:\/\/zamphelmets.co\/wp-content\/uploads\/2024\/05\/blu20black.png","type":"image\/png"}],"twitter_card":"summary_large_image","schema":{"@context":"https:\/\/schema.org","@graph":[{"@type":"WebPage","@id":"https:\/\/zamphelmets.co\/it\/prodotto\/guanti-da-kart-sparco-rush-blu-nero\/","url":"https:\/\/zamphelmets.co\/it\/prodotto\/guanti-da-kart-sparco-rush-blu-nero\/","name":"Guanti da kart Sparco Rush Blu\/Nero - Zamp Helmets | Helmet 28 EU","isPartOf":{"@id":"https:\/\/zamphelmets.co\/it\/#website"},"primaryImageOfPage":{"@id":"https:\/\/zamphelmets.co\/it\/prodotto\/guanti-da-kart-sparco-rush-blu-nero\/#primaryimage"},"image":{"@id":"https:\/\/zamphelmets.co\/it\/prodotto\/guanti-da-kart-sparco-rush-blu-nero\/#primaryimage"},"thumbnailUrl":"https:\/\/zamphelmets.co\/wp-content\/uploads\/2024\/05\/blu20black.png","datePublished":"2024-05-31T11:47:23+00:00","dateModified":"2024-11-06T16:15:23+00:00","description":"Gli Sparco Rush sono guanti da kart entry level che includono le caratteristiche delle alternative pi\u00f9 costose. Ottimo rapporto qualit\u00e0\/prezzo e adatto al karting a tutti i livelli.","breadcrumb":{"@id":"https:\/\/zamphelmets.co\/it\/prodotto\/guanti-da-kart-sparco-rush-blu-nero\/#breadcrumb"},"inLanguage":"it-IT","potentialAction":[{"@type":"ReadAction","target":["https:\/\/zamphelmets.co\/it\/prodotto\/guanti-da-kart-sparco-rush-blu-nero\/"]}]},{"@type":"ImageObject","inLanguage":"it-IT","@id":"https:\/\/zamphelmets.co\/it\/prodotto\/guanti-da-kart-sparco-rush-blu-nero\/#primaryimage","url":"https:\/\/zamphelmets.co\/wp-content\/uploads\/2024\/05\/blu20black.png","contentUrl":"https:\/\/zamphelmets.co\/wp-content\/uploads\/2024\/05\/blu20black.png","width":870,"height":1000},{"@type":"BreadcrumbList","@id":"https:\/\/zamphelmets.co\/it\/prodotto\/guanti-da-kart-sparco-rush-blu-nero\/#breadcrumb","itemListElement":[{"@type":"ListItem","position":1,"name":"Negozio","item":"https:\/\/zamphelmets.co\/it\/negozio\/"},{"@type":"ListItem","position":2,"name":"Guanti da kart Sparco Rush Blu\/Nero"}]},{"@type":"WebSite","@id":"https:\/\/zamphelmets.co\/it\/#website","url":"https:\/\/zamphelmets.co\/it\/","name":"Zamp Helmets | Helmet 28 EU","description":"High Quality Motorsport Helmets","potentialAction":[{"@type":"SearchAction","target":{"@type":"EntryPoint","urlTemplate":"https:\/\/zamphelmets.co\/it\/?s={search_term_string}"},"query-input":{"@type":"PropertyValueSpecification","valueRequired":true,"valueName":"search_term_string"}}],"inLanguage":"it-IT"}]}},"_links":{"self":[{"href":"https:\/\/zamphelmets.co\/it\/wp-json\/wp\/v2\/product\/25918","targetHints":{"allow":["GET"]}}],"collection":[{"href":"https:\/\/zamphelmets.co\/it\/wp-json\/wp\/v2\/product"}],"about":[{"href":"https:\/\/zamphelmets.co\/it\/wp-json\/wp\/v2\/types\/product"}],"replies":[{"embeddable":true,"href":"https:\/\/zamphelmets.co\/it\/wp-json\/wp\/v2\/comments?post=25918"}],"wp:featuredmedia":[{"embeddable":true,"href":"https:\/\/zamphelmets.co\/it\/wp-json\/wp\/v2\/media\/21846"}],"wp:attachment":[{"href":"https:\/\/zamphelmets.co\/it\/wp-json\/wp\/v2\/media?parent=25918"}],"wp:term":[{"taxonomy":"product_brand","embeddable":true,"href":"https:\/\/zamphelmets.co\/it\/wp-json\/wp\/v2\/product_brand?post=25918"},{"taxonomy":"product_cat","embeddable":true,"href":"https:\/\/zamphelmets.co\/it\/wp-json\/wp\/v2\/product_cat?post=25918"},{"taxonomy":"product_tag","embeddable":true,"href":"https:\/\/zamphelmets.co\/it\/wp-json\/wp\/v2\/product_tag?post=25918"}],"curies":[{"name":"wp","href":"https:\/\/api.w.org\/{rel}","templated":true}]}}