{"id":25534,"date":"2024-05-31T11:45:35","date_gmt":"2024-05-31T11:45:35","guid":{"rendered":"https:\/\/zamphelmets.co\/product\/stivali-da-kart-sparco-k-pole-nero-arancio-fluo\/"},"modified":"2024-11-06T16:06:15","modified_gmt":"2024-11-06T16:06:15","slug":"stivali-da-kart-sparco-k-pole-nero-arancio-fluo","status":"publish","type":"product","link":"https:\/\/zamphelmets.co\/it\/prodotto\/stivali-da-kart-sparco-k-pole-nero-arancio-fluo\/","title":{"rendered":"Stivali da kart Sparco K-Pole nero\/arancio fluo"},"content":{"rendered":"<p>Gli stivali da kart Sparco K-Pole offrono stile e comfort a un prezzo conveniente. Il design a taglio medio \u00e8 caratterizzato da una tomaia in pelle microfibra traforata che favorisce il flusso d&#8217;aria, mantenendo i piedi pi\u00f9 freschi e confortevoli.<\/p>\n<ul>\n<li>Offre un livello di vestibilit\u00e0 e comfort che di solito si trova solo in stivali pi\u00f9 costosi.<\/li>\n<li>La tomaia traforata favorisce la traspirazione per mantenere i piedi pi\u00f9 freschi e ridurre la sudorazione.<\/li>\n<li>Tallone ridisegnato per ridurre l&#8217;affaticamento e migliorare il sostegno<\/li>\n<li>La suola in gomma ad alta tecnologia garantisce una presa e una sensazione ottimale sui pedali<\/li>\n<\/ul>\n<p>Gli stivali da kart K-Pole sono disponibili in un&#8217;ampia gamma di colori e in un design moderno. Oltre alle caratteristiche sopra elencate, questi scarponi sono dotati di soffietti sul tallone per facilitare la calzata e migliorare il comfort. Il sistema di lacci esterni garantisce una vestibilit\u00e0 stretta e sicura.<\/p>\n<p><img decoding=\"async\" class=\"alignnone wp-image-10051 lazyload\" data-src=\"https:\/\/zamphelmets.co\/wp-content\/uploads\/2024\/05\/Screenshot-2024-05-31-at-14.39.05-247x300.png\" alt=\"\" width=\"441\" height=\"536\" data-srcset=\"https:\/\/zamphelmets.co\/wp-content\/uploads\/2024\/05\/Screenshot-2024-05-31-at-14.39.05-247x300.png 247w, https:\/\/zamphelmets.co\/wp-content\/uploads\/2024\/05\/Screenshot-2024-05-31-at-14.39.05-844x1024.png 844w, https:\/\/zamphelmets.co\/wp-content\/uploads\/2024\/05\/Screenshot-2024-05-31-at-14.39.05-768x932.png 768w, https:\/\/zamphelmets.co\/wp-content\/uploads\/2024\/05\/Screenshot-2024-05-31-at-14.39.05-600x728.png 600w, https:\/\/zamphelmets.co\/wp-content\/uploads\/2024\/05\/Screenshot-2024-05-31-at-14.39.05.png 982w\" data-sizes=\"(max-width: 441px) 100vw, 441px\" src=\"data:image\/svg+xml;base64,PHN2ZyB3aWR0aD0iMSIgaGVpZ2h0PSIxIiB4bWxucz0iaHR0cDovL3d3dy53My5vcmcvMjAwMC9zdmciPjwvc3ZnPg==\" style=\"--smush-placeholder-width: 441px; --smush-placeholder-aspect-ratio: 441\/536;\" \/><\/p>\n","protected":false},"excerpt":{"rendered":"<p>Gli stivali da kart Sparco K-Pole offrono stile e comfort a un prezzo conveniente. Il design a taglio medio \u00e8 caratterizzato da una tomaia in pelle microfibra traforata che favorisce il flusso d&#8217;aria, mantenendo i piedi pi\u00f9 freschi e confortevoli. Offre un livello di vestibilit\u00e0 e comfort che di solito si trova solo in stivali [&hellip;]<\/p>\n","protected":false},"featured_media":21797,"comment_status":"open","ping_status":"closed","template":"","meta":{"_acf_changed":false,"_iconic_wsb_product_page_order_bump_ids":[[]],"_sku":["SKW001269NRAF"],"_iconic_wsb_product_page_bump_modal_ids":[[]]},"product_brand":[],"product_cat":[191,214],"product_tag":[],"class_list":{"0":"post-25534","1":"product","2":"type-product","3":"status-publish","4":"has-post-thumbnail","6":"product_cat-protezione-abbigliamento","7":"product_cat-stivali","9":"first","10":"instock","11":"taxable","12":"shipping-taxable","13":"purchasable","14":"product-type-variable"},"acf":[],"yoast_head":"<!-- This site is optimized with the Yoast SEO plugin v27.0 - https:\/\/yoast.com\/product\/yoast-seo-wordpress\/ -->\n<title>Stivali da kart Sparco K-Pole nero\/arancio fluo - Zamp Helmets | Helmet 28 EU<\/title>\n<meta name=\"description\" content=\"Gli stivali da kart Sparco K-Pole offrono stile e comfort, mantenendo i tuoi piedi pi\u00f9 freschi e comodi a un prezzo conveniente.\" \/>\n<meta name=\"robots\" content=\"index, follow, max-snippet:-1, max-image-preview:large, max-video-preview:-1\" \/>\n<link rel=\"canonical\" href=\"https:\/\/zamphelmets.co\/it\/prodotto\/stivali-da-kart-sparco-k-pole-nero-arancio-fluo\/\" \/>\n<meta property=\"og:locale\" content=\"it_IT\" \/>\n<meta property=\"og:type\" content=\"article\" \/>\n<meta property=\"og:title\" content=\"Stivali da kart Sparco K-Pole nero\/arancio fluo - Zamp Helmets | Helmet 28 EU\" \/>\n<meta property=\"og:description\" content=\"Gli stivali da kart Sparco K-Pole offrono stile e comfort, mantenendo i tuoi piedi pi\u00f9 freschi e comodi a un prezzo conveniente.\" \/>\n<meta property=\"og:url\" content=\"https:\/\/zamphelmets.co\/it\/prodotto\/stivali-da-kart-sparco-k-pole-nero-arancio-fluo\/\" \/>\n<meta property=\"og:site_name\" content=\"Zamp Helmets | Helmet 28 EU\" \/>\n<meta property=\"article:modified_time\" content=\"2024-11-06T16:06:15+00:00\" \/>\n<meta property=\"og:image\" content=\"https:\/\/zamphelmets.co\/wp-content\/uploads\/2024\/05\/20b20orange.png\" \/>\n\t<meta property=\"og:image:width\" content=\"872\" \/>\n\t<meta property=\"og:image:height\" content=\"1000\" \/>\n\t<meta property=\"og:image:type\" content=\"image\/png\" \/>\n<meta name=\"twitter:card\" content=\"summary_large_image\" \/>\n<meta name=\"twitter:label1\" content=\"Est. reading time\" \/>\n\t<meta name=\"twitter:data1\" content=\"1 minuto\" \/>\n<script type=\"application\/ld+json\" class=\"yoast-schema-graph\">{\"@context\":\"https:\/\/schema.org\",\"@graph\":[{\"@type\":\"WebPage\",\"@id\":\"https:\/\/zamphelmets.co\/it\/prodotto\/stivali-da-kart-sparco-k-pole-nero-arancio-fluo\/\",\"url\":\"https:\/\/zamphelmets.co\/it\/prodotto\/stivali-da-kart-sparco-k-pole-nero-arancio-fluo\/\",\"name\":\"Stivali da kart Sparco K-Pole nero\/arancio fluo - Zamp Helmets | Helmet 28 EU\",\"isPartOf\":{\"@id\":\"https:\/\/zamphelmets.co\/it\/#website\"},\"primaryImageOfPage\":{\"@id\":\"https:\/\/zamphelmets.co\/it\/prodotto\/stivali-da-kart-sparco-k-pole-nero-arancio-fluo\/#primaryimage\"},\"image\":{\"@id\":\"https:\/\/zamphelmets.co\/it\/prodotto\/stivali-da-kart-sparco-k-pole-nero-arancio-fluo\/#primaryimage\"},\"thumbnailUrl\":\"https:\/\/zamphelmets.co\/wp-content\/uploads\/2024\/05\/20b20orange.png\",\"datePublished\":\"2024-05-31T11:45:35+00:00\",\"dateModified\":\"2024-11-06T16:06:15+00:00\",\"description\":\"Gli stivali da kart Sparco K-Pole offrono stile e comfort, mantenendo i tuoi piedi pi\u00f9 freschi e comodi a un prezzo conveniente.\",\"breadcrumb\":{\"@id\":\"https:\/\/zamphelmets.co\/it\/prodotto\/stivali-da-kart-sparco-k-pole-nero-arancio-fluo\/#breadcrumb\"},\"inLanguage\":\"it-IT\",\"potentialAction\":[{\"@type\":\"ReadAction\",\"target\":[\"https:\/\/zamphelmets.co\/it\/prodotto\/stivali-da-kart-sparco-k-pole-nero-arancio-fluo\/\"]}]},{\"@type\":\"ImageObject\",\"inLanguage\":\"it-IT\",\"@id\":\"https:\/\/zamphelmets.co\/it\/prodotto\/stivali-da-kart-sparco-k-pole-nero-arancio-fluo\/#primaryimage\",\"url\":\"https:\/\/zamphelmets.co\/wp-content\/uploads\/2024\/05\/20b20orange.png\",\"contentUrl\":\"https:\/\/zamphelmets.co\/wp-content\/uploads\/2024\/05\/20b20orange.png\",\"width\":872,\"height\":1000},{\"@type\":\"BreadcrumbList\",\"@id\":\"https:\/\/zamphelmets.co\/it\/prodotto\/stivali-da-kart-sparco-k-pole-nero-arancio-fluo\/#breadcrumb\",\"itemListElement\":[{\"@type\":\"ListItem\",\"position\":1,\"name\":\"Negozio\",\"item\":\"https:\/\/zamphelmets.co\/it\/negozio\/\"},{\"@type\":\"ListItem\",\"position\":2,\"name\":\"Stivali da kart Sparco K-Pole nero\/arancio fluo\"}]},{\"@type\":\"WebSite\",\"@id\":\"https:\/\/zamphelmets.co\/it\/#website\",\"url\":\"https:\/\/zamphelmets.co\/it\/\",\"name\":\"Zamp Helmets | Helmet 28 EU\",\"description\":\"High Quality Motorsport Helmets\",\"potentialAction\":[{\"@type\":\"SearchAction\",\"target\":{\"@type\":\"EntryPoint\",\"urlTemplate\":\"https:\/\/zamphelmets.co\/it\/?s={search_term_string}\"},\"query-input\":{\"@type\":\"PropertyValueSpecification\",\"valueRequired\":true,\"valueName\":\"search_term_string\"}}],\"inLanguage\":\"it-IT\"}]}<\/script>\n<!-- \/ Yoast SEO plugin. -->","yoast_head_json":{"title":"Stivali da kart Sparco K-Pole nero\/arancio fluo - Zamp Helmets | Helmet 28 EU","description":"Gli stivali da kart Sparco K-Pole offrono stile e comfort, mantenendo i tuoi piedi pi\u00f9 freschi e comodi a un prezzo conveniente.","robots":{"index":"index","follow":"follow","max-snippet":"max-snippet:-1","max-image-preview":"max-image-preview:large","max-video-preview":"max-video-preview:-1"},"canonical":"https:\/\/zamphelmets.co\/it\/prodotto\/stivali-da-kart-sparco-k-pole-nero-arancio-fluo\/","og_locale":"it_IT","og_type":"article","og_title":"Stivali da kart Sparco K-Pole nero\/arancio fluo - Zamp Helmets | Helmet 28 EU","og_description":"Gli stivali da kart Sparco K-Pole offrono stile e comfort, mantenendo i tuoi piedi pi\u00f9 freschi e comodi a un prezzo conveniente.","og_url":"https:\/\/zamphelmets.co\/it\/prodotto\/stivali-da-kart-sparco-k-pole-nero-arancio-fluo\/","og_site_name":"Zamp Helmets | Helmet 28 EU","article_modified_time":"2024-11-06T16:06:15+00:00","og_image":[{"width":872,"height":1000,"url":"https:\/\/zamphelmets.co\/wp-content\/uploads\/2024\/05\/20b20orange.png","type":"image\/png"}],"twitter_card":"summary_large_image","twitter_misc":{"Est. reading time":"1 minuto"},"schema":{"@context":"https:\/\/schema.org","@graph":[{"@type":"WebPage","@id":"https:\/\/zamphelmets.co\/it\/prodotto\/stivali-da-kart-sparco-k-pole-nero-arancio-fluo\/","url":"https:\/\/zamphelmets.co\/it\/prodotto\/stivali-da-kart-sparco-k-pole-nero-arancio-fluo\/","name":"Stivali da kart Sparco K-Pole nero\/arancio fluo - Zamp Helmets | Helmet 28 EU","isPartOf":{"@id":"https:\/\/zamphelmets.co\/it\/#website"},"primaryImageOfPage":{"@id":"https:\/\/zamphelmets.co\/it\/prodotto\/stivali-da-kart-sparco-k-pole-nero-arancio-fluo\/#primaryimage"},"image":{"@id":"https:\/\/zamphelmets.co\/it\/prodotto\/stivali-da-kart-sparco-k-pole-nero-arancio-fluo\/#primaryimage"},"thumbnailUrl":"https:\/\/zamphelmets.co\/wp-content\/uploads\/2024\/05\/20b20orange.png","datePublished":"2024-05-31T11:45:35+00:00","dateModified":"2024-11-06T16:06:15+00:00","description":"Gli stivali da kart Sparco K-Pole offrono stile e comfort, mantenendo i tuoi piedi pi\u00f9 freschi e comodi a un prezzo conveniente.","breadcrumb":{"@id":"https:\/\/zamphelmets.co\/it\/prodotto\/stivali-da-kart-sparco-k-pole-nero-arancio-fluo\/#breadcrumb"},"inLanguage":"it-IT","potentialAction":[{"@type":"ReadAction","target":["https:\/\/zamphelmets.co\/it\/prodotto\/stivali-da-kart-sparco-k-pole-nero-arancio-fluo\/"]}]},{"@type":"ImageObject","inLanguage":"it-IT","@id":"https:\/\/zamphelmets.co\/it\/prodotto\/stivali-da-kart-sparco-k-pole-nero-arancio-fluo\/#primaryimage","url":"https:\/\/zamphelmets.co\/wp-content\/uploads\/2024\/05\/20b20orange.png","contentUrl":"https:\/\/zamphelmets.co\/wp-content\/uploads\/2024\/05\/20b20orange.png","width":872,"height":1000},{"@type":"BreadcrumbList","@id":"https:\/\/zamphelmets.co\/it\/prodotto\/stivali-da-kart-sparco-k-pole-nero-arancio-fluo\/#breadcrumb","itemListElement":[{"@type":"ListItem","position":1,"name":"Negozio","item":"https:\/\/zamphelmets.co\/it\/negozio\/"},{"@type":"ListItem","position":2,"name":"Stivali da kart Sparco K-Pole nero\/arancio fluo"}]},{"@type":"WebSite","@id":"https:\/\/zamphelmets.co\/it\/#website","url":"https:\/\/zamphelmets.co\/it\/","name":"Zamp Helmets | Helmet 28 EU","description":"High Quality Motorsport Helmets","potentialAction":[{"@type":"SearchAction","target":{"@type":"EntryPoint","urlTemplate":"https:\/\/zamphelmets.co\/it\/?s={search_term_string}"},"query-input":{"@type":"PropertyValueSpecification","valueRequired":true,"valueName":"search_term_string"}}],"inLanguage":"it-IT"}]}},"_links":{"self":[{"href":"https:\/\/zamphelmets.co\/it\/wp-json\/wp\/v2\/product\/25534","targetHints":{"allow":["GET"]}}],"collection":[{"href":"https:\/\/zamphelmets.co\/it\/wp-json\/wp\/v2\/product"}],"about":[{"href":"https:\/\/zamphelmets.co\/it\/wp-json\/wp\/v2\/types\/product"}],"replies":[{"embeddable":true,"href":"https:\/\/zamphelmets.co\/it\/wp-json\/wp\/v2\/comments?post=25534"}],"wp:featuredmedia":[{"embeddable":true,"href":"https:\/\/zamphelmets.co\/it\/wp-json\/wp\/v2\/media\/21797"}],"wp:attachment":[{"href":"https:\/\/zamphelmets.co\/it\/wp-json\/wp\/v2\/media?parent=25534"}],"wp:term":[{"taxonomy":"product_brand","embeddable":true,"href":"https:\/\/zamphelmets.co\/it\/wp-json\/wp\/v2\/product_brand?post=25534"},{"taxonomy":"product_cat","embeddable":true,"href":"https:\/\/zamphelmets.co\/it\/wp-json\/wp\/v2\/product_cat?post=25534"},{"taxonomy":"product_tag","embeddable":true,"href":"https:\/\/zamphelmets.co\/it\/wp-json\/wp\/v2\/product_tag?post=25534"}],"curies":[{"name":"wp","href":"https:\/\/api.w.org\/{rel}","templated":true}]}}