{"id":25292,"date":"2024-05-31T11:44:05","date_gmt":"2024-05-31T11:44:05","guid":{"rendered":"https:\/\/zamphelmets.co\/product\/tuta-sparco-thunder-kart-nero-blu\/"},"modified":"2024-11-06T16:00:33","modified_gmt":"2024-11-06T16:00:33","slug":"tuta-sparco-thunder-kart-nero-blu","status":"publish","type":"product","link":"https:\/\/zamphelmets.co\/it\/prodotto\/tuta-sparco-thunder-kart-nero-blu\/","title":{"rendered":"Tuta Sparco Thunder Kart Nero\/Blu"},"content":{"rendered":"<p>La Sparco Thunder \u00e8 una tuta da kart entry level con caratteristiche che di solito si trovano solo su alternative pi\u00f9 costose. Questo lo rende un ottimo rapporto qualit\u00e0-prezzo e ideale per chi inizia a praticare il karting.<\/p>\n<ul>\n<li>I pannelli elasticizzati traforati favoriscono il flusso d&#8217;aria e aiutano a regolare la temperatura corporea.<\/li>\n<li>I bracci pre-curvati riducono l&#8217;attorcigliamento del materiale nella posizione di guida<\/li>\n<li>Le maniche semi fluttuanti garantiscono libert\u00e0 di movimento<\/li>\n<\/ul>\n<p>La tuta da kart Thunder offre prestazioni e comfort a un prezzo accessibile. La struttura a due strati presenta un ampio pannello elasticizzato nella parte bassa della schiena per consentire la massima mobilit\u00e0 quando si \u00e8 seduti sul kart. I pannelli elasticizzati traforati nelle ascelle e nella parte interna delle gambe garantiscono la traspirazione per aiutarti a stare pi\u00f9 fresco e comodo. Tasche nascoste e una tradizionale cintura in vita completano il look di questa elegante tuta da kart.<\/p>\n<p>Approvato CIK FIA Livello 2<\/p>\n<p>&nbsp;<\/p>\n<p><img decoding=\"async\" class=\"alignnone wp-image-10046 lazyload\" data-src=\"https:\/\/zamphelmets.co\/wp-content\/uploads\/2024\/05\/sparco-racekartwear-kartsuits-nov23-176x300.webp\" alt=\"\" width=\"390\" height=\"665\" data-srcset=\"https:\/\/zamphelmets.co\/wp-content\/uploads\/2024\/05\/sparco-racekartwear-kartsuits-nov23-176x300.webp 176w, https:\/\/zamphelmets.co\/wp-content\/uploads\/2024\/05\/sparco-racekartwear-kartsuits-nov23-600x1025.webp 600w, https:\/\/zamphelmets.co\/wp-content\/uploads\/2024\/05\/sparco-racekartwear-kartsuits-nov23-768x1311.webp 768w, https:\/\/zamphelmets.co\/wp-content\/uploads\/2024\/05\/sparco-racekartwear-kartsuits-nov23-899x1536.webp 899w, https:\/\/zamphelmets.co\/wp-content\/uploads\/2024\/05\/sparco-racekartwear-kartsuits-nov23-1199x2048.webp 1199w, https:\/\/zamphelmets.co\/wp-content\/uploads\/2024\/05\/sparco-racekartwear-kartsuits-nov23-scaled.webp 1499w\" data-sizes=\"(max-width: 390px) 100vw, 390px\" src=\"data:image\/svg+xml;base64,PHN2ZyB3aWR0aD0iMSIgaGVpZ2h0PSIxIiB4bWxucz0iaHR0cDovL3d3dy53My5vcmcvMjAwMC9zdmciPjwvc3ZnPg==\" style=\"--smush-placeholder-width: 390px; --smush-placeholder-aspect-ratio: 390\/665;\" \/><\/p>\n","protected":false},"excerpt":{"rendered":"<p>La Sparco Thunder \u00e8 una tuta da kart entry level con caratteristiche che di solito si trovano solo su alternative pi\u00f9 costose. Questo lo rende un ottimo rapporto qualit\u00e0-prezzo e ideale per chi inizia a praticare il karting. I pannelli elasticizzati traforati favoriscono il flusso d&#8217;aria e aiutano a regolare la temperatura corporea. I bracci [&hellip;]<\/p>\n","protected":false},"featured_media":21755,"comment_status":"open","ping_status":"closed","template":"","meta":{"_acf_changed":false,"_iconic_wsb_product_page_order_bump_ids":[[]],"_sku":["SKW002342BNRAZ"],"_iconic_wsb_product_page_bump_modal_ids":[[]]},"product_brand":[],"product_cat":[326,191],"product_tag":[],"class_list":{"0":"post-25292","1":"product","2":"type-product","3":"status-publish","4":"has-post-thumbnail","6":"product_cat-abiti","7":"product_cat-protezione-abbigliamento","9":"first","10":"outofstock","11":"taxable","12":"shipping-taxable","13":"purchasable","14":"product-type-variable"},"acf":[],"yoast_head":"<!-- This site is optimized with the Yoast SEO plugin v27.0 - https:\/\/yoast.com\/product\/yoast-seo-wordpress\/ -->\n<title>Tuta Sparco Thunder Kart Nero\/Blu - Zamp Helmets | Helmet 28 EU<\/title>\n<meta name=\"description\" content=\"La Sparco Thunder \u00e8 una tuta da kart entry level con un ottimo rapporto qualit\u00e0-prezzo e ideale per chi inizia a praticare il karting.\" \/>\n<meta name=\"robots\" content=\"index, follow, max-snippet:-1, max-image-preview:large, max-video-preview:-1\" \/>\n<link rel=\"canonical\" href=\"https:\/\/zamphelmets.co\/it\/prodotto\/tuta-sparco-thunder-kart-nero-blu\/\" \/>\n<meta property=\"og:locale\" content=\"it_IT\" \/>\n<meta property=\"og:type\" content=\"article\" \/>\n<meta property=\"og:title\" content=\"Tuta Sparco Thunder Kart Nero\/Blu - Zamp Helmets | Helmet 28 EU\" \/>\n<meta property=\"og:description\" content=\"La Sparco Thunder \u00e8 una tuta da kart entry level con un ottimo rapporto qualit\u00e0-prezzo e ideale per chi inizia a praticare il karting.\" \/>\n<meta property=\"og:url\" content=\"https:\/\/zamphelmets.co\/it\/prodotto\/tuta-sparco-thunder-kart-nero-blu\/\" \/>\n<meta property=\"og:site_name\" content=\"Zamp Helmets | Helmet 28 EU\" \/>\n<meta property=\"article:modified_time\" content=\"2024-11-06T16:00:33+00:00\" \/>\n<meta property=\"og:image\" content=\"https:\/\/zamphelmets.co\/wp-content\/uploads\/2024\/05\/bb.png\" \/>\n\t<meta property=\"og:image:width\" content=\"997\" \/>\n\t<meta property=\"og:image:height\" content=\"1000\" \/>\n\t<meta property=\"og:image:type\" content=\"image\/png\" \/>\n<meta name=\"twitter:card\" content=\"summary_large_image\" \/>\n<meta name=\"twitter:label1\" content=\"Est. reading time\" \/>\n\t<meta name=\"twitter:data1\" content=\"1 minuto\" \/>\n<script type=\"application\/ld+json\" class=\"yoast-schema-graph\">{\"@context\":\"https:\/\/schema.org\",\"@graph\":[{\"@type\":\"WebPage\",\"@id\":\"https:\/\/zamphelmets.co\/it\/prodotto\/tuta-sparco-thunder-kart-nero-blu\/\",\"url\":\"https:\/\/zamphelmets.co\/it\/prodotto\/tuta-sparco-thunder-kart-nero-blu\/\",\"name\":\"Tuta Sparco Thunder Kart Nero\/Blu - Zamp Helmets | Helmet 28 EU\",\"isPartOf\":{\"@id\":\"https:\/\/zamphelmets.co\/it\/#website\"},\"primaryImageOfPage\":{\"@id\":\"https:\/\/zamphelmets.co\/it\/prodotto\/tuta-sparco-thunder-kart-nero-blu\/#primaryimage\"},\"image\":{\"@id\":\"https:\/\/zamphelmets.co\/it\/prodotto\/tuta-sparco-thunder-kart-nero-blu\/#primaryimage\"},\"thumbnailUrl\":\"https:\/\/zamphelmets.co\/wp-content\/uploads\/2024\/05\/bb.png\",\"datePublished\":\"2024-05-31T11:44:05+00:00\",\"dateModified\":\"2024-11-06T16:00:33+00:00\",\"description\":\"La Sparco Thunder \u00e8 una tuta da kart entry level con un ottimo rapporto qualit\u00e0-prezzo e ideale per chi inizia a praticare il karting.\",\"breadcrumb\":{\"@id\":\"https:\/\/zamphelmets.co\/it\/prodotto\/tuta-sparco-thunder-kart-nero-blu\/#breadcrumb\"},\"inLanguage\":\"it-IT\",\"potentialAction\":[{\"@type\":\"ReadAction\",\"target\":[\"https:\/\/zamphelmets.co\/it\/prodotto\/tuta-sparco-thunder-kart-nero-blu\/\"]}]},{\"@type\":\"ImageObject\",\"inLanguage\":\"it-IT\",\"@id\":\"https:\/\/zamphelmets.co\/it\/prodotto\/tuta-sparco-thunder-kart-nero-blu\/#primaryimage\",\"url\":\"https:\/\/zamphelmets.co\/wp-content\/uploads\/2024\/05\/bb.png\",\"contentUrl\":\"https:\/\/zamphelmets.co\/wp-content\/uploads\/2024\/05\/bb.png\",\"width\":997,\"height\":1000},{\"@type\":\"BreadcrumbList\",\"@id\":\"https:\/\/zamphelmets.co\/it\/prodotto\/tuta-sparco-thunder-kart-nero-blu\/#breadcrumb\",\"itemListElement\":[{\"@type\":\"ListItem\",\"position\":1,\"name\":\"Negozio\",\"item\":\"https:\/\/zamphelmets.co\/it\/negozio\/\"},{\"@type\":\"ListItem\",\"position\":2,\"name\":\"Tuta Sparco Thunder Kart Nero\/Blu\"}]},{\"@type\":\"WebSite\",\"@id\":\"https:\/\/zamphelmets.co\/it\/#website\",\"url\":\"https:\/\/zamphelmets.co\/it\/\",\"name\":\"Zamp Helmets | Helmet 28 EU\",\"description\":\"High Quality Motorsport Helmets\",\"potentialAction\":[{\"@type\":\"SearchAction\",\"target\":{\"@type\":\"EntryPoint\",\"urlTemplate\":\"https:\/\/zamphelmets.co\/it\/?s={search_term_string}\"},\"query-input\":{\"@type\":\"PropertyValueSpecification\",\"valueRequired\":true,\"valueName\":\"search_term_string\"}}],\"inLanguage\":\"it-IT\"}]}<\/script>\n<!-- \/ Yoast SEO plugin. -->","yoast_head_json":{"title":"Tuta Sparco Thunder Kart Nero\/Blu - Zamp Helmets | Helmet 28 EU","description":"La Sparco Thunder \u00e8 una tuta da kart entry level con un ottimo rapporto qualit\u00e0-prezzo e ideale per chi inizia a praticare il karting.","robots":{"index":"index","follow":"follow","max-snippet":"max-snippet:-1","max-image-preview":"max-image-preview:large","max-video-preview":"max-video-preview:-1"},"canonical":"https:\/\/zamphelmets.co\/it\/prodotto\/tuta-sparco-thunder-kart-nero-blu\/","og_locale":"it_IT","og_type":"article","og_title":"Tuta Sparco Thunder Kart Nero\/Blu - Zamp Helmets | Helmet 28 EU","og_description":"La Sparco Thunder \u00e8 una tuta da kart entry level con un ottimo rapporto qualit\u00e0-prezzo e ideale per chi inizia a praticare il karting.","og_url":"https:\/\/zamphelmets.co\/it\/prodotto\/tuta-sparco-thunder-kart-nero-blu\/","og_site_name":"Zamp Helmets | Helmet 28 EU","article_modified_time":"2024-11-06T16:00:33+00:00","og_image":[{"width":997,"height":1000,"url":"https:\/\/zamphelmets.co\/wp-content\/uploads\/2024\/05\/bb.png","type":"image\/png"}],"twitter_card":"summary_large_image","twitter_misc":{"Est. reading time":"1 minuto"},"schema":{"@context":"https:\/\/schema.org","@graph":[{"@type":"WebPage","@id":"https:\/\/zamphelmets.co\/it\/prodotto\/tuta-sparco-thunder-kart-nero-blu\/","url":"https:\/\/zamphelmets.co\/it\/prodotto\/tuta-sparco-thunder-kart-nero-blu\/","name":"Tuta Sparco Thunder Kart Nero\/Blu - Zamp Helmets | Helmet 28 EU","isPartOf":{"@id":"https:\/\/zamphelmets.co\/it\/#website"},"primaryImageOfPage":{"@id":"https:\/\/zamphelmets.co\/it\/prodotto\/tuta-sparco-thunder-kart-nero-blu\/#primaryimage"},"image":{"@id":"https:\/\/zamphelmets.co\/it\/prodotto\/tuta-sparco-thunder-kart-nero-blu\/#primaryimage"},"thumbnailUrl":"https:\/\/zamphelmets.co\/wp-content\/uploads\/2024\/05\/bb.png","datePublished":"2024-05-31T11:44:05+00:00","dateModified":"2024-11-06T16:00:33+00:00","description":"La Sparco Thunder \u00e8 una tuta da kart entry level con un ottimo rapporto qualit\u00e0-prezzo e ideale per chi inizia a praticare il karting.","breadcrumb":{"@id":"https:\/\/zamphelmets.co\/it\/prodotto\/tuta-sparco-thunder-kart-nero-blu\/#breadcrumb"},"inLanguage":"it-IT","potentialAction":[{"@type":"ReadAction","target":["https:\/\/zamphelmets.co\/it\/prodotto\/tuta-sparco-thunder-kart-nero-blu\/"]}]},{"@type":"ImageObject","inLanguage":"it-IT","@id":"https:\/\/zamphelmets.co\/it\/prodotto\/tuta-sparco-thunder-kart-nero-blu\/#primaryimage","url":"https:\/\/zamphelmets.co\/wp-content\/uploads\/2024\/05\/bb.png","contentUrl":"https:\/\/zamphelmets.co\/wp-content\/uploads\/2024\/05\/bb.png","width":997,"height":1000},{"@type":"BreadcrumbList","@id":"https:\/\/zamphelmets.co\/it\/prodotto\/tuta-sparco-thunder-kart-nero-blu\/#breadcrumb","itemListElement":[{"@type":"ListItem","position":1,"name":"Negozio","item":"https:\/\/zamphelmets.co\/it\/negozio\/"},{"@type":"ListItem","position":2,"name":"Tuta Sparco Thunder Kart Nero\/Blu"}]},{"@type":"WebSite","@id":"https:\/\/zamphelmets.co\/it\/#website","url":"https:\/\/zamphelmets.co\/it\/","name":"Zamp Helmets | Helmet 28 EU","description":"High Quality Motorsport Helmets","potentialAction":[{"@type":"SearchAction","target":{"@type":"EntryPoint","urlTemplate":"https:\/\/zamphelmets.co\/it\/?s={search_term_string}"},"query-input":{"@type":"PropertyValueSpecification","valueRequired":true,"valueName":"search_term_string"}}],"inLanguage":"it-IT"}]}},"_links":{"self":[{"href":"https:\/\/zamphelmets.co\/it\/wp-json\/wp\/v2\/product\/25292","targetHints":{"allow":["GET"]}}],"collection":[{"href":"https:\/\/zamphelmets.co\/it\/wp-json\/wp\/v2\/product"}],"about":[{"href":"https:\/\/zamphelmets.co\/it\/wp-json\/wp\/v2\/types\/product"}],"replies":[{"embeddable":true,"href":"https:\/\/zamphelmets.co\/it\/wp-json\/wp\/v2\/comments?post=25292"}],"wp:featuredmedia":[{"embeddable":true,"href":"https:\/\/zamphelmets.co\/it\/wp-json\/wp\/v2\/media\/21755"}],"wp:attachment":[{"href":"https:\/\/zamphelmets.co\/it\/wp-json\/wp\/v2\/media?parent=25292"}],"wp:term":[{"taxonomy":"product_brand","embeddable":true,"href":"https:\/\/zamphelmets.co\/it\/wp-json\/wp\/v2\/product_brand?post=25292"},{"taxonomy":"product_cat","embeddable":true,"href":"https:\/\/zamphelmets.co\/it\/wp-json\/wp\/v2\/product_cat?post=25292"},{"taxonomy":"product_tag","embeddable":true,"href":"https:\/\/zamphelmets.co\/it\/wp-json\/wp\/v2\/product_tag?post=25292"}],"curies":[{"name":"wp","href":"https:\/\/api.w.org\/{rel}","templated":true}]}}