{"id":25221,"date":"2023-12-19T11:55:12","date_gmt":"2023-12-19T11:55:12","guid":{"rendered":"https:\/\/zamphelmets.co\/product\/tuta-zr-52f-blu\/"},"modified":"2023-12-19T11:55:12","modified_gmt":"2023-12-19T11:55:12","slug":"tuta-zr-52f-blu","status":"publish","type":"product","link":"https:\/\/zamphelmets.co\/it\/prodotto\/tuta-zr-52f-blu\/","title":{"rendered":"Tuta ZR-52F Blu"},"content":{"rendered":"<p>La nuova tuta ZAMP ZR-52F \u00e8 una tuta FIA a triplo strato ultraleggera, traspirante e di alta qualit\u00e0. Offrono lo standard FIA 8856-2018 pi\u00f9 aggiornato e sono disponibili in un&#8217;ampia gamma di taglie per adattarsi a tutti i ciclisti.<\/p>\n<ul>\n<li>Costruzione ultraleggera a 3 strati, in morbido materiale aramidico, ultraleggero e traspirante da 290 g\/m\u00b2.\n<ul>\n<li>Strato pi\u00f9 esterno: 100% aramide, 200 g\/m\u00b2<\/li>\n<li>Strato intermedio: 70% Meta Aramide, 30% Para Aramide, 70gsm<\/li>\n<li>Strato pi\u00f9 interno: 95% Meta Aramide, 5% Para Aramide, 95 g\/m\u00b2.<\/li>\n<\/ul>\n<\/li>\n<li>I pannelli ULTRA-STRETCH lungo la cassa toracica, la parte bassa della schiena, il cavallo e le spalle offrono una vestibilit\u00e0 naturale, con un&#8217;elasticit\u00e0 senza pari e senza appesantimenti.<\/li>\n<li>Le cuciture angolate offrono un design super attraente<\/li>\n<li>Gamba dritta e cintura regolabile<\/li>\n<li>Polsini in aramide per un maggiore comfort intorno a caviglie e polsi<\/li>\n<li>I pannelli di flessione della spalla consentono una rotazione a 360 gradi della spalla stessa.<\/li>\n<li>Certificato SFI 3.2A\/5 e FIA 8856-2018<\/li>\n<li>Valutazione TPP: 23,96<\/li>\n<li>Disponibile in nero, grigio, rosso o blu<\/li>\n<\/ul>\n<p><img decoding=\"async\" class=\"alignnone size-medium wp-image-10295 lazyload\" data-src=\"https:\/\/zamphelmets.eu\/wp-content\/uploads\/2023\/12\/SuitSizeChart_SlimFit_allmeasurements-204x300.jpeg\" alt=\"\" width=\"204\" height=\"300\" src=\"data:image\/svg+xml;base64,PHN2ZyB3aWR0aD0iMSIgaGVpZ2h0PSIxIiB4bWxucz0iaHR0cDovL3d3dy53My5vcmcvMjAwMC9zdmciPjwvc3ZnPg==\" style=\"--smush-placeholder-width: 204px; --smush-placeholder-aspect-ratio: 204\/300;\"><\/p>\n","protected":false},"excerpt":{"rendered":"<p>La nuova tuta ZAMP ZR-52F \u00e8 una tuta FIA a triplo strato ultraleggera, traspirante e di alta qualit\u00e0. Offrono lo standard FIA 8856-2018 pi\u00f9 aggiornato e sono disponibili in un&#8217;ampia gamma di taglie per adattarsi a tutti i ciclisti. Costruzione ultraleggera a 3 strati, in morbido materiale aramidico, ultraleggero e traspirante da 290 g\/m\u00b2. Strato [&hellip;]<\/p>\n","protected":false},"featured_media":19795,"comment_status":"open","ping_status":"closed","template":"","meta":{"_acf_changed":false,"_iconic_wsb_product_page_order_bump_ids":[[]],"_sku":["R10004"],"_iconic_wsb_product_page_bump_modal_ids":[[]]},"product_brand":[],"product_cat":[326,191],"product_tag":[],"class_list":{"0":"post-25221","1":"product","2":"type-product","3":"status-publish","4":"has-post-thumbnail","6":"product_cat-abiti","7":"product_cat-protezione-abbigliamento","9":"first","10":"onbackorder","11":"taxable","12":"shipping-taxable","13":"purchasable","14":"product-type-variable"},"acf":[],"yoast_head":"<!-- This site is optimized with the Yoast SEO plugin v27.0 - https:\/\/yoast.com\/product\/yoast-seo-wordpress\/ -->\n<title>Tuta ZR-52F Blu - Zamp Helmets | Helmet 28 EU<\/title>\n<meta name=\"robots\" content=\"index, follow, max-snippet:-1, max-image-preview:large, max-video-preview:-1\" \/>\n<link rel=\"canonical\" href=\"https:\/\/zamphelmets.co\/it\/prodotto\/tuta-zr-52f-blu\/\" \/>\n<meta property=\"og:locale\" content=\"it_IT\" \/>\n<meta property=\"og:type\" content=\"article\" \/>\n<meta property=\"og:title\" content=\"Tuta ZR-52F Blu - Zamp Helmets | Helmet 28 EU\" \/>\n<meta property=\"og:description\" content=\"La nuova tuta ZAMP ZR-52F \u00e8 una tuta FIA a triplo strato ultraleggera, traspirante e di alta qualit\u00e0. Offrono lo standard FIA 8856-2018 pi\u00f9 aggiornato e sono disponibili in un&#8217;ampia gamma di taglie per adattarsi a tutti i ciclisti. Costruzione ultraleggera a 3 strati, in morbido materiale aramidico, ultraleggero e traspirante da 290 g\/m\u00b2. Strato [&hellip;]\" \/>\n<meta property=\"og:url\" content=\"https:\/\/zamphelmets.co\/it\/prodotto\/tuta-zr-52f-blu\/\" \/>\n<meta property=\"og:site_name\" content=\"Zamp Helmets | Helmet 28 EU\" \/>\n<meta property=\"og:image\" content=\"https:\/\/zamphelmets.co\/wp-content\/uploads\/2023\/12\/R10004.jpeg\" \/>\n\t<meta property=\"og:image:width\" content=\"1000\" \/>\n\t<meta property=\"og:image:height\" content=\"1000\" \/>\n\t<meta property=\"og:image:type\" content=\"image\/jpeg\" \/>\n<meta name=\"twitter:card\" content=\"summary_large_image\" \/>\n<meta name=\"twitter:label1\" content=\"Est. reading time\" \/>\n\t<meta name=\"twitter:data1\" content=\"1 minuto\" \/>\n<script type=\"application\/ld+json\" class=\"yoast-schema-graph\">{\"@context\":\"https:\/\/schema.org\",\"@graph\":[{\"@type\":\"WebPage\",\"@id\":\"https:\/\/zamphelmets.co\/it\/prodotto\/tuta-zr-52f-blu\/\",\"url\":\"https:\/\/zamphelmets.co\/it\/prodotto\/tuta-zr-52f-blu\/\",\"name\":\"Tuta ZR-52F Blu - Zamp Helmets | Helmet 28 EU\",\"isPartOf\":{\"@id\":\"https:\/\/zamphelmets.co\/it\/#website\"},\"primaryImageOfPage\":{\"@id\":\"https:\/\/zamphelmets.co\/it\/prodotto\/tuta-zr-52f-blu\/#primaryimage\"},\"image\":{\"@id\":\"https:\/\/zamphelmets.co\/it\/prodotto\/tuta-zr-52f-blu\/#primaryimage\"},\"thumbnailUrl\":\"https:\/\/zamphelmets.co\/wp-content\/uploads\/2023\/12\/R10004.jpeg\",\"datePublished\":\"2023-12-19T11:55:12+00:00\",\"breadcrumb\":{\"@id\":\"https:\/\/zamphelmets.co\/it\/prodotto\/tuta-zr-52f-blu\/#breadcrumb\"},\"inLanguage\":\"it-IT\",\"potentialAction\":[{\"@type\":\"ReadAction\",\"target\":[\"https:\/\/zamphelmets.co\/it\/prodotto\/tuta-zr-52f-blu\/\"]}]},{\"@type\":\"ImageObject\",\"inLanguage\":\"it-IT\",\"@id\":\"https:\/\/zamphelmets.co\/it\/prodotto\/tuta-zr-52f-blu\/#primaryimage\",\"url\":\"https:\/\/zamphelmets.co\/wp-content\/uploads\/2023\/12\/R10004.jpeg\",\"contentUrl\":\"https:\/\/zamphelmets.co\/wp-content\/uploads\/2023\/12\/R10004.jpeg\",\"width\":1000,\"height\":1000},{\"@type\":\"BreadcrumbList\",\"@id\":\"https:\/\/zamphelmets.co\/it\/prodotto\/tuta-zr-52f-blu\/#breadcrumb\",\"itemListElement\":[{\"@type\":\"ListItem\",\"position\":1,\"name\":\"Negozio\",\"item\":\"https:\/\/zamphelmets.co\/it\/negozio\/\"},{\"@type\":\"ListItem\",\"position\":2,\"name\":\"Tuta ZR-52F Blu\"}]},{\"@type\":\"WebSite\",\"@id\":\"https:\/\/zamphelmets.co\/it\/#website\",\"url\":\"https:\/\/zamphelmets.co\/it\/\",\"name\":\"Zamp Helmets | Helmet 28 EU\",\"description\":\"High Quality Motorsport Helmets\",\"potentialAction\":[{\"@type\":\"SearchAction\",\"target\":{\"@type\":\"EntryPoint\",\"urlTemplate\":\"https:\/\/zamphelmets.co\/it\/?s={search_term_string}\"},\"query-input\":{\"@type\":\"PropertyValueSpecification\",\"valueRequired\":true,\"valueName\":\"search_term_string\"}}],\"inLanguage\":\"it-IT\"}]}<\/script>\n<!-- \/ Yoast SEO plugin. -->","yoast_head_json":{"title":"Tuta ZR-52F Blu - Zamp Helmets | Helmet 28 EU","robots":{"index":"index","follow":"follow","max-snippet":"max-snippet:-1","max-image-preview":"max-image-preview:large","max-video-preview":"max-video-preview:-1"},"canonical":"https:\/\/zamphelmets.co\/it\/prodotto\/tuta-zr-52f-blu\/","og_locale":"it_IT","og_type":"article","og_title":"Tuta ZR-52F Blu - Zamp Helmets | Helmet 28 EU","og_description":"La nuova tuta ZAMP ZR-52F \u00e8 una tuta FIA a triplo strato ultraleggera, traspirante e di alta qualit\u00e0. Offrono lo standard FIA 8856-2018 pi\u00f9 aggiornato e sono disponibili in un&#8217;ampia gamma di taglie per adattarsi a tutti i ciclisti. Costruzione ultraleggera a 3 strati, in morbido materiale aramidico, ultraleggero e traspirante da 290 g\/m\u00b2. Strato [&hellip;]","og_url":"https:\/\/zamphelmets.co\/it\/prodotto\/tuta-zr-52f-blu\/","og_site_name":"Zamp Helmets | Helmet 28 EU","og_image":[{"width":1000,"height":1000,"url":"https:\/\/zamphelmets.co\/wp-content\/uploads\/2023\/12\/R10004.jpeg","type":"image\/jpeg"}],"twitter_card":"summary_large_image","twitter_misc":{"Est. reading time":"1 minuto"},"schema":{"@context":"https:\/\/schema.org","@graph":[{"@type":"WebPage","@id":"https:\/\/zamphelmets.co\/it\/prodotto\/tuta-zr-52f-blu\/","url":"https:\/\/zamphelmets.co\/it\/prodotto\/tuta-zr-52f-blu\/","name":"Tuta ZR-52F Blu - Zamp Helmets | Helmet 28 EU","isPartOf":{"@id":"https:\/\/zamphelmets.co\/it\/#website"},"primaryImageOfPage":{"@id":"https:\/\/zamphelmets.co\/it\/prodotto\/tuta-zr-52f-blu\/#primaryimage"},"image":{"@id":"https:\/\/zamphelmets.co\/it\/prodotto\/tuta-zr-52f-blu\/#primaryimage"},"thumbnailUrl":"https:\/\/zamphelmets.co\/wp-content\/uploads\/2023\/12\/R10004.jpeg","datePublished":"2023-12-19T11:55:12+00:00","breadcrumb":{"@id":"https:\/\/zamphelmets.co\/it\/prodotto\/tuta-zr-52f-blu\/#breadcrumb"},"inLanguage":"it-IT","potentialAction":[{"@type":"ReadAction","target":["https:\/\/zamphelmets.co\/it\/prodotto\/tuta-zr-52f-blu\/"]}]},{"@type":"ImageObject","inLanguage":"it-IT","@id":"https:\/\/zamphelmets.co\/it\/prodotto\/tuta-zr-52f-blu\/#primaryimage","url":"https:\/\/zamphelmets.co\/wp-content\/uploads\/2023\/12\/R10004.jpeg","contentUrl":"https:\/\/zamphelmets.co\/wp-content\/uploads\/2023\/12\/R10004.jpeg","width":1000,"height":1000},{"@type":"BreadcrumbList","@id":"https:\/\/zamphelmets.co\/it\/prodotto\/tuta-zr-52f-blu\/#breadcrumb","itemListElement":[{"@type":"ListItem","position":1,"name":"Negozio","item":"https:\/\/zamphelmets.co\/it\/negozio\/"},{"@type":"ListItem","position":2,"name":"Tuta ZR-52F Blu"}]},{"@type":"WebSite","@id":"https:\/\/zamphelmets.co\/it\/#website","url":"https:\/\/zamphelmets.co\/it\/","name":"Zamp Helmets | Helmet 28 EU","description":"High Quality Motorsport Helmets","potentialAction":[{"@type":"SearchAction","target":{"@type":"EntryPoint","urlTemplate":"https:\/\/zamphelmets.co\/it\/?s={search_term_string}"},"query-input":{"@type":"PropertyValueSpecification","valueRequired":true,"valueName":"search_term_string"}}],"inLanguage":"it-IT"}]}},"_links":{"self":[{"href":"https:\/\/zamphelmets.co\/it\/wp-json\/wp\/v2\/product\/25221","targetHints":{"allow":["GET"]}}],"collection":[{"href":"https:\/\/zamphelmets.co\/it\/wp-json\/wp\/v2\/product"}],"about":[{"href":"https:\/\/zamphelmets.co\/it\/wp-json\/wp\/v2\/types\/product"}],"replies":[{"embeddable":true,"href":"https:\/\/zamphelmets.co\/it\/wp-json\/wp\/v2\/comments?post=25221"}],"wp:featuredmedia":[{"embeddable":true,"href":"https:\/\/zamphelmets.co\/it\/wp-json\/wp\/v2\/media\/19795"}],"wp:attachment":[{"href":"https:\/\/zamphelmets.co\/it\/wp-json\/wp\/v2\/media?parent=25221"}],"wp:term":[{"taxonomy":"product_brand","embeddable":true,"href":"https:\/\/zamphelmets.co\/it\/wp-json\/wp\/v2\/product_brand?post=25221"},{"taxonomy":"product_cat","embeddable":true,"href":"https:\/\/zamphelmets.co\/it\/wp-json\/wp\/v2\/product_cat?post=25221"},{"taxonomy":"product_tag","embeddable":true,"href":"https:\/\/zamphelmets.co\/it\/wp-json\/wp\/v2\/product_tag?post=25221"}],"curies":[{"name":"wp","href":"https:\/\/api.w.org\/{rel}","templated":true}]}}