{"id":24594,"date":"2023-11-30T12:29:37","date_gmt":"2023-11-30T12:29:37","guid":{"rendered":"https:\/\/zamphelmets.co\/product\/spoiler-posteriore-rz-70e\/"},"modified":"2026-02-16T16:08:27","modified_gmt":"2026-02-16T16:08:27","slug":"spoiler-posteriore-rz-70e","status":"publish","type":"product","link":"https:\/\/zamphelmets.co\/it\/prodotto\/spoiler-posteriore-rz-70e\/","title":{"rendered":"Spoiler posteriore RZ 70E"},"content":{"rendered":"<p>L&#8217;elegante e aerodinamico spoiler posteriore RZ 70E si adatta alla <a href=\"https:\/\/zamphelmets.co\/?min_price=250&amp;max_price=660&amp;s=70e&amp;post_type=product\">gamma di caschi RZ 70E<\/a> per migliorare l&#8217;aerodinamica e la stabilit\u00e0 del casco alle alte velocit\u00e0.<\/p>\n<p>Lo spoiler posteriore RZ 70E \u00e8 dotato di un nastro biadesivo extra forte per garantire un montaggio sicuro sul casco.<\/p>\n<p><iframe title=\"How to Install the Chin and Rear Spoilers on Zamp Helmet\" width=\"500\" height=\"281\" data-src=\"https:\/\/www.youtube.com\/embed\/O3_PtsyDxTA?feature=oembed\" frameborder=\"0\" allow=\"accelerometer; autoplay; clipboard-write; encrypted-media; gyroscope; picture-in-picture; web-share\" referrerpolicy=\"strict-origin-when-cross-origin\" allowfullscreen src=\"data:image\/svg+xml;base64,PHN2ZyB3aWR0aD0iMSIgaGVpZ2h0PSIxIiB4bWxucz0iaHR0cDovL3d3dy53My5vcmcvMjAwMC9zdmciPjwvc3ZnPg==\" class=\"lazyload\" data-load-mode=\"1\"><\/iframe><\/p>\n","protected":false},"excerpt":{"rendered":"<p>L&#8217;elegante e aerodinamico spoiler posteriore RZ 70E si adatta alla gamma di caschi RZ 70E per migliorare l&#8217;aerodinamica e la stabilit\u00e0 del casco alle alte velocit\u00e0. Lo spoiler posteriore RZ 70E \u00e8 dotato di un nastro biadesivo extra forte per garantire un montaggio sicuro sul casco.<\/p>\n","protected":false},"featured_media":19564,"comment_status":"open","ping_status":"closed","template":"","meta":{"_acf_changed":false,"_iconic_wsb_product_page_order_bump_ids":[[]],"_sku":["HSZ240CL"],"_iconic_wsb_product_page_bump_modal_ids":[[]]},"product_brand":[],"product_cat":[122,123,187,121],"product_tag":[],"class_list":{"0":"post-24594","1":"product","2":"type-product","3":"status-publish","4":"has-post-thumbnail","6":"product_cat-accessori","7":"product_cat-accessori-per-caschi","8":"product_cat-altro","9":"product_cat-zamp-it","11":"first","12":"instock","13":"taxable","14":"shipping-taxable","15":"purchasable","16":"product-type-simple"},"acf":[],"yoast_head":"<!-- This site is optimized with the Yoast SEO plugin v27.0 - https:\/\/yoast.com\/product\/yoast-seo-wordpress\/ -->\n<title>Spoiler posteriore RZ 70E - Zamp Helmets | Helmet 28 EU<\/title>\n<meta name=\"robots\" content=\"index, follow, max-snippet:-1, max-image-preview:large, max-video-preview:-1\" \/>\n<link rel=\"canonical\" href=\"https:\/\/zamphelmets.co\/it\/prodotto\/spoiler-posteriore-rz-70e\/\" \/>\n<meta property=\"og:locale\" content=\"it_IT\" \/>\n<meta property=\"og:type\" content=\"article\" \/>\n<meta property=\"og:title\" content=\"Spoiler posteriore RZ 70E - Zamp Helmets | Helmet 28 EU\" \/>\n<meta property=\"og:description\" content=\"L&#8217;elegante e aerodinamico spoiler posteriore RZ 70E si adatta alla gamma di caschi RZ 70E per migliorare l&#8217;aerodinamica e la stabilit\u00e0 del casco alle alte velocit\u00e0. Lo spoiler posteriore RZ 70E \u00e8 dotato di un nastro biadesivo extra forte per garantire un montaggio sicuro sul casco.\" \/>\n<meta property=\"og:url\" content=\"https:\/\/zamphelmets.co\/it\/prodotto\/spoiler-posteriore-rz-70e\/\" \/>\n<meta property=\"og:site_name\" content=\"Zamp Helmets | Helmet 28 EU\" \/>\n<meta property=\"article:modified_time\" content=\"2026-02-16T16:08:27+00:00\" \/>\n<meta property=\"og:image\" content=\"https:\/\/zamphelmets.co\/wp-content\/uploads\/2023\/11\/HSZ240CL.jpeg\" \/>\n\t<meta property=\"og:image:width\" content=\"1000\" \/>\n\t<meta property=\"og:image:height\" content=\"1000\" \/>\n\t<meta property=\"og:image:type\" content=\"image\/jpeg\" \/>\n<meta name=\"twitter:card\" content=\"summary_large_image\" \/>\n<script type=\"application\/ld+json\" class=\"yoast-schema-graph\">{\"@context\":\"https:\/\/schema.org\",\"@graph\":[{\"@type\":\"WebPage\",\"@id\":\"https:\/\/zamphelmets.co\/it\/prodotto\/spoiler-posteriore-rz-70e\/\",\"url\":\"https:\/\/zamphelmets.co\/it\/prodotto\/spoiler-posteriore-rz-70e\/\",\"name\":\"Spoiler posteriore RZ 70E - Zamp Helmets | Helmet 28 EU\",\"isPartOf\":{\"@id\":\"https:\/\/zamphelmets.co\/it\/#website\"},\"primaryImageOfPage\":{\"@id\":\"https:\/\/zamphelmets.co\/it\/prodotto\/spoiler-posteriore-rz-70e\/#primaryimage\"},\"image\":{\"@id\":\"https:\/\/zamphelmets.co\/it\/prodotto\/spoiler-posteriore-rz-70e\/#primaryimage\"},\"thumbnailUrl\":\"https:\/\/zamphelmets.co\/wp-content\/uploads\/2023\/11\/HSZ240CL.jpeg\",\"datePublished\":\"2023-11-30T12:29:37+00:00\",\"dateModified\":\"2026-02-16T16:08:27+00:00\",\"breadcrumb\":{\"@id\":\"https:\/\/zamphelmets.co\/it\/prodotto\/spoiler-posteriore-rz-70e\/#breadcrumb\"},\"inLanguage\":\"it-IT\",\"potentialAction\":[{\"@type\":\"ReadAction\",\"target\":[\"https:\/\/zamphelmets.co\/it\/prodotto\/spoiler-posteriore-rz-70e\/\"]}]},{\"@type\":\"ImageObject\",\"inLanguage\":\"it-IT\",\"@id\":\"https:\/\/zamphelmets.co\/it\/prodotto\/spoiler-posteriore-rz-70e\/#primaryimage\",\"url\":\"https:\/\/zamphelmets.co\/wp-content\/uploads\/2023\/11\/HSZ240CL.jpeg\",\"contentUrl\":\"https:\/\/zamphelmets.co\/wp-content\/uploads\/2023\/11\/HSZ240CL.jpeg\",\"width\":1000,\"height\":1000},{\"@type\":\"BreadcrumbList\",\"@id\":\"https:\/\/zamphelmets.co\/it\/prodotto\/spoiler-posteriore-rz-70e\/#breadcrumb\",\"itemListElement\":[{\"@type\":\"ListItem\",\"position\":1,\"name\":\"Negozio\",\"item\":\"https:\/\/zamphelmets.co\/it\/negozio\/\"},{\"@type\":\"ListItem\",\"position\":2,\"name\":\"Spoiler posteriore RZ 70E\"}]},{\"@type\":\"WebSite\",\"@id\":\"https:\/\/zamphelmets.co\/it\/#website\",\"url\":\"https:\/\/zamphelmets.co\/it\/\",\"name\":\"Zamp Helmets | Helmet 28 EU\",\"description\":\"High Quality Motorsport Helmets\",\"potentialAction\":[{\"@type\":\"SearchAction\",\"target\":{\"@type\":\"EntryPoint\",\"urlTemplate\":\"https:\/\/zamphelmets.co\/it\/?s={search_term_string}\"},\"query-input\":{\"@type\":\"PropertyValueSpecification\",\"valueRequired\":true,\"valueName\":\"search_term_string\"}}],\"inLanguage\":\"it-IT\"}]}<\/script>\n<!-- \/ Yoast SEO plugin. -->","yoast_head_json":{"title":"Spoiler posteriore RZ 70E - Zamp Helmets | Helmet 28 EU","robots":{"index":"index","follow":"follow","max-snippet":"max-snippet:-1","max-image-preview":"max-image-preview:large","max-video-preview":"max-video-preview:-1"},"canonical":"https:\/\/zamphelmets.co\/it\/prodotto\/spoiler-posteriore-rz-70e\/","og_locale":"it_IT","og_type":"article","og_title":"Spoiler posteriore RZ 70E - Zamp Helmets | Helmet 28 EU","og_description":"L&#8217;elegante e aerodinamico spoiler posteriore RZ 70E si adatta alla gamma di caschi RZ 70E per migliorare l&#8217;aerodinamica e la stabilit\u00e0 del casco alle alte velocit\u00e0. Lo spoiler posteriore RZ 70E \u00e8 dotato di un nastro biadesivo extra forte per garantire un montaggio sicuro sul casco.","og_url":"https:\/\/zamphelmets.co\/it\/prodotto\/spoiler-posteriore-rz-70e\/","og_site_name":"Zamp Helmets | Helmet 28 EU","article_modified_time":"2026-02-16T16:08:27+00:00","og_image":[{"width":1000,"height":1000,"url":"https:\/\/zamphelmets.co\/wp-content\/uploads\/2023\/11\/HSZ240CL.jpeg","type":"image\/jpeg"}],"twitter_card":"summary_large_image","schema":{"@context":"https:\/\/schema.org","@graph":[{"@type":"WebPage","@id":"https:\/\/zamphelmets.co\/it\/prodotto\/spoiler-posteriore-rz-70e\/","url":"https:\/\/zamphelmets.co\/it\/prodotto\/spoiler-posteriore-rz-70e\/","name":"Spoiler posteriore RZ 70E - Zamp Helmets | Helmet 28 EU","isPartOf":{"@id":"https:\/\/zamphelmets.co\/it\/#website"},"primaryImageOfPage":{"@id":"https:\/\/zamphelmets.co\/it\/prodotto\/spoiler-posteriore-rz-70e\/#primaryimage"},"image":{"@id":"https:\/\/zamphelmets.co\/it\/prodotto\/spoiler-posteriore-rz-70e\/#primaryimage"},"thumbnailUrl":"https:\/\/zamphelmets.co\/wp-content\/uploads\/2023\/11\/HSZ240CL.jpeg","datePublished":"2023-11-30T12:29:37+00:00","dateModified":"2026-02-16T16:08:27+00:00","breadcrumb":{"@id":"https:\/\/zamphelmets.co\/it\/prodotto\/spoiler-posteriore-rz-70e\/#breadcrumb"},"inLanguage":"it-IT","potentialAction":[{"@type":"ReadAction","target":["https:\/\/zamphelmets.co\/it\/prodotto\/spoiler-posteriore-rz-70e\/"]}]},{"@type":"ImageObject","inLanguage":"it-IT","@id":"https:\/\/zamphelmets.co\/it\/prodotto\/spoiler-posteriore-rz-70e\/#primaryimage","url":"https:\/\/zamphelmets.co\/wp-content\/uploads\/2023\/11\/HSZ240CL.jpeg","contentUrl":"https:\/\/zamphelmets.co\/wp-content\/uploads\/2023\/11\/HSZ240CL.jpeg","width":1000,"height":1000},{"@type":"BreadcrumbList","@id":"https:\/\/zamphelmets.co\/it\/prodotto\/spoiler-posteriore-rz-70e\/#breadcrumb","itemListElement":[{"@type":"ListItem","position":1,"name":"Negozio","item":"https:\/\/zamphelmets.co\/it\/negozio\/"},{"@type":"ListItem","position":2,"name":"Spoiler posteriore RZ 70E"}]},{"@type":"WebSite","@id":"https:\/\/zamphelmets.co\/it\/#website","url":"https:\/\/zamphelmets.co\/it\/","name":"Zamp Helmets | Helmet 28 EU","description":"High Quality Motorsport Helmets","potentialAction":[{"@type":"SearchAction","target":{"@type":"EntryPoint","urlTemplate":"https:\/\/zamphelmets.co\/it\/?s={search_term_string}"},"query-input":{"@type":"PropertyValueSpecification","valueRequired":true,"valueName":"search_term_string"}}],"inLanguage":"it-IT"}]}},"_links":{"self":[{"href":"https:\/\/zamphelmets.co\/it\/wp-json\/wp\/v2\/product\/24594","targetHints":{"allow":["GET"]}}],"collection":[{"href":"https:\/\/zamphelmets.co\/it\/wp-json\/wp\/v2\/product"}],"about":[{"href":"https:\/\/zamphelmets.co\/it\/wp-json\/wp\/v2\/types\/product"}],"replies":[{"embeddable":true,"href":"https:\/\/zamphelmets.co\/it\/wp-json\/wp\/v2\/comments?post=24594"}],"wp:featuredmedia":[{"embeddable":true,"href":"https:\/\/zamphelmets.co\/it\/wp-json\/wp\/v2\/media\/19564"}],"wp:attachment":[{"href":"https:\/\/zamphelmets.co\/it\/wp-json\/wp\/v2\/media?parent=24594"}],"wp:term":[{"taxonomy":"product_brand","embeddable":true,"href":"https:\/\/zamphelmets.co\/it\/wp-json\/wp\/v2\/product_brand?post=24594"},{"taxonomy":"product_cat","embeddable":true,"href":"https:\/\/zamphelmets.co\/it\/wp-json\/wp\/v2\/product_cat?post=24594"},{"taxonomy":"product_tag","embeddable":true,"href":"https:\/\/zamphelmets.co\/it\/wp-json\/wp\/v2\/product_tag?post=24594"}],"curies":[{"name":"wp","href":"https:\/\/api.w.org\/{rel}","templated":true}]}}