{"id":23905,"date":"2020-01-30T12:50:56","date_gmt":"2020-01-30T12:50:56","guid":{"rendered":"https:\/\/zamphelmets.co\/product\/interruttore-rz-70e-arancione-giallo\/"},"modified":"2026-03-10T17:01:32","modified_gmt":"2026-03-10T17:01:32","slug":"interruttore-rz-70e-arancione-giallo","status":"publish","type":"product","link":"https:\/\/zamphelmets.co\/it\/prodotto\/interruttore-rz-70e-arancione-giallo\/","title":{"rendered":"Interruttore RZ 70E Arancione \/ Giallo"},"content":{"rendered":"<p>Ti presentiamo il nostro rivoluzionario casco <strong>RZ-70E SWITCH <\/strong>. Il nostro sistema unico ti permette di configurare facilmente il casco per una variet\u00e0 di configurazioni da gara.  <strong>Aggiungere la comunicazione o l&#8217;idratazione al tuo casco non \u00e8 mai stato cos\u00ec facile!  <\/strong><\/p>\n<p>&nbsp;<\/p>\n<p>Questo casco \u00e8 dotato del nuovo DDAIR-SYSTEM, un nuovo sistema di integrazione dell&#8217;aria a doppia densit\u00e0. Canalizzazione dell&#8217;aria a 360 gradi per un flusso d&#8217;aria ottimale. L&#8217;aria fredda entra nel casco, l&#8217;aria calda esce dal casco.<\/p>\n<ul>\n<li>Guscio leggero <strong>in miscela aramidica composita<\/strong> <\/li>\n<li>Lo <strong>Z-Design<\/strong> della scocca fa circolare l&#8217;aria in tutta la scocca utilizzando ampi canali interni.<\/li>\n<li>I <strong>canali nel Chin Bar EPS <\/strong>consentono di montare facilmente comunicazioni\/microfono e tubo per bevande.<\/li>\n<li>Scudo trasparente da 3 mm <strong>della serie ZF-20<\/strong> con montanti a strappo che utilizzano i montanti a strappo a banana da 12,125 pollici<\/li>\n<li><strong>Inserti M6 <\/strong>per il bloccaggio della testa e del collo<\/li>\n<li><strong>Installazione disponibile per comunicazioni e idratazione<\/strong><\/li>\n<li><strong>Approvato FIA 8859-2015\/Snell SA-2020<\/strong><\/li>\n<li><strong>Peso: circa 1510 g +\/-30 g nella taglia M<\/strong><\/li>\n<\/ul>\n<p>Come accade spesso negli sport motoristici, le nostre taglie variano a seconda del modello di casco. Per maggiori informazioni sulla taglia del casco, <a href=\"https:\/\/zamphelmets.co\/it\/come-scegliere-la-taglia-giusta-del-casco\/\">leggi qui<\/a>.<\/p>\n<p><a href=\"https:\/\/zamphelmets.co\/it\/lomologazione-spiegata\/\">L&#8217;<strong>omologazione spiegata<\/strong>: scopri di quale omologazione hai bisogno<\/a><\/p>\n<p><a href=\"https:\/\/zamphelmets.co\/it\/posti-hans-dispositivi-hans-e-fhr\/\"><strong>Dispositivo FHR \/ HANS<\/strong>: quando \u00e8 necessario?<\/a><\/p>\n<p>&nbsp;<\/p>\n<p><img decoding=\"async\" class=\"alignnone wp-image-26355 size-full lazyload\" data-src=\"https:\/\/zamphelmets.co\/wp-content\/uploads\/2024\/03\/Zamp-Helmets-sizing-guide-4166-x-4166-px-1.png\" alt=\"\" width=\"500\" height=\"500\" data-srcset=\"https:\/\/zamphelmets.co\/wp-content\/uploads\/2024\/03\/Zamp-Helmets-sizing-guide-4166-x-4166-px-1.png 500w, https:\/\/zamphelmets.co\/wp-content\/uploads\/2024\/03\/Zamp-Helmets-sizing-guide-4166-x-4166-px-1-300x300.png 300w, https:\/\/zamphelmets.co\/wp-content\/uploads\/2024\/03\/Zamp-Helmets-sizing-guide-4166-x-4166-px-1-150x150.png 150w, https:\/\/zamphelmets.co\/wp-content\/uploads\/2024\/03\/Zamp-Helmets-sizing-guide-4166-x-4166-px-1-100x100.png 100w\" data-sizes=\"(max-width: 500px) 100vw, 500px\" src=\"data:image\/svg+xml;base64,PHN2ZyB3aWR0aD0iMSIgaGVpZ2h0PSIxIiB4bWxucz0iaHR0cDovL3d3dy53My5vcmcvMjAwMC9zdmciPjwvc3ZnPg==\" style=\"--smush-placeholder-width: 500px; --smush-placeholder-aspect-ratio: 500\/500;\" \/><\/p>\n<div id=\"product-10089\" class=\"product type-product post-10089 status-publish first instock product_cat-fia product_cat-snell-2020-sa2020 product_cat-zamp has-post-thumbnail taxable shipping-taxable purchasable product-type-variable\">\n<div class=\"woocommerce-tabs wc-tabs-wrapper\">\n<div id=\"tab-description\" class=\"woocommerce-Tabs-panel woocommerce-Tabs-panel--description panel entry-content wc-tab\" role=\"tabpanel\" aria-labelledby=\"tab-title-description\">\n<p><strong>Non sei sicuro della taglia? <\/strong><a href=\"https:\/\/form.jotform.com\/251263198513053\">Compila il nostro modulo per le taglie<\/a> e un membro del team ti contatter\u00e0 con i nostri consigli.<\/p>\n<\/div>\n<\/div>\n<\/div>\n","protected":false},"excerpt":{"rendered":"<p>Ti presentiamo il nostro rivoluzionario casco RZ-70E SWITCH . Il nostro sistema unico ti permette di configurare facilmente il casco per una variet\u00e0 di configurazioni da gara. Aggiungere la comunicazione o l&#8217;idratazione al tuo casco non \u00e8 mai stato cos\u00ec facile! &nbsp; Questo casco \u00e8 dotato del nuovo DDAIR-SYSTEM, un nuovo sistema di integrazione dell&#8217;aria [&hellip;]<\/p>\n","protected":false},"featured_media":11199,"comment_status":"open","ping_status":"closed","template":"","meta":{"_acf_changed":false,"_iconic_wsb_product_page_order_bump_ids":[[]],"_sku":[],"_iconic_wsb_product_page_bump_modal_ids":[[]]},"product_brand":[],"product_cat":[166,228,169,168,167,121],"product_tag":[],"class_list":{"0":"post-23905","1":"product","2":"type-product","3":"status-publish","4":"has-post-thumbnail","6":"product_cat-caschi-zamp","7":"product_cat-fia-8859","8":"product_cat-premium-it","9":"product_cat-snell-it","10":"product_cat-snell-2020-sa2020-it","11":"product_cat-zamp-it","13":"first","14":"instock","15":"taxable","16":"shipping-taxable","17":"purchasable","18":"product-type-variable"},"acf":[],"yoast_head":"<!-- This site is optimized with the Yoast SEO plugin v27.0 - https:\/\/yoast.com\/product\/yoast-seo-wordpress\/ -->\n<title>Interruttore RZ 70E Arancione \/ Giallo \u20ac515,83 - Zamp Helmets | Helmet 28 EU<\/title>\n<meta name=\"description\" content=\"Lo Zamp RZ 70E Switch Arancione\/Giallo \u00e8 il casco universale per eccellenza. Casco leggero FIA 8859 con diverse configurazioni per il giorno della gara.\" \/>\n<meta name=\"robots\" content=\"index, follow, max-snippet:-1, max-image-preview:large, max-video-preview:-1\" \/>\n<link rel=\"canonical\" href=\"https:\/\/zamphelmets.co\/it\/prodotto\/interruttore-rz-70e-arancione-giallo\/\" \/>\n<meta property=\"og:locale\" content=\"it_IT\" \/>\n<meta property=\"og:type\" content=\"article\" \/>\n<meta property=\"og:title\" content=\"Interruttore RZ 70E Arancione \/ Giallo \u20ac515,83 - Zamp Helmets | Helmet 28 EU\" \/>\n<meta property=\"og:description\" content=\"Lo Zamp RZ 70E Switch Arancione\/Giallo \u00e8 il casco universale per eccellenza. Casco leggero FIA 8859 con diverse configurazioni per il giorno della gara.\" \/>\n<meta property=\"og:url\" content=\"https:\/\/zamphelmets.co\/it\/prodotto\/interruttore-rz-70e-arancione-giallo\/\" \/>\n<meta property=\"og:site_name\" content=\"Zamp Helmets | Helmet 28 EU\" \/>\n<meta property=\"article:modified_time\" content=\"2026-03-10T17:01:32+00:00\" \/>\n<meta property=\"og:image\" content=\"https:\/\/zamphelmets.co\/wp-content\/uploads\/2020\/01\/H760C30300dpi.jpg\" \/>\n\t<meta property=\"og:image:width\" content=\"1500\" \/>\n\t<meta property=\"og:image:height\" content=\"1500\" \/>\n\t<meta property=\"og:image:type\" content=\"image\/jpeg\" \/>\n<meta name=\"twitter:card\" content=\"summary_large_image\" \/>\n<meta name=\"twitter:label1\" content=\"Est. reading time\" \/>\n\t<meta name=\"twitter:data1\" content=\"1 minuto\" \/>\n<script type=\"application\/ld+json\" class=\"yoast-schema-graph\">{\"@context\":\"https:\/\/schema.org\",\"@graph\":[{\"@type\":\"WebPage\",\"@id\":\"https:\/\/zamphelmets.co\/it\/prodotto\/interruttore-rz-70e-arancione-giallo\/\",\"url\":\"https:\/\/zamphelmets.co\/it\/prodotto\/interruttore-rz-70e-arancione-giallo\/\",\"name\":\"Interruttore RZ 70E Arancione \/ Giallo \u20ac515,83 - Zamp Helmets | Helmet 28 EU\",\"isPartOf\":{\"@id\":\"https:\/\/zamphelmets.co\/it\/#website\"},\"primaryImageOfPage\":{\"@id\":\"https:\/\/zamphelmets.co\/it\/prodotto\/interruttore-rz-70e-arancione-giallo\/#primaryimage\"},\"image\":{\"@id\":\"https:\/\/zamphelmets.co\/it\/prodotto\/interruttore-rz-70e-arancione-giallo\/#primaryimage\"},\"thumbnailUrl\":\"https:\/\/zamphelmets.co\/wp-content\/uploads\/2020\/01\/H760C30300dpi.jpg\",\"datePublished\":\"2020-01-30T12:50:56+00:00\",\"dateModified\":\"2026-03-10T17:01:32+00:00\",\"description\":\"Lo Zamp RZ 70E Switch Arancione\/Giallo \u00e8 il casco universale per eccellenza. Casco leggero FIA 8859 con diverse configurazioni per il giorno della gara.\",\"breadcrumb\":{\"@id\":\"https:\/\/zamphelmets.co\/it\/prodotto\/interruttore-rz-70e-arancione-giallo\/#breadcrumb\"},\"inLanguage\":\"it-IT\",\"potentialAction\":[{\"@type\":\"ReadAction\",\"target\":[\"https:\/\/zamphelmets.co\/it\/prodotto\/interruttore-rz-70e-arancione-giallo\/\"]}]},{\"@type\":\"ImageObject\",\"inLanguage\":\"it-IT\",\"@id\":\"https:\/\/zamphelmets.co\/it\/prodotto\/interruttore-rz-70e-arancione-giallo\/#primaryimage\",\"url\":\"https:\/\/zamphelmets.co\/wp-content\/uploads\/2020\/01\/H760C30300dpi.jpg\",\"contentUrl\":\"https:\/\/zamphelmets.co\/wp-content\/uploads\/2020\/01\/H760C30300dpi.jpg\",\"width\":1500,\"height\":1500,\"caption\":\"Casco da corsa Zamp RZ 70E arancione\"},{\"@type\":\"BreadcrumbList\",\"@id\":\"https:\/\/zamphelmets.co\/it\/prodotto\/interruttore-rz-70e-arancione-giallo\/#breadcrumb\",\"itemListElement\":[{\"@type\":\"ListItem\",\"position\":1,\"name\":\"Negozio\",\"item\":\"https:\/\/zamphelmets.co\/it\/negozio\/\"},{\"@type\":\"ListItem\",\"position\":2,\"name\":\"Interruttore RZ 70E Arancione \/ Giallo\"}]},{\"@type\":\"WebSite\",\"@id\":\"https:\/\/zamphelmets.co\/it\/#website\",\"url\":\"https:\/\/zamphelmets.co\/it\/\",\"name\":\"Zamp Helmets | Helmet 28 EU\",\"description\":\"High Quality Motorsport Helmets\",\"potentialAction\":[{\"@type\":\"SearchAction\",\"target\":{\"@type\":\"EntryPoint\",\"urlTemplate\":\"https:\/\/zamphelmets.co\/it\/?s={search_term_string}\"},\"query-input\":{\"@type\":\"PropertyValueSpecification\",\"valueRequired\":true,\"valueName\":\"search_term_string\"}}],\"inLanguage\":\"it-IT\"}]}<\/script>\n<!-- \/ Yoast SEO plugin. -->","yoast_head_json":{"title":"Interruttore RZ 70E Arancione \/ Giallo \u20ac515,83 - Zamp Helmets | Helmet 28 EU","description":"Lo Zamp RZ 70E Switch Arancione\/Giallo \u00e8 il casco universale per eccellenza. Casco leggero FIA 8859 con diverse configurazioni per il giorno della gara.","robots":{"index":"index","follow":"follow","max-snippet":"max-snippet:-1","max-image-preview":"max-image-preview:large","max-video-preview":"max-video-preview:-1"},"canonical":"https:\/\/zamphelmets.co\/it\/prodotto\/interruttore-rz-70e-arancione-giallo\/","og_locale":"it_IT","og_type":"article","og_title":"Interruttore RZ 70E Arancione \/ Giallo \u20ac515,83 - Zamp Helmets | Helmet 28 EU","og_description":"Lo Zamp RZ 70E Switch Arancione\/Giallo \u00e8 il casco universale per eccellenza. Casco leggero FIA 8859 con diverse configurazioni per il giorno della gara.","og_url":"https:\/\/zamphelmets.co\/it\/prodotto\/interruttore-rz-70e-arancione-giallo\/","og_site_name":"Zamp Helmets | Helmet 28 EU","article_modified_time":"2026-03-10T17:01:32+00:00","og_image":[{"width":1500,"height":1500,"url":"https:\/\/zamphelmets.co\/wp-content\/uploads\/2020\/01\/H760C30300dpi.jpg","type":"image\/jpeg"}],"twitter_card":"summary_large_image","twitter_misc":{"Est. reading time":"1 minuto"},"schema":{"@context":"https:\/\/schema.org","@graph":[{"@type":"WebPage","@id":"https:\/\/zamphelmets.co\/it\/prodotto\/interruttore-rz-70e-arancione-giallo\/","url":"https:\/\/zamphelmets.co\/it\/prodotto\/interruttore-rz-70e-arancione-giallo\/","name":"Interruttore RZ 70E Arancione \/ Giallo \u20ac515,83 - Zamp Helmets | Helmet 28 EU","isPartOf":{"@id":"https:\/\/zamphelmets.co\/it\/#website"},"primaryImageOfPage":{"@id":"https:\/\/zamphelmets.co\/it\/prodotto\/interruttore-rz-70e-arancione-giallo\/#primaryimage"},"image":{"@id":"https:\/\/zamphelmets.co\/it\/prodotto\/interruttore-rz-70e-arancione-giallo\/#primaryimage"},"thumbnailUrl":"https:\/\/zamphelmets.co\/wp-content\/uploads\/2020\/01\/H760C30300dpi.jpg","datePublished":"2020-01-30T12:50:56+00:00","dateModified":"2026-03-10T17:01:32+00:00","description":"Lo Zamp RZ 70E Switch Arancione\/Giallo \u00e8 il casco universale per eccellenza. Casco leggero FIA 8859 con diverse configurazioni per il giorno della gara.","breadcrumb":{"@id":"https:\/\/zamphelmets.co\/it\/prodotto\/interruttore-rz-70e-arancione-giallo\/#breadcrumb"},"inLanguage":"it-IT","potentialAction":[{"@type":"ReadAction","target":["https:\/\/zamphelmets.co\/it\/prodotto\/interruttore-rz-70e-arancione-giallo\/"]}]},{"@type":"ImageObject","inLanguage":"it-IT","@id":"https:\/\/zamphelmets.co\/it\/prodotto\/interruttore-rz-70e-arancione-giallo\/#primaryimage","url":"https:\/\/zamphelmets.co\/wp-content\/uploads\/2020\/01\/H760C30300dpi.jpg","contentUrl":"https:\/\/zamphelmets.co\/wp-content\/uploads\/2020\/01\/H760C30300dpi.jpg","width":1500,"height":1500,"caption":"Casco da corsa Zamp RZ 70E arancione"},{"@type":"BreadcrumbList","@id":"https:\/\/zamphelmets.co\/it\/prodotto\/interruttore-rz-70e-arancione-giallo\/#breadcrumb","itemListElement":[{"@type":"ListItem","position":1,"name":"Negozio","item":"https:\/\/zamphelmets.co\/it\/negozio\/"},{"@type":"ListItem","position":2,"name":"Interruttore RZ 70E Arancione \/ Giallo"}]},{"@type":"WebSite","@id":"https:\/\/zamphelmets.co\/it\/#website","url":"https:\/\/zamphelmets.co\/it\/","name":"Zamp Helmets | Helmet 28 EU","description":"High Quality Motorsport Helmets","potentialAction":[{"@type":"SearchAction","target":{"@type":"EntryPoint","urlTemplate":"https:\/\/zamphelmets.co\/it\/?s={search_term_string}"},"query-input":{"@type":"PropertyValueSpecification","valueRequired":true,"valueName":"search_term_string"}}],"inLanguage":"it-IT"}]}},"_links":{"self":[{"href":"https:\/\/zamphelmets.co\/it\/wp-json\/wp\/v2\/product\/23905","targetHints":{"allow":["GET"]}}],"collection":[{"href":"https:\/\/zamphelmets.co\/it\/wp-json\/wp\/v2\/product"}],"about":[{"href":"https:\/\/zamphelmets.co\/it\/wp-json\/wp\/v2\/types\/product"}],"replies":[{"embeddable":true,"href":"https:\/\/zamphelmets.co\/it\/wp-json\/wp\/v2\/comments?post=23905"}],"wp:featuredmedia":[{"embeddable":true,"href":"https:\/\/zamphelmets.co\/it\/wp-json\/wp\/v2\/media\/11199"}],"wp:attachment":[{"href":"https:\/\/zamphelmets.co\/it\/wp-json\/wp\/v2\/media?parent=23905"}],"wp:term":[{"taxonomy":"product_brand","embeddable":true,"href":"https:\/\/zamphelmets.co\/it\/wp-json\/wp\/v2\/product_brand?post=23905"},{"taxonomy":"product_cat","embeddable":true,"href":"https:\/\/zamphelmets.co\/it\/wp-json\/wp\/v2\/product_cat?post=23905"},{"taxonomy":"product_tag","embeddable":true,"href":"https:\/\/zamphelmets.co\/it\/wp-json\/wp\/v2\/product_tag?post=23905"}],"curies":[{"name":"wp","href":"https:\/\/api.w.org\/{rel}","templated":true}]}}