{"id":23833,"date":"2020-08-07T11:58:05","date_gmt":"2020-08-07T11:58:05","guid":{"rendered":"https:\/\/zamphelmets.co\/product\/rz-56-bianco\/"},"modified":"2026-02-16T15:57:57","modified_gmt":"2026-02-16T15:57:57","slug":"rz-56-bianco","status":"publish","type":"product","link":"https:\/\/zamphelmets.co\/it\/prodotto\/rz-56-bianco\/","title":{"rendered":"RZ 56 Bianco"},"content":{"rendered":"<p><strong>Il casco Zamp RZ-56 combina la pi\u00f9 recente tecnologia Snell SA2020 con un design di qualit\u00e0 per offrire il casco pi\u00f9 conveniente in assoluto sul mercato! Questo modello offre una ventilazione anteriore minima con un design elegante e semplice per favorire il raffreddamento e prevenire l&#8217;appannamento in condizioni di gara estreme. L&#8217;RZ-56 offre un&#8217;ottima vestibilit\u00e0, finiture di alto livello e il prezzo pi\u00f9 competitivo del settore. Il casco entry-level per eccellenza per le giornate in pista, il karting e altre gare regolamentate SA2020<\/strong><\/p>\n<p><strong>Le caratteristiche includono:<\/strong><\/p>\n<ul>\n<li>Guscio leggero <strong>in fibra di vetro composita <\/strong><\/li>\n<li><strong>Ventilazione minima in avanti<\/strong> con prese d&#8217;aria per il cuoio capelluto e di scarico<\/li>\n<li><strong>Interni in peluche ignifughi<\/strong>\n<div id=\"product-10089\" class=\"product type-product post-10089 status-publish first instock product_cat-fia product_cat-snell-2020-sa2020 product_cat-zamp has-post-thumbnail taxable shipping-taxable purchasable product-type-variable\">\n<div class=\"woocommerce-tabs wc-tabs-wrapper\"><\/div>\n<\/div>\n<section class=\"up-sells upsells products\"><\/section>\n<\/li>\n<li><strong>Scudo serie Z-20 da 3 mm <\/strong>con montanti a strappo, montanti centrali da 12,25&#8243;.<\/li>\n<li><strong>Inserti M6 <\/strong>per dispositivi di ritenuta per testa e collo<\/li>\n<li><strong>Approvato Snell SA2020<\/strong><\/li>\n<li><strong>Peso: 1440 g nella taglia M<\/strong><\/li>\n<\/ul>\n<p>Come accade spesso negli sport motoristici, le nostre taglie variano a seconda del modello di casco. Per maggiori informazioni sulla taglia del casco, <a href=\"https:\/\/zamphelmets.co\/it\/come-scegliere-la-taglia-giusta-del-casco\/\">leggi qui<\/a>.<\/p>\n<p><strong>Non sei sicuro della taglia? <\/strong><a href=\"https:\/\/form.jotform.com\/251263198513053\">Compila il nostro modulo per le taglie<\/a> e un membro del team ti contatter\u00e0 con i nostri consigli.<\/p>\n<p><a href=\"https:\/\/zamphelmets.co\/it\/lomologazione-spiegata\/\">L&#8217;<strong>omologazione spiegata<\/strong>: scopri di quale omologazione hai bisogno<\/a><\/p>\n<p><a href=\"https:\/\/zamphelmets.co\/it\/posti-hans-dispositivi-hans-e-fhr\/\"><strong>Dispositivo FHR \/ HANS<\/strong>: quando \u00e8 necessario?<\/a><\/p>\n<p>&nbsp;<\/p>\n<p><img decoding=\"async\" class=\"alignnone wp-image-26355 size-full lazyload\" data-src=\"https:\/\/zamphelmets.co\/wp-content\/uploads\/2024\/03\/Zamp-Helmets-sizing-guide-4166-x-4166-px-1.png\" alt=\"\" width=\"500\" height=\"500\" data-srcset=\"https:\/\/zamphelmets.co\/wp-content\/uploads\/2024\/03\/Zamp-Helmets-sizing-guide-4166-x-4166-px-1.png 500w, https:\/\/zamphelmets.co\/wp-content\/uploads\/2024\/03\/Zamp-Helmets-sizing-guide-4166-x-4166-px-1-300x300.png 300w, https:\/\/zamphelmets.co\/wp-content\/uploads\/2024\/03\/Zamp-Helmets-sizing-guide-4166-x-4166-px-1-150x150.png 150w, https:\/\/zamphelmets.co\/wp-content\/uploads\/2024\/03\/Zamp-Helmets-sizing-guide-4166-x-4166-px-1-100x100.png 100w\" data-sizes=\"(max-width: 500px) 100vw, 500px\" src=\"data:image\/svg+xml;base64,PHN2ZyB3aWR0aD0iMSIgaGVpZ2h0PSIxIiB4bWxucz0iaHR0cDovL3d3dy53My5vcmcvMjAwMC9zdmciPjwvc3ZnPg==\" style=\"--smush-placeholder-width: 500px; --smush-placeholder-aspect-ratio: 500\/500;\" \/><\/p>\n<div id=\"product-10089\" class=\"product type-product post-10089 status-publish first instock product_cat-fia product_cat-snell-2020-sa2020 product_cat-zamp has-post-thumbnail taxable shipping-taxable purchasable product-type-variable\">\n<div class=\"woocommerce-tabs wc-tabs-wrapper\">\n<div id=\"tab-description\" class=\"woocommerce-Tabs-panel woocommerce-Tabs-panel--description panel entry-content wc-tab\" role=\"tabpanel\" aria-labelledby=\"tab-title-description\">\n<p><strong>Non sei sicuro della taglia? <\/strong><a href=\"https:\/\/form.jotform.com\/251263198513053\">Compila il nostro modulo per le taglie<\/a> e un membro del team ti contatter\u00e0 con i nostri consigli.<\/p>\n<\/div>\n<\/div>\n<\/div>\n","protected":false},"excerpt":{"rendered":"<p><strong>Il casco Zamp RZ-56 combina la pi\u00f9 recente tecnologia Snell SA2020 con la qualit\u00e0 per offrire il casco pi\u00f9 conveniente in assoluto sul mercato! Questo modello offre una ventilazione anteriore minima con un design elegante e semplice per favorire il raffreddamento e prevenire l&#8217;appannamento in condizioni di gara estreme. L&#8217;RZ-56 offre un&#8217;ottima vestibilit\u00e0, finiture di alto livello e il prezzo pi\u00f9 competitivo del settore. Il casco entry-level per eccellenza per le giornate in pista, il karting e altre gare regolamentate SA2020<\/strong><\/p>\n","protected":false},"featured_media":11934,"comment_status":"open","ping_status":"closed","template":"","meta":{"_acf_changed":false,"_iconic_wsb_product_page_order_bump_ids":[[]],"_sku":[],"_iconic_wsb_product_page_bump_modal_ids":[[]]},"product_brand":[],"product_cat":[166,168,167,217,121],"product_tag":[],"class_list":{"0":"post-23833","1":"product","2":"type-product","3":"status-publish","4":"has-post-thumbnail","6":"product_cat-caschi-zamp","7":"product_cat-snell-it","8":"product_cat-snell-2020-sa2020-it","9":"product_cat-standard-it","10":"product_cat-zamp-it","12":"first","13":"instock","14":"taxable","15":"shipping-taxable","16":"purchasable","17":"product-type-variable"},"acf":[],"yoast_head":"<!-- This site is optimized with the Yoast SEO plugin v27.0 - https:\/\/yoast.com\/product\/yoast-seo-wordpress\/ -->\n<title>RZ 56 Bianco - Solo 225,83 \u20ac per SA2020 - Zamp Helmets | Helmet 28 EU<\/title>\n<meta name=\"description\" content=\"L&#039;RZ-56 offre un&#039;ottima vestibilit\u00e0 e il prezzo pi\u00f9 competitivo del settore. Il casco entry-level per eccellenza per le giornate in pista, il karting e le gare SA2020.\" \/>\n<meta name=\"robots\" content=\"index, follow, max-snippet:-1, max-image-preview:large, max-video-preview:-1\" \/>\n<link rel=\"canonical\" href=\"https:\/\/zamphelmets.co\/it\/prodotto\/rz-56-bianco\/\" \/>\n<meta property=\"og:locale\" content=\"it_IT\" \/>\n<meta property=\"og:type\" content=\"article\" \/>\n<meta property=\"og:title\" content=\"RZ 56 Bianco - Solo 225,83 \u20ac per SA2020 - Zamp Helmets | Helmet 28 EU\" \/>\n<meta property=\"og:description\" content=\"L&#039;RZ-56 offre un&#039;ottima vestibilit\u00e0 e il prezzo pi\u00f9 competitivo del settore. Il casco entry-level per eccellenza per le giornate in pista, il karting e le gare SA2020.\" \/>\n<meta property=\"og:url\" content=\"https:\/\/zamphelmets.co\/it\/prodotto\/rz-56-bianco\/\" \/>\n<meta property=\"og:site_name\" content=\"Zamp Helmets | Helmet 28 EU\" \/>\n<meta property=\"article:modified_time\" content=\"2026-02-16T15:57:57+00:00\" \/>\n<meta property=\"og:image\" content=\"https:\/\/zamphelmets.co\/wp-content\/uploads\/2020\/08\/AcqhctSxSlmXaYC7MPk2_H770001.jpg\" \/>\n\t<meta property=\"og:image:width\" content=\"1500\" \/>\n\t<meta property=\"og:image:height\" content=\"1500\" \/>\n\t<meta property=\"og:image:type\" content=\"image\/jpeg\" \/>\n<meta name=\"twitter:card\" content=\"summary_large_image\" \/>\n<meta name=\"twitter:label1\" content=\"Est. reading time\" \/>\n\t<meta name=\"twitter:data1\" content=\"1 minuto\" \/>\n<script type=\"application\/ld+json\" class=\"yoast-schema-graph\">{\"@context\":\"https:\/\/schema.org\",\"@graph\":[{\"@type\":\"WebPage\",\"@id\":\"https:\/\/zamphelmets.co\/it\/prodotto\/rz-56-bianco\/\",\"url\":\"https:\/\/zamphelmets.co\/it\/prodotto\/rz-56-bianco\/\",\"name\":\"RZ 56 Bianco - Solo 225,83 \u20ac per SA2020 - Zamp Helmets | Helmet 28 EU\",\"isPartOf\":{\"@id\":\"https:\/\/zamphelmets.co\/it\/#website\"},\"primaryImageOfPage\":{\"@id\":\"https:\/\/zamphelmets.co\/it\/prodotto\/rz-56-bianco\/#primaryimage\"},\"image\":{\"@id\":\"https:\/\/zamphelmets.co\/it\/prodotto\/rz-56-bianco\/#primaryimage\"},\"thumbnailUrl\":\"https:\/\/zamphelmets.co\/wp-content\/uploads\/2020\/08\/AcqhctSxSlmXaYC7MPk2_H770001.jpg\",\"datePublished\":\"2020-08-07T11:58:05+00:00\",\"dateModified\":\"2026-02-16T15:57:57+00:00\",\"description\":\"L'RZ-56 offre un'ottima vestibilit\u00e0 e il prezzo pi\u00f9 competitivo del settore. Il casco entry-level per eccellenza per le giornate in pista, il karting e le gare SA2020.\",\"breadcrumb\":{\"@id\":\"https:\/\/zamphelmets.co\/it\/prodotto\/rz-56-bianco\/#breadcrumb\"},\"inLanguage\":\"it-IT\",\"potentialAction\":[{\"@type\":\"ReadAction\",\"target\":[\"https:\/\/zamphelmets.co\/it\/prodotto\/rz-56-bianco\/\"]}]},{\"@type\":\"ImageObject\",\"inLanguage\":\"it-IT\",\"@id\":\"https:\/\/zamphelmets.co\/it\/prodotto\/rz-56-bianco\/#primaryimage\",\"url\":\"https:\/\/zamphelmets.co\/wp-content\/uploads\/2020\/08\/AcqhctSxSlmXaYC7MPk2_H770001.jpg\",\"contentUrl\":\"https:\/\/zamphelmets.co\/wp-content\/uploads\/2020\/08\/AcqhctSxSlmXaYC7MPk2_H770001.jpg\",\"width\":1500,\"height\":1500,\"caption\":\"rz 56 casco bianco zamp caschi da corsa e karting\"},{\"@type\":\"BreadcrumbList\",\"@id\":\"https:\/\/zamphelmets.co\/it\/prodotto\/rz-56-bianco\/#breadcrumb\",\"itemListElement\":[{\"@type\":\"ListItem\",\"position\":1,\"name\":\"Negozio\",\"item\":\"https:\/\/zamphelmets.co\/it\/negozio\/\"},{\"@type\":\"ListItem\",\"position\":2,\"name\":\"RZ 56 Bianco\"}]},{\"@type\":\"WebSite\",\"@id\":\"https:\/\/zamphelmets.co\/it\/#website\",\"url\":\"https:\/\/zamphelmets.co\/it\/\",\"name\":\"Zamp Helmets | Helmet 28 EU\",\"description\":\"High Quality Motorsport Helmets\",\"potentialAction\":[{\"@type\":\"SearchAction\",\"target\":{\"@type\":\"EntryPoint\",\"urlTemplate\":\"https:\/\/zamphelmets.co\/it\/?s={search_term_string}\"},\"query-input\":{\"@type\":\"PropertyValueSpecification\",\"valueRequired\":true,\"valueName\":\"search_term_string\"}}],\"inLanguage\":\"it-IT\"}]}<\/script>\n<!-- \/ Yoast SEO plugin. -->","yoast_head_json":{"title":"RZ 56 Bianco - Solo 225,83 \u20ac per SA2020 - Zamp Helmets | Helmet 28 EU","description":"L'RZ-56 offre un'ottima vestibilit\u00e0 e il prezzo pi\u00f9 competitivo del settore. Il casco entry-level per eccellenza per le giornate in pista, il karting e le gare SA2020.","robots":{"index":"index","follow":"follow","max-snippet":"max-snippet:-1","max-image-preview":"max-image-preview:large","max-video-preview":"max-video-preview:-1"},"canonical":"https:\/\/zamphelmets.co\/it\/prodotto\/rz-56-bianco\/","og_locale":"it_IT","og_type":"article","og_title":"RZ 56 Bianco - Solo 225,83 \u20ac per SA2020 - Zamp Helmets | Helmet 28 EU","og_description":"L'RZ-56 offre un'ottima vestibilit\u00e0 e il prezzo pi\u00f9 competitivo del settore. Il casco entry-level per eccellenza per le giornate in pista, il karting e le gare SA2020.","og_url":"https:\/\/zamphelmets.co\/it\/prodotto\/rz-56-bianco\/","og_site_name":"Zamp Helmets | Helmet 28 EU","article_modified_time":"2026-02-16T15:57:57+00:00","og_image":[{"width":1500,"height":1500,"url":"https:\/\/zamphelmets.co\/wp-content\/uploads\/2020\/08\/AcqhctSxSlmXaYC7MPk2_H770001.jpg","type":"image\/jpeg"}],"twitter_card":"summary_large_image","twitter_misc":{"Est. reading time":"1 minuto"},"schema":{"@context":"https:\/\/schema.org","@graph":[{"@type":"WebPage","@id":"https:\/\/zamphelmets.co\/it\/prodotto\/rz-56-bianco\/","url":"https:\/\/zamphelmets.co\/it\/prodotto\/rz-56-bianco\/","name":"RZ 56 Bianco - Solo 225,83 \u20ac per SA2020 - Zamp Helmets | Helmet 28 EU","isPartOf":{"@id":"https:\/\/zamphelmets.co\/it\/#website"},"primaryImageOfPage":{"@id":"https:\/\/zamphelmets.co\/it\/prodotto\/rz-56-bianco\/#primaryimage"},"image":{"@id":"https:\/\/zamphelmets.co\/it\/prodotto\/rz-56-bianco\/#primaryimage"},"thumbnailUrl":"https:\/\/zamphelmets.co\/wp-content\/uploads\/2020\/08\/AcqhctSxSlmXaYC7MPk2_H770001.jpg","datePublished":"2020-08-07T11:58:05+00:00","dateModified":"2026-02-16T15:57:57+00:00","description":"L'RZ-56 offre un'ottima vestibilit\u00e0 e il prezzo pi\u00f9 competitivo del settore. Il casco entry-level per eccellenza per le giornate in pista, il karting e le gare SA2020.","breadcrumb":{"@id":"https:\/\/zamphelmets.co\/it\/prodotto\/rz-56-bianco\/#breadcrumb"},"inLanguage":"it-IT","potentialAction":[{"@type":"ReadAction","target":["https:\/\/zamphelmets.co\/it\/prodotto\/rz-56-bianco\/"]}]},{"@type":"ImageObject","inLanguage":"it-IT","@id":"https:\/\/zamphelmets.co\/it\/prodotto\/rz-56-bianco\/#primaryimage","url":"https:\/\/zamphelmets.co\/wp-content\/uploads\/2020\/08\/AcqhctSxSlmXaYC7MPk2_H770001.jpg","contentUrl":"https:\/\/zamphelmets.co\/wp-content\/uploads\/2020\/08\/AcqhctSxSlmXaYC7MPk2_H770001.jpg","width":1500,"height":1500,"caption":"rz 56 casco bianco zamp caschi da corsa e karting"},{"@type":"BreadcrumbList","@id":"https:\/\/zamphelmets.co\/it\/prodotto\/rz-56-bianco\/#breadcrumb","itemListElement":[{"@type":"ListItem","position":1,"name":"Negozio","item":"https:\/\/zamphelmets.co\/it\/negozio\/"},{"@type":"ListItem","position":2,"name":"RZ 56 Bianco"}]},{"@type":"WebSite","@id":"https:\/\/zamphelmets.co\/it\/#website","url":"https:\/\/zamphelmets.co\/it\/","name":"Zamp Helmets | Helmet 28 EU","description":"High Quality Motorsport Helmets","potentialAction":[{"@type":"SearchAction","target":{"@type":"EntryPoint","urlTemplate":"https:\/\/zamphelmets.co\/it\/?s={search_term_string}"},"query-input":{"@type":"PropertyValueSpecification","valueRequired":true,"valueName":"search_term_string"}}],"inLanguage":"it-IT"}]}},"_links":{"self":[{"href":"https:\/\/zamphelmets.co\/it\/wp-json\/wp\/v2\/product\/23833","targetHints":{"allow":["GET"]}}],"collection":[{"href":"https:\/\/zamphelmets.co\/it\/wp-json\/wp\/v2\/product"}],"about":[{"href":"https:\/\/zamphelmets.co\/it\/wp-json\/wp\/v2\/types\/product"}],"replies":[{"embeddable":true,"href":"https:\/\/zamphelmets.co\/it\/wp-json\/wp\/v2\/comments?post=23833"}],"wp:featuredmedia":[{"embeddable":true,"href":"https:\/\/zamphelmets.co\/it\/wp-json\/wp\/v2\/media\/11934"}],"wp:attachment":[{"href":"https:\/\/zamphelmets.co\/it\/wp-json\/wp\/v2\/media?parent=23833"}],"wp:term":[{"taxonomy":"product_brand","embeddable":true,"href":"https:\/\/zamphelmets.co\/it\/wp-json\/wp\/v2\/product_brand?post=23833"},{"taxonomy":"product_cat","embeddable":true,"href":"https:\/\/zamphelmets.co\/it\/wp-json\/wp\/v2\/product_cat?post=23833"},{"taxonomy":"product_tag","embeddable":true,"href":"https:\/\/zamphelmets.co\/it\/wp-json\/wp\/v2\/product_tag?post=23833"}],"curies":[{"name":"wp","href":"https:\/\/api.w.org\/{rel}","templated":true}]}}