{"id":23670,"date":"2019-11-11T09:48:11","date_gmt":"2019-11-11T09:48:11","guid":{"rendered":"https:\/\/zamphelmets.co\/product\/rz-42-youth-bianco\/"},"modified":"2026-02-24T09:22:48","modified_gmt":"2026-02-24T09:22:48","slug":"rz-42-youth-bianco","status":"publish","type":"product","link":"https:\/\/zamphelmets.co\/it\/prodotto\/rz-42-youth-bianco\/","title":{"rendered":"RZ 42 Youth Bianco"},"content":{"rendered":"<p class=\"_3vFF3xH4Yd\" dir=\"ltr\">Lo Zamp RZ-42Y CMR Youth White \u00e8 il casco da karting definitivo con CMR2016. Ideato per i piloti junior di karting che richiedono l&#8217;omologazione CMR standard. Con le sue caratteristiche pi\u00f9 moderne, il casco RZ-42Y \u00e8 <strong>pi\u00f9 piccolo<\/strong> e pi\u00f9 <strong>leggero<\/strong>, ma \u00e8 comunque dotato di tutte le specifiche e le caratteristiche top del casco per adulti.<\/p>\n<p dir=\"ltr\"><strong>Si tratta di un casco progettato appositamente per i bambini. Non \u00e8 appropriato indossare questo casco da adulti, vedi <a href=\"https:\/\/zamphelmets.co\/faqs\/#:~:text=I%20Have%20A%20Small%20Head%2C%20Can%20I%20Wear%20A%20Youth%20Helmet%3F\">LINK QUI<\/a> per maggiori dettagli.<\/strong><\/p>\n<p dir=\"ltr\">Costruito con un guscio in fibra di vetro composita super leggero e con prese d&#8217;aria multiple per una ventilazione ottimale. Il casco \u00e8 inoltre dotato di fodere rimovibili che rendono il lavaggio del casco facile ed efficace, in modo da mantenerlo in condizioni ottimali ancora pi\u00f9 a lungo.<\/p>\n<ul>\n<li class=\"_3vFF3xH4Yd\">Guscio pi\u00f9 piccolo e leggero<\/li>\n<li class=\"_3vFF3xH4Yd\">Guscio leggero in misto Kevlar<\/li>\n<li class=\"_3vFF3xH4Yd\">Interni in peluche ignifughi<\/li>\n<li class=\"_3vFF3xH4Yd\">Scudo trasparente da 2,5 mm della serie Z-20<\/li>\n<li>Spoiler posteriore incluso<\/li>\n<li class=\"_3vFF3xH4Yd\">Fodera comfort rimovibile\/lavabile<\/li>\n<li>Presa d&#8217;aria superiore e prese d&#8217;aria sulla mentoniera. Consente di attivare l&#8217;opzione accessoria Aria Forzata<\/li>\n<li class=\"_3vFF3xH4Yd\">Standard SNELL CMR2016<\/li>\n<li class=\"_3vFF3xH4Yd\">Taglie disponibili: 52cm, 54cm, 56cm, 57cm, 59cm<\/li>\n<\/ul>\n<p>&nbsp;<\/p>\n<p>Nota bene: se stai misurando tra una taglia e l&#8217;altra, ti consigliamo di scegliere una taglia pi\u00f9 grande di quella abituale per ottenere un comfort ottimale e un corretto posizionamento del casco.<\/p>\n<p><img decoding=\"async\" class=\"alignnone wp-image-202049 lazyload\" data-src=\"https:\/\/zamphelmets.co\/wp-content\/uploads\/2025\/05\/Zamp-Helmets-sizing-guide-scaled.png\" alt=\"\" width=\"518\" height=\"518\" data-srcset=\"https:\/\/zamphelmets.co\/wp-content\/uploads\/2025\/05\/Zamp-Helmets-sizing-guide-scaled.png 2560w, https:\/\/zamphelmets.co\/wp-content\/uploads\/2025\/05\/Zamp-Helmets-sizing-guide-300x300.png 300w, https:\/\/zamphelmets.co\/wp-content\/uploads\/2025\/05\/Zamp-Helmets-sizing-guide-1024x1024.png 1024w, https:\/\/zamphelmets.co\/wp-content\/uploads\/2025\/05\/Zamp-Helmets-sizing-guide-150x150.png 150w, https:\/\/zamphelmets.co\/wp-content\/uploads\/2025\/05\/Zamp-Helmets-sizing-guide-768x768.png 768w, https:\/\/zamphelmets.co\/wp-content\/uploads\/2025\/05\/Zamp-Helmets-sizing-guide-1536x1536.png 1536w, https:\/\/zamphelmets.co\/wp-content\/uploads\/2025\/05\/Zamp-Helmets-sizing-guide-2048x2048.png 2048w, https:\/\/zamphelmets.co\/wp-content\/uploads\/2025\/05\/Zamp-Helmets-sizing-guide-600x600.png 600w, https:\/\/zamphelmets.co\/wp-content\/uploads\/2025\/05\/Zamp-Helmets-sizing-guide-100x100.png 100w\" data-sizes=\"(max-width: 518px) 100vw, 518px\" src=\"data:image\/svg+xml;base64,PHN2ZyB3aWR0aD0iMSIgaGVpZ2h0PSIxIiB4bWxucz0iaHR0cDovL3d3dy53My5vcmcvMjAwMC9zdmciPjwvc3ZnPg==\" style=\"--smush-placeholder-width: 518px; --smush-placeholder-aspect-ratio: 518\/518;\" \/><\/p>\n<div id=\"product-10089\" class=\"product type-product post-10089 status-publish first instock product_cat-fia product_cat-snell-2020-sa2020 product_cat-zamp has-post-thumbnail taxable shipping-taxable purchasable product-type-variable\">\n<div class=\"woocommerce-tabs wc-tabs-wrapper\">\n<div id=\"tab-description\" class=\"woocommerce-Tabs-panel woocommerce-Tabs-panel--description panel entry-content wc-tab\" role=\"tabpanel\" aria-labelledby=\"tab-title-description\">\n<p><strong>Non sei sicuro della taglia? <\/strong><a href=\"https:\/\/form.jotform.com\/251263198513053\">Compila il nostro modulo per le taglie<\/a> e un membro del team ti contatter\u00e0 con i nostri consigli.<\/p>\n<\/div>\n<\/div>\n<\/div>\n","protected":false},"excerpt":{"rendered":"<p>Lo Zamp RZ-42Y CMR Youth White \u00e8 il casco da karting definitivo con CMR2016. Ideato per i piloti junior di karting che richiedono l&#8217;omologazione CMR standard. Con le sue caratteristiche pi\u00f9 moderne, il casco RZ-42Y \u00e8 pi\u00f9 piccolo e pi\u00f9 leggero, ma \u00e8 comunque dotato di tutte le specifiche e le caratteristiche top del casco [&hellip;]<\/p>\n","protected":false},"featured_media":19186,"comment_status":"open","ping_status":"closed","template":"","meta":{"_acf_changed":false,"_iconic_wsb_product_page_order_bump_ids":[[]],"_sku":["HE753001"],"_iconic_wsb_product_page_bump_modal_ids":[[]]},"product_brand":[],"product_cat":[166,264,121],"product_tag":[],"class_list":{"0":"post-23670","1":"product","2":"type-product","3":"status-publish","4":"has-post-thumbnail","6":"product_cat-caschi-zamp","7":"product_cat-giovani-cmr-2016","8":"product_cat-zamp-it","10":"first","11":"instock","12":"taxable","13":"shipping-taxable","14":"purchasable","15":"product-type-variable"},"acf":[],"yoast_head":"<!-- This site is optimized with the Yoast SEO plugin v27.0 - https:\/\/yoast.com\/product\/yoast-seo-wordpress\/ -->\n<title>RZ 42 Youth Bianco Casco - Zamp Helmets | Helmet 28 EU - \u20ac252,50<\/title>\n<meta name=\"description\" content=\"Lo Zamp RZ-42Y CMR Youth Racing Helmet \u00e8 il casco Karting definitivo con CMR2016. Ottimo rapporto qualit\u00e0\/prezzo e progettato per i giovani piloti di karting.\" \/>\n<meta name=\"robots\" content=\"index, follow, max-snippet:-1, max-image-preview:large, max-video-preview:-1\" \/>\n<link rel=\"canonical\" href=\"https:\/\/zamphelmets.co\/it\/prodotto\/rz-42-youth-bianco\/\" \/>\n<meta property=\"og:locale\" content=\"it_IT\" \/>\n<meta property=\"og:type\" content=\"article\" \/>\n<meta property=\"og:title\" content=\"RZ 42 Youth Bianco Casco - Zamp Helmets | Helmet 28 EU - \u20ac252,50\" \/>\n<meta property=\"og:description\" content=\"Lo Zamp RZ-42Y CMR Youth Racing Helmet \u00e8 il casco Karting definitivo con CMR2016. Ottimo rapporto qualit\u00e0\/prezzo e progettato per i giovani piloti di karting.\" \/>\n<meta property=\"og:url\" content=\"https:\/\/zamphelmets.co\/it\/prodotto\/rz-42-youth-bianco\/\" \/>\n<meta property=\"og:site_name\" content=\"Zamp Helmets | Helmet 28 EU\" \/>\n<meta property=\"article:modified_time\" content=\"2026-02-24T09:22:48+00:00\" \/>\n<meta property=\"og:image\" content=\"https:\/\/zamphelmets.co\/wp-content\/uploads\/2021\/08\/H753001.jpg\" \/>\n\t<meta property=\"og:image:width\" content=\"1500\" \/>\n\t<meta property=\"og:image:height\" content=\"1500\" \/>\n\t<meta property=\"og:image:type\" content=\"image\/jpeg\" \/>\n<meta name=\"twitter:card\" content=\"summary_large_image\" \/>\n<meta name=\"twitter:label1\" content=\"Est. reading time\" \/>\n\t<meta name=\"twitter:data1\" content=\"1 minuto\" \/>\n<script type=\"application\/ld+json\" class=\"yoast-schema-graph\">{\"@context\":\"https:\/\/schema.org\",\"@graph\":[{\"@type\":\"WebPage\",\"@id\":\"https:\/\/zamphelmets.co\/it\/prodotto\/rz-42-youth-bianco\/\",\"url\":\"https:\/\/zamphelmets.co\/it\/prodotto\/rz-42-youth-bianco\/\",\"name\":\"RZ 42 Youth Bianco Casco - Zamp Helmets | Helmet 28 EU - \u20ac252,50\",\"isPartOf\":{\"@id\":\"https:\/\/zamphelmets.co\/it\/#website\"},\"primaryImageOfPage\":{\"@id\":\"https:\/\/zamphelmets.co\/it\/prodotto\/rz-42-youth-bianco\/#primaryimage\"},\"image\":{\"@id\":\"https:\/\/zamphelmets.co\/it\/prodotto\/rz-42-youth-bianco\/#primaryimage\"},\"thumbnailUrl\":\"https:\/\/zamphelmets.co\/wp-content\/uploads\/2021\/08\/H753001.jpg\",\"datePublished\":\"2019-11-11T09:48:11+00:00\",\"dateModified\":\"2026-02-24T09:22:48+00:00\",\"description\":\"Lo Zamp RZ-42Y CMR Youth Racing Helmet \u00e8 il casco Karting definitivo con CMR2016. Ottimo rapporto qualit\u00e0\/prezzo e progettato per i giovani piloti di karting.\",\"breadcrumb\":{\"@id\":\"https:\/\/zamphelmets.co\/it\/prodotto\/rz-42-youth-bianco\/#breadcrumb\"},\"inLanguage\":\"it-IT\",\"potentialAction\":[{\"@type\":\"ReadAction\",\"target\":[\"https:\/\/zamphelmets.co\/it\/prodotto\/rz-42-youth-bianco\/\"]}]},{\"@type\":\"ImageObject\",\"inLanguage\":\"it-IT\",\"@id\":\"https:\/\/zamphelmets.co\/it\/prodotto\/rz-42-youth-bianco\/#primaryimage\",\"url\":\"https:\/\/zamphelmets.co\/wp-content\/uploads\/2021\/08\/H753001.jpg\",\"contentUrl\":\"https:\/\/zamphelmets.co\/wp-content\/uploads\/2021\/08\/H753001.jpg\",\"width\":1500,\"height\":1500},{\"@type\":\"BreadcrumbList\",\"@id\":\"https:\/\/zamphelmets.co\/it\/prodotto\/rz-42-youth-bianco\/#breadcrumb\",\"itemListElement\":[{\"@type\":\"ListItem\",\"position\":1,\"name\":\"Negozio\",\"item\":\"https:\/\/zamphelmets.co\/it\/negozio\/\"},{\"@type\":\"ListItem\",\"position\":2,\"name\":\"RZ 42 Youth Bianco\"}]},{\"@type\":\"WebSite\",\"@id\":\"https:\/\/zamphelmets.co\/it\/#website\",\"url\":\"https:\/\/zamphelmets.co\/it\/\",\"name\":\"Zamp Helmets | Helmet 28 EU\",\"description\":\"High Quality Motorsport Helmets\",\"potentialAction\":[{\"@type\":\"SearchAction\",\"target\":{\"@type\":\"EntryPoint\",\"urlTemplate\":\"https:\/\/zamphelmets.co\/it\/?s={search_term_string}\"},\"query-input\":{\"@type\":\"PropertyValueSpecification\",\"valueRequired\":true,\"valueName\":\"search_term_string\"}}],\"inLanguage\":\"it-IT\"}]}<\/script>\n<!-- \/ Yoast SEO plugin. -->","yoast_head_json":{"title":"RZ 42 Youth Bianco Casco - Zamp Helmets | Helmet 28 EU - \u20ac252,50","description":"Lo Zamp RZ-42Y CMR Youth Racing Helmet \u00e8 il casco Karting definitivo con CMR2016. Ottimo rapporto qualit\u00e0\/prezzo e progettato per i giovani piloti di karting.","robots":{"index":"index","follow":"follow","max-snippet":"max-snippet:-1","max-image-preview":"max-image-preview:large","max-video-preview":"max-video-preview:-1"},"canonical":"https:\/\/zamphelmets.co\/it\/prodotto\/rz-42-youth-bianco\/","og_locale":"it_IT","og_type":"article","og_title":"RZ 42 Youth Bianco Casco - Zamp Helmets | Helmet 28 EU - \u20ac252,50","og_description":"Lo Zamp RZ-42Y CMR Youth Racing Helmet \u00e8 il casco Karting definitivo con CMR2016. Ottimo rapporto qualit\u00e0\/prezzo e progettato per i giovani piloti di karting.","og_url":"https:\/\/zamphelmets.co\/it\/prodotto\/rz-42-youth-bianco\/","og_site_name":"Zamp Helmets | Helmet 28 EU","article_modified_time":"2026-02-24T09:22:48+00:00","og_image":[{"width":1500,"height":1500,"url":"https:\/\/zamphelmets.co\/wp-content\/uploads\/2021\/08\/H753001.jpg","type":"image\/jpeg"}],"twitter_card":"summary_large_image","twitter_misc":{"Est. reading time":"1 minuto"},"schema":{"@context":"https:\/\/schema.org","@graph":[{"@type":"WebPage","@id":"https:\/\/zamphelmets.co\/it\/prodotto\/rz-42-youth-bianco\/","url":"https:\/\/zamphelmets.co\/it\/prodotto\/rz-42-youth-bianco\/","name":"RZ 42 Youth Bianco Casco - Zamp Helmets | Helmet 28 EU - \u20ac252,50","isPartOf":{"@id":"https:\/\/zamphelmets.co\/it\/#website"},"primaryImageOfPage":{"@id":"https:\/\/zamphelmets.co\/it\/prodotto\/rz-42-youth-bianco\/#primaryimage"},"image":{"@id":"https:\/\/zamphelmets.co\/it\/prodotto\/rz-42-youth-bianco\/#primaryimage"},"thumbnailUrl":"https:\/\/zamphelmets.co\/wp-content\/uploads\/2021\/08\/H753001.jpg","datePublished":"2019-11-11T09:48:11+00:00","dateModified":"2026-02-24T09:22:48+00:00","description":"Lo Zamp RZ-42Y CMR Youth Racing Helmet \u00e8 il casco Karting definitivo con CMR2016. Ottimo rapporto qualit\u00e0\/prezzo e progettato per i giovani piloti di karting.","breadcrumb":{"@id":"https:\/\/zamphelmets.co\/it\/prodotto\/rz-42-youth-bianco\/#breadcrumb"},"inLanguage":"it-IT","potentialAction":[{"@type":"ReadAction","target":["https:\/\/zamphelmets.co\/it\/prodotto\/rz-42-youth-bianco\/"]}]},{"@type":"ImageObject","inLanguage":"it-IT","@id":"https:\/\/zamphelmets.co\/it\/prodotto\/rz-42-youth-bianco\/#primaryimage","url":"https:\/\/zamphelmets.co\/wp-content\/uploads\/2021\/08\/H753001.jpg","contentUrl":"https:\/\/zamphelmets.co\/wp-content\/uploads\/2021\/08\/H753001.jpg","width":1500,"height":1500},{"@type":"BreadcrumbList","@id":"https:\/\/zamphelmets.co\/it\/prodotto\/rz-42-youth-bianco\/#breadcrumb","itemListElement":[{"@type":"ListItem","position":1,"name":"Negozio","item":"https:\/\/zamphelmets.co\/it\/negozio\/"},{"@type":"ListItem","position":2,"name":"RZ 42 Youth Bianco"}]},{"@type":"WebSite","@id":"https:\/\/zamphelmets.co\/it\/#website","url":"https:\/\/zamphelmets.co\/it\/","name":"Zamp Helmets | Helmet 28 EU","description":"High Quality Motorsport Helmets","potentialAction":[{"@type":"SearchAction","target":{"@type":"EntryPoint","urlTemplate":"https:\/\/zamphelmets.co\/it\/?s={search_term_string}"},"query-input":{"@type":"PropertyValueSpecification","valueRequired":true,"valueName":"search_term_string"}}],"inLanguage":"it-IT"}]}},"_links":{"self":[{"href":"https:\/\/zamphelmets.co\/it\/wp-json\/wp\/v2\/product\/23670","targetHints":{"allow":["GET"]}}],"collection":[{"href":"https:\/\/zamphelmets.co\/it\/wp-json\/wp\/v2\/product"}],"about":[{"href":"https:\/\/zamphelmets.co\/it\/wp-json\/wp\/v2\/types\/product"}],"replies":[{"embeddable":true,"href":"https:\/\/zamphelmets.co\/it\/wp-json\/wp\/v2\/comments?post=23670"}],"wp:featuredmedia":[{"embeddable":true,"href":"https:\/\/zamphelmets.co\/it\/wp-json\/wp\/v2\/media\/19186"}],"wp:attachment":[{"href":"https:\/\/zamphelmets.co\/it\/wp-json\/wp\/v2\/media?parent=23670"}],"wp:term":[{"taxonomy":"product_brand","embeddable":true,"href":"https:\/\/zamphelmets.co\/it\/wp-json\/wp\/v2\/product_brand?post=23670"},{"taxonomy":"product_cat","embeddable":true,"href":"https:\/\/zamphelmets.co\/it\/wp-json\/wp\/v2\/product_cat?post=23670"},{"taxonomy":"product_tag","embeddable":true,"href":"https:\/\/zamphelmets.co\/it\/wp-json\/wp\/v2\/product_tag?post=23670"}],"curies":[{"name":"wp","href":"https:\/\/api.w.org\/{rel}","templated":true}]}}