{"id":23449,"date":"2023-11-23T12:52:05","date_gmt":"2023-11-23T12:52:05","guid":{"rendered":"https:\/\/zamphelmets.co\/product\/alpinestars-sequence-protezione-collo-arancione\/"},"modified":"2024-11-06T16:20:22","modified_gmt":"2024-11-06T16:20:22","slug":"alpinestars-sequence-protezione-collo-arancione","status":"publish","type":"product","link":"https:\/\/zamphelmets.co\/it\/prodotto\/alpinestars-sequence-protezione-collo-arancione\/","title":{"rendered":"Alpinestars SEQUENCE Protezione collo Arancione"},"content":{"rendered":"<div>L&#8217;Alpinestars Sequence Youth Neck Roll \u00e8 stato progettato e sviluppato specificamente per i ciclisti pi\u00f9 giovani, il Sequence Youth Neck Roll \u00e8 il punto di partenza del percorso di un ciclista junior verso il Bionic Neck Support. Il telaio del Sequence Neck Roll \u00e8 stato progettato per trasferire l&#8217;impatto energetico dalla parte superiore del collo.<\/div>\n<div><\/div>\n<div><\/div>\n<div><strong>COSTRUZIONE<\/strong><\/div>\n<div>&#8211; Nuova protezione ibrida per il collo dei bambini con coda allungata per una maggiore stabilit\u00e0 della posizione.<\/div>\n<div>&#8211; Forma ergonomica e progettata per adattarsi ai bambini dai 6 ai 10 anni (S\/M). e dai 10 ai 14 anni (L\/XL)<\/div>\n<div>&#8211; L&#8217;anima a doppia densit\u00e0 \u00e8 composta da una base in schiuma PU morbida che incorpora uno strato duro in EVA per la dissipazione dell&#8217;energia.<\/div>\n<div>&#8211; La parte inferiore e la sezione interna morbida (lato collo) garantiscono il comfort della spalla e del collo, mentre la sezione rigida nella parte superiore offre stabilit\u00e0 e distribuisce la forza quando il casco subisce un impatto.<\/div>\n<div><\/div>\n<div><\/div>\n<div><strong>CARATTERISTICHE CHIAVE<\/strong><\/div>\n<div>&#8211; Chiusura con cinturino morbido facile da usare sulla parte anteriore.<\/div>\n<div>&#8211; Altamente compatibile con tutte le altre protezioni e giacche.<\/div>\n<div>&#8211; Il coperchio esterno pu\u00f2 essere estratto dal nucleo per essere lavato grazie all&#8217;apertura in velcro sul retro.<\/div>\n<div><\/div>\n<div><\/div>\n<div>S\/M &#8211; 6-7 e 8-10 anni<\/div>\n<div>L\/XL &#8211; 11-12 e 13\/14 anni<\/div>\n","protected":false},"excerpt":{"rendered":"<p>L&#8217;Alpinestars Sequence Youth Neck Roll \u00e8 stato progettato e sviluppato specificamente per i ciclisti pi\u00f9 giovani, il Sequence Youth Neck Roll \u00e8 il punto di partenza del percorso di un ciclista junior verso il Bionic Neck Support. Il telaio del Sequence Neck Roll \u00e8 stato progettato per trasferire l&#8217;impatto energetico dalla parte superiore del collo. [&hellip;]<\/p>\n","protected":false},"featured_media":19347,"comment_status":"open","ping_status":"closed","template":"","meta":{"_acf_changed":false,"_iconic_wsb_product_page_order_bump_ids":[[]],"_sku":["6741018-148"],"_iconic_wsb_product_page_bump_modal_ids":[[]]},"product_brand":[],"product_cat":[122,123,187,293],"product_tag":[],"class_list":{"0":"post-23449","1":"product","2":"type-product","3":"status-publish","4":"has-post-thumbnail","6":"product_cat-accessori","7":"product_cat-accessori-per-caschi","8":"product_cat-altro","9":"product_cat-protezione","11":"first","12":"instock","13":"taxable","14":"shipping-taxable","15":"purchasable","16":"product-type-variable"},"acf":[],"yoast_head":"<!-- This site is optimized with the Yoast SEO plugin v27.0 - https:\/\/yoast.com\/product\/yoast-seo-wordpress\/ -->\n<title>Alpinestars SEQUENCE Protezione collo Arancione - Zamp Helmets | Helmet 28 EU<\/title>\n<meta name=\"description\" content=\"Il rotolo per il collo Sequence Youth \u00e8 stato progettato e sviluppato appositamente per i ciclisti pi\u00f9 giovani. Forma ergonomica e progettata per adattarsi ai bambini da 6 a 14 anni\" \/>\n<meta name=\"robots\" content=\"index, follow, max-snippet:-1, max-image-preview:large, max-video-preview:-1\" \/>\n<link rel=\"canonical\" href=\"https:\/\/zamphelmets.co\/it\/prodotto\/alpinestars-sequence-protezione-collo-arancione\/\" \/>\n<meta property=\"og:locale\" content=\"it_IT\" \/>\n<meta property=\"og:type\" content=\"article\" \/>\n<meta property=\"og:title\" content=\"Alpinestars SEQUENCE Protezione collo Arancione - Zamp Helmets | Helmet 28 EU\" \/>\n<meta property=\"og:description\" content=\"Il rotolo per il collo Sequence Youth \u00e8 stato progettato e sviluppato appositamente per i ciclisti pi\u00f9 giovani. Forma ergonomica e progettata per adattarsi ai bambini da 6 a 14 anni\" \/>\n<meta property=\"og:url\" content=\"https:\/\/zamphelmets.co\/it\/prodotto\/alpinestars-sequence-protezione-collo-arancione\/\" \/>\n<meta property=\"og:site_name\" content=\"Zamp Helmets | Helmet 28 EU\" \/>\n<meta property=\"article:modified_time\" content=\"2024-11-06T16:20:22+00:00\" \/>\n<meta property=\"og:image\" content=\"https:\/\/zamphelmets.co\/wp-content\/uploads\/2023\/11\/ora.jpeg\" \/>\n\t<meta property=\"og:image:width\" content=\"930\" \/>\n\t<meta property=\"og:image:height\" content=\"1000\" \/>\n\t<meta property=\"og:image:type\" content=\"image\/jpeg\" \/>\n<meta name=\"twitter:card\" content=\"summary_large_image\" \/>\n<meta name=\"twitter:label1\" content=\"Est. reading time\" \/>\n\t<meta name=\"twitter:data1\" content=\"1 minuto\" \/>\n<script type=\"application\/ld+json\" class=\"yoast-schema-graph\">{\"@context\":\"https:\/\/schema.org\",\"@graph\":[{\"@type\":\"WebPage\",\"@id\":\"https:\/\/zamphelmets.co\/it\/prodotto\/alpinestars-sequence-protezione-collo-arancione\/\",\"url\":\"https:\/\/zamphelmets.co\/it\/prodotto\/alpinestars-sequence-protezione-collo-arancione\/\",\"name\":\"Alpinestars SEQUENCE Protezione collo Arancione - Zamp Helmets | Helmet 28 EU\",\"isPartOf\":{\"@id\":\"https:\/\/zamphelmets.co\/it\/#website\"},\"primaryImageOfPage\":{\"@id\":\"https:\/\/zamphelmets.co\/it\/prodotto\/alpinestars-sequence-protezione-collo-arancione\/#primaryimage\"},\"image\":{\"@id\":\"https:\/\/zamphelmets.co\/it\/prodotto\/alpinestars-sequence-protezione-collo-arancione\/#primaryimage\"},\"thumbnailUrl\":\"https:\/\/zamphelmets.co\/wp-content\/uploads\/2023\/11\/ora.jpeg\",\"datePublished\":\"2023-11-23T12:52:05+00:00\",\"dateModified\":\"2024-11-06T16:20:22+00:00\",\"description\":\"Il rotolo per il collo Sequence Youth \u00e8 stato progettato e sviluppato appositamente per i ciclisti pi\u00f9 giovani. Forma ergonomica e progettata per adattarsi ai bambini da 6 a 14 anni\",\"breadcrumb\":{\"@id\":\"https:\/\/zamphelmets.co\/it\/prodotto\/alpinestars-sequence-protezione-collo-arancione\/#breadcrumb\"},\"inLanguage\":\"it-IT\",\"potentialAction\":[{\"@type\":\"ReadAction\",\"target\":[\"https:\/\/zamphelmets.co\/it\/prodotto\/alpinestars-sequence-protezione-collo-arancione\/\"]}]},{\"@type\":\"ImageObject\",\"inLanguage\":\"it-IT\",\"@id\":\"https:\/\/zamphelmets.co\/it\/prodotto\/alpinestars-sequence-protezione-collo-arancione\/#primaryimage\",\"url\":\"https:\/\/zamphelmets.co\/wp-content\/uploads\/2023\/11\/ora.jpeg\",\"contentUrl\":\"https:\/\/zamphelmets.co\/wp-content\/uploads\/2023\/11\/ora.jpeg\",\"width\":930,\"height\":1000},{\"@type\":\"BreadcrumbList\",\"@id\":\"https:\/\/zamphelmets.co\/it\/prodotto\/alpinestars-sequence-protezione-collo-arancione\/#breadcrumb\",\"itemListElement\":[{\"@type\":\"ListItem\",\"position\":1,\"name\":\"Negozio\",\"item\":\"https:\/\/zamphelmets.co\/it\/negozio\/\"},{\"@type\":\"ListItem\",\"position\":2,\"name\":\"Alpinestars SEQUENCE Protezione collo Arancione\"}]},{\"@type\":\"WebSite\",\"@id\":\"https:\/\/zamphelmets.co\/it\/#website\",\"url\":\"https:\/\/zamphelmets.co\/it\/\",\"name\":\"Zamp Helmets | Helmet 28 EU\",\"description\":\"High Quality Motorsport Helmets\",\"potentialAction\":[{\"@type\":\"SearchAction\",\"target\":{\"@type\":\"EntryPoint\",\"urlTemplate\":\"https:\/\/zamphelmets.co\/it\/?s={search_term_string}\"},\"query-input\":{\"@type\":\"PropertyValueSpecification\",\"valueRequired\":true,\"valueName\":\"search_term_string\"}}],\"inLanguage\":\"it-IT\"}]}<\/script>\n<!-- \/ Yoast SEO plugin. -->","yoast_head_json":{"title":"Alpinestars SEQUENCE Protezione collo Arancione - Zamp Helmets | Helmet 28 EU","description":"Il rotolo per il collo Sequence Youth \u00e8 stato progettato e sviluppato appositamente per i ciclisti pi\u00f9 giovani. Forma ergonomica e progettata per adattarsi ai bambini da 6 a 14 anni","robots":{"index":"index","follow":"follow","max-snippet":"max-snippet:-1","max-image-preview":"max-image-preview:large","max-video-preview":"max-video-preview:-1"},"canonical":"https:\/\/zamphelmets.co\/it\/prodotto\/alpinestars-sequence-protezione-collo-arancione\/","og_locale":"it_IT","og_type":"article","og_title":"Alpinestars SEQUENCE Protezione collo Arancione - Zamp Helmets | Helmet 28 EU","og_description":"Il rotolo per il collo Sequence Youth \u00e8 stato progettato e sviluppato appositamente per i ciclisti pi\u00f9 giovani. Forma ergonomica e progettata per adattarsi ai bambini da 6 a 14 anni","og_url":"https:\/\/zamphelmets.co\/it\/prodotto\/alpinestars-sequence-protezione-collo-arancione\/","og_site_name":"Zamp Helmets | Helmet 28 EU","article_modified_time":"2024-11-06T16:20:22+00:00","og_image":[{"width":930,"height":1000,"url":"https:\/\/zamphelmets.co\/wp-content\/uploads\/2023\/11\/ora.jpeg","type":"image\/jpeg"}],"twitter_card":"summary_large_image","twitter_misc":{"Est. reading time":"1 minuto"},"schema":{"@context":"https:\/\/schema.org","@graph":[{"@type":"WebPage","@id":"https:\/\/zamphelmets.co\/it\/prodotto\/alpinestars-sequence-protezione-collo-arancione\/","url":"https:\/\/zamphelmets.co\/it\/prodotto\/alpinestars-sequence-protezione-collo-arancione\/","name":"Alpinestars SEQUENCE Protezione collo Arancione - Zamp Helmets | Helmet 28 EU","isPartOf":{"@id":"https:\/\/zamphelmets.co\/it\/#website"},"primaryImageOfPage":{"@id":"https:\/\/zamphelmets.co\/it\/prodotto\/alpinestars-sequence-protezione-collo-arancione\/#primaryimage"},"image":{"@id":"https:\/\/zamphelmets.co\/it\/prodotto\/alpinestars-sequence-protezione-collo-arancione\/#primaryimage"},"thumbnailUrl":"https:\/\/zamphelmets.co\/wp-content\/uploads\/2023\/11\/ora.jpeg","datePublished":"2023-11-23T12:52:05+00:00","dateModified":"2024-11-06T16:20:22+00:00","description":"Il rotolo per il collo Sequence Youth \u00e8 stato progettato e sviluppato appositamente per i ciclisti pi\u00f9 giovani. Forma ergonomica e progettata per adattarsi ai bambini da 6 a 14 anni","breadcrumb":{"@id":"https:\/\/zamphelmets.co\/it\/prodotto\/alpinestars-sequence-protezione-collo-arancione\/#breadcrumb"},"inLanguage":"it-IT","potentialAction":[{"@type":"ReadAction","target":["https:\/\/zamphelmets.co\/it\/prodotto\/alpinestars-sequence-protezione-collo-arancione\/"]}]},{"@type":"ImageObject","inLanguage":"it-IT","@id":"https:\/\/zamphelmets.co\/it\/prodotto\/alpinestars-sequence-protezione-collo-arancione\/#primaryimage","url":"https:\/\/zamphelmets.co\/wp-content\/uploads\/2023\/11\/ora.jpeg","contentUrl":"https:\/\/zamphelmets.co\/wp-content\/uploads\/2023\/11\/ora.jpeg","width":930,"height":1000},{"@type":"BreadcrumbList","@id":"https:\/\/zamphelmets.co\/it\/prodotto\/alpinestars-sequence-protezione-collo-arancione\/#breadcrumb","itemListElement":[{"@type":"ListItem","position":1,"name":"Negozio","item":"https:\/\/zamphelmets.co\/it\/negozio\/"},{"@type":"ListItem","position":2,"name":"Alpinestars SEQUENCE Protezione collo Arancione"}]},{"@type":"WebSite","@id":"https:\/\/zamphelmets.co\/it\/#website","url":"https:\/\/zamphelmets.co\/it\/","name":"Zamp Helmets | Helmet 28 EU","description":"High Quality Motorsport Helmets","potentialAction":[{"@type":"SearchAction","target":{"@type":"EntryPoint","urlTemplate":"https:\/\/zamphelmets.co\/it\/?s={search_term_string}"},"query-input":{"@type":"PropertyValueSpecification","valueRequired":true,"valueName":"search_term_string"}}],"inLanguage":"it-IT"}]}},"_links":{"self":[{"href":"https:\/\/zamphelmets.co\/it\/wp-json\/wp\/v2\/product\/23449","targetHints":{"allow":["GET"]}}],"collection":[{"href":"https:\/\/zamphelmets.co\/it\/wp-json\/wp\/v2\/product"}],"about":[{"href":"https:\/\/zamphelmets.co\/it\/wp-json\/wp\/v2\/types\/product"}],"replies":[{"embeddable":true,"href":"https:\/\/zamphelmets.co\/it\/wp-json\/wp\/v2\/comments?post=23449"}],"wp:featuredmedia":[{"embeddable":true,"href":"https:\/\/zamphelmets.co\/it\/wp-json\/wp\/v2\/media\/19347"}],"wp:attachment":[{"href":"https:\/\/zamphelmets.co\/it\/wp-json\/wp\/v2\/media?parent=23449"}],"wp:term":[{"taxonomy":"product_brand","embeddable":true,"href":"https:\/\/zamphelmets.co\/it\/wp-json\/wp\/v2\/product_brand?post=23449"},{"taxonomy":"product_cat","embeddable":true,"href":"https:\/\/zamphelmets.co\/it\/wp-json\/wp\/v2\/product_cat?post=23449"},{"taxonomy":"product_tag","embeddable":true,"href":"https:\/\/zamphelmets.co\/it\/wp-json\/wp\/v2\/product_tag?post=23449"}],"curies":[{"name":"wp","href":"https:\/\/api.w.org\/{rel}","templated":true}]}}