{"id":22921,"date":"2022-11-18T13:27:06","date_gmt":"2022-11-18T13:27:06","guid":{"rendered":"https:\/\/zamphelmets.co\/product\/fodera-della-corona-rz-70e\/"},"modified":"2024-07-12T08:12:25","modified_gmt":"2024-07-12T08:12:25","slug":"fodera-della-corona-rz-70e","status":"publish","type":"product","link":"https:\/\/zamphelmets.co\/it\/prodotto\/fodera-della-corona-rz-70e\/","title":{"rendered":"Fodera della corona RZ 70E"},"content":{"rendered":"<p>Fodera di ricambio per i caschi RZ 70E. Se vuoi rinnovare gli interni del tuo casco o modificarne le dimensioni, una nuova fodera per la corona \u00e8 un&#8217;ottima opzione.<\/p>\n<p>Disponibile in 6 taglie XS, S, M, L, XL, XXL.<\/p>\n<p>Tieni presente che questi caschi hanno due misure di calotta. La conchiglia pi\u00f9 piccola pu\u00f2 essere montata con le taglie XS, S e M. Il guscio pi\u00f9 grande pu\u00f2 essere montato con le taglie L, XL e XXL.<\/p>\n<p>CONCHIGLIA 1 &#8211; XS | S | M<\/p>\n<p>CONCHIGLIA 2 &#8211; L | XL | XXL<\/p>\n","protected":false},"excerpt":{"rendered":"<p>Fodera di ricambio per i caschi RZ 70E. Se vuoi rinnovare gli interni del tuo casco o modificarne le dimensioni, una nuova fodera per la corona \u00e8 un&#8217;ottima opzione. Disponibile in 6 taglie XS, S, M, L, XL, XXL. Tieni presente che questi caschi hanno due misure di calotta. La conchiglia pi\u00f9 piccola pu\u00f2 essere [&hellip;]<\/p>\n","protected":false},"featured_media":18010,"comment_status":"open","ping_status":"closed","template":"","meta":{"_acf_changed":false,"_iconic_wsb_product_page_order_bump_ids":[],"_sku":["HALCL24"],"_iconic_wsb_product_page_bump_modal_ids":[]},"product_brand":[],"product_cat":[123,121],"product_tag":[],"class_list":{"0":"post-22921","1":"product","2":"type-product","3":"status-publish","4":"has-post-thumbnail","6":"product_cat-accessori-per-caschi","7":"product_cat-zamp-it","9":"first","10":"instock","11":"taxable","12":"shipping-taxable","13":"purchasable","14":"product-type-variable"},"acf":[],"yoast_head":"<!-- This site is optimized with the Yoast SEO plugin v27.0 - https:\/\/yoast.com\/product\/yoast-seo-wordpress\/ -->\n<title>Fodera della corona RZ 70E - Zamp Helmets | Helmet 28 EU<\/title>\n<meta name=\"description\" content=\"Se vuoi rinnovare gli interni del tuo casco o modificarne le dimensioni, una nuova fodera per la corona \u00e8 un&#039;ottima opzione.\" \/>\n<meta name=\"robots\" content=\"index, follow, max-snippet:-1, max-image-preview:large, max-video-preview:-1\" \/>\n<link rel=\"canonical\" href=\"https:\/\/zamphelmets.co\/it\/prodotto\/fodera-della-corona-rz-70e\/\" \/>\n<meta property=\"og:locale\" content=\"it_IT\" \/>\n<meta property=\"og:type\" content=\"article\" \/>\n<meta property=\"og:title\" content=\"Fodera della corona RZ 70E - Zamp Helmets | Helmet 28 EU\" \/>\n<meta property=\"og:description\" content=\"Se vuoi rinnovare gli interni del tuo casco o modificarne le dimensioni, una nuova fodera per la corona \u00e8 un&#039;ottima opzione.\" \/>\n<meta property=\"og:url\" content=\"https:\/\/zamphelmets.co\/it\/prodotto\/fodera-della-corona-rz-70e\/\" \/>\n<meta property=\"og:site_name\" content=\"Zamp Helmets | Helmet 28 EU\" \/>\n<meta property=\"article:modified_time\" content=\"2024-07-12T08:12:25+00:00\" \/>\n<meta property=\"og:image\" content=\"https:\/\/zamphelmets.co\/wp-content\/uploads\/2022\/11\/HALCL24.jpeg\" \/>\n\t<meta property=\"og:image:width\" content=\"1000\" \/>\n\t<meta property=\"og:image:height\" content=\"1000\" \/>\n\t<meta property=\"og:image:type\" content=\"image\/jpeg\" \/>\n<meta name=\"twitter:card\" content=\"summary_large_image\" \/>\n<script type=\"application\/ld+json\" class=\"yoast-schema-graph\">{\"@context\":\"https:\/\/schema.org\",\"@graph\":[{\"@type\":\"WebPage\",\"@id\":\"https:\/\/zamphelmets.co\/it\/prodotto\/fodera-della-corona-rz-70e\/\",\"url\":\"https:\/\/zamphelmets.co\/it\/prodotto\/fodera-della-corona-rz-70e\/\",\"name\":\"Fodera della corona RZ 70E - Zamp Helmets | Helmet 28 EU\",\"isPartOf\":{\"@id\":\"https:\/\/zamphelmets.co\/it\/#website\"},\"primaryImageOfPage\":{\"@id\":\"https:\/\/zamphelmets.co\/it\/prodotto\/fodera-della-corona-rz-70e\/#primaryimage\"},\"image\":{\"@id\":\"https:\/\/zamphelmets.co\/it\/prodotto\/fodera-della-corona-rz-70e\/#primaryimage\"},\"thumbnailUrl\":\"https:\/\/zamphelmets.co\/wp-content\/uploads\/2022\/11\/HALCL24.jpeg\",\"datePublished\":\"2022-11-18T13:27:06+00:00\",\"dateModified\":\"2024-07-12T08:12:25+00:00\",\"description\":\"Se vuoi rinnovare gli interni del tuo casco o modificarne le dimensioni, una nuova fodera per la corona \u00e8 un'ottima opzione.\",\"breadcrumb\":{\"@id\":\"https:\/\/zamphelmets.co\/it\/prodotto\/fodera-della-corona-rz-70e\/#breadcrumb\"},\"inLanguage\":\"it-IT\",\"potentialAction\":[{\"@type\":\"ReadAction\",\"target\":[\"https:\/\/zamphelmets.co\/it\/prodotto\/fodera-della-corona-rz-70e\/\"]}]},{\"@type\":\"ImageObject\",\"inLanguage\":\"it-IT\",\"@id\":\"https:\/\/zamphelmets.co\/it\/prodotto\/fodera-della-corona-rz-70e\/#primaryimage\",\"url\":\"https:\/\/zamphelmets.co\/wp-content\/uploads\/2022\/11\/HALCL24.jpeg\",\"contentUrl\":\"https:\/\/zamphelmets.co\/wp-content\/uploads\/2022\/11\/HALCL24.jpeg\",\"width\":1000,\"height\":1000},{\"@type\":\"BreadcrumbList\",\"@id\":\"https:\/\/zamphelmets.co\/it\/prodotto\/fodera-della-corona-rz-70e\/#breadcrumb\",\"itemListElement\":[{\"@type\":\"ListItem\",\"position\":1,\"name\":\"Negozio\",\"item\":\"https:\/\/zamphelmets.co\/it\/negozio\/\"},{\"@type\":\"ListItem\",\"position\":2,\"name\":\"Fodera della corona RZ 70E\"}]},{\"@type\":\"WebSite\",\"@id\":\"https:\/\/zamphelmets.co\/it\/#website\",\"url\":\"https:\/\/zamphelmets.co\/it\/\",\"name\":\"Zamp Helmets | Helmet 28 EU\",\"description\":\"High Quality Motorsport Helmets\",\"potentialAction\":[{\"@type\":\"SearchAction\",\"target\":{\"@type\":\"EntryPoint\",\"urlTemplate\":\"https:\/\/zamphelmets.co\/it\/?s={search_term_string}\"},\"query-input\":{\"@type\":\"PropertyValueSpecification\",\"valueRequired\":true,\"valueName\":\"search_term_string\"}}],\"inLanguage\":\"it-IT\"}]}<\/script>\n<!-- \/ Yoast SEO plugin. -->","yoast_head_json":{"title":"Fodera della corona RZ 70E - Zamp Helmets | Helmet 28 EU","description":"Se vuoi rinnovare gli interni del tuo casco o modificarne le dimensioni, una nuova fodera per la corona \u00e8 un'ottima opzione.","robots":{"index":"index","follow":"follow","max-snippet":"max-snippet:-1","max-image-preview":"max-image-preview:large","max-video-preview":"max-video-preview:-1"},"canonical":"https:\/\/zamphelmets.co\/it\/prodotto\/fodera-della-corona-rz-70e\/","og_locale":"it_IT","og_type":"article","og_title":"Fodera della corona RZ 70E - Zamp Helmets | Helmet 28 EU","og_description":"Se vuoi rinnovare gli interni del tuo casco o modificarne le dimensioni, una nuova fodera per la corona \u00e8 un'ottima opzione.","og_url":"https:\/\/zamphelmets.co\/it\/prodotto\/fodera-della-corona-rz-70e\/","og_site_name":"Zamp Helmets | Helmet 28 EU","article_modified_time":"2024-07-12T08:12:25+00:00","og_image":[{"width":1000,"height":1000,"url":"https:\/\/zamphelmets.co\/wp-content\/uploads\/2022\/11\/HALCL24.jpeg","type":"image\/jpeg"}],"twitter_card":"summary_large_image","schema":{"@context":"https:\/\/schema.org","@graph":[{"@type":"WebPage","@id":"https:\/\/zamphelmets.co\/it\/prodotto\/fodera-della-corona-rz-70e\/","url":"https:\/\/zamphelmets.co\/it\/prodotto\/fodera-della-corona-rz-70e\/","name":"Fodera della corona RZ 70E - Zamp Helmets | Helmet 28 EU","isPartOf":{"@id":"https:\/\/zamphelmets.co\/it\/#website"},"primaryImageOfPage":{"@id":"https:\/\/zamphelmets.co\/it\/prodotto\/fodera-della-corona-rz-70e\/#primaryimage"},"image":{"@id":"https:\/\/zamphelmets.co\/it\/prodotto\/fodera-della-corona-rz-70e\/#primaryimage"},"thumbnailUrl":"https:\/\/zamphelmets.co\/wp-content\/uploads\/2022\/11\/HALCL24.jpeg","datePublished":"2022-11-18T13:27:06+00:00","dateModified":"2024-07-12T08:12:25+00:00","description":"Se vuoi rinnovare gli interni del tuo casco o modificarne le dimensioni, una nuova fodera per la corona \u00e8 un'ottima opzione.","breadcrumb":{"@id":"https:\/\/zamphelmets.co\/it\/prodotto\/fodera-della-corona-rz-70e\/#breadcrumb"},"inLanguage":"it-IT","potentialAction":[{"@type":"ReadAction","target":["https:\/\/zamphelmets.co\/it\/prodotto\/fodera-della-corona-rz-70e\/"]}]},{"@type":"ImageObject","inLanguage":"it-IT","@id":"https:\/\/zamphelmets.co\/it\/prodotto\/fodera-della-corona-rz-70e\/#primaryimage","url":"https:\/\/zamphelmets.co\/wp-content\/uploads\/2022\/11\/HALCL24.jpeg","contentUrl":"https:\/\/zamphelmets.co\/wp-content\/uploads\/2022\/11\/HALCL24.jpeg","width":1000,"height":1000},{"@type":"BreadcrumbList","@id":"https:\/\/zamphelmets.co\/it\/prodotto\/fodera-della-corona-rz-70e\/#breadcrumb","itemListElement":[{"@type":"ListItem","position":1,"name":"Negozio","item":"https:\/\/zamphelmets.co\/it\/negozio\/"},{"@type":"ListItem","position":2,"name":"Fodera della corona RZ 70E"}]},{"@type":"WebSite","@id":"https:\/\/zamphelmets.co\/it\/#website","url":"https:\/\/zamphelmets.co\/it\/","name":"Zamp Helmets | Helmet 28 EU","description":"High Quality Motorsport Helmets","potentialAction":[{"@type":"SearchAction","target":{"@type":"EntryPoint","urlTemplate":"https:\/\/zamphelmets.co\/it\/?s={search_term_string}"},"query-input":{"@type":"PropertyValueSpecification","valueRequired":true,"valueName":"search_term_string"}}],"inLanguage":"it-IT"}]}},"_links":{"self":[{"href":"https:\/\/zamphelmets.co\/it\/wp-json\/wp\/v2\/product\/22921","targetHints":{"allow":["GET"]}}],"collection":[{"href":"https:\/\/zamphelmets.co\/it\/wp-json\/wp\/v2\/product"}],"about":[{"href":"https:\/\/zamphelmets.co\/it\/wp-json\/wp\/v2\/types\/product"}],"replies":[{"embeddable":true,"href":"https:\/\/zamphelmets.co\/it\/wp-json\/wp\/v2\/comments?post=22921"}],"wp:featuredmedia":[{"embeddable":true,"href":"https:\/\/zamphelmets.co\/it\/wp-json\/wp\/v2\/media\/18010"}],"wp:attachment":[{"href":"https:\/\/zamphelmets.co\/it\/wp-json\/wp\/v2\/media?parent=22921"}],"wp:term":[{"taxonomy":"product_brand","embeddable":true,"href":"https:\/\/zamphelmets.co\/it\/wp-json\/wp\/v2\/product_brand?post=22921"},{"taxonomy":"product_cat","embeddable":true,"href":"https:\/\/zamphelmets.co\/it\/wp-json\/wp\/v2\/product_cat?post=22921"},{"taxonomy":"product_tag","embeddable":true,"href":"https:\/\/zamphelmets.co\/it\/wp-json\/wp\/v2\/product_tag?post=22921"}],"curies":[{"name":"wp","href":"https:\/\/api.w.org\/{rel}","templated":true}]}}