{"id":207019,"date":"2025-05-14T11:50:03","date_gmt":"2025-05-14T11:50:03","guid":{"rendered":"https:\/\/zamphelmets.co\/product\/rz-48-youth-carbon\/"},"modified":"2025-05-14T11:50:03","modified_gmt":"2025-05-14T11:50:03","slug":"rz-48-youth-carbon","status":"publish","type":"product","link":"https:\/\/zamphelmets.co\/it\/prodotto\/rz-48-youth-carbon\/","title":{"rendered":"RZ 48 Youth Carbon"},"content":{"rendered":"<p data-start=\"149\" data-end=\"248\"><strong data-start=\"149\" data-end=\"248\">Presentazione del casco Zamp RZ-48Y Youth Carbon \u2013 Il casco da kart per ragazzi pi\u00f9 leggero sul mercato<\/strong><\/p>\n<p data-start=\"250\" data-end=\"516\">Progettato per prestazioni e comfort, il nuovissimo <strong data-start=\"304\" data-end=\"339\">casco Zamp RZ-48Y Youth Carbon<\/strong> \u00e8 uno dei caschi da kart per ragazzi pi\u00f9 leggeri sul mercato con soli <strong data-start=\"407\" data-end=\"420\">1050 g +\/-<\/strong>, rendendolo la scelta definitiva per i giovani piloti che cercano una protezione di alto livello senza ingombro.<\/p>\n<p data-start=\"518\" data-end=\"865\">Costruito per velocit\u00e0, sicurezza e stile, questo casco presenta una <strong data-start=\"586\" data-end=\"621\">calotta in fibra di carbonio di alta qualit\u00e0<\/strong> per una resistenza eccezionale e una riduzione del peso. Progettato specificamente per i giovani piloti e pienamente conforme all&#8217;omologazione <strong data-start=\"737\" data-end=\"754\">CMR2016<\/strong>, l&#8217;RZ-48Y porta la tecnologia premium della gamma Zamp per adulti in un pacchetto pi\u00f9 piccolo e pronto per la gara. <\/p>\n<p data-start=\"980\" data-end=\"1176\">Che tu stia puntando al podio o iniziando il tuo percorso nel karting, l&#8217;RZ-48Y offre prestazioni d&#8217;\u00e9lite e comfort per tutto il giorno con stile, con la scelta tra il design standard in carbonio nero o due grafiche pre-verniciate.<\/p>\n<p data-start=\"1178\" data-end=\"1195\"><strong data-start=\"1178\" data-end=\"1195\">Caratteristiche principali:<\/strong><\/p>\n<ul>\n<li data-start=\"1198\" data-end=\"1269\"><strong data-start=\"1198\" data-end=\"1232\">Calotta in carbonio ultraleggera<\/strong> \u2013 circa 1050 g +\/- (a seconda della taglia) <\/li>\n<li data-start=\"1272\" data-end=\"1341\"><strong data-start=\"1272\" data-end=\"1314\">Progettato specificamente per giovani piloti<\/strong> con certificazione CMR2016<\/li>\n<li data-start=\"1344\" data-end=\"1415\"><strong data-start=\"1344\" data-end=\"1381\">Costruzione in fibra di carbonio premium<\/strong> per un elevato rapporto resistenza-peso<\/li>\n<li data-start=\"1418\" data-end=\"1480\"><strong data-start=\"1418\" data-end=\"1462\">Interno ignifugo rimovibile e lavabile<\/strong> per una facile pulizia<\/li>\n<li data-start=\"1483\" data-end=\"1537\"><strong data-start=\"1483\" data-end=\"1517\">Visiera trasparente Z-20 Series da 2,5 mm<\/strong> con attacchi tear-off<\/li>\n<li data-start=\"1540\" data-end=\"1611\"><strong data-start=\"1540\" data-end=\"1571\">Sistema di ventilazione avanzato<\/strong> con prese d&#8217;aria superiori e sulla mentoniera per il flusso d&#8217;aria<\/li>\n<li data-start=\"1742\" data-end=\"1796\">Disponibile nelle taglie youth: 52 cm, 54 cm, 56 cm, 57 cm, 59 cm<\/li>\n<\/ul>\n<p>La dimensione della calotta dei nostri caschi Youth \u00e8 leggermente pi\u00f9 piccola di quella dei nostri caschi standard per adulti. Ti consigliamo quindi di misurare con la massima precisione e, in caso di dubbio, di scegliere una taglia in pi\u00f9 per questo modello. <\/p>\n<p><strong>Non sei sicuro della taglia? <\/strong><a href=\"https:\/\/form.jotform.com\/251263198513053\">Compila il nostro modulo per le taglie<\/a> e un membro del team ti contatter\u00e0 con i nostri consigli.<\/p>\n<p><img decoding=\"async\" class=\"alignnone wp-image-202049 lazyload\" data-src=\"https:\/\/zamphelmets.co\/wp-content\/uploads\/2025\/05\/Zamp-Helmets-sizing-guide-scaled.png\" alt=\"\" width=\"518\" height=\"518\" data-srcset=\"https:\/\/zamphelmets.co\/wp-content\/uploads\/2025\/05\/Zamp-Helmets-sizing-guide-scaled.png 2560w, https:\/\/zamphelmets.co\/wp-content\/uploads\/2025\/05\/Zamp-Helmets-sizing-guide-300x300.png 300w, https:\/\/zamphelmets.co\/wp-content\/uploads\/2025\/05\/Zamp-Helmets-sizing-guide-1024x1024.png 1024w, https:\/\/zamphelmets.co\/wp-content\/uploads\/2025\/05\/Zamp-Helmets-sizing-guide-150x150.png 150w, https:\/\/zamphelmets.co\/wp-content\/uploads\/2025\/05\/Zamp-Helmets-sizing-guide-768x768.png 768w, https:\/\/zamphelmets.co\/wp-content\/uploads\/2025\/05\/Zamp-Helmets-sizing-guide-1536x1536.png 1536w, https:\/\/zamphelmets.co\/wp-content\/uploads\/2025\/05\/Zamp-Helmets-sizing-guide-2048x2048.png 2048w, https:\/\/zamphelmets.co\/wp-content\/uploads\/2025\/05\/Zamp-Helmets-sizing-guide-600x600.png 600w, https:\/\/zamphelmets.co\/wp-content\/uploads\/2025\/05\/Zamp-Helmets-sizing-guide-100x100.png 100w\" data-sizes=\"(max-width: 518px) 100vw, 518px\" src=\"data:image\/svg+xml;base64,PHN2ZyB3aWR0aD0iMSIgaGVpZ2h0PSIxIiB4bWxucz0iaHR0cDovL3d3dy53My5vcmcvMjAwMC9zdmciPjwvc3ZnPg==\" style=\"--smush-placeholder-width: 518px; --smush-placeholder-aspect-ratio: 518\/518;\" \/><\/p>\n","protected":false},"excerpt":{"rendered":"<p>Presentazione del casco Zamp RZ-48Y Youth Carbon \u2013 Il casco da kart per ragazzi pi\u00f9 leggero sul mercato Progettato per prestazioni e comfort, il nuovissimo casco Zamp RZ-48Y Youth Carbon \u00e8 uno dei caschi da kart per ragazzi pi\u00f9 leggeri sul mercato con soli 1050 g +\/-, rendendolo la scelta definitiva per i giovani piloti [&hellip;]<\/p>\n","protected":false},"featured_media":108193,"comment_status":"open","ping_status":"closed","template":"","meta":{"_acf_changed":false,"_iconic_wsb_product_page_order_bump_ids":[[]],"_sku":["HE785CA3"],"_iconic_wsb_product_page_bump_modal_ids":[[]]},"product_brand":[],"product_cat":[166,264,242,121],"product_tag":[],"class_list":{"0":"post-207019","1":"product","2":"type-product","3":"status-publish","4":"has-post-thumbnail","6":"product_cat-caschi-zamp","7":"product_cat-giovani-cmr-2016","8":"product_cat-senza-categoria","9":"product_cat-zamp-it","11":"first","12":"instock","13":"taxable","14":"shipping-taxable","15":"purchasable","16":"product-type-variable"},"acf":[],"yoast_head":"<!-- This site is optimized with the Yoast SEO plugin v27.0 - https:\/\/yoast.com\/product\/yoast-seo-wordpress\/ -->\n<title>RZ 48 Youth Carbon - Zamp Helmets | Helmet 28 EU<\/title>\n<meta name=\"description\" content=\"Scopri il nuovissimo casco Zamp RZ-48Y Youth Carbon: uno dei caschi da kart pi\u00f9 leggeri approvati CMR2016 con soli 1050 g. Calotta in fibra di carbonio, vestibilit\u00e0 premium.\" \/>\n<meta name=\"robots\" content=\"index, follow, max-snippet:-1, max-image-preview:large, max-video-preview:-1\" \/>\n<link rel=\"canonical\" href=\"https:\/\/zamphelmets.co\/it\/prodotto\/rz-48-youth-carbon\/\" \/>\n<meta property=\"og:locale\" content=\"it_IT\" \/>\n<meta property=\"og:type\" content=\"article\" \/>\n<meta property=\"og:title\" content=\"RZ 48 Youth Carbon - Zamp Helmets | Helmet 28 EU\" \/>\n<meta property=\"og:description\" content=\"Scopri il nuovissimo casco Zamp RZ-48Y Youth Carbon: uno dei caschi da kart pi\u00f9 leggeri approvati CMR2016 con soli 1050 g. Calotta in fibra di carbonio, vestibilit\u00e0 premium.\" \/>\n<meta property=\"og:url\" content=\"https:\/\/zamphelmets.co\/it\/prodotto\/rz-48-youth-carbon\/\" \/>\n<meta property=\"og:site_name\" content=\"Zamp Helmets | Helmet 28 EU\" \/>\n<meta property=\"og:image\" content=\"https:\/\/zamphelmets.co\/wp-content\/uploads\/2025\/05\/H785CA3.jpg\" \/>\n\t<meta property=\"og:image:width\" content=\"1500\" \/>\n\t<meta property=\"og:image:height\" content=\"1500\" \/>\n\t<meta property=\"og:image:type\" content=\"image\/jpeg\" \/>\n<meta name=\"twitter:card\" content=\"summary_large_image\" \/>\n<meta name=\"twitter:label1\" content=\"Est. reading time\" \/>\n\t<meta name=\"twitter:data1\" content=\"2 minuti\" \/>\n<script type=\"application\/ld+json\" class=\"yoast-schema-graph\">{\"@context\":\"https:\/\/schema.org\",\"@graph\":[{\"@type\":\"WebPage\",\"@id\":\"https:\/\/zamphelmets.co\/it\/prodotto\/rz-48-youth-carbon\/\",\"url\":\"https:\/\/zamphelmets.co\/it\/prodotto\/rz-48-youth-carbon\/\",\"name\":\"RZ 48 Youth Carbon - Zamp Helmets | Helmet 28 EU\",\"isPartOf\":{\"@id\":\"https:\/\/zamphelmets.co\/it\/#website\"},\"primaryImageOfPage\":{\"@id\":\"https:\/\/zamphelmets.co\/it\/prodotto\/rz-48-youth-carbon\/#primaryimage\"},\"image\":{\"@id\":\"https:\/\/zamphelmets.co\/it\/prodotto\/rz-48-youth-carbon\/#primaryimage\"},\"thumbnailUrl\":\"https:\/\/zamphelmets.co\/wp-content\/uploads\/2025\/05\/H785CA3.jpg\",\"datePublished\":\"2025-05-14T11:50:03+00:00\",\"description\":\"Scopri il nuovissimo casco Zamp RZ-48Y Youth Carbon: uno dei caschi da kart pi\u00f9 leggeri approvati CMR2016 con soli 1050 g. Calotta in fibra di carbonio, vestibilit\u00e0 premium.\",\"breadcrumb\":{\"@id\":\"https:\/\/zamphelmets.co\/it\/prodotto\/rz-48-youth-carbon\/#breadcrumb\"},\"inLanguage\":\"it-IT\",\"potentialAction\":[{\"@type\":\"ReadAction\",\"target\":[\"https:\/\/zamphelmets.co\/it\/prodotto\/rz-48-youth-carbon\/\"]}]},{\"@type\":\"ImageObject\",\"inLanguage\":\"it-IT\",\"@id\":\"https:\/\/zamphelmets.co\/it\/prodotto\/rz-48-youth-carbon\/#primaryimage\",\"url\":\"https:\/\/zamphelmets.co\/wp-content\/uploads\/2025\/05\/H785CA3.jpg\",\"contentUrl\":\"https:\/\/zamphelmets.co\/wp-content\/uploads\/2025\/05\/H785CA3.jpg\",\"width\":1500,\"height\":1500},{\"@type\":\"BreadcrumbList\",\"@id\":\"https:\/\/zamphelmets.co\/it\/prodotto\/rz-48-youth-carbon\/#breadcrumb\",\"itemListElement\":[{\"@type\":\"ListItem\",\"position\":1,\"name\":\"Negozio\",\"item\":\"https:\/\/zamphelmets.co\/it\/negozio\/\"},{\"@type\":\"ListItem\",\"position\":2,\"name\":\"RZ 48 Youth Carbon\"}]},{\"@type\":\"WebSite\",\"@id\":\"https:\/\/zamphelmets.co\/it\/#website\",\"url\":\"https:\/\/zamphelmets.co\/it\/\",\"name\":\"Zamp Helmets | Helmet 28 EU\",\"description\":\"High Quality Motorsport Helmets\",\"potentialAction\":[{\"@type\":\"SearchAction\",\"target\":{\"@type\":\"EntryPoint\",\"urlTemplate\":\"https:\/\/zamphelmets.co\/it\/?s={search_term_string}\"},\"query-input\":{\"@type\":\"PropertyValueSpecification\",\"valueRequired\":true,\"valueName\":\"search_term_string\"}}],\"inLanguage\":\"it-IT\"}]}<\/script>\n<!-- \/ Yoast SEO plugin. -->","yoast_head_json":{"title":"RZ 48 Youth Carbon - Zamp Helmets | Helmet 28 EU","description":"Scopri il nuovissimo casco Zamp RZ-48Y Youth Carbon: uno dei caschi da kart pi\u00f9 leggeri approvati CMR2016 con soli 1050 g. Calotta in fibra di carbonio, vestibilit\u00e0 premium.","robots":{"index":"index","follow":"follow","max-snippet":"max-snippet:-1","max-image-preview":"max-image-preview:large","max-video-preview":"max-video-preview:-1"},"canonical":"https:\/\/zamphelmets.co\/it\/prodotto\/rz-48-youth-carbon\/","og_locale":"it_IT","og_type":"article","og_title":"RZ 48 Youth Carbon - Zamp Helmets | Helmet 28 EU","og_description":"Scopri il nuovissimo casco Zamp RZ-48Y Youth Carbon: uno dei caschi da kart pi\u00f9 leggeri approvati CMR2016 con soli 1050 g. Calotta in fibra di carbonio, vestibilit\u00e0 premium.","og_url":"https:\/\/zamphelmets.co\/it\/prodotto\/rz-48-youth-carbon\/","og_site_name":"Zamp Helmets | Helmet 28 EU","og_image":[{"width":1500,"height":1500,"url":"https:\/\/zamphelmets.co\/wp-content\/uploads\/2025\/05\/H785CA3.jpg","type":"image\/jpeg"}],"twitter_card":"summary_large_image","twitter_misc":{"Est. reading time":"2 minuti"},"schema":{"@context":"https:\/\/schema.org","@graph":[{"@type":"WebPage","@id":"https:\/\/zamphelmets.co\/it\/prodotto\/rz-48-youth-carbon\/","url":"https:\/\/zamphelmets.co\/it\/prodotto\/rz-48-youth-carbon\/","name":"RZ 48 Youth Carbon - Zamp Helmets | Helmet 28 EU","isPartOf":{"@id":"https:\/\/zamphelmets.co\/it\/#website"},"primaryImageOfPage":{"@id":"https:\/\/zamphelmets.co\/it\/prodotto\/rz-48-youth-carbon\/#primaryimage"},"image":{"@id":"https:\/\/zamphelmets.co\/it\/prodotto\/rz-48-youth-carbon\/#primaryimage"},"thumbnailUrl":"https:\/\/zamphelmets.co\/wp-content\/uploads\/2025\/05\/H785CA3.jpg","datePublished":"2025-05-14T11:50:03+00:00","description":"Scopri il nuovissimo casco Zamp RZ-48Y Youth Carbon: uno dei caschi da kart pi\u00f9 leggeri approvati CMR2016 con soli 1050 g. Calotta in fibra di carbonio, vestibilit\u00e0 premium.","breadcrumb":{"@id":"https:\/\/zamphelmets.co\/it\/prodotto\/rz-48-youth-carbon\/#breadcrumb"},"inLanguage":"it-IT","potentialAction":[{"@type":"ReadAction","target":["https:\/\/zamphelmets.co\/it\/prodotto\/rz-48-youth-carbon\/"]}]},{"@type":"ImageObject","inLanguage":"it-IT","@id":"https:\/\/zamphelmets.co\/it\/prodotto\/rz-48-youth-carbon\/#primaryimage","url":"https:\/\/zamphelmets.co\/wp-content\/uploads\/2025\/05\/H785CA3.jpg","contentUrl":"https:\/\/zamphelmets.co\/wp-content\/uploads\/2025\/05\/H785CA3.jpg","width":1500,"height":1500},{"@type":"BreadcrumbList","@id":"https:\/\/zamphelmets.co\/it\/prodotto\/rz-48-youth-carbon\/#breadcrumb","itemListElement":[{"@type":"ListItem","position":1,"name":"Negozio","item":"https:\/\/zamphelmets.co\/it\/negozio\/"},{"@type":"ListItem","position":2,"name":"RZ 48 Youth Carbon"}]},{"@type":"WebSite","@id":"https:\/\/zamphelmets.co\/it\/#website","url":"https:\/\/zamphelmets.co\/it\/","name":"Zamp Helmets | Helmet 28 EU","description":"High Quality Motorsport Helmets","potentialAction":[{"@type":"SearchAction","target":{"@type":"EntryPoint","urlTemplate":"https:\/\/zamphelmets.co\/it\/?s={search_term_string}"},"query-input":{"@type":"PropertyValueSpecification","valueRequired":true,"valueName":"search_term_string"}}],"inLanguage":"it-IT"}]}},"_links":{"self":[{"href":"https:\/\/zamphelmets.co\/it\/wp-json\/wp\/v2\/product\/207019","targetHints":{"allow":["GET"]}}],"collection":[{"href":"https:\/\/zamphelmets.co\/it\/wp-json\/wp\/v2\/product"}],"about":[{"href":"https:\/\/zamphelmets.co\/it\/wp-json\/wp\/v2\/types\/product"}],"replies":[{"embeddable":true,"href":"https:\/\/zamphelmets.co\/it\/wp-json\/wp\/v2\/comments?post=207019"}],"wp:featuredmedia":[{"embeddable":true,"href":"https:\/\/zamphelmets.co\/it\/wp-json\/wp\/v2\/media\/108193"}],"wp:attachment":[{"href":"https:\/\/zamphelmets.co\/it\/wp-json\/wp\/v2\/media?parent=207019"}],"wp:term":[{"taxonomy":"product_brand","embeddable":true,"href":"https:\/\/zamphelmets.co\/it\/wp-json\/wp\/v2\/product_brand?post=207019"},{"taxonomy":"product_cat","embeddable":true,"href":"https:\/\/zamphelmets.co\/it\/wp-json\/wp\/v2\/product_cat?post=207019"},{"taxonomy":"product_tag","embeddable":true,"href":"https:\/\/zamphelmets.co\/it\/wp-json\/wp\/v2\/product_tag?post=207019"}],"curies":[{"name":"wp","href":"https:\/\/api.w.org\/{rel}","templated":true}]}}