{"id":207005,"date":"2025-08-13T13:16:32","date_gmt":"2025-08-13T13:16:32","guid":{"rendered":"https:\/\/zamphelmets.co\/product\/rz-57v-grigio-opaco\/"},"modified":"2026-04-20T15:12:09","modified_gmt":"2026-04-20T15:12:09","slug":"rz-57v-grigio-opaco","status":"publish","type":"product","link":"https:\/\/zamphelmets.co\/it\/prodotto\/rz-57v-grigio-opaco\/","title":{"rendered":"RZ 57V Grigio Opaco"},"content":{"rendered":"<p data-start=\"225\" data-end=\"589\">Il <strong data-start=\"229\" data-end=\"251\">casco Zamp RZ-57V<\/strong> offre il perfetto equilibrio tra prestazioni, sicurezza e convenienza, ridefinendo il concetto di valore nella protezione per il motorsport. Progettato con la pi\u00f9 recente <strong data-start=\"422\" data-end=\"449\">tecnologia Snell SA2025<\/strong>, questo casco in composito leggero \u00e8 studiato per i piloti che esigono affidabilit\u00e0, comfort e prestazioni moderne senza spendere troppo. <\/p>\n<p data-start=\"591\" data-end=\"1016\">Costruito con una <strong data-start=\"604\" data-end=\"634\">calotta in fibra di vetro composita<\/strong> e interni felpati ignifughi, l&#8217;RZ-57V garantisce un comfort duraturo in ogni gara.<\/p>\n<p data-start=\"1018\" data-end=\"1384\">Con caratteristiche solitamente presenti in caschi dal prezzo doppio, lo <strong data-start=\"1078\" data-end=\"1093\">Zamp RZ-57V<\/strong> \u00e8 una scelta versatile per karting, track day e competizioni. Viene fornito con una <strong data-start=\"1188\" data-end=\"1209\">visiera trasparente Z-20<\/strong> con attacchi tear-off, oltre a <strong data-start=\"1303\" data-end=\"1317\">inserti M6<\/strong> per un&#8217;integrazione perfetta dei <strong data-start=\"1331\" data-end=\"1381\">dispositivi di protezione per testa e collo (HANS)<\/strong>. <\/p>\n<h3 data-start=\"1386\" data-end=\"1405\">Caratteristiche principali:<\/h3>\n<ul data-start=\"1406\" data-end=\"1802\">\n<li data-start=\"1406\" data-end=\"1477\">\n<p data-start=\"1408\" data-end=\"1477\"><strong data-start=\"1408\" data-end=\"1450\">Calotta in fibra di vetro composita leggera<\/strong> per resistenza e comfort<\/p>\n<\/li>\n<li data-start=\"1478\" data-end=\"1543\">\n<p data-start=\"1480\" data-end=\"1543\"><strong data-start=\"1480\" data-end=\"1507\">Ventilazione anteriore dal design minimale<\/strong> con prese d&#8217;aria superiori e posteriori per un flusso d&#8217;aria migliorato<\/p>\n<\/li>\n<li data-start=\"1544\" data-end=\"1614\">\n<p data-start=\"1546\" data-end=\"1614\"><strong data-start=\"1546\" data-end=\"1579\">Interni felpati ignifughi<\/strong> (non rimovibili) per una maggiore sicurezza<\/p>\n<\/li>\n<li data-start=\"1615\" data-end=\"1700\">\n<p data-start=\"1617\" data-end=\"1700\"><strong data-start=\"1617\" data-end=\"1638\">Visiera trasparente Z-20<\/strong> con attacchi tear-off, compatibile con tear-off a banana<\/p>\n<\/li>\n<li data-start=\"1701\" data-end=\"1745\">\n<p data-start=\"1703\" data-end=\"1745\"><strong data-start=\"1703\" data-end=\"1717\">Inserti M6<\/strong> per l&#8217;uso di dispositivi HANS \/ HNR<\/p>\n<\/li>\n<li data-start=\"1746\" data-end=\"1802\">\n<p data-start=\"1748\" data-end=\"1802\"><strong data-start=\"1748\" data-end=\"1773\">Omologato Snell SA2025<\/strong> per competizioni motoristiche<\/p>\n<\/li>\n<\/ul>\n<p data-start=\"1804\" data-end=\"1954\">Che tu stia iniziando o salendo di livello, lo <strong data-start=\"1852\" data-end=\"1867\">Zamp RZ-57V<\/strong> ti offre la tecnologia, il comfort e la sicurezza necessari per restare concentrato in pista.<\/p>\n","protected":false},"excerpt":{"rendered":"<p>Il casco Zamp RZ-57V offre il perfetto equilibrio tra prestazioni, sicurezza e convenienza, ridefinendo il concetto di valore nella protezione per il motorsport. Progettato con la pi\u00f9 recente tecnologia Snell SA2025, questo casco in composito leggero \u00e8 studiato per i piloti che esigono affidabilit\u00e0, comfort e prestazioni moderne senza spendere troppo. Costruito con una calotta [&hellip;]<\/p>\n","protected":false},"featured_media":113918,"comment_status":"open","ping_status":"closed","template":"","meta":{"_acf_changed":false,"_iconic_wsb_product_page_order_bump_ids":[[]],"_sku":["H78315F"],"_iconic_wsb_product_page_bump_modal_ids":[[]]},"product_brand":[],"product_cat":[166,242,474,121],"product_tag":[],"class_list":{"0":"post-207005","1":"product","2":"type-product","3":"status-publish","4":"has-post-thumbnail","6":"product_cat-caschi-zamp","7":"product_cat-senza-categoria","8":"product_cat-snell-2025","9":"product_cat-zamp-it","11":"first","12":"instock","13":"taxable","14":"shipping-taxable","15":"purchasable","16":"product-type-variable"},"acf":[],"yoast_head":"<!-- This site is optimized with the Yoast SEO plugin v27.0 - https:\/\/yoast.com\/product\/yoast-seo-wordpress\/ -->\n<title>RZ 57V Grigio Opaco - Zamp Helmets | Helmet 28 EU<\/title>\n<meta name=\"description\" content=\"ACQUISTA ORA - Omologato Snell SA2025, leggero, resistente ed economico con compatibilit\u00e0 Top Air per massime prestazioni in gara.\" \/>\n<meta name=\"robots\" content=\"index, follow, max-snippet:-1, max-image-preview:large, max-video-preview:-1\" \/>\n<link rel=\"canonical\" href=\"https:\/\/zamphelmets.co\/it\/prodotto\/rz-57v-grigio-opaco\/\" \/>\n<meta property=\"og:locale\" content=\"it_IT\" \/>\n<meta property=\"og:type\" content=\"article\" \/>\n<meta property=\"og:title\" content=\"RZ 57V Grigio Opaco - Zamp Helmets | Helmet 28 EU\" \/>\n<meta property=\"og:description\" content=\"ACQUISTA ORA - Omologato Snell SA2025, leggero, resistente ed economico con compatibilit\u00e0 Top Air per massime prestazioni in gara.\" \/>\n<meta property=\"og:url\" content=\"https:\/\/zamphelmets.co\/it\/prodotto\/rz-57v-grigio-opaco\/\" \/>\n<meta property=\"og:site_name\" content=\"Zamp Helmets | Helmet 28 EU\" \/>\n<meta property=\"article:modified_time\" content=\"2026-04-20T15:12:09+00:00\" \/>\n<meta property=\"og:image\" content=\"https:\/\/zamphelmets.co\/wp-content\/uploads\/2025\/08\/H77215F.jpg\" \/>\n\t<meta property=\"og:image:width\" content=\"1500\" \/>\n\t<meta property=\"og:image:height\" content=\"1500\" \/>\n\t<meta property=\"og:image:type\" content=\"image\/jpeg\" \/>\n<meta name=\"twitter:card\" content=\"summary_large_image\" \/>\n<meta name=\"twitter:label1\" content=\"Est. reading time\" \/>\n\t<meta name=\"twitter:data1\" content=\"1 minuto\" \/>\n<script type=\"application\/ld+json\" class=\"yoast-schema-graph\">{\"@context\":\"https:\/\/schema.org\",\"@graph\":[{\"@type\":\"WebPage\",\"@id\":\"https:\/\/zamphelmets.co\/it\/prodotto\/rz-57v-grigio-opaco\/\",\"url\":\"https:\/\/zamphelmets.co\/it\/prodotto\/rz-57v-grigio-opaco\/\",\"name\":\"RZ 57V Grigio Opaco - Zamp Helmets | Helmet 28 EU\",\"isPartOf\":{\"@id\":\"https:\/\/zamphelmets.co\/it\/#website\"},\"primaryImageOfPage\":{\"@id\":\"https:\/\/zamphelmets.co\/it\/prodotto\/rz-57v-grigio-opaco\/#primaryimage\"},\"image\":{\"@id\":\"https:\/\/zamphelmets.co\/it\/prodotto\/rz-57v-grigio-opaco\/#primaryimage\"},\"thumbnailUrl\":\"https:\/\/zamphelmets.co\/wp-content\/uploads\/2025\/08\/H77215F.jpg\",\"datePublished\":\"2025-08-13T13:16:32+00:00\",\"dateModified\":\"2026-04-20T15:12:09+00:00\",\"description\":\"ACQUISTA ORA - Omologato Snell SA2025, leggero, resistente ed economico con compatibilit\u00e0 Top Air per massime prestazioni in gara.\",\"breadcrumb\":{\"@id\":\"https:\/\/zamphelmets.co\/it\/prodotto\/rz-57v-grigio-opaco\/#breadcrumb\"},\"inLanguage\":\"it-IT\",\"potentialAction\":[{\"@type\":\"ReadAction\",\"target\":[\"https:\/\/zamphelmets.co\/it\/prodotto\/rz-57v-grigio-opaco\/\"]}]},{\"@type\":\"ImageObject\",\"inLanguage\":\"it-IT\",\"@id\":\"https:\/\/zamphelmets.co\/it\/prodotto\/rz-57v-grigio-opaco\/#primaryimage\",\"url\":\"https:\/\/zamphelmets.co\/wp-content\/uploads\/2025\/08\/H77215F.jpg\",\"contentUrl\":\"https:\/\/zamphelmets.co\/wp-content\/uploads\/2025\/08\/H77215F.jpg\",\"width\":1500,\"height\":1500},{\"@type\":\"BreadcrumbList\",\"@id\":\"https:\/\/zamphelmets.co\/it\/prodotto\/rz-57v-grigio-opaco\/#breadcrumb\",\"itemListElement\":[{\"@type\":\"ListItem\",\"position\":1,\"name\":\"Negozio\",\"item\":\"https:\/\/zamphelmets.co\/it\/negozio\/\"},{\"@type\":\"ListItem\",\"position\":2,\"name\":\"RZ 57V Grigio Opaco\"}]},{\"@type\":\"WebSite\",\"@id\":\"https:\/\/zamphelmets.co\/it\/#website\",\"url\":\"https:\/\/zamphelmets.co\/it\/\",\"name\":\"Zamp Helmets | Helmet 28 EU\",\"description\":\"High Quality Motorsport Helmets\",\"potentialAction\":[{\"@type\":\"SearchAction\",\"target\":{\"@type\":\"EntryPoint\",\"urlTemplate\":\"https:\/\/zamphelmets.co\/it\/?s={search_term_string}\"},\"query-input\":{\"@type\":\"PropertyValueSpecification\",\"valueRequired\":true,\"valueName\":\"search_term_string\"}}],\"inLanguage\":\"it-IT\"}]}<\/script>\n<!-- \/ Yoast SEO plugin. -->","yoast_head_json":{"title":"RZ 57V Grigio Opaco - Zamp Helmets | Helmet 28 EU","description":"ACQUISTA ORA - Omologato Snell SA2025, leggero, resistente ed economico con compatibilit\u00e0 Top Air per massime prestazioni in gara.","robots":{"index":"index","follow":"follow","max-snippet":"max-snippet:-1","max-image-preview":"max-image-preview:large","max-video-preview":"max-video-preview:-1"},"canonical":"https:\/\/zamphelmets.co\/it\/prodotto\/rz-57v-grigio-opaco\/","og_locale":"it_IT","og_type":"article","og_title":"RZ 57V Grigio Opaco - Zamp Helmets | Helmet 28 EU","og_description":"ACQUISTA ORA - Omologato Snell SA2025, leggero, resistente ed economico con compatibilit\u00e0 Top Air per massime prestazioni in gara.","og_url":"https:\/\/zamphelmets.co\/it\/prodotto\/rz-57v-grigio-opaco\/","og_site_name":"Zamp Helmets | Helmet 28 EU","article_modified_time":"2026-04-20T15:12:09+00:00","og_image":[{"width":1500,"height":1500,"url":"https:\/\/zamphelmets.co\/wp-content\/uploads\/2025\/08\/H77215F.jpg","type":"image\/jpeg"}],"twitter_card":"summary_large_image","twitter_misc":{"Est. reading time":"1 minuto"},"schema":{"@context":"https:\/\/schema.org","@graph":[{"@type":"WebPage","@id":"https:\/\/zamphelmets.co\/it\/prodotto\/rz-57v-grigio-opaco\/","url":"https:\/\/zamphelmets.co\/it\/prodotto\/rz-57v-grigio-opaco\/","name":"RZ 57V Grigio Opaco - Zamp Helmets | Helmet 28 EU","isPartOf":{"@id":"https:\/\/zamphelmets.co\/it\/#website"},"primaryImageOfPage":{"@id":"https:\/\/zamphelmets.co\/it\/prodotto\/rz-57v-grigio-opaco\/#primaryimage"},"image":{"@id":"https:\/\/zamphelmets.co\/it\/prodotto\/rz-57v-grigio-opaco\/#primaryimage"},"thumbnailUrl":"https:\/\/zamphelmets.co\/wp-content\/uploads\/2025\/08\/H77215F.jpg","datePublished":"2025-08-13T13:16:32+00:00","dateModified":"2026-04-20T15:12:09+00:00","description":"ACQUISTA ORA - Omologato Snell SA2025, leggero, resistente ed economico con compatibilit\u00e0 Top Air per massime prestazioni in gara.","breadcrumb":{"@id":"https:\/\/zamphelmets.co\/it\/prodotto\/rz-57v-grigio-opaco\/#breadcrumb"},"inLanguage":"it-IT","potentialAction":[{"@type":"ReadAction","target":["https:\/\/zamphelmets.co\/it\/prodotto\/rz-57v-grigio-opaco\/"]}]},{"@type":"ImageObject","inLanguage":"it-IT","@id":"https:\/\/zamphelmets.co\/it\/prodotto\/rz-57v-grigio-opaco\/#primaryimage","url":"https:\/\/zamphelmets.co\/wp-content\/uploads\/2025\/08\/H77215F.jpg","contentUrl":"https:\/\/zamphelmets.co\/wp-content\/uploads\/2025\/08\/H77215F.jpg","width":1500,"height":1500},{"@type":"BreadcrumbList","@id":"https:\/\/zamphelmets.co\/it\/prodotto\/rz-57v-grigio-opaco\/#breadcrumb","itemListElement":[{"@type":"ListItem","position":1,"name":"Negozio","item":"https:\/\/zamphelmets.co\/it\/negozio\/"},{"@type":"ListItem","position":2,"name":"RZ 57V Grigio Opaco"}]},{"@type":"WebSite","@id":"https:\/\/zamphelmets.co\/it\/#website","url":"https:\/\/zamphelmets.co\/it\/","name":"Zamp Helmets | Helmet 28 EU","description":"High Quality Motorsport Helmets","potentialAction":[{"@type":"SearchAction","target":{"@type":"EntryPoint","urlTemplate":"https:\/\/zamphelmets.co\/it\/?s={search_term_string}"},"query-input":{"@type":"PropertyValueSpecification","valueRequired":true,"valueName":"search_term_string"}}],"inLanguage":"it-IT"}]}},"_links":{"self":[{"href":"https:\/\/zamphelmets.co\/it\/wp-json\/wp\/v2\/product\/207005","targetHints":{"allow":["GET"]}}],"collection":[{"href":"https:\/\/zamphelmets.co\/it\/wp-json\/wp\/v2\/product"}],"about":[{"href":"https:\/\/zamphelmets.co\/it\/wp-json\/wp\/v2\/types\/product"}],"replies":[{"embeddable":true,"href":"https:\/\/zamphelmets.co\/it\/wp-json\/wp\/v2\/comments?post=207005"}],"wp:featuredmedia":[{"embeddable":true,"href":"https:\/\/zamphelmets.co\/it\/wp-json\/wp\/v2\/media\/113918"}],"wp:attachment":[{"href":"https:\/\/zamphelmets.co\/it\/wp-json\/wp\/v2\/media?parent=207005"}],"wp:term":[{"taxonomy":"product_brand","embeddable":true,"href":"https:\/\/zamphelmets.co\/it\/wp-json\/wp\/v2\/product_brand?post=207005"},{"taxonomy":"product_cat","embeddable":true,"href":"https:\/\/zamphelmets.co\/it\/wp-json\/wp\/v2\/product_cat?post=207005"},{"taxonomy":"product_tag","embeddable":true,"href":"https:\/\/zamphelmets.co\/it\/wp-json\/wp\/v2\/product_tag?post=207005"}],"curies":[{"name":"wp","href":"https:\/\/api.w.org\/{rel}","templated":true}]}}