{"id":206637,"date":"2026-01-26T11:26:09","date_gmt":"2026-01-26T11:26:09","guid":{"rendered":"https:\/\/zamphelmets.co\/product\/use-more-kerb-x-32five\/"},"modified":"2026-02-27T10:51:51","modified_gmt":"2026-02-27T10:51:51","slug":"use-more-kerb-x-32five","status":"publish","type":"product","link":"https:\/\/zamphelmets.co\/it\/prodotto\/use-more-kerb-x-32five\/","title":{"rendered":"USE.MORE.KERB x 32Five"},"content":{"rendered":"<div class=\"container\">\n<div id=\"content\" class=\"site-content\">\n<div id=\"primary\" class=\"content-area\">\n<p><span style=\"font-weight: 400;\">Per i piloti che spingono di pi\u00f9, frenano pi\u00f9 tardi e vivono al limite della pista.<\/span><\/p>\n<p><span style=\"font-weight: 400;\">Sviluppati in collaborazione con il <strong>pilota professionista ed esperto del N\u00fcrburgring Brad Philpot<\/strong>, i <strong>guanti USE MORE KERB<\/strong> trasmettono una mentalit\u00e0 racing aggressiva in un guanto nato per le prestazioni in pista. Progettata per distinguersi visivamente e dare il massimo dove conta, questa edizione unisce un design audace a una struttura collaudata in gara. <\/span><\/p>\n<p><strong>Caratteristiche principali e dettagli<\/strong><\/p>\n<ul>\n<li><strong>Collaborazione Brad Philpot | \u201cUSEMOREKERB\u201d<\/strong><\/li>\n<\/ul>\n<p><span style=\"font-weight: 400;\">Creati con il contributo diretto di un pilota professionista, portano l&#8217;autentica esperienza di gara nel linguaggio stilistico di 32Five.<\/span><\/p>\n<ul>\n<li><strong>Colorazione audace<\/strong><\/li>\n<\/ul>\n<p><span style=\"font-weight: 400;\">Design verde e rosa fluorescente ispirato all&#8217;inconfondibile stile di Bradley: nati per distinguersi in griglia e ad ogni punto di corda.<\/span><\/p>\n<ul>\n<li><strong>Cuciture esterne<\/strong><\/li>\n<\/ul>\n<p><span style=\"font-weight: 400;\">Le cuciture esterne riducono i punti di pressione interni e l&#8217;attrito, offrendo maggiore comfort e durata durante le sessioni lunghe.<\/span><\/p>\n<ul>\n<li><strong>Tessuto superiore traspirante<\/strong><\/li>\n<\/ul>\n<p><span style=\"font-weight: 400;\">Leggero, morbido e altamente traspirante per mantenere le mani fresche, conservando un colore vivido e d&#8217;impatto.<\/span><\/p>\n<ul>\n<li><strong>Tecnologia del palmo DriveSkin\u2122<\/strong><\/li>\n<\/ul>\n<p><span style=\"font-weight: 400;\">Materiale del palmo ad alto grip progettato per un feedback preciso dello sterzo, eccellente resistenza all&#8217;usura e controllo totale.<\/span><\/p>\n<ul>\n<li><strong>Vestibilit\u00e0 ergonomica pre-curvata<\/strong><\/li>\n<\/ul>\n<p><span style=\"font-weight: 400;\">La forma preformata asseconda la posizione naturale della mano, aiutando a ridurre l&#8217;affaticamento e a mantenere la concentrazione giro dopo giro.<\/span><\/p>\n<ul>\n<li><strong>Dettaglio rosso sulla punta delle dita<\/strong><\/li>\n<\/ul>\n<p><span style=\"font-weight: 400;\">Un tocco finale che rafforza l&#8217;identit\u00e0 di design premium di 32Five.<\/span><\/p>\n<p><strong>Creati per correre al massimo, con uno stile inconfondibile e progettati senza compromessi.<\/strong><\/p>\n<p><img decoding=\"async\" class=\"alignnone wp-image-222671 lazyload\" data-src=\"https:\/\/zamphelmets.co\/wp-content\/uploads\/2026\/01\/32F-SizeGuide-25-V1-scaled.webp\" alt=\"\" width=\"545\" height=\"293\" data-srcset=\"https:\/\/zamphelmets.co\/wp-content\/uploads\/2026\/01\/32F-SizeGuide-25-V1-scaled.webp 2560w, https:\/\/zamphelmets.co\/wp-content\/uploads\/2026\/01\/32F-SizeGuide-25-V1-300x161.webp 300w, https:\/\/zamphelmets.co\/wp-content\/uploads\/2026\/01\/32F-SizeGuide-25-V1-1024x551.webp 1024w, https:\/\/zamphelmets.co\/wp-content\/uploads\/2026\/01\/32F-SizeGuide-25-V1-768x413.webp 768w, https:\/\/zamphelmets.co\/wp-content\/uploads\/2026\/01\/32F-SizeGuide-25-V1-1536x826.webp 1536w, https:\/\/zamphelmets.co\/wp-content\/uploads\/2026\/01\/32F-SizeGuide-25-V1-2048x1101.webp 2048w, https:\/\/zamphelmets.co\/wp-content\/uploads\/2026\/01\/32F-SizeGuide-25-V1-600x323.webp 600w\" data-sizes=\"(max-width: 545px) 100vw, 545px\" src=\"data:image\/svg+xml;base64,PHN2ZyB3aWR0aD0iMSIgaGVpZ2h0PSIxIiB4bWxucz0iaHR0cDovL3d3dy53My5vcmcvMjAwMC9zdmciPjwvc3ZnPg==\" style=\"--smush-placeholder-width: 545px; --smush-placeholder-aspect-ratio: 545\/293;\" \/><\/p>\n<\/div>\n<\/div>\n<\/div>\n","protected":false},"excerpt":{"rendered":"<p>Per i piloti che spingono di pi\u00f9, frenano pi\u00f9 tardi e vivono al limite della pista. Sviluppati in collaborazione con il pilota professionista ed esperto del N\u00fcrburgring Brad Philpot, i guanti USE MORE KERB trasmettono una mentalit\u00e0 racing aggressiva in un guanto nato per le prestazioni in pista. Progettata per distinguersi visivamente e dare il [&hellip;]<\/p>\n","protected":false},"featured_media":190090,"comment_status":"open","ping_status":"closed","template":"","meta":{"_acf_changed":false,"_iconic_wsb_product_page_order_bump_ids":[[]],"_sku":[],"_iconic_wsb_product_page_bump_modal_ids":[[]]},"product_brand":[],"product_cat":[484,293,191],"product_tag":[],"class_list":{"0":"post-206637","1":"product","2":"type-product","3":"status-publish","4":"has-post-thumbnail","6":"product_cat-32five","7":"product_cat-protezione","8":"product_cat-protezione-abbigliamento","10":"first","11":"instock","12":"taxable","13":"shipping-taxable","14":"purchasable","15":"product-type-variable"},"acf":[],"yoast_head":"<!-- This site is optimized with the Yoast SEO plugin v27.0 - https:\/\/yoast.com\/product\/yoast-seo-wordpress\/ -->\n<title>32Five USE.MORE.KERB x 32Five - Guanti da kart premium<\/title>\n<meta name=\"description\" content=\"I guanti da kart 32Five x Brad Philpot USE MORE KERB offrono uno stile aggressivo, grip DriveSkin e un comfort testato in gara per i piloti che spingono al massimo.\" \/>\n<meta name=\"robots\" content=\"index, follow, max-snippet:-1, max-image-preview:large, max-video-preview:-1\" \/>\n<link rel=\"canonical\" href=\"https:\/\/zamphelmets.co\/it\/prodotto\/use-more-kerb-x-32five\/\" \/>\n<meta property=\"og:locale\" content=\"it_IT\" \/>\n<meta property=\"og:type\" content=\"article\" \/>\n<meta property=\"og:title\" content=\"32Five USE.MORE.KERB x 32Five - Guanti da kart premium\" \/>\n<meta property=\"og:description\" content=\"I guanti da kart 32Five x Brad Philpot USE MORE KERB offrono uno stile aggressivo, grip DriveSkin e un comfort testato in gara per i piloti che spingono al massimo.\" \/>\n<meta property=\"og:url\" content=\"https:\/\/zamphelmets.co\/it\/prodotto\/use-more-kerb-x-32five\/\" \/>\n<meta property=\"og:site_name\" content=\"Zamp Helmets | Helmet 28 EU\" \/>\n<meta property=\"article:modified_time\" content=\"2026-02-27T10:51:51+00:00\" \/>\n<meta property=\"og:image\" content=\"https:\/\/zamphelmets.co\/wp-content\/uploads\/2026\/01\/usemorekerb.jpeg\" \/>\n\t<meta property=\"og:image:width\" content=\"943\" \/>\n\t<meta property=\"og:image:height\" content=\"1000\" \/>\n\t<meta property=\"og:image:type\" content=\"image\/jpeg\" \/>\n<meta name=\"twitter:card\" content=\"summary_large_image\" \/>\n<meta name=\"twitter:label1\" content=\"Est. reading time\" \/>\n\t<meta name=\"twitter:data1\" content=\"1 minuto\" \/>\n<script type=\"application\/ld+json\" class=\"yoast-schema-graph\">{\"@context\":\"https:\/\/schema.org\",\"@graph\":[{\"@type\":\"WebPage\",\"@id\":\"https:\/\/zamphelmets.co\/it\/prodotto\/use-more-kerb-x-32five\/\",\"url\":\"https:\/\/zamphelmets.co\/it\/prodotto\/use-more-kerb-x-32five\/\",\"name\":\"32Five USE.MORE.KERB x 32Five - Guanti da kart premium\",\"isPartOf\":{\"@id\":\"https:\/\/zamphelmets.co\/it\/#website\"},\"primaryImageOfPage\":{\"@id\":\"https:\/\/zamphelmets.co\/it\/prodotto\/use-more-kerb-x-32five\/#primaryimage\"},\"image\":{\"@id\":\"https:\/\/zamphelmets.co\/it\/prodotto\/use-more-kerb-x-32five\/#primaryimage\"},\"thumbnailUrl\":\"https:\/\/zamphelmets.co\/wp-content\/uploads\/2026\/01\/usemorekerb.jpeg\",\"datePublished\":\"2026-01-26T11:26:09+00:00\",\"dateModified\":\"2026-02-27T10:51:51+00:00\",\"description\":\"I guanti da kart 32Five x Brad Philpot USE MORE KERB offrono uno stile aggressivo, grip DriveSkin e un comfort testato in gara per i piloti che spingono al massimo.\",\"breadcrumb\":{\"@id\":\"https:\/\/zamphelmets.co\/it\/prodotto\/use-more-kerb-x-32five\/#breadcrumb\"},\"inLanguage\":\"it-IT\",\"potentialAction\":[{\"@type\":\"ReadAction\",\"target\":[\"https:\/\/zamphelmets.co\/it\/prodotto\/use-more-kerb-x-32five\/\"]}]},{\"@type\":\"ImageObject\",\"inLanguage\":\"it-IT\",\"@id\":\"https:\/\/zamphelmets.co\/it\/prodotto\/use-more-kerb-x-32five\/#primaryimage\",\"url\":\"https:\/\/zamphelmets.co\/wp-content\/uploads\/2026\/01\/usemorekerb.jpeg\",\"contentUrl\":\"https:\/\/zamphelmets.co\/wp-content\/uploads\/2026\/01\/usemorekerb.jpeg\",\"width\":943,\"height\":1000},{\"@type\":\"BreadcrumbList\",\"@id\":\"https:\/\/zamphelmets.co\/it\/prodotto\/use-more-kerb-x-32five\/#breadcrumb\",\"itemListElement\":[{\"@type\":\"ListItem\",\"position\":1,\"name\":\"Negozio\",\"item\":\"https:\/\/zamphelmets.co\/it\/negozio\/\"},{\"@type\":\"ListItem\",\"position\":2,\"name\":\"USE.MORE.KERB x 32Five\"}]},{\"@type\":\"WebSite\",\"@id\":\"https:\/\/zamphelmets.co\/it\/#website\",\"url\":\"https:\/\/zamphelmets.co\/it\/\",\"name\":\"Zamp Helmets | Helmet 28 EU\",\"description\":\"High Quality Motorsport Helmets\",\"potentialAction\":[{\"@type\":\"SearchAction\",\"target\":{\"@type\":\"EntryPoint\",\"urlTemplate\":\"https:\/\/zamphelmets.co\/it\/?s={search_term_string}\"},\"query-input\":{\"@type\":\"PropertyValueSpecification\",\"valueRequired\":true,\"valueName\":\"search_term_string\"}}],\"inLanguage\":\"it-IT\"}]}<\/script>\n<!-- \/ Yoast SEO plugin. -->","yoast_head_json":{"title":"32Five USE.MORE.KERB x 32Five - Guanti da kart premium","description":"I guanti da kart 32Five x Brad Philpot USE MORE KERB offrono uno stile aggressivo, grip DriveSkin e un comfort testato in gara per i piloti che spingono al massimo.","robots":{"index":"index","follow":"follow","max-snippet":"max-snippet:-1","max-image-preview":"max-image-preview:large","max-video-preview":"max-video-preview:-1"},"canonical":"https:\/\/zamphelmets.co\/it\/prodotto\/use-more-kerb-x-32five\/","og_locale":"it_IT","og_type":"article","og_title":"32Five USE.MORE.KERB x 32Five - Guanti da kart premium","og_description":"I guanti da kart 32Five x Brad Philpot USE MORE KERB offrono uno stile aggressivo, grip DriveSkin e un comfort testato in gara per i piloti che spingono al massimo.","og_url":"https:\/\/zamphelmets.co\/it\/prodotto\/use-more-kerb-x-32five\/","og_site_name":"Zamp Helmets | Helmet 28 EU","article_modified_time":"2026-02-27T10:51:51+00:00","og_image":[{"width":943,"height":1000,"url":"https:\/\/zamphelmets.co\/wp-content\/uploads\/2026\/01\/usemorekerb.jpeg","type":"image\/jpeg"}],"twitter_card":"summary_large_image","twitter_misc":{"Est. reading time":"1 minuto"},"schema":{"@context":"https:\/\/schema.org","@graph":[{"@type":"WebPage","@id":"https:\/\/zamphelmets.co\/it\/prodotto\/use-more-kerb-x-32five\/","url":"https:\/\/zamphelmets.co\/it\/prodotto\/use-more-kerb-x-32five\/","name":"32Five USE.MORE.KERB x 32Five - Guanti da kart premium","isPartOf":{"@id":"https:\/\/zamphelmets.co\/it\/#website"},"primaryImageOfPage":{"@id":"https:\/\/zamphelmets.co\/it\/prodotto\/use-more-kerb-x-32five\/#primaryimage"},"image":{"@id":"https:\/\/zamphelmets.co\/it\/prodotto\/use-more-kerb-x-32five\/#primaryimage"},"thumbnailUrl":"https:\/\/zamphelmets.co\/wp-content\/uploads\/2026\/01\/usemorekerb.jpeg","datePublished":"2026-01-26T11:26:09+00:00","dateModified":"2026-02-27T10:51:51+00:00","description":"I guanti da kart 32Five x Brad Philpot USE MORE KERB offrono uno stile aggressivo, grip DriveSkin e un comfort testato in gara per i piloti che spingono al massimo.","breadcrumb":{"@id":"https:\/\/zamphelmets.co\/it\/prodotto\/use-more-kerb-x-32five\/#breadcrumb"},"inLanguage":"it-IT","potentialAction":[{"@type":"ReadAction","target":["https:\/\/zamphelmets.co\/it\/prodotto\/use-more-kerb-x-32five\/"]}]},{"@type":"ImageObject","inLanguage":"it-IT","@id":"https:\/\/zamphelmets.co\/it\/prodotto\/use-more-kerb-x-32five\/#primaryimage","url":"https:\/\/zamphelmets.co\/wp-content\/uploads\/2026\/01\/usemorekerb.jpeg","contentUrl":"https:\/\/zamphelmets.co\/wp-content\/uploads\/2026\/01\/usemorekerb.jpeg","width":943,"height":1000},{"@type":"BreadcrumbList","@id":"https:\/\/zamphelmets.co\/it\/prodotto\/use-more-kerb-x-32five\/#breadcrumb","itemListElement":[{"@type":"ListItem","position":1,"name":"Negozio","item":"https:\/\/zamphelmets.co\/it\/negozio\/"},{"@type":"ListItem","position":2,"name":"USE.MORE.KERB x 32Five"}]},{"@type":"WebSite","@id":"https:\/\/zamphelmets.co\/it\/#website","url":"https:\/\/zamphelmets.co\/it\/","name":"Zamp Helmets | Helmet 28 EU","description":"High Quality Motorsport Helmets","potentialAction":[{"@type":"SearchAction","target":{"@type":"EntryPoint","urlTemplate":"https:\/\/zamphelmets.co\/it\/?s={search_term_string}"},"query-input":{"@type":"PropertyValueSpecification","valueRequired":true,"valueName":"search_term_string"}}],"inLanguage":"it-IT"}]}},"_links":{"self":[{"href":"https:\/\/zamphelmets.co\/it\/wp-json\/wp\/v2\/product\/206637","targetHints":{"allow":["GET"]}}],"collection":[{"href":"https:\/\/zamphelmets.co\/it\/wp-json\/wp\/v2\/product"}],"about":[{"href":"https:\/\/zamphelmets.co\/it\/wp-json\/wp\/v2\/types\/product"}],"replies":[{"embeddable":true,"href":"https:\/\/zamphelmets.co\/it\/wp-json\/wp\/v2\/comments?post=206637"}],"wp:featuredmedia":[{"embeddable":true,"href":"https:\/\/zamphelmets.co\/it\/wp-json\/wp\/v2\/media\/190090"}],"wp:attachment":[{"href":"https:\/\/zamphelmets.co\/it\/wp-json\/wp\/v2\/media?parent=206637"}],"wp:term":[{"taxonomy":"product_brand","embeddable":true,"href":"https:\/\/zamphelmets.co\/it\/wp-json\/wp\/v2\/product_brand?post=206637"},{"taxonomy":"product_cat","embeddable":true,"href":"https:\/\/zamphelmets.co\/it\/wp-json\/wp\/v2\/product_cat?post=206637"},{"taxonomy":"product_tag","embeddable":true,"href":"https:\/\/zamphelmets.co\/it\/wp-json\/wp\/v2\/product_tag?post=206637"}],"curies":[{"name":"wp","href":"https:\/\/api.w.org\/{rel}","templated":true}]}}