{"id":205406,"date":"2026-01-26T11:25:30","date_gmt":"2026-01-26T11:25:30","guid":{"rendered":"https:\/\/zamphelmets.co\/product\/plus-f-push-your-limit-black-neon-fire\/"},"modified":"2026-02-27T10:56:54","modified_gmt":"2026-02-27T10:56:54","slug":"plus-f-push-your-limit-black-neon-fire","status":"publish","type":"product","link":"https:\/\/zamphelmets.co\/it\/prodotto\/plus-f-push-your-limit-black-neon-fire\/","title":{"rendered":"&#8220;PLUS F&#8221; &#8211; PUSH YOUR LIMIT &#8211; Black\/Neon Fire"},"content":{"rendered":"<p><span style=\"font-weight: 400;\">Scopri i <strong>guanti da kart 32Five PLUS F \u2013 PUSH YOUR LIMIT<\/strong>, il <strong>primo guanto del brand interamente omologato FIA<\/strong>, progettato per i piloti che esigono protezione certificata senza rinunciare a sensibilit\u00e0, vestibilit\u00e0 o impatto visivo.<\/span><\/p>\n<p><span style=\"font-weight: 400;\">Omologata secondo lo <strong>standard FIA 8877-2022<\/strong>, la gamma PLUS F segna un&#8217;importante evoluzione per 32Five, unendo sicurezza da gara, comfort raffinato e un design inconfondibile. La colorazione NO LIMITS presenta un&#8217; <strong>audace finitura BLACK\/NEON FIRE<\/strong>, per un look pulito ma aggressivo che si distingue sulla griglia di partenza. <\/span><\/p>\n<p><span style=\"font-weight: 400;\">Creati appositamente per il karting ad alta intensit\u00e0, i guanti PLUS F danno priorit\u00e0 a controllo, durata e comfort nelle sessioni lunghe, rispettando le pi\u00f9 recenti normative FIA.<\/span><\/p>\n<p><strong>Caratteristiche principali in sintesi<\/strong><\/p>\n<ul>\n<li><span style=\"font-weight: 400;\"><strong>Omologazione FIA 8877-2022<\/strong> &#8211; <\/span>Approvati per il karting agonistico, garantiscono fiducia e conformit\u00e0 a livello di club e campionato.<\/li>\n<li><span style=\"font-weight: 400;\"><strong>Costruzione a Cucitura Esterna<\/strong> &#8211; <\/span>Cuciture posizionate esternamente per ridurre al minimo i punti di pressione interni e diminuire l&#8217;attrito, migliorando il comfort durante l&#8217;uso prolungato.<\/li>\n<li><span style=\"font-weight: 400;\"><strong>Tomaia Leggera e Traspirante<\/strong> &#8211; <\/span>Tessuto avanzato che favorisce il flusso d&#8217;aria per mantenere le mani fresche, conservando una sensazione morbida e flessibile.<\/li>\n<li><span style=\"font-weight: 400;\"><strong>Grip Palmare DriveSkin\u2122<\/strong> &#8211; <\/span>Materiale palmare ad alte prestazioni progettato per un feedback di sterzo preciso, presa salda ed eccellente resistenza all&#8217;usura.<\/li>\n<li><span style=\"font-weight: 400;\"><strong>Forma Ergonomica Preformata<\/strong> &#8211; <\/span>Progettati per seguire la posizione naturale della mano, riducendo l&#8217;affaticamento e migliorando il controllo durante la gara.<\/li>\n<\/ul>\n<p><span style=\"font-weight: 400;\">Ogni elemento \u2014 dalla <strong>caratteristica punta rossa delle dita<\/strong> alle <strong>cuciture di precisione<\/strong> \u2014 riflette un&#8217;attenzione alla durata, alle prestazioni e alla connessione con il pilota. Questi sono guanti da karting <strong>costruiti per piloti che operano al limite<\/strong> e si aspettano che la loro attrezzatura faccia lo stesso. <\/span><\/p>\n<p><strong>Pronti per la gara. Omologati FIA. Inconfondibilmente 32Five.  <\/strong><\/p>\n<p><img decoding=\"async\" class=\"alignnone wp-image-222671 lazyload\" data-src=\"https:\/\/zamphelmets.co\/wp-content\/uploads\/2026\/01\/32F-SizeGuide-25-V1-scaled.webp\" alt=\"\" width=\"500\" height=\"269\" data-srcset=\"https:\/\/zamphelmets.co\/wp-content\/uploads\/2026\/01\/32F-SizeGuide-25-V1-scaled.webp 2560w, https:\/\/zamphelmets.co\/wp-content\/uploads\/2026\/01\/32F-SizeGuide-25-V1-300x161.webp 300w, https:\/\/zamphelmets.co\/wp-content\/uploads\/2026\/01\/32F-SizeGuide-25-V1-1024x551.webp 1024w, https:\/\/zamphelmets.co\/wp-content\/uploads\/2026\/01\/32F-SizeGuide-25-V1-768x413.webp 768w, https:\/\/zamphelmets.co\/wp-content\/uploads\/2026\/01\/32F-SizeGuide-25-V1-1536x826.webp 1536w, https:\/\/zamphelmets.co\/wp-content\/uploads\/2026\/01\/32F-SizeGuide-25-V1-2048x1101.webp 2048w, https:\/\/zamphelmets.co\/wp-content\/uploads\/2026\/01\/32F-SizeGuide-25-V1-600x323.webp 600w\" data-sizes=\"(max-width: 500px) 100vw, 500px\" src=\"data:image\/svg+xml;base64,PHN2ZyB3aWR0aD0iMSIgaGVpZ2h0PSIxIiB4bWxucz0iaHR0cDovL3d3dy53My5vcmcvMjAwMC9zdmciPjwvc3ZnPg==\" style=\"--smush-placeholder-width: 500px; --smush-placeholder-aspect-ratio: 500\/269;\" \/><\/p>\n","protected":false},"excerpt":{"rendered":"<p>Scopri i guanti da kart 32Five PLUS F \u2013 PUSH YOUR LIMIT, il primo guanto del brand interamente omologato FIA, progettato per i piloti che esigono protezione certificata senza rinunciare a sensibilit\u00e0, vestibilit\u00e0 o impatto visivo. Omologata secondo lo standard FIA 8877-2022, la gamma PLUS F segna un&#8217;importante evoluzione per 32Five, unendo sicurezza da gara, [&hellip;]<\/p>\n","protected":false},"featured_media":190010,"comment_status":"open","ping_status":"closed","template":"","meta":{"_acf_changed":false,"_iconic_wsb_product_page_order_bump_ids":[[]],"_sku":[],"_iconic_wsb_product_page_bump_modal_ids":[[]]},"product_brand":[],"product_cat":[484,192,191],"product_tag":[],"class_list":{"0":"post-205406","1":"product","2":"type-product","3":"status-publish","4":"has-post-thumbnail","6":"product_cat-32five","7":"product_cat-guanti","8":"product_cat-protezione-abbigliamento","10":"first","11":"instock","12":"taxable","13":"shipping-taxable","14":"purchasable","15":"product-type-variable"},"acf":[],"yoast_head":"<!-- This site is optimized with the Yoast SEO plugin v27.0 - https:\/\/yoast.com\/product\/yoast-seo-wordpress\/ -->\n<title>&quot;PLUS F&quot; - PUSH YOUR LIMIT - Black\/Neon Fire - Guanto Kart FIA<\/title>\n<meta name=\"description\" content=\"I guanti da kart 32Five PLUS F sono omologati FIA 8877-2022, offrendo protezione professionale, grip DriveSkin e controllo di precisione per piloti competitivi.\" \/>\n<meta name=\"robots\" content=\"index, follow, max-snippet:-1, max-image-preview:large, max-video-preview:-1\" \/>\n<link rel=\"canonical\" href=\"https:\/\/zamphelmets.co\/it\/prodotto\/plus-f-push-your-limit-black-neon-fire\/\" \/>\n<meta property=\"og:locale\" content=\"it_IT\" \/>\n<meta property=\"og:type\" content=\"article\" \/>\n<meta property=\"og:title\" content=\"&quot;PLUS F&quot; - PUSH YOUR LIMIT - Black\/Neon Fire - Guanto Kart FIA\" \/>\n<meta property=\"og:description\" content=\"I guanti da kart 32Five PLUS F sono omologati FIA 8877-2022, offrendo protezione professionale, grip DriveSkin e controllo di precisione per piloti competitivi.\" \/>\n<meta property=\"og:url\" content=\"https:\/\/zamphelmets.co\/it\/prodotto\/plus-f-push-your-limit-black-neon-fire\/\" \/>\n<meta property=\"og:site_name\" content=\"Zamp Helmets | Helmet 28 EU\" \/>\n<meta property=\"article:modified_time\" content=\"2026-02-27T10:56:54+00:00\" \/>\n<meta property=\"og:image\" content=\"https:\/\/zamphelmets.co\/wp-content\/uploads\/2026\/01\/fireee.jpeg\" \/>\n\t<meta property=\"og:image:width\" content=\"969\" \/>\n\t<meta property=\"og:image:height\" content=\"1000\" \/>\n\t<meta property=\"og:image:type\" content=\"image\/jpeg\" \/>\n<meta name=\"twitter:card\" content=\"summary_large_image\" \/>\n<meta name=\"twitter:label1\" content=\"Est. reading time\" \/>\n\t<meta name=\"twitter:data1\" content=\"1 minuto\" \/>\n<script type=\"application\/ld+json\" class=\"yoast-schema-graph\">{\"@context\":\"https:\/\/schema.org\",\"@graph\":[{\"@type\":\"WebPage\",\"@id\":\"https:\/\/zamphelmets.co\/it\/prodotto\/plus-f-push-your-limit-black-neon-fire\/\",\"url\":\"https:\/\/zamphelmets.co\/it\/prodotto\/plus-f-push-your-limit-black-neon-fire\/\",\"name\":\"\\\"PLUS F\\\" - PUSH YOUR LIMIT - Black\/Neon Fire - Guanto Kart FIA\",\"isPartOf\":{\"@id\":\"https:\/\/zamphelmets.co\/it\/#website\"},\"primaryImageOfPage\":{\"@id\":\"https:\/\/zamphelmets.co\/it\/prodotto\/plus-f-push-your-limit-black-neon-fire\/#primaryimage\"},\"image\":{\"@id\":\"https:\/\/zamphelmets.co\/it\/prodotto\/plus-f-push-your-limit-black-neon-fire\/#primaryimage\"},\"thumbnailUrl\":\"https:\/\/zamphelmets.co\/wp-content\/uploads\/2026\/01\/fireee.jpeg\",\"datePublished\":\"2026-01-26T11:25:30+00:00\",\"dateModified\":\"2026-02-27T10:56:54+00:00\",\"description\":\"I guanti da kart 32Five PLUS F sono omologati FIA 8877-2022, offrendo protezione professionale, grip DriveSkin e controllo di precisione per piloti competitivi.\",\"breadcrumb\":{\"@id\":\"https:\/\/zamphelmets.co\/it\/prodotto\/plus-f-push-your-limit-black-neon-fire\/#breadcrumb\"},\"inLanguage\":\"it-IT\",\"potentialAction\":[{\"@type\":\"ReadAction\",\"target\":[\"https:\/\/zamphelmets.co\/it\/prodotto\/plus-f-push-your-limit-black-neon-fire\/\"]}]},{\"@type\":\"ImageObject\",\"inLanguage\":\"it-IT\",\"@id\":\"https:\/\/zamphelmets.co\/it\/prodotto\/plus-f-push-your-limit-black-neon-fire\/#primaryimage\",\"url\":\"https:\/\/zamphelmets.co\/wp-content\/uploads\/2026\/01\/fireee.jpeg\",\"contentUrl\":\"https:\/\/zamphelmets.co\/wp-content\/uploads\/2026\/01\/fireee.jpeg\",\"width\":969,\"height\":1000},{\"@type\":\"BreadcrumbList\",\"@id\":\"https:\/\/zamphelmets.co\/it\/prodotto\/plus-f-push-your-limit-black-neon-fire\/#breadcrumb\",\"itemListElement\":[{\"@type\":\"ListItem\",\"position\":1,\"name\":\"Negozio\",\"item\":\"https:\/\/zamphelmets.co\/it\/negozio\/\"},{\"@type\":\"ListItem\",\"position\":2,\"name\":\"&#8220;PLUS F&#8221; &#8211; PUSH YOUR LIMIT &#8211; Black\/Neon Fire\"}]},{\"@type\":\"WebSite\",\"@id\":\"https:\/\/zamphelmets.co\/it\/#website\",\"url\":\"https:\/\/zamphelmets.co\/it\/\",\"name\":\"Zamp Helmets | Helmet 28 EU\",\"description\":\"High Quality Motorsport Helmets\",\"potentialAction\":[{\"@type\":\"SearchAction\",\"target\":{\"@type\":\"EntryPoint\",\"urlTemplate\":\"https:\/\/zamphelmets.co\/it\/?s={search_term_string}\"},\"query-input\":{\"@type\":\"PropertyValueSpecification\",\"valueRequired\":true,\"valueName\":\"search_term_string\"}}],\"inLanguage\":\"it-IT\"}]}<\/script>\n<!-- \/ Yoast SEO plugin. -->","yoast_head_json":{"title":"\"PLUS F\" - PUSH YOUR LIMIT - Black\/Neon Fire - Guanto Kart FIA","description":"I guanti da kart 32Five PLUS F sono omologati FIA 8877-2022, offrendo protezione professionale, grip DriveSkin e controllo di precisione per piloti competitivi.","robots":{"index":"index","follow":"follow","max-snippet":"max-snippet:-1","max-image-preview":"max-image-preview:large","max-video-preview":"max-video-preview:-1"},"canonical":"https:\/\/zamphelmets.co\/it\/prodotto\/plus-f-push-your-limit-black-neon-fire\/","og_locale":"it_IT","og_type":"article","og_title":"\"PLUS F\" - PUSH YOUR LIMIT - Black\/Neon Fire - Guanto Kart FIA","og_description":"I guanti da kart 32Five PLUS F sono omologati FIA 8877-2022, offrendo protezione professionale, grip DriveSkin e controllo di precisione per piloti competitivi.","og_url":"https:\/\/zamphelmets.co\/it\/prodotto\/plus-f-push-your-limit-black-neon-fire\/","og_site_name":"Zamp Helmets | Helmet 28 EU","article_modified_time":"2026-02-27T10:56:54+00:00","og_image":[{"width":969,"height":1000,"url":"https:\/\/zamphelmets.co\/wp-content\/uploads\/2026\/01\/fireee.jpeg","type":"image\/jpeg"}],"twitter_card":"summary_large_image","twitter_misc":{"Est. reading time":"1 minuto"},"schema":{"@context":"https:\/\/schema.org","@graph":[{"@type":"WebPage","@id":"https:\/\/zamphelmets.co\/it\/prodotto\/plus-f-push-your-limit-black-neon-fire\/","url":"https:\/\/zamphelmets.co\/it\/prodotto\/plus-f-push-your-limit-black-neon-fire\/","name":"\"PLUS F\" - PUSH YOUR LIMIT - Black\/Neon Fire - Guanto Kart FIA","isPartOf":{"@id":"https:\/\/zamphelmets.co\/it\/#website"},"primaryImageOfPage":{"@id":"https:\/\/zamphelmets.co\/it\/prodotto\/plus-f-push-your-limit-black-neon-fire\/#primaryimage"},"image":{"@id":"https:\/\/zamphelmets.co\/it\/prodotto\/plus-f-push-your-limit-black-neon-fire\/#primaryimage"},"thumbnailUrl":"https:\/\/zamphelmets.co\/wp-content\/uploads\/2026\/01\/fireee.jpeg","datePublished":"2026-01-26T11:25:30+00:00","dateModified":"2026-02-27T10:56:54+00:00","description":"I guanti da kart 32Five PLUS F sono omologati FIA 8877-2022, offrendo protezione professionale, grip DriveSkin e controllo di precisione per piloti competitivi.","breadcrumb":{"@id":"https:\/\/zamphelmets.co\/it\/prodotto\/plus-f-push-your-limit-black-neon-fire\/#breadcrumb"},"inLanguage":"it-IT","potentialAction":[{"@type":"ReadAction","target":["https:\/\/zamphelmets.co\/it\/prodotto\/plus-f-push-your-limit-black-neon-fire\/"]}]},{"@type":"ImageObject","inLanguage":"it-IT","@id":"https:\/\/zamphelmets.co\/it\/prodotto\/plus-f-push-your-limit-black-neon-fire\/#primaryimage","url":"https:\/\/zamphelmets.co\/wp-content\/uploads\/2026\/01\/fireee.jpeg","contentUrl":"https:\/\/zamphelmets.co\/wp-content\/uploads\/2026\/01\/fireee.jpeg","width":969,"height":1000},{"@type":"BreadcrumbList","@id":"https:\/\/zamphelmets.co\/it\/prodotto\/plus-f-push-your-limit-black-neon-fire\/#breadcrumb","itemListElement":[{"@type":"ListItem","position":1,"name":"Negozio","item":"https:\/\/zamphelmets.co\/it\/negozio\/"},{"@type":"ListItem","position":2,"name":"&#8220;PLUS F&#8221; &#8211; PUSH YOUR LIMIT &#8211; Black\/Neon Fire"}]},{"@type":"WebSite","@id":"https:\/\/zamphelmets.co\/it\/#website","url":"https:\/\/zamphelmets.co\/it\/","name":"Zamp Helmets | Helmet 28 EU","description":"High Quality Motorsport Helmets","potentialAction":[{"@type":"SearchAction","target":{"@type":"EntryPoint","urlTemplate":"https:\/\/zamphelmets.co\/it\/?s={search_term_string}"},"query-input":{"@type":"PropertyValueSpecification","valueRequired":true,"valueName":"search_term_string"}}],"inLanguage":"it-IT"}]}},"_links":{"self":[{"href":"https:\/\/zamphelmets.co\/it\/wp-json\/wp\/v2\/product\/205406","targetHints":{"allow":["GET"]}}],"collection":[{"href":"https:\/\/zamphelmets.co\/it\/wp-json\/wp\/v2\/product"}],"about":[{"href":"https:\/\/zamphelmets.co\/it\/wp-json\/wp\/v2\/types\/product"}],"replies":[{"embeddable":true,"href":"https:\/\/zamphelmets.co\/it\/wp-json\/wp\/v2\/comments?post=205406"}],"wp:featuredmedia":[{"embeddable":true,"href":"https:\/\/zamphelmets.co\/it\/wp-json\/wp\/v2\/media\/190010"}],"wp:attachment":[{"href":"https:\/\/zamphelmets.co\/it\/wp-json\/wp\/v2\/media?parent=205406"}],"wp:term":[{"taxonomy":"product_brand","embeddable":true,"href":"https:\/\/zamphelmets.co\/it\/wp-json\/wp\/v2\/product_brand?post=205406"},{"taxonomy":"product_cat","embeddable":true,"href":"https:\/\/zamphelmets.co\/it\/wp-json\/wp\/v2\/product_cat?post=205406"},{"taxonomy":"product_tag","embeddable":true,"href":"https:\/\/zamphelmets.co\/it\/wp-json\/wp\/v2\/product_tag?post=205406"}],"curies":[{"name":"wp","href":"https:\/\/api.w.org\/{rel}","templated":true}]}}