{"id":22357,"date":"2022-01-20T09:43:59","date_gmt":"2022-01-20T09:43:59","guid":{"rendered":"https:\/\/zamphelmets.co\/vinci-un-casco-rz-59-nero-opaco\/"},"modified":"2022-01-20T09:43:59","modified_gmt":"2022-01-20T09:43:59","slug":"vinci-un-casco-rz-59-nero-opaco","status":"publish","type":"page","link":"https:\/\/zamphelmets.co\/it\/vinci-un-casco-rz-59-nero-opaco\/","title":{"rendered":"Vinci un casco RZ-59 nero opaco!"},"content":{"rendered":"<p><strong>Abbiamo collaborato con Sam Callahan Motorsport per darti la possibilit\u00e0 di vincere un <a href=\"https:\/\/zamphelmets.co\/it\/prodotto\/rz-59-nero-opaco\/\">casco RZ-59 Matte Black<\/a>!  <\/strong><\/p>\n<div class=\"klaviyo-form-XFWwrK\"><\/div>\n<p><img decoding=\"async\" class=\"size-medium wp-image-4704 alignleft lazyload\" data-src=\"https:\/\/zamphelmets.co\/wp-content\/uploads\/sites\/3\/2021\/11\/H77203F-300x300.jpg\" alt=\"Casco RZ 59 nero opaco zamp\" width=\"300\" height=\"300\" data-srcset=\"https:\/\/zamphelmets.co\/wp-content\/uploads\/2021\/11\/H77203F-300x300.jpg 300w, https:\/\/zamphelmets.co\/wp-content\/uploads\/2021\/11\/H77203F-1024x1024.jpg 1024w, https:\/\/zamphelmets.co\/wp-content\/uploads\/2021\/11\/H77203F-150x150.jpg 150w, https:\/\/zamphelmets.co\/wp-content\/uploads\/2021\/11\/H77203F-768x768.jpg 768w, https:\/\/zamphelmets.co\/wp-content\/uploads\/2021\/11\/H77203F-600x600.jpg 600w, https:\/\/zamphelmets.co\/wp-content\/uploads\/2021\/11\/H77203F-100x100.jpg 100w, https:\/\/zamphelmets.co\/wp-content\/uploads\/2021\/11\/H77203F.jpg 1500w\" data-sizes=\"(max-width: 300px) 100vw, 300px\" src=\"data:image\/svg+xml;base64,PHN2ZyB3aWR0aD0iMSIgaGVpZ2h0PSIxIiB4bWxucz0iaHR0cDovL3d3dy53My5vcmcvMjAwMC9zdmciPjwvc3ZnPg==\" style=\"--smush-placeholder-width: 300px; --smush-placeholder-aspect-ratio: 300\/300;\" \/>Lo Zamp <a href=\"https:\/\/zamphelmets.co\/it\/prodotto\/rz-59-nero-opaco\/#description\">RZ-59 Matte Black <\/a> combina la pi\u00f9 recente tecnologia dei caschi <a href=\"https:\/\/zamphelmets.co\/it\/lomologazione-spiegata\/\">Snell SA2020<\/a> con un design di qualit\u00e0 per offrire il <em>casco pi\u00f9 conveniente in assoluto sul mercato!<\/em><\/p>\n<p>Questo modello offre grande ventilazione e comfort con un design elegante e semplice che aiuta a rimanere freschi e a evitare l&#8217;appannamento in condizioni di gara estreme. L&#8217;<a href=\"https:\/\/zamphelmets.co\/it\/prodotto\/rz-59-nero-opaco\/#description\">RZ-59<\/a> offre un&#8217;ottima vestibilit\u00e0, finiture di alto livello e il prezzo pi\u00f9 competitivo del settore.<\/p>\n<div class=\"klaviyo-form-XFWwrK\"><\/div>\n<div><\/div>\n<p>&nbsp;<\/p>\n<p><em>Per partecipare \u00e8 sufficiente compilare il modulo qui sopra e poi tenere d&#8217;occhio la posta elettronica per scoprire se sei stato scelto come fortunato vincitore! Il vincitore sar\u00e0 annunciato il 22 febbraio 2022.<img decoding=\"async\" class=\"wp-image-4723 aligncenter lazyload\" data-src=\"https:\/\/zamphelmets.co\/wp-content\/uploads\/sites\/3\/2021\/11\/IMG_3354-300x294.jpg\" alt=\"\" width=\"400\" height=\"392\" data-srcset=\"https:\/\/zamphelmets.co\/wp-content\/uploads\/2021\/11\/IMG_3354-300x294.jpg 300w, https:\/\/zamphelmets.co\/wp-content\/uploads\/2021\/11\/IMG_3354-1024x1005.jpg 1024w, https:\/\/zamphelmets.co\/wp-content\/uploads\/2021\/11\/IMG_3354-768x754.jpg 768w, https:\/\/zamphelmets.co\/wp-content\/uploads\/2021\/11\/IMG_3354-600x589.jpg 600w, https:\/\/zamphelmets.co\/wp-content\/uploads\/2021\/11\/IMG_3354.jpg 1242w\" data-sizes=\"(max-width: 400px) 100vw, 400px\" src=\"data:image\/svg+xml;base64,PHN2ZyB3aWR0aD0iMSIgaGVpZ2h0PSIxIiB4bWxucz0iaHR0cDovL3d3dy53My5vcmcvMjAwMC9zdmciPjwvc3ZnPg==\" style=\"--smush-placeholder-width: 400px; --smush-placeholder-aspect-ratio: 400\/392;\" \/><\/em><\/p>\n","protected":false},"excerpt":{"rendered":"<p>Abbiamo collaborato con Sam Callahan Motorsport per darti la possibilit\u00e0 di vincere un casco RZ-59 Matte Black! Lo Zamp RZ-59 Matte Black combina la pi\u00f9 recente tecnologia dei caschi Snell SA2020 con un design di qualit\u00e0 per offrire il casco pi\u00f9 conveniente in assoluto sul mercato! Questo modello offre grande ventilazione e comfort con un [&hellip;]<\/p>\n","protected":false},"author":2,"featured_media":15336,"parent":0,"menu_order":0,"comment_status":"closed","ping_status":"closed","template":"","meta":{"_acf_changed":false,"footnotes":""},"class_list":["post-22357","page","type-page","status-publish","has-post-thumbnail","hentry"],"acf":[],"yoast_head":"<!-- This site is optimized with the Yoast SEO plugin v27.0 - https:\/\/yoast.com\/product\/yoast-seo-wordpress\/ -->\n<title>Vinci un casco RZ-59 nero opaco! - Zamp Helmets | Helmet 28 EU<\/title>\n<meta name=\"description\" content=\"Abbiamo collaborato con Sam Callahan Racing per darti la possibilit\u00e0 di vincere un casco RZ-59 Matte Black del valore di oltre 200\u20ac.\" \/>\n<meta name=\"robots\" content=\"index, follow, max-snippet:-1, max-image-preview:large, max-video-preview:-1\" \/>\n<link rel=\"canonical\" href=\"https:\/\/zamphelmets.co\/it\/vinci-un-casco-rz-59-nero-opaco\/\" \/>\n<meta property=\"og:locale\" content=\"it_IT\" \/>\n<meta property=\"og:type\" content=\"article\" \/>\n<meta property=\"og:title\" content=\"Vinci un casco RZ-59 nero opaco! - Zamp Helmets | Helmet 28 EU\" \/>\n<meta property=\"og:description\" content=\"Abbiamo collaborato con Sam Callahan Racing per darti la possibilit\u00e0 di vincere un casco RZ-59 Matte Black del valore di oltre 200\u20ac.\" \/>\n<meta property=\"og:url\" content=\"https:\/\/zamphelmets.co\/it\/vinci-un-casco-rz-59-nero-opaco\/\" \/>\n<meta property=\"og:site_name\" content=\"Zamp Helmets | Helmet 28 EU\" \/>\n<meta property=\"og:image\" content=\"https:\/\/zamphelmets.co\/wp-content\/uploads\/2021\/11\/H77203F.jpg\" \/>\n\t<meta property=\"og:image:width\" content=\"1500\" \/>\n\t<meta property=\"og:image:height\" content=\"1500\" \/>\n\t<meta property=\"og:image:type\" content=\"image\/jpeg\" \/>\n<meta name=\"twitter:card\" content=\"summary_large_image\" \/>\n<meta name=\"twitter:label1\" content=\"Est. reading time\" \/>\n\t<meta name=\"twitter:data1\" content=\"1 minuto\" \/>\n<script type=\"application\/ld+json\" class=\"yoast-schema-graph\">{\"@context\":\"https:\/\/schema.org\",\"@graph\":[{\"@type\":\"WebPage\",\"@id\":\"https:\/\/zamphelmets.co\/it\/vinci-un-casco-rz-59-nero-opaco\/\",\"url\":\"https:\/\/zamphelmets.co\/it\/vinci-un-casco-rz-59-nero-opaco\/\",\"name\":\"Vinci un casco RZ-59 nero opaco! - Zamp Helmets | Helmet 28 EU\",\"isPartOf\":{\"@id\":\"https:\/\/zamphelmets.co\/it\/#website\"},\"primaryImageOfPage\":{\"@id\":\"https:\/\/zamphelmets.co\/it\/vinci-un-casco-rz-59-nero-opaco\/#primaryimage\"},\"image\":{\"@id\":\"https:\/\/zamphelmets.co\/it\/vinci-un-casco-rz-59-nero-opaco\/#primaryimage\"},\"thumbnailUrl\":\"https:\/\/zamphelmets.co\/wp-content\/uploads\/2021\/11\/H77203F.jpg\",\"datePublished\":\"2022-01-20T09:43:59+00:00\",\"description\":\"Abbiamo collaborato con Sam Callahan Racing per darti la possibilit\u00e0 di vincere un casco RZ-59 Matte Black del valore di oltre 200\u20ac.\",\"inLanguage\":\"it-IT\",\"potentialAction\":[{\"@type\":\"ReadAction\",\"target\":[\"https:\/\/zamphelmets.co\/it\/vinci-un-casco-rz-59-nero-opaco\/\"]}]},{\"@type\":\"ImageObject\",\"inLanguage\":\"it-IT\",\"@id\":\"https:\/\/zamphelmets.co\/it\/vinci-un-casco-rz-59-nero-opaco\/#primaryimage\",\"url\":\"https:\/\/zamphelmets.co\/wp-content\/uploads\/2021\/11\/H77203F.jpg\",\"contentUrl\":\"https:\/\/zamphelmets.co\/wp-content\/uploads\/2021\/11\/H77203F.jpg\",\"width\":1500,\"height\":1500},{\"@type\":\"WebSite\",\"@id\":\"https:\/\/zamphelmets.co\/it\/#website\",\"url\":\"https:\/\/zamphelmets.co\/it\/\",\"name\":\"Zamp Helmets | Helmet 28 EU\",\"description\":\"High Quality Motorsport Helmets\",\"potentialAction\":[{\"@type\":\"SearchAction\",\"target\":{\"@type\":\"EntryPoint\",\"urlTemplate\":\"https:\/\/zamphelmets.co\/it\/?s={search_term_string}\"},\"query-input\":{\"@type\":\"PropertyValueSpecification\",\"valueRequired\":true,\"valueName\":\"search_term_string\"}}],\"inLanguage\":\"it-IT\"}]}<\/script>\n<!-- \/ Yoast SEO plugin. -->","yoast_head_json":{"title":"Vinci un casco RZ-59 nero opaco! - Zamp Helmets | Helmet 28 EU","description":"Abbiamo collaborato con Sam Callahan Racing per darti la possibilit\u00e0 di vincere un casco RZ-59 Matte Black del valore di oltre 200\u20ac.","robots":{"index":"index","follow":"follow","max-snippet":"max-snippet:-1","max-image-preview":"max-image-preview:large","max-video-preview":"max-video-preview:-1"},"canonical":"https:\/\/zamphelmets.co\/it\/vinci-un-casco-rz-59-nero-opaco\/","og_locale":"it_IT","og_type":"article","og_title":"Vinci un casco RZ-59 nero opaco! - Zamp Helmets | Helmet 28 EU","og_description":"Abbiamo collaborato con Sam Callahan Racing per darti la possibilit\u00e0 di vincere un casco RZ-59 Matte Black del valore di oltre 200\u20ac.","og_url":"https:\/\/zamphelmets.co\/it\/vinci-un-casco-rz-59-nero-opaco\/","og_site_name":"Zamp Helmets | Helmet 28 EU","og_image":[{"width":1500,"height":1500,"url":"https:\/\/zamphelmets.co\/wp-content\/uploads\/2021\/11\/H77203F.jpg","type":"image\/jpeg"}],"twitter_card":"summary_large_image","twitter_misc":{"Est. reading time":"1 minuto"},"schema":{"@context":"https:\/\/schema.org","@graph":[{"@type":"WebPage","@id":"https:\/\/zamphelmets.co\/it\/vinci-un-casco-rz-59-nero-opaco\/","url":"https:\/\/zamphelmets.co\/it\/vinci-un-casco-rz-59-nero-opaco\/","name":"Vinci un casco RZ-59 nero opaco! - Zamp Helmets | Helmet 28 EU","isPartOf":{"@id":"https:\/\/zamphelmets.co\/it\/#website"},"primaryImageOfPage":{"@id":"https:\/\/zamphelmets.co\/it\/vinci-un-casco-rz-59-nero-opaco\/#primaryimage"},"image":{"@id":"https:\/\/zamphelmets.co\/it\/vinci-un-casco-rz-59-nero-opaco\/#primaryimage"},"thumbnailUrl":"https:\/\/zamphelmets.co\/wp-content\/uploads\/2021\/11\/H77203F.jpg","datePublished":"2022-01-20T09:43:59+00:00","description":"Abbiamo collaborato con Sam Callahan Racing per darti la possibilit\u00e0 di vincere un casco RZ-59 Matte Black del valore di oltre 200\u20ac.","inLanguage":"it-IT","potentialAction":[{"@type":"ReadAction","target":["https:\/\/zamphelmets.co\/it\/vinci-un-casco-rz-59-nero-opaco\/"]}]},{"@type":"ImageObject","inLanguage":"it-IT","@id":"https:\/\/zamphelmets.co\/it\/vinci-un-casco-rz-59-nero-opaco\/#primaryimage","url":"https:\/\/zamphelmets.co\/wp-content\/uploads\/2021\/11\/H77203F.jpg","contentUrl":"https:\/\/zamphelmets.co\/wp-content\/uploads\/2021\/11\/H77203F.jpg","width":1500,"height":1500},{"@type":"WebSite","@id":"https:\/\/zamphelmets.co\/it\/#website","url":"https:\/\/zamphelmets.co\/it\/","name":"Zamp Helmets | Helmet 28 EU","description":"High Quality Motorsport Helmets","potentialAction":[{"@type":"SearchAction","target":{"@type":"EntryPoint","urlTemplate":"https:\/\/zamphelmets.co\/it\/?s={search_term_string}"},"query-input":{"@type":"PropertyValueSpecification","valueRequired":true,"valueName":"search_term_string"}}],"inLanguage":"it-IT"}]}},"_links":{"self":[{"href":"https:\/\/zamphelmets.co\/it\/wp-json\/wp\/v2\/pages\/22357","targetHints":{"allow":["GET"]}}],"collection":[{"href":"https:\/\/zamphelmets.co\/it\/wp-json\/wp\/v2\/pages"}],"about":[{"href":"https:\/\/zamphelmets.co\/it\/wp-json\/wp\/v2\/types\/page"}],"author":[{"embeddable":true,"href":"https:\/\/zamphelmets.co\/it\/wp-json\/wp\/v2\/users\/2"}],"replies":[{"embeddable":true,"href":"https:\/\/zamphelmets.co\/it\/wp-json\/wp\/v2\/comments?post=22357"}],"version-history":[{"count":0,"href":"https:\/\/zamphelmets.co\/it\/wp-json\/wp\/v2\/pages\/22357\/revisions"}],"wp:featuredmedia":[{"embeddable":true,"href":"https:\/\/zamphelmets.co\/it\/wp-json\/wp\/v2\/media\/15336"}],"wp:attachment":[{"href":"https:\/\/zamphelmets.co\/it\/wp-json\/wp\/v2\/media?parent=22357"}],"curies":[{"name":"wp","href":"https:\/\/api.w.org\/{rel}","templated":true}]}}