{"id":22179,"date":"2021-12-17T10:10:53","date_gmt":"2021-12-17T10:10:53","guid":{"rendered":"https:\/\/zamphelmets.co\/vinci-un-casco-rz-59-grigio-opaco\/"},"modified":"2021-12-17T10:10:53","modified_gmt":"2021-12-17T10:10:53","slug":"vinci-un-casco-rz-59-grigio-opaco","status":"publish","type":"page","link":"https:\/\/zamphelmets.co\/it\/vinci-un-casco-rz-59-grigio-opaco\/","title":{"rendered":"Vinci un casco RZ-59 grigio opaco!"},"content":{"rendered":"<p><strong>Abbiamo collaborato con <a href=\"https:\/\/www.youtube.com\/channel\/UCkOKVH-H63P7yUbtbZ25yxw\">Tom Gear<\/a> per darti la possibilit\u00e0 di vincere un <a href=\"https:\/\/zamphelmets.co\/it\/prodotto\/rz-59-grigio-opaco\/#description\">casco RZ-59 Matte Grey<\/a> e un cappellino Zamp in omaggio!  <\/strong><\/p>\n<div class=\"klaviyo-form-WSmQDv\"><\/div>\n<p><img decoding=\"async\" class=\"alignleft lazyload\" data-src=\"https:\/\/zamphelmets.co\/wp-content\/uploads\/sites\/3\/2020\/08\/H77215F.jpg\" alt=\"Casco da corsa RZ 59 Matte Grey di Zamp Helmets\" width=\"235\" height=\"235\" src=\"data:image\/svg+xml;base64,PHN2ZyB3aWR0aD0iMSIgaGVpZ2h0PSIxIiB4bWxucz0iaHR0cDovL3d3dy53My5vcmcvMjAwMC9zdmciPjwvc3ZnPg==\" style=\"--smush-placeholder-width: 235px; --smush-placeholder-aspect-ratio: 235\/235;\">Lo Zamp <a href=\"https:\/\/zamphelmets.co\/it\/prodotto\/rz-59-grigio-opaco\/#description\">RZ-59 Matte Grey <\/a> combina la pi\u00f9 recente tecnologia dei caschi <a href=\"https:\/\/zamphelmets.co\/it\/lomologazione-spiegata\/\">Snell SA2020<\/a> con un design di qualit\u00e0 per offrire il <em>casco pi\u00f9 conveniente in assoluto sul mercato!<\/em><\/p>\n<p>Questo modello offre grande ventilazione e comfort con un design elegante e semplice che aiuta a rimanere freschi e a evitare l&#8217;appannamento in condizioni di gara estreme. L&#8217;<a href=\"https:\/\/zamphelmets.co\/it\/prodotto\/rz-59-grigio-opaco\/#description\">RZ-59<\/a> offre un&#8217;ottima vestibilit\u00e0, finiture di alto livello e il prezzo pi\u00f9 competitivo del settore.<\/p>\n<p><em>Per partecipare \u00e8 sufficiente compilare il modulo qui sopra e poi tenere d&#8217;occhio la posta elettronica per scoprire se sei stato scelto come fortunato vincitore! Il vincitore sar\u00e0 annunciato il 28 febbraio 2022.<\/em><\/p>\n<div class=\"klaviyo-form-WSmQDv\"><\/div>\n<div><\/div>\n","protected":false},"excerpt":{"rendered":"<p>Abbiamo collaborato con Tom Gear per darti la possibilit\u00e0 di vincere un casco RZ-59 Matte Grey e un cappellino Zamp in omaggio! Lo Zamp RZ-59 Matte Grey combina la pi\u00f9 recente tecnologia dei caschi Snell SA2020 con un design di qualit\u00e0 per offrire il casco pi\u00f9 conveniente in assoluto sul mercato! Questo modello offre grande [&hellip;]<\/p>\n","protected":false},"author":2,"featured_media":0,"parent":0,"menu_order":0,"comment_status":"closed","ping_status":"closed","template":"","meta":{"_acf_changed":false,"footnotes":""},"class_list":["post-22179","page","type-page","status-publish","hentry"],"acf":[],"yoast_head":"<!-- This site is optimized with the Yoast SEO plugin v27.0 - https:\/\/yoast.com\/product\/yoast-seo-wordpress\/ -->\n<title>Vinci un casco RZ-59 grigio opaco! - Zamp Helmets | Helmet 28 EU<\/title>\n<meta name=\"robots\" content=\"index, follow, max-snippet:-1, max-image-preview:large, max-video-preview:-1\" \/>\n<link rel=\"canonical\" href=\"https:\/\/zamphelmets.co\/it\/vinci-un-casco-rz-59-grigio-opaco\/\" \/>\n<meta property=\"og:locale\" content=\"it_IT\" \/>\n<meta property=\"og:type\" content=\"article\" \/>\n<meta property=\"og:title\" content=\"Vinci un casco RZ-59 grigio opaco! - Zamp Helmets | Helmet 28 EU\" \/>\n<meta property=\"og:description\" content=\"Abbiamo collaborato con Tom Gear per darti la possibilit\u00e0 di vincere un casco RZ-59 Matte Grey e un cappellino Zamp in omaggio! Lo Zamp RZ-59 Matte Grey combina la pi\u00f9 recente tecnologia dei caschi Snell SA2020 con un design di qualit\u00e0 per offrire il casco pi\u00f9 conveniente in assoluto sul mercato! Questo modello offre grande [&hellip;]\" \/>\n<meta property=\"og:url\" content=\"https:\/\/zamphelmets.co\/it\/vinci-un-casco-rz-59-grigio-opaco\/\" \/>\n<meta property=\"og:site_name\" content=\"Zamp Helmets | Helmet 28 EU\" \/>\n<meta property=\"og:image\" content=\"https:\/\/zamphelmets.co\/wp-content\/uploads\/sites\/3\/2020\/08\/H77215F.jpg\" \/>\n<meta name=\"twitter:card\" content=\"summary_large_image\" \/>\n<meta name=\"twitter:label1\" content=\"Est. reading time\" \/>\n\t<meta name=\"twitter:data1\" content=\"1 minuto\" \/>\n<script type=\"application\/ld+json\" class=\"yoast-schema-graph\">{\"@context\":\"https:\/\/schema.org\",\"@graph\":[{\"@type\":\"WebPage\",\"@id\":\"https:\/\/zamphelmets.co\/it\/vinci-un-casco-rz-59-grigio-opaco\/\",\"url\":\"https:\/\/zamphelmets.co\/it\/vinci-un-casco-rz-59-grigio-opaco\/\",\"name\":\"Vinci un casco RZ-59 grigio opaco! - Zamp Helmets | Helmet 28 EU\",\"isPartOf\":{\"@id\":\"https:\/\/zamphelmets.co\/it\/#website\"},\"primaryImageOfPage\":{\"@id\":\"https:\/\/zamphelmets.co\/it\/vinci-un-casco-rz-59-grigio-opaco\/#primaryimage\"},\"image\":{\"@id\":\"https:\/\/zamphelmets.co\/it\/vinci-un-casco-rz-59-grigio-opaco\/#primaryimage\"},\"thumbnailUrl\":\"https:\/\/zamphelmets.co\/wp-content\/uploads\/sites\/3\/2020\/08\/H77215F.jpg\",\"datePublished\":\"2021-12-17T10:10:53+00:00\",\"inLanguage\":\"it-IT\",\"potentialAction\":[{\"@type\":\"ReadAction\",\"target\":[\"https:\/\/zamphelmets.co\/it\/vinci-un-casco-rz-59-grigio-opaco\/\"]}]},{\"@type\":\"ImageObject\",\"inLanguage\":\"it-IT\",\"@id\":\"https:\/\/zamphelmets.co\/it\/vinci-un-casco-rz-59-grigio-opaco\/#primaryimage\",\"url\":\"https:\/\/zamphelmets.co\/wp-content\/uploads\/sites\/3\/2020\/08\/H77215F.jpg\",\"contentUrl\":\"https:\/\/zamphelmets.co\/wp-content\/uploads\/sites\/3\/2020\/08\/H77215F.jpg\"},{\"@type\":\"WebSite\",\"@id\":\"https:\/\/zamphelmets.co\/it\/#website\",\"url\":\"https:\/\/zamphelmets.co\/it\/\",\"name\":\"Zamp Helmets | Helmet 28 EU\",\"description\":\"High Quality Motorsport Helmets\",\"potentialAction\":[{\"@type\":\"SearchAction\",\"target\":{\"@type\":\"EntryPoint\",\"urlTemplate\":\"https:\/\/zamphelmets.co\/it\/?s={search_term_string}\"},\"query-input\":{\"@type\":\"PropertyValueSpecification\",\"valueRequired\":true,\"valueName\":\"search_term_string\"}}],\"inLanguage\":\"it-IT\"}]}<\/script>\n<!-- \/ Yoast SEO plugin. -->","yoast_head_json":{"title":"Vinci un casco RZ-59 grigio opaco! - Zamp Helmets | Helmet 28 EU","robots":{"index":"index","follow":"follow","max-snippet":"max-snippet:-1","max-image-preview":"max-image-preview:large","max-video-preview":"max-video-preview:-1"},"canonical":"https:\/\/zamphelmets.co\/it\/vinci-un-casco-rz-59-grigio-opaco\/","og_locale":"it_IT","og_type":"article","og_title":"Vinci un casco RZ-59 grigio opaco! - Zamp Helmets | Helmet 28 EU","og_description":"Abbiamo collaborato con Tom Gear per darti la possibilit\u00e0 di vincere un casco RZ-59 Matte Grey e un cappellino Zamp in omaggio! Lo Zamp RZ-59 Matte Grey combina la pi\u00f9 recente tecnologia dei caschi Snell SA2020 con un design di qualit\u00e0 per offrire il casco pi\u00f9 conveniente in assoluto sul mercato! Questo modello offre grande [&hellip;]","og_url":"https:\/\/zamphelmets.co\/it\/vinci-un-casco-rz-59-grigio-opaco\/","og_site_name":"Zamp Helmets | Helmet 28 EU","og_image":[{"url":"https:\/\/zamphelmets.co\/wp-content\/uploads\/sites\/3\/2020\/08\/H77215F.jpg","type":"","width":"","height":""}],"twitter_card":"summary_large_image","twitter_misc":{"Est. reading time":"1 minuto"},"schema":{"@context":"https:\/\/schema.org","@graph":[{"@type":"WebPage","@id":"https:\/\/zamphelmets.co\/it\/vinci-un-casco-rz-59-grigio-opaco\/","url":"https:\/\/zamphelmets.co\/it\/vinci-un-casco-rz-59-grigio-opaco\/","name":"Vinci un casco RZ-59 grigio opaco! - Zamp Helmets | Helmet 28 EU","isPartOf":{"@id":"https:\/\/zamphelmets.co\/it\/#website"},"primaryImageOfPage":{"@id":"https:\/\/zamphelmets.co\/it\/vinci-un-casco-rz-59-grigio-opaco\/#primaryimage"},"image":{"@id":"https:\/\/zamphelmets.co\/it\/vinci-un-casco-rz-59-grigio-opaco\/#primaryimage"},"thumbnailUrl":"https:\/\/zamphelmets.co\/wp-content\/uploads\/sites\/3\/2020\/08\/H77215F.jpg","datePublished":"2021-12-17T10:10:53+00:00","inLanguage":"it-IT","potentialAction":[{"@type":"ReadAction","target":["https:\/\/zamphelmets.co\/it\/vinci-un-casco-rz-59-grigio-opaco\/"]}]},{"@type":"ImageObject","inLanguage":"it-IT","@id":"https:\/\/zamphelmets.co\/it\/vinci-un-casco-rz-59-grigio-opaco\/#primaryimage","url":"https:\/\/zamphelmets.co\/wp-content\/uploads\/sites\/3\/2020\/08\/H77215F.jpg","contentUrl":"https:\/\/zamphelmets.co\/wp-content\/uploads\/sites\/3\/2020\/08\/H77215F.jpg"},{"@type":"WebSite","@id":"https:\/\/zamphelmets.co\/it\/#website","url":"https:\/\/zamphelmets.co\/it\/","name":"Zamp Helmets | Helmet 28 EU","description":"High Quality Motorsport Helmets","potentialAction":[{"@type":"SearchAction","target":{"@type":"EntryPoint","urlTemplate":"https:\/\/zamphelmets.co\/it\/?s={search_term_string}"},"query-input":{"@type":"PropertyValueSpecification","valueRequired":true,"valueName":"search_term_string"}}],"inLanguage":"it-IT"}]}},"_links":{"self":[{"href":"https:\/\/zamphelmets.co\/it\/wp-json\/wp\/v2\/pages\/22179","targetHints":{"allow":["GET"]}}],"collection":[{"href":"https:\/\/zamphelmets.co\/it\/wp-json\/wp\/v2\/pages"}],"about":[{"href":"https:\/\/zamphelmets.co\/it\/wp-json\/wp\/v2\/types\/page"}],"author":[{"embeddable":true,"href":"https:\/\/zamphelmets.co\/it\/wp-json\/wp\/v2\/users\/2"}],"replies":[{"embeddable":true,"href":"https:\/\/zamphelmets.co\/it\/wp-json\/wp\/v2\/comments?post=22179"}],"version-history":[{"count":0,"href":"https:\/\/zamphelmets.co\/it\/wp-json\/wp\/v2\/pages\/22179\/revisions"}],"wp:attachment":[{"href":"https:\/\/zamphelmets.co\/it\/wp-json\/wp\/v2\/media?parent=22179"}],"curies":[{"name":"wp","href":"https:\/\/api.w.org\/{rel}","templated":true}]}}