{"id":22067,"date":"2020-11-24T12:30:52","date_gmt":"2020-11-24T12:30:52","guid":{"rendered":"https:\/\/zamphelmets.co\/contatto\/modulo-di-registrazione-degli-ambasciatori\/"},"modified":"2020-11-24T12:30:52","modified_gmt":"2020-11-24T12:30:52","slug":"modulo-di-registrazione-degli-ambasciatori","status":"publish","type":"page","link":"https:\/\/zamphelmets.co\/it\/contatto\/modulo-di-registrazione-degli-ambasciatori\/","title":{"rendered":"Modulo di registrazione degli ambasciatori"},"content":{"rendered":"<p><strong>Sei interessato a lavorare con <a href=\"https:\/\/zamphelmets.co\/product-category\/zamp-helmets\/\">Zamp Helmets<\/a> come ambasciatore? Compila il modulo sottostante e un membro del nostro team ti contatter\u00e0 per valutare la tua candidatura come ambasciatore.<\/strong><\/p>\n<p>Zamp Helmets offre <a href=\"https:\/\/zamphelmets.co\/product-category\/zamp-helmets\/\">caschi di alta qualit\u00e0<\/a> con tecnologie all&#8217;avanguardia a un prezzo accessibile.<\/p>\n<p>Fondata negli Stati Uniti, Zamp \u00e8 famosa per offrire una qualit\u00e0 incredibile a un <a href=\"https:\/\/zamphelmets.co\/product-category\/zamp-helmets\/\">prezzo estremamente competitivo<\/a>. Se confrontati con altri marchi presenti sul mercato, vedrai che i nostri prodotti offrono il miglior valore, le migliori caratteristiche e il miglior design. Siamo convinti che le corse non debbano essere restrittive e vietare la partecipazione a causa del prezzo. Vogliamo rendere la partecipazione di un gruppo di persone il pi\u00f9 ampio possibile.<\/p>\n<p>Che tu pratichi il motorsport di club, il karting o le serie di gare pi\u00f9 prestigiose del mondo, Zamp ha il casco che fa per te.<\/p>\n<p>Dalla voce di mercato <a href=\"https:\/\/zamphelmets.co\/product\/rz-56\/\">Full Face RZ 56<\/a>, perfetto per le giornate in pista e le gare a pozzetto chiuso. Al nostro rivoluzionario <a href=\"https:\/\/zamphelmets.co\/it\/prodotto\/interruttore-rz-70e-arancione-giallo\/#description\">casco RZ 70E Switch<\/a>, che ti permette di configurare facilmente il tuo casco per una variet\u00e0 di configurazioni da gara. La gamma Zamp offre caschi standard bianchi e neri, oltre a una straordinaria serie di caschi dipinti e grafici.<\/p>\n<h5><\/h5>\n<p><div class=\"afwc_reg_form_wrapper\"><form action=\"#\" id=\"afwc_registration_form\"><div class=\"afwc_reg_field_wrapper afwc_reg_email \"><label for=\"afwc_reg_email\" class=\"afwc_required\">Email<\/label><input type=\"email\" id=\"afwc_reg_email\" name=\"afwc_reg_email\" required class=\"afwc_reg_form_field\"\/><\/div><div class=\"afwc_reg_field_wrapper afwc_reg_first_name afwc_is_half\"><label for=\"afwc_reg_first_name\" class=\"afwc_\">First Name<\/label><input type=\"text\" id=\"afwc_reg_first_name\" name=\"afwc_reg_first_name\"  class=\"afwc_reg_form_field\"\/><\/div><div class=\"afwc_reg_field_wrapper afwc_reg_last_name afwc_is_half\"><label for=\"afwc_reg_last_name\" class=\"afwc_\">Last Name<\/label><input type=\"text\" id=\"afwc_reg_last_name\" name=\"afwc_reg_last_name\"  class=\"afwc_reg_form_field\"\/><\/div><div class=\"afwc_reg_field_wrapper afwc_reg_phone_no afwc_is_half\"><label for=\"afwc_reg_phone_no\" class=\"afwc_\">Phone Number<\/label><input type=\"tel\" id=\"afwc_reg_phone_no\" name=\"afwc_reg_phone_no\"  class=\"afwc_reg_form_field\"\/><\/div><div class=\"afwc_reg_field_wrapper afwc_reg_skype afwc_is_half\"><label for=\"afwc_reg_skype\" class=\"afwc_\">Skype ID<\/label><input type=\"text\" id=\"afwc_reg_skype\" name=\"afwc_reg_skype\"  class=\"afwc_reg_form_field\"\/><\/div><div class=\"afwc_reg_field_wrapper afwc_reg_website \"><label for=\"afwc_reg_website\" class=\"afwc_\">Website<\/label><input type=\"text\" id=\"afwc_reg_website\" name=\"afwc_reg_website\"  class=\"afwc_reg_form_field\"\/><\/div><div class=\"afwc_reg_field_wrapper afwc_reg_password afwc_is_half\"><label for=\"afwc_reg_password\" class=\"afwc_required\">Password<\/label><input type=\"password\" id=\"afwc_reg_password\" name=\"afwc_reg_password\" required class=\"afwc_reg_form_field\"\/><\/div><div class=\"afwc_reg_field_wrapper afwc_reg_confirm_password afwc_is_half\"><label for=\"afwc_reg_confirm_password\" class=\"afwc_required\">Confirm Password<\/label><input type=\"password\" id=\"afwc_reg_confirm_password\" name=\"afwc_reg_confirm_password\" required class=\"afwc_reg_form_field\"\/><\/div><div class=\"afwc_reg_field_wrapper afwc_reg_desc \"><label for=\"afwc_reg_desc\" class=\"afwc_required\">Tell us more about yourself and why you'd like to partner with us (please include your social media handles, experience promoting others, tell us about your audience etc)<\/label><textarea name=\"afwc_reg_desc\" id=\"afwc_reg_desc\" required size=\"100\" rows=\"5\" cols=\"58\" class=\"afwc_reg_form_field\"><\/textarea><\/div><div class=\"afwc_reg_field_wrapper afwc_reg_terms \"><label for=\"afwc_reg_terms\" class=\"afwc_required\"><input type=\"checkbox\" id=\"afwc_reg_terms\" name=\"afwc_reg_terms\" required class=\"afwc_reg_form_field\"\/> I accept all the terms of this program<\/label><\/div><input type=\"hidden\" name=\"afwc_registration\" id=\"afwc_registration\" value=\"5823a84a74\"\/><label style=\"position:absolute;top:-99999px;left:-99999px;z-index:-99;\"><input type=\"text\" name=\"afwc_hp_email\"  tabindex=\"-1\" autocomplete=\"-1\" value=\"\"\/><\/label><div class=\"afwc_reg_field_wrapper\"><input type=\"submit\" name=\"submit\" class=\"afwc_registration_form_submit\" id=\"afwc_registration_form_submit\" value=\"Submit\"\/><div class=\"afwc_reg_loader\"><img decoding=\"async\" data-src=\"https:\/\/zamphelmets.co\/wp-content\/plugins\/woocommerce\/assets\/images\/wpspin-2x.gif\" src=\"data:image\/svg+xml;base64,PHN2ZyB3aWR0aD0iMSIgaGVpZ2h0PSIxIiB4bWxucz0iaHR0cDovL3d3dy53My5vcmcvMjAwMC9zdmciPjwvc3ZnPg==\" class=\"lazyload\" style=\"--smush-placeholder-width: 32px; --smush-placeholder-aspect-ratio: 32\/32;\" \/><\/div><\/div><div class=\"afwc_reg_message\"><\/div><\/form><\/div><img decoding=\"async\" class=\"alignnone wp-image-2748 size-medium lazyload\" data-src=\"https:\/\/zamphelmets.co\/wp-content\/uploads\/2020\/11\/a9c4171a-b48e-419a-96b8-c046b8b23d2c-238x300.png\" alt=\"ambasciatore dei caschi zamp\" width=\"238\" height=\"300\" data-srcset=\"https:\/\/zamphelmets.co\/wp-content\/uploads\/2020\/11\/a9c4171a-b48e-419a-96b8-c046b8b23d2c-238x300.png 238w, https:\/\/zamphelmets.co\/wp-content\/uploads\/2020\/11\/a9c4171a-b48e-419a-96b8-c046b8b23d2c.png 535w\" data-sizes=\"(max-width: 238px) 100vw, 238px\" src=\"data:image\/svg+xml;base64,PHN2ZyB3aWR0aD0iMSIgaGVpZ2h0PSIxIiB4bWxucz0iaHR0cDovL3d3dy53My5vcmcvMjAwMC9zdmciPjwvc3ZnPg==\" style=\"--smush-placeholder-width: 238px; --smush-placeholder-aspect-ratio: 238\/300;\" \/><\/p>\n","protected":false},"excerpt":{"rendered":"<p>Sei interessato a lavorare con Zamp Helmets come ambasciatore? Compila il modulo sottostante e un membro del nostro team ti contatter\u00e0 per valutare la tua candidatura come ambasciatore. Zamp Helmets offre caschi di alta qualit\u00e0 con tecnologie all&#8217;avanguardia a un prezzo accessibile. Fondata negli Stati Uniti, Zamp \u00e8 famosa per offrire una qualit\u00e0 incredibile a [&hellip;]<\/p>\n","protected":false},"author":2,"featured_media":13593,"parent":21992,"menu_order":0,"comment_status":"closed","ping_status":"closed","template":"","meta":{"_acf_changed":false,"footnotes":""},"class_list":["post-22067","page","type-page","status-publish","has-post-thumbnail","hentry"],"acf":[],"yoast_head":"<!-- This site is optimized with the Yoast SEO plugin v27.0 - https:\/\/yoast.com\/product\/yoast-seo-wordpress\/ -->\n<title>Modulo di registrazione degli ambasciatori - Zamp Helmets | Helmet 28 EU<\/title>\n<meta name=\"description\" content=\"Sei interessato a lavorare con Zamp Helmets come ambasciatore? Compila il modulo sottostante e un membro del nostro team ti contatter\u00e0.\" \/>\n<meta name=\"robots\" content=\"index, follow, max-snippet:-1, max-image-preview:large, max-video-preview:-1\" \/>\n<link rel=\"canonical\" href=\"https:\/\/zamphelmets.co\/it\/contatto\/modulo-di-registrazione-degli-ambasciatori\/\" \/>\n<meta property=\"og:locale\" content=\"it_IT\" \/>\n<meta property=\"og:type\" content=\"article\" \/>\n<meta property=\"og:title\" content=\"Modulo di registrazione degli ambasciatori - Zamp Helmets | Helmet 28 EU\" \/>\n<meta property=\"og:description\" content=\"Sei interessato a lavorare con Zamp Helmets come ambasciatore? Compila il modulo sottostante e un membro del nostro team ti contatter\u00e0.\" \/>\n<meta property=\"og:url\" content=\"https:\/\/zamphelmets.co\/it\/contatto\/modulo-di-registrazione-degli-ambasciatori\/\" \/>\n<meta property=\"og:site_name\" content=\"Zamp Helmets | Helmet 28 EU\" \/>\n<meta property=\"og:image\" content=\"https:\/\/zamphelmets.co\/wp-content\/uploads\/2020\/11\/a9c4171a-b48e-419a-96b8-c046b8b23d2c.png\" \/>\n\t<meta property=\"og:image:width\" content=\"535\" \/>\n\t<meta property=\"og:image:height\" content=\"674\" \/>\n\t<meta property=\"og:image:type\" content=\"image\/png\" \/>\n<meta name=\"twitter:card\" content=\"summary_large_image\" \/>\n<meta name=\"twitter:label1\" content=\"Est. reading time\" \/>\n\t<meta name=\"twitter:data1\" content=\"1 minuto\" \/>\n<script type=\"application\/ld+json\" class=\"yoast-schema-graph\">{\"@context\":\"https:\/\/schema.org\",\"@graph\":[{\"@type\":\"WebPage\",\"@id\":\"https:\/\/zamphelmets.co\/it\/contatto\/modulo-di-registrazione-degli-ambasciatori\/\",\"url\":\"https:\/\/zamphelmets.co\/it\/contatto\/modulo-di-registrazione-degli-ambasciatori\/\",\"name\":\"Modulo di registrazione degli ambasciatori - Zamp Helmets | Helmet 28 EU\",\"isPartOf\":{\"@id\":\"https:\/\/zamphelmets.co\/it\/#website\"},\"primaryImageOfPage\":{\"@id\":\"https:\/\/zamphelmets.co\/it\/contatto\/modulo-di-registrazione-degli-ambasciatori\/#primaryimage\"},\"image\":{\"@id\":\"https:\/\/zamphelmets.co\/it\/contatto\/modulo-di-registrazione-degli-ambasciatori\/#primaryimage\"},\"thumbnailUrl\":\"https:\/\/zamphelmets.co\/wp-content\/uploads\/2020\/11\/a9c4171a-b48e-419a-96b8-c046b8b23d2c.png\",\"datePublished\":\"2020-11-24T12:30:52+00:00\",\"description\":\"Sei interessato a lavorare con Zamp Helmets come ambasciatore? Compila il modulo sottostante e un membro del nostro team ti contatter\u00e0.\",\"breadcrumb\":{\"@id\":\"https:\/\/zamphelmets.co\/it\/contatto\/modulo-di-registrazione-degli-ambasciatori\/#breadcrumb\"},\"inLanguage\":\"it-IT\",\"potentialAction\":[{\"@type\":\"ReadAction\",\"target\":[\"https:\/\/zamphelmets.co\/it\/contatto\/modulo-di-registrazione-degli-ambasciatori\/\"]}]},{\"@type\":\"ImageObject\",\"inLanguage\":\"it-IT\",\"@id\":\"https:\/\/zamphelmets.co\/it\/contatto\/modulo-di-registrazione-degli-ambasciatori\/#primaryimage\",\"url\":\"https:\/\/zamphelmets.co\/wp-content\/uploads\/2020\/11\/a9c4171a-b48e-419a-96b8-c046b8b23d2c.png\",\"contentUrl\":\"https:\/\/zamphelmets.co\/wp-content\/uploads\/2020\/11\/a9c4171a-b48e-419a-96b8-c046b8b23d2c.png\",\"width\":535,\"height\":674},{\"@type\":\"BreadcrumbList\",\"@id\":\"https:\/\/zamphelmets.co\/it\/contatto\/modulo-di-registrazione-degli-ambasciatori\/#breadcrumb\",\"itemListElement\":[{\"@type\":\"ListItem\",\"position\":1,\"name\":\"Contatto\",\"item\":\"https:\/\/zamphelmets.co\/it\/contatto\/\"},{\"@type\":\"ListItem\",\"position\":2,\"name\":\"Modulo di registrazione degli ambasciatori\"}]},{\"@type\":\"WebSite\",\"@id\":\"https:\/\/zamphelmets.co\/it\/#website\",\"url\":\"https:\/\/zamphelmets.co\/it\/\",\"name\":\"Zamp Helmets | Helmet 28 EU\",\"description\":\"High Quality Motorsport Helmets\",\"potentialAction\":[{\"@type\":\"SearchAction\",\"target\":{\"@type\":\"EntryPoint\",\"urlTemplate\":\"https:\/\/zamphelmets.co\/it\/?s={search_term_string}\"},\"query-input\":{\"@type\":\"PropertyValueSpecification\",\"valueRequired\":true,\"valueName\":\"search_term_string\"}}],\"inLanguage\":\"it-IT\"}]}<\/script>\n<!-- \/ Yoast SEO plugin. -->","yoast_head_json":{"title":"Modulo di registrazione degli ambasciatori - Zamp Helmets | Helmet 28 EU","description":"Sei interessato a lavorare con Zamp Helmets come ambasciatore? Compila il modulo sottostante e un membro del nostro team ti contatter\u00e0.","robots":{"index":"index","follow":"follow","max-snippet":"max-snippet:-1","max-image-preview":"max-image-preview:large","max-video-preview":"max-video-preview:-1"},"canonical":"https:\/\/zamphelmets.co\/it\/contatto\/modulo-di-registrazione-degli-ambasciatori\/","og_locale":"it_IT","og_type":"article","og_title":"Modulo di registrazione degli ambasciatori - Zamp Helmets | Helmet 28 EU","og_description":"Sei interessato a lavorare con Zamp Helmets come ambasciatore? Compila il modulo sottostante e un membro del nostro team ti contatter\u00e0.","og_url":"https:\/\/zamphelmets.co\/it\/contatto\/modulo-di-registrazione-degli-ambasciatori\/","og_site_name":"Zamp Helmets | Helmet 28 EU","og_image":[{"width":535,"height":674,"url":"https:\/\/zamphelmets.co\/wp-content\/uploads\/2020\/11\/a9c4171a-b48e-419a-96b8-c046b8b23d2c.png","type":"image\/png"}],"twitter_card":"summary_large_image","twitter_misc":{"Est. reading time":"1 minuto"},"schema":{"@context":"https:\/\/schema.org","@graph":[{"@type":"WebPage","@id":"https:\/\/zamphelmets.co\/it\/contatto\/modulo-di-registrazione-degli-ambasciatori\/","url":"https:\/\/zamphelmets.co\/it\/contatto\/modulo-di-registrazione-degli-ambasciatori\/","name":"Modulo di registrazione degli ambasciatori - Zamp Helmets | Helmet 28 EU","isPartOf":{"@id":"https:\/\/zamphelmets.co\/it\/#website"},"primaryImageOfPage":{"@id":"https:\/\/zamphelmets.co\/it\/contatto\/modulo-di-registrazione-degli-ambasciatori\/#primaryimage"},"image":{"@id":"https:\/\/zamphelmets.co\/it\/contatto\/modulo-di-registrazione-degli-ambasciatori\/#primaryimage"},"thumbnailUrl":"https:\/\/zamphelmets.co\/wp-content\/uploads\/2020\/11\/a9c4171a-b48e-419a-96b8-c046b8b23d2c.png","datePublished":"2020-11-24T12:30:52+00:00","description":"Sei interessato a lavorare con Zamp Helmets come ambasciatore? Compila il modulo sottostante e un membro del nostro team ti contatter\u00e0.","breadcrumb":{"@id":"https:\/\/zamphelmets.co\/it\/contatto\/modulo-di-registrazione-degli-ambasciatori\/#breadcrumb"},"inLanguage":"it-IT","potentialAction":[{"@type":"ReadAction","target":["https:\/\/zamphelmets.co\/it\/contatto\/modulo-di-registrazione-degli-ambasciatori\/"]}]},{"@type":"ImageObject","inLanguage":"it-IT","@id":"https:\/\/zamphelmets.co\/it\/contatto\/modulo-di-registrazione-degli-ambasciatori\/#primaryimage","url":"https:\/\/zamphelmets.co\/wp-content\/uploads\/2020\/11\/a9c4171a-b48e-419a-96b8-c046b8b23d2c.png","contentUrl":"https:\/\/zamphelmets.co\/wp-content\/uploads\/2020\/11\/a9c4171a-b48e-419a-96b8-c046b8b23d2c.png","width":535,"height":674},{"@type":"BreadcrumbList","@id":"https:\/\/zamphelmets.co\/it\/contatto\/modulo-di-registrazione-degli-ambasciatori\/#breadcrumb","itemListElement":[{"@type":"ListItem","position":1,"name":"Contatto","item":"https:\/\/zamphelmets.co\/it\/contatto\/"},{"@type":"ListItem","position":2,"name":"Modulo di registrazione degli ambasciatori"}]},{"@type":"WebSite","@id":"https:\/\/zamphelmets.co\/it\/#website","url":"https:\/\/zamphelmets.co\/it\/","name":"Zamp Helmets | Helmet 28 EU","description":"High Quality Motorsport Helmets","potentialAction":[{"@type":"SearchAction","target":{"@type":"EntryPoint","urlTemplate":"https:\/\/zamphelmets.co\/it\/?s={search_term_string}"},"query-input":{"@type":"PropertyValueSpecification","valueRequired":true,"valueName":"search_term_string"}}],"inLanguage":"it-IT"}]}},"_links":{"self":[{"href":"https:\/\/zamphelmets.co\/it\/wp-json\/wp\/v2\/pages\/22067","targetHints":{"allow":["GET"]}}],"collection":[{"href":"https:\/\/zamphelmets.co\/it\/wp-json\/wp\/v2\/pages"}],"about":[{"href":"https:\/\/zamphelmets.co\/it\/wp-json\/wp\/v2\/types\/page"}],"author":[{"embeddable":true,"href":"https:\/\/zamphelmets.co\/it\/wp-json\/wp\/v2\/users\/2"}],"replies":[{"embeddable":true,"href":"https:\/\/zamphelmets.co\/it\/wp-json\/wp\/v2\/comments?post=22067"}],"version-history":[{"count":0,"href":"https:\/\/zamphelmets.co\/it\/wp-json\/wp\/v2\/pages\/22067\/revisions"}],"up":[{"embeddable":true,"href":"https:\/\/zamphelmets.co\/it\/wp-json\/wp\/v2\/pages\/21992"}],"wp:featuredmedia":[{"embeddable":true,"href":"https:\/\/zamphelmets.co\/it\/wp-json\/wp\/v2\/media\/13593"}],"wp:attachment":[{"href":"https:\/\/zamphelmets.co\/it\/wp-json\/wp\/v2\/media?parent=22067"}],"curies":[{"name":"wp","href":"https:\/\/api.w.org\/{rel}","templated":true}]}}