{"id":22066,"date":"2020-08-19T15:24:11","date_gmt":"2020-08-19T15:24:11","guid":{"rendered":"https:\/\/zamphelmets.co\/termini-e-condizioni\/"},"modified":"2024-07-15T16:28:34","modified_gmt":"2024-07-15T16:28:34","slug":"termini-e-condizioni","status":"publish","type":"page","link":"https:\/\/zamphelmets.co\/it\/termini-e-condizioni\/","title":{"rendered":"Termini e condizioni"},"content":{"rendered":"<p>I presenti Termini vengono modificati di volta in volta. Ogni volta che desideri ordinare dei Prodotti, ti invitiamo a controllare le presenti Condizioni per assicurarti di aver compreso i termini che verranno applicati al momento dell&#8217;acquisto.<\/p>\n<p>Pubblicato originariamente il 21 giugno 2017<\/p>\n<p>Contratto di fornitura di prodotti o servizi<\/p>\n<p>1.1. I prodotti, i prezzi e i servizi illustrati sul nostro sito web non costituiscono un&#8217;offerta legalmente vincolante. Nessun contratto per la fornitura di prodotti o merci sar\u00e0 considerato esistente tra l&#8217;utente e Casco 28 Ltd a meno che e fino a quando il pagamento completo non sia stato effettuato e l&#8217;ordine accettato.<\/p>\n<p>1.2. Helmet 28 Ltd ti invia un&#8217;e-mail di accettazione che conferma che il tuo ordine \u00e8 stato accettato e che il pagamento \u00e8 stato effettuato con successo. Questa e-mail di conferma equivale all&#8217;accettazione da parte di Casco 28 Ltd della tua offerta di acquisto di beni o servizi da Casco 28 Ltd e tale accettazione \u00e8 efficace indipendentemente dal fatto che tu riceva o meno l&#8217;e-mail.<\/p>\n<p>1.3. Helmet 28 Ltd si riserva il diritto di recedere da un contratto potenziale in qualsiasi momento prima o dopo l&#8217;accettazione. Ci\u00f2 vale anche dopo l&#8217;invio di un&#8217;e-mail di conferma in caso di errori o imprecisioni relativi ai beni o servizi, a qualsiasi descrizione applicata ai beni o servizi, alla disponibilit\u00e0 dei beni o servizi o all&#8217;ordine stesso. In queste circostanze, Helmet 28 Ltd ti informer\u00e0 il prima possibile e ti offrir\u00e0 la possibilit\u00e0 di attendere le scorte, scegliere un&#8217;alternativa o un rimborso completo. Helmet 28 Ltd pu\u00f2 rifiutare di accettare un ordine, rimborsarlo o cancellarlo in qualsiasi momento e senza preavviso.<\/p>\n<p>1.4. Le informazioni su prezzi e disponibilit\u00e0 sono soggette a modifiche senza preavviso. L&#8217;addebito sulla carta di credito avviene prima della spedizione degli articoli o dell&#8217;attivazione dei servizi da parte di Helmet 28 Ltd.<\/p>\n<p>Limitazione di responsabilit\u00e0<\/p>\n<p>2.1. Salvo quanto specificamente indicato in questo sito, n\u00e9 Casco 28 Ltd n\u00e9 alcuno dei suoi direttori, dipendenti o altri rappresentanti saranno responsabili per danni derivanti da o in relazione all&#8217;uso di questo sito. Questa \u00e8 una limitazione di responsabilit\u00e0 completa che si applica a tutti i danni di qualsiasi tipo, compresi (senza limitazioni) i danni compensativi, diretti, indiretti o consequenziali, la perdita di dati, reddito o profitto, la perdita o il danneggiamento di propriet\u00e0 e le rivendicazioni di terzi.<\/p>\n<p>2.2. Sebbene Helmet 28 Ltd cerchi di utilizzare le immagini corrette per ogni articolo, a volte possono verificarsi degli errori e potrebbe essere caricata un&#8217;immagine sbagliata. Spetta al cliente confermare in anticipo se ci sono differenze tra le immagini e le descrizioni. Helmet 28 Ltd non \u00e8 responsabile se l&#8217;immagine utilizzata non corrisponde alla descrizione fornita. A causa degli aggiornamenti del produttore, delle differenze di definizione dello schermo e cos\u00ec via, le immagini possono differire dall&#8217;articolo effettivamente fornito; Helmet 28 Ltd non \u00e8 responsabile di eventuali costi in questo caso.<\/p>\n<p>2.3. Helmet 28 Ltd NON \u00e8 responsabile di verificare se un casco \u00e8 legale per il paese o la serie di gare a cui lo forniamo. \u00c8 responsabilit\u00e0 del cliente assicurarsi che il casco che sta acquistando sia legale per l&#8217;uso richiesto.<\/p>\n<p>2.4. Helmet 28 Ltd NON \u00e8 responsabile delle variazioni del tasso di cambio (al momento dell&#8217;ordine o al momento del rimborso), dei dazi o delle tasse di importazione nel tuo Paese. \u00c8 compito del cliente verificare gli eventuali dazi da pagare prima di effettuare l&#8217;ordine.<\/p>\n<h2>Il tuo diritto di restituzione e rimborso<\/h2>\n<p>3.1Helmet 28 LTD mira a fornire sempre Prodotti di alta qualit\u00e0 che siano privi di difetti e non danneggiati. In alcuni casi, tuttavia, i Prodotti da noi forniti potrebbero dover essere restituiti e tali restituzioni sono disciplinate dai presenti Termini e condizioni. In qualit\u00e0 di consumatore, avrai sempre dei diritti legali in relazione ai prodotti difettosi o non conformi alla descrizione. Tali diritti legali non sono influenzati dalla politica di restituzione di cui al presente articolo 3. Per informazioni sui tuoi diritti legali puoi rivolgerti al Citizens&#8217; Advice Bureau o all&#8217;ufficio Trading Standards della tua zona.<\/p>\n<p><span class=\"num\">3.2<\/span> I Prodotti che ti forniamo sono coperti da una garanzia del produttore (per i dettagli, consulta la garanzia del produttore fornita con i Prodotti). Se i Prodotti che ti forniamo presentano dei difetti durante il periodo di garanzia, hai diritto alla riparazione o alla sostituzione di tali Prodotti secondo i termini di tale garanzia.<\/p>\n<p><span class=\"num\">3.3<\/span> La garanzia del produttore descritta nella clausola 3.2 e la politica di restituzione di cui alla clausola 3.9 si aggiungono ai tuoi diritti legali in relazione ai Prodotti acquistati da noi che siano difettosi o non conformi alla descrizione.<\/p>\n<p><span class=\"num\">3.4<\/span> Se ricevi dei Prodotti acquistati da noi che non corrispondono a quelli ordinati e non desideri accettare tali Prodotti, ai sensi dell&#8217;articolo 3.6 sostituiremo i Prodotti con quelli ordinati (se disponibili) o ti rimborseremo il prezzo pagato per tali Prodotti attraverso il metodo di pagamento da te utilizzato al momento dell&#8217;acquisto.<\/p>\n<p><span class=\"num\">3.5 <\/span>Se i Prodotti acquistati dall&#8217;utente sono difettosi e l&#8217;utente non desidera accettarli, ai sensi delle clausole 3.6 e 3.7 provvederemo a riparare i Prodotti difettosi, a sostituirli (se sono disponibili) o a rimborsare all&#8217;utente il prezzo pagato per i Prodotti difettosi attraverso il metodo di pagamento utilizzato dall&#8217;utente al momento dell&#8217;acquisto dei Prodotti.<\/p>\n<p><span class=\"num\">3.6<\/span> Qualsiasi sostituzione o rimborso dei Prodotti ai sensi delle clausole 3.4 o 3.5 \u00e8 subordinato alla volont\u00e0 dell&#8217;utente:<\/p>\n<p><span class=\"num\">(a)<\/span> informarci tempestivamente quando scopriamo che i Prodotti in questione sono erroneamente descritti o difettosi;<\/p>\n<p><span class=\"num\">(b)<\/span> dandoci una ragionevole opportunit\u00e0 di esaminare tali Beni; e<\/p>\n<p><span class=\"num\">(c)<\/span> restituendoci a nostre spese i Prodotti e tutti gli imballaggi e la documentazione fornita con essi o consentendoci di ritirare i Prodotti presso di te.<\/p>\n<p><span class=\"num\">3.7<\/span> Non saremo responsabili di alcun difetto dei Prodotti, nella misura consentita dalla legge, qualora tale difetto sia il risultato di:<\/p>\n<p><span class=\"num\">(a) la<\/span> normale usura derivante dall&#8217;uso dei Prodotti o il danneggiamento intenzionale dei Prodotti dopo la loro consegna all&#8217;utente o per qualsiasi danno causato dalla negligenza dell&#8217;utente;<\/p>\n<p><span class=\"num\">(b) l<\/span> &#8216;inosservanza da parte tua delle ragionevoli istruzioni fornite da noi o dal produttore dei Prodotti o incluse nei Prodotti in merito a conservazione, installazione, messa in funzione, uso o manutenzione; oppure<\/p>\n<p><span class=\"num\">(c)<\/span> l&#8217;utente ripari o modifichi i Prodotti senza il nostro preventivo consenso scritto,<\/p>\n<p>o se utilizzi tali Prodotti dopo averci notificato il difetto degli stessi.<\/p>\n<p><span class=\"num\">3.8<\/span> \u00c8 tua responsabilit\u00e0 verificare che i Prodotti che ricevi da noi siano:<\/p>\n<p><span class=\"num\">(a)<\/span> gli articoli che hai ordinato; e<\/p>\n<p><span class=\"num\">(b)<\/span> che i Prodotti non presentino difetti evidenti,<\/p>\n<p>e, pertanto, non saremo responsabili per i costi sostenuti dall&#8217;acquirente per l&#8217;adattamento o l&#8217;incorporazione dei Prodotti in qualsiasi cosa dopo la loro consegna all&#8217;acquirente, qualora quest&#8217;ultimo non adempia agli obblighi previsti dalla presente clausola in relazione a tali Prodotti. Tuttavia, nessuna disposizione della presente clausola 3.8 limiter\u00e0 i tuoi diritti legali in relazione ai Prodotti che ti abbiamo fornito e che sono difettosi o mal descritti.<\/p>\n<p><span class=\"num\">3.9<\/span> In aggiunta ai tuoi diritti di cui alle clausole 3.1, 3.4 e 3.5 e ad eccezione delle circostanze di cui alla clausola 3.10, se non sei soddisfatto dei Prodotti che hai acquistato da noi per qualsiasi motivo o se cambi idea, puoi restituirceli a tue spese entro 14 giorni di calendario dalla data di consegna. Ti rimborseremo quindi il prezzo pagato per quei Prodotti o, se lo richiedi, ti offriremo di sostituirli.<\/p>\n<p><span class=\"num\">3.10<\/span> Ci riserviamo il diritto di esercitare la nostra discrezionalit\u00e0 in merito a qualsiasi restituzione di Prodotti ai sensi della clausola 3.9 e possiamo rifiutare di accettare le restituzioni ai sensi di tale clausola o, se lo decidiamo, ridurre il prezzo che ti rimborsiamo ai sensi di tale clausola qualora:<\/p>\n<p><span class=\"num\">(a)<\/span> i Prodotti sono stati danneggiati o si sono usurati dopo la consegna al cliente;<\/p>\n<p><span class=\"num\">(b)<\/span> hai incorporato o montato i Prodotti in qualsiasi altro articolo;<\/p>\n<p><span class=\"num\">(c)<\/span> tali Beni consistono in registrazioni audio o video o in software informatici forniti in un imballaggio sigillato e l&#8217;imballaggio di tali Beni \u00e8 stato aperto durante o dopo la consegna al cliente;<\/p>\n<p><span class=\"num\">(d)<\/span> tali Beni sono stati acquistati a un prezzo scontato per tenere conto di eventuali danni o della mancanza di qualit\u00e0 di tali Beni;<\/p>\n<p><span class=\"num\">(e<\/span> ) l&#8217;utente abbia utilizzato tali Beni per scopi aziendali o commerciali senza il nostro preventivo consenso scritto;<\/p>\n<p><span class=\"num\">(f)<\/span> l&#8217;utente apporti modifiche o riparazioni a tali Beni senza il nostro consenso scritto; oppure<\/p>\n<p><span class=\"num\">(g)<\/span> riteniamo che tu stia cercando di abusare del nostro sistema di restituzione dei Prodotti,<\/p>\n<p>(h) I prodotti ordinati su richiesta del cliente non possono essere restituiti per l&#8217;accredito:<\/p>\n<p>(i) I prodotti acquistati nell&#8217;ambito di una promozione o di un pacchetto saranno accreditati, ma saranno soggetti a una tassa di rifornimento del 10%.<\/p>\n<p>(j) Qualsiasi prodotto con installazione\/montaggio accessorio richieder\u00e0 una tassa di rifornimento del 15%.<\/p>\n<p>Tuttavia, nessuna disposizione della presente clausola limiter\u00e0 i tuoi diritti legali in relazione a qualsiasi Prodotto fornito all&#8217;utente che risulti difettoso o non conforme alla descrizione.<\/p>\n<p><span class=\"num\">3.11<\/span> Nel caso in cui la restituzione dei Prodotti da parte dell&#8217;utente avvenga ai sensi della clausola 3.9:<\/p>\n<p><span class=\"num\">(a)<\/span> ci riserviamo il diritto di addebitare all&#8217;utente i costi da noi sostenuti in relazione alla consegna dei Prodotti all&#8217;utente e alla restituzione di tali Prodotti a noi; e<\/p>\n<p><span class=\"num\">(b)<\/span> se i Prodotti sono stati acquistati dall&#8217;utente tramite finanziamento, ci riserviamo il diritto di:<\/p>\n<p><span class=\"num\">(i)<\/span> addebitare i costi da noi sostenuti per l&#8217;organizzazione e l&#8217;amministrazione di tale finanziamento. Questi costi variano a seconda dell&#8217;importo e della durata del finanziamento; oppure<\/p>\n<p><span class=\"num\">(ii)<\/span> invece di emettere un rimborso, emettere un credito di negozio per il valore dei Prodotti restituiti, da utilizzare entro 12 mesi dall&#8217;emissione del credito.<\/p>\n<p><span class=\"num\">3.12<\/span> Ai sensi del Regolamento sui consumatori del 2013, hai il diritto di cancellare il tuo ordine a condizione che tu lo faccia entro 14 giorni dal giorno in cui ricevi la merce o il servizio. Tuttavia, questo diritto di annullare l&#8217;ordine non si applica ai Prodotti che sono:<\/p>\n<p><span class=\"num\">(a)<\/span> su misura o personalizzati o comunque realizzati secondo le tue specifiche o chiaramente personalizzati;<\/p>\n<p><span class=\"num\">(b)<\/span> giornali, periodici o riviste;<\/p>\n<p><span class=\"num\">(c)<\/span> beni deperibili, come alimenti o bevande; oppure<\/p>\n<p><span class=\"num\">(d)<\/span> software, DVD o CD con un sigillo di sicurezza che l&#8217;utente ha aperto o sigillato.<\/p>\n<p><span class=\"num\">3.13<\/span> In seguito all&#8217;annullamento di un ordine ai sensi dell&#8217;articolo 3.12, ti rimborseremo le somme pagate per i Prodotti in questione nel pi\u00f9 breve tempo possibile e, in ogni caso, entro 30 giorni di calendario dal giorno in cui ci hai comunicato per iscritto l&#8217;annullamento, al netto dei nostri ragionevoli costi di recupero dei Prodotti se non paghi i costi di restituzione dei Prodotti stessi e a condizione che tu abbia una ragionevole cura dei Prodotti fino alla loro restituzione. Se cancelli un ordine di Prodotti che abbiamo gi\u00e0 elaborato per la consegna, non devi disimballare i prodotti quando li ricevi.<\/p>\n<p><span class=\"num\">3.14<\/span> Se hai annullato il tuo ordine ai sensi dell&#8217;articolo 3.12 e i Prodotti ti sono stati consegnati:<\/p>\n<p><span class=\"num\">(a)<\/span> dovrai restituirci i Prodotti in questione non appena ragionevolmente possibile. Se i Prodotti devono essere ritirati, li ritireremo all&#8217;indirizzo a cui sono stati consegnati. Ti contatteremo per concordare un orario adeguato per il ritiro;<\/p>\n<p><span class=\"num\">(b)<\/span> sarai responsabile del costo della restituzione dei Prodotti a noi o, se del caso, del costo del ritiro dei Prodotti da parte nostra; e<\/p>\n<p><span class=\"num\">(c)<\/span> hai l&#8217;obbligo legale di mantenere i Prodotti in tuo possesso e di averne ragionevole cura fino alla restituzione o al ritiro da parte nostra.<\/p>\n<p><span class=\"num\">3.15<\/span> I dettagli sul tuo diritto legale di recesso e una spiegazione su come esercitarlo sono riportati nella Conferma d&#8217;Ordine.<\/p>\n<p>3.16. https:\/\/helmet28.com\/ is an Online business, your item cannot be returned to us in person. Non disponiamo di uno sportello per il commercio e i clienti e il tuo acquisto non pu\u00f2 essere restituito al nostro ufficio. Il tuo articolo deve essere rispedito a Helmet 28 Returns, AteaLaan 36, 2200, Herentals, Belgio.<\/p>\n<p>Consegna<\/p>\n<p>4.1. Il tuo ordine sar\u00e0 evaso entro la data di consegna stimata indicata nella Conferma d&#8217;Ordine, a meno che non si verifichi un evento fuori dal nostro controllo. Non possiamo garantire la consegna della merce entro i tempi indicati. Tutti i tempi di spedizione sono stimati ed eventuali danni causati da ritardi nella consegna non sono responsabilit\u00e0 di Casco 28.<\/p>\n<p>4.2. La consegna sar\u00e0 completata quando consegneremo i Prodotti all&#8217;indirizzo da te indicato.<\/p>\n<p>4.3. Se non c&#8217;\u00e8 nessuno al tuo indirizzo per prendere in consegna i Prodotti, il corriere\/il servizio postale dovrebbe di norma lasciarti una nota che attesti il tentativo di consegna dei Prodotti. \u00c8 tua responsabilit\u00e0 organizzare nuovamente la consegna o ritirare i Prodotti dal corriere\/postale di riferimento.<\/p>\n<p>4.4. I Prodotti saranno sotto la tua responsabilit\u00e0 a partire dal completamento della consegna.<\/p>\n<p>4.5. I Prodotti sono di tua propriet\u00e0 una volta che abbiamo ricevuto il pagamento completo, comprese tutte le spese di consegna applicabili.<\/p>\n<p>Comunicazione<\/p>\n<p>5.1. Per annullare un Contratto in base ai tuoi diritti legali, devi contattarci tramite Sales@helmet28.com o inviando una lettera a Helmet 28 Ltd, Clifton Square, Alderley Edge, SK9 7NW. Potresti voler conservare una copia della notifica di cancellazione per i tuoi archivi. Se ci invii la tua comunicazione di cancellazione via e-mail o per posta, la tua cancellazione sar\u00e0 effettiva a partire dalla data in cui ci avrai inviato l&#8217;e-mail o spedito la lettera.<\/p>\n<p>5.2. Se desideri contattarci per iscritto per qualsiasi altro motivo, puoi farlo contattandoci tramite Help@helmet28.com o tramite posta prepagata all&#8217;indirizzo Helmet 28 Ltd, Clifton Square, Alderley Edge, SK9 7NW.<\/p>\n<p>5.3. Se dovessimo contattarti o darti un avviso scritto, lo faremo via e-mail o per posta prepagata all&#8217;indirizzo che ci hai fornito nel tuo ordine.<\/p>\n<p>Informativa sulla privacy<\/p>\n<p>6.1. Helmet 28 Ltd si impegna a proteggere la privacy dei propri clienti. Raccogliamo solo le informazioni su di te necessarie per elaborare il tuo ordine e fornirti il miglior servizio possibile. Tutte le informazioni raccolte saranno utilizzate esclusivamente in conformit\u00e0 con il Data Protection Act del 1998. Non trasmettiamo alcuna delle tue informazioni a terzi senza aver prima ottenuto il tuo esplicito consenso.<\/p>\n<p>6.2. Le seguenti informazioni sono necessarie per l&#8217;elaborazione dell&#8217;ordine e per la notifica dello stato dello stesso.<\/p>\n<p>Il tuo nome<br \/>\nNome della societ\u00e0 (se applicabile)<br \/>\nIndirizzo<br \/>\nIndirizzo e-mail<br \/>\nNumeri di telefono di contatto<br \/>\nDati della carta di credito o di debito<\/p>\n<p>6.3. Non memorizziamo i dati della carta di credito raccolti durante le procedure d&#8217;ordine, ad esempio gli ordini online o telefonici.<\/p>\n<p>6.4. Il Data Protection Act del 1998 ci impone di essere trasparenti riguardo alla detenzione e all&#8217;utilizzo dei dati personali. Helmet 28 Ltd si impegna a rispettare gli otto principi di protezione dei dati personali relativi alle buone pratiche di gestione delle informazioni e a proteggere e tutelare i tuoi diritti in ogni momento.<\/p>\n<p>6.5. Potresti essere contattato di tanto in tanto con offerte nel tuo interesse.<\/p>\n","protected":false},"excerpt":{"rendered":"<p>I presenti Termini vengono modificati di volta in volta. Ogni volta che desideri ordinare dei Prodotti, ti invitiamo a controllare le presenti Condizioni per assicurarti di aver compreso i termini che verranno applicati al momento dell&#8217;acquisto. Pubblicato originariamente il 21 giugno 2017 Contratto di fornitura di prodotti o servizi 1.1. I prodotti, i prezzi e [&hellip;]<\/p>\n","protected":false},"author":1,"featured_media":0,"parent":0,"menu_order":0,"comment_status":"closed","ping_status":"closed","template":"templates\/fullwidth.php","meta":{"_acf_changed":false,"footnotes":""},"class_list":["post-22066","page","type-page","status-publish","hentry"],"acf":[],"yoast_head":"<!-- This site is optimized with the Yoast SEO plugin v27.0 - https:\/\/yoast.com\/product\/yoast-seo-wordpress\/ -->\n<title>Termini e condizioni - Zamp Helmets | Helmet 28 EU<\/title>\n<meta name=\"robots\" content=\"index, follow, max-snippet:-1, max-image-preview:large, max-video-preview:-1\" \/>\n<link rel=\"canonical\" href=\"https:\/\/zamphelmets.co\/it\/termini-e-condizioni\/\" \/>\n<meta property=\"og:locale\" content=\"it_IT\" \/>\n<meta property=\"og:type\" content=\"article\" \/>\n<meta property=\"og:title\" content=\"Termini e condizioni - Zamp Helmets | Helmet 28 EU\" \/>\n<meta property=\"og:description\" content=\"I presenti Termini vengono modificati di volta in volta. Ogni volta che desideri ordinare dei Prodotti, ti invitiamo a controllare le presenti Condizioni per assicurarti di aver compreso i termini che verranno applicati al momento dell&#8217;acquisto. Pubblicato originariamente il 21 giugno 2017 Contratto di fornitura di prodotti o servizi 1.1. I prodotti, i prezzi e [&hellip;]\" \/>\n<meta property=\"og:url\" content=\"https:\/\/zamphelmets.co\/it\/termini-e-condizioni\/\" \/>\n<meta property=\"og:site_name\" content=\"Zamp Helmets | Helmet 28 EU\" \/>\n<meta property=\"article:modified_time\" content=\"2024-07-15T16:28:34+00:00\" \/>\n<meta name=\"twitter:card\" content=\"summary_large_image\" \/>\n<meta name=\"twitter:label1\" content=\"Est. reading time\" \/>\n\t<meta name=\"twitter:data1\" content=\"12 minuti\" \/>\n<script type=\"application\/ld+json\" class=\"yoast-schema-graph\">{\"@context\":\"https:\/\/schema.org\",\"@graph\":[{\"@type\":\"WebPage\",\"@id\":\"https:\/\/zamphelmets.co\/it\/termini-e-condizioni\/\",\"url\":\"https:\/\/zamphelmets.co\/it\/termini-e-condizioni\/\",\"name\":\"Termini e condizioni - Zamp Helmets | Helmet 28 EU\",\"isPartOf\":{\"@id\":\"https:\/\/zamphelmets.co\/it\/#website\"},\"datePublished\":\"2020-08-19T15:24:11+00:00\",\"dateModified\":\"2024-07-15T16:28:34+00:00\",\"inLanguage\":\"it-IT\",\"potentialAction\":[{\"@type\":\"ReadAction\",\"target\":[\"https:\/\/zamphelmets.co\/it\/termini-e-condizioni\/\"]}]},{\"@type\":\"WebSite\",\"@id\":\"https:\/\/zamphelmets.co\/it\/#website\",\"url\":\"https:\/\/zamphelmets.co\/it\/\",\"name\":\"Zamp Helmets | Helmet 28 EU\",\"description\":\"High Quality Motorsport Helmets\",\"potentialAction\":[{\"@type\":\"SearchAction\",\"target\":{\"@type\":\"EntryPoint\",\"urlTemplate\":\"https:\/\/zamphelmets.co\/it\/?s={search_term_string}\"},\"query-input\":{\"@type\":\"PropertyValueSpecification\",\"valueRequired\":true,\"valueName\":\"search_term_string\"}}],\"inLanguage\":\"it-IT\"}]}<\/script>\n<!-- \/ Yoast SEO plugin. -->","yoast_head_json":{"title":"Termini e condizioni - Zamp Helmets | Helmet 28 EU","robots":{"index":"index","follow":"follow","max-snippet":"max-snippet:-1","max-image-preview":"max-image-preview:large","max-video-preview":"max-video-preview:-1"},"canonical":"https:\/\/zamphelmets.co\/it\/termini-e-condizioni\/","og_locale":"it_IT","og_type":"article","og_title":"Termini e condizioni - Zamp Helmets | Helmet 28 EU","og_description":"I presenti Termini vengono modificati di volta in volta. Ogni volta che desideri ordinare dei Prodotti, ti invitiamo a controllare le presenti Condizioni per assicurarti di aver compreso i termini che verranno applicati al momento dell&#8217;acquisto. Pubblicato originariamente il 21 giugno 2017 Contratto di fornitura di prodotti o servizi 1.1. I prodotti, i prezzi e [&hellip;]","og_url":"https:\/\/zamphelmets.co\/it\/termini-e-condizioni\/","og_site_name":"Zamp Helmets | Helmet 28 EU","article_modified_time":"2024-07-15T16:28:34+00:00","twitter_card":"summary_large_image","twitter_misc":{"Est. reading time":"12 minuti"},"schema":{"@context":"https:\/\/schema.org","@graph":[{"@type":"WebPage","@id":"https:\/\/zamphelmets.co\/it\/termini-e-condizioni\/","url":"https:\/\/zamphelmets.co\/it\/termini-e-condizioni\/","name":"Termini e condizioni - Zamp Helmets | Helmet 28 EU","isPartOf":{"@id":"https:\/\/zamphelmets.co\/it\/#website"},"datePublished":"2020-08-19T15:24:11+00:00","dateModified":"2024-07-15T16:28:34+00:00","inLanguage":"it-IT","potentialAction":[{"@type":"ReadAction","target":["https:\/\/zamphelmets.co\/it\/termini-e-condizioni\/"]}]},{"@type":"WebSite","@id":"https:\/\/zamphelmets.co\/it\/#website","url":"https:\/\/zamphelmets.co\/it\/","name":"Zamp Helmets | Helmet 28 EU","description":"High Quality Motorsport Helmets","potentialAction":[{"@type":"SearchAction","target":{"@type":"EntryPoint","urlTemplate":"https:\/\/zamphelmets.co\/it\/?s={search_term_string}"},"query-input":{"@type":"PropertyValueSpecification","valueRequired":true,"valueName":"search_term_string"}}],"inLanguage":"it-IT"}]}},"_links":{"self":[{"href":"https:\/\/zamphelmets.co\/it\/wp-json\/wp\/v2\/pages\/22066","targetHints":{"allow":["GET"]}}],"collection":[{"href":"https:\/\/zamphelmets.co\/it\/wp-json\/wp\/v2\/pages"}],"about":[{"href":"https:\/\/zamphelmets.co\/it\/wp-json\/wp\/v2\/types\/page"}],"author":[{"embeddable":true,"href":"https:\/\/zamphelmets.co\/it\/wp-json\/wp\/v2\/users\/1"}],"replies":[{"embeddable":true,"href":"https:\/\/zamphelmets.co\/it\/wp-json\/wp\/v2\/comments?post=22066"}],"version-history":[{"count":2,"href":"https:\/\/zamphelmets.co\/it\/wp-json\/wp\/v2\/pages\/22066\/revisions"}],"predecessor-version":[{"id":28403,"href":"https:\/\/zamphelmets.co\/it\/wp-json\/wp\/v2\/pages\/22066\/revisions\/28403"}],"wp:attachment":[{"href":"https:\/\/zamphelmets.co\/it\/wp-json\/wp\/v2\/media?parent=22066"}],"curies":[{"name":"wp","href":"https:\/\/api.w.org\/{rel}","templated":true}]}}