{"id":22035,"date":"2020-12-02T15:45:54","date_gmt":"2020-12-02T15:45:54","guid":{"rendered":"https:\/\/zamphelmets.co\/tempi-di-spedizione\/"},"modified":"2026-02-16T15:01:55","modified_gmt":"2026-02-16T15:01:55","slug":"tempi-di-spedizione","status":"publish","type":"page","link":"https:\/\/zamphelmets.co\/it\/tempi-di-spedizione\/","title":{"rendered":"Tempi di spedizione"},"content":{"rendered":"<p>Noi di <a href=\"https:\/\/zamphelmets.co\/it\/product-category\/zamp-it\/caschi-zamp\/\">Zamp Helmets<\/a> lavoriamo per evadere tutti gli ordini nel pi\u00f9 breve tempo possibile. Disponiamo di una sofisticata rete di magazzini e spedizioni che ci permette di consegnarti le spedizioni nel minor tempo possibile. Tutti gli ordini vengono spediti <span style=\"text-decoration: underline;\"><br \/>\n  <strong>Tracciato DPD<\/strong><br \/>\n<\/span>.<\/p>\n<p>La maggior parte delle spedizioni ha diritto alla SPEDIZIONE GRATUITA, ma tutti gli altri ordini avranno diritto alla consegna a tariffa standard. Questo dipende dal paese.<strong> <\/strong><\/p>\n<table width=\"624\">\n<tbody>\n<tr>\n<td width=\"264\"><\/td>\n<td width=\"88\"><strong>ZONA 1<\/strong><\/td>\n<td width=\"88\"><strong>ZONA 2<\/strong><\/td>\n<td width=\"88\"><strong>ZONA 3<\/strong><\/td>\n<td width=\"96\"><strong>ZONA 4<\/strong><\/td>\n<\/tr>\n<tr>\n<td>Spedizione gratuita (se superiore)<\/td>\n<td> \u20ac 250.00<\/td>\n<td> \u20ac 300.00<\/td>\n<td> \u20ac 500.00<\/td>\n<td> \u20ac 1,500.00<\/td>\n<\/tr>\n<tr>\n<td>Costo di spedizione (se inferiore)<\/td>\n<td> \u20ac 7.50<\/td>\n<td> \u20ac 12.50<\/td>\n<td> \u20ac 25.00<\/td>\n<td> \u20ac 40.00<\/td>\n<\/tr>\n<\/tbody>\n<\/table>\n<p><strong>Nota bene: il nostro magazzino UE \u00e8 chiuso il luned\u00ec e quindi NESSUN ordine sar\u00e0 spedito il luned\u00ec.<\/strong><\/p>\n<table width=\"221\">\n<tbody>\n<tr>\n<td width=\"128\">PAESE<\/td>\n<td width=\"93\">TEMPO DI TRANSITO (giorni)<\/td>\n<\/tr>\n<tr>\n<td>ZONA 1<\/td>\n<td><\/td>\n<\/tr>\n<tr>\n<td>Belgio<\/td>\n<td>1-2<\/td>\n<\/tr>\n<tr>\n<td>Paesi Bassi<\/td>\n<td>1-2<\/td>\n<\/tr>\n<tr>\n<td>Lussemburgo<\/td>\n<td>1-2<\/td>\n<\/tr>\n<tr>\n<td>Germania<\/td>\n<td>1-3<\/td>\n<\/tr>\n<tr>\n<td>Francia<\/td>\n<td>2-4<\/td>\n<\/tr>\n<tr>\n<td><\/td>\n<td><\/td>\n<\/tr>\n<tr>\n<td>ZONA 2<\/td>\n<td><\/td>\n<\/tr>\n<tr>\n<td>REGNO UNITO<\/td>\n<td>3-4<\/td>\n<\/tr>\n<tr>\n<td>Danimarca<\/td>\n<td>2-3<\/td>\n<\/tr>\n<tr>\n<td>Spagna<\/td>\n<td>3-5<\/td>\n<\/tr>\n<tr>\n<td>Portogallo<\/td>\n<td>4-5<\/td>\n<\/tr>\n<tr>\n<td>Italia<\/td>\n<td>2-5<\/td>\n<\/tr>\n<tr>\n<td>Svezia<\/td>\n<td>3-4<\/td>\n<\/tr>\n<tr>\n<td>Austria<\/td>\n<td>2-3<\/td>\n<\/tr>\n<tr>\n<td><\/td>\n<td><\/td>\n<\/tr>\n<tr>\n<td>ZONA 3<\/td>\n<td><\/td>\n<\/tr>\n<tr>\n<td>Finlandia<\/td>\n<td>5-6<\/td>\n<\/tr>\n<tr>\n<td>Slovenia<\/td>\n<td>2-3<\/td>\n<\/tr>\n<tr>\n<td>Slovacchia<\/td>\n<td>3-4<\/td>\n<\/tr>\n<tr>\n<td>Ungheria<\/td>\n<td>2-4<\/td>\n<\/tr>\n<tr>\n<td>Irlanda<\/td>\n<td>3-4<\/td>\n<\/tr>\n<tr>\n<td>Repubblica Ceca<\/td>\n<td>2-4<\/td>\n<\/tr>\n<tr>\n<td>Polonia<\/td>\n<td>2-3<\/td>\n<\/tr>\n<tr>\n<td>Estonia<\/td>\n<td>4-5<\/td>\n<\/tr>\n<tr>\n<td>Lituania<\/td>\n<td>3-5<\/td>\n<\/tr>\n<tr>\n<td>Lettonia<\/td>\n<td>3-5<\/td>\n<\/tr>\n<tr>\n<td><\/td>\n<td><\/td>\n<\/tr>\n<tr>\n<td>ZONA 4 + Tutti gli altri<\/td>\n<td><\/td>\n<\/tr>\n<tr>\n<td>Croazia<\/td>\n<td>3-4<\/td>\n<\/tr>\n<tr>\n<td>Bulgaria<\/td>\n<td>4-5<\/td>\n<\/tr>\n<tr>\n<td>Grecia<\/td>\n<td>5-7<\/td>\n<\/tr>\n<tr>\n<td>Romania<\/td>\n<td>3-4<\/td>\n<\/tr>\n<\/tbody>\n<\/table>\n<p>Tutti gli ordini vengono spediti con il fornitore leader di spedizioni <a href=\"https:\/\/www.dpd.co.uk\/\">DPD tramite un SERVIZIO DI SPEDIZIONE TRACCIATA<\/a>. Non appena il nostro personale di magazzino avr\u00e0 elaborato il tuo ordine, riceverai un&#8217;e-mail che ti avviser\u00e0 che \u00e8 in arrivo. Nell&#8217;e-mail \u00e8 incluso un numero di tracking che ti permetter\u00e0 di seguire il pacco per tutto il percorso.<\/p>\n","protected":false},"excerpt":{"rendered":"<p>Noi di Zamp Helmets lavoriamo per evadere tutti gli ordini nel pi\u00f9 breve tempo possibile. Disponiamo di una sofisticata rete di magazzini e spedizioni che ci permette di consegnarti le spedizioni nel minor tempo possibile. Tutti gli ordini vengono spediti Tracciato DPD . La maggior parte delle spedizioni ha diritto alla SPEDIZIONE GRATUITA, ma tutti [&hellip;]<\/p>\n","protected":false},"author":2,"featured_media":0,"parent":0,"menu_order":0,"comment_status":"closed","ping_status":"closed","template":"","meta":{"_acf_changed":false,"footnotes":""},"class_list":["post-22035","page","type-page","status-publish","hentry"],"acf":[],"yoast_head":"<!-- This site is optimized with the Yoast SEO plugin v27.0 - https:\/\/yoast.com\/product\/yoast-seo-wordpress\/ -->\n<title>Tempi di spedizione - Zamp Helmets | Helmet 28 EU<\/title>\n<meta name=\"description\" content=\"Noi di Zamp Helmets cerchiamo di evadere tutti gli ordini nel pi\u00f9 breve tempo possibile. Dai un&#039;occhiata ai nostri tempi di spedizione per il tuo paese\/territorio.\" \/>\n<meta name=\"robots\" content=\"index, follow, max-snippet:-1, max-image-preview:large, max-video-preview:-1\" \/>\n<link rel=\"canonical\" href=\"https:\/\/zamphelmets.co\/it\/tempi-di-spedizione\/\" \/>\n<meta property=\"og:locale\" content=\"it_IT\" \/>\n<meta property=\"og:type\" content=\"article\" \/>\n<meta property=\"og:title\" content=\"Tempi di spedizione - Zamp Helmets | Helmet 28 EU\" \/>\n<meta property=\"og:description\" content=\"Noi di Zamp Helmets cerchiamo di evadere tutti gli ordini nel pi\u00f9 breve tempo possibile. Dai un&#039;occhiata ai nostri tempi di spedizione per il tuo paese\/territorio.\" \/>\n<meta property=\"og:url\" content=\"https:\/\/zamphelmets.co\/it\/tempi-di-spedizione\/\" \/>\n<meta property=\"og:site_name\" content=\"Zamp Helmets | Helmet 28 EU\" \/>\n<meta property=\"article:modified_time\" content=\"2026-02-16T15:01:55+00:00\" \/>\n<meta name=\"twitter:card\" content=\"summary_large_image\" \/>\n<meta name=\"twitter:label1\" content=\"Est. reading time\" \/>\n\t<meta name=\"twitter:data1\" content=\"1 minuto\" \/>\n<script type=\"application\/ld+json\" class=\"yoast-schema-graph\">{\"@context\":\"https:\/\/schema.org\",\"@graph\":[{\"@type\":\"WebPage\",\"@id\":\"https:\/\/zamphelmets.co\/it\/tempi-di-spedizione\/\",\"url\":\"https:\/\/zamphelmets.co\/it\/tempi-di-spedizione\/\",\"name\":\"Tempi di spedizione - Zamp Helmets | Helmet 28 EU\",\"isPartOf\":{\"@id\":\"https:\/\/zamphelmets.co\/it\/#website\"},\"datePublished\":\"2020-12-02T15:45:54+00:00\",\"dateModified\":\"2026-02-16T15:01:55+00:00\",\"description\":\"Noi di Zamp Helmets cerchiamo di evadere tutti gli ordini nel pi\u00f9 breve tempo possibile. Dai un'occhiata ai nostri tempi di spedizione per il tuo paese\/territorio.\",\"inLanguage\":\"it-IT\",\"potentialAction\":[{\"@type\":\"ReadAction\",\"target\":[\"https:\/\/zamphelmets.co\/it\/tempi-di-spedizione\/\"]}]},{\"@type\":\"WebSite\",\"@id\":\"https:\/\/zamphelmets.co\/it\/#website\",\"url\":\"https:\/\/zamphelmets.co\/it\/\",\"name\":\"Zamp Helmets | Helmet 28 EU\",\"description\":\"High Quality Motorsport Helmets\",\"potentialAction\":[{\"@type\":\"SearchAction\",\"target\":{\"@type\":\"EntryPoint\",\"urlTemplate\":\"https:\/\/zamphelmets.co\/it\/?s={search_term_string}\"},\"query-input\":{\"@type\":\"PropertyValueSpecification\",\"valueRequired\":true,\"valueName\":\"search_term_string\"}}],\"inLanguage\":\"it-IT\"}]}<\/script>\n<!-- \/ Yoast SEO plugin. -->","yoast_head_json":{"title":"Tempi di spedizione - Zamp Helmets | Helmet 28 EU","description":"Noi di Zamp Helmets cerchiamo di evadere tutti gli ordini nel pi\u00f9 breve tempo possibile. Dai un'occhiata ai nostri tempi di spedizione per il tuo paese\/territorio.","robots":{"index":"index","follow":"follow","max-snippet":"max-snippet:-1","max-image-preview":"max-image-preview:large","max-video-preview":"max-video-preview:-1"},"canonical":"https:\/\/zamphelmets.co\/it\/tempi-di-spedizione\/","og_locale":"it_IT","og_type":"article","og_title":"Tempi di spedizione - Zamp Helmets | Helmet 28 EU","og_description":"Noi di Zamp Helmets cerchiamo di evadere tutti gli ordini nel pi\u00f9 breve tempo possibile. Dai un'occhiata ai nostri tempi di spedizione per il tuo paese\/territorio.","og_url":"https:\/\/zamphelmets.co\/it\/tempi-di-spedizione\/","og_site_name":"Zamp Helmets | Helmet 28 EU","article_modified_time":"2026-02-16T15:01:55+00:00","twitter_card":"summary_large_image","twitter_misc":{"Est. reading time":"1 minuto"},"schema":{"@context":"https:\/\/schema.org","@graph":[{"@type":"WebPage","@id":"https:\/\/zamphelmets.co\/it\/tempi-di-spedizione\/","url":"https:\/\/zamphelmets.co\/it\/tempi-di-spedizione\/","name":"Tempi di spedizione - Zamp Helmets | Helmet 28 EU","isPartOf":{"@id":"https:\/\/zamphelmets.co\/it\/#website"},"datePublished":"2020-12-02T15:45:54+00:00","dateModified":"2026-02-16T15:01:55+00:00","description":"Noi di Zamp Helmets cerchiamo di evadere tutti gli ordini nel pi\u00f9 breve tempo possibile. Dai un'occhiata ai nostri tempi di spedizione per il tuo paese\/territorio.","inLanguage":"it-IT","potentialAction":[{"@type":"ReadAction","target":["https:\/\/zamphelmets.co\/it\/tempi-di-spedizione\/"]}]},{"@type":"WebSite","@id":"https:\/\/zamphelmets.co\/it\/#website","url":"https:\/\/zamphelmets.co\/it\/","name":"Zamp Helmets | Helmet 28 EU","description":"High Quality Motorsport Helmets","potentialAction":[{"@type":"SearchAction","target":{"@type":"EntryPoint","urlTemplate":"https:\/\/zamphelmets.co\/it\/?s={search_term_string}"},"query-input":{"@type":"PropertyValueSpecification","valueRequired":true,"valueName":"search_term_string"}}],"inLanguage":"it-IT"}]}},"_links":{"self":[{"href":"https:\/\/zamphelmets.co\/it\/wp-json\/wp\/v2\/pages\/22035","targetHints":{"allow":["GET"]}}],"collection":[{"href":"https:\/\/zamphelmets.co\/it\/wp-json\/wp\/v2\/pages"}],"about":[{"href":"https:\/\/zamphelmets.co\/it\/wp-json\/wp\/v2\/types\/page"}],"author":[{"embeddable":true,"href":"https:\/\/zamphelmets.co\/it\/wp-json\/wp\/v2\/users\/2"}],"replies":[{"embeddable":true,"href":"https:\/\/zamphelmets.co\/it\/wp-json\/wp\/v2\/comments?post=22035"}],"version-history":[{"count":1,"href":"https:\/\/zamphelmets.co\/it\/wp-json\/wp\/v2\/pages\/22035\/revisions"}],"predecessor-version":[{"id":203496,"href":"https:\/\/zamphelmets.co\/it\/wp-json\/wp\/v2\/pages\/22035\/revisions\/203496"}],"wp:attachment":[{"href":"https:\/\/zamphelmets.co\/it\/wp-json\/wp\/v2\/media?parent=22035"}],"curies":[{"name":"wp","href":"https:\/\/api.w.org\/{rel}","templated":true}]}}