{"id":21994,"date":"2020-02-06T11:37:14","date_gmt":"2020-02-06T11:37:14","guid":{"rendered":"https:\/\/zamphelmets.co\/posti-hans-dispositivi-hans-e-fhr\/"},"modified":"2026-02-16T15:02:11","modified_gmt":"2026-02-16T15:02:11","slug":"posti-hans-dispositivi-hans-e-fhr","status":"publish","type":"page","link":"https:\/\/zamphelmets.co\/it\/posti-hans-dispositivi-hans-e-fhr\/","title":{"rendered":"Posti HANS, dispositivi HANS e FHR"},"content":{"rendered":"<h2><strong>Cosa sono i dispositivi Hans Post, HANS e FHR<\/strong><\/h2>\n<ol>\n<li>Un FHR \u00e8 un <strong>sistema di ritenuta frontale per la testa<\/strong>: \u00e8 il termine generale di quello che viene spesso chiamato dispositivo HANS.<\/li>\n<li>L&#8217;HANS \u00e8 in realt\u00e0 un nome registrato &#8211; acronimo di <strong>Head and Neck Support <\/strong>&#8211; che solo alcuni produttori possono utilizzare. \u00c8 il termine pi\u00f9 comune per indicare questi dispositivi.<\/li>\n<li>Pali HANS &#8211; sono i pali\/viti che si attaccano al casco, tramite un terminale chiamato m6, per consentire il fissaggio sicuro del dispositivo.<\/li>\n<\/ol>\n<h2>A cosa serve un dispositivo HANS?<\/h2>\n<p>I dispositivi HANS e FHR sono progettati per trattenere la testa del guidatore &#8211; rispetto al corpo &#8211; durante un incidente frontale e frontale angolato. Grazie alla restrizione della testa, l&#8217;impatto sul collo \u00e8 notevolmente ridotto, riducendo cos\u00ec il rischio di lesioni.<\/p>\n<p>Tutti i caschi Zamp qui elencati sono dotati di un terminale M6 preforato. Quindi, se hai bisogno di utilizzare un dispositivo HANS, sei gi\u00e0 predisposto per farlo; ci vogliono solo un paio di minuti per montare i montanti HANS. Puoi acquistare un set di <a href=\"https:\/\/zamphelmets.co\/it\/prodotto\/post-di-hans\/\">HANS post qui<\/a>.<\/p>\n<p><img decoding=\"async\" class=\"alignnone wp-image-333 size-medium lazyload\" data-src=\"https:\/\/zamphelmets.co\/wp-content\/uploads\/2019\/11\/sim_ak1131-12s-1-300x300.jpg\" alt=\"messaggi di hans argento\" width=\"300\" height=\"300\" data-srcset=\"https:\/\/zamphelmets.co\/wp-content\/uploads\/2019\/11\/sim_ak1131-12s-1-300x300.jpg 300w, https:\/\/zamphelmets.co\/wp-content\/uploads\/2019\/11\/sim_ak1131-12s-1-100x100.jpg 100w, https:\/\/zamphelmets.co\/wp-content\/uploads\/2019\/11\/sim_ak1131-12s-1-150x150.jpg 150w, https:\/\/zamphelmets.co\/wp-content\/uploads\/2019\/11\/sim_ak1131-12s-1.jpg 560w\" data-sizes=\"(max-width: 300px) 100vw, 300px\" src=\"data:image\/svg+xml;base64,PHN2ZyB3aWR0aD0iMSIgaGVpZ2h0PSIxIiB4bWxucz0iaHR0cDovL3d3dy53My5vcmcvMjAwMC9zdmciPjwvc3ZnPg==\" style=\"--smush-placeholder-width: 300px; --smush-placeholder-aspect-ratio: 300\/300;\" \/><\/p>\n<p>Tutti i caschi per adulti della gamma Zamp sono compatibili con i paletti HANS; ogni casco \u00e8 preforato con il terminale M6 che permette di montare facilmente i paletti HANS.<\/p>\n<div class=\"container\">\n<div id=\"content\" class=\"site-content\">\n<div id=\"primary\" class=\"content-area\">\n<p>&nbsp;<\/p>\n<div id=\"product-308\" class=\"product type-product post-308 status-publish first instock product_cat-accessories product_cat-helmet-accessories product_cat-other product_cat-zamp has-post-thumbnail taxable shipping-taxable purchasable product-type-simple\">\n<div class=\"woocommerce-tabs wc-tabs-wrapper\">\n<div id=\"tab-description\" class=\"woocommerce-Tabs-panel woocommerce-Tabs-panel--description panel entry-content wc-tab\" role=\"tabpanel\" aria-labelledby=\"tab-title-description\">\n<p>Per maggiori informazioni sui dispositivi HANS\/FHR e su chi ne ha bisogno, <a href=\"https:\/\/www.motorsportuk.org\/assets\/fhrguidance.pdf\">segui questo link<\/a> per saperne di pi\u00f9 sugli <a href=\"https:\/\/zamphelmets.co\/it\/prodotto\/post-di-hans\/#description\">HANS<\/a> e su come installarli.<\/p>\n<\/div>\n<\/div>\n<\/div>\n<\/div>\n<\/div>\n<\/div>\n","protected":false},"excerpt":{"rendered":"<p>Cosa sono i dispositivi Hans Post, HANS e FHR Un FHR \u00e8 un sistema di ritenuta frontale per la testa: \u00e8 il termine generale di quello che viene spesso chiamato dispositivo HANS. L&#8217;HANS \u00e8 in realt\u00e0 un nome registrato &#8211; acronimo di Head and Neck Support &#8211; che solo alcuni produttori possono utilizzare. \u00c8 il [&hellip;]<\/p>\n","protected":false},"author":2,"featured_media":0,"parent":0,"menu_order":0,"comment_status":"closed","ping_status":"closed","template":"templates\/fullwidth.php","meta":{"_acf_changed":false,"footnotes":""},"class_list":["post-21994","page","type-page","status-publish","hentry"],"acf":[],"yoast_head":"<!-- This site is optimized with the Yoast SEO plugin v27.0 - https:\/\/yoast.com\/product\/yoast-seo-wordpress\/ -->\n<title>Posti HANS, dispositivi HANS e FHR spiegata - Zamp Helmets | Helmet 28 EU<\/title>\n<meta name=\"description\" content=\"Cosa sono le postazioni HANS e i dispositivi HANS e chi deve utilizzarli. Questo articolo ti spiegher\u00e0 tutto quello che c&#039;\u00e8 da sapere sui Post HANS.\" \/>\n<meta name=\"robots\" content=\"index, follow, max-snippet:-1, max-image-preview:large, max-video-preview:-1\" \/>\n<link rel=\"canonical\" href=\"https:\/\/zamphelmets.co\/it\/posti-hans-dispositivi-hans-e-fhr\/\" \/>\n<meta property=\"og:locale\" content=\"it_IT\" \/>\n<meta property=\"og:type\" content=\"article\" \/>\n<meta property=\"og:title\" content=\"Posti HANS, dispositivi HANS e FHR spiegata - Zamp Helmets | Helmet 28 EU\" \/>\n<meta property=\"og:description\" content=\"Cosa sono le postazioni HANS e i dispositivi HANS e chi deve utilizzarli. Questo articolo ti spiegher\u00e0 tutto quello che c&#039;\u00e8 da sapere sui Post HANS.\" \/>\n<meta property=\"og:url\" content=\"https:\/\/zamphelmets.co\/it\/posti-hans-dispositivi-hans-e-fhr\/\" \/>\n<meta property=\"og:site_name\" content=\"Zamp Helmets | Helmet 28 EU\" \/>\n<meta property=\"article:modified_time\" content=\"2026-02-16T15:02:11+00:00\" \/>\n<meta property=\"og:image\" content=\"https:\/\/zamphelmets.co\/wp-content\/uploads\/2019\/11\/sim_ak1131-12s-1.jpg\" \/>\n\t<meta property=\"og:image:width\" content=\"560\" \/>\n\t<meta property=\"og:image:height\" content=\"560\" \/>\n\t<meta property=\"og:image:type\" content=\"image\/jpeg\" \/>\n<meta name=\"twitter:card\" content=\"summary_large_image\" \/>\n<meta name=\"twitter:label1\" content=\"Est. reading time\" \/>\n\t<meta name=\"twitter:data1\" content=\"1 minuto\" \/>\n<script type=\"application\/ld+json\" class=\"yoast-schema-graph\">{\"@context\":\"https:\/\/schema.org\",\"@graph\":[{\"@type\":\"WebPage\",\"@id\":\"https:\/\/zamphelmets.co\/it\/posti-hans-dispositivi-hans-e-fhr\/\",\"url\":\"https:\/\/zamphelmets.co\/it\/posti-hans-dispositivi-hans-e-fhr\/\",\"name\":\"Posti HANS, dispositivi HANS e FHR spiegata - Zamp Helmets | Helmet 28 EU\",\"isPartOf\":{\"@id\":\"https:\/\/zamphelmets.co\/it\/#website\"},\"primaryImageOfPage\":{\"@id\":\"https:\/\/zamphelmets.co\/it\/posti-hans-dispositivi-hans-e-fhr\/#primaryimage\"},\"image\":{\"@id\":\"https:\/\/zamphelmets.co\/it\/posti-hans-dispositivi-hans-e-fhr\/#primaryimage\"},\"thumbnailUrl\":\"https:\/\/zamphelmets.co\/wp-content\/uploads\/2019\/11\/sim_ak1131-12s-1-300x300.jpg\",\"datePublished\":\"2020-02-06T11:37:14+00:00\",\"dateModified\":\"2026-02-16T15:02:11+00:00\",\"description\":\"Cosa sono le postazioni HANS e i dispositivi HANS e chi deve utilizzarli. Questo articolo ti spiegher\u00e0 tutto quello che c'\u00e8 da sapere sui Post HANS.\",\"inLanguage\":\"it-IT\",\"potentialAction\":[{\"@type\":\"ReadAction\",\"target\":[\"https:\/\/zamphelmets.co\/it\/posti-hans-dispositivi-hans-e-fhr\/\"]}]},{\"@type\":\"ImageObject\",\"inLanguage\":\"it-IT\",\"@id\":\"https:\/\/zamphelmets.co\/it\/posti-hans-dispositivi-hans-e-fhr\/#primaryimage\",\"url\":\"https:\/\/zamphelmets.co\/wp-content\/uploads\/2019\/11\/sim_ak1131-12s-1-300x300.jpg\",\"contentUrl\":\"https:\/\/zamphelmets.co\/wp-content\/uploads\/2019\/11\/sim_ak1131-12s-1-300x300.jpg\"},{\"@type\":\"WebSite\",\"@id\":\"https:\/\/zamphelmets.co\/it\/#website\",\"url\":\"https:\/\/zamphelmets.co\/it\/\",\"name\":\"Zamp Helmets | Helmet 28 EU\",\"description\":\"High Quality Motorsport Helmets\",\"potentialAction\":[{\"@type\":\"SearchAction\",\"target\":{\"@type\":\"EntryPoint\",\"urlTemplate\":\"https:\/\/zamphelmets.co\/it\/?s={search_term_string}\"},\"query-input\":{\"@type\":\"PropertyValueSpecification\",\"valueRequired\":true,\"valueName\":\"search_term_string\"}}],\"inLanguage\":\"it-IT\"}]}<\/script>\n<!-- \/ Yoast SEO plugin. -->","yoast_head_json":{"title":"Posti HANS, dispositivi HANS e FHR spiegata - Zamp Helmets | Helmet 28 EU","description":"Cosa sono le postazioni HANS e i dispositivi HANS e chi deve utilizzarli. Questo articolo ti spiegher\u00e0 tutto quello che c'\u00e8 da sapere sui Post HANS.","robots":{"index":"index","follow":"follow","max-snippet":"max-snippet:-1","max-image-preview":"max-image-preview:large","max-video-preview":"max-video-preview:-1"},"canonical":"https:\/\/zamphelmets.co\/it\/posti-hans-dispositivi-hans-e-fhr\/","og_locale":"it_IT","og_type":"article","og_title":"Posti HANS, dispositivi HANS e FHR spiegata - Zamp Helmets | Helmet 28 EU","og_description":"Cosa sono le postazioni HANS e i dispositivi HANS e chi deve utilizzarli. Questo articolo ti spiegher\u00e0 tutto quello che c'\u00e8 da sapere sui Post HANS.","og_url":"https:\/\/zamphelmets.co\/it\/posti-hans-dispositivi-hans-e-fhr\/","og_site_name":"Zamp Helmets | Helmet 28 EU","article_modified_time":"2026-02-16T15:02:11+00:00","og_image":[{"width":560,"height":560,"url":"https:\/\/zamphelmets.co\/wp-content\/uploads\/2019\/11\/sim_ak1131-12s-1.jpg","type":"image\/jpeg"}],"twitter_card":"summary_large_image","twitter_misc":{"Est. reading time":"1 minuto"},"schema":{"@context":"https:\/\/schema.org","@graph":[{"@type":"WebPage","@id":"https:\/\/zamphelmets.co\/it\/posti-hans-dispositivi-hans-e-fhr\/","url":"https:\/\/zamphelmets.co\/it\/posti-hans-dispositivi-hans-e-fhr\/","name":"Posti HANS, dispositivi HANS e FHR spiegata - Zamp Helmets | Helmet 28 EU","isPartOf":{"@id":"https:\/\/zamphelmets.co\/it\/#website"},"primaryImageOfPage":{"@id":"https:\/\/zamphelmets.co\/it\/posti-hans-dispositivi-hans-e-fhr\/#primaryimage"},"image":{"@id":"https:\/\/zamphelmets.co\/it\/posti-hans-dispositivi-hans-e-fhr\/#primaryimage"},"thumbnailUrl":"https:\/\/zamphelmets.co\/wp-content\/uploads\/2019\/11\/sim_ak1131-12s-1-300x300.jpg","datePublished":"2020-02-06T11:37:14+00:00","dateModified":"2026-02-16T15:02:11+00:00","description":"Cosa sono le postazioni HANS e i dispositivi HANS e chi deve utilizzarli. Questo articolo ti spiegher\u00e0 tutto quello che c'\u00e8 da sapere sui Post HANS.","inLanguage":"it-IT","potentialAction":[{"@type":"ReadAction","target":["https:\/\/zamphelmets.co\/it\/posti-hans-dispositivi-hans-e-fhr\/"]}]},{"@type":"ImageObject","inLanguage":"it-IT","@id":"https:\/\/zamphelmets.co\/it\/posti-hans-dispositivi-hans-e-fhr\/#primaryimage","url":"https:\/\/zamphelmets.co\/wp-content\/uploads\/2019\/11\/sim_ak1131-12s-1-300x300.jpg","contentUrl":"https:\/\/zamphelmets.co\/wp-content\/uploads\/2019\/11\/sim_ak1131-12s-1-300x300.jpg"},{"@type":"WebSite","@id":"https:\/\/zamphelmets.co\/it\/#website","url":"https:\/\/zamphelmets.co\/it\/","name":"Zamp Helmets | Helmet 28 EU","description":"High Quality Motorsport Helmets","potentialAction":[{"@type":"SearchAction","target":{"@type":"EntryPoint","urlTemplate":"https:\/\/zamphelmets.co\/it\/?s={search_term_string}"},"query-input":{"@type":"PropertyValueSpecification","valueRequired":true,"valueName":"search_term_string"}}],"inLanguage":"it-IT"}]}},"_links":{"self":[{"href":"https:\/\/zamphelmets.co\/it\/wp-json\/wp\/v2\/pages\/21994","targetHints":{"allow":["GET"]}}],"collection":[{"href":"https:\/\/zamphelmets.co\/it\/wp-json\/wp\/v2\/pages"}],"about":[{"href":"https:\/\/zamphelmets.co\/it\/wp-json\/wp\/v2\/types\/page"}],"author":[{"embeddable":true,"href":"https:\/\/zamphelmets.co\/it\/wp-json\/wp\/v2\/users\/2"}],"replies":[{"embeddable":true,"href":"https:\/\/zamphelmets.co\/it\/wp-json\/wp\/v2\/comments?post=21994"}],"version-history":[{"count":1,"href":"https:\/\/zamphelmets.co\/it\/wp-json\/wp\/v2\/pages\/21994\/revisions"}],"predecessor-version":[{"id":203522,"href":"https:\/\/zamphelmets.co\/it\/wp-json\/wp\/v2\/pages\/21994\/revisions\/203522"}],"wp:attachment":[{"href":"https:\/\/zamphelmets.co\/it\/wp-json\/wp\/v2\/media?parent=21994"}],"curies":[{"name":"wp","href":"https:\/\/api.w.org\/{rel}","templated":true}]}}