{"id":21973,"date":"2020-03-11T15:48:13","date_gmt":"2020-03-11T15:48:13","guid":{"rendered":"https:\/\/zamphelmets.co\/guida-alla-visiera-zamp\/"},"modified":"2020-03-11T15:48:13","modified_gmt":"2020-03-11T15:48:13","slug":"guida-alla-visiera-zamp","status":"publish","type":"page","link":"https:\/\/zamphelmets.co\/it\/guida-alla-visiera-zamp\/","title":{"rendered":"Guida alla visiera Zamp"},"content":{"rendered":"<p>Con 10 visiere Zamp after-market tra cui scegliere, non mancano i set-up per il casco.<\/p>\n<p><img decoding=\"async\" class=\"alignnone size-medium wp-image-1448 lazyload\" data-src=\"https:\/\/zamphelmets.co\/wp-content\/uploads\/sites\/3\/2020\/03\/Z20-Prism-Gold-300x300.jpg\" alt=\"\" width=\"300\" height=\"300\" data-srcset=\"https:\/\/zamphelmets.co\/wp-content\/uploads\/2020\/03\/Z20-Prism-Gold-300x300.jpg 300w, https:\/\/zamphelmets.co\/wp-content\/uploads\/2020\/03\/Z20-Prism-Gold-150x150.jpg 150w, https:\/\/zamphelmets.co\/wp-content\/uploads\/2020\/03\/Z20-Prism-Gold-768x768.jpg 768w, https:\/\/zamphelmets.co\/wp-content\/uploads\/2020\/03\/Z20-Prism-Gold-600x600.jpg 600w, https:\/\/zamphelmets.co\/wp-content\/uploads\/2020\/03\/Z20-Prism-Gold-100x100.jpg 100w, https:\/\/zamphelmets.co\/wp-content\/uploads\/2020\/03\/Z20-Prism-Gold.jpg 1000w\" data-sizes=\"(max-width: 300px) 100vw, 300px\" src=\"data:image\/svg+xml;base64,PHN2ZyB3aWR0aD0iMSIgaGVpZ2h0PSIxIiB4bWxucz0iaHR0cDovL3d3dy53My5vcmcvMjAwMC9zdmciPjwvc3ZnPg==\" style=\"--smush-placeholder-width: 300px; --smush-placeholder-aspect-ratio: 300\/300;\" \/><img decoding=\"async\" class=\"alignnone size-medium wp-image-1450 lazyload\" data-src=\"https:\/\/zamphelmets.co\/wp-content\/uploads\/sites\/3\/2020\/03\/HASZ20RP-1-300x300.jpg\" alt=\"\" width=\"300\" height=\"300\" data-srcset=\"https:\/\/zamphelmets.co\/wp-content\/uploads\/2020\/03\/HASZ20RP-1-300x300.jpg 300w, https:\/\/zamphelmets.co\/wp-content\/uploads\/2020\/03\/HASZ20RP-1-150x150.jpg 150w, https:\/\/zamphelmets.co\/wp-content\/uploads\/2020\/03\/HASZ20RP-1-768x768.jpg 768w, https:\/\/zamphelmets.co\/wp-content\/uploads\/2020\/03\/HASZ20RP-1-600x600.jpg 600w, https:\/\/zamphelmets.co\/wp-content\/uploads\/2020\/03\/HASZ20RP-1-100x100.jpg 100w, https:\/\/zamphelmets.co\/wp-content\/uploads\/2020\/03\/HASZ20RP-1.jpg 1000w\" data-sizes=\"(max-width: 300px) 100vw, 300px\" src=\"data:image\/svg+xml;base64,PHN2ZyB3aWR0aD0iMSIgaGVpZ2h0PSIxIiB4bWxucz0iaHR0cDovL3d3dy53My5vcmcvMjAwMC9zdmciPjwvc3ZnPg==\" style=\"--smush-placeholder-width: 300px; --smush-placeholder-aspect-ratio: 300\/300;\" \/><\/p>\n<p>Innanzitutto, \u00e8 importante sapere che la <a href=\"https:\/\/zamphelmets.co\/it\/prodotto\/visiere-z20\/\">gamma di visiere Z20<\/a> \u00e8 compatibile con tutti i caschi elencati:<\/p>\n<p>-RZ 44CE (Grafica)<\/p>\n<p>-RZ 70E<\/p>\n<p>-RZ 42<\/p>\n<p>-RZ 35E<\/p>\n<p>-RZ 58<\/p>\n<p>-RZ 42Y<\/p>\n<p>Le <a href=\"https:\/\/zamphelmets.co\/it\/prodotto\/visiere-z20\/\">visiere Z20<\/a> hanno uno spessore di 3 mm, sono omologate FIA e includono supporti a strappo gi\u00e0 montati. I prezzi vanno da soli 34,99\u20ac a 59,99\u20ac. Zamp offre anche <a href=\"https:\/\/zamphelmets.co\/it\/prodotto\/serie-z20-visiere-antifog\/\">visiere antiappannamento di qualit\u00e0 superiore<\/a> sia in versione trasparente che fum\u00e9 scuro. Il rivestimento antiappannamento assicura che la visiera rimanga trasparente anche nelle condizioni pi\u00f9 umide, in modo che tu possa tenere gli occhi concentrati sulla strada.<\/p>\n<p>Una visiera after-market pu\u00f2 aiutare a fornire le massime prestazioni in tutte le condizioni di gara. Di seguito abbiamo elencato alcune condizioni e le visiere che suggeriamo.<\/p>\n<p><strong>Luce scarsa \/ Nebbia: <\/strong>se devi gareggiare in condizioni di scarsa luminosit\u00e0, la soluzione migliore \u00e8 la visiera Z20 AMBER. Questa visiera \u00e8 stata progettata appositamente per mettere a fuoco e rendere pi\u00f9 chiara la tua visione.<\/p>\n<p><img decoding=\"async\" class=\"alignnone size-medium wp-image-1451 lazyload\" data-src=\"https:\/\/zamphelmets.co\/wp-content\/uploads\/sites\/3\/2020\/03\/Z20-amber-300x300.jpg\" alt=\"\" width=\"300\" height=\"300\" data-srcset=\"https:\/\/zamphelmets.co\/wp-content\/uploads\/2020\/03\/Z20-amber-300x300.jpg 300w, https:\/\/zamphelmets.co\/wp-content\/uploads\/2020\/03\/Z20-amber-1024x1024.jpg 1024w, https:\/\/zamphelmets.co\/wp-content\/uploads\/2020\/03\/Z20-amber-150x150.jpg 150w, https:\/\/zamphelmets.co\/wp-content\/uploads\/2020\/03\/Z20-amber-768x768.jpg 768w, https:\/\/zamphelmets.co\/wp-content\/uploads\/2020\/03\/Z20-amber-600x600.jpg 600w, https:\/\/zamphelmets.co\/wp-content\/uploads\/2020\/03\/Z20-amber-100x100.jpg 100w, https:\/\/zamphelmets.co\/wp-content\/uploads\/2020\/03\/Z20-amber.jpg 1450w\" data-sizes=\"(max-width: 300px) 100vw, 300px\" src=\"data:image\/svg+xml;base64,PHN2ZyB3aWR0aD0iMSIgaGVpZ2h0PSIxIiB4bWxucz0iaHR0cDovL3d3dy53My5vcmcvMjAwMC9zdmciPjwvc3ZnPg==\" style=\"--smush-placeholder-width: 300px; --smush-placeholder-aspect-ratio: 300\/300;\" \/><\/p>\n<p><strong>Bagnato<\/strong>: Anche in questo caso la visiera Z20 AMBER di cui sopra \u00e8 un&#8217;ottima opzione per le gare sul bagnato. Un&#8217;altra opzione da prendere in considerazione \u00e8 la gamma ANTI-FOG, in versione CLEAR o DARK SMOKE.<\/p>\n<p><strong>Sole \/ Luminosit\u00e0<\/strong>: Zamp offre una serie di visiere per queste condizioni che variano sia nell&#8217;aspetto che nel livello di oscuramento. Di seguito sono elencati dal livello di tinta pi\u00f9 basso a quello pi\u00f9 alto:<\/p>\n<p>-Fumo<\/p>\n<p>-Iridium<\/p>\n<p>-Specchio d&#8217;argento<\/p>\n<p>-Prisma (rosso\/oro\/blu)<\/p>\n<p>-Fumo scuro<\/p>\n<p>Una <a href=\"https:\/\/zamphelmets.co\/it\/prodotto\/visiere-z20\/\">visiera Z20<\/a> pu\u00f2 anche essere un modo brillante per migliorare l&#8217;aspetto della tua visiera. Sia che tu voglia abbinarlo alla grafica del tuo casco, sia che tu voglia completare i colori della tua tuta da gara, con cos\u00ec tante opzioni tra cui scegliere non sarai a corto di opzioni.<\/p>\n<p>L&#8217;ultima considerazione quando si tratta di personalizzazione \u00e8 l&#8217;aggiunta di alcune <a href=\"https:\/\/zamphelmets.co\/product\/zamp-shield-retention-kit\/\">viti per visiera anodizzate Zamp<\/a>. Disponibili in 7 colori, queste viti sono un&#8217;opzione brillante e conveniente a soli 14,95\u20ac per dare ancora pi\u00f9 colore ed emozione al tuo casco.<\/p>\n<p><img decoding=\"async\" class=\"alignnone size-medium wp-image-1386 lazyload\" data-src=\"https:\/\/zamphelmets.co\/wp-content\/uploads\/sites\/3\/2019\/11\/Zamp-Shield-Retention-Kit_0003-300x200.jpg\" alt=\"\" width=\"300\" height=\"200\" data-srcset=\"https:\/\/zamphelmets.co\/wp-content\/uploads\/2019\/11\/Zamp-Shield-Retention-Kit_0003-300x200.jpg 300w, https:\/\/zamphelmets.co\/wp-content\/uploads\/2019\/11\/Zamp-Shield-Retention-Kit_0003-1024x683.jpg 1024w, https:\/\/zamphelmets.co\/wp-content\/uploads\/2019\/11\/Zamp-Shield-Retention-Kit_0003-768x512.jpg 768w, https:\/\/zamphelmets.co\/wp-content\/uploads\/2019\/11\/Zamp-Shield-Retention-Kit_0003-1536x1024.jpg 1536w, https:\/\/zamphelmets.co\/wp-content\/uploads\/2019\/11\/Zamp-Shield-Retention-Kit_0003-600x400.jpg 600w, https:\/\/zamphelmets.co\/wp-content\/uploads\/2019\/11\/Zamp-Shield-Retention-Kit_0003.jpg 2048w\" data-sizes=\"(max-width: 300px) 100vw, 300px\" src=\"data:image\/svg+xml;base64,PHN2ZyB3aWR0aD0iMSIgaGVpZ2h0PSIxIiB4bWxucz0iaHR0cDovL3d3dy53My5vcmcvMjAwMC9zdmciPjwvc3ZnPg==\" style=\"--smush-placeholder-width: 300px; --smush-placeholder-aspect-ratio: 300\/200;\" \/> <img decoding=\"async\" class=\"alignnone size-medium wp-image-1387 lazyload\" data-src=\"https:\/\/zamphelmets.co\/wp-content\/uploads\/sites\/3\/2019\/11\/Zamp-Shield-Retention-Kit_0004-300x200.jpg\" alt=\"\" width=\"300\" height=\"200\" data-srcset=\"https:\/\/zamphelmets.co\/wp-content\/uploads\/2019\/11\/Zamp-Shield-Retention-Kit_0004-300x200.jpg 300w, https:\/\/zamphelmets.co\/wp-content\/uploads\/2019\/11\/Zamp-Shield-Retention-Kit_0004-1024x683.jpg 1024w, https:\/\/zamphelmets.co\/wp-content\/uploads\/2019\/11\/Zamp-Shield-Retention-Kit_0004-768x512.jpg 768w, https:\/\/zamphelmets.co\/wp-content\/uploads\/2019\/11\/Zamp-Shield-Retention-Kit_0004-1536x1024.jpg 1536w, https:\/\/zamphelmets.co\/wp-content\/uploads\/2019\/11\/Zamp-Shield-Retention-Kit_0004-600x400.jpg 600w, https:\/\/zamphelmets.co\/wp-content\/uploads\/2019\/11\/Zamp-Shield-Retention-Kit_0004.jpg 2048w\" data-sizes=\"(max-width: 300px) 100vw, 300px\" src=\"data:image\/svg+xml;base64,PHN2ZyB3aWR0aD0iMSIgaGVpZ2h0PSIxIiB4bWxucz0iaHR0cDovL3d3dy53My5vcmcvMjAwMC9zdmciPjwvc3ZnPg==\" style=\"--smush-placeholder-width: 300px; --smush-placeholder-aspect-ratio: 300\/200;\" \/> <img decoding=\"async\" class=\"alignnone size-medium wp-image-1388 lazyload\" data-src=\"https:\/\/zamphelmets.co\/wp-content\/uploads\/sites\/3\/2019\/11\/Zamp-Shield-Retention-Kit_0005-300x200.jpg\" alt=\"\" width=\"300\" height=\"200\" data-srcset=\"https:\/\/zamphelmets.co\/wp-content\/uploads\/2019\/11\/Zamp-Shield-Retention-Kit_0005-300x200.jpg 300w, https:\/\/zamphelmets.co\/wp-content\/uploads\/2019\/11\/Zamp-Shield-Retention-Kit_0005-1024x683.jpg 1024w, https:\/\/zamphelmets.co\/wp-content\/uploads\/2019\/11\/Zamp-Shield-Retention-Kit_0005-768x512.jpg 768w, https:\/\/zamphelmets.co\/wp-content\/uploads\/2019\/11\/Zamp-Shield-Retention-Kit_0005-1536x1024.jpg 1536w, https:\/\/zamphelmets.co\/wp-content\/uploads\/2019\/11\/Zamp-Shield-Retention-Kit_0005-600x400.jpg 600w, https:\/\/zamphelmets.co\/wp-content\/uploads\/2019\/11\/Zamp-Shield-Retention-Kit_0005.jpg 2048w\" data-sizes=\"(max-width: 300px) 100vw, 300px\" src=\"data:image\/svg+xml;base64,PHN2ZyB3aWR0aD0iMSIgaGVpZ2h0PSIxIiB4bWxucz0iaHR0cDovL3d3dy53My5vcmcvMjAwMC9zdmciPjwvc3ZnPg==\" style=\"--smush-placeholder-width: 300px; --smush-placeholder-aspect-ratio: 300\/200;\" \/><img decoding=\"async\" class=\"alignnone size-medium wp-image-1389 lazyload\" data-src=\"https:\/\/zamphelmets.co\/wp-content\/uploads\/sites\/3\/2019\/11\/Zamp-Shield-Retention-Kit_0006-300x200.jpg\" alt=\"\" width=\"300\" height=\"200\" data-srcset=\"https:\/\/zamphelmets.co\/wp-content\/uploads\/2019\/11\/Zamp-Shield-Retention-Kit_0006-300x200.jpg 300w, https:\/\/zamphelmets.co\/wp-content\/uploads\/2019\/11\/Zamp-Shield-Retention-Kit_0006-1024x683.jpg 1024w, https:\/\/zamphelmets.co\/wp-content\/uploads\/2019\/11\/Zamp-Shield-Retention-Kit_0006-768x512.jpg 768w, https:\/\/zamphelmets.co\/wp-content\/uploads\/2019\/11\/Zamp-Shield-Retention-Kit_0006-1536x1024.jpg 1536w, https:\/\/zamphelmets.co\/wp-content\/uploads\/2019\/11\/Zamp-Shield-Retention-Kit_0006-600x400.jpg 600w, https:\/\/zamphelmets.co\/wp-content\/uploads\/2019\/11\/Zamp-Shield-Retention-Kit_0006.jpg 2048w\" data-sizes=\"(max-width: 300px) 100vw, 300px\" src=\"data:image\/svg+xml;base64,PHN2ZyB3aWR0aD0iMSIgaGVpZ2h0PSIxIiB4bWxucz0iaHR0cDovL3d3dy53My5vcmcvMjAwMC9zdmciPjwvc3ZnPg==\" style=\"--smush-placeholder-width: 300px; --smush-placeholder-aspect-ratio: 300\/200;\" \/><\/p>\n<p>Se hai altre domande sulle visiere, non esitare a <a href=\"https:\/\/zamphelmets.co\/it\/contatto\/\">contattarci<\/a>!<\/p>\n","protected":false},"excerpt":{"rendered":"<p>Con 10 visiere Zamp after-market tra cui scegliere, non mancano i set-up per il casco. Innanzitutto, \u00e8 importante sapere che la gamma di visiere Z20 \u00e8 compatibile con tutti i caschi elencati: -RZ 44CE (Grafica) -RZ 70E -RZ 42 -RZ 35E -RZ 58 -RZ 42Y Le visiere Z20 hanno uno spessore di 3 mm, sono [&hellip;]<\/p>\n","protected":false},"author":2,"featured_media":0,"parent":0,"menu_order":0,"comment_status":"closed","ping_status":"closed","template":"templates\/fullwidth.php","meta":{"_acf_changed":false,"footnotes":""},"class_list":["post-21973","page","type-page","status-publish","hentry"],"acf":[],"yoast_head":"<!-- This site is optimized with the Yoast SEO plugin v27.0 - https:\/\/yoast.com\/product\/yoast-seo-wordpress\/ -->\n<title>Guida alla visiera Zamp - Z20 Visors - Zamp Helmets | Helmet 28 EU<\/title>\n<meta name=\"description\" content=\"La gamma di visiere Zamp Z20 \u00e8 compatibile con tutti i caschi elencati sul nostro sito. Una visiera aftermarket \u00e8 un ottimo modo per personalizzare il tuo casco per il giorno della gara.\" \/>\n<meta name=\"robots\" content=\"index, follow, max-snippet:-1, max-image-preview:large, max-video-preview:-1\" \/>\n<link rel=\"canonical\" href=\"https:\/\/zamphelmets.co\/it\/guida-alla-visiera-zamp\/\" \/>\n<meta property=\"og:locale\" content=\"it_IT\" \/>\n<meta property=\"og:type\" content=\"article\" \/>\n<meta property=\"og:title\" content=\"Guida alla visiera Zamp - Z20 Visors - Zamp Helmets | Helmet 28 EU\" \/>\n<meta property=\"og:description\" content=\"La gamma di visiere Zamp Z20 \u00e8 compatibile con tutti i caschi elencati sul nostro sito. Una visiera aftermarket \u00e8 un ottimo modo per personalizzare il tuo casco per il giorno della gara.\" \/>\n<meta property=\"og:url\" content=\"https:\/\/zamphelmets.co\/it\/guida-alla-visiera-zamp\/\" \/>\n<meta property=\"og:site_name\" content=\"Zamp Helmets | Helmet 28 EU\" \/>\n<meta property=\"og:image\" content=\"https:\/\/zamphelmets.co\/wp-content\/uploads\/sites\/3\/2020\/03\/Z20-Prism-Gold-300x300.jpg\" \/>\n<meta name=\"twitter:card\" content=\"summary_large_image\" \/>\n<meta name=\"twitter:label1\" content=\"Est. reading time\" \/>\n\t<meta name=\"twitter:data1\" content=\"2 minuti\" \/>\n<script type=\"application\/ld+json\" class=\"yoast-schema-graph\">{\"@context\":\"https:\/\/schema.org\",\"@graph\":[{\"@type\":\"WebPage\",\"@id\":\"https:\/\/zamphelmets.co\/it\/guida-alla-visiera-zamp\/\",\"url\":\"https:\/\/zamphelmets.co\/it\/guida-alla-visiera-zamp\/\",\"name\":\"Guida alla visiera Zamp - Z20 Visors - Zamp Helmets | Helmet 28 EU\",\"isPartOf\":{\"@id\":\"https:\/\/zamphelmets.co\/it\/#website\"},\"primaryImageOfPage\":{\"@id\":\"https:\/\/zamphelmets.co\/it\/guida-alla-visiera-zamp\/#primaryimage\"},\"image\":{\"@id\":\"https:\/\/zamphelmets.co\/it\/guida-alla-visiera-zamp\/#primaryimage\"},\"thumbnailUrl\":\"https:\/\/zamphelmets.co\/wp-content\/uploads\/sites\/3\/2020\/03\/Z20-Prism-Gold-300x300.jpg\",\"datePublished\":\"2020-03-11T15:48:13+00:00\",\"description\":\"La gamma di visiere Zamp Z20 \u00e8 compatibile con tutti i caschi elencati sul nostro sito. Una visiera aftermarket \u00e8 un ottimo modo per personalizzare il tuo casco per il giorno della gara.\",\"inLanguage\":\"it-IT\",\"potentialAction\":[{\"@type\":\"ReadAction\",\"target\":[\"https:\/\/zamphelmets.co\/it\/guida-alla-visiera-zamp\/\"]}]},{\"@type\":\"ImageObject\",\"inLanguage\":\"it-IT\",\"@id\":\"https:\/\/zamphelmets.co\/it\/guida-alla-visiera-zamp\/#primaryimage\",\"url\":\"https:\/\/zamphelmets.co\/wp-content\/uploads\/sites\/3\/2020\/03\/Z20-Prism-Gold-300x300.jpg\",\"contentUrl\":\"https:\/\/zamphelmets.co\/wp-content\/uploads\/sites\/3\/2020\/03\/Z20-Prism-Gold-300x300.jpg\"},{\"@type\":\"WebSite\",\"@id\":\"https:\/\/zamphelmets.co\/it\/#website\",\"url\":\"https:\/\/zamphelmets.co\/it\/\",\"name\":\"Zamp Helmets | Helmet 28 EU\",\"description\":\"High Quality Motorsport Helmets\",\"potentialAction\":[{\"@type\":\"SearchAction\",\"target\":{\"@type\":\"EntryPoint\",\"urlTemplate\":\"https:\/\/zamphelmets.co\/it\/?s={search_term_string}\"},\"query-input\":{\"@type\":\"PropertyValueSpecification\",\"valueRequired\":true,\"valueName\":\"search_term_string\"}}],\"inLanguage\":\"it-IT\"}]}<\/script>\n<!-- \/ Yoast SEO plugin. -->","yoast_head_json":{"title":"Guida alla visiera Zamp - Z20 Visors - Zamp Helmets | Helmet 28 EU","description":"La gamma di visiere Zamp Z20 \u00e8 compatibile con tutti i caschi elencati sul nostro sito. Una visiera aftermarket \u00e8 un ottimo modo per personalizzare il tuo casco per il giorno della gara.","robots":{"index":"index","follow":"follow","max-snippet":"max-snippet:-1","max-image-preview":"max-image-preview:large","max-video-preview":"max-video-preview:-1"},"canonical":"https:\/\/zamphelmets.co\/it\/guida-alla-visiera-zamp\/","og_locale":"it_IT","og_type":"article","og_title":"Guida alla visiera Zamp - Z20 Visors - Zamp Helmets | Helmet 28 EU","og_description":"La gamma di visiere Zamp Z20 \u00e8 compatibile con tutti i caschi elencati sul nostro sito. Una visiera aftermarket \u00e8 un ottimo modo per personalizzare il tuo casco per il giorno della gara.","og_url":"https:\/\/zamphelmets.co\/it\/guida-alla-visiera-zamp\/","og_site_name":"Zamp Helmets | Helmet 28 EU","og_image":[{"url":"https:\/\/zamphelmets.co\/wp-content\/uploads\/sites\/3\/2020\/03\/Z20-Prism-Gold-300x300.jpg","type":"","width":"","height":""}],"twitter_card":"summary_large_image","twitter_misc":{"Est. reading time":"2 minuti"},"schema":{"@context":"https:\/\/schema.org","@graph":[{"@type":"WebPage","@id":"https:\/\/zamphelmets.co\/it\/guida-alla-visiera-zamp\/","url":"https:\/\/zamphelmets.co\/it\/guida-alla-visiera-zamp\/","name":"Guida alla visiera Zamp - Z20 Visors - Zamp Helmets | Helmet 28 EU","isPartOf":{"@id":"https:\/\/zamphelmets.co\/it\/#website"},"primaryImageOfPage":{"@id":"https:\/\/zamphelmets.co\/it\/guida-alla-visiera-zamp\/#primaryimage"},"image":{"@id":"https:\/\/zamphelmets.co\/it\/guida-alla-visiera-zamp\/#primaryimage"},"thumbnailUrl":"https:\/\/zamphelmets.co\/wp-content\/uploads\/sites\/3\/2020\/03\/Z20-Prism-Gold-300x300.jpg","datePublished":"2020-03-11T15:48:13+00:00","description":"La gamma di visiere Zamp Z20 \u00e8 compatibile con tutti i caschi elencati sul nostro sito. Una visiera aftermarket \u00e8 un ottimo modo per personalizzare il tuo casco per il giorno della gara.","inLanguage":"it-IT","potentialAction":[{"@type":"ReadAction","target":["https:\/\/zamphelmets.co\/it\/guida-alla-visiera-zamp\/"]}]},{"@type":"ImageObject","inLanguage":"it-IT","@id":"https:\/\/zamphelmets.co\/it\/guida-alla-visiera-zamp\/#primaryimage","url":"https:\/\/zamphelmets.co\/wp-content\/uploads\/sites\/3\/2020\/03\/Z20-Prism-Gold-300x300.jpg","contentUrl":"https:\/\/zamphelmets.co\/wp-content\/uploads\/sites\/3\/2020\/03\/Z20-Prism-Gold-300x300.jpg"},{"@type":"WebSite","@id":"https:\/\/zamphelmets.co\/it\/#website","url":"https:\/\/zamphelmets.co\/it\/","name":"Zamp Helmets | Helmet 28 EU","description":"High Quality Motorsport Helmets","potentialAction":[{"@type":"SearchAction","target":{"@type":"EntryPoint","urlTemplate":"https:\/\/zamphelmets.co\/it\/?s={search_term_string}"},"query-input":{"@type":"PropertyValueSpecification","valueRequired":true,"valueName":"search_term_string"}}],"inLanguage":"it-IT"}]}},"_links":{"self":[{"href":"https:\/\/zamphelmets.co\/it\/wp-json\/wp\/v2\/pages\/21973","targetHints":{"allow":["GET"]}}],"collection":[{"href":"https:\/\/zamphelmets.co\/it\/wp-json\/wp\/v2\/pages"}],"about":[{"href":"https:\/\/zamphelmets.co\/it\/wp-json\/wp\/v2\/types\/page"}],"author":[{"embeddable":true,"href":"https:\/\/zamphelmets.co\/it\/wp-json\/wp\/v2\/users\/2"}],"replies":[{"embeddable":true,"href":"https:\/\/zamphelmets.co\/it\/wp-json\/wp\/v2\/comments?post=21973"}],"version-history":[{"count":0,"href":"https:\/\/zamphelmets.co\/it\/wp-json\/wp\/v2\/pages\/21973\/revisions"}],"wp:attachment":[{"href":"https:\/\/zamphelmets.co\/it\/wp-json\/wp\/v2\/media?parent=21973"}],"curies":[{"name":"wp","href":"https:\/\/api.w.org\/{rel}","templated":true}]}}